{"id":78473,"date":"2026-05-15T09:29:41","date_gmt":"2026-05-15T06:29:41","guid":{"rendered":"https:\/\/www.malinashop.lt\/shop\/paese-glowerous-kreminiai-skaistalai-milk-rose-12-ml\/"},"modified":"2026-05-15T09:59:25","modified_gmt":"2026-05-15T06:59:25","slug":"paese-glowerous-kreminiai-skaistalai-milk-rose-12-ml","status":"publish","type":"product","link":"https:\/\/www.malinashop.lt\/lt_lt\/shop\/paese-glowerous-kreminiai-skaistalai-milk-rose-12-ml\/","title":{"rendered":"PAESE GLOWEROUS kreminiai skaistalai Milk Rose, 12 ml"},"content":{"rendered":"<p>PAESE GLOWEROUS kreminiai skaistalai Milk Rose \u2014 prabang\u016bs kreminiai skaistalai \u0161ilto pieni\u0161ko ro\u017einio atspalvio, suteikiantys skruostams kremi\u0161k\u0105 \u0161vyt\u0117jim\u0105 ir nat\u016bralios odos sveikat\u0105. GLOWEROUS serijos kreminiai skaistalai pasi\u017eymi intensyviu blizgesiu ir prabanga.<\/p>\n<p>Formul\u0117 mink\u0161ta, lengvai tepama pir\u0161tais ar teptukeliu, ir puikiai derasi su oda. Sukuria nat\u016braliai atrodant\u012f skaisum\u0105 su puikiomis dr\u0117kinan\u010diomis savyb\u0117mis l\u016bpoms ir skruostams.<\/p>\n<h3>Paggindiniai privalumai<\/h3>\n<ul>\n<li>\u0160iltas pieni\u0161ko ro\u017einis Milk Rose atspalvis<\/li>\n<li>Kremi\u0161kas \u0161vyt\u0117jimas<\/li>\n<li>Lengvai tepama kremin\u0117 formul\u0117<\/li>\n<li>Dr\u0117kinan\u010dios savyb\u0117s<\/li>\n<li>GLOWEROUS serijos prabangus efektas<\/li>\n<\/ul>\n<h3>Naudojimas<\/h3>\n<p>Pir\u0161tais arba teptukeliu tepkite ant skruost\u0173 kaul\u0173 ir sumai\u0161ykite lengvomis judesiomis. Naudokite po makia\u017eo pagrindu arba vir\u0161 jo.<\/p>\n","protected":false},"excerpt":{"rendered":"<p>Kreminiai skaistalai PAESE GLOWEROUS Milk Rose \u2014 \u0161iltas ro\u017einis pieni\u0161ko tono atspalvis kremin\u0119 formul\u0117 suteikia skruostams kremi\u0161k\u0105 \u0161vyt\u0117jim\u0105.<\/p>\n","protected":false},"featured_media":78472,"comment_status":"open","ping_status":"closed","template":"","meta":[],"product_brand":[1534],"product_cat":[102,526],"product_tag":[],"class_list":{"0":"post-78473","1":"product","2":"type-product","3":"status-publish","4":"has-post-thumbnail","6":"product_brand-paese","7":"product_cat-dekoratyvine-kosmetika","8":"product_cat-skaistalai","10":"first","11":"instock","12":"taxable","13":"shipping-taxable","14":"purchasable","15":"product-type-simple"},"yoast_head":"<!-- This site is optimized with the Yoast SEO plugin v27.6 - https:\/\/yoast.com\/product\/yoast-seo-wordpress\/ -->\n<title>PAESE GLOWEROUS kreminiai skaistalai Milk Rose, 12 ml - MalinaShop.lt J\u016bs\u0173 sveikatai ir gro\u017eiui.<\/title>\n<meta name=\"description\" content=\"Kreminiai skaistalai PAESE GLOWEROUS Milk Rose \u2014 \u0161iltas ro\u017einis pieni\u0161ko tono atspalvis kremin\u0119 formul\u0117 suteikia skruostams kremi\u0161k\u0105 \u0161vyt\u0117jim\u0105.\" \/>\n<meta name=\"robots\" content=\"index, follow, max-snippet:-1, max-image-preview:large, max-video-preview:-1\" \/>\n<link rel=\"canonical\" href=\"https:\/\/www.malinashop.lt\/lt_lt\/shop\/paese-glowerous-kreminiai-skaistalai-milk-rose-12-ml\/\" \/>\n<meta property=\"og:locale\" content=\"lt_LT\" \/>\n<meta property=\"og:type\" content=\"article\" \/>\n<meta property=\"og:title\" content=\"PAESE GLOWEROUS kreminiai skaistalai Milk Rose, 12 ml - MalinaShop.lt J\u016bs\u0173 sveikatai ir gro\u017eiui.\" \/>\n<meta property=\"og:description\" content=\"Kreminiai skaistalai PAESE GLOWEROUS Milk Rose \u2014 \u0161iltas ro\u017einis pieni\u0161ko tono atspalvis kremin\u0119 formul\u0117 suteikia skruostams kremi\u0161k\u0105 \u0161vyt\u0117jim\u0105.\" \/>\n<meta property=\"og:url\" content=\"https:\/\/www.malinashop.lt\/lt_lt\/shop\/paese-glowerous-kreminiai-skaistalai-milk-rose-12-ml\/\" \/>\n<meta property=\"og:site_name\" content=\"MalinaShop.lt J\u016bs\u0173 sveikatai ir gro\u017eiui.\" \/>\n<meta property=\"article:modified_time\" content=\"2026-05-15T06:59:25+00:00\" \/>\n<meta property=\"og:image\" content=\"https:\/\/www.malinashop.lt\/wp-content\/uploads\/2026\/05\/5902627625435.jpg\" \/>\n\t<meta property=\"og:image:width\" content=\"1000\" \/>\n\t<meta property=\"og:image:height\" content=\"1000\" \/>\n\t<meta property=\"og:image:type\" content=\"image\/jpeg\" \/>\n<meta name=\"twitter:card\" content=\"summary_large_image\" \/>\n<script type=\"application\/ld+json\" class=\"yoast-schema-graph\">{\"@context\":\"https:\\\/\\\/schema.org\",\"@graph\":[{\"@type\":\"WebPage\",\"@id\":\"https:\\\/\\\/www.malinashop.lt\\\/shop\\\/paese-glowerous-kreminiai-skaistalai-milk-rose-12-ml\\\/\",\"url\":\"https:\\\/\\\/www.malinashop.lt\\\/shop\\\/paese-glowerous-kreminiai-skaistalai-milk-rose-12-ml\\\/\",\"name\":\"PAESE GLOWEROUS kreminiai skaistalai Milk Rose, 12 ml - MalinaShop.lt J\u016bs\u0173 sveikatai ir gro\u017eiui.\",\"isPartOf\":{\"@id\":\"https:\\\/\\\/www.malinashop.lt\\\/#website\"},\"primaryImageOfPage\":{\"@id\":\"https:\\\/\\\/www.malinashop.lt\\\/shop\\\/paese-glowerous-kreminiai-skaistalai-milk-rose-12-ml\\\/#primaryimage\"},\"image\":{\"@id\":\"https:\\\/\\\/www.malinashop.lt\\\/shop\\\/paese-glowerous-kreminiai-skaistalai-milk-rose-12-ml\\\/#primaryimage\"},\"thumbnailUrl\":\"https:\\\/\\\/www.malinashop.lt\\\/wp-content\\\/uploads\\\/2026\\\/05\\\/5902627625435.jpg\",\"datePublished\":\"2026-05-15T06:29:41+00:00\",\"dateModified\":\"2026-05-15T06:59:25+00:00\",\"description\":\"Kreminiai skaistalai PAESE GLOWEROUS Milk Rose \u2014 \u0161iltas ro\u017einis pieni\u0161ko tono atspalvis kremin\u0119 formul\u0117 suteikia skruostams kremi\u0161k\u0105 \u0161vyt\u0117jim\u0105.\",\"breadcrumb\":{\"@id\":\"https:\\\/\\\/www.malinashop.lt\\\/shop\\\/paese-glowerous-kreminiai-skaistalai-milk-rose-12-ml\\\/#breadcrumb\"},\"inLanguage\":\"lt-LT\",\"potentialAction\":[{\"@type\":\"ReadAction\",\"target\":[\"https:\\\/\\\/www.malinashop.lt\\\/shop\\\/paese-glowerous-kreminiai-skaistalai-milk-rose-12-ml\\\/\"]}]},{\"@type\":\"ImageObject\",\"inLanguage\":\"lt-LT\",\"@id\":\"https:\\\/\\\/www.malinashop.lt\\\/shop\\\/paese-glowerous-kreminiai-skaistalai-milk-rose-12-ml\\\/#primaryimage\",\"url\":\"https:\\\/\\\/www.malinashop.lt\\\/wp-content\\\/uploads\\\/2026\\\/05\\\/5902627625435.jpg\",\"contentUrl\":\"https:\\\/\\\/www.malinashop.lt\\\/wp-content\\\/uploads\\\/2026\\\/05\\\/5902627625435.jpg\",\"width\":1000,\"height\":1000},{\"@type\":\"BreadcrumbList\",\"@id\":\"https:\\\/\\\/www.malinashop.lt\\\/shop\\\/paese-glowerous-kreminiai-skaistalai-milk-rose-12-ml\\\/#breadcrumb\",\"itemListElement\":[{\"@type\":\"ListItem\",\"position\":1,\"name\":\"Pagrindinis\",\"item\":\"https:\\\/\\\/www.malinashop.lt\\\/\"},{\"@type\":\"ListItem\",\"position\":2,\"name\":\"Parduotuv\u0117\",\"item\":\"https:\\\/\\\/www.malinashop.lt\\\/en\\\/parduotuve\\\/\"},{\"@type\":\"ListItem\",\"position\":3,\"name\":\"PAESE GLOWEROUS kreminiai skaistalai Milk Rose, 12 ml\"}]},{\"@type\":\"WebSite\",\"@id\":\"https:\\\/\\\/www.malinashop.lt\\\/#website\",\"url\":\"https:\\\/\\\/www.malinashop.lt\\\/\",\"name\":\"COM Group Ecommerce\",\"description\":\"MalinaShop.lt - Gro\u017eio ir sveikatos produktai i\u0161 patikim\u0173 preki\u0173 \u017eenkl\u0173. Atraskite auk\u0161tos kokyb\u0117s kosmetik\u0105 u\u017e puiki\u0105 kain\u0105.\",\"publisher\":{\"@id\":\"https:\\\/\\\/www.malinashop.lt\\\/#organization\"},\"potentialAction\":[{\"@type\":\"SearchAction\",\"target\":{\"@type\":\"EntryPoint\",\"urlTemplate\":\"https:\\\/\\\/www.malinashop.lt\\\/?s={search_term_string}\"},\"query-input\":{\"@type\":\"PropertyValueSpecification\",\"valueRequired\":true,\"valueName\":\"search_term_string\"}}],\"inLanguage\":\"lt-LT\"},{\"@type\":\"Organization\",\"@id\":\"https:\\\/\\\/www.malinashop.lt\\\/#organization\",\"name\":\"COM Group Ecommerce\",\"url\":\"https:\\\/\\\/www.malinashop.lt\\\/\",\"logo\":{\"@type\":\"ImageObject\",\"inLanguage\":\"lt-LT\",\"@id\":\"https:\\\/\\\/www.malinashop.lt\\\/#\\\/schema\\\/logo\\\/image\\\/\",\"url\":\"https:\\\/\\\/www.malinashop.lt\\\/wp-content\\\/uploads\\\/2024\\\/08\\\/462559670_3787732518133670_9795632669273463_n-e1731525914575.png\",\"contentUrl\":\"https:\\\/\\\/www.malinashop.lt\\\/wp-content\\\/uploads\\\/2024\\\/08\\\/462559670_3787732518133670_9795632669273463_n-e1731525914575.png\",\"width\":180,\"height\":60,\"caption\":\"COM Group Ecommerce\"},\"image\":{\"@id\":\"https:\\\/\\\/www.malinashop.lt\\\/#\\\/schema\\\/logo\\\/image\\\/\"}}]}<\/script>\n<!-- \/ Yoast SEO plugin. -->","yoast_head_json":{"title":"PAESE GLOWEROUS kreminiai skaistalai Milk Rose, 12 ml - MalinaShop.lt J\u016bs\u0173 sveikatai ir gro\u017eiui.","description":"Kreminiai skaistalai PAESE GLOWEROUS Milk Rose \u2014 \u0161iltas ro\u017einis pieni\u0161ko tono atspalvis kremin\u0119 formul\u0117 suteikia skruostams kremi\u0161k\u0105 \u0161vyt\u0117jim\u0105.","robots":{"index":"index","follow":"follow","max-snippet":"max-snippet:-1","max-image-preview":"max-image-preview:large","max-video-preview":"max-video-preview:-1"},"canonical":"https:\/\/www.malinashop.lt\/lt_lt\/shop\/paese-glowerous-kreminiai-skaistalai-milk-rose-12-ml\/","og_locale":"lt_LT","og_type":"article","og_title":"PAESE GLOWEROUS kreminiai skaistalai Milk Rose, 12 ml - MalinaShop.lt J\u016bs\u0173 sveikatai ir gro\u017eiui.","og_description":"Kreminiai skaistalai PAESE GLOWEROUS Milk Rose \u2014 \u0161iltas ro\u017einis pieni\u0161ko tono atspalvis kremin\u0119 formul\u0117 suteikia skruostams kremi\u0161k\u0105 \u0161vyt\u0117jim\u0105.","og_url":"https:\/\/www.malinashop.lt\/lt_lt\/shop\/paese-glowerous-kreminiai-skaistalai-milk-rose-12-ml\/","og_site_name":"MalinaShop.lt J\u016bs\u0173 sveikatai ir gro\u017eiui.","article_modified_time":"2026-05-15T06:59:25+00:00","og_image":[{"width":1000,"height":1000,"url":"https:\/\/www.malinashop.lt\/wp-content\/uploads\/2026\/05\/5902627625435.jpg","type":"image\/jpeg"}],"twitter_card":"summary_large_image","schema":{"@context":"https:\/\/schema.org","@graph":[{"@type":"WebPage","@id":"https:\/\/www.malinashop.lt\/shop\/paese-glowerous-kreminiai-skaistalai-milk-rose-12-ml\/","url":"https:\/\/www.malinashop.lt\/shop\/paese-glowerous-kreminiai-skaistalai-milk-rose-12-ml\/","name":"PAESE GLOWEROUS kreminiai skaistalai Milk Rose, 12 ml - MalinaShop.lt J\u016bs\u0173 sveikatai ir gro\u017eiui.","isPartOf":{"@id":"https:\/\/www.malinashop.lt\/#website"},"primaryImageOfPage":{"@id":"https:\/\/www.malinashop.lt\/shop\/paese-glowerous-kreminiai-skaistalai-milk-rose-12-ml\/#primaryimage"},"image":{"@id":"https:\/\/www.malinashop.lt\/shop\/paese-glowerous-kreminiai-skaistalai-milk-rose-12-ml\/#primaryimage"},"thumbnailUrl":"https:\/\/www.malinashop.lt\/wp-content\/uploads\/2026\/05\/5902627625435.jpg","datePublished":"2026-05-15T06:29:41+00:00","dateModified":"2026-05-15T06:59:25+00:00","description":"Kreminiai skaistalai PAESE GLOWEROUS Milk Rose \u2014 \u0161iltas ro\u017einis pieni\u0161ko tono atspalvis kremin\u0119 formul\u0117 suteikia skruostams kremi\u0161k\u0105 \u0161vyt\u0117jim\u0105.","breadcrumb":{"@id":"https:\/\/www.malinashop.lt\/shop\/paese-glowerous-kreminiai-skaistalai-milk-rose-12-ml\/#breadcrumb"},"inLanguage":"lt-LT","potentialAction":[{"@type":"ReadAction","target":["https:\/\/www.malinashop.lt\/shop\/paese-glowerous-kreminiai-skaistalai-milk-rose-12-ml\/"]}]},{"@type":"ImageObject","inLanguage":"lt-LT","@id":"https:\/\/www.malinashop.lt\/shop\/paese-glowerous-kreminiai-skaistalai-milk-rose-12-ml\/#primaryimage","url":"https:\/\/www.malinashop.lt\/wp-content\/uploads\/2026\/05\/5902627625435.jpg","contentUrl":"https:\/\/www.malinashop.lt\/wp-content\/uploads\/2026\/05\/5902627625435.jpg","width":1000,"height":1000},{"@type":"BreadcrumbList","@id":"https:\/\/www.malinashop.lt\/shop\/paese-glowerous-kreminiai-skaistalai-milk-rose-12-ml\/#breadcrumb","itemListElement":[{"@type":"ListItem","position":1,"name":"Pagrindinis","item":"https:\/\/www.malinashop.lt\/"},{"@type":"ListItem","position":2,"name":"Parduotuv\u0117","item":"https:\/\/www.malinashop.lt\/en\/parduotuve\/"},{"@type":"ListItem","position":3,"name":"PAESE GLOWEROUS kreminiai skaistalai Milk Rose, 12 ml"}]},{"@type":"WebSite","@id":"https:\/\/www.malinashop.lt\/#website","url":"https:\/\/www.malinashop.lt\/","name":"COM Group Ecommerce","description":"MalinaShop.lt - Gro\u017eio ir sveikatos produktai i\u0161 patikim\u0173 preki\u0173 \u017eenkl\u0173. Atraskite auk\u0161tos kokyb\u0117s kosmetik\u0105 u\u017e puiki\u0105 kain\u0105.","publisher":{"@id":"https:\/\/www.malinashop.lt\/#organization"},"potentialAction":[{"@type":"SearchAction","target":{"@type":"EntryPoint","urlTemplate":"https:\/\/www.malinashop.lt\/?s={search_term_string}"},"query-input":{"@type":"PropertyValueSpecification","valueRequired":true,"valueName":"search_term_string"}}],"inLanguage":"lt-LT"},{"@type":"Organization","@id":"https:\/\/www.malinashop.lt\/#organization","name":"COM Group Ecommerce","url":"https:\/\/www.malinashop.lt\/","logo":{"@type":"ImageObject","inLanguage":"lt-LT","@id":"https:\/\/www.malinashop.lt\/#\/schema\/logo\/image\/","url":"https:\/\/www.malinashop.lt\/wp-content\/uploads\/2024\/08\/462559670_3787732518133670_9795632669273463_n-e1731525914575.png","contentUrl":"https:\/\/www.malinashop.lt\/wp-content\/uploads\/2024\/08\/462559670_3787732518133670_9795632669273463_n-e1731525914575.png","width":180,"height":60,"caption":"COM Group Ecommerce"},"image":{"@id":"https:\/\/www.malinashop.lt\/#\/schema\/logo\/image\/"}}]}},"jetpack_sharing_enabled":true,"_links":{"self":[{"href":"https:\/\/www.malinashop.lt\/lt_lt\/wp-json\/wp\/v2\/product\/78473","targetHints":{"allow":["GET"]}}],"collection":[{"href":"https:\/\/www.malinashop.lt\/lt_lt\/wp-json\/wp\/v2\/product"}],"about":[{"href":"https:\/\/www.malinashop.lt\/lt_lt\/wp-json\/wp\/v2\/types\/product"}],"replies":[{"embeddable":true,"href":"https:\/\/www.malinashop.lt\/lt_lt\/wp-json\/wp\/v2\/comments?post=78473"}],"version-history":[{"count":1,"href":"https:\/\/www.malinashop.lt\/lt_lt\/wp-json\/wp\/v2\/product\/78473\/revisions"}],"predecessor-version":[{"id":78516,"href":"https:\/\/www.malinashop.lt\/lt_lt\/wp-json\/wp\/v2\/product\/78473\/revisions\/78516"}],"wp:featuredmedia":[{"embeddable":true,"href":"https:\/\/www.malinashop.lt\/lt_lt\/wp-json\/wp\/v2\/media\/78472"}],"wp:attachment":[{"href":"https:\/\/www.malinashop.lt\/lt_lt\/wp-json\/wp\/v2\/media?parent=78473"}],"wp:term":[{"taxonomy":"product_brand","embeddable":true,"href":"https:\/\/www.malinashop.lt\/lt_lt\/wp-json\/wp\/v2\/product_brand?post=78473"},{"taxonomy":"product_cat","embeddable":true,"href":"https:\/\/www.malinashop.lt\/lt_lt\/wp-json\/wp\/v2\/product_cat?post=78473"},{"taxonomy":"product_tag","embeddable":true,"href":"https:\/\/www.malinashop.lt\/lt_lt\/wp-json\/wp\/v2\/product_tag?post=78473"}],"curies":[{"name":"wp","href":"https:\/\/api.w.org\/{rel}","templated":true}]}}