{"id":78471,"date":"2026-05-15T09:29:40","date_gmt":"2026-05-15T06:29:40","guid":{"rendered":"https:\/\/www.malinashop.lt\/shop\/paese-glowerous-akiu-pigmentas-gold-rose-2-g\/"},"modified":"2026-05-15T10:00:04","modified_gmt":"2026-05-15T07:00:04","slug":"paese-glowerous-akiu-pigmentas-gold-rose-2-g","status":"publish","type":"product","link":"https:\/\/www.malinashop.lt\/lt_lt\/shop\/paese-glowerous-akiu-pigmentas-gold-rose-2-g\/","title":{"rendered":"PAESE GLOWEROUS aki\u0173 pigmentas Gold Rose, 2 g"},"content":{"rendered":"<p>PAESE GLOWEROUS aki\u0173 pigmentas Gold Rose \u2014 intensyviai pigmentuotas auksinis ro\u017einis aki\u0173 pigmentas, suteikiantis akims prabangaus ir ry\u0161kaus blizgesio efekt\u0105. Pigmentas tinkamas tiek aki\u0173 vokams, tiek k\u016brybiniam makia\u017eui bet kurioje veido ar k\u016bno srityje.<\/p>\n<p>Auk\u0161tas pigmentuotumas u\u017etikrina ry\u0161k\u0173 ir intensyv\u0173 efekt\u0105 net nedidelio kiekio. Pigmentas ilgai i\u0161silaiko ir seka atspind\u017eius, sukurdamas dramati\u0161k\u0105 ir prabang\u0173 makia\u017eo efekt\u0105.<\/p>\n<h3>Paggindiniai privalumai<\/h3>\n<ul>\n<li>Intensyviai pigmentuotas auksiniai ro\u017einis atspalvis<\/li>\n<li>Ry\u0161kus prabangus blizgesys<\/li>\n<li>Tinka akims ir k\u016brybiniam makia\u017eui<\/li>\n<li>Ilgai i\u0161liekantis efektas<\/li>\n<li>Nedidelis kiekis \u2014 ry\u0161kus rezultatas<\/li>\n<\/ul>\n<h3>Naudojimas<\/h3>\n<p>Dr\u0117gnu ar sausu teptukeliu tepkite ant aki\u0173 vok\u0173. Dr\u0117gnas aplikatorius sustiprina pigmento intensyvum\u0105. Naudokite atsargiai \u2014 pigmentas labai intensyvus.<\/p>\n","protected":false},"excerpt":{"rendered":"<p>Intensyvus aki\u0173 pigmentas PAESE GLOWEROUS Gold Rose \u2014 auksinis ro\u017einis intensyvaus blizgesio pigmentas dramatizuotam ir ry\u0161kiam aki\u0173 makia\u017eui.<\/p>\n","protected":false},"featured_media":78470,"comment_status":"open","ping_status":"closed","template":"","meta":[],"product_brand":[1534],"product_cat":[525,102],"product_tag":[],"class_list":{"0":"post-78471","1":"product","2":"type-product","3":"status-publish","4":"has-post-thumbnail","6":"product_brand-paese","7":"product_cat-akiu-seseliai","8":"product_cat-dekoratyvine-kosmetika","10":"first","11":"instock","12":"taxable","13":"shipping-taxable","14":"purchasable","15":"product-type-simple"},"yoast_head":"<!-- This site is optimized with the Yoast SEO plugin v27.6 - https:\/\/yoast.com\/product\/yoast-seo-wordpress\/ -->\n<title>PAESE GLOWEROUS aki\u0173 pigmentas Gold Rose, 2 g - MalinaShop.lt J\u016bs\u0173 sveikatai ir gro\u017eiui.<\/title>\n<meta name=\"description\" content=\"Intensyvus aki\u0173 pigmentas PAESE GLOWEROUS Gold Rose \u2014 auksinis ro\u017einis intensyvaus blizgesio pigmentas dramatizuotam ir ry\u0161kiam aki\u0173 makia\u017eui.\" \/>\n<meta name=\"robots\" content=\"index, follow, max-snippet:-1, max-image-preview:large, max-video-preview:-1\" \/>\n<link rel=\"canonical\" href=\"https:\/\/www.malinashop.lt\/lt_lt\/shop\/paese-glowerous-akiu-pigmentas-gold-rose-2-g\/\" \/>\n<meta property=\"og:locale\" content=\"lt_LT\" \/>\n<meta property=\"og:type\" content=\"article\" \/>\n<meta property=\"og:title\" content=\"PAESE GLOWEROUS aki\u0173 pigmentas Gold Rose, 2 g - MalinaShop.lt J\u016bs\u0173 sveikatai ir gro\u017eiui.\" \/>\n<meta property=\"og:description\" content=\"Intensyvus aki\u0173 pigmentas PAESE GLOWEROUS Gold Rose \u2014 auksinis ro\u017einis intensyvaus blizgesio pigmentas dramatizuotam ir ry\u0161kiam aki\u0173 makia\u017eui.\" \/>\n<meta property=\"og:url\" content=\"https:\/\/www.malinashop.lt\/lt_lt\/shop\/paese-glowerous-akiu-pigmentas-gold-rose-2-g\/\" \/>\n<meta property=\"og:site_name\" content=\"MalinaShop.lt J\u016bs\u0173 sveikatai ir gro\u017eiui.\" \/>\n<meta property=\"article:modified_time\" content=\"2026-05-15T07:00:04+00:00\" \/>\n<meta property=\"og:image\" content=\"https:\/\/www.malinashop.lt\/wp-content\/uploads\/2026\/05\/5902627625350.jpg\" \/>\n\t<meta property=\"og:image:width\" content=\"1000\" \/>\n\t<meta property=\"og:image:height\" content=\"1000\" \/>\n\t<meta property=\"og:image:type\" content=\"image\/jpeg\" \/>\n<meta name=\"twitter:card\" content=\"summary_large_image\" \/>\n<script type=\"application\/ld+json\" class=\"yoast-schema-graph\">{\"@context\":\"https:\\\/\\\/schema.org\",\"@graph\":[{\"@type\":\"WebPage\",\"@id\":\"https:\\\/\\\/www.malinashop.lt\\\/shop\\\/paese-glowerous-akiu-pigmentas-gold-rose-2-g\\\/\",\"url\":\"https:\\\/\\\/www.malinashop.lt\\\/shop\\\/paese-glowerous-akiu-pigmentas-gold-rose-2-g\\\/\",\"name\":\"PAESE GLOWEROUS aki\u0173 pigmentas Gold Rose, 2 g - MalinaShop.lt J\u016bs\u0173 sveikatai ir gro\u017eiui.\",\"isPartOf\":{\"@id\":\"https:\\\/\\\/www.malinashop.lt\\\/#website\"},\"primaryImageOfPage\":{\"@id\":\"https:\\\/\\\/www.malinashop.lt\\\/shop\\\/paese-glowerous-akiu-pigmentas-gold-rose-2-g\\\/#primaryimage\"},\"image\":{\"@id\":\"https:\\\/\\\/www.malinashop.lt\\\/shop\\\/paese-glowerous-akiu-pigmentas-gold-rose-2-g\\\/#primaryimage\"},\"thumbnailUrl\":\"https:\\\/\\\/www.malinashop.lt\\\/wp-content\\\/uploads\\\/2026\\\/05\\\/5902627625350.jpg\",\"datePublished\":\"2026-05-15T06:29:40+00:00\",\"dateModified\":\"2026-05-15T07:00:04+00:00\",\"description\":\"Intensyvus aki\u0173 pigmentas PAESE GLOWEROUS Gold Rose \u2014 auksinis ro\u017einis intensyvaus blizgesio pigmentas dramatizuotam ir ry\u0161kiam aki\u0173 makia\u017eui.\",\"breadcrumb\":{\"@id\":\"https:\\\/\\\/www.malinashop.lt\\\/shop\\\/paese-glowerous-akiu-pigmentas-gold-rose-2-g\\\/#breadcrumb\"},\"inLanguage\":\"lt-LT\",\"potentialAction\":[{\"@type\":\"ReadAction\",\"target\":[\"https:\\\/\\\/www.malinashop.lt\\\/shop\\\/paese-glowerous-akiu-pigmentas-gold-rose-2-g\\\/\"]}]},{\"@type\":\"ImageObject\",\"inLanguage\":\"lt-LT\",\"@id\":\"https:\\\/\\\/www.malinashop.lt\\\/shop\\\/paese-glowerous-akiu-pigmentas-gold-rose-2-g\\\/#primaryimage\",\"url\":\"https:\\\/\\\/www.malinashop.lt\\\/wp-content\\\/uploads\\\/2026\\\/05\\\/5902627625350.jpg\",\"contentUrl\":\"https:\\\/\\\/www.malinashop.lt\\\/wp-content\\\/uploads\\\/2026\\\/05\\\/5902627625350.jpg\",\"width\":1000,\"height\":1000},{\"@type\":\"BreadcrumbList\",\"@id\":\"https:\\\/\\\/www.malinashop.lt\\\/shop\\\/paese-glowerous-akiu-pigmentas-gold-rose-2-g\\\/#breadcrumb\",\"itemListElement\":[{\"@type\":\"ListItem\",\"position\":1,\"name\":\"Pagrindinis\",\"item\":\"https:\\\/\\\/www.malinashop.lt\\\/\"},{\"@type\":\"ListItem\",\"position\":2,\"name\":\"Parduotuv\u0117\",\"item\":\"https:\\\/\\\/www.malinashop.lt\\\/en\\\/parduotuve\\\/\"},{\"@type\":\"ListItem\",\"position\":3,\"name\":\"PAESE GLOWEROUS aki\u0173 pigmentas Gold Rose, 2 g\"}]},{\"@type\":\"WebSite\",\"@id\":\"https:\\\/\\\/www.malinashop.lt\\\/#website\",\"url\":\"https:\\\/\\\/www.malinashop.lt\\\/\",\"name\":\"COM Group Ecommerce\",\"description\":\"MalinaShop.lt - Gro\u017eio ir sveikatos produktai i\u0161 patikim\u0173 preki\u0173 \u017eenkl\u0173. Atraskite auk\u0161tos kokyb\u0117s kosmetik\u0105 u\u017e puiki\u0105 kain\u0105.\",\"publisher\":{\"@id\":\"https:\\\/\\\/www.malinashop.lt\\\/#organization\"},\"potentialAction\":[{\"@type\":\"SearchAction\",\"target\":{\"@type\":\"EntryPoint\",\"urlTemplate\":\"https:\\\/\\\/www.malinashop.lt\\\/?s={search_term_string}\"},\"query-input\":{\"@type\":\"PropertyValueSpecification\",\"valueRequired\":true,\"valueName\":\"search_term_string\"}}],\"inLanguage\":\"lt-LT\"},{\"@type\":\"Organization\",\"@id\":\"https:\\\/\\\/www.malinashop.lt\\\/#organization\",\"name\":\"COM Group Ecommerce\",\"url\":\"https:\\\/\\\/www.malinashop.lt\\\/\",\"logo\":{\"@type\":\"ImageObject\",\"inLanguage\":\"lt-LT\",\"@id\":\"https:\\\/\\\/www.malinashop.lt\\\/#\\\/schema\\\/logo\\\/image\\\/\",\"url\":\"https:\\\/\\\/www.malinashop.lt\\\/wp-content\\\/uploads\\\/2024\\\/08\\\/462559670_3787732518133670_9795632669273463_n-e1731525914575.png\",\"contentUrl\":\"https:\\\/\\\/www.malinashop.lt\\\/wp-content\\\/uploads\\\/2024\\\/08\\\/462559670_3787732518133670_9795632669273463_n-e1731525914575.png\",\"width\":180,\"height\":60,\"caption\":\"COM Group Ecommerce\"},\"image\":{\"@id\":\"https:\\\/\\\/www.malinashop.lt\\\/#\\\/schema\\\/logo\\\/image\\\/\"}}]}<\/script>\n<!-- \/ Yoast SEO plugin. -->","yoast_head_json":{"title":"PAESE GLOWEROUS aki\u0173 pigmentas Gold Rose, 2 g - MalinaShop.lt J\u016bs\u0173 sveikatai ir gro\u017eiui.","description":"Intensyvus aki\u0173 pigmentas PAESE GLOWEROUS Gold Rose \u2014 auksinis ro\u017einis intensyvaus blizgesio pigmentas dramatizuotam ir ry\u0161kiam aki\u0173 makia\u017eui.","robots":{"index":"index","follow":"follow","max-snippet":"max-snippet:-1","max-image-preview":"max-image-preview:large","max-video-preview":"max-video-preview:-1"},"canonical":"https:\/\/www.malinashop.lt\/lt_lt\/shop\/paese-glowerous-akiu-pigmentas-gold-rose-2-g\/","og_locale":"lt_LT","og_type":"article","og_title":"PAESE GLOWEROUS aki\u0173 pigmentas Gold Rose, 2 g - MalinaShop.lt J\u016bs\u0173 sveikatai ir gro\u017eiui.","og_description":"Intensyvus aki\u0173 pigmentas PAESE GLOWEROUS Gold Rose \u2014 auksinis ro\u017einis intensyvaus blizgesio pigmentas dramatizuotam ir ry\u0161kiam aki\u0173 makia\u017eui.","og_url":"https:\/\/www.malinashop.lt\/lt_lt\/shop\/paese-glowerous-akiu-pigmentas-gold-rose-2-g\/","og_site_name":"MalinaShop.lt J\u016bs\u0173 sveikatai ir gro\u017eiui.","article_modified_time":"2026-05-15T07:00:04+00:00","og_image":[{"width":1000,"height":1000,"url":"https:\/\/www.malinashop.lt\/wp-content\/uploads\/2026\/05\/5902627625350.jpg","type":"image\/jpeg"}],"twitter_card":"summary_large_image","schema":{"@context":"https:\/\/schema.org","@graph":[{"@type":"WebPage","@id":"https:\/\/www.malinashop.lt\/shop\/paese-glowerous-akiu-pigmentas-gold-rose-2-g\/","url":"https:\/\/www.malinashop.lt\/shop\/paese-glowerous-akiu-pigmentas-gold-rose-2-g\/","name":"PAESE GLOWEROUS aki\u0173 pigmentas Gold Rose, 2 g - MalinaShop.lt J\u016bs\u0173 sveikatai ir gro\u017eiui.","isPartOf":{"@id":"https:\/\/www.malinashop.lt\/#website"},"primaryImageOfPage":{"@id":"https:\/\/www.malinashop.lt\/shop\/paese-glowerous-akiu-pigmentas-gold-rose-2-g\/#primaryimage"},"image":{"@id":"https:\/\/www.malinashop.lt\/shop\/paese-glowerous-akiu-pigmentas-gold-rose-2-g\/#primaryimage"},"thumbnailUrl":"https:\/\/www.malinashop.lt\/wp-content\/uploads\/2026\/05\/5902627625350.jpg","datePublished":"2026-05-15T06:29:40+00:00","dateModified":"2026-05-15T07:00:04+00:00","description":"Intensyvus aki\u0173 pigmentas PAESE GLOWEROUS Gold Rose \u2014 auksinis ro\u017einis intensyvaus blizgesio pigmentas dramatizuotam ir ry\u0161kiam aki\u0173 makia\u017eui.","breadcrumb":{"@id":"https:\/\/www.malinashop.lt\/shop\/paese-glowerous-akiu-pigmentas-gold-rose-2-g\/#breadcrumb"},"inLanguage":"lt-LT","potentialAction":[{"@type":"ReadAction","target":["https:\/\/www.malinashop.lt\/shop\/paese-glowerous-akiu-pigmentas-gold-rose-2-g\/"]}]},{"@type":"ImageObject","inLanguage":"lt-LT","@id":"https:\/\/www.malinashop.lt\/shop\/paese-glowerous-akiu-pigmentas-gold-rose-2-g\/#primaryimage","url":"https:\/\/www.malinashop.lt\/wp-content\/uploads\/2026\/05\/5902627625350.jpg","contentUrl":"https:\/\/www.malinashop.lt\/wp-content\/uploads\/2026\/05\/5902627625350.jpg","width":1000,"height":1000},{"@type":"BreadcrumbList","@id":"https:\/\/www.malinashop.lt\/shop\/paese-glowerous-akiu-pigmentas-gold-rose-2-g\/#breadcrumb","itemListElement":[{"@type":"ListItem","position":1,"name":"Pagrindinis","item":"https:\/\/www.malinashop.lt\/"},{"@type":"ListItem","position":2,"name":"Parduotuv\u0117","item":"https:\/\/www.malinashop.lt\/en\/parduotuve\/"},{"@type":"ListItem","position":3,"name":"PAESE GLOWEROUS aki\u0173 pigmentas Gold Rose, 2 g"}]},{"@type":"WebSite","@id":"https:\/\/www.malinashop.lt\/#website","url":"https:\/\/www.malinashop.lt\/","name":"COM Group Ecommerce","description":"MalinaShop.lt - Gro\u017eio ir sveikatos produktai i\u0161 patikim\u0173 preki\u0173 \u017eenkl\u0173. Atraskite auk\u0161tos kokyb\u0117s kosmetik\u0105 u\u017e puiki\u0105 kain\u0105.","publisher":{"@id":"https:\/\/www.malinashop.lt\/#organization"},"potentialAction":[{"@type":"SearchAction","target":{"@type":"EntryPoint","urlTemplate":"https:\/\/www.malinashop.lt\/?s={search_term_string}"},"query-input":{"@type":"PropertyValueSpecification","valueRequired":true,"valueName":"search_term_string"}}],"inLanguage":"lt-LT"},{"@type":"Organization","@id":"https:\/\/www.malinashop.lt\/#organization","name":"COM Group Ecommerce","url":"https:\/\/www.malinashop.lt\/","logo":{"@type":"ImageObject","inLanguage":"lt-LT","@id":"https:\/\/www.malinashop.lt\/#\/schema\/logo\/image\/","url":"https:\/\/www.malinashop.lt\/wp-content\/uploads\/2024\/08\/462559670_3787732518133670_9795632669273463_n-e1731525914575.png","contentUrl":"https:\/\/www.malinashop.lt\/wp-content\/uploads\/2024\/08\/462559670_3787732518133670_9795632669273463_n-e1731525914575.png","width":180,"height":60,"caption":"COM Group Ecommerce"},"image":{"@id":"https:\/\/www.malinashop.lt\/#\/schema\/logo\/image\/"}}]}},"jetpack_sharing_enabled":true,"_links":{"self":[{"href":"https:\/\/www.malinashop.lt\/lt_lt\/wp-json\/wp\/v2\/product\/78471","targetHints":{"allow":["GET"]}}],"collection":[{"href":"https:\/\/www.malinashop.lt\/lt_lt\/wp-json\/wp\/v2\/product"}],"about":[{"href":"https:\/\/www.malinashop.lt\/lt_lt\/wp-json\/wp\/v2\/types\/product"}],"replies":[{"embeddable":true,"href":"https:\/\/www.malinashop.lt\/lt_lt\/wp-json\/wp\/v2\/comments?post=78471"}],"version-history":[{"count":1,"href":"https:\/\/www.malinashop.lt\/lt_lt\/wp-json\/wp\/v2\/product\/78471\/revisions"}],"predecessor-version":[{"id":78517,"href":"https:\/\/www.malinashop.lt\/lt_lt\/wp-json\/wp\/v2\/product\/78471\/revisions\/78517"}],"wp:featuredmedia":[{"embeddable":true,"href":"https:\/\/www.malinashop.lt\/lt_lt\/wp-json\/wp\/v2\/media\/78470"}],"wp:attachment":[{"href":"https:\/\/www.malinashop.lt\/lt_lt\/wp-json\/wp\/v2\/media?parent=78471"}],"wp:term":[{"taxonomy":"product_brand","embeddable":true,"href":"https:\/\/www.malinashop.lt\/lt_lt\/wp-json\/wp\/v2\/product_brand?post=78471"},{"taxonomy":"product_cat","embeddable":true,"href":"https:\/\/www.malinashop.lt\/lt_lt\/wp-json\/wp\/v2\/product_cat?post=78471"},{"taxonomy":"product_tag","embeddable":true,"href":"https:\/\/www.malinashop.lt\/lt_lt\/wp-json\/wp\/v2\/product_tag?post=78471"}],"curies":[{"name":"wp","href":"https:\/\/api.w.org\/{rel}","templated":true}]}}