{"id":78230,"date":"2026-05-13T00:08:13","date_gmt":"2026-05-12T21:08:13","guid":{"rendered":"https:\/\/www.malinashop.lt\/shop\/mia-makeup-svytejimo-suteikianti-makiazo-baze-disco-dew-30-ml\/"},"modified":"2026-05-13T00:12:44","modified_gmt":"2026-05-12T21:12:44","slug":"mia-makeup-svytejimo-suteikianti-makiazo-baze-disco-dew-30-ml","status":"publish","type":"product","link":"https:\/\/www.malinashop.lt\/lt_lt\/shop\/mia-makeup-svytejimo-suteikianti-makiazo-baze-disco-dew-30-ml\/","title":{"rendered":"MIA MAKEUP \u0161vyt\u0117jimo suteikianti makia\u017eo baz\u0117 DISCO DEW, 30 ml"},"content":{"rendered":"<p>MIA MAKEUP DISCO DEW \u2014 \u0161vyt\u0117jimo makia\u017eo baz\u0117, sukurta tiems, kurie nori, kad j\u0173 oda spind\u0117t\u0173 tarsi sveikut\u0117liai ir pilni energijos. \u0160i baz\u0117 praturtina od\u0105 subtiliu \u0161vyt\u0117jimu i\u0161 vidaus ir sukuria spindin\u010dio, sveikut\u0117lio odos efekt\u0105 dar prie\u0161 tepant makia\u017eo pagrind\u0105.<\/p>\n<p>Lengva, beveik skaidri tekst\u016bra greitai susigeria ir neapkrauna odos. DISCO DEW baz\u0117 tobulai paruo\u0161ia od\u0105 makia\u017eui ir suteikia jai papildomos dimensijos bei gyvumo. Makia\u017eo pagrindas, u\u017ed\u0117tas vir\u0161 \u0161ios baz\u0117s, atrodys ry\u0161kiau ir tur\u0117s nat\u016bralaus, ap\u0161viesto efekto.<\/p>\n<h3>Pagrindiniai privalumai<\/h3>\n<ul>\n<li>Suteikia nat\u016bralaus \u0161vyt\u0117jimo ir spindesio efekt\u0105<\/li>\n<li>Ap\u0161vie\u010dia od\u0105 ir suteikia gyvumo<\/li>\n<li>Lengva skaidri tekst\u016bra greitai susigeria<\/li>\n<li>Tobulai paruo\u0161ia od\u0105 makia\u017eui<\/li>\n<li>Tinka vis\u0173 tip\u0173 odai<\/li>\n<li>Suteikia makia\u017eui papildomos dimensijos<\/li>\n<\/ul>\n<h3>Naudojimas<\/h3>\n<p>Tepkite nedidel\u012f kiek\u012f ant viso veido pir\u0161tais arba kempin\u0117le prie\u0161 makia\u017eo pagrind\u0105. Galima tepti ir ant skruostikauli\u0173 vir\u0161 makia\u017eo papildomam \u0161vyt\u0117jimui.<\/p>\n","protected":false},"excerpt":{"rendered":"<p>\u0160vyt\u0117jimo makia\u017eo baz\u0117 suteikianti odos spindesio ir gyvumo efekt\u0105. DISCO DEW sukuria i\u0161spinduliuojan\u010dio, sveikut\u0117lio veido pagrind\u0105 prie\u0161 makia\u017e\u0105.<\/p>\n","protected":false},"featured_media":78229,"comment_status":"open","ping_status":"closed","template":"","meta":[],"product_brand":[522],"product_cat":[102,1702,527],"product_tag":[],"class_list":{"0":"post-78230","1":"product","2":"type-product","3":"status-publish","4":"has-post-thumbnail","6":"product_brand-mia-makeup","7":"product_cat-dekoratyvine-kosmetika","8":"product_cat-makiazas","9":"product_cat-makiazo-bazes","11":"first","12":"instock","13":"sale","14":"taxable","15":"shipping-taxable","16":"purchasable","17":"product-type-simple"},"yoast_head":"<!-- This site is optimized with the Yoast SEO plugin v27.6 - https:\/\/yoast.com\/product\/yoast-seo-wordpress\/ -->\n<title>MIA MAKEUP \u0161vyt\u0117jimo suteikianti makia\u017eo baz\u0117 DISCO DEW, 30 ml - MalinaShop.lt J\u016bs\u0173 sveikatai ir gro\u017eiui.<\/title>\n<meta name=\"description\" content=\"\u0160vyt\u0117jimo makia\u017eo baz\u0117 suteikianti odos spindesio ir gyvumo efekt\u0105. DISCO DEW sukuria i\u0161spinduliuojan\u010dio, sveikut\u0117lio veido pagrind\u0105 prie\u0161 makia\u017e\u0105.\" \/>\n<meta name=\"robots\" content=\"index, follow, max-snippet:-1, max-image-preview:large, max-video-preview:-1\" \/>\n<link rel=\"canonical\" href=\"https:\/\/www.malinashop.lt\/lt_lt\/shop\/mia-makeup-svytejimo-suteikianti-makiazo-baze-disco-dew-30-ml\/\" \/>\n<meta property=\"og:locale\" content=\"lt_LT\" \/>\n<meta property=\"og:type\" content=\"article\" \/>\n<meta property=\"og:title\" content=\"MIA MAKEUP \u0161vyt\u0117jimo suteikianti makia\u017eo baz\u0117 DISCO DEW, 30 ml - MalinaShop.lt J\u016bs\u0173 sveikatai ir gro\u017eiui.\" \/>\n<meta property=\"og:description\" content=\"\u0160vyt\u0117jimo makia\u017eo baz\u0117 suteikianti odos spindesio ir gyvumo efekt\u0105. DISCO DEW sukuria i\u0161spinduliuojan\u010dio, sveikut\u0117lio veido pagrind\u0105 prie\u0161 makia\u017e\u0105.\" \/>\n<meta property=\"og:url\" content=\"https:\/\/www.malinashop.lt\/lt_lt\/shop\/mia-makeup-svytejimo-suteikianti-makiazo-baze-disco-dew-30-ml\/\" \/>\n<meta property=\"og:site_name\" content=\"MalinaShop.lt J\u016bs\u0173 sveikatai ir gro\u017eiui.\" \/>\n<meta property=\"article:modified_time\" content=\"2026-05-12T21:12:44+00:00\" \/>\n<meta property=\"og:image\" content=\"https:\/\/www.malinashop.lt\/wp-content\/uploads\/2026\/05\/8059692043613-300x300-1.jpg\" \/>\n\t<meta property=\"og:image:width\" content=\"300\" \/>\n\t<meta property=\"og:image:height\" content=\"300\" \/>\n\t<meta property=\"og:image:type\" content=\"image\/jpeg\" \/>\n<meta name=\"twitter:card\" content=\"summary_large_image\" \/>\n<script type=\"application\/ld+json\" class=\"yoast-schema-graph\">{\"@context\":\"https:\\\/\\\/schema.org\",\"@graph\":[{\"@type\":\"WebPage\",\"@id\":\"https:\\\/\\\/www.malinashop.lt\\\/shop\\\/mia-makeup-svytejimo-suteikianti-makiazo-baze-disco-dew-30-ml\\\/\",\"url\":\"https:\\\/\\\/www.malinashop.lt\\\/shop\\\/mia-makeup-svytejimo-suteikianti-makiazo-baze-disco-dew-30-ml\\\/\",\"name\":\"MIA MAKEUP \u0161vyt\u0117jimo suteikianti makia\u017eo baz\u0117 DISCO DEW, 30 ml - MalinaShop.lt J\u016bs\u0173 sveikatai ir gro\u017eiui.\",\"isPartOf\":{\"@id\":\"https:\\\/\\\/www.malinashop.lt\\\/#website\"},\"primaryImageOfPage\":{\"@id\":\"https:\\\/\\\/www.malinashop.lt\\\/shop\\\/mia-makeup-svytejimo-suteikianti-makiazo-baze-disco-dew-30-ml\\\/#primaryimage\"},\"image\":{\"@id\":\"https:\\\/\\\/www.malinashop.lt\\\/shop\\\/mia-makeup-svytejimo-suteikianti-makiazo-baze-disco-dew-30-ml\\\/#primaryimage\"},\"thumbnailUrl\":\"https:\\\/\\\/www.malinashop.lt\\\/wp-content\\\/uploads\\\/2026\\\/05\\\/8059692043613-300x300-1.jpg\",\"datePublished\":\"2026-05-12T21:08:13+00:00\",\"dateModified\":\"2026-05-12T21:12:44+00:00\",\"description\":\"\u0160vyt\u0117jimo makia\u017eo baz\u0117 suteikianti odos spindesio ir gyvumo efekt\u0105. DISCO DEW sukuria i\u0161spinduliuojan\u010dio, sveikut\u0117lio veido pagrind\u0105 prie\u0161 makia\u017e\u0105.\",\"breadcrumb\":{\"@id\":\"https:\\\/\\\/www.malinashop.lt\\\/shop\\\/mia-makeup-svytejimo-suteikianti-makiazo-baze-disco-dew-30-ml\\\/#breadcrumb\"},\"inLanguage\":\"lt-LT\",\"potentialAction\":[{\"@type\":\"ReadAction\",\"target\":[\"https:\\\/\\\/www.malinashop.lt\\\/shop\\\/mia-makeup-svytejimo-suteikianti-makiazo-baze-disco-dew-30-ml\\\/\"]}]},{\"@type\":\"ImageObject\",\"inLanguage\":\"lt-LT\",\"@id\":\"https:\\\/\\\/www.malinashop.lt\\\/shop\\\/mia-makeup-svytejimo-suteikianti-makiazo-baze-disco-dew-30-ml\\\/#primaryimage\",\"url\":\"https:\\\/\\\/www.malinashop.lt\\\/wp-content\\\/uploads\\\/2026\\\/05\\\/8059692043613-300x300-1.jpg\",\"contentUrl\":\"https:\\\/\\\/www.malinashop.lt\\\/wp-content\\\/uploads\\\/2026\\\/05\\\/8059692043613-300x300-1.jpg\",\"width\":300,\"height\":300},{\"@type\":\"BreadcrumbList\",\"@id\":\"https:\\\/\\\/www.malinashop.lt\\\/shop\\\/mia-makeup-svytejimo-suteikianti-makiazo-baze-disco-dew-30-ml\\\/#breadcrumb\",\"itemListElement\":[{\"@type\":\"ListItem\",\"position\":1,\"name\":\"Pagrindinis\",\"item\":\"https:\\\/\\\/www.malinashop.lt\\\/\"},{\"@type\":\"ListItem\",\"position\":2,\"name\":\"Parduotuv\u0117\",\"item\":\"https:\\\/\\\/www.malinashop.lt\\\/en\\\/parduotuve\\\/\"},{\"@type\":\"ListItem\",\"position\":3,\"name\":\"MIA MAKEUP \u0161vyt\u0117jimo suteikianti makia\u017eo baz\u0117 DISCO DEW, 30 ml\"}]},{\"@type\":\"WebSite\",\"@id\":\"https:\\\/\\\/www.malinashop.lt\\\/#website\",\"url\":\"https:\\\/\\\/www.malinashop.lt\\\/\",\"name\":\"COM Group Ecommerce\",\"description\":\"MalinaShop.lt - Gro\u017eio ir sveikatos produktai i\u0161 patikim\u0173 preki\u0173 \u017eenkl\u0173. Atraskite auk\u0161tos kokyb\u0117s kosmetik\u0105 u\u017e puiki\u0105 kain\u0105.\",\"publisher\":{\"@id\":\"https:\\\/\\\/www.malinashop.lt\\\/#organization\"},\"potentialAction\":[{\"@type\":\"SearchAction\",\"target\":{\"@type\":\"EntryPoint\",\"urlTemplate\":\"https:\\\/\\\/www.malinashop.lt\\\/?s={search_term_string}\"},\"query-input\":{\"@type\":\"PropertyValueSpecification\",\"valueRequired\":true,\"valueName\":\"search_term_string\"}}],\"inLanguage\":\"lt-LT\"},{\"@type\":\"Organization\",\"@id\":\"https:\\\/\\\/www.malinashop.lt\\\/#organization\",\"name\":\"COM Group Ecommerce\",\"url\":\"https:\\\/\\\/www.malinashop.lt\\\/\",\"logo\":{\"@type\":\"ImageObject\",\"inLanguage\":\"lt-LT\",\"@id\":\"https:\\\/\\\/www.malinashop.lt\\\/#\\\/schema\\\/logo\\\/image\\\/\",\"url\":\"https:\\\/\\\/www.malinashop.lt\\\/wp-content\\\/uploads\\\/2024\\\/08\\\/462559670_3787732518133670_9795632669273463_n-e1731525914575.png\",\"contentUrl\":\"https:\\\/\\\/www.malinashop.lt\\\/wp-content\\\/uploads\\\/2024\\\/08\\\/462559670_3787732518133670_9795632669273463_n-e1731525914575.png\",\"width\":180,\"height\":60,\"caption\":\"COM Group Ecommerce\"},\"image\":{\"@id\":\"https:\\\/\\\/www.malinashop.lt\\\/#\\\/schema\\\/logo\\\/image\\\/\"}}]}<\/script>\n<!-- \/ Yoast SEO plugin. -->","yoast_head_json":{"title":"MIA MAKEUP \u0161vyt\u0117jimo suteikianti makia\u017eo baz\u0117 DISCO DEW, 30 ml - MalinaShop.lt J\u016bs\u0173 sveikatai ir gro\u017eiui.","description":"\u0160vyt\u0117jimo makia\u017eo baz\u0117 suteikianti odos spindesio ir gyvumo efekt\u0105. DISCO DEW sukuria i\u0161spinduliuojan\u010dio, sveikut\u0117lio veido pagrind\u0105 prie\u0161 makia\u017e\u0105.","robots":{"index":"index","follow":"follow","max-snippet":"max-snippet:-1","max-image-preview":"max-image-preview:large","max-video-preview":"max-video-preview:-1"},"canonical":"https:\/\/www.malinashop.lt\/lt_lt\/shop\/mia-makeup-svytejimo-suteikianti-makiazo-baze-disco-dew-30-ml\/","og_locale":"lt_LT","og_type":"article","og_title":"MIA MAKEUP \u0161vyt\u0117jimo suteikianti makia\u017eo baz\u0117 DISCO DEW, 30 ml - MalinaShop.lt J\u016bs\u0173 sveikatai ir gro\u017eiui.","og_description":"\u0160vyt\u0117jimo makia\u017eo baz\u0117 suteikianti odos spindesio ir gyvumo efekt\u0105. DISCO DEW sukuria i\u0161spinduliuojan\u010dio, sveikut\u0117lio veido pagrind\u0105 prie\u0161 makia\u017e\u0105.","og_url":"https:\/\/www.malinashop.lt\/lt_lt\/shop\/mia-makeup-svytejimo-suteikianti-makiazo-baze-disco-dew-30-ml\/","og_site_name":"MalinaShop.lt J\u016bs\u0173 sveikatai ir gro\u017eiui.","article_modified_time":"2026-05-12T21:12:44+00:00","og_image":[{"width":300,"height":300,"url":"https:\/\/www.malinashop.lt\/wp-content\/uploads\/2026\/05\/8059692043613-300x300-1.jpg","type":"image\/jpeg"}],"twitter_card":"summary_large_image","schema":{"@context":"https:\/\/schema.org","@graph":[{"@type":"WebPage","@id":"https:\/\/www.malinashop.lt\/shop\/mia-makeup-svytejimo-suteikianti-makiazo-baze-disco-dew-30-ml\/","url":"https:\/\/www.malinashop.lt\/shop\/mia-makeup-svytejimo-suteikianti-makiazo-baze-disco-dew-30-ml\/","name":"MIA MAKEUP \u0161vyt\u0117jimo suteikianti makia\u017eo baz\u0117 DISCO DEW, 30 ml - MalinaShop.lt J\u016bs\u0173 sveikatai ir gro\u017eiui.","isPartOf":{"@id":"https:\/\/www.malinashop.lt\/#website"},"primaryImageOfPage":{"@id":"https:\/\/www.malinashop.lt\/shop\/mia-makeup-svytejimo-suteikianti-makiazo-baze-disco-dew-30-ml\/#primaryimage"},"image":{"@id":"https:\/\/www.malinashop.lt\/shop\/mia-makeup-svytejimo-suteikianti-makiazo-baze-disco-dew-30-ml\/#primaryimage"},"thumbnailUrl":"https:\/\/www.malinashop.lt\/wp-content\/uploads\/2026\/05\/8059692043613-300x300-1.jpg","datePublished":"2026-05-12T21:08:13+00:00","dateModified":"2026-05-12T21:12:44+00:00","description":"\u0160vyt\u0117jimo makia\u017eo baz\u0117 suteikianti odos spindesio ir gyvumo efekt\u0105. DISCO DEW sukuria i\u0161spinduliuojan\u010dio, sveikut\u0117lio veido pagrind\u0105 prie\u0161 makia\u017e\u0105.","breadcrumb":{"@id":"https:\/\/www.malinashop.lt\/shop\/mia-makeup-svytejimo-suteikianti-makiazo-baze-disco-dew-30-ml\/#breadcrumb"},"inLanguage":"lt-LT","potentialAction":[{"@type":"ReadAction","target":["https:\/\/www.malinashop.lt\/shop\/mia-makeup-svytejimo-suteikianti-makiazo-baze-disco-dew-30-ml\/"]}]},{"@type":"ImageObject","inLanguage":"lt-LT","@id":"https:\/\/www.malinashop.lt\/shop\/mia-makeup-svytejimo-suteikianti-makiazo-baze-disco-dew-30-ml\/#primaryimage","url":"https:\/\/www.malinashop.lt\/wp-content\/uploads\/2026\/05\/8059692043613-300x300-1.jpg","contentUrl":"https:\/\/www.malinashop.lt\/wp-content\/uploads\/2026\/05\/8059692043613-300x300-1.jpg","width":300,"height":300},{"@type":"BreadcrumbList","@id":"https:\/\/www.malinashop.lt\/shop\/mia-makeup-svytejimo-suteikianti-makiazo-baze-disco-dew-30-ml\/#breadcrumb","itemListElement":[{"@type":"ListItem","position":1,"name":"Pagrindinis","item":"https:\/\/www.malinashop.lt\/"},{"@type":"ListItem","position":2,"name":"Parduotuv\u0117","item":"https:\/\/www.malinashop.lt\/en\/parduotuve\/"},{"@type":"ListItem","position":3,"name":"MIA MAKEUP \u0161vyt\u0117jimo suteikianti makia\u017eo baz\u0117 DISCO DEW, 30 ml"}]},{"@type":"WebSite","@id":"https:\/\/www.malinashop.lt\/#website","url":"https:\/\/www.malinashop.lt\/","name":"COM Group Ecommerce","description":"MalinaShop.lt - Gro\u017eio ir sveikatos produktai i\u0161 patikim\u0173 preki\u0173 \u017eenkl\u0173. Atraskite auk\u0161tos kokyb\u0117s kosmetik\u0105 u\u017e puiki\u0105 kain\u0105.","publisher":{"@id":"https:\/\/www.malinashop.lt\/#organization"},"potentialAction":[{"@type":"SearchAction","target":{"@type":"EntryPoint","urlTemplate":"https:\/\/www.malinashop.lt\/?s={search_term_string}"},"query-input":{"@type":"PropertyValueSpecification","valueRequired":true,"valueName":"search_term_string"}}],"inLanguage":"lt-LT"},{"@type":"Organization","@id":"https:\/\/www.malinashop.lt\/#organization","name":"COM Group Ecommerce","url":"https:\/\/www.malinashop.lt\/","logo":{"@type":"ImageObject","inLanguage":"lt-LT","@id":"https:\/\/www.malinashop.lt\/#\/schema\/logo\/image\/","url":"https:\/\/www.malinashop.lt\/wp-content\/uploads\/2024\/08\/462559670_3787732518133670_9795632669273463_n-e1731525914575.png","contentUrl":"https:\/\/www.malinashop.lt\/wp-content\/uploads\/2024\/08\/462559670_3787732518133670_9795632669273463_n-e1731525914575.png","width":180,"height":60,"caption":"COM Group Ecommerce"},"image":{"@id":"https:\/\/www.malinashop.lt\/#\/schema\/logo\/image\/"}}]}},"jetpack_sharing_enabled":true,"_links":{"self":[{"href":"https:\/\/www.malinashop.lt\/lt_lt\/wp-json\/wp\/v2\/product\/78230","targetHints":{"allow":["GET"]}}],"collection":[{"href":"https:\/\/www.malinashop.lt\/lt_lt\/wp-json\/wp\/v2\/product"}],"about":[{"href":"https:\/\/www.malinashop.lt\/lt_lt\/wp-json\/wp\/v2\/types\/product"}],"replies":[{"embeddable":true,"href":"https:\/\/www.malinashop.lt\/lt_lt\/wp-json\/wp\/v2\/comments?post=78230"}],"version-history":[{"count":1,"href":"https:\/\/www.malinashop.lt\/lt_lt\/wp-json\/wp\/v2\/product\/78230\/revisions"}],"predecessor-version":[{"id":78247,"href":"https:\/\/www.malinashop.lt\/lt_lt\/wp-json\/wp\/v2\/product\/78230\/revisions\/78247"}],"wp:featuredmedia":[{"embeddable":true,"href":"https:\/\/www.malinashop.lt\/lt_lt\/wp-json\/wp\/v2\/media\/78229"}],"wp:attachment":[{"href":"https:\/\/www.malinashop.lt\/lt_lt\/wp-json\/wp\/v2\/media?parent=78230"}],"wp:term":[{"taxonomy":"product_brand","embeddable":true,"href":"https:\/\/www.malinashop.lt\/lt_lt\/wp-json\/wp\/v2\/product_brand?post=78230"},{"taxonomy":"product_cat","embeddable":true,"href":"https:\/\/www.malinashop.lt\/lt_lt\/wp-json\/wp\/v2\/product_cat?post=78230"},{"taxonomy":"product_tag","embeddable":true,"href":"https:\/\/www.malinashop.lt\/lt_lt\/wp-json\/wp\/v2\/product_tag?post=78230"}],"curies":[{"name":"wp","href":"https:\/\/api.w.org\/{rel}","templated":true}]}}