{"id":77925,"date":"2026-05-01T22:39:15","date_gmt":"2026-05-01T19:39:15","guid":{"rendered":"https:\/\/www.malinashop.lt\/?post_type=product&#038;p=77925"},"modified":"2026-05-01T22:42:18","modified_gmt":"2026-05-01T19:42:18","slug":"laq-prausimosi-putos-pink-svaru-greita-ir-be-nenoriu-20g","status":"publish","type":"product","link":"https:\/\/www.malinashop.lt\/lt_lt\/shop\/laq-prausimosi-putos-pink-svaru-greita-ir-be-nenoriu-20g\/","title":{"rendered":"LaQ Prausimosi putos PINK \u2013 \u0160varu, greita ir be \u201enenoriu\u201c, 20g"},"content":{"rendered":"<p data-start=\"507\" data-end=\"554\">Kartais u\u017etenka kvapo, kad viskas pasikeist\u0173.<\/p>\n<p data-start=\"556\" data-end=\"798\">LaQ <strong data-start=\"560\" data-end=\"568\">PINK<\/strong> \u2013 purios, lengvos prausimosi putos, kurios \u0161velniai valo od\u0105 ir tuo pa\u010diu paver\u010dia vis\u0105 proces\u0105 smagia patirtimi. Kramtomos gumos aromatas patinka net tiems, kurie paprastai vengia vandens.<\/p>\n<p data-start=\"800\" data-end=\"968\">\u2714 \u0160velniai valo rankas, k\u016bn\u0105 ir plaukus<br data-start=\"839\" data-end=\"842\" \/>\u2714 Dr\u0117kina ir saugo odos balans\u0105<br data-start=\"873\" data-end=\"876\" \/>\u2714 Tinka vaikams (nuo ~3 met\u0173)<br data-start=\"905\" data-end=\"908\" \/>\u2714 Paver\u010dia higien\u0105 \u017eaidimu<br data-start=\"934\" data-end=\"937\" \/>\u2714 Tinka kasdieniam naudojimui<\/p>\n<hr data-start=\"970\" data-end=\"973\" \/>\n<h3 data-section-id=\"jqqc7t\" data-start=\"975\" data-end=\"1003\"><span role=\"text\"><strong data-start=\"979\" data-end=\"1003\">Kas slepiasi viduje?<\/strong><\/span><\/h3>\n<p data-start=\"1005\" data-end=\"1150\">\u2714 Ry\u017ei\u0173 ekstraktas \u2013 \u0161velnumui<br data-start=\"1035\" data-end=\"1038\" \/>\u2714 Taukmed\u017eio sviestas \u2013 mink\u0161tinimui<br data-start=\"1074\" data-end=\"1077\" \/>\u2714 Migdol\u0173 aliejus \u2013 maitinimui<br data-start=\"1107\" data-end=\"1110\" \/>\u2714 Pantenolis ir alantoinas \u2013 raminimui<\/p>\n<p data-start=\"1152\" data-end=\"1268\">\u0160velni, augalin\u0117s kilm\u0117s formul\u0117 padeda i\u0161laikyti od\u0105 mink\u0161t\u0105 ir sudr\u0117kint\u0105.<\/p>\n<hr data-start=\"1270\" data-end=\"1273\" \/>\n<h3 data-section-id=\"1dlvw32\" data-start=\"1275\" data-end=\"1300\"><span role=\"text\"><strong data-start=\"1279\" data-end=\"1300\">Kvapo charakteris<\/strong><\/span><\/h3>\n<p data-start=\"1302\" data-end=\"1396\">Saldus kramtomos gumos aromatas su lengvomis vaisin\u0117mis natomis \u2013 toks, kuris sukelia \u0161ypsen\u0105.<\/p>\n<hr data-start=\"1398\" data-end=\"1401\" \/>\n<h3 data-section-id=\"106411i\" data-start=\"1403\" data-end=\"1424\"><span role=\"text\"><strong data-start=\"1407\" data-end=\"1424\">Kaip naudoti?<\/strong><\/span><\/h3>\n<p data-start=\"1426\" data-end=\"1472\">U\u017etepk ant dr\u0117gnos odos, suputok ir nuskalauk.<\/p>\n<hr data-start=\"1474\" data-end=\"1477\" \/>\n<h3 data-section-id=\"1i0hpke\" data-start=\"1479\" data-end=\"1492\"><span role=\"text\"><strong data-start=\"1483\" data-end=\"1492\">Talpa<\/strong><\/span><\/h3>\n<p data-start=\"1494\" data-end=\"1498\">20 g<\/p>\n<hr data-start=\"1500\" data-end=\"1503\" \/>\n<p data-start=\"1505\" data-end=\"1546\"><strong data-start=\"1505\" data-end=\"1546\">Kai \u0161vara skani \u2013 problem\u0173 nebelieka.<\/strong><\/p>\n","protected":false},"excerpt":{"rendered":"<p data-start=\"371\" data-end=\"481\">Kai \u0161vara kvepia sald\u017eiai \u2013 joki\u0173 \u201enenoriu\u201c nebelieka. LaQ <strong data-start=\"430\" data-end=\"438\">PINK<\/strong> paver\u010dia plovim\u0105 lengvu ir smagiu ritualu.<\/p>\n","protected":false},"featured_media":77927,"template":"","meta":[],"product_brand":[1699],"product_cat":[538,731,540,1298],"product_tag":[],"class_list":{"0":"post-77925","1":"product","2":"type-product","3":"status-publish","4":"has-post-thumbnail","6":"product_brand-laq","7":"product_cat-kuno-prausikliai-duso-geliai","8":"product_cat-kunui","9":"product_cat-ranku-prieziura-muilai-ranku-kremai","10":"product_cat-vaikams","12":"first","13":"instock","14":"taxable","15":"shipping-taxable","16":"purchasable","17":"product-type-simple"},"yoast_head":"<!-- This site is optimized with the Yoast SEO plugin v27.5 - https:\/\/yoast.com\/product\/yoast-seo-wordpress\/ -->\n<title>LaQ Prausimosi putos PINK \u2013 \u0160varu, greita ir be \u201enenoriu\u201c, 20g - MalinaShop.lt J\u016bs\u0173 sveikatai ir gro\u017eiui.<\/title>\n<meta name=\"description\" content=\"LaQ PINK prausimosi putos vaikams \u0161velniai valo, dr\u0117kina ir kvepia kramtom\u0105ja guma. Tinka rankoms, k\u016bnui ir plaukams, 20 g.\" \/>\n<meta name=\"robots\" content=\"index, follow, max-snippet:-1, max-image-preview:large, max-video-preview:-1\" \/>\n<link rel=\"canonical\" href=\"https:\/\/www.malinashop.lt\/lt_lt\/shop\/laq-prausimosi-putos-pink-svaru-greita-ir-be-nenoriu-20g\/\" \/>\n<meta property=\"og:locale\" content=\"lt_LT\" \/>\n<meta property=\"og:type\" content=\"article\" \/>\n<meta property=\"og:title\" content=\"LaQ Prausimosi putos PINK \u2013 \u0160varu, greita ir be \u201enenoriu\u201c, 20g - MalinaShop.lt J\u016bs\u0173 sveikatai ir gro\u017eiui.\" \/>\n<meta property=\"og:description\" content=\"LaQ PINK prausimosi putos vaikams \u0161velniai valo, dr\u0117kina ir kvepia kramtom\u0105ja guma. Tinka rankoms, k\u016bnui ir plaukams, 20 g.\" \/>\n<meta property=\"og:url\" content=\"https:\/\/www.malinashop.lt\/lt_lt\/shop\/laq-prausimosi-putos-pink-svaru-greita-ir-be-nenoriu-20g\/\" \/>\n<meta property=\"og:site_name\" content=\"MalinaShop.lt J\u016bs\u0173 sveikatai ir gro\u017eiui.\" \/>\n<meta property=\"article:modified_time\" content=\"2026-05-01T19:42:18+00:00\" \/>\n<meta property=\"og:image\" content=\"https:\/\/www.malinashop.lt\/wp-content\/uploads\/2026\/05\/LaQ-Prausimosi-putos-PINK-\u2013-Svaru-greita-ir-be-\u201enenoriu-20g.jpg\" \/>\n\t<meta property=\"og:image:width\" content=\"2500\" \/>\n\t<meta property=\"og:image:height\" content=\"2500\" \/>\n\t<meta property=\"og:image:type\" content=\"image\/jpeg\" \/>\n<meta name=\"twitter:card\" content=\"summary_large_image\" \/>\n<script type=\"application\/ld+json\" class=\"yoast-schema-graph\">{\"@context\":\"https:\\\/\\\/schema.org\",\"@graph\":[{\"@type\":\"WebPage\",\"@id\":\"https:\\\/\\\/www.malinashop.lt\\\/shop\\\/laq-prausimosi-putos-pink-svaru-greita-ir-be-nenoriu-20g\\\/\",\"url\":\"https:\\\/\\\/www.malinashop.lt\\\/shop\\\/laq-prausimosi-putos-pink-svaru-greita-ir-be-nenoriu-20g\\\/\",\"name\":\"LaQ Prausimosi putos PINK \u2013 \u0160varu, greita ir be \u201enenoriu\u201c, 20g - MalinaShop.lt J\u016bs\u0173 sveikatai ir gro\u017eiui.\",\"isPartOf\":{\"@id\":\"https:\\\/\\\/www.malinashop.lt\\\/#website\"},\"primaryImageOfPage\":{\"@id\":\"https:\\\/\\\/www.malinashop.lt\\\/shop\\\/laq-prausimosi-putos-pink-svaru-greita-ir-be-nenoriu-20g\\\/#primaryimage\"},\"image\":{\"@id\":\"https:\\\/\\\/www.malinashop.lt\\\/shop\\\/laq-prausimosi-putos-pink-svaru-greita-ir-be-nenoriu-20g\\\/#primaryimage\"},\"thumbnailUrl\":\"https:\\\/\\\/www.malinashop.lt\\\/wp-content\\\/uploads\\\/2026\\\/05\\\/LaQ-Prausimosi-putos-PINK-\u2013-Svaru-greita-ir-be-\u201enenoriu-20g.jpg\",\"datePublished\":\"2026-05-01T19:39:15+00:00\",\"dateModified\":\"2026-05-01T19:42:18+00:00\",\"description\":\"LaQ PINK prausimosi putos vaikams \u0161velniai valo, dr\u0117kina ir kvepia kramtom\u0105ja guma. Tinka rankoms, k\u016bnui ir plaukams, 20 g.\",\"breadcrumb\":{\"@id\":\"https:\\\/\\\/www.malinashop.lt\\\/shop\\\/laq-prausimosi-putos-pink-svaru-greita-ir-be-nenoriu-20g\\\/#breadcrumb\"},\"inLanguage\":\"lt-LT\",\"potentialAction\":[{\"@type\":\"ReadAction\",\"target\":[\"https:\\\/\\\/www.malinashop.lt\\\/shop\\\/laq-prausimosi-putos-pink-svaru-greita-ir-be-nenoriu-20g\\\/\"]}]},{\"@type\":\"ImageObject\",\"inLanguage\":\"lt-LT\",\"@id\":\"https:\\\/\\\/www.malinashop.lt\\\/shop\\\/laq-prausimosi-putos-pink-svaru-greita-ir-be-nenoriu-20g\\\/#primaryimage\",\"url\":\"https:\\\/\\\/www.malinashop.lt\\\/wp-content\\\/uploads\\\/2026\\\/05\\\/LaQ-Prausimosi-putos-PINK-\u2013-Svaru-greita-ir-be-\u201enenoriu-20g.jpg\",\"contentUrl\":\"https:\\\/\\\/www.malinashop.lt\\\/wp-content\\\/uploads\\\/2026\\\/05\\\/LaQ-Prausimosi-putos-PINK-\u2013-Svaru-greita-ir-be-\u201enenoriu-20g.jpg\",\"width\":2500,\"height\":2500},{\"@type\":\"BreadcrumbList\",\"@id\":\"https:\\\/\\\/www.malinashop.lt\\\/shop\\\/laq-prausimosi-putos-pink-svaru-greita-ir-be-nenoriu-20g\\\/#breadcrumb\",\"itemListElement\":[{\"@type\":\"ListItem\",\"position\":1,\"name\":\"Pagrindinis\",\"item\":\"https:\\\/\\\/www.malinashop.lt\\\/lt_lt\\\/\"},{\"@type\":\"ListItem\",\"position\":2,\"name\":\"Parduotuv\u0117\",\"item\":\"https:\\\/\\\/www.malinashop.lt\\\/en\\\/parduotuve\\\/\"},{\"@type\":\"ListItem\",\"position\":3,\"name\":\"LaQ Prausimosi putos PINK \u2013 \u0160varu, greita ir be \u201enenoriu\u201c, 20g\"}]},{\"@type\":\"WebSite\",\"@id\":\"https:\\\/\\\/www.malinashop.lt\\\/#website\",\"url\":\"https:\\\/\\\/www.malinashop.lt\\\/\",\"name\":\"COM Group Ecommerce\",\"description\":\"MalinaShop.lt - Gro\u017eio ir sveikatos produktai i\u0161 patikim\u0173 preki\u0173 \u017eenkl\u0173. Atraskite auk\u0161tos kokyb\u0117s kosmetik\u0105 u\u017e puiki\u0105 kain\u0105.\",\"publisher\":{\"@id\":\"https:\\\/\\\/www.malinashop.lt\\\/#organization\"},\"potentialAction\":[{\"@type\":\"SearchAction\",\"target\":{\"@type\":\"EntryPoint\",\"urlTemplate\":\"https:\\\/\\\/www.malinashop.lt\\\/?s={search_term_string}\"},\"query-input\":{\"@type\":\"PropertyValueSpecification\",\"valueRequired\":true,\"valueName\":\"search_term_string\"}}],\"inLanguage\":\"lt-LT\"},{\"@type\":\"Organization\",\"@id\":\"https:\\\/\\\/www.malinashop.lt\\\/#organization\",\"name\":\"COM Group Ecommerce\",\"url\":\"https:\\\/\\\/www.malinashop.lt\\\/\",\"logo\":{\"@type\":\"ImageObject\",\"inLanguage\":\"lt-LT\",\"@id\":\"https:\\\/\\\/www.malinashop.lt\\\/#\\\/schema\\\/logo\\\/image\\\/\",\"url\":\"https:\\\/\\\/www.malinashop.lt\\\/wp-content\\\/uploads\\\/2024\\\/08\\\/462559670_3787732518133670_9795632669273463_n-e1731525914575.png\",\"contentUrl\":\"https:\\\/\\\/www.malinashop.lt\\\/wp-content\\\/uploads\\\/2024\\\/08\\\/462559670_3787732518133670_9795632669273463_n-e1731525914575.png\",\"width\":180,\"height\":60,\"caption\":\"COM Group Ecommerce\"},\"image\":{\"@id\":\"https:\\\/\\\/www.malinashop.lt\\\/#\\\/schema\\\/logo\\\/image\\\/\"}}]}<\/script>\n<!-- \/ Yoast SEO plugin. -->","yoast_head_json":{"title":"LaQ Prausimosi putos PINK \u2013 \u0160varu, greita ir be \u201enenoriu\u201c, 20g - MalinaShop.lt J\u016bs\u0173 sveikatai ir gro\u017eiui.","description":"LaQ PINK prausimosi putos vaikams \u0161velniai valo, dr\u0117kina ir kvepia kramtom\u0105ja guma. Tinka rankoms, k\u016bnui ir plaukams, 20 g.","robots":{"index":"index","follow":"follow","max-snippet":"max-snippet:-1","max-image-preview":"max-image-preview:large","max-video-preview":"max-video-preview:-1"},"canonical":"https:\/\/www.malinashop.lt\/lt_lt\/shop\/laq-prausimosi-putos-pink-svaru-greita-ir-be-nenoriu-20g\/","og_locale":"lt_LT","og_type":"article","og_title":"LaQ Prausimosi putos PINK \u2013 \u0160varu, greita ir be \u201enenoriu\u201c, 20g - MalinaShop.lt J\u016bs\u0173 sveikatai ir gro\u017eiui.","og_description":"LaQ PINK prausimosi putos vaikams \u0161velniai valo, dr\u0117kina ir kvepia kramtom\u0105ja guma. Tinka rankoms, k\u016bnui ir plaukams, 20 g.","og_url":"https:\/\/www.malinashop.lt\/lt_lt\/shop\/laq-prausimosi-putos-pink-svaru-greita-ir-be-nenoriu-20g\/","og_site_name":"MalinaShop.lt J\u016bs\u0173 sveikatai ir gro\u017eiui.","article_modified_time":"2026-05-01T19:42:18+00:00","og_image":[{"width":2500,"height":2500,"url":"https:\/\/www.malinashop.lt\/wp-content\/uploads\/2026\/05\/LaQ-Prausimosi-putos-PINK-\u2013-Svaru-greita-ir-be-\u201enenoriu-20g.jpg","type":"image\/jpeg"}],"twitter_card":"summary_large_image","schema":{"@context":"https:\/\/schema.org","@graph":[{"@type":"WebPage","@id":"https:\/\/www.malinashop.lt\/shop\/laq-prausimosi-putos-pink-svaru-greita-ir-be-nenoriu-20g\/","url":"https:\/\/www.malinashop.lt\/shop\/laq-prausimosi-putos-pink-svaru-greita-ir-be-nenoriu-20g\/","name":"LaQ Prausimosi putos PINK \u2013 \u0160varu, greita ir be \u201enenoriu\u201c, 20g - MalinaShop.lt J\u016bs\u0173 sveikatai ir gro\u017eiui.","isPartOf":{"@id":"https:\/\/www.malinashop.lt\/#website"},"primaryImageOfPage":{"@id":"https:\/\/www.malinashop.lt\/shop\/laq-prausimosi-putos-pink-svaru-greita-ir-be-nenoriu-20g\/#primaryimage"},"image":{"@id":"https:\/\/www.malinashop.lt\/shop\/laq-prausimosi-putos-pink-svaru-greita-ir-be-nenoriu-20g\/#primaryimage"},"thumbnailUrl":"https:\/\/www.malinashop.lt\/wp-content\/uploads\/2026\/05\/LaQ-Prausimosi-putos-PINK-\u2013-Svaru-greita-ir-be-\u201enenoriu-20g.jpg","datePublished":"2026-05-01T19:39:15+00:00","dateModified":"2026-05-01T19:42:18+00:00","description":"LaQ PINK prausimosi putos vaikams \u0161velniai valo, dr\u0117kina ir kvepia kramtom\u0105ja guma. Tinka rankoms, k\u016bnui ir plaukams, 20 g.","breadcrumb":{"@id":"https:\/\/www.malinashop.lt\/shop\/laq-prausimosi-putos-pink-svaru-greita-ir-be-nenoriu-20g\/#breadcrumb"},"inLanguage":"lt-LT","potentialAction":[{"@type":"ReadAction","target":["https:\/\/www.malinashop.lt\/shop\/laq-prausimosi-putos-pink-svaru-greita-ir-be-nenoriu-20g\/"]}]},{"@type":"ImageObject","inLanguage":"lt-LT","@id":"https:\/\/www.malinashop.lt\/shop\/laq-prausimosi-putos-pink-svaru-greita-ir-be-nenoriu-20g\/#primaryimage","url":"https:\/\/www.malinashop.lt\/wp-content\/uploads\/2026\/05\/LaQ-Prausimosi-putos-PINK-\u2013-Svaru-greita-ir-be-\u201enenoriu-20g.jpg","contentUrl":"https:\/\/www.malinashop.lt\/wp-content\/uploads\/2026\/05\/LaQ-Prausimosi-putos-PINK-\u2013-Svaru-greita-ir-be-\u201enenoriu-20g.jpg","width":2500,"height":2500},{"@type":"BreadcrumbList","@id":"https:\/\/www.malinashop.lt\/shop\/laq-prausimosi-putos-pink-svaru-greita-ir-be-nenoriu-20g\/#breadcrumb","itemListElement":[{"@type":"ListItem","position":1,"name":"Pagrindinis","item":"https:\/\/www.malinashop.lt\/lt_lt\/"},{"@type":"ListItem","position":2,"name":"Parduotuv\u0117","item":"https:\/\/www.malinashop.lt\/en\/parduotuve\/"},{"@type":"ListItem","position":3,"name":"LaQ Prausimosi putos PINK \u2013 \u0160varu, greita ir be \u201enenoriu\u201c, 20g"}]},{"@type":"WebSite","@id":"https:\/\/www.malinashop.lt\/#website","url":"https:\/\/www.malinashop.lt\/","name":"COM Group Ecommerce","description":"MalinaShop.lt - Gro\u017eio ir sveikatos produktai i\u0161 patikim\u0173 preki\u0173 \u017eenkl\u0173. Atraskite auk\u0161tos kokyb\u0117s kosmetik\u0105 u\u017e puiki\u0105 kain\u0105.","publisher":{"@id":"https:\/\/www.malinashop.lt\/#organization"},"potentialAction":[{"@type":"SearchAction","target":{"@type":"EntryPoint","urlTemplate":"https:\/\/www.malinashop.lt\/?s={search_term_string}"},"query-input":{"@type":"PropertyValueSpecification","valueRequired":true,"valueName":"search_term_string"}}],"inLanguage":"lt-LT"},{"@type":"Organization","@id":"https:\/\/www.malinashop.lt\/#organization","name":"COM Group Ecommerce","url":"https:\/\/www.malinashop.lt\/","logo":{"@type":"ImageObject","inLanguage":"lt-LT","@id":"https:\/\/www.malinashop.lt\/#\/schema\/logo\/image\/","url":"https:\/\/www.malinashop.lt\/wp-content\/uploads\/2024\/08\/462559670_3787732518133670_9795632669273463_n-e1731525914575.png","contentUrl":"https:\/\/www.malinashop.lt\/wp-content\/uploads\/2024\/08\/462559670_3787732518133670_9795632669273463_n-e1731525914575.png","width":180,"height":60,"caption":"COM Group Ecommerce"},"image":{"@id":"https:\/\/www.malinashop.lt\/#\/schema\/logo\/image\/"}}]}},"jetpack_sharing_enabled":true,"_links":{"self":[{"href":"https:\/\/www.malinashop.lt\/lt_lt\/wp-json\/wp\/v2\/product\/77925","targetHints":{"allow":["GET"]}}],"collection":[{"href":"https:\/\/www.malinashop.lt\/lt_lt\/wp-json\/wp\/v2\/product"}],"about":[{"href":"https:\/\/www.malinashop.lt\/lt_lt\/wp-json\/wp\/v2\/types\/product"}],"version-history":[{"count":1,"href":"https:\/\/www.malinashop.lt\/lt_lt\/wp-json\/wp\/v2\/product\/77925\/revisions"}],"predecessor-version":[{"id":77928,"href":"https:\/\/www.malinashop.lt\/lt_lt\/wp-json\/wp\/v2\/product\/77925\/revisions\/77928"}],"wp:featuredmedia":[{"embeddable":true,"href":"https:\/\/www.malinashop.lt\/lt_lt\/wp-json\/wp\/v2\/media\/77927"}],"wp:attachment":[{"href":"https:\/\/www.malinashop.lt\/lt_lt\/wp-json\/wp\/v2\/media?parent=77925"}],"wp:term":[{"taxonomy":"product_brand","embeddable":true,"href":"https:\/\/www.malinashop.lt\/lt_lt\/wp-json\/wp\/v2\/product_brand?post=77925"},{"taxonomy":"product_cat","embeddable":true,"href":"https:\/\/www.malinashop.lt\/lt_lt\/wp-json\/wp\/v2\/product_cat?post=77925"},{"taxonomy":"product_tag","embeddable":true,"href":"https:\/\/www.malinashop.lt\/lt_lt\/wp-json\/wp\/v2\/product_tag?post=77925"}],"curies":[{"name":"wp","href":"https:\/\/api.w.org\/{rel}","templated":true}]}}