{"id":77921,"date":"2026-05-01T22:35:57","date_gmt":"2026-05-01T19:35:57","guid":{"rendered":"https:\/\/www.malinashop.lt\/?post_type=product&#038;p=77921"},"modified":"2026-05-01T22:38:31","modified_gmt":"2026-05-01T19:38:31","slug":"laq-prausimosi-putos-blue-svara-be-kaprizu-tik-smagumas-20g","status":"publish","type":"product","link":"https:\/\/www.malinashop.lt\/lt_lt\/shop\/laq-prausimosi-putos-blue-svara-be-kaprizu-tik-smagumas-20g\/","title":{"rendered":"LaQ Prausimosi putos BLUE \u2013 \u0160vara be kapriz\u0173, tik smagumas, 20g"},"content":{"rendered":"<p data-start=\"574\" data-end=\"638\">Kartais problema ne \u0161vara.<br data-start=\"600\" data-end=\"603\" \/>Problema \u2013 kaip j\u0105 padaryti \u012fdomi\u0105.<\/p>\n<p data-start=\"640\" data-end=\"858\">LaQ <strong data-start=\"644\" data-end=\"652\">BLUE<\/strong> \u2013 lengvos, purios prausimosi putos, kurios \u0161velniai valo od\u0105 ir tuo pa\u010diu paver\u010dia vis\u0105 proces\u0105 paprastu ir maloniu. Tinka ne tik rankoms, bet ir k\u016bnui bei plaukams.<\/p>\n<p data-start=\"860\" data-end=\"1020\">\u2714 \u0160velniai valo od\u0105<br data-start=\"879\" data-end=\"882\" \/>\u2714 Dr\u0117kina ir saugo odos balans\u0105<br data-start=\"913\" data-end=\"916\" \/>\u2714 Tinka rankoms, k\u016bnui ir plaukams<br data-start=\"950\" data-end=\"953\" \/>\u2714 Ramina ir mink\u0161tina od\u0105<br data-start=\"978\" data-end=\"981\" \/>\u2714 Puikiai tinka kasdieniam naudojimui<\/p>\n<p data-start=\"1022\" data-end=\"1239\">Formul\u0117 sukurta i\u0161 \u0161velni\u0173 augalin\u0117s kilm\u0117s ingredient\u0173, papildyta ry\u017ei\u0173 ekstraktu, taukmed\u017eio sviestu ir migdol\u0173 aliejumi, kurie padeda i\u0161laikyti od\u0105 sudr\u0117kint\u0105 ir komforti\u0161k\u0105.<\/p>\n<hr data-start=\"1241\" data-end=\"1244\" \/>\n<h3 data-section-id=\"jqqc7t\" data-start=\"1246\" data-end=\"1274\"><span role=\"text\"><strong data-start=\"1250\" data-end=\"1274\">Kas slepiasi viduje?<\/strong><\/span><\/h3>\n<p data-start=\"1276\" data-end=\"1421\">\u2714 Ry\u017ei\u0173 ekstraktas \u2013 \u0161velnumui<br data-start=\"1306\" data-end=\"1309\" \/>\u2714 Taukmed\u017eio sviestas \u2013 mink\u0161tinimui<br data-start=\"1345\" data-end=\"1348\" \/>\u2714 Migdol\u0173 aliejus \u2013 maitinimui<br data-start=\"1378\" data-end=\"1381\" \/>\u2714 Pantenolis ir alantoinas \u2013 raminimui<\/p>\n<hr data-start=\"1423\" data-end=\"1426\" \/>\n<h3 data-section-id=\"1dlvw32\" data-start=\"1428\" data-end=\"1453\"><span role=\"text\"><strong data-start=\"1432\" data-end=\"1453\">Kvapo charakteris<\/strong><\/span><\/h3>\n<p data-start=\"1455\" data-end=\"1533\">Gaivus, lengvai saldus ir \u201e\u0161varus\u201c kvapas \u2013 toks, kuris neerzina, bet patinka.<\/p>\n<hr data-start=\"1535\" data-end=\"1538\" \/>\n<h3 data-section-id=\"106411i\" data-start=\"1540\" data-end=\"1561\"><span role=\"text\"><strong data-start=\"1544\" data-end=\"1561\">Kaip naudoti?<\/strong><\/span><\/h3>\n<p data-start=\"1563\" data-end=\"1609\">U\u017etepk ant dr\u0117gnos odos, suputok ir nuskalauk.<\/p>\n<hr data-start=\"1611\" data-end=\"1614\" \/>\n<h3 data-section-id=\"1i0hpke\" data-start=\"1616\" data-end=\"1629\"><span role=\"text\"><strong data-start=\"1620\" data-end=\"1629\">Talpa<\/strong><\/span><\/h3>\n<p data-start=\"1631\" data-end=\"1635\">20 g<\/p>\n<hr data-start=\"1637\" data-end=\"1640\" \/>\n<p data-start=\"1642\" data-end=\"1675\"><strong data-start=\"1642\" data-end=\"1675\">Ma\u017eiau gin\u010d\u0173. Daugiau \u0161varos.<\/strong><\/p>\n","protected":false},"excerpt":{"rendered":"<p data-start=\"444\" data-end=\"548\">Jei plauti reikia \u2013 teb\u016bnie smagu. LaQ <strong data-start=\"483\" data-end=\"491\">BLUE<\/strong> paver\u010dia kasdien\u0119 rutin\u0105 lengva, greita ir be \u201enenoriu\u201c.<\/p>\n","protected":false},"featured_media":77923,"template":"","meta":[],"product_brand":[1699],"product_cat":[538,731,540,1298],"product_tag":[],"class_list":{"0":"post-77921","1":"product","2":"type-product","3":"status-publish","4":"has-post-thumbnail","6":"product_brand-laq","7":"product_cat-kuno-prausikliai-duso-geliai","8":"product_cat-kunui","9":"product_cat-ranku-prieziura-muilai-ranku-kremai","10":"product_cat-vaikams","12":"first","13":"instock","14":"taxable","15":"shipping-taxable","16":"purchasable","17":"product-type-simple"},"yoast_head":"<!-- This site is optimized with the Yoast SEO plugin v27.5 - https:\/\/yoast.com\/product\/yoast-seo-wordpress\/ -->\n<title>LaQ Prausimosi putos BLUE \u2013 \u0160vara be kapriz\u0173, tik smagumas, 20g - MalinaShop.lt J\u016bs\u0173 sveikatai ir gro\u017eiui.<\/title>\n<meta name=\"description\" content=\"LaQ BLUE prausimosi putos vaikams \u0161velniai valo, dr\u0117kina ir saugo odos balans\u0105. Tinka rankoms, k\u016bnui ir plaukams, vegani\u0161ka formul\u0117, 20 g.\" \/>\n<meta name=\"robots\" content=\"index, follow, max-snippet:-1, max-image-preview:large, max-video-preview:-1\" \/>\n<link rel=\"canonical\" href=\"https:\/\/www.malinashop.lt\/lt_lt\/shop\/laq-prausimosi-putos-blue-svara-be-kaprizu-tik-smagumas-20g\/\" \/>\n<meta property=\"og:locale\" content=\"lt_LT\" \/>\n<meta property=\"og:type\" content=\"article\" \/>\n<meta property=\"og:title\" content=\"LaQ Prausimosi putos BLUE \u2013 \u0160vara be kapriz\u0173, tik smagumas, 20g - MalinaShop.lt J\u016bs\u0173 sveikatai ir gro\u017eiui.\" \/>\n<meta property=\"og:description\" content=\"LaQ BLUE prausimosi putos vaikams \u0161velniai valo, dr\u0117kina ir saugo odos balans\u0105. Tinka rankoms, k\u016bnui ir plaukams, vegani\u0161ka formul\u0117, 20 g.\" \/>\n<meta property=\"og:url\" content=\"https:\/\/www.malinashop.lt\/lt_lt\/shop\/laq-prausimosi-putos-blue-svara-be-kaprizu-tik-smagumas-20g\/\" \/>\n<meta property=\"og:site_name\" content=\"MalinaShop.lt J\u016bs\u0173 sveikatai ir gro\u017eiui.\" \/>\n<meta property=\"article:modified_time\" content=\"2026-05-01T19:38:31+00:00\" \/>\n<meta property=\"og:image\" content=\"https:\/\/www.malinashop.lt\/wp-content\/uploads\/2026\/05\/LaQ-Prausimosi-putos-BLUE-\u2013-Svara-be-kaprizu-tik-smagumas-20g.jpg\" \/>\n\t<meta property=\"og:image:width\" content=\"2500\" \/>\n\t<meta property=\"og:image:height\" content=\"2500\" \/>\n\t<meta property=\"og:image:type\" content=\"image\/jpeg\" \/>\n<meta name=\"twitter:card\" content=\"summary_large_image\" \/>\n<script type=\"application\/ld+json\" class=\"yoast-schema-graph\">{\"@context\":\"https:\\\/\\\/schema.org\",\"@graph\":[{\"@type\":\"WebPage\",\"@id\":\"https:\\\/\\\/www.malinashop.lt\\\/shop\\\/laq-prausimosi-putos-blue-svara-be-kaprizu-tik-smagumas-20g\\\/\",\"url\":\"https:\\\/\\\/www.malinashop.lt\\\/shop\\\/laq-prausimosi-putos-blue-svara-be-kaprizu-tik-smagumas-20g\\\/\",\"name\":\"LaQ Prausimosi putos BLUE \u2013 \u0160vara be kapriz\u0173, tik smagumas, 20g - MalinaShop.lt J\u016bs\u0173 sveikatai ir gro\u017eiui.\",\"isPartOf\":{\"@id\":\"https:\\\/\\\/www.malinashop.lt\\\/#website\"},\"primaryImageOfPage\":{\"@id\":\"https:\\\/\\\/www.malinashop.lt\\\/shop\\\/laq-prausimosi-putos-blue-svara-be-kaprizu-tik-smagumas-20g\\\/#primaryimage\"},\"image\":{\"@id\":\"https:\\\/\\\/www.malinashop.lt\\\/shop\\\/laq-prausimosi-putos-blue-svara-be-kaprizu-tik-smagumas-20g\\\/#primaryimage\"},\"thumbnailUrl\":\"https:\\\/\\\/www.malinashop.lt\\\/wp-content\\\/uploads\\\/2026\\\/05\\\/LaQ-Prausimosi-putos-BLUE-\u2013-Svara-be-kaprizu-tik-smagumas-20g.jpg\",\"datePublished\":\"2026-05-01T19:35:57+00:00\",\"dateModified\":\"2026-05-01T19:38:31+00:00\",\"description\":\"LaQ BLUE prausimosi putos vaikams \u0161velniai valo, dr\u0117kina ir saugo odos balans\u0105. Tinka rankoms, k\u016bnui ir plaukams, vegani\u0161ka formul\u0117, 20 g.\",\"breadcrumb\":{\"@id\":\"https:\\\/\\\/www.malinashop.lt\\\/shop\\\/laq-prausimosi-putos-blue-svara-be-kaprizu-tik-smagumas-20g\\\/#breadcrumb\"},\"inLanguage\":\"lt-LT\",\"potentialAction\":[{\"@type\":\"ReadAction\",\"target\":[\"https:\\\/\\\/www.malinashop.lt\\\/shop\\\/laq-prausimosi-putos-blue-svara-be-kaprizu-tik-smagumas-20g\\\/\"]}]},{\"@type\":\"ImageObject\",\"inLanguage\":\"lt-LT\",\"@id\":\"https:\\\/\\\/www.malinashop.lt\\\/shop\\\/laq-prausimosi-putos-blue-svara-be-kaprizu-tik-smagumas-20g\\\/#primaryimage\",\"url\":\"https:\\\/\\\/www.malinashop.lt\\\/wp-content\\\/uploads\\\/2026\\\/05\\\/LaQ-Prausimosi-putos-BLUE-\u2013-Svara-be-kaprizu-tik-smagumas-20g.jpg\",\"contentUrl\":\"https:\\\/\\\/www.malinashop.lt\\\/wp-content\\\/uploads\\\/2026\\\/05\\\/LaQ-Prausimosi-putos-BLUE-\u2013-Svara-be-kaprizu-tik-smagumas-20g.jpg\",\"width\":2500,\"height\":2500},{\"@type\":\"BreadcrumbList\",\"@id\":\"https:\\\/\\\/www.malinashop.lt\\\/shop\\\/laq-prausimosi-putos-blue-svara-be-kaprizu-tik-smagumas-20g\\\/#breadcrumb\",\"itemListElement\":[{\"@type\":\"ListItem\",\"position\":1,\"name\":\"Pagrindinis\",\"item\":\"https:\\\/\\\/www.malinashop.lt\\\/lt_lt\\\/\"},{\"@type\":\"ListItem\",\"position\":2,\"name\":\"Parduotuv\u0117\",\"item\":\"https:\\\/\\\/www.malinashop.lt\\\/en\\\/parduotuve\\\/\"},{\"@type\":\"ListItem\",\"position\":3,\"name\":\"LaQ Prausimosi putos BLUE \u2013 \u0160vara be kapriz\u0173, tik smagumas, 20g\"}]},{\"@type\":\"WebSite\",\"@id\":\"https:\\\/\\\/www.malinashop.lt\\\/#website\",\"url\":\"https:\\\/\\\/www.malinashop.lt\\\/\",\"name\":\"COM Group Ecommerce\",\"description\":\"MalinaShop.lt - Gro\u017eio ir sveikatos produktai i\u0161 patikim\u0173 preki\u0173 \u017eenkl\u0173. Atraskite auk\u0161tos kokyb\u0117s kosmetik\u0105 u\u017e puiki\u0105 kain\u0105.\",\"publisher\":{\"@id\":\"https:\\\/\\\/www.malinashop.lt\\\/#organization\"},\"potentialAction\":[{\"@type\":\"SearchAction\",\"target\":{\"@type\":\"EntryPoint\",\"urlTemplate\":\"https:\\\/\\\/www.malinashop.lt\\\/?s={search_term_string}\"},\"query-input\":{\"@type\":\"PropertyValueSpecification\",\"valueRequired\":true,\"valueName\":\"search_term_string\"}}],\"inLanguage\":\"lt-LT\"},{\"@type\":\"Organization\",\"@id\":\"https:\\\/\\\/www.malinashop.lt\\\/#organization\",\"name\":\"COM Group Ecommerce\",\"url\":\"https:\\\/\\\/www.malinashop.lt\\\/\",\"logo\":{\"@type\":\"ImageObject\",\"inLanguage\":\"lt-LT\",\"@id\":\"https:\\\/\\\/www.malinashop.lt\\\/#\\\/schema\\\/logo\\\/image\\\/\",\"url\":\"https:\\\/\\\/www.malinashop.lt\\\/wp-content\\\/uploads\\\/2024\\\/08\\\/462559670_3787732518133670_9795632669273463_n-e1731525914575.png\",\"contentUrl\":\"https:\\\/\\\/www.malinashop.lt\\\/wp-content\\\/uploads\\\/2024\\\/08\\\/462559670_3787732518133670_9795632669273463_n-e1731525914575.png\",\"width\":180,\"height\":60,\"caption\":\"COM Group Ecommerce\"},\"image\":{\"@id\":\"https:\\\/\\\/www.malinashop.lt\\\/#\\\/schema\\\/logo\\\/image\\\/\"}}]}<\/script>\n<!-- \/ Yoast SEO plugin. -->","yoast_head_json":{"title":"LaQ Prausimosi putos BLUE \u2013 \u0160vara be kapriz\u0173, tik smagumas, 20g - MalinaShop.lt J\u016bs\u0173 sveikatai ir gro\u017eiui.","description":"LaQ BLUE prausimosi putos vaikams \u0161velniai valo, dr\u0117kina ir saugo odos balans\u0105. Tinka rankoms, k\u016bnui ir plaukams, vegani\u0161ka formul\u0117, 20 g.","robots":{"index":"index","follow":"follow","max-snippet":"max-snippet:-1","max-image-preview":"max-image-preview:large","max-video-preview":"max-video-preview:-1"},"canonical":"https:\/\/www.malinashop.lt\/lt_lt\/shop\/laq-prausimosi-putos-blue-svara-be-kaprizu-tik-smagumas-20g\/","og_locale":"lt_LT","og_type":"article","og_title":"LaQ Prausimosi putos BLUE \u2013 \u0160vara be kapriz\u0173, tik smagumas, 20g - MalinaShop.lt J\u016bs\u0173 sveikatai ir gro\u017eiui.","og_description":"LaQ BLUE prausimosi putos vaikams \u0161velniai valo, dr\u0117kina ir saugo odos balans\u0105. Tinka rankoms, k\u016bnui ir plaukams, vegani\u0161ka formul\u0117, 20 g.","og_url":"https:\/\/www.malinashop.lt\/lt_lt\/shop\/laq-prausimosi-putos-blue-svara-be-kaprizu-tik-smagumas-20g\/","og_site_name":"MalinaShop.lt J\u016bs\u0173 sveikatai ir gro\u017eiui.","article_modified_time":"2026-05-01T19:38:31+00:00","og_image":[{"width":2500,"height":2500,"url":"https:\/\/www.malinashop.lt\/wp-content\/uploads\/2026\/05\/LaQ-Prausimosi-putos-BLUE-\u2013-Svara-be-kaprizu-tik-smagumas-20g.jpg","type":"image\/jpeg"}],"twitter_card":"summary_large_image","schema":{"@context":"https:\/\/schema.org","@graph":[{"@type":"WebPage","@id":"https:\/\/www.malinashop.lt\/shop\/laq-prausimosi-putos-blue-svara-be-kaprizu-tik-smagumas-20g\/","url":"https:\/\/www.malinashop.lt\/shop\/laq-prausimosi-putos-blue-svara-be-kaprizu-tik-smagumas-20g\/","name":"LaQ Prausimosi putos BLUE \u2013 \u0160vara be kapriz\u0173, tik smagumas, 20g - MalinaShop.lt J\u016bs\u0173 sveikatai ir gro\u017eiui.","isPartOf":{"@id":"https:\/\/www.malinashop.lt\/#website"},"primaryImageOfPage":{"@id":"https:\/\/www.malinashop.lt\/shop\/laq-prausimosi-putos-blue-svara-be-kaprizu-tik-smagumas-20g\/#primaryimage"},"image":{"@id":"https:\/\/www.malinashop.lt\/shop\/laq-prausimosi-putos-blue-svara-be-kaprizu-tik-smagumas-20g\/#primaryimage"},"thumbnailUrl":"https:\/\/www.malinashop.lt\/wp-content\/uploads\/2026\/05\/LaQ-Prausimosi-putos-BLUE-\u2013-Svara-be-kaprizu-tik-smagumas-20g.jpg","datePublished":"2026-05-01T19:35:57+00:00","dateModified":"2026-05-01T19:38:31+00:00","description":"LaQ BLUE prausimosi putos vaikams \u0161velniai valo, dr\u0117kina ir saugo odos balans\u0105. Tinka rankoms, k\u016bnui ir plaukams, vegani\u0161ka formul\u0117, 20 g.","breadcrumb":{"@id":"https:\/\/www.malinashop.lt\/shop\/laq-prausimosi-putos-blue-svara-be-kaprizu-tik-smagumas-20g\/#breadcrumb"},"inLanguage":"lt-LT","potentialAction":[{"@type":"ReadAction","target":["https:\/\/www.malinashop.lt\/shop\/laq-prausimosi-putos-blue-svara-be-kaprizu-tik-smagumas-20g\/"]}]},{"@type":"ImageObject","inLanguage":"lt-LT","@id":"https:\/\/www.malinashop.lt\/shop\/laq-prausimosi-putos-blue-svara-be-kaprizu-tik-smagumas-20g\/#primaryimage","url":"https:\/\/www.malinashop.lt\/wp-content\/uploads\/2026\/05\/LaQ-Prausimosi-putos-BLUE-\u2013-Svara-be-kaprizu-tik-smagumas-20g.jpg","contentUrl":"https:\/\/www.malinashop.lt\/wp-content\/uploads\/2026\/05\/LaQ-Prausimosi-putos-BLUE-\u2013-Svara-be-kaprizu-tik-smagumas-20g.jpg","width":2500,"height":2500},{"@type":"BreadcrumbList","@id":"https:\/\/www.malinashop.lt\/shop\/laq-prausimosi-putos-blue-svara-be-kaprizu-tik-smagumas-20g\/#breadcrumb","itemListElement":[{"@type":"ListItem","position":1,"name":"Pagrindinis","item":"https:\/\/www.malinashop.lt\/lt_lt\/"},{"@type":"ListItem","position":2,"name":"Parduotuv\u0117","item":"https:\/\/www.malinashop.lt\/en\/parduotuve\/"},{"@type":"ListItem","position":3,"name":"LaQ Prausimosi putos BLUE \u2013 \u0160vara be kapriz\u0173, tik smagumas, 20g"}]},{"@type":"WebSite","@id":"https:\/\/www.malinashop.lt\/#website","url":"https:\/\/www.malinashop.lt\/","name":"COM Group Ecommerce","description":"MalinaShop.lt - Gro\u017eio ir sveikatos produktai i\u0161 patikim\u0173 preki\u0173 \u017eenkl\u0173. Atraskite auk\u0161tos kokyb\u0117s kosmetik\u0105 u\u017e puiki\u0105 kain\u0105.","publisher":{"@id":"https:\/\/www.malinashop.lt\/#organization"},"potentialAction":[{"@type":"SearchAction","target":{"@type":"EntryPoint","urlTemplate":"https:\/\/www.malinashop.lt\/?s={search_term_string}"},"query-input":{"@type":"PropertyValueSpecification","valueRequired":true,"valueName":"search_term_string"}}],"inLanguage":"lt-LT"},{"@type":"Organization","@id":"https:\/\/www.malinashop.lt\/#organization","name":"COM Group Ecommerce","url":"https:\/\/www.malinashop.lt\/","logo":{"@type":"ImageObject","inLanguage":"lt-LT","@id":"https:\/\/www.malinashop.lt\/#\/schema\/logo\/image\/","url":"https:\/\/www.malinashop.lt\/wp-content\/uploads\/2024\/08\/462559670_3787732518133670_9795632669273463_n-e1731525914575.png","contentUrl":"https:\/\/www.malinashop.lt\/wp-content\/uploads\/2024\/08\/462559670_3787732518133670_9795632669273463_n-e1731525914575.png","width":180,"height":60,"caption":"COM Group Ecommerce"},"image":{"@id":"https:\/\/www.malinashop.lt\/#\/schema\/logo\/image\/"}}]}},"jetpack_sharing_enabled":true,"_links":{"self":[{"href":"https:\/\/www.malinashop.lt\/lt_lt\/wp-json\/wp\/v2\/product\/77921","targetHints":{"allow":["GET"]}}],"collection":[{"href":"https:\/\/www.malinashop.lt\/lt_lt\/wp-json\/wp\/v2\/product"}],"about":[{"href":"https:\/\/www.malinashop.lt\/lt_lt\/wp-json\/wp\/v2\/types\/product"}],"version-history":[{"count":1,"href":"https:\/\/www.malinashop.lt\/lt_lt\/wp-json\/wp\/v2\/product\/77921\/revisions"}],"predecessor-version":[{"id":77924,"href":"https:\/\/www.malinashop.lt\/lt_lt\/wp-json\/wp\/v2\/product\/77921\/revisions\/77924"}],"wp:featuredmedia":[{"embeddable":true,"href":"https:\/\/www.malinashop.lt\/lt_lt\/wp-json\/wp\/v2\/media\/77923"}],"wp:attachment":[{"href":"https:\/\/www.malinashop.lt\/lt_lt\/wp-json\/wp\/v2\/media?parent=77921"}],"wp:term":[{"taxonomy":"product_brand","embeddable":true,"href":"https:\/\/www.malinashop.lt\/lt_lt\/wp-json\/wp\/v2\/product_brand?post=77921"},{"taxonomy":"product_cat","embeddable":true,"href":"https:\/\/www.malinashop.lt\/lt_lt\/wp-json\/wp\/v2\/product_cat?post=77921"},{"taxonomy":"product_tag","embeddable":true,"href":"https:\/\/www.malinashop.lt\/lt_lt\/wp-json\/wp\/v2\/product_tag?post=77921"}],"curies":[{"name":"wp","href":"https:\/\/api.w.org\/{rel}","templated":true}]}}