{"id":77910,"date":"2026-05-01T22:17:24","date_gmt":"2026-05-01T19:17:24","guid":{"rendered":"https:\/\/www.malinashop.lt\/?post_type=product&#038;p=77910"},"modified":"2026-05-02T21:35:39","modified_gmt":"2026-05-02T18:35:39","slug":"laq-barzdos-ir-veido-aliejus-bad-boy-tvarkingas-is-isores-pavojingas-viduje-30ml","status":"publish","type":"product","link":"https:\/\/www.malinashop.lt\/lt_lt\/shop\/laq-barzdos-ir-veido-aliejus-bad-boy-tvarkingas-is-isores-pavojingas-viduje-30ml\/","title":{"rendered":"LaQ Barzdos ir veido aliejus BAD BOY \u2013 Tvarkingas i\u0161 i\u0161or\u0117s, pavojingas viduje, 30ml"},"content":{"rendered":"<div class=\"relative basis-auto flex-col -mb-(--composer-overlap-px) pb-(--composer-overlap-px) [--composer-overlap-px:28px] grow flex\">\n<div class=\"flex flex-col text-sm\">\n<section class=\"text-token-text-primary w-full focus:outline-none [--shadow-height:45px] has-data-writing-block:pointer-events-none has-data-writing-block:-mt-(--shadow-height) has-data-writing-block:pt-(--shadow-height) [&:has([data-writing-block])>*]:pointer-events-auto [content-visibility:auto] supports-[content-visibility:auto]:[contain-intrinsic-size:auto_100lvh] R6Vx5W_threadScrollVars scroll-mb-[calc(var(--scroll-root-safe-area-inset-bottom,0px)+var(--thread-response-height))] scroll-mt-[calc(var(--header-height)+min(200px,max(70px,20svh)))]\" dir=\"auto\" data-turn-id=\"request-69f1f24f-df58-838b-a738-7b7dba6319c3-1\" data-testid=\"conversation-turn-322\" data-scroll-anchor=\"false\" data-turn=\"assistant\">\n<div class=\"text-base my-auto mx-auto [--thread-content-margin:var(--thread-content-margin-xs,calc(var(--spacing)*4))] @w-sm\/main:[--thread-content-margin:var(--thread-content-margin-sm,calc(var(--spacing)*6))] @w-lg\/main:[--thread-content-margin:var(--thread-content-margin-lg,calc(var(--spacing)*16))] px-(--thread-content-margin)\">\n<div class=\"[--thread-content-max-width:40rem] @w-lg\/main:[--thread-content-max-width:48rem] mx-auto max-w-(--thread-content-max-width) flex-1 group\/turn-messages focus-visible:outline-hidden relative flex w-full min-w-0 flex-col agent-turn\">\n<div class=\"flex max-w-full flex-col gap-4 grow\">\n<div class=\"min-h-8 text-message relative flex w-full flex-col items-end gap-2 text-start break-words whitespace-normal outline-none keyboard-focused:focus-ring [.text-message+&]:mt-1\" dir=\"auto\" data-message-author-role=\"assistant\" data-message-id=\"dec8b644-226f-4778-803a-5b7f42e6f218\" data-message-model-slug=\"gpt-5-3\">\n<div class=\"flex w-full flex-col gap-1 empty:hidden\">\n<div class=\"markdown prose dark:prose-invert w-full wrap-break-word dark markdown-new-styling\">\n<p data-start=\"593\" data-end=\"643\">Blogas berniukas neb\u016btinai turi atrodyti blogai.<\/p>\n<p data-start=\"645\" data-end=\"894\">LaQ <strong data-start=\"649\" data-end=\"660\">BAD BOY<\/strong> \u2013 tai 2in1 aliejus barzdai ir veidui, kuris vienu metu ramina od\u0105 po skutimosi ir suteikia barzdai tvarking\u0105, pri\u017ei\u016br\u0117t\u0105 i\u0161vaizd\u0105. Lengva formul\u0117 greitai susigeria ir nepalieka riebumo poj\u016b\u010dio.<\/p>\n<p data-start=\"896\" data-end=\"1098\">\u2714 Dr\u0117kina od\u0105 ir barzd\u0105<br data-start=\"919\" data-end=\"922\" \/>\u2714 Mink\u0161tina net kietus plaukus<br data-start=\"952\" data-end=\"955\" \/>\u2714 Ma\u017eina sudirgim\u0105 po skutimosi<br data-start=\"986\" data-end=\"989\" \/>\u2714 Palengvina barzdos formavim\u0105<br data-start=\"1019\" data-end=\"1022\" \/>\u2714 Suteikia sveik\u0105, nat\u016bral\u0173 blizges\u012f<\/p>\n<hr data-start=\"1100\" data-end=\"1103\" \/>\n<h3 data-section-id=\"jqqc7t\" data-start=\"1105\" data-end=\"1133\"><span role=\"text\"><strong data-start=\"1109\" data-end=\"1133\">Kas slepiasi viduje?<\/strong><\/span><\/h3>\n<p data-start=\"1135\" data-end=\"1435\">\u2714 Migdol\u0173 aliejus \u2013 intensyviam maitinimui<br data-start=\"1177\" data-end=\"1180\" \/>\u2714 Vynuogi\u0173, avie\u010di\u0173 ir arb\u016bz\u0173 s\u0117kl\u0173 aliejai \u2013 antioksidacinei apsaugai<br data-start=\"1250\" data-end=\"1253\" \/>\u2714 Kanapi\u0173 aliejus \u2013 raminimui ir regeneracijai<br data-start=\"1299\" data-end=\"1302\" \/>\u2714 Alyvuogi\u0173 aliejus \u2013 mink\u0161tinimui<br data-start=\"1336\" data-end=\"1339\" \/>\u2714 Vitaminas E, pantenolis ir alantoinas \u2013 odos komfortui<\/p>\n<hr data-start=\"1437\" data-end=\"1440\" \/>\n<h3 data-section-id=\"1dlvw32\" data-start=\"1442\" data-end=\"1467\"><span role=\"text\"><strong data-start=\"1446\" data-end=\"1467\">Kvapo charakteris<\/strong><\/span><\/h3>\n<p data-start=\"1469\" data-end=\"1568\">Vyri\u0161kas, i\u0161rai\u0161kingas aromatas su \u201eblogo berniuko\u201c charakteriu \u2013 toks, kuris nelieka nepasteb\u0117tas.<\/p>\n<hr data-start=\"1570\" data-end=\"1573\" \/>\n<h3 data-section-id=\"11nzjcz\" data-start=\"1575\" data-end=\"1598\"><span role=\"text\"><strong data-start=\"1579\" data-end=\"1596\">Kaip naudoti:<\/strong><\/span><\/h3>\n<p data-start=\"1599\" data-end=\"1664\">\u012ela\u0161ink kelis la\u0161us \u012f delnus ir \u012fmasa\u017euok \u012f barzd\u0105 bei veido od\u0105.<\/p>\n<hr data-start=\"1666\" data-end=\"1669\" \/>\n<h3 data-section-id=\"1cjdtqf\" data-start=\"1671\" data-end=\"1689\"><span role=\"text\"><strong data-start=\"1675\" data-end=\"1689\">Kam tinka?<\/strong><\/span><\/h3>\n<p data-start=\"1691\" data-end=\"1787\">\u2714 Barzdos prie\u017ei\u016brai<br data-start=\"1711\" data-end=\"1714\" \/>\u2714 Po skutimosi<br data-start=\"1728\" data-end=\"1731\" \/>\u2714 Sausai ar sudirgusiai odai<br data-start=\"1759\" data-end=\"1762\" \/>\u2714 Kasdieniam naudojimui<\/p>\n<hr data-start=\"1789\" data-end=\"1792\" \/>\n<h3 data-section-id=\"1i0hpke\" data-start=\"1794\" data-end=\"1807\"><span role=\"text\"><strong data-start=\"1798\" data-end=\"1807\">Talpa<\/strong><\/span><\/h3>\n<p data-start=\"1809\" data-end=\"1814\">30 ml<\/p>\n<hr data-start=\"1816\" data-end=\"1819\" \/>\n<p data-start=\"1821\" data-end=\"1866\"><strong data-start=\"1821\" data-end=\"1866\">Charakteris gali b\u016bti laukinis. Oda \u2013 ne.<\/strong><\/p>\n<\/div>\n<\/div>\n<\/div>\n<\/div>\n<\/div>\n<\/div>\n<\/section>\n<\/div>\n<\/div>\n<hr \/>\n<p><strong>Laq \u2014 kosmetika, kuri nesivar\u017eo.<\/strong> Nat\u016brali. Vegani\u0161ka. Dermatologi\u0161kai testuota. Ir su pavadinimais, kurie jus privers prisiminti, kad prausimasis gali b\u016bti linksmas.<\/p>\n<p>Atpa\u017e\u012fstate save? Savo vyr\u0105? Draug\u0105, kuris visada turi k\u0105 pasakyti? <strong>Puiki nestandartin\u0117 dovana tiems, kurie visk\u0105 turi.<\/strong> Nes kas nor\u0117t\u0173 gauti dar vien\u0105 kojini\u0173 por\u0105?<\/p>\n","protected":false},"excerpt":{"rendered":"<p data-start=\"426\" data-end=\"567\">Barzda gali b\u016bti stipri. Bet ji turi b\u016bti pri\u017ei\u016br\u0117ta. LaQ <strong data-start=\"484\" data-end=\"495\">BAD BOY<\/strong> aliejus mink\u0161tina, dr\u0117kina ir sutvarko visk\u0105, kas \u201ei\u0161\u0117jo i\u0161 kontrol\u0117s\u201c.<\/p>\n","protected":false},"featured_media":77912,"template":"","meta":[],"product_brand":[1699],"product_cat":[537,728,1687],"product_tag":[],"class_list":{"0":"post-77910","1":"product","2":"type-product","3":"status-publish","4":"has-post-thumbnail","6":"product_brand-laq","7":"product_cat-veido-valymo-priemones","8":"product_cat-veidui","9":"product_cat-vyrams","11":"first","12":"instock","13":"taxable","14":"shipping-taxable","15":"purchasable","16":"product-type-simple"},"yoast_head":"<!-- This site is optimized with the Yoast SEO plugin v27.5 - https:\/\/yoast.com\/product\/yoast-seo-wordpress\/ -->\n<title>LaQ Barzdos ir veido aliejus BAD BOY \u2013 Tvarkingas i\u0161 i\u0161or\u0117s, pavojingas viduje, 30ml - MalinaShop.lt J\u016bs\u0173 sveikatai ir gro\u017eiui.<\/title>\n<meta name=\"description\" content=\"LaQ BAD BOY barzdos aliejus dr\u0117kina, mink\u0161tina ir ramina od\u0105 po skutimosi. Su nat\u016braliais aliejais, vegani\u0161ka formul\u0117, 30 ml.\" \/>\n<meta name=\"robots\" content=\"index, follow, max-snippet:-1, max-image-preview:large, max-video-preview:-1\" \/>\n<link rel=\"canonical\" href=\"https:\/\/www.malinashop.lt\/lt_lt\/shop\/laq-barzdos-ir-veido-aliejus-bad-boy-tvarkingas-is-isores-pavojingas-viduje-30ml\/\" \/>\n<meta property=\"og:locale\" content=\"lt_LT\" \/>\n<meta property=\"og:type\" content=\"article\" \/>\n<meta property=\"og:title\" content=\"LaQ Barzdos ir veido aliejus BAD BOY \u2013 Tvarkingas i\u0161 i\u0161or\u0117s, pavojingas viduje, 30ml - MalinaShop.lt J\u016bs\u0173 sveikatai ir gro\u017eiui.\" \/>\n<meta property=\"og:description\" content=\"LaQ BAD BOY barzdos aliejus dr\u0117kina, mink\u0161tina ir ramina od\u0105 po skutimosi. Su nat\u016braliais aliejais, vegani\u0161ka formul\u0117, 30 ml.\" \/>\n<meta property=\"og:url\" content=\"https:\/\/www.malinashop.lt\/lt_lt\/shop\/laq-barzdos-ir-veido-aliejus-bad-boy-tvarkingas-is-isores-pavojingas-viduje-30ml\/\" \/>\n<meta property=\"og:site_name\" content=\"MalinaShop.lt J\u016bs\u0173 sveikatai ir gro\u017eiui.\" \/>\n<meta property=\"article:modified_time\" content=\"2026-05-02T18:35:39+00:00\" \/>\n<meta property=\"og:image\" content=\"https:\/\/www.malinashop.lt\/wp-content\/uploads\/2026\/05\/LaQ-Barzdos-ir-veido-aliejus-BAD-BOY-\u2013-Tvarkingas-is-isores-pavojingas-viduje-30ml.jpg\" \/>\n\t<meta property=\"og:image:width\" content=\"2500\" \/>\n\t<meta property=\"og:image:height\" content=\"2500\" \/>\n\t<meta property=\"og:image:type\" content=\"image\/jpeg\" \/>\n<meta name=\"twitter:card\" content=\"summary_large_image\" \/>\n<script type=\"application\/ld+json\" class=\"yoast-schema-graph\">{\"@context\":\"https:\\\/\\\/schema.org\",\"@graph\":[{\"@type\":\"WebPage\",\"@id\":\"https:\\\/\\\/www.malinashop.lt\\\/shop\\\/laq-barzdos-ir-veido-aliejus-bad-boy-tvarkingas-is-isores-pavojingas-viduje-30ml\\\/\",\"url\":\"https:\\\/\\\/www.malinashop.lt\\\/shop\\\/laq-barzdos-ir-veido-aliejus-bad-boy-tvarkingas-is-isores-pavojingas-viduje-30ml\\\/\",\"name\":\"LaQ Barzdos ir veido aliejus BAD BOY \u2013 Tvarkingas i\u0161 i\u0161or\u0117s, pavojingas viduje, 30ml - MalinaShop.lt J\u016bs\u0173 sveikatai ir gro\u017eiui.\",\"isPartOf\":{\"@id\":\"https:\\\/\\\/www.malinashop.lt\\\/#website\"},\"primaryImageOfPage\":{\"@id\":\"https:\\\/\\\/www.malinashop.lt\\\/shop\\\/laq-barzdos-ir-veido-aliejus-bad-boy-tvarkingas-is-isores-pavojingas-viduje-30ml\\\/#primaryimage\"},\"image\":{\"@id\":\"https:\\\/\\\/www.malinashop.lt\\\/shop\\\/laq-barzdos-ir-veido-aliejus-bad-boy-tvarkingas-is-isores-pavojingas-viduje-30ml\\\/#primaryimage\"},\"thumbnailUrl\":\"https:\\\/\\\/www.malinashop.lt\\\/wp-content\\\/uploads\\\/2026\\\/05\\\/LaQ-Barzdos-ir-veido-aliejus-BAD-BOY-\u2013-Tvarkingas-is-isores-pavojingas-viduje-30ml.jpg\",\"datePublished\":\"2026-05-01T19:17:24+00:00\",\"dateModified\":\"2026-05-02T18:35:39+00:00\",\"description\":\"LaQ BAD BOY barzdos aliejus dr\u0117kina, mink\u0161tina ir ramina od\u0105 po skutimosi. Su nat\u016braliais aliejais, vegani\u0161ka formul\u0117, 30 ml.\",\"breadcrumb\":{\"@id\":\"https:\\\/\\\/www.malinashop.lt\\\/shop\\\/laq-barzdos-ir-veido-aliejus-bad-boy-tvarkingas-is-isores-pavojingas-viduje-30ml\\\/#breadcrumb\"},\"inLanguage\":\"lt-LT\",\"potentialAction\":[{\"@type\":\"ReadAction\",\"target\":[\"https:\\\/\\\/www.malinashop.lt\\\/shop\\\/laq-barzdos-ir-veido-aliejus-bad-boy-tvarkingas-is-isores-pavojingas-viduje-30ml\\\/\"]}]},{\"@type\":\"ImageObject\",\"inLanguage\":\"lt-LT\",\"@id\":\"https:\\\/\\\/www.malinashop.lt\\\/shop\\\/laq-barzdos-ir-veido-aliejus-bad-boy-tvarkingas-is-isores-pavojingas-viduje-30ml\\\/#primaryimage\",\"url\":\"https:\\\/\\\/www.malinashop.lt\\\/wp-content\\\/uploads\\\/2026\\\/05\\\/LaQ-Barzdos-ir-veido-aliejus-BAD-BOY-\u2013-Tvarkingas-is-isores-pavojingas-viduje-30ml.jpg\",\"contentUrl\":\"https:\\\/\\\/www.malinashop.lt\\\/wp-content\\\/uploads\\\/2026\\\/05\\\/LaQ-Barzdos-ir-veido-aliejus-BAD-BOY-\u2013-Tvarkingas-is-isores-pavojingas-viduje-30ml.jpg\",\"width\":2500,\"height\":2500},{\"@type\":\"BreadcrumbList\",\"@id\":\"https:\\\/\\\/www.malinashop.lt\\\/shop\\\/laq-barzdos-ir-veido-aliejus-bad-boy-tvarkingas-is-isores-pavojingas-viduje-30ml\\\/#breadcrumb\",\"itemListElement\":[{\"@type\":\"ListItem\",\"position\":1,\"name\":\"Pagrindinis\",\"item\":\"https:\\\/\\\/www.malinashop.lt\\\/\"},{\"@type\":\"ListItem\",\"position\":2,\"name\":\"Parduotuv\u0117\",\"item\":\"https:\\\/\\\/www.malinashop.lt\\\/en\\\/parduotuve\\\/\"},{\"@type\":\"ListItem\",\"position\":3,\"name\":\"LaQ Barzdos ir veido aliejus BAD BOY \u2013 Tvarkingas i\u0161 i\u0161or\u0117s, pavojingas viduje, 30ml\"}]},{\"@type\":\"WebSite\",\"@id\":\"https:\\\/\\\/www.malinashop.lt\\\/#website\",\"url\":\"https:\\\/\\\/www.malinashop.lt\\\/\",\"name\":\"COM Group Ecommerce\",\"description\":\"MalinaShop.lt - Gro\u017eio ir sveikatos produktai i\u0161 patikim\u0173 preki\u0173 \u017eenkl\u0173. Atraskite auk\u0161tos kokyb\u0117s kosmetik\u0105 u\u017e puiki\u0105 kain\u0105.\",\"publisher\":{\"@id\":\"https:\\\/\\\/www.malinashop.lt\\\/#organization\"},\"potentialAction\":[{\"@type\":\"SearchAction\",\"target\":{\"@type\":\"EntryPoint\",\"urlTemplate\":\"https:\\\/\\\/www.malinashop.lt\\\/?s={search_term_string}\"},\"query-input\":{\"@type\":\"PropertyValueSpecification\",\"valueRequired\":true,\"valueName\":\"search_term_string\"}}],\"inLanguage\":\"lt-LT\"},{\"@type\":\"Organization\",\"@id\":\"https:\\\/\\\/www.malinashop.lt\\\/#organization\",\"name\":\"COM Group Ecommerce\",\"url\":\"https:\\\/\\\/www.malinashop.lt\\\/\",\"logo\":{\"@type\":\"ImageObject\",\"inLanguage\":\"lt-LT\",\"@id\":\"https:\\\/\\\/www.malinashop.lt\\\/#\\\/schema\\\/logo\\\/image\\\/\",\"url\":\"https:\\\/\\\/www.malinashop.lt\\\/wp-content\\\/uploads\\\/2024\\\/08\\\/462559670_3787732518133670_9795632669273463_n-e1731525914575.png\",\"contentUrl\":\"https:\\\/\\\/www.malinashop.lt\\\/wp-content\\\/uploads\\\/2024\\\/08\\\/462559670_3787732518133670_9795632669273463_n-e1731525914575.png\",\"width\":180,\"height\":60,\"caption\":\"COM Group Ecommerce\"},\"image\":{\"@id\":\"https:\\\/\\\/www.malinashop.lt\\\/#\\\/schema\\\/logo\\\/image\\\/\"}}]}<\/script>\n<!-- \/ Yoast SEO plugin. -->","yoast_head_json":{"title":"LaQ Barzdos ir veido aliejus BAD BOY \u2013 Tvarkingas i\u0161 i\u0161or\u0117s, pavojingas viduje, 30ml - MalinaShop.lt J\u016bs\u0173 sveikatai ir gro\u017eiui.","description":"LaQ BAD BOY barzdos aliejus dr\u0117kina, mink\u0161tina ir ramina od\u0105 po skutimosi. Su nat\u016braliais aliejais, vegani\u0161ka formul\u0117, 30 ml.","robots":{"index":"index","follow":"follow","max-snippet":"max-snippet:-1","max-image-preview":"max-image-preview:large","max-video-preview":"max-video-preview:-1"},"canonical":"https:\/\/www.malinashop.lt\/lt_lt\/shop\/laq-barzdos-ir-veido-aliejus-bad-boy-tvarkingas-is-isores-pavojingas-viduje-30ml\/","og_locale":"lt_LT","og_type":"article","og_title":"LaQ Barzdos ir veido aliejus BAD BOY \u2013 Tvarkingas i\u0161 i\u0161or\u0117s, pavojingas viduje, 30ml - MalinaShop.lt J\u016bs\u0173 sveikatai ir gro\u017eiui.","og_description":"LaQ BAD BOY barzdos aliejus dr\u0117kina, mink\u0161tina ir ramina od\u0105 po skutimosi. Su nat\u016braliais aliejais, vegani\u0161ka formul\u0117, 30 ml.","og_url":"https:\/\/www.malinashop.lt\/lt_lt\/shop\/laq-barzdos-ir-veido-aliejus-bad-boy-tvarkingas-is-isores-pavojingas-viduje-30ml\/","og_site_name":"MalinaShop.lt J\u016bs\u0173 sveikatai ir gro\u017eiui.","article_modified_time":"2026-05-02T18:35:39+00:00","og_image":[{"width":2500,"height":2500,"url":"https:\/\/www.malinashop.lt\/wp-content\/uploads\/2026\/05\/LaQ-Barzdos-ir-veido-aliejus-BAD-BOY-\u2013-Tvarkingas-is-isores-pavojingas-viduje-30ml.jpg","type":"image\/jpeg"}],"twitter_card":"summary_large_image","schema":{"@context":"https:\/\/schema.org","@graph":[{"@type":"WebPage","@id":"https:\/\/www.malinashop.lt\/shop\/laq-barzdos-ir-veido-aliejus-bad-boy-tvarkingas-is-isores-pavojingas-viduje-30ml\/","url":"https:\/\/www.malinashop.lt\/shop\/laq-barzdos-ir-veido-aliejus-bad-boy-tvarkingas-is-isores-pavojingas-viduje-30ml\/","name":"LaQ Barzdos ir veido aliejus BAD BOY \u2013 Tvarkingas i\u0161 i\u0161or\u0117s, pavojingas viduje, 30ml - MalinaShop.lt J\u016bs\u0173 sveikatai ir gro\u017eiui.","isPartOf":{"@id":"https:\/\/www.malinashop.lt\/#website"},"primaryImageOfPage":{"@id":"https:\/\/www.malinashop.lt\/shop\/laq-barzdos-ir-veido-aliejus-bad-boy-tvarkingas-is-isores-pavojingas-viduje-30ml\/#primaryimage"},"image":{"@id":"https:\/\/www.malinashop.lt\/shop\/laq-barzdos-ir-veido-aliejus-bad-boy-tvarkingas-is-isores-pavojingas-viduje-30ml\/#primaryimage"},"thumbnailUrl":"https:\/\/www.malinashop.lt\/wp-content\/uploads\/2026\/05\/LaQ-Barzdos-ir-veido-aliejus-BAD-BOY-\u2013-Tvarkingas-is-isores-pavojingas-viduje-30ml.jpg","datePublished":"2026-05-01T19:17:24+00:00","dateModified":"2026-05-02T18:35:39+00:00","description":"LaQ BAD BOY barzdos aliejus dr\u0117kina, mink\u0161tina ir ramina od\u0105 po skutimosi. Su nat\u016braliais aliejais, vegani\u0161ka formul\u0117, 30 ml.","breadcrumb":{"@id":"https:\/\/www.malinashop.lt\/shop\/laq-barzdos-ir-veido-aliejus-bad-boy-tvarkingas-is-isores-pavojingas-viduje-30ml\/#breadcrumb"},"inLanguage":"lt-LT","potentialAction":[{"@type":"ReadAction","target":["https:\/\/www.malinashop.lt\/shop\/laq-barzdos-ir-veido-aliejus-bad-boy-tvarkingas-is-isores-pavojingas-viduje-30ml\/"]}]},{"@type":"ImageObject","inLanguage":"lt-LT","@id":"https:\/\/www.malinashop.lt\/shop\/laq-barzdos-ir-veido-aliejus-bad-boy-tvarkingas-is-isores-pavojingas-viduje-30ml\/#primaryimage","url":"https:\/\/www.malinashop.lt\/wp-content\/uploads\/2026\/05\/LaQ-Barzdos-ir-veido-aliejus-BAD-BOY-\u2013-Tvarkingas-is-isores-pavojingas-viduje-30ml.jpg","contentUrl":"https:\/\/www.malinashop.lt\/wp-content\/uploads\/2026\/05\/LaQ-Barzdos-ir-veido-aliejus-BAD-BOY-\u2013-Tvarkingas-is-isores-pavojingas-viduje-30ml.jpg","width":2500,"height":2500},{"@type":"BreadcrumbList","@id":"https:\/\/www.malinashop.lt\/shop\/laq-barzdos-ir-veido-aliejus-bad-boy-tvarkingas-is-isores-pavojingas-viduje-30ml\/#breadcrumb","itemListElement":[{"@type":"ListItem","position":1,"name":"Pagrindinis","item":"https:\/\/www.malinashop.lt\/"},{"@type":"ListItem","position":2,"name":"Parduotuv\u0117","item":"https:\/\/www.malinashop.lt\/en\/parduotuve\/"},{"@type":"ListItem","position":3,"name":"LaQ Barzdos ir veido aliejus BAD BOY \u2013 Tvarkingas i\u0161 i\u0161or\u0117s, pavojingas viduje, 30ml"}]},{"@type":"WebSite","@id":"https:\/\/www.malinashop.lt\/#website","url":"https:\/\/www.malinashop.lt\/","name":"COM Group Ecommerce","description":"MalinaShop.lt - Gro\u017eio ir sveikatos produktai i\u0161 patikim\u0173 preki\u0173 \u017eenkl\u0173. Atraskite auk\u0161tos kokyb\u0117s kosmetik\u0105 u\u017e puiki\u0105 kain\u0105.","publisher":{"@id":"https:\/\/www.malinashop.lt\/#organization"},"potentialAction":[{"@type":"SearchAction","target":{"@type":"EntryPoint","urlTemplate":"https:\/\/www.malinashop.lt\/?s={search_term_string}"},"query-input":{"@type":"PropertyValueSpecification","valueRequired":true,"valueName":"search_term_string"}}],"inLanguage":"lt-LT"},{"@type":"Organization","@id":"https:\/\/www.malinashop.lt\/#organization","name":"COM Group Ecommerce","url":"https:\/\/www.malinashop.lt\/","logo":{"@type":"ImageObject","inLanguage":"lt-LT","@id":"https:\/\/www.malinashop.lt\/#\/schema\/logo\/image\/","url":"https:\/\/www.malinashop.lt\/wp-content\/uploads\/2024\/08\/462559670_3787732518133670_9795632669273463_n-e1731525914575.png","contentUrl":"https:\/\/www.malinashop.lt\/wp-content\/uploads\/2024\/08\/462559670_3787732518133670_9795632669273463_n-e1731525914575.png","width":180,"height":60,"caption":"COM Group Ecommerce"},"image":{"@id":"https:\/\/www.malinashop.lt\/#\/schema\/logo\/image\/"}}]}},"jetpack_sharing_enabled":true,"_links":{"self":[{"href":"https:\/\/www.malinashop.lt\/lt_lt\/wp-json\/wp\/v2\/product\/77910","targetHints":{"allow":["GET"]}}],"collection":[{"href":"https:\/\/www.malinashop.lt\/lt_lt\/wp-json\/wp\/v2\/product"}],"about":[{"href":"https:\/\/www.malinashop.lt\/lt_lt\/wp-json\/wp\/v2\/types\/product"}],"version-history":[{"count":1,"href":"https:\/\/www.malinashop.lt\/lt_lt\/wp-json\/wp\/v2\/product\/77910\/revisions"}],"predecessor-version":[{"id":77913,"href":"https:\/\/www.malinashop.lt\/lt_lt\/wp-json\/wp\/v2\/product\/77910\/revisions\/77913"}],"wp:featuredmedia":[{"embeddable":true,"href":"https:\/\/www.malinashop.lt\/lt_lt\/wp-json\/wp\/v2\/media\/77912"}],"wp:attachment":[{"href":"https:\/\/www.malinashop.lt\/lt_lt\/wp-json\/wp\/v2\/media?parent=77910"}],"wp:term":[{"taxonomy":"product_brand","embeddable":true,"href":"https:\/\/www.malinashop.lt\/lt_lt\/wp-json\/wp\/v2\/product_brand?post=77910"},{"taxonomy":"product_cat","embeddable":true,"href":"https:\/\/www.malinashop.lt\/lt_lt\/wp-json\/wp\/v2\/product_cat?post=77910"},{"taxonomy":"product_tag","embeddable":true,"href":"https:\/\/www.malinashop.lt\/lt_lt\/wp-json\/wp\/v2\/product_tag?post=77910"}],"curies":[{"name":"wp","href":"https:\/\/api.w.org\/{rel}","templated":true}]}}