{"id":77679,"date":"2026-04-29T20:30:40","date_gmt":"2026-04-29T17:30:40","guid":{"rendered":"https:\/\/www.malinashop.lt\/?post_type=product&#038;p=77679"},"modified":"2026-04-29T20:53:15","modified_gmt":"2026-04-29T17:53:15","slug":"laq-duso-gelis-8in1-sekso-ir-verslo-kvapas-pinigu-kvapas-moteru-silpnybe-500ml","status":"publish","type":"product","link":"https:\/\/www.malinashop.lt\/lt_lt\/shop\/laq-duso-gelis-8in1-sekso-ir-verslo-kvapas-pinigu-kvapas-moteru-silpnybe-500ml\/","title":{"rendered":"LaQ Du\u0161o gelis 8in1 SEKSO IR VERSLO KVAPAS \u2013 Pinig\u0173 kvapas, moter\u0173 silpnyb\u0117, 500ml"},"content":{"rendered":"<h3 data-section-id=\"1hzyapo\" data-start=\"590\" data-end=\"674\">LaQ Du\u0161o gelis 8in1 SEX AND BUSINESS \u2013 Pavojingai ramus, velni\u0161kai \u017eavus, 500 ml<\/h3>\n<p data-start=\"676\" data-end=\"890\">\u0160tai ir jis \u2013 vegani\u0161kas, ultra vyri\u0161kas du\u0161o gelis, kuris nekalba tyliai. Kvepia kar\u0161tu seksu ir klestin\u010diu verslu&#8230; arba klestin\u010diu seksu ir kar\u0161tu verslu. Ties\u0105 sakant, pats dar neapsisprend\u0117, kas \u010dia stipriau.<\/p>\n<p data-start=\"892\" data-end=\"1068\">Jei tavo nosis pakankamai a\u0161tri \u2013 pajusi i\u0161rai\u0161king\u0105 vyri\u0161k\u0105 aromat\u0105 su kardamono ir juod\u0173j\u0173 pipir\u0173 natomis. Ka\u017ekas kart\u0105 j\u012f pavadino geriausiu. Ir iki \u0161iol n\u0117 karto neat\u0161auk\u0117.<\/p>\n<h3 data-section-id=\"18jursg\" data-start=\"1070\" data-end=\"1105\">K\u0105 jis gali padaryti d\u0117l tav\u0119s?<\/h3>\n<p data-start=\"1107\" data-end=\"1217\">B\u016bkime atviri \u2013 jis plauna ir kvepia fantasti\u0161kai. Abu darbus atlieka i\u0161skirtinai gerai ir velni\u0161kai vyri\u0161kai.<\/p>\n<p data-start=\"1219\" data-end=\"1282\">Tod\u0117l nereikia apsimetin\u0117ti \u2013 j\u016bs tiesiog sukurti vienas kitam.<\/p>\n<h3 data-section-id=\"1i4ams\" data-start=\"1284\" data-end=\"1305\">K\u0105 slepia viduje?<\/h3>\n<p data-start=\"1307\" data-end=\"1383\">I\u0161 i\u0161or\u0117s kietas, ry\u017etingas ir nekompromisinis. Viduje \u2013 steb\u0117tinai \u0161velnus.<\/p>\n<p data-start=\"1385\" data-end=\"1400\">Formul\u0117je rasi:<\/p>\n<p data-start=\"1402\" data-end=\"1490\">\u2714 Augalin\u0117s kilm\u0117s glicerin\u0105<br data-start=\"1430\" data-end=\"1433\" \/>\u2714 Kardamono s\u0117kl\u0173 ekstrakt\u0105<br data-start=\"1460\" data-end=\"1463\" \/>\u2714 \u0160lapal\u0105<br data-start=\"1472\" data-end=\"1475\" \/>\u2714 Niacinamid\u0105<\/p>\n<p data-start=\"1492\" data-end=\"1558\">Visa tai padeda palaikyti odos dr\u0117gm\u0119, komfort\u0105 ir ger\u0105 savijaut\u0105.<\/p>\n<h3 data-section-id=\"pjnah1\" data-start=\"1560\" data-end=\"1580\">K\u0105 rei\u0161kia 8in1?<\/h3>\n<p data-start=\"1582\" data-end=\"1666\">Vienas buteliukas \u2013 daug naudos vyrui, kuris neturi laiko bereikalingiems ritualams.<\/p>\n<p data-start=\"1668\" data-end=\"1909\">\u2714 Tinka k\u016bnui plauti<br data-start=\"1688\" data-end=\"1691\" \/>\u2714 Tinka rankoms plauti<br data-start=\"1713\" data-end=\"1716\" \/>\u2714 Tinka veidui prausti<br data-start=\"1738\" data-end=\"1741\" \/>\u2714 Tinka plaukams plauti<br data-start=\"1764\" data-end=\"1767\" \/>\u2714 Tinka po sporto atsigaivinti<br data-start=\"1797\" data-end=\"1800\" \/>\u2714 Tinka rytiniam greitam du\u0161ui<br data-start=\"1830\" data-end=\"1833\" \/>\u2714 Tinka kelion\u0117ms ir sporto krep\u0161iui<br data-start=\"1869\" data-end=\"1872\" \/>\u2714 Tinka vyrui, kuris m\u0117gsta rezultat\u0105<\/p>\n<h3 data-section-id=\"1f55w5e\" data-start=\"1911\" data-end=\"1926\">Kvapo natos<\/h3>\n<p data-start=\"1928\" data-end=\"2137\"><strong data-start=\"1928\" data-end=\"1949\">Vir\u0161utin\u0117s natos:<\/strong> citrina, greipfrutas, vandens akordai<br data-start=\"1987\" data-end=\"1990\" \/><strong data-start=\"1990\" data-end=\"2008\">\u0160irdies natos:<\/strong> obuolys, m\u0117ta, ro\u017einiai pipirai, ro\u017e\u0117<br data-start=\"2046\" data-end=\"2049\" \/><strong data-start=\"2049\" data-end=\"2067\">Bazin\u0117s natos:<\/strong> kedras, sandalmedis, sausos medienos natos, tonka pupel\u0117s, muskusas<\/p>\n<p data-start=\"2139\" data-end=\"2231\">Kvapas solidus, stiprus ir \u012fsimenantis. Toks, kuris palieka \u012fsp\u016bd\u012f dar prie\u0161 pasisveikinim\u0105.<\/p>\n<h3 data-section-id=\"p5kk4h\" data-start=\"2233\" data-end=\"2252\">K\u0105 kalba gatv\u0117?<\/h3>\n<p data-start=\"2254\" data-end=\"2334\">Bandai daryti pinigus ar tur\u0117jai laukin\u012f vakar\u0105, o dabar kvepi kaip \u0161lapias \u0161uo?<\/p>\n<p data-start=\"2336\" data-end=\"2346\">Vyrai, ne.<\/p>\n<p data-start=\"2348\" data-end=\"2373\">Visa tai reikia nuplauti.<\/p>\n<p data-start=\"2375\" data-end=\"2506\"><strong data-start=\"2375\" data-end=\"2395\">SEX AND BUSINESS<\/strong> \u2013 tai gryna klas\u0117. Kvapas, kuris primena jau u\u017edirbtus pinigus, tvirt\u0105 charakter\u012f ir vyr\u0105, kuris \u017eino ko nori.<\/p>\n<p data-start=\"2508\" data-end=\"2638\">O jei vakar pri\u0117mei vien\u0105 kit\u0105 abejotin\u0105 sprendim\u0105 \u2013 nesijaudink. \u0160is gelis nuplauna ne tik prakait\u0105, bet ir vakaryk\u0161\u010dias klaidas.<\/p>\n<h3 data-section-id=\"1l2d6ae\" data-start=\"2640\" data-end=\"2656\">Kas yra LaQ?<\/h3>\n<p data-start=\"2658\" data-end=\"2885\">LaQ \u2013 i\u0161skirtinis kosmetikos prek\u0117s \u017eenklas i\u0161 Lenkijos, gars\u0117jantis vegani\u0161kais produktais, \u0161maik\u0161\u010diais pavadinimais, originaliomis pakuot\u0117mis ir kokybi\u0161komis formul\u0117mis. Tai kosmetika tiems, kurie nem\u0117gsta nuobod\u017eios rutinos.<\/p>\n<h3 data-section-id=\"ei6umv\" data-start=\"2887\" data-end=\"2910\">Puiki dovanos id\u0117ja<\/h3>\n<p data-start=\"2912\" data-end=\"3054\">Ie\u0161kote dovanos vyrui, draugui, broliui ar kolegai? <strong data-start=\"2964\" data-end=\"2989\">SEX AND BUSINESS 8in1<\/strong> \u2013 prakti\u0161kas, stilingas ir linksmai provokuojantis pasirinkimas.<\/p>\n<h3 data-section-id=\"ezgn8r\" data-start=\"3056\" data-end=\"3070\">Naudojimas<\/h3>\n<p data-start=\"3072\" data-end=\"3141\">U\u017etepk, suputok, nuskalauk. Atmink \u2013 su juo nuplautas liksi tik du\u0161e.<\/p>\n<h3 data-section-id=\"17n6vsh\" data-start=\"3143\" data-end=\"3161\">Sud\u0117tis (INCI)<\/h3>\n<p data-start=\"3163\" data-end=\"3482\">Aqua, Sodium Coco-Sulfate, Coco-Glucoside, Cocamidopropyl Betaine, Glycerin, Glyceryl Oleate, Piper Nigrum Fruit Extract, Elettaria Cardamomum Seed Extract, Sodium Lactate, Sodium PCA, Glycine, Fructose, Urea, Niacinamide, Inositol, Lactic Acid, Sodium Chloride, Sodium Benzoate, Potassium Sorbate, Citric Acid, Parfum.<\/p>\n<h3 data-section-id=\"79r9v2\" data-start=\"3484\" data-end=\"3493\">Talpa<\/h3>\n<p data-start=\"3495\" data-end=\"3501\">500 ml<\/p>\n<p data-start=\"3503\" data-end=\"3546\" data-is-last-node=\"\" data-is-only-node=\"\"><strong data-start=\"3503\" data-end=\"3546\" data-is-last-node=\"\">Kai vyras ramus \u2013 kvapas kalba garsiau.<\/strong><\/p>\n<hr \/>\n<p><strong>Laq \u2014 kosmetika, kuri nesivar\u017eo.<\/strong> Nat\u016brali. Vegani\u0161ka. Dermatologi\u0161kai testuota. Ir su pavadinimais, kurie jus privers prisiminti, kad prausimasis gali b\u016bti linksmas.<\/p>\n<p>Atpa\u017e\u012fstate save? Savo vyr\u0105? Draug\u0105, kuris visada turi k\u0105 pasakyti? <strong>Puiki nestandartin\u0117 dovana tiems, kurie visk\u0105 turi.<\/strong> Nes kas nor\u0117t\u0173 gauti dar vien\u0105 kojini\u0173 por\u0105?<\/p>\n","protected":false},"excerpt":{"rendered":"<p data-start=\"295\" data-end=\"598\">Kai vieni tik kalba, kiti jau laimi. LaQ <strong data-start=\"342\" data-end=\"367\">SEX AND BUSINESS 8in1<\/strong> du\u0161o gelis \u0161velniai valo k\u016bn\u0105, gaivina ir apgaubia solid\u017eiu vyri\u0161ku aromatu. Vegani\u0161ka formul\u0117, stiprus charakteris ir 500 ml talpa vyrui, kuris vertina rezultat\u0105, stili\u0173 ir pasitik\u0117jim\u0105 savimi.<\/p>\n","protected":false},"featured_media":77691,"template":"","meta":[],"product_brand":[1699],"product_cat":[538,731],"product_tag":[],"class_list":{"0":"post-77679","1":"product","2":"type-product","3":"status-publish","4":"has-post-thumbnail","6":"product_brand-laq","7":"product_cat-kuno-prausikliai-duso-geliai","8":"product_cat-kunui","10":"first","11":"instock","12":"taxable","13":"shipping-taxable","14":"purchasable","15":"product-type-simple"},"yoast_head":"<!-- This site is optimized with the Yoast SEO plugin v27.5 - https:\/\/yoast.com\/product\/yoast-seo-wordpress\/ -->\n<title>LaQ Du\u0161o gelis 8in1 SEKSO IR VERSLO KVAPAS \u2013 Pinig\u0173 kvapas, moter\u0173 silpnyb\u0117, 500ml - MalinaShop.lt J\u016bs\u0173 sveikatai ir gro\u017eiui.<\/title>\n<meta name=\"description\" content=\"LaQ SEX AND BUSINESS 8in1 du\u0161o gelis gaivina, \u0161velniai valo ir vilioja vyri\u0161ku aromatu su kardamonu, pipirais bei medienos natomis. Vegani\u0161kas, 500 ml.\" \/>\n<meta name=\"robots\" content=\"index, follow, max-snippet:-1, max-image-preview:large, max-video-preview:-1\" \/>\n<link rel=\"canonical\" href=\"https:\/\/www.malinashop.lt\/lt_lt\/shop\/laq-duso-gelis-8in1-sekso-ir-verslo-kvapas-pinigu-kvapas-moteru-silpnybe-500ml\/\" \/>\n<meta property=\"og:locale\" content=\"lt_LT\" \/>\n<meta property=\"og:type\" content=\"article\" \/>\n<meta property=\"og:title\" content=\"LaQ Du\u0161o gelis 8in1 SEKSO IR VERSLO KVAPAS \u2013 Pinig\u0173 kvapas, moter\u0173 silpnyb\u0117, 500ml - MalinaShop.lt J\u016bs\u0173 sveikatai ir gro\u017eiui.\" \/>\n<meta property=\"og:description\" content=\"LaQ SEX AND BUSINESS 8in1 du\u0161o gelis gaivina, \u0161velniai valo ir vilioja vyri\u0161ku aromatu su kardamonu, pipirais bei medienos natomis. Vegani\u0161kas, 500 ml.\" \/>\n<meta property=\"og:url\" content=\"https:\/\/www.malinashop.lt\/lt_lt\/shop\/laq-duso-gelis-8in1-sekso-ir-verslo-kvapas-pinigu-kvapas-moteru-silpnybe-500ml\/\" \/>\n<meta property=\"og:site_name\" content=\"MalinaShop.lt J\u016bs\u0173 sveikatai ir gro\u017eiui.\" \/>\n<meta property=\"article:modified_time\" content=\"2026-04-29T17:53:15+00:00\" \/>\n<meta property=\"og:image\" content=\"https:\/\/www.malinashop.lt\/wp-content\/uploads\/2026\/04\/ChatGPT-Image-2026-04-29-20_49_50.png\" \/>\n\t<meta property=\"og:image:width\" content=\"1122\" \/>\n\t<meta property=\"og:image:height\" content=\"1402\" \/>\n\t<meta property=\"og:image:type\" content=\"image\/png\" \/>\n<meta name=\"twitter:card\" content=\"summary_large_image\" \/>\n<script type=\"application\/ld+json\" class=\"yoast-schema-graph\">{\"@context\":\"https:\\\/\\\/schema.org\",\"@graph\":[{\"@type\":\"WebPage\",\"@id\":\"https:\\\/\\\/www.malinashop.lt\\\/shop\\\/laq-duso-gelis-8in1-sekso-ir-verslo-kvapas-pinigu-kvapas-moteru-silpnybe-500ml\\\/\",\"url\":\"https:\\\/\\\/www.malinashop.lt\\\/shop\\\/laq-duso-gelis-8in1-sekso-ir-verslo-kvapas-pinigu-kvapas-moteru-silpnybe-500ml\\\/\",\"name\":\"LaQ Du\u0161o gelis 8in1 SEKSO IR VERSLO KVAPAS \u2013 Pinig\u0173 kvapas, moter\u0173 silpnyb\u0117, 500ml - MalinaShop.lt J\u016bs\u0173 sveikatai ir gro\u017eiui.\",\"isPartOf\":{\"@id\":\"https:\\\/\\\/www.malinashop.lt\\\/#website\"},\"primaryImageOfPage\":{\"@id\":\"https:\\\/\\\/www.malinashop.lt\\\/shop\\\/laq-duso-gelis-8in1-sekso-ir-verslo-kvapas-pinigu-kvapas-moteru-silpnybe-500ml\\\/#primaryimage\"},\"image\":{\"@id\":\"https:\\\/\\\/www.malinashop.lt\\\/shop\\\/laq-duso-gelis-8in1-sekso-ir-verslo-kvapas-pinigu-kvapas-moteru-silpnybe-500ml\\\/#primaryimage\"},\"thumbnailUrl\":\"https:\\\/\\\/www.malinashop.lt\\\/wp-content\\\/uploads\\\/2026\\\/04\\\/ChatGPT-Image-2026-04-29-20_49_50.png\",\"datePublished\":\"2026-04-29T17:30:40+00:00\",\"dateModified\":\"2026-04-29T17:53:15+00:00\",\"description\":\"LaQ SEX AND BUSINESS 8in1 du\u0161o gelis gaivina, \u0161velniai valo ir vilioja vyri\u0161ku aromatu su kardamonu, pipirais bei medienos natomis. Vegani\u0161kas, 500 ml.\",\"breadcrumb\":{\"@id\":\"https:\\\/\\\/www.malinashop.lt\\\/shop\\\/laq-duso-gelis-8in1-sekso-ir-verslo-kvapas-pinigu-kvapas-moteru-silpnybe-500ml\\\/#breadcrumb\"},\"inLanguage\":\"lt-LT\",\"potentialAction\":[{\"@type\":\"ReadAction\",\"target\":[\"https:\\\/\\\/www.malinashop.lt\\\/shop\\\/laq-duso-gelis-8in1-sekso-ir-verslo-kvapas-pinigu-kvapas-moteru-silpnybe-500ml\\\/\"]}]},{\"@type\":\"ImageObject\",\"inLanguage\":\"lt-LT\",\"@id\":\"https:\\\/\\\/www.malinashop.lt\\\/shop\\\/laq-duso-gelis-8in1-sekso-ir-verslo-kvapas-pinigu-kvapas-moteru-silpnybe-500ml\\\/#primaryimage\",\"url\":\"https:\\\/\\\/www.malinashop.lt\\\/wp-content\\\/uploads\\\/2026\\\/04\\\/ChatGPT-Image-2026-04-29-20_49_50.png\",\"contentUrl\":\"https:\\\/\\\/www.malinashop.lt\\\/wp-content\\\/uploads\\\/2026\\\/04\\\/ChatGPT-Image-2026-04-29-20_49_50.png\",\"width\":1122,\"height\":1402},{\"@type\":\"BreadcrumbList\",\"@id\":\"https:\\\/\\\/www.malinashop.lt\\\/shop\\\/laq-duso-gelis-8in1-sekso-ir-verslo-kvapas-pinigu-kvapas-moteru-silpnybe-500ml\\\/#breadcrumb\",\"itemListElement\":[{\"@type\":\"ListItem\",\"position\":1,\"name\":\"Pagrindinis\",\"item\":\"https:\\\/\\\/www.malinashop.lt\\\/\"},{\"@type\":\"ListItem\",\"position\":2,\"name\":\"Parduotuv\u0117\",\"item\":\"https:\\\/\\\/www.malinashop.lt\\\/en\\\/parduotuve\\\/\"},{\"@type\":\"ListItem\",\"position\":3,\"name\":\"LaQ Du\u0161o gelis 8in1 SEKSO IR VERSLO KVAPAS \u2013 Pinig\u0173 kvapas, moter\u0173 silpnyb\u0117, 500ml\"}]},{\"@type\":\"WebSite\",\"@id\":\"https:\\\/\\\/www.malinashop.lt\\\/#website\",\"url\":\"https:\\\/\\\/www.malinashop.lt\\\/\",\"name\":\"COM Group Ecommerce\",\"description\":\"MalinaShop.lt - Gro\u017eio ir sveikatos produktai i\u0161 patikim\u0173 preki\u0173 \u017eenkl\u0173. Atraskite auk\u0161tos kokyb\u0117s kosmetik\u0105 u\u017e puiki\u0105 kain\u0105.\",\"publisher\":{\"@id\":\"https:\\\/\\\/www.malinashop.lt\\\/#organization\"},\"potentialAction\":[{\"@type\":\"SearchAction\",\"target\":{\"@type\":\"EntryPoint\",\"urlTemplate\":\"https:\\\/\\\/www.malinashop.lt\\\/?s={search_term_string}\"},\"query-input\":{\"@type\":\"PropertyValueSpecification\",\"valueRequired\":true,\"valueName\":\"search_term_string\"}}],\"inLanguage\":\"lt-LT\"},{\"@type\":\"Organization\",\"@id\":\"https:\\\/\\\/www.malinashop.lt\\\/#organization\",\"name\":\"COM Group Ecommerce\",\"url\":\"https:\\\/\\\/www.malinashop.lt\\\/\",\"logo\":{\"@type\":\"ImageObject\",\"inLanguage\":\"lt-LT\",\"@id\":\"https:\\\/\\\/www.malinashop.lt\\\/#\\\/schema\\\/logo\\\/image\\\/\",\"url\":\"https:\\\/\\\/www.malinashop.lt\\\/wp-content\\\/uploads\\\/2024\\\/08\\\/462559670_3787732518133670_9795632669273463_n-e1731525914575.png\",\"contentUrl\":\"https:\\\/\\\/www.malinashop.lt\\\/wp-content\\\/uploads\\\/2024\\\/08\\\/462559670_3787732518133670_9795632669273463_n-e1731525914575.png\",\"width\":180,\"height\":60,\"caption\":\"COM Group Ecommerce\"},\"image\":{\"@id\":\"https:\\\/\\\/www.malinashop.lt\\\/#\\\/schema\\\/logo\\\/image\\\/\"}}]}<\/script>\n<!-- \/ Yoast SEO plugin. -->","yoast_head_json":{"title":"LaQ Du\u0161o gelis 8in1 SEKSO IR VERSLO KVAPAS \u2013 Pinig\u0173 kvapas, moter\u0173 silpnyb\u0117, 500ml - MalinaShop.lt J\u016bs\u0173 sveikatai ir gro\u017eiui.","description":"LaQ SEX AND BUSINESS 8in1 du\u0161o gelis gaivina, \u0161velniai valo ir vilioja vyri\u0161ku aromatu su kardamonu, pipirais bei medienos natomis. Vegani\u0161kas, 500 ml.","robots":{"index":"index","follow":"follow","max-snippet":"max-snippet:-1","max-image-preview":"max-image-preview:large","max-video-preview":"max-video-preview:-1"},"canonical":"https:\/\/www.malinashop.lt\/lt_lt\/shop\/laq-duso-gelis-8in1-sekso-ir-verslo-kvapas-pinigu-kvapas-moteru-silpnybe-500ml\/","og_locale":"lt_LT","og_type":"article","og_title":"LaQ Du\u0161o gelis 8in1 SEKSO IR VERSLO KVAPAS \u2013 Pinig\u0173 kvapas, moter\u0173 silpnyb\u0117, 500ml - MalinaShop.lt J\u016bs\u0173 sveikatai ir gro\u017eiui.","og_description":"LaQ SEX AND BUSINESS 8in1 du\u0161o gelis gaivina, \u0161velniai valo ir vilioja vyri\u0161ku aromatu su kardamonu, pipirais bei medienos natomis. Vegani\u0161kas, 500 ml.","og_url":"https:\/\/www.malinashop.lt\/lt_lt\/shop\/laq-duso-gelis-8in1-sekso-ir-verslo-kvapas-pinigu-kvapas-moteru-silpnybe-500ml\/","og_site_name":"MalinaShop.lt J\u016bs\u0173 sveikatai ir gro\u017eiui.","article_modified_time":"2026-04-29T17:53:15+00:00","og_image":[{"url":"https:\/\/www.malinashop.lt\/wp-content\/uploads\/2026\/04\/ChatGPT-Image-2026-04-29-20_49_50.png","width":1122,"height":1402,"type":"image\/png"}],"twitter_card":"summary_large_image","schema":{"@context":"https:\/\/schema.org","@graph":[{"@type":"WebPage","@id":"https:\/\/www.malinashop.lt\/shop\/laq-duso-gelis-8in1-sekso-ir-verslo-kvapas-pinigu-kvapas-moteru-silpnybe-500ml\/","url":"https:\/\/www.malinashop.lt\/shop\/laq-duso-gelis-8in1-sekso-ir-verslo-kvapas-pinigu-kvapas-moteru-silpnybe-500ml\/","name":"LaQ Du\u0161o gelis 8in1 SEKSO IR VERSLO KVAPAS \u2013 Pinig\u0173 kvapas, moter\u0173 silpnyb\u0117, 500ml - MalinaShop.lt J\u016bs\u0173 sveikatai ir gro\u017eiui.","isPartOf":{"@id":"https:\/\/www.malinashop.lt\/#website"},"primaryImageOfPage":{"@id":"https:\/\/www.malinashop.lt\/shop\/laq-duso-gelis-8in1-sekso-ir-verslo-kvapas-pinigu-kvapas-moteru-silpnybe-500ml\/#primaryimage"},"image":{"@id":"https:\/\/www.malinashop.lt\/shop\/laq-duso-gelis-8in1-sekso-ir-verslo-kvapas-pinigu-kvapas-moteru-silpnybe-500ml\/#primaryimage"},"thumbnailUrl":"https:\/\/www.malinashop.lt\/wp-content\/uploads\/2026\/04\/ChatGPT-Image-2026-04-29-20_49_50.png","datePublished":"2026-04-29T17:30:40+00:00","dateModified":"2026-04-29T17:53:15+00:00","description":"LaQ SEX AND BUSINESS 8in1 du\u0161o gelis gaivina, \u0161velniai valo ir vilioja vyri\u0161ku aromatu su kardamonu, pipirais bei medienos natomis. Vegani\u0161kas, 500 ml.","breadcrumb":{"@id":"https:\/\/www.malinashop.lt\/shop\/laq-duso-gelis-8in1-sekso-ir-verslo-kvapas-pinigu-kvapas-moteru-silpnybe-500ml\/#breadcrumb"},"inLanguage":"lt-LT","potentialAction":[{"@type":"ReadAction","target":["https:\/\/www.malinashop.lt\/shop\/laq-duso-gelis-8in1-sekso-ir-verslo-kvapas-pinigu-kvapas-moteru-silpnybe-500ml\/"]}]},{"@type":"ImageObject","inLanguage":"lt-LT","@id":"https:\/\/www.malinashop.lt\/shop\/laq-duso-gelis-8in1-sekso-ir-verslo-kvapas-pinigu-kvapas-moteru-silpnybe-500ml\/#primaryimage","url":"https:\/\/www.malinashop.lt\/wp-content\/uploads\/2026\/04\/ChatGPT-Image-2026-04-29-20_49_50.png","contentUrl":"https:\/\/www.malinashop.lt\/wp-content\/uploads\/2026\/04\/ChatGPT-Image-2026-04-29-20_49_50.png","width":1122,"height":1402},{"@type":"BreadcrumbList","@id":"https:\/\/www.malinashop.lt\/shop\/laq-duso-gelis-8in1-sekso-ir-verslo-kvapas-pinigu-kvapas-moteru-silpnybe-500ml\/#breadcrumb","itemListElement":[{"@type":"ListItem","position":1,"name":"Pagrindinis","item":"https:\/\/www.malinashop.lt\/"},{"@type":"ListItem","position":2,"name":"Parduotuv\u0117","item":"https:\/\/www.malinashop.lt\/en\/parduotuve\/"},{"@type":"ListItem","position":3,"name":"LaQ Du\u0161o gelis 8in1 SEKSO IR VERSLO KVAPAS \u2013 Pinig\u0173 kvapas, moter\u0173 silpnyb\u0117, 500ml"}]},{"@type":"WebSite","@id":"https:\/\/www.malinashop.lt\/#website","url":"https:\/\/www.malinashop.lt\/","name":"COM Group Ecommerce","description":"MalinaShop.lt - Gro\u017eio ir sveikatos produktai i\u0161 patikim\u0173 preki\u0173 \u017eenkl\u0173. Atraskite auk\u0161tos kokyb\u0117s kosmetik\u0105 u\u017e puiki\u0105 kain\u0105.","publisher":{"@id":"https:\/\/www.malinashop.lt\/#organization"},"potentialAction":[{"@type":"SearchAction","target":{"@type":"EntryPoint","urlTemplate":"https:\/\/www.malinashop.lt\/?s={search_term_string}"},"query-input":{"@type":"PropertyValueSpecification","valueRequired":true,"valueName":"search_term_string"}}],"inLanguage":"lt-LT"},{"@type":"Organization","@id":"https:\/\/www.malinashop.lt\/#organization","name":"COM Group Ecommerce","url":"https:\/\/www.malinashop.lt\/","logo":{"@type":"ImageObject","inLanguage":"lt-LT","@id":"https:\/\/www.malinashop.lt\/#\/schema\/logo\/image\/","url":"https:\/\/www.malinashop.lt\/wp-content\/uploads\/2024\/08\/462559670_3787732518133670_9795632669273463_n-e1731525914575.png","contentUrl":"https:\/\/www.malinashop.lt\/wp-content\/uploads\/2024\/08\/462559670_3787732518133670_9795632669273463_n-e1731525914575.png","width":180,"height":60,"caption":"COM Group Ecommerce"},"image":{"@id":"https:\/\/www.malinashop.lt\/#\/schema\/logo\/image\/"}}]}},"jetpack_sharing_enabled":true,"_links":{"self":[{"href":"https:\/\/www.malinashop.lt\/lt_lt\/wp-json\/wp\/v2\/product\/77679","targetHints":{"allow":["GET"]}}],"collection":[{"href":"https:\/\/www.malinashop.lt\/lt_lt\/wp-json\/wp\/v2\/product"}],"about":[{"href":"https:\/\/www.malinashop.lt\/lt_lt\/wp-json\/wp\/v2\/types\/product"}],"version-history":[{"count":1,"href":"https:\/\/www.malinashop.lt\/lt_lt\/wp-json\/wp\/v2\/product\/77679\/revisions"}],"predecessor-version":[{"id":77682,"href":"https:\/\/www.malinashop.lt\/lt_lt\/wp-json\/wp\/v2\/product\/77679\/revisions\/77682"}],"wp:featuredmedia":[{"embeddable":true,"href":"https:\/\/www.malinashop.lt\/lt_lt\/wp-json\/wp\/v2\/media\/77691"}],"wp:attachment":[{"href":"https:\/\/www.malinashop.lt\/lt_lt\/wp-json\/wp\/v2\/media?parent=77679"}],"wp:term":[{"taxonomy":"product_brand","embeddable":true,"href":"https:\/\/www.malinashop.lt\/lt_lt\/wp-json\/wp\/v2\/product_brand?post=77679"},{"taxonomy":"product_cat","embeddable":true,"href":"https:\/\/www.malinashop.lt\/lt_lt\/wp-json\/wp\/v2\/product_cat?post=77679"},{"taxonomy":"product_tag","embeddable":true,"href":"https:\/\/www.malinashop.lt\/lt_lt\/wp-json\/wp\/v2\/product_tag?post=77679"}],"curies":[{"name":"wp","href":"https:\/\/api.w.org\/{rel}","templated":true}]}}