{"id":77536,"date":"2026-04-29T13:59:20","date_gmt":"2026-04-29T10:59:20","guid":{"rendered":"https:\/\/www.malinashop.lt\/shop\/laq-duso-gelis-forget-me-not-rock-roll-neuzmirstuole-lenkiskai\/"},"modified":"2026-04-29T17:16:54","modified_gmt":"2026-04-29T14:16:54","slug":"laq-duso-gelis-forget-me-not-neuzmirstuoliu-karaliene-kvepia-500ml","status":"publish","type":"product","link":"https:\/\/www.malinashop.lt\/lt_lt\/shop\/laq-duso-gelis-forget-me-not-neuzmirstuoliu-karaliene-kvepia-500ml\/","title":{"rendered":"Laq Du\u0161o gelis FORGET-ME-NOT \u2013 Neu\u017emir\u0161tuoli\u0173 karalien\u0117 kvepia, 500ml"},"content":{"rendered":"<p data-start=\"799\" data-end=\"962\">Yra kvap\u0173, kuriuos pamir\u0161ti ne\u012fmanoma. Yra moter\u0173, kurios \u012fsimena vos \u012f\u0117jusios \u012f kambar\u012f. Ir yra du\u0161o gelis, kuris paprast\u0105 rutin\u0105 paver\u010dia ma\u017eu kasdieniu ritualu.<\/p>\n<p data-start=\"964\" data-end=\"1203\"><span class=\"hover:entity-accent entity-underline inline cursor-pointer align-baseline\"><span class=\"whitespace-normal\">LaQ<\/span><\/span> <strong data-start=\"1002\" data-end=\"1019\">FORGET-ME-NOT<\/strong> \u2013 tai eleganti\u0161kas, moteri\u0161kas ir \u017eaismingas du\u0161o gelis su subtiliu parfumuotu aromatu bei neu\u017emir\u0161tuol\u0117s nata. Sukurtas toms, kurios atrodo \u0161velnios, ta\u010diau viduje slepia charakter\u012f.<\/p>\n<h3 data-section-id=\"17r3rfq\" data-start=\"1205\" data-end=\"1229\">Kod\u0117l verta rinktis?<\/h3>\n<p data-start=\"1231\" data-end=\"1549\">\u2714 \u0160velniai valo od\u0105 kasdienio prausimosi metu<br data-start=\"1276\" data-end=\"1279\" \/>\u2714 Padeda i\u0161laikyti odos komfort\u0105 ir \u0161velnum\u0105<br data-start=\"1323\" data-end=\"1326\" \/>\u2714 Augalinis glicerinas padeda dr\u0117kinti od\u0105<br data-start=\"1368\" data-end=\"1371\" \/>\u2714 Pantenolis ramina ir puosel\u0117ja<br data-start=\"1403\" data-end=\"1406\" \/>\u2714 Neu\u017emir\u0161tuol\u0117s ekstraktas suteikia i\u0161skirtinumo<br data-start=\"1455\" data-end=\"1458\" \/>\u2714 Vegani\u0161ka formul\u0117<br data-start=\"1477\" data-end=\"1480\" \/>\u2714 Didel\u0117 ir patogi 500 ml talpa<\/p>\n<h3 data-section-id=\"1f55w5e\" data-start=\"1551\" data-end=\"1566\">Kvapo natos<\/h3>\n<p data-start=\"1568\" data-end=\"1780\"><strong data-start=\"1568\" data-end=\"1589\">Vir\u0161utin\u0117s natos:<\/strong> mandarinas<br data-start=\"1600\" data-end=\"1603\" \/><strong data-start=\"1603\" data-end=\"1621\">\u0160irdies natos:<\/strong> neu\u017emir\u0161tuol\u0117, persikas, gvazdikas, jazminas, apelsin\u0173 \u017eiedai<br data-start=\"1683\" data-end=\"1686\" \/><strong data-start=\"1686\" data-end=\"1704\">Bazin\u0117s natos:<\/strong> vanil\u0117, sandalmedis, kedras, gintaras<\/p>\n<h3 data-section-id=\"1l2d6ae\" data-start=\"1782\" data-end=\"1798\">Kas yra LaQ?<\/h3>\n<p data-start=\"1800\" data-end=\"2025\"><span class=\"hover:entity-accent entity-underline inline cursor-pointer align-baseline\"><span class=\"whitespace-normal\">LaQ<\/span><\/span> \u2013 tai i\u0161skirtinis kosmetikos \u017eenklas i\u0161 Lenkijos, gars\u0117jantis nat\u016bralesn\u0117mis formul\u0117mis, vegani\u0161kais produktais ir dr\u0105siu humoru. J\u0173 kosmetika ne tik pri\u017ei\u016bri od\u0105, bet ir sukelia \u0161ypsen\u0105.<\/p>\n<h3 data-section-id=\"ei6umv\" data-start=\"2027\" data-end=\"2050\">Puiki dovanos id\u0117ja<\/h3>\n<p data-start=\"2052\" data-end=\"2200\">Ie\u0161kote dovanos moteriai, draugei, \u017emonai ar sesei? \u0160is du\u0161o gelis nustebina ne tik kvapu, bet ir stilingu charakteriu. Naudinga, gra\u017eu ir nebanalu.<\/p>\n<h3 data-section-id=\"ezgn8r\" data-start=\"2202\" data-end=\"2216\">Naudojimas<\/h3>\n<p data-start=\"2218\" data-end=\"2313\">Nedidel\u012f kiek\u012f paskirstykite ant dr\u0117gnos odos ar kempin\u0117s, suputokite ir nuskalaukite vandeniu.<\/p>\n<h3 data-section-id=\"17n6vsh\" data-start=\"2315\" data-end=\"2333\">Sud\u0117tis (INCI)<\/h3>\n<p data-start=\"2335\" data-end=\"2951\">Aqua, Sodium Coco-Sulfate, Coco-Glucoside, Cocamidopropyl Betaine, Glycerin, Glyceryl Oleate, Myosotis Sylvatica Seed Extract, Lactobacillus, Alpha-glucan Oligosaccharide, Polymnia Sonchifolia Root Juice, Panthenol, Linum Usitatissimum Seed Extract, Avena Sativa Kernel Extract, Oryza Sativa Extract, Aloe Barbadensis Leaf Extract, Chamomilla Recutita Flower Extract, Althaea Officinalis Root Extract, Sodium Lactate, Sodium PCA, Glycine, Fructose, Urea, Niacinamide, Inositol, Lactic Acid, Maltodextrin, Sodium Chloride, Sodium Benzoate, Potassium Sorbate, Citric Acid, Parfum.<\/p>\n<h3 data-section-id=\"79r9v2\" data-start=\"2953\" data-end=\"2962\">Talpa<\/h3>\n<p data-start=\"2964\" data-end=\"2970\">500 ml<\/p>\n<p data-start=\"2972\" data-end=\"3052\"><strong data-start=\"2972\" data-end=\"3052\">Neu\u017emir\u0161tuoli\u0173 kvapas praeina pro \u0161al\u012f retai. O \u0161is \u2013 lieka atmintyje ilgam.<\/strong><\/p>\n","protected":false},"excerpt":{"rendered":"<p>Kai du\u0161as tampa maloniu ritualu. <span class=\"hover:entity-accent entity-underline inline cursor-pointer align-baseline\"><span class=\"whitespace-normal\">LaQ<\/span><\/span> Forget Me Not du\u0161o gelis \u0161velniai valo od\u0105, dr\u0117kina ir apgaubia eleganti\u0161ku g\u0117li\u0173 aromatu. Vegani\u0161ka formul\u0117 su augaliniais ekstraktais kasdienai, kuri\u0105 norisi kartoti. Puikiai tinka dovanai tiems, kuriuos norisi nustebinti.<\/p>\n","protected":false},"featured_media":77538,"template":"","meta":[],"product_brand":[1699],"product_cat":[1690,538,731,1692],"product_tag":[],"class_list":{"0":"post-77536","1":"product","2":"type-product","3":"status-publish","4":"has-post-thumbnail","6":"product_brand-laq","7":"product_cat-duso-geliai","8":"product_cat-kuno-prausikliai-duso-geliai","9":"product_cat-kunui","10":"product_cat-moterims-duso-geliai","12":"first","13":"instock","14":"taxable","15":"shipping-taxable","16":"purchasable","17":"product-type-simple"},"yoast_head":"<!-- This site is optimized with the Yoast SEO plugin v27.5 - https:\/\/yoast.com\/product\/yoast-seo-wordpress\/ -->\n<title>Laq Du\u0161o gelis FORGET-ME-NOT \u2013 Neu\u017emir\u0161tuoli\u0173 karalien\u0117 kvepia, 500ml - MalinaShop.lt J\u016bs\u0173 sveikatai ir gro\u017eiui.<\/title>\n<meta name=\"description\" content=\"Laq du\u0161o gelis FORGET-ME-NOT su neu\u017emir\u0161tuoli\u0173 ekstraktu ir probiotikais. Vegani\u0161kas, nat\u016bralus. Mandarinas, jazminas, vanil\u0117. 500ml.\" \/>\n<meta name=\"robots\" content=\"index, follow, max-snippet:-1, max-image-preview:large, max-video-preview:-1\" \/>\n<link rel=\"canonical\" href=\"https:\/\/www.malinashop.lt\/lt_lt\/shop\/laq-duso-gelis-forget-me-not-neuzmirstuoliu-karaliene-kvepia-500ml\/\" \/>\n<meta property=\"og:locale\" content=\"lt_LT\" \/>\n<meta property=\"og:type\" content=\"article\" \/>\n<meta property=\"og:title\" content=\"Laq Du\u0161o gelis FORGET-ME-NOT \u2013 Neu\u017emir\u0161tuoli\u0173 karalien\u0117 kvepia, 500ml - MalinaShop.lt J\u016bs\u0173 sveikatai ir gro\u017eiui.\" \/>\n<meta property=\"og:description\" content=\"Laq du\u0161o gelis FORGET-ME-NOT su neu\u017emir\u0161tuoli\u0173 ekstraktu ir probiotikais. Vegani\u0161kas, nat\u016bralus. Mandarinas, jazminas, vanil\u0117. 500ml.\" \/>\n<meta property=\"og:url\" content=\"https:\/\/www.malinashop.lt\/lt_lt\/shop\/laq-duso-gelis-forget-me-not-neuzmirstuoliu-karaliene-kvepia-500ml\/\" \/>\n<meta property=\"og:site_name\" content=\"MalinaShop.lt J\u016bs\u0173 sveikatai ir gro\u017eiui.\" \/>\n<meta property=\"article:modified_time\" content=\"2026-04-29T14:16:54+00:00\" \/>\n<meta property=\"og:image\" content=\"https:\/\/www.malinashop.lt\/wp-content\/uploads\/2026\/04\/image4.jpg\" \/>\n\t<meta property=\"og:image:width\" content=\"1080\" \/>\n\t<meta property=\"og:image:height\" content=\"1080\" \/>\n\t<meta property=\"og:image:type\" content=\"image\/jpeg\" \/>\n<meta name=\"twitter:card\" content=\"summary_large_image\" \/>\n<script type=\"application\/ld+json\" class=\"yoast-schema-graph\">{\"@context\":\"https:\\\/\\\/schema.org\",\"@graph\":[{\"@type\":\"WebPage\",\"@id\":\"https:\\\/\\\/www.malinashop.lt\\\/shop\\\/laq-duso-gelis-forget-me-not-neuzmirstuoliu-karaliene-kvepia-500ml\\\/\",\"url\":\"https:\\\/\\\/www.malinashop.lt\\\/shop\\\/laq-duso-gelis-forget-me-not-neuzmirstuoliu-karaliene-kvepia-500ml\\\/\",\"name\":\"Laq Du\u0161o gelis FORGET-ME-NOT \u2013 Neu\u017emir\u0161tuoli\u0173 karalien\u0117 kvepia, 500ml - MalinaShop.lt J\u016bs\u0173 sveikatai ir gro\u017eiui.\",\"isPartOf\":{\"@id\":\"https:\\\/\\\/www.malinashop.lt\\\/#website\"},\"primaryImageOfPage\":{\"@id\":\"https:\\\/\\\/www.malinashop.lt\\\/shop\\\/laq-duso-gelis-forget-me-not-neuzmirstuoliu-karaliene-kvepia-500ml\\\/#primaryimage\"},\"image\":{\"@id\":\"https:\\\/\\\/www.malinashop.lt\\\/shop\\\/laq-duso-gelis-forget-me-not-neuzmirstuoliu-karaliene-kvepia-500ml\\\/#primaryimage\"},\"thumbnailUrl\":\"https:\\\/\\\/www.malinashop.lt\\\/wp-content\\\/uploads\\\/2026\\\/04\\\/image4.jpg\",\"datePublished\":\"2026-04-29T10:59:20+00:00\",\"dateModified\":\"2026-04-29T14:16:54+00:00\",\"description\":\"Laq du\u0161o gelis FORGET-ME-NOT su neu\u017emir\u0161tuoli\u0173 ekstraktu ir probiotikais. Vegani\u0161kas, nat\u016bralus. Mandarinas, jazminas, vanil\u0117. 500ml.\",\"breadcrumb\":{\"@id\":\"https:\\\/\\\/www.malinashop.lt\\\/shop\\\/laq-duso-gelis-forget-me-not-neuzmirstuoliu-karaliene-kvepia-500ml\\\/#breadcrumb\"},\"inLanguage\":\"lt-LT\",\"potentialAction\":[{\"@type\":\"ReadAction\",\"target\":[\"https:\\\/\\\/www.malinashop.lt\\\/shop\\\/laq-duso-gelis-forget-me-not-neuzmirstuoliu-karaliene-kvepia-500ml\\\/\"]}]},{\"@type\":\"ImageObject\",\"inLanguage\":\"lt-LT\",\"@id\":\"https:\\\/\\\/www.malinashop.lt\\\/shop\\\/laq-duso-gelis-forget-me-not-neuzmirstuoliu-karaliene-kvepia-500ml\\\/#primaryimage\",\"url\":\"https:\\\/\\\/www.malinashop.lt\\\/wp-content\\\/uploads\\\/2026\\\/04\\\/image4.jpg\",\"contentUrl\":\"https:\\\/\\\/www.malinashop.lt\\\/wp-content\\\/uploads\\\/2026\\\/04\\\/image4.jpg\",\"width\":1080,\"height\":1080},{\"@type\":\"BreadcrumbList\",\"@id\":\"https:\\\/\\\/www.malinashop.lt\\\/shop\\\/laq-duso-gelis-forget-me-not-neuzmirstuoliu-karaliene-kvepia-500ml\\\/#breadcrumb\",\"itemListElement\":[{\"@type\":\"ListItem\",\"position\":1,\"name\":\"Pagrindinis\",\"item\":\"https:\\\/\\\/www.malinashop.lt\\\/\"},{\"@type\":\"ListItem\",\"position\":2,\"name\":\"Parduotuv\u0117\",\"item\":\"https:\\\/\\\/www.malinashop.lt\\\/en\\\/parduotuve\\\/\"},{\"@type\":\"ListItem\",\"position\":3,\"name\":\"Laq Du\u0161o gelis FORGET-ME-NOT \u2013 Neu\u017emir\u0161tuoli\u0173 karalien\u0117 kvepia, 500ml\"}]},{\"@type\":\"WebSite\",\"@id\":\"https:\\\/\\\/www.malinashop.lt\\\/#website\",\"url\":\"https:\\\/\\\/www.malinashop.lt\\\/\",\"name\":\"COM Group Ecommerce\",\"description\":\"MalinaShop.lt - Gro\u017eio ir sveikatos produktai i\u0161 patikim\u0173 preki\u0173 \u017eenkl\u0173. Atraskite auk\u0161tos kokyb\u0117s kosmetik\u0105 u\u017e puiki\u0105 kain\u0105.\",\"publisher\":{\"@id\":\"https:\\\/\\\/www.malinashop.lt\\\/#organization\"},\"potentialAction\":[{\"@type\":\"SearchAction\",\"target\":{\"@type\":\"EntryPoint\",\"urlTemplate\":\"https:\\\/\\\/www.malinashop.lt\\\/?s={search_term_string}\"},\"query-input\":{\"@type\":\"PropertyValueSpecification\",\"valueRequired\":true,\"valueName\":\"search_term_string\"}}],\"inLanguage\":\"lt-LT\"},{\"@type\":\"Organization\",\"@id\":\"https:\\\/\\\/www.malinashop.lt\\\/#organization\",\"name\":\"COM Group Ecommerce\",\"url\":\"https:\\\/\\\/www.malinashop.lt\\\/\",\"logo\":{\"@type\":\"ImageObject\",\"inLanguage\":\"lt-LT\",\"@id\":\"https:\\\/\\\/www.malinashop.lt\\\/#\\\/schema\\\/logo\\\/image\\\/\",\"url\":\"https:\\\/\\\/www.malinashop.lt\\\/wp-content\\\/uploads\\\/2024\\\/08\\\/462559670_3787732518133670_9795632669273463_n-e1731525914575.png\",\"contentUrl\":\"https:\\\/\\\/www.malinashop.lt\\\/wp-content\\\/uploads\\\/2024\\\/08\\\/462559670_3787732518133670_9795632669273463_n-e1731525914575.png\",\"width\":180,\"height\":60,\"caption\":\"COM Group Ecommerce\"},\"image\":{\"@id\":\"https:\\\/\\\/www.malinashop.lt\\\/#\\\/schema\\\/logo\\\/image\\\/\"}}]}<\/script>\n<!-- \/ Yoast SEO plugin. -->","yoast_head_json":{"title":"Laq Du\u0161o gelis FORGET-ME-NOT \u2013 Neu\u017emir\u0161tuoli\u0173 karalien\u0117 kvepia, 500ml - MalinaShop.lt J\u016bs\u0173 sveikatai ir gro\u017eiui.","description":"Laq du\u0161o gelis FORGET-ME-NOT su neu\u017emir\u0161tuoli\u0173 ekstraktu ir probiotikais. Vegani\u0161kas, nat\u016bralus. Mandarinas, jazminas, vanil\u0117. 500ml.","robots":{"index":"index","follow":"follow","max-snippet":"max-snippet:-1","max-image-preview":"max-image-preview:large","max-video-preview":"max-video-preview:-1"},"canonical":"https:\/\/www.malinashop.lt\/lt_lt\/shop\/laq-duso-gelis-forget-me-not-neuzmirstuoliu-karaliene-kvepia-500ml\/","og_locale":"lt_LT","og_type":"article","og_title":"Laq Du\u0161o gelis FORGET-ME-NOT \u2013 Neu\u017emir\u0161tuoli\u0173 karalien\u0117 kvepia, 500ml - MalinaShop.lt J\u016bs\u0173 sveikatai ir gro\u017eiui.","og_description":"Laq du\u0161o gelis FORGET-ME-NOT su neu\u017emir\u0161tuoli\u0173 ekstraktu ir probiotikais. Vegani\u0161kas, nat\u016bralus. Mandarinas, jazminas, vanil\u0117. 500ml.","og_url":"https:\/\/www.malinashop.lt\/lt_lt\/shop\/laq-duso-gelis-forget-me-not-neuzmirstuoliu-karaliene-kvepia-500ml\/","og_site_name":"MalinaShop.lt J\u016bs\u0173 sveikatai ir gro\u017eiui.","article_modified_time":"2026-04-29T14:16:54+00:00","og_image":[{"width":1080,"height":1080,"url":"https:\/\/www.malinashop.lt\/wp-content\/uploads\/2026\/04\/image4.jpg","type":"image\/jpeg"}],"twitter_card":"summary_large_image","schema":{"@context":"https:\/\/schema.org","@graph":[{"@type":"WebPage","@id":"https:\/\/www.malinashop.lt\/shop\/laq-duso-gelis-forget-me-not-neuzmirstuoliu-karaliene-kvepia-500ml\/","url":"https:\/\/www.malinashop.lt\/shop\/laq-duso-gelis-forget-me-not-neuzmirstuoliu-karaliene-kvepia-500ml\/","name":"Laq Du\u0161o gelis FORGET-ME-NOT \u2013 Neu\u017emir\u0161tuoli\u0173 karalien\u0117 kvepia, 500ml - MalinaShop.lt J\u016bs\u0173 sveikatai ir gro\u017eiui.","isPartOf":{"@id":"https:\/\/www.malinashop.lt\/#website"},"primaryImageOfPage":{"@id":"https:\/\/www.malinashop.lt\/shop\/laq-duso-gelis-forget-me-not-neuzmirstuoliu-karaliene-kvepia-500ml\/#primaryimage"},"image":{"@id":"https:\/\/www.malinashop.lt\/shop\/laq-duso-gelis-forget-me-not-neuzmirstuoliu-karaliene-kvepia-500ml\/#primaryimage"},"thumbnailUrl":"https:\/\/www.malinashop.lt\/wp-content\/uploads\/2026\/04\/image4.jpg","datePublished":"2026-04-29T10:59:20+00:00","dateModified":"2026-04-29T14:16:54+00:00","description":"Laq du\u0161o gelis FORGET-ME-NOT su neu\u017emir\u0161tuoli\u0173 ekstraktu ir probiotikais. Vegani\u0161kas, nat\u016bralus. Mandarinas, jazminas, vanil\u0117. 500ml.","breadcrumb":{"@id":"https:\/\/www.malinashop.lt\/shop\/laq-duso-gelis-forget-me-not-neuzmirstuoliu-karaliene-kvepia-500ml\/#breadcrumb"},"inLanguage":"lt-LT","potentialAction":[{"@type":"ReadAction","target":["https:\/\/www.malinashop.lt\/shop\/laq-duso-gelis-forget-me-not-neuzmirstuoliu-karaliene-kvepia-500ml\/"]}]},{"@type":"ImageObject","inLanguage":"lt-LT","@id":"https:\/\/www.malinashop.lt\/shop\/laq-duso-gelis-forget-me-not-neuzmirstuoliu-karaliene-kvepia-500ml\/#primaryimage","url":"https:\/\/www.malinashop.lt\/wp-content\/uploads\/2026\/04\/image4.jpg","contentUrl":"https:\/\/www.malinashop.lt\/wp-content\/uploads\/2026\/04\/image4.jpg","width":1080,"height":1080},{"@type":"BreadcrumbList","@id":"https:\/\/www.malinashop.lt\/shop\/laq-duso-gelis-forget-me-not-neuzmirstuoliu-karaliene-kvepia-500ml\/#breadcrumb","itemListElement":[{"@type":"ListItem","position":1,"name":"Pagrindinis","item":"https:\/\/www.malinashop.lt\/"},{"@type":"ListItem","position":2,"name":"Parduotuv\u0117","item":"https:\/\/www.malinashop.lt\/en\/parduotuve\/"},{"@type":"ListItem","position":3,"name":"Laq Du\u0161o gelis FORGET-ME-NOT \u2013 Neu\u017emir\u0161tuoli\u0173 karalien\u0117 kvepia, 500ml"}]},{"@type":"WebSite","@id":"https:\/\/www.malinashop.lt\/#website","url":"https:\/\/www.malinashop.lt\/","name":"COM Group Ecommerce","description":"MalinaShop.lt - Gro\u017eio ir sveikatos produktai i\u0161 patikim\u0173 preki\u0173 \u017eenkl\u0173. Atraskite auk\u0161tos kokyb\u0117s kosmetik\u0105 u\u017e puiki\u0105 kain\u0105.","publisher":{"@id":"https:\/\/www.malinashop.lt\/#organization"},"potentialAction":[{"@type":"SearchAction","target":{"@type":"EntryPoint","urlTemplate":"https:\/\/www.malinashop.lt\/?s={search_term_string}"},"query-input":{"@type":"PropertyValueSpecification","valueRequired":true,"valueName":"search_term_string"}}],"inLanguage":"lt-LT"},{"@type":"Organization","@id":"https:\/\/www.malinashop.lt\/#organization","name":"COM Group Ecommerce","url":"https:\/\/www.malinashop.lt\/","logo":{"@type":"ImageObject","inLanguage":"lt-LT","@id":"https:\/\/www.malinashop.lt\/#\/schema\/logo\/image\/","url":"https:\/\/www.malinashop.lt\/wp-content\/uploads\/2024\/08\/462559670_3787732518133670_9795632669273463_n-e1731525914575.png","contentUrl":"https:\/\/www.malinashop.lt\/wp-content\/uploads\/2024\/08\/462559670_3787732518133670_9795632669273463_n-e1731525914575.png","width":180,"height":60,"caption":"COM Group Ecommerce"},"image":{"@id":"https:\/\/www.malinashop.lt\/#\/schema\/logo\/image\/"}}]}},"jetpack_sharing_enabled":true,"_links":{"self":[{"href":"https:\/\/www.malinashop.lt\/lt_lt\/wp-json\/wp\/v2\/product\/77536","targetHints":{"allow":["GET"]}}],"collection":[{"href":"https:\/\/www.malinashop.lt\/lt_lt\/wp-json\/wp\/v2\/product"}],"about":[{"href":"https:\/\/www.malinashop.lt\/lt_lt\/wp-json\/wp\/v2\/types\/product"}],"version-history":[{"count":3,"href":"https:\/\/www.malinashop.lt\/lt_lt\/wp-json\/wp\/v2\/product\/77536\/revisions"}],"predecessor-version":[{"id":77560,"href":"https:\/\/www.malinashop.lt\/lt_lt\/wp-json\/wp\/v2\/product\/77536\/revisions\/77560"}],"wp:featuredmedia":[{"embeddable":true,"href":"https:\/\/www.malinashop.lt\/lt_lt\/wp-json\/wp\/v2\/media\/77538"}],"wp:attachment":[{"href":"https:\/\/www.malinashop.lt\/lt_lt\/wp-json\/wp\/v2\/media?parent=77536"}],"wp:term":[{"taxonomy":"product_brand","embeddable":true,"href":"https:\/\/www.malinashop.lt\/lt_lt\/wp-json\/wp\/v2\/product_brand?post=77536"},{"taxonomy":"product_cat","embeddable":true,"href":"https:\/\/www.malinashop.lt\/lt_lt\/wp-json\/wp\/v2\/product_cat?post=77536"},{"taxonomy":"product_tag","embeddable":true,"href":"https:\/\/www.malinashop.lt\/lt_lt\/wp-json\/wp\/v2\/product_tag?post=77536"}],"curies":[{"name":"wp","href":"https:\/\/api.w.org\/{rel}","templated":true}]}}