{"id":77530,"date":"2026-04-29T13:59:06","date_gmt":"2026-04-29T10:59:06","guid":{"rendered":"https:\/\/www.malinashop.lt\/shop\/laq-veido-valymo-musas-purifying-greipfruto-ir-zaliosios-arbatos-tyrumas-2\/"},"modified":"2026-04-30T09:47:15","modified_gmt":"2026-04-30T06:47:15","slug":"laq-veido-valomosios-putos-purifying-svari-oda-jokiu-kompromisu-40g","status":"publish","type":"product","link":"https:\/\/www.malinashop.lt\/lt_lt\/shop\/laq-veido-valomosios-putos-purifying-svari-oda-jokiu-kompromisu-40g\/","title":{"rendered":"LaQ Veido valomosios putos PURIFYING \u2013 \u0160vari oda, joki\u0173 kompromis\u0173, 40g"},"content":{"rendered":"<p data-start=\"633\" data-end=\"778\">Ne kiekvienas valiklis daro tai, k\u0105 \u017eada. Kai oda pavargusi nuo riebal\u0173 pertekliaus, ne\u0161varum\u0173 ir dienos tempo \u2013 reikia ka\u017eko, kas tikrai veikia.<\/p>\n<p data-start=\"780\" data-end=\"996\">LaQ <strong data-start=\"784\" data-end=\"797\">PURIFYING<\/strong> \u2013 lengvos, purios tekst\u016bros veido putos, sukurtos efektyviam, bet \u0161velniam kasdieniam valymui. Jos pa\u0161alina ne\u0161varumus, sebumo pertekli\u0173 ir makia\u017eo liku\u010dius, nepalikdamos tempimo ar sausumo poj\u016b\u010dio.<\/p>\n<p data-start=\"998\" data-end=\"1094\">Puikiai tinka riebiai, mi\u0161riai ir probleminei odai, kai reikia daugiau nei tik \u201e\u0161varos poj\u016b\u010dio\u201c.<\/p>\n<hr data-start=\"1096\" data-end=\"1099\" \/>\n<h3 data-section-id=\"9vpmbk\" data-start=\"1101\" data-end=\"1136\"><span role=\"text\"><strong data-start=\"1105\" data-end=\"1136\">K\u0105 gali padaryti d\u0117l tav\u0119s?<\/strong><\/span><\/h3>\n<p data-start=\"1138\" data-end=\"1316\">\u2714 Giliai valo poras<br data-start=\"1157\" data-end=\"1160\" \/>\u2714 Pa\u0161alina riebal\u0173 pertekli\u0173<br data-start=\"1188\" data-end=\"1191\" \/>\u2714 Padeda suma\u017einti odos blizges\u012f<br data-start=\"1223\" data-end=\"1226\" \/>\u2714 Gaivina ir suteikia \u0161varos poj\u016bt\u012f<br data-start=\"1261\" data-end=\"1264\" \/>\u2714 Tinka kasdieniam naudojimui<br data-start=\"1293\" data-end=\"1296\" \/>\u2714 Neapsunkina odos<\/p>\n<hr data-start=\"1318\" data-end=\"1321\" \/>\n<h3 data-section-id=\"jqqc7t\" data-start=\"1323\" data-end=\"1351\"><span role=\"text\"><strong data-start=\"1327\" data-end=\"1351\">Kas slepiasi viduje?<\/strong><\/span><\/h3>\n<p data-start=\"1353\" data-end=\"1504\">\u2714 Aktyvuota anglis \u2013 padeda i\u0161valyti poras<br data-start=\"1395\" data-end=\"1398\" \/>\u2714 Kanapi\u0173 s\u0117kl\u0173 aliejus \u2013 odos balansui<br data-start=\"1437\" data-end=\"1440\" \/>\u2714 Augalinis glicerinas \u2013 dr\u0117kinimui<br data-start=\"1475\" data-end=\"1478\" \/>\u2714 Sorbitolis \u2013 \u0161velnumui<\/p>\n<p data-start=\"1506\" data-end=\"1572\">Subalansuota formul\u0117 leid\u017eia pasiekti rezultat\u0105 be odos dirginimo.<\/p>\n<hr data-start=\"1574\" data-end=\"1577\" \/>\n<h3 data-section-id=\"1dlvw32\" data-start=\"1579\" data-end=\"1604\"><span role=\"text\"><strong data-start=\"1583\" data-end=\"1604\">Kvapo charakteris<\/strong><\/span><\/h3>\n<p data-start=\"1606\" data-end=\"1715\">Gaivus, \u0161varus aromatas su lengvu citrusiniu akcentu. Toks kvapas, kuris asocijuojasi su \u0161vara, o ne parfumu.<\/p>\n<hr data-start=\"1717\" data-end=\"1720\" \/>\n<h3 data-section-id=\"106411i\" data-start=\"1722\" data-end=\"1743\"><span role=\"text\"><strong data-start=\"1726\" data-end=\"1743\">Kaip naudoti?<\/strong><\/span><\/h3>\n<p data-start=\"1745\" data-end=\"1846\">U\u017etepk nedidel\u012f kiek\u012f ant dr\u0117gnos veido odos, \u012fmasa\u017euok ir nuskalauk vandeniu. Naudok ryte ir vakare.<\/p>\n<hr data-start=\"1848\" data-end=\"1851\" \/>\n<h3 data-section-id=\"1j5u947\" data-start=\"1853\" data-end=\"1882\"><span role=\"text\"><strong data-start=\"1857\" data-end=\"1882\">Kam labiausiai tinka?<\/strong><\/span><\/h3>\n<p data-start=\"1884\" data-end=\"2000\">\u2714 Riebiai ir mi\u0161riai odai<br data-start=\"1909\" data-end=\"1912\" \/>\u2714 Probleminiai odai<br data-start=\"1931\" data-end=\"1934\" \/>\u2714 Kasdieniam naudojimui<br data-start=\"1957\" data-end=\"1960\" \/>\u2714 Kelion\u0117ms (kompakti\u0161kas 40 g formatas)<\/p>\n<hr data-start=\"2002\" data-end=\"2005\" \/>\n<h3 data-section-id=\"1i0hpke\" data-start=\"2007\" data-end=\"2020\"><span role=\"text\"><strong data-start=\"2011\" data-end=\"2020\">Talpa<\/strong><\/span><\/h3>\n<p data-start=\"2022\" data-end=\"2026\">40 g<\/p>\n<hr data-start=\"2028\" data-end=\"2031\" \/>\n<p data-start=\"2033\" data-end=\"2079\" data-is-last-node=\"\" data-is-only-node=\"\"><strong data-start=\"2033\" data-end=\"2079\" data-is-last-node=\"\">Kai oda \u0161vari \u2013 viskas prasideda i\u0161 naujo.<\/strong><\/p>\n<hr \/>\n<p><strong>Laq \u2014 kosmetika, kuri nesivar\u017eo.<\/strong> Nat\u016brali. Vegani\u0161ka. Dermatologi\u0161kai testuota. <strong>Puiki nestandartin\u0117 dovana tiems, kurie visk\u0105 turi.<\/strong><\/p>\n","protected":false},"excerpt":{"rendered":"<p data-start=\"342\" data-end=\"519\">Kai oda pradeda \u201egyventi savo gyvenim\u0105\u201c \u2013 reikia rimto sprendimo. LaQ <strong data-start=\"412\" data-end=\"425\">PURIFYING<\/strong> veido putos \u0161velniai, bet efektyviai valo, ma\u017eina riebal\u0173 pertekli\u0173 ir palieka gaivos poj\u016bt\u012f.<\/p>\n","protected":false},"featured_media":77777,"template":"","meta":[],"product_brand":[1699],"product_cat":[1698,537,728],"product_tag":[],"class_list":{"0":"post-77530","1":"product","2":"type-product","3":"status-publish","4":"has-post-thumbnail","6":"product_brand-laq","7":"product_cat-veido-prieziura","8":"product_cat-veido-valymo-priemones","9":"product_cat-veidui","11":"first","12":"instock","13":"taxable","14":"shipping-taxable","15":"purchasable","16":"product-type-simple"},"yoast_head":"<!-- This site is optimized with the Yoast SEO plugin v27.5 - https:\/\/yoast.com\/product\/yoast-seo-wordpress\/ -->\n<title>LaQ Veido valomosios putos PURIFYING \u2013 \u0160vari oda, joki\u0173 kompromis\u0173, 40g - MalinaShop.lt J\u016bs\u0173 sveikatai ir gro\u017eiui.<\/title>\n<meta name=\"description\" content=\"LaQ PURIFYING veido putos giliai valo, reguliuoja sebum\u0105 ir gaivina od\u0105. Su aktyvuota anglimi, vegani\u0161ka formul\u0117, 40g. MalinaShop.lt\" \/>\n<meta name=\"robots\" content=\"index, follow, max-snippet:-1, max-image-preview:large, max-video-preview:-1\" \/>\n<link rel=\"canonical\" href=\"https:\/\/www.malinashop.lt\/lt_lt\/shop\/laq-veido-valomosios-putos-purifying-svari-oda-jokiu-kompromisu-40g\/\" \/>\n<meta property=\"og:locale\" content=\"lt_LT\" \/>\n<meta property=\"og:type\" content=\"article\" \/>\n<meta property=\"og:title\" content=\"LaQ Veido valomosios putos PURIFYING \u2013 \u0160vari oda, joki\u0173 kompromis\u0173, 40g - MalinaShop.lt J\u016bs\u0173 sveikatai ir gro\u017eiui.\" \/>\n<meta property=\"og:description\" content=\"LaQ PURIFYING veido putos giliai valo, reguliuoja sebum\u0105 ir gaivina od\u0105. Su aktyvuota anglimi, vegani\u0161ka formul\u0117, 40g. MalinaShop.lt\" \/>\n<meta property=\"og:url\" content=\"https:\/\/www.malinashop.lt\/lt_lt\/shop\/laq-veido-valomosios-putos-purifying-svari-oda-jokiu-kompromisu-40g\/\" \/>\n<meta property=\"og:site_name\" content=\"MalinaShop.lt J\u016bs\u0173 sveikatai ir gro\u017eiui.\" \/>\n<meta property=\"article:modified_time\" content=\"2026-04-30T06:47:15+00:00\" \/>\n<meta property=\"og:image\" content=\"https:\/\/www.malinashop.lt\/wp-content\/uploads\/2026\/04\/5905669761451_a1-1520x1520.jpg\" \/>\n\t<meta property=\"og:image:width\" content=\"1520\" \/>\n\t<meta property=\"og:image:height\" content=\"1520\" \/>\n\t<meta property=\"og:image:type\" content=\"image\/jpeg\" \/>\n<meta name=\"twitter:card\" content=\"summary_large_image\" \/>\n<script type=\"application\/ld+json\" class=\"yoast-schema-graph\">{\"@context\":\"https:\\\/\\\/schema.org\",\"@graph\":[{\"@type\":\"WebPage\",\"@id\":\"https:\\\/\\\/www.malinashop.lt\\\/shop\\\/laq-veido-valomosios-putos-purifying-svari-oda-jokiu-kompromisu-40g\\\/\",\"url\":\"https:\\\/\\\/www.malinashop.lt\\\/shop\\\/laq-veido-valomosios-putos-purifying-svari-oda-jokiu-kompromisu-40g\\\/\",\"name\":\"LaQ Veido valomosios putos PURIFYING \u2013 \u0160vari oda, joki\u0173 kompromis\u0173, 40g - MalinaShop.lt J\u016bs\u0173 sveikatai ir gro\u017eiui.\",\"isPartOf\":{\"@id\":\"https:\\\/\\\/www.malinashop.lt\\\/#website\"},\"primaryImageOfPage\":{\"@id\":\"https:\\\/\\\/www.malinashop.lt\\\/shop\\\/laq-veido-valomosios-putos-purifying-svari-oda-jokiu-kompromisu-40g\\\/#primaryimage\"},\"image\":{\"@id\":\"https:\\\/\\\/www.malinashop.lt\\\/shop\\\/laq-veido-valomosios-putos-purifying-svari-oda-jokiu-kompromisu-40g\\\/#primaryimage\"},\"thumbnailUrl\":\"https:\\\/\\\/www.malinashop.lt\\\/wp-content\\\/uploads\\\/2026\\\/04\\\/5905669761451_a1.jpg\",\"datePublished\":\"2026-04-29T10:59:06+00:00\",\"dateModified\":\"2026-04-30T06:47:15+00:00\",\"description\":\"LaQ PURIFYING veido putos giliai valo, reguliuoja sebum\u0105 ir gaivina od\u0105. Su aktyvuota anglimi, vegani\u0161ka formul\u0117, 40g. MalinaShop.lt\",\"breadcrumb\":{\"@id\":\"https:\\\/\\\/www.malinashop.lt\\\/shop\\\/laq-veido-valomosios-putos-purifying-svari-oda-jokiu-kompromisu-40g\\\/#breadcrumb\"},\"inLanguage\":\"lt-LT\",\"potentialAction\":[{\"@type\":\"ReadAction\",\"target\":[\"https:\\\/\\\/www.malinashop.lt\\\/shop\\\/laq-veido-valomosios-putos-purifying-svari-oda-jokiu-kompromisu-40g\\\/\"]}]},{\"@type\":\"ImageObject\",\"inLanguage\":\"lt-LT\",\"@id\":\"https:\\\/\\\/www.malinashop.lt\\\/shop\\\/laq-veido-valomosios-putos-purifying-svari-oda-jokiu-kompromisu-40g\\\/#primaryimage\",\"url\":\"https:\\\/\\\/www.malinashop.lt\\\/wp-content\\\/uploads\\\/2026\\\/04\\\/5905669761451_a1.jpg\",\"contentUrl\":\"https:\\\/\\\/www.malinashop.lt\\\/wp-content\\\/uploads\\\/2026\\\/04\\\/5905669761451_a1.jpg\",\"width\":2500,\"height\":2500},{\"@type\":\"BreadcrumbList\",\"@id\":\"https:\\\/\\\/www.malinashop.lt\\\/shop\\\/laq-veido-valomosios-putos-purifying-svari-oda-jokiu-kompromisu-40g\\\/#breadcrumb\",\"itemListElement\":[{\"@type\":\"ListItem\",\"position\":1,\"name\":\"Pagrindinis\",\"item\":\"https:\\\/\\\/www.malinashop.lt\\\/lt_lt\\\/\"},{\"@type\":\"ListItem\",\"position\":2,\"name\":\"Parduotuv\u0117\",\"item\":\"https:\\\/\\\/www.malinashop.lt\\\/en\\\/parduotuve\\\/\"},{\"@type\":\"ListItem\",\"position\":3,\"name\":\"LaQ Veido valomosios putos PURIFYING \u2013 \u0160vari oda, joki\u0173 kompromis\u0173, 40g\"}]},{\"@type\":\"WebSite\",\"@id\":\"https:\\\/\\\/www.malinashop.lt\\\/#website\",\"url\":\"https:\\\/\\\/www.malinashop.lt\\\/\",\"name\":\"COM Group Ecommerce\",\"description\":\"MalinaShop.lt - Gro\u017eio ir sveikatos produktai i\u0161 patikim\u0173 preki\u0173 \u017eenkl\u0173. Atraskite auk\u0161tos kokyb\u0117s kosmetik\u0105 u\u017e puiki\u0105 kain\u0105.\",\"publisher\":{\"@id\":\"https:\\\/\\\/www.malinashop.lt\\\/#organization\"},\"potentialAction\":[{\"@type\":\"SearchAction\",\"target\":{\"@type\":\"EntryPoint\",\"urlTemplate\":\"https:\\\/\\\/www.malinashop.lt\\\/?s={search_term_string}\"},\"query-input\":{\"@type\":\"PropertyValueSpecification\",\"valueRequired\":true,\"valueName\":\"search_term_string\"}}],\"inLanguage\":\"lt-LT\"},{\"@type\":\"Organization\",\"@id\":\"https:\\\/\\\/www.malinashop.lt\\\/#organization\",\"name\":\"COM Group Ecommerce\",\"url\":\"https:\\\/\\\/www.malinashop.lt\\\/\",\"logo\":{\"@type\":\"ImageObject\",\"inLanguage\":\"lt-LT\",\"@id\":\"https:\\\/\\\/www.malinashop.lt\\\/#\\\/schema\\\/logo\\\/image\\\/\",\"url\":\"https:\\\/\\\/www.malinashop.lt\\\/wp-content\\\/uploads\\\/2024\\\/08\\\/462559670_3787732518133670_9795632669273463_n-e1731525914575.png\",\"contentUrl\":\"https:\\\/\\\/www.malinashop.lt\\\/wp-content\\\/uploads\\\/2024\\\/08\\\/462559670_3787732518133670_9795632669273463_n-e1731525914575.png\",\"width\":180,\"height\":60,\"caption\":\"COM Group Ecommerce\"},\"image\":{\"@id\":\"https:\\\/\\\/www.malinashop.lt\\\/#\\\/schema\\\/logo\\\/image\\\/\"}}]}<\/script>\n<!-- \/ Yoast SEO plugin. -->","yoast_head_json":{"title":"LaQ Veido valomosios putos PURIFYING \u2013 \u0160vari oda, joki\u0173 kompromis\u0173, 40g - MalinaShop.lt J\u016bs\u0173 sveikatai ir gro\u017eiui.","description":"LaQ PURIFYING veido putos giliai valo, reguliuoja sebum\u0105 ir gaivina od\u0105. Su aktyvuota anglimi, vegani\u0161ka formul\u0117, 40g. MalinaShop.lt","robots":{"index":"index","follow":"follow","max-snippet":"max-snippet:-1","max-image-preview":"max-image-preview:large","max-video-preview":"max-video-preview:-1"},"canonical":"https:\/\/www.malinashop.lt\/lt_lt\/shop\/laq-veido-valomosios-putos-purifying-svari-oda-jokiu-kompromisu-40g\/","og_locale":"lt_LT","og_type":"article","og_title":"LaQ Veido valomosios putos PURIFYING \u2013 \u0160vari oda, joki\u0173 kompromis\u0173, 40g - MalinaShop.lt J\u016bs\u0173 sveikatai ir gro\u017eiui.","og_description":"LaQ PURIFYING veido putos giliai valo, reguliuoja sebum\u0105 ir gaivina od\u0105. Su aktyvuota anglimi, vegani\u0161ka formul\u0117, 40g. MalinaShop.lt","og_url":"https:\/\/www.malinashop.lt\/lt_lt\/shop\/laq-veido-valomosios-putos-purifying-svari-oda-jokiu-kompromisu-40g\/","og_site_name":"MalinaShop.lt J\u016bs\u0173 sveikatai ir gro\u017eiui.","article_modified_time":"2026-04-30T06:47:15+00:00","og_image":[{"width":1520,"height":1520,"url":"https:\/\/www.malinashop.lt\/wp-content\/uploads\/2026\/04\/5905669761451_a1-1520x1520.jpg","type":"image\/jpeg"}],"twitter_card":"summary_large_image","schema":{"@context":"https:\/\/schema.org","@graph":[{"@type":"WebPage","@id":"https:\/\/www.malinashop.lt\/shop\/laq-veido-valomosios-putos-purifying-svari-oda-jokiu-kompromisu-40g\/","url":"https:\/\/www.malinashop.lt\/shop\/laq-veido-valomosios-putos-purifying-svari-oda-jokiu-kompromisu-40g\/","name":"LaQ Veido valomosios putos PURIFYING \u2013 \u0160vari oda, joki\u0173 kompromis\u0173, 40g - MalinaShop.lt J\u016bs\u0173 sveikatai ir gro\u017eiui.","isPartOf":{"@id":"https:\/\/www.malinashop.lt\/#website"},"primaryImageOfPage":{"@id":"https:\/\/www.malinashop.lt\/shop\/laq-veido-valomosios-putos-purifying-svari-oda-jokiu-kompromisu-40g\/#primaryimage"},"image":{"@id":"https:\/\/www.malinashop.lt\/shop\/laq-veido-valomosios-putos-purifying-svari-oda-jokiu-kompromisu-40g\/#primaryimage"},"thumbnailUrl":"https:\/\/www.malinashop.lt\/wp-content\/uploads\/2026\/04\/5905669761451_a1.jpg","datePublished":"2026-04-29T10:59:06+00:00","dateModified":"2026-04-30T06:47:15+00:00","description":"LaQ PURIFYING veido putos giliai valo, reguliuoja sebum\u0105 ir gaivina od\u0105. Su aktyvuota anglimi, vegani\u0161ka formul\u0117, 40g. MalinaShop.lt","breadcrumb":{"@id":"https:\/\/www.malinashop.lt\/shop\/laq-veido-valomosios-putos-purifying-svari-oda-jokiu-kompromisu-40g\/#breadcrumb"},"inLanguage":"lt-LT","potentialAction":[{"@type":"ReadAction","target":["https:\/\/www.malinashop.lt\/shop\/laq-veido-valomosios-putos-purifying-svari-oda-jokiu-kompromisu-40g\/"]}]},{"@type":"ImageObject","inLanguage":"lt-LT","@id":"https:\/\/www.malinashop.lt\/shop\/laq-veido-valomosios-putos-purifying-svari-oda-jokiu-kompromisu-40g\/#primaryimage","url":"https:\/\/www.malinashop.lt\/wp-content\/uploads\/2026\/04\/5905669761451_a1.jpg","contentUrl":"https:\/\/www.malinashop.lt\/wp-content\/uploads\/2026\/04\/5905669761451_a1.jpg","width":2500,"height":2500},{"@type":"BreadcrumbList","@id":"https:\/\/www.malinashop.lt\/shop\/laq-veido-valomosios-putos-purifying-svari-oda-jokiu-kompromisu-40g\/#breadcrumb","itemListElement":[{"@type":"ListItem","position":1,"name":"Pagrindinis","item":"https:\/\/www.malinashop.lt\/lt_lt\/"},{"@type":"ListItem","position":2,"name":"Parduotuv\u0117","item":"https:\/\/www.malinashop.lt\/en\/parduotuve\/"},{"@type":"ListItem","position":3,"name":"LaQ Veido valomosios putos PURIFYING \u2013 \u0160vari oda, joki\u0173 kompromis\u0173, 40g"}]},{"@type":"WebSite","@id":"https:\/\/www.malinashop.lt\/#website","url":"https:\/\/www.malinashop.lt\/","name":"COM Group Ecommerce","description":"MalinaShop.lt - Gro\u017eio ir sveikatos produktai i\u0161 patikim\u0173 preki\u0173 \u017eenkl\u0173. Atraskite auk\u0161tos kokyb\u0117s kosmetik\u0105 u\u017e puiki\u0105 kain\u0105.","publisher":{"@id":"https:\/\/www.malinashop.lt\/#organization"},"potentialAction":[{"@type":"SearchAction","target":{"@type":"EntryPoint","urlTemplate":"https:\/\/www.malinashop.lt\/?s={search_term_string}"},"query-input":{"@type":"PropertyValueSpecification","valueRequired":true,"valueName":"search_term_string"}}],"inLanguage":"lt-LT"},{"@type":"Organization","@id":"https:\/\/www.malinashop.lt\/#organization","name":"COM Group Ecommerce","url":"https:\/\/www.malinashop.lt\/","logo":{"@type":"ImageObject","inLanguage":"lt-LT","@id":"https:\/\/www.malinashop.lt\/#\/schema\/logo\/image\/","url":"https:\/\/www.malinashop.lt\/wp-content\/uploads\/2024\/08\/462559670_3787732518133670_9795632669273463_n-e1731525914575.png","contentUrl":"https:\/\/www.malinashop.lt\/wp-content\/uploads\/2024\/08\/462559670_3787732518133670_9795632669273463_n-e1731525914575.png","width":180,"height":60,"caption":"COM Group Ecommerce"},"image":{"@id":"https:\/\/www.malinashop.lt\/#\/schema\/logo\/image\/"}}]}},"jetpack_sharing_enabled":true,"_links":{"self":[{"href":"https:\/\/www.malinashop.lt\/lt_lt\/wp-json\/wp\/v2\/product\/77530","targetHints":{"allow":["GET"]}}],"collection":[{"href":"https:\/\/www.malinashop.lt\/lt_lt\/wp-json\/wp\/v2\/product"}],"about":[{"href":"https:\/\/www.malinashop.lt\/lt_lt\/wp-json\/wp\/v2\/types\/product"}],"version-history":[{"count":3,"href":"https:\/\/www.malinashop.lt\/lt_lt\/wp-json\/wp\/v2\/product\/77530\/revisions"}],"predecessor-version":[{"id":77782,"href":"https:\/\/www.malinashop.lt\/lt_lt\/wp-json\/wp\/v2\/product\/77530\/revisions\/77782"}],"wp:featuredmedia":[{"embeddable":true,"href":"https:\/\/www.malinashop.lt\/lt_lt\/wp-json\/wp\/v2\/media\/77777"}],"wp:attachment":[{"href":"https:\/\/www.malinashop.lt\/lt_lt\/wp-json\/wp\/v2\/media?parent=77530"}],"wp:term":[{"taxonomy":"product_brand","embeddable":true,"href":"https:\/\/www.malinashop.lt\/lt_lt\/wp-json\/wp\/v2\/product_brand?post=77530"},{"taxonomy":"product_cat","embeddable":true,"href":"https:\/\/www.malinashop.lt\/lt_lt\/wp-json\/wp\/v2\/product_cat?post=77530"},{"taxonomy":"product_tag","embeddable":true,"href":"https:\/\/www.malinashop.lt\/lt_lt\/wp-json\/wp\/v2\/product_tag?post=77530"}],"curies":[{"name":"wp","href":"https:\/\/api.w.org\/{rel}","templated":true}]}}