{"id":77527,"date":"2026-04-30T08:59:02","date_gmt":"2026-04-30T05:59:02","guid":{"rendered":"https:\/\/www.malinashop.lt\/shop\/laq-veido-valymo-musas-magnolia-klases-ir-sekmes-drekinantis-debeselis-2\/"},"modified":"2026-04-30T09:53:55","modified_gmt":"2026-04-30T06:53:55","slug":"laq-veido-valomosios-putos-magnolia-svelni-oda-kuri-spindi-40g","status":"publish","type":"product","link":"https:\/\/www.malinashop.lt\/lt_lt\/shop\/laq-veido-valomosios-putos-magnolia-svelni-oda-kuri-spindi-40g\/","title":{"rendered":"LaQ Veido valomosios putos MAGNOLIA \u2013 \u0160velni oda, kuri spindi, 40g"},"content":{"rendered":"<p data-start=\"666\" data-end=\"772\">Oda nem\u0117gsta agresijos. Ji m\u0117gsta \u0161velnum\u0105, balans\u0105 ir prie\u017ei\u016br\u0105, kuri veikia be perteklinio \u201espaudimo\u201c.<\/p>\n<p data-start=\"774\" data-end=\"997\">LaQ <strong data-start=\"778\" data-end=\"790\">MAGNOLIA<\/strong> \u2013 lengvos, purios tekst\u016bros veido putos, kurios \u0161velniai, bet efektyviai pa\u0161alina ne\u0161varumus, makia\u017eo liku\u010dius ir riebal\u0173 pertekli\u0173, nepa\u017eeisdamos nat\u016bralaus odos pH.<\/p>\n<p data-start=\"999\" data-end=\"1090\">Po naudojimo oda tampa \u0161vari, mink\u0161ta ir vizualiai gyvesn\u0117 \u2013 be tempimo ar sausumo poj\u016b\u010dio.<\/p>\n<hr data-start=\"1092\" data-end=\"1095\" \/>\n<h3 data-section-id=\"9vpmbk\" data-start=\"1097\" data-end=\"1132\"><span role=\"text\"><strong data-start=\"1101\" data-end=\"1132\">K\u0105 gali padaryti d\u0117l tav\u0119s?<\/strong><\/span><\/h3>\n<p data-start=\"1134\" data-end=\"1381\">\u2714 \u0160velniai, bet efektyviai nuvalo od\u0105<br data-start=\"1171\" data-end=\"1174\" \/>\u2714 Pa\u0161alina makia\u017eo ir ne\u0161varum\u0173 liku\u010dius<br data-start=\"1214\" data-end=\"1217\" \/>\u2714 Padeda i\u0161laikyti nat\u016bral\u0173 odos balans\u0105<br data-start=\"1257\" data-end=\"1260\" \/>\u2714 Intensyviai dr\u0117kina<br data-start=\"1281\" data-end=\"1284\" \/>\u2714 Tinka kasdieniam naudojimui<br data-start=\"1313\" data-end=\"1316\" \/>\u2714 Tinka net jautriai odai<\/p>\n<hr data-start=\"1383\" data-end=\"1386\" \/>\n<h3 data-section-id=\"jqqc7t\" data-start=\"1388\" data-end=\"1416\"><span role=\"text\"><strong data-start=\"1392\" data-end=\"1416\">Kas slepiasi viduje?<\/strong><\/span><\/h3>\n<p data-start=\"1418\" data-end=\"1703\">\u2714 Hialurono r\u016bg\u0161tis \u2013 intensyviam dr\u0117kinimui<br data-start=\"1462\" data-end=\"1465\" \/>\u2714 Er\u0161k\u0117tuogi\u0173 aliejus \u2013 odos puosel\u0117jimui<br data-start=\"1506\" data-end=\"1509\" \/>\u2714 Magnolijos ekstraktas \u2013 \u0161velnumui ir glotnumui<br data-start=\"1557\" data-end=\"1560\" \/>\u2714 D-pantenolis \u2013 regeneracijai<br data-start=\"1590\" data-end=\"1593\" \/>\u2714 Alantoinas \u2013 raminimui<br data-start=\"1617\" data-end=\"1620\" \/>\u2714 Augalinis glicerinas \u2013 dr\u0117gm\u0117s palaikymui<\/p>\n<p data-start=\"1705\" data-end=\"1767\">Subalansuota formul\u0117 leid\u017eia valyti od\u0105 be \u201epervalymo\u201c efekto.<\/p>\n<hr data-start=\"1769\" data-end=\"1772\" \/>\n<h3 data-section-id=\"1dlvw32\" data-start=\"1774\" data-end=\"1799\"><span role=\"text\"><strong data-start=\"1778\" data-end=\"1799\">Kvapo charakteris<\/strong><\/span><\/h3>\n<p data-start=\"1801\" data-end=\"1923\">Jausmingas magnolijos aromatas su lengvu ro\u017eini\u0173 pipir\u0173 akcentu. Subtilus, moteri\u0161kas ir \u0161varos poj\u016bt\u012f paliekantis kvapas.<\/p>\n<hr data-start=\"1925\" data-end=\"1928\" \/>\n<h3 data-section-id=\"106411i\" data-start=\"1930\" data-end=\"1951\"><span role=\"text\"><strong data-start=\"1934\" data-end=\"1951\">Kaip naudoti?<\/strong><\/span><\/h3>\n<p data-start=\"1953\" data-end=\"2063\">U\u017etepk nedidel\u012f kiek\u012f ant dr\u0117gnos veido odos, \u0161velniai \u012fmasa\u017euok ir nuskalauk vandeniu. Naudok ryte ir vakare.<\/p>\n<hr data-start=\"2065\" data-end=\"2068\" \/>\n<h3 data-section-id=\"1j5u947\" data-start=\"2070\" data-end=\"2099\"><span role=\"text\"><strong data-start=\"2074\" data-end=\"2099\">Kam labiausiai tinka?<\/strong><\/span><\/h3>\n<p data-start=\"2101\" data-end=\"2218\">\u2714 Sausai ir jautriai odai<br data-start=\"2126\" data-end=\"2129\" \/>\u2714 Brand\u017eiai odai<br data-start=\"2145\" data-end=\"2148\" \/>\u2714 Kasdieniam \u0161velniam valymui<br data-start=\"2177\" data-end=\"2180\" \/>\u2714 Kai oda reikalauja daugiau dr\u0117gm\u0117s<\/p>\n<hr data-start=\"2220\" data-end=\"2223\" \/>\n<h3 data-section-id=\"1i0hpke\" data-start=\"2225\" data-end=\"2238\"><span role=\"text\"><strong data-start=\"2229\" data-end=\"2238\">Talpa<\/strong><\/span><\/h3>\n<p data-start=\"2240\" data-end=\"2244\">40 g<\/p>\n<hr data-start=\"2246\" data-end=\"2249\" \/>\n<p data-start=\"2251\" data-end=\"2297\"><strong data-start=\"2251\" data-end=\"2297\">Kai oda pri\u017ei\u016br\u0117ta \u2013 tai matosi be \u017eod\u017ei\u0173.<\/strong><\/p>\n<hr \/>\n<p><strong>Laq \u2014 kosmetika, kuri nesivar\u017eo.<\/strong> Nat\u016brali. Vegani\u0161ka. Dermatologi\u0161kai testuota. <strong>Puiki nestandartin\u0117 dovana tiems, kurie visk\u0105 turi.<\/strong><\/p>\n","protected":false},"excerpt":{"rendered":"<p data-start=\"368\" data-end=\"557\">Kai oda \u0161vari, viskas atrodo lengviau. LaQ <strong data-start=\"411\" data-end=\"423\">MAGNOLIA<\/strong> veido putos \u0161velniai valo, dr\u0117kina ir nepa\u017eeid\u017eia nat\u016bralaus odos balanso. Lengva tekst\u016bra ir subtilus aromatas kasdieniam komfortui.<\/p>\n","protected":false},"featured_media":77789,"template":"","meta":[],"product_brand":[1699],"product_cat":[1698,537,728],"product_tag":[],"class_list":{"0":"post-77527","1":"product","2":"type-product","3":"status-publish","4":"has-post-thumbnail","6":"product_brand-laq","7":"product_cat-veido-prieziura","8":"product_cat-veido-valymo-priemones","9":"product_cat-veidui","11":"first","12":"instock","13":"taxable","14":"shipping-taxable","15":"purchasable","16":"product-type-simple"},"yoast_head":"<!-- This site is optimized with the Yoast SEO plugin v27.5 - https:\/\/yoast.com\/product\/yoast-seo-wordpress\/ -->\n<title>LaQ Veido valomosios putos MAGNOLIA \u2013 \u0160velni oda, kuri spindi, 40g - MalinaShop.lt J\u016bs\u0173 sveikatai ir gro\u017eiui.<\/title>\n<meta name=\"description\" content=\"LaQ MAGNOLIA veido putos \u0161velniai valo, dr\u0117kina ir saugo odos balans\u0105. Su hialuronu ir aliejais, vegani\u0161ka formul\u0117, 40 g.\" \/>\n<meta name=\"robots\" content=\"index, follow, max-snippet:-1, max-image-preview:large, max-video-preview:-1\" \/>\n<link rel=\"canonical\" href=\"https:\/\/www.malinashop.lt\/lt_lt\/shop\/laq-veido-valomosios-putos-magnolia-svelni-oda-kuri-spindi-40g\/\" \/>\n<meta property=\"og:locale\" content=\"lt_LT\" \/>\n<meta property=\"og:type\" content=\"article\" \/>\n<meta property=\"og:title\" content=\"LaQ Veido valomosios putos MAGNOLIA \u2013 \u0160velni oda, kuri spindi, 40g - MalinaShop.lt J\u016bs\u0173 sveikatai ir gro\u017eiui.\" \/>\n<meta property=\"og:description\" content=\"LaQ MAGNOLIA veido putos \u0161velniai valo, dr\u0117kina ir saugo odos balans\u0105. Su hialuronu ir aliejais, vegani\u0161ka formul\u0117, 40 g.\" \/>\n<meta property=\"og:url\" content=\"https:\/\/www.malinashop.lt\/lt_lt\/shop\/laq-veido-valomosios-putos-magnolia-svelni-oda-kuri-spindi-40g\/\" \/>\n<meta property=\"og:site_name\" content=\"MalinaShop.lt J\u016bs\u0173 sveikatai ir gro\u017eiui.\" \/>\n<meta property=\"article:modified_time\" content=\"2026-04-30T06:53:55+00:00\" \/>\n<meta property=\"og:image\" content=\"https:\/\/www.malinashop.lt\/wp-content\/uploads\/2026\/04\/LaQ-Veido-valomosios-putos-MAGNOLIA-\u2013-Svelni-oda-kuri-spindi-40g.jpg\" \/>\n\t<meta property=\"og:image:width\" content=\"1024\" \/>\n\t<meta property=\"og:image:height\" content=\"1024\" \/>\n\t<meta property=\"og:image:type\" content=\"image\/jpeg\" \/>\n<meta name=\"twitter:card\" content=\"summary_large_image\" \/>\n<script type=\"application\/ld+json\" class=\"yoast-schema-graph\">{\"@context\":\"https:\\\/\\\/schema.org\",\"@graph\":[{\"@type\":\"WebPage\",\"@id\":\"https:\\\/\\\/www.malinashop.lt\\\/shop\\\/laq-veido-valomosios-putos-magnolia-svelni-oda-kuri-spindi-40g\\\/\",\"url\":\"https:\\\/\\\/www.malinashop.lt\\\/shop\\\/laq-veido-valomosios-putos-magnolia-svelni-oda-kuri-spindi-40g\\\/\",\"name\":\"LaQ Veido valomosios putos MAGNOLIA \u2013 \u0160velni oda, kuri spindi, 40g - MalinaShop.lt J\u016bs\u0173 sveikatai ir gro\u017eiui.\",\"isPartOf\":{\"@id\":\"https:\\\/\\\/www.malinashop.lt\\\/#website\"},\"primaryImageOfPage\":{\"@id\":\"https:\\\/\\\/www.malinashop.lt\\\/shop\\\/laq-veido-valomosios-putos-magnolia-svelni-oda-kuri-spindi-40g\\\/#primaryimage\"},\"image\":{\"@id\":\"https:\\\/\\\/www.malinashop.lt\\\/shop\\\/laq-veido-valomosios-putos-magnolia-svelni-oda-kuri-spindi-40g\\\/#primaryimage\"},\"thumbnailUrl\":\"https:\\\/\\\/www.malinashop.lt\\\/wp-content\\\/uploads\\\/2026\\\/04\\\/LaQ-Veido-valomosios-putos-MAGNOLIA-\u2013-Svelni-oda-kuri-spindi-40g.jpg\",\"datePublished\":\"2026-04-30T05:59:02+00:00\",\"dateModified\":\"2026-04-30T06:53:55+00:00\",\"description\":\"LaQ MAGNOLIA veido putos \u0161velniai valo, dr\u0117kina ir saugo odos balans\u0105. Su hialuronu ir aliejais, vegani\u0161ka formul\u0117, 40 g.\",\"breadcrumb\":{\"@id\":\"https:\\\/\\\/www.malinashop.lt\\\/shop\\\/laq-veido-valomosios-putos-magnolia-svelni-oda-kuri-spindi-40g\\\/#breadcrumb\"},\"inLanguage\":\"lt-LT\",\"potentialAction\":[{\"@type\":\"ReadAction\",\"target\":[\"https:\\\/\\\/www.malinashop.lt\\\/shop\\\/laq-veido-valomosios-putos-magnolia-svelni-oda-kuri-spindi-40g\\\/\"]}]},{\"@type\":\"ImageObject\",\"inLanguage\":\"lt-LT\",\"@id\":\"https:\\\/\\\/www.malinashop.lt\\\/shop\\\/laq-veido-valomosios-putos-magnolia-svelni-oda-kuri-spindi-40g\\\/#primaryimage\",\"url\":\"https:\\\/\\\/www.malinashop.lt\\\/wp-content\\\/uploads\\\/2026\\\/04\\\/LaQ-Veido-valomosios-putos-MAGNOLIA-\u2013-Svelni-oda-kuri-spindi-40g.jpg\",\"contentUrl\":\"https:\\\/\\\/www.malinashop.lt\\\/wp-content\\\/uploads\\\/2026\\\/04\\\/LaQ-Veido-valomosios-putos-MAGNOLIA-\u2013-Svelni-oda-kuri-spindi-40g.jpg\",\"width\":1024,\"height\":1024},{\"@type\":\"BreadcrumbList\",\"@id\":\"https:\\\/\\\/www.malinashop.lt\\\/shop\\\/laq-veido-valomosios-putos-magnolia-svelni-oda-kuri-spindi-40g\\\/#breadcrumb\",\"itemListElement\":[{\"@type\":\"ListItem\",\"position\":1,\"name\":\"Pagrindinis\",\"item\":\"https:\\\/\\\/www.malinashop.lt\\\/lt_lt\\\/\"},{\"@type\":\"ListItem\",\"position\":2,\"name\":\"Parduotuv\u0117\",\"item\":\"https:\\\/\\\/www.malinashop.lt\\\/en\\\/parduotuve\\\/\"},{\"@type\":\"ListItem\",\"position\":3,\"name\":\"LaQ Veido valomosios putos MAGNOLIA \u2013 \u0160velni oda, kuri spindi, 40g\"}]},{\"@type\":\"WebSite\",\"@id\":\"https:\\\/\\\/www.malinashop.lt\\\/#website\",\"url\":\"https:\\\/\\\/www.malinashop.lt\\\/\",\"name\":\"COM Group Ecommerce\",\"description\":\"MalinaShop.lt - Gro\u017eio ir sveikatos produktai i\u0161 patikim\u0173 preki\u0173 \u017eenkl\u0173. Atraskite auk\u0161tos kokyb\u0117s kosmetik\u0105 u\u017e puiki\u0105 kain\u0105.\",\"publisher\":{\"@id\":\"https:\\\/\\\/www.malinashop.lt\\\/#organization\"},\"potentialAction\":[{\"@type\":\"SearchAction\",\"target\":{\"@type\":\"EntryPoint\",\"urlTemplate\":\"https:\\\/\\\/www.malinashop.lt\\\/?s={search_term_string}\"},\"query-input\":{\"@type\":\"PropertyValueSpecification\",\"valueRequired\":true,\"valueName\":\"search_term_string\"}}],\"inLanguage\":\"lt-LT\"},{\"@type\":\"Organization\",\"@id\":\"https:\\\/\\\/www.malinashop.lt\\\/#organization\",\"name\":\"COM Group Ecommerce\",\"url\":\"https:\\\/\\\/www.malinashop.lt\\\/\",\"logo\":{\"@type\":\"ImageObject\",\"inLanguage\":\"lt-LT\",\"@id\":\"https:\\\/\\\/www.malinashop.lt\\\/#\\\/schema\\\/logo\\\/image\\\/\",\"url\":\"https:\\\/\\\/www.malinashop.lt\\\/wp-content\\\/uploads\\\/2024\\\/08\\\/462559670_3787732518133670_9795632669273463_n-e1731525914575.png\",\"contentUrl\":\"https:\\\/\\\/www.malinashop.lt\\\/wp-content\\\/uploads\\\/2024\\\/08\\\/462559670_3787732518133670_9795632669273463_n-e1731525914575.png\",\"width\":180,\"height\":60,\"caption\":\"COM Group Ecommerce\"},\"image\":{\"@id\":\"https:\\\/\\\/www.malinashop.lt\\\/#\\\/schema\\\/logo\\\/image\\\/\"}}]}<\/script>\n<!-- \/ Yoast SEO plugin. -->","yoast_head_json":{"title":"LaQ Veido valomosios putos MAGNOLIA \u2013 \u0160velni oda, kuri spindi, 40g - MalinaShop.lt J\u016bs\u0173 sveikatai ir gro\u017eiui.","description":"LaQ MAGNOLIA veido putos \u0161velniai valo, dr\u0117kina ir saugo odos balans\u0105. Su hialuronu ir aliejais, vegani\u0161ka formul\u0117, 40 g.","robots":{"index":"index","follow":"follow","max-snippet":"max-snippet:-1","max-image-preview":"max-image-preview:large","max-video-preview":"max-video-preview:-1"},"canonical":"https:\/\/www.malinashop.lt\/lt_lt\/shop\/laq-veido-valomosios-putos-magnolia-svelni-oda-kuri-spindi-40g\/","og_locale":"lt_LT","og_type":"article","og_title":"LaQ Veido valomosios putos MAGNOLIA \u2013 \u0160velni oda, kuri spindi, 40g - MalinaShop.lt J\u016bs\u0173 sveikatai ir gro\u017eiui.","og_description":"LaQ MAGNOLIA veido putos \u0161velniai valo, dr\u0117kina ir saugo odos balans\u0105. Su hialuronu ir aliejais, vegani\u0161ka formul\u0117, 40 g.","og_url":"https:\/\/www.malinashop.lt\/lt_lt\/shop\/laq-veido-valomosios-putos-magnolia-svelni-oda-kuri-spindi-40g\/","og_site_name":"MalinaShop.lt J\u016bs\u0173 sveikatai ir gro\u017eiui.","article_modified_time":"2026-04-30T06:53:55+00:00","og_image":[{"width":1024,"height":1024,"url":"https:\/\/www.malinashop.lt\/wp-content\/uploads\/2026\/04\/LaQ-Veido-valomosios-putos-MAGNOLIA-\u2013-Svelni-oda-kuri-spindi-40g.jpg","type":"image\/jpeg"}],"twitter_card":"summary_large_image","schema":{"@context":"https:\/\/schema.org","@graph":[{"@type":"WebPage","@id":"https:\/\/www.malinashop.lt\/shop\/laq-veido-valomosios-putos-magnolia-svelni-oda-kuri-spindi-40g\/","url":"https:\/\/www.malinashop.lt\/shop\/laq-veido-valomosios-putos-magnolia-svelni-oda-kuri-spindi-40g\/","name":"LaQ Veido valomosios putos MAGNOLIA \u2013 \u0160velni oda, kuri spindi, 40g - MalinaShop.lt J\u016bs\u0173 sveikatai ir gro\u017eiui.","isPartOf":{"@id":"https:\/\/www.malinashop.lt\/#website"},"primaryImageOfPage":{"@id":"https:\/\/www.malinashop.lt\/shop\/laq-veido-valomosios-putos-magnolia-svelni-oda-kuri-spindi-40g\/#primaryimage"},"image":{"@id":"https:\/\/www.malinashop.lt\/shop\/laq-veido-valomosios-putos-magnolia-svelni-oda-kuri-spindi-40g\/#primaryimage"},"thumbnailUrl":"https:\/\/www.malinashop.lt\/wp-content\/uploads\/2026\/04\/LaQ-Veido-valomosios-putos-MAGNOLIA-\u2013-Svelni-oda-kuri-spindi-40g.jpg","datePublished":"2026-04-30T05:59:02+00:00","dateModified":"2026-04-30T06:53:55+00:00","description":"LaQ MAGNOLIA veido putos \u0161velniai valo, dr\u0117kina ir saugo odos balans\u0105. Su hialuronu ir aliejais, vegani\u0161ka formul\u0117, 40 g.","breadcrumb":{"@id":"https:\/\/www.malinashop.lt\/shop\/laq-veido-valomosios-putos-magnolia-svelni-oda-kuri-spindi-40g\/#breadcrumb"},"inLanguage":"lt-LT","potentialAction":[{"@type":"ReadAction","target":["https:\/\/www.malinashop.lt\/shop\/laq-veido-valomosios-putos-magnolia-svelni-oda-kuri-spindi-40g\/"]}]},{"@type":"ImageObject","inLanguage":"lt-LT","@id":"https:\/\/www.malinashop.lt\/shop\/laq-veido-valomosios-putos-magnolia-svelni-oda-kuri-spindi-40g\/#primaryimage","url":"https:\/\/www.malinashop.lt\/wp-content\/uploads\/2026\/04\/LaQ-Veido-valomosios-putos-MAGNOLIA-\u2013-Svelni-oda-kuri-spindi-40g.jpg","contentUrl":"https:\/\/www.malinashop.lt\/wp-content\/uploads\/2026\/04\/LaQ-Veido-valomosios-putos-MAGNOLIA-\u2013-Svelni-oda-kuri-spindi-40g.jpg","width":1024,"height":1024},{"@type":"BreadcrumbList","@id":"https:\/\/www.malinashop.lt\/shop\/laq-veido-valomosios-putos-magnolia-svelni-oda-kuri-spindi-40g\/#breadcrumb","itemListElement":[{"@type":"ListItem","position":1,"name":"Pagrindinis","item":"https:\/\/www.malinashop.lt\/lt_lt\/"},{"@type":"ListItem","position":2,"name":"Parduotuv\u0117","item":"https:\/\/www.malinashop.lt\/en\/parduotuve\/"},{"@type":"ListItem","position":3,"name":"LaQ Veido valomosios putos MAGNOLIA \u2013 \u0160velni oda, kuri spindi, 40g"}]},{"@type":"WebSite","@id":"https:\/\/www.malinashop.lt\/#website","url":"https:\/\/www.malinashop.lt\/","name":"COM Group Ecommerce","description":"MalinaShop.lt - Gro\u017eio ir sveikatos produktai i\u0161 patikim\u0173 preki\u0173 \u017eenkl\u0173. Atraskite auk\u0161tos kokyb\u0117s kosmetik\u0105 u\u017e puiki\u0105 kain\u0105.","publisher":{"@id":"https:\/\/www.malinashop.lt\/#organization"},"potentialAction":[{"@type":"SearchAction","target":{"@type":"EntryPoint","urlTemplate":"https:\/\/www.malinashop.lt\/?s={search_term_string}"},"query-input":{"@type":"PropertyValueSpecification","valueRequired":true,"valueName":"search_term_string"}}],"inLanguage":"lt-LT"},{"@type":"Organization","@id":"https:\/\/www.malinashop.lt\/#organization","name":"COM Group Ecommerce","url":"https:\/\/www.malinashop.lt\/","logo":{"@type":"ImageObject","inLanguage":"lt-LT","@id":"https:\/\/www.malinashop.lt\/#\/schema\/logo\/image\/","url":"https:\/\/www.malinashop.lt\/wp-content\/uploads\/2024\/08\/462559670_3787732518133670_9795632669273463_n-e1731525914575.png","contentUrl":"https:\/\/www.malinashop.lt\/wp-content\/uploads\/2024\/08\/462559670_3787732518133670_9795632669273463_n-e1731525914575.png","width":180,"height":60,"caption":"COM Group Ecommerce"},"image":{"@id":"https:\/\/www.malinashop.lt\/#\/schema\/logo\/image\/"}}]}},"jetpack_sharing_enabled":true,"_links":{"self":[{"href":"https:\/\/www.malinashop.lt\/lt_lt\/wp-json\/wp\/v2\/product\/77527","targetHints":{"allow":["GET"]}}],"collection":[{"href":"https:\/\/www.malinashop.lt\/lt_lt\/wp-json\/wp\/v2\/product"}],"about":[{"href":"https:\/\/www.malinashop.lt\/lt_lt\/wp-json\/wp\/v2\/types\/product"}],"version-history":[{"count":2,"href":"https:\/\/www.malinashop.lt\/lt_lt\/wp-json\/wp\/v2\/product\/77527\/revisions"}],"predecessor-version":[{"id":77788,"href":"https:\/\/www.malinashop.lt\/lt_lt\/wp-json\/wp\/v2\/product\/77527\/revisions\/77788"}],"wp:featuredmedia":[{"embeddable":true,"href":"https:\/\/www.malinashop.lt\/lt_lt\/wp-json\/wp\/v2\/media\/77789"}],"wp:attachment":[{"href":"https:\/\/www.malinashop.lt\/lt_lt\/wp-json\/wp\/v2\/media?parent=77527"}],"wp:term":[{"taxonomy":"product_brand","embeddable":true,"href":"https:\/\/www.malinashop.lt\/lt_lt\/wp-json\/wp\/v2\/product_brand?post=77527"},{"taxonomy":"product_cat","embeddable":true,"href":"https:\/\/www.malinashop.lt\/lt_lt\/wp-json\/wp\/v2\/product_cat?post=77527"},{"taxonomy":"product_tag","embeddable":true,"href":"https:\/\/www.malinashop.lt\/lt_lt\/wp-json\/wp\/v2\/product_tag?post=77527"}],"curies":[{"name":"wp","href":"https:\/\/api.w.org\/{rel}","templated":true}]}}