{"id":77525,"date":"2026-04-30T10:18:02","date_gmt":"2026-04-30T07:18:02","guid":{"rendered":"https:\/\/www.malinashop.lt\/shop\/laq-veido-valymo-musas-forget-me-not-neuzmirstuoliu-raminantis-debeselis-2\/"},"modified":"2026-04-30T10:19:25","modified_gmt":"2026-04-30T07:19:25","slug":"laq-veido-valymo-musas-forget-me-not-maziau-dirginimo-daugiau-svelnumo-40g","status":"publish","type":"product","link":"https:\/\/www.malinashop.lt\/lt_lt\/shop\/laq-veido-valymo-musas-forget-me-not-maziau-dirginimo-daugiau-svelnumo-40g\/","title":{"rendered":"Laq Veido valymo musas FORGET-ME-NOT \u2013 Ma\u017eiau dirginimo, daugiau \u0161velnumo, 40g"},"content":{"rendered":"<p data-start=\"615\" data-end=\"692\">Yra dalyk\u0173, kurie lieka ilgiau nei akimirka.<br data-start=\"659\" data-end=\"662\" \/>Ne d\u0117l triuk\u0161mo \u2013 d\u0117l poj\u016b\u010dio.<\/p>\n<p data-start=\"694\" data-end=\"970\">LaQ <strong data-start=\"698\" data-end=\"715\">FORGET-ME-NOT<\/strong> \u2013 nat\u016bralios, vegani\u0161kos <strong data-start=\"741\" data-end=\"767\">veido valomosios putos<\/strong>, kurios sukurtos \u0161velniam, bet efektyviam kasdieniam odos valymui. Lengva, puri tekst\u016bra \u201ekaip debesis\u201c ne tik nuvalo od\u0105, bet ir paver\u010dia rutin\u0105 maloniu ritualu.<\/p>\n<p data-start=\"972\" data-end=\"1155\">Jos pa\u0161alina ne\u0161varumus ir makia\u017eo liku\u010dius, nepa\u017eeisdamos nat\u016bralaus odos pH, tod\u0117l oda po naudojimo i\u0161lieka mink\u0161ta, sudr\u0117kinta ir nuraminta.<\/p>\n<hr data-start=\"1157\" data-end=\"1160\" \/>\n<h3 data-section-id=\"9vpmbk\" data-start=\"1162\" data-end=\"1197\"><span role=\"text\"><strong data-start=\"1166\" data-end=\"1197\">K\u0105 gali padaryti d\u0117l tav\u0119s?<\/strong><\/span><\/h3>\n<p data-start=\"1199\" data-end=\"1434\">\u2714 \u0160velniai valo veido od\u0105<br data-start=\"1224\" data-end=\"1227\" \/>\u2714 Pa\u0161alina makia\u017eo ir ne\u0161varum\u0173 liku\u010dius<br data-start=\"1267\" data-end=\"1270\" \/>\u2714 Neardydamos nat\u016bralaus odos balanso<br data-start=\"1307\" data-end=\"1310\" \/>\u2714 Intensyviai dr\u0117kina<br data-start=\"1331\" data-end=\"1334\" \/>\u2714 Ramina jautri\u0105 od\u0105<br data-start=\"1354\" data-end=\"1357\" \/>\u2714 Palieka \u0161velnumo ir komforto poj\u016bt\u012f<\/p>\n<hr data-start=\"1436\" data-end=\"1439\" \/>\n<h3 data-section-id=\"jqqc7t\" data-start=\"1441\" data-end=\"1469\"><span role=\"text\"><strong data-start=\"1445\" data-end=\"1469\">Kas slepiasi viduje?<\/strong><\/span><\/h3>\n<p data-start=\"1471\" data-end=\"1727\">\u2714 Postbiotikas \u2013 odos mikrobiomui<br data-start=\"1504\" data-end=\"1507\" \/>\u2714 Agurkli\u0173 (borage) aliejus \u2013 maitinimui<br data-start=\"1547\" data-end=\"1550\" \/>\u2714 Alavijo sultys \u2013 raminimui<br data-start=\"1578\" data-end=\"1581\" \/>\u2714 D-pantenolis \u2013 komfortui<br data-start=\"1607\" data-end=\"1610\" \/>\u2714 Nepamir\u0161tuol\u0117s ekstraktas \u2013 \u0161velnumui<br data-start=\"1649\" data-end=\"1652\" \/>\u2714 Augalinis glicerinas \u2013 dr\u0117kinimui<\/p>\n<p data-start=\"1729\" data-end=\"1793\">Subalansuota formul\u0117 leid\u017eia valyti od\u0105 be sausumo ir dirginimo.<\/p>\n<hr data-start=\"1795\" data-end=\"1798\" \/>\n<h3 data-section-id=\"1kvk22q\" data-start=\"1800\" data-end=\"1819\"><span role=\"text\"><strong data-start=\"1804\" data-end=\"1819\">Kvapo natos<\/strong><\/span><\/h3>\n<p data-start=\"1821\" data-end=\"1986\"><strong data-start=\"1821\" data-end=\"1836\">Vir\u0161utin\u0117s:<\/strong> mandarinas<br data-start=\"1847\" data-end=\"1850\" \/><strong data-start=\"1850\" data-end=\"1862\">\u0160irdies:<\/strong> nepamir\u0161tuol\u0117, persikas, jazminas<br data-start=\"1896\" data-end=\"1899\" \/><strong data-start=\"1899\" data-end=\"1911\">Bazin\u0117s:<\/strong> vanil\u0117, sandalmedis, kedras, ambra<\/p>\n<p data-start=\"1988\" data-end=\"2038\">Kvapas \u0161velnus, moteri\u0161kas ir lengvai \u012fsimenantis.<\/p>\n<hr data-start=\"2040\" data-end=\"2043\" \/>\n<h3 data-section-id=\"106411i\" data-start=\"2045\" data-end=\"2066\"><span role=\"text\"><strong data-start=\"2049\" data-end=\"2066\">Kaip naudoti?<\/strong><\/span><\/h3>\n<p data-start=\"2068\" data-end=\"2218\">U\u017etepk nedidel\u012f kiek\u012f ant dr\u0117gnos veido odos, \u0161velniai \u012fmasa\u017euok ir nuskalauk vandeniu. Naudok ryte ir vakare.<\/p>\n<hr data-start=\"2220\" data-end=\"2223\" \/>\n<h3 data-section-id=\"1j5u947\" data-start=\"2225\" data-end=\"2254\"><span role=\"text\"><strong data-start=\"2229\" data-end=\"2254\">Kam labiausiai tinka?<\/strong><\/span><\/h3>\n<p data-start=\"2256\" data-end=\"2378\">\u2714 Normaliai odai<br data-start=\"2272\" data-end=\"2275\" \/>\u2714 Sausai odai<br data-start=\"2288\" data-end=\"2291\" \/>\u2714 Jautriai odai<br data-start=\"2306\" data-end=\"2309\" \/>\u2714 Kasdieniam \u0161velniam valymui<\/p>\n<hr data-start=\"2380\" data-end=\"2383\" \/>\n<h3 data-section-id=\"1eeh0m\" data-start=\"2385\" data-end=\"2410\"><span role=\"text\"><strong data-start=\"2389\" data-end=\"2410\">K\u0105 kalba miestas?<\/strong><\/span><\/h3>\n<p data-start=\"2412\" data-end=\"2485\">Ji nesistengia.<br data-start=\"2427\" data-end=\"2430\" \/>Ji tiesiog atrodo gerai.<br data-start=\"2454\" data-end=\"2457\" \/>Ir ka\u017ekaip visi tai pastebi.<\/p>\n<hr data-start=\"2487\" data-end=\"2490\" \/>\n<h3 data-section-id=\"1i0hpke\" data-start=\"2492\" data-end=\"2505\"><span role=\"text\"><strong data-start=\"2496\" data-end=\"2505\">Talpa<\/strong><\/span><\/h3>\n<p data-start=\"2507\" data-end=\"2511\">40 g<\/p>\n<hr data-start=\"2513\" data-end=\"2516\" \/>\n<p data-start=\"2518\" data-end=\"2557\"><strong data-start=\"2518\" data-end=\"2557\">Kai oda gera \u2013 \u012fsp\u016bdis lieka ilgam.<\/strong><\/p>\n<hr \/>\n<p><strong>Laq \u2014 kosmetika, kuri nesivar\u017eo.<\/strong> Nat\u016brali. Vegani\u0161ka. Dermatologi\u0161kai testuota. <strong>Puiki nestandartin\u0117 dovana tiems, kurie visk\u0105 turi.<\/strong><\/p>\n","protected":false},"excerpt":{"rendered":"<p data-start=\"368\" data-end=\"513\">Kai oda atrodo gerai \u2013 tai matosi i\u0161 karto. LaQ <strong data-start=\"416\" data-end=\"433\">FORGET-ME-NOT<\/strong> veido putos \u0161velniai valo, dr\u0117kina ir palieka od\u0105 mink\u0161t\u0105, rami\u0105 ir pri\u017ei\u016br\u0117t\u0105.<\/p>\n","protected":false},"featured_media":77809,"template":"","meta":[],"product_brand":[1699],"product_cat":[1698,537,728],"product_tag":[],"class_list":{"0":"post-77525","1":"product","2":"type-product","3":"status-publish","4":"has-post-thumbnail","6":"product_brand-laq","7":"product_cat-veido-prieziura","8":"product_cat-veido-valymo-priemones","9":"product_cat-veidui","11":"first","12":"instock","13":"taxable","14":"shipping-taxable","15":"purchasable","16":"product-type-simple"},"yoast_head":"<!-- This site is optimized with the Yoast SEO plugin v27.5 - https:\/\/yoast.com\/product\/yoast-seo-wordpress\/ -->\n<title>Laq Veido valymo musas FORGET-ME-NOT \u2013 Ma\u017eiau dirginimo, daugiau \u0161velnumo, 40g - MalinaShop.lt J\u016bs\u0173 sveikatai ir gro\u017eiui.<\/title>\n<meta name=\"description\" content=\"LaQ FORGET-ME-NOT veido putos \u0161velniai valo, dr\u0117kina ir ramina od\u0105. Tinka jautriai odai, vegani\u0161ka formul\u0117, 40 g. MalinaShop.lt\" \/>\n<meta name=\"robots\" content=\"index, follow, max-snippet:-1, max-image-preview:large, max-video-preview:-1\" \/>\n<link rel=\"canonical\" href=\"https:\/\/www.malinashop.lt\/lt_lt\/shop\/laq-veido-valymo-musas-forget-me-not-maziau-dirginimo-daugiau-svelnumo-40g\/\" \/>\n<meta property=\"og:locale\" content=\"lt_LT\" \/>\n<meta property=\"og:type\" content=\"article\" \/>\n<meta property=\"og:title\" content=\"Laq Veido valymo musas FORGET-ME-NOT \u2013 Ma\u017eiau dirginimo, daugiau \u0161velnumo, 40g - MalinaShop.lt J\u016bs\u0173 sveikatai ir gro\u017eiui.\" \/>\n<meta property=\"og:description\" content=\"LaQ FORGET-ME-NOT veido putos \u0161velniai valo, dr\u0117kina ir ramina od\u0105. Tinka jautriai odai, vegani\u0161ka formul\u0117, 40 g. MalinaShop.lt\" \/>\n<meta property=\"og:url\" content=\"https:\/\/www.malinashop.lt\/lt_lt\/shop\/laq-veido-valymo-musas-forget-me-not-maziau-dirginimo-daugiau-svelnumo-40g\/\" \/>\n<meta property=\"og:site_name\" content=\"MalinaShop.lt J\u016bs\u0173 sveikatai ir gro\u017eiui.\" \/>\n<meta property=\"article:modified_time\" content=\"2026-04-30T07:19:25+00:00\" \/>\n<meta property=\"og:image\" content=\"https:\/\/www.malinashop.lt\/wp-content\/uploads\/2026\/04\/Laq-Veido-valymo-musas-FORGET-ME-NOT-\u2013-Maziau-dirginimo-daugiau-svelnumo-40g2.jpg\" \/>\n\t<meta property=\"og:image:width\" content=\"1536\" \/>\n\t<meta property=\"og:image:height\" content=\"1536\" \/>\n\t<meta property=\"og:image:type\" content=\"image\/jpeg\" \/>\n<meta name=\"twitter:card\" content=\"summary_large_image\" \/>\n<script type=\"application\/ld+json\" class=\"yoast-schema-graph\">{\"@context\":\"https:\\\/\\\/schema.org\",\"@graph\":[{\"@type\":\"WebPage\",\"@id\":\"https:\\\/\\\/www.malinashop.lt\\\/shop\\\/laq-veido-valymo-musas-forget-me-not-maziau-dirginimo-daugiau-svelnumo-40g\\\/\",\"url\":\"https:\\\/\\\/www.malinashop.lt\\\/shop\\\/laq-veido-valymo-musas-forget-me-not-maziau-dirginimo-daugiau-svelnumo-40g\\\/\",\"name\":\"Laq Veido valymo musas FORGET-ME-NOT \u2013 Ma\u017eiau dirginimo, daugiau \u0161velnumo, 40g - MalinaShop.lt J\u016bs\u0173 sveikatai ir gro\u017eiui.\",\"isPartOf\":{\"@id\":\"https:\\\/\\\/www.malinashop.lt\\\/#website\"},\"primaryImageOfPage\":{\"@id\":\"https:\\\/\\\/www.malinashop.lt\\\/shop\\\/laq-veido-valymo-musas-forget-me-not-maziau-dirginimo-daugiau-svelnumo-40g\\\/#primaryimage\"},\"image\":{\"@id\":\"https:\\\/\\\/www.malinashop.lt\\\/shop\\\/laq-veido-valymo-musas-forget-me-not-maziau-dirginimo-daugiau-svelnumo-40g\\\/#primaryimage\"},\"thumbnailUrl\":\"https:\\\/\\\/www.malinashop.lt\\\/wp-content\\\/uploads\\\/2026\\\/04\\\/Laq-Veido-valymo-musas-FORGET-ME-NOT-\u2013-Maziau-dirginimo-daugiau-svelnumo-40g2.jpg\",\"datePublished\":\"2026-04-30T07:18:02+00:00\",\"dateModified\":\"2026-04-30T07:19:25+00:00\",\"description\":\"LaQ FORGET-ME-NOT veido putos \u0161velniai valo, dr\u0117kina ir ramina od\u0105. Tinka jautriai odai, vegani\u0161ka formul\u0117, 40 g. MalinaShop.lt\",\"breadcrumb\":{\"@id\":\"https:\\\/\\\/www.malinashop.lt\\\/shop\\\/laq-veido-valymo-musas-forget-me-not-maziau-dirginimo-daugiau-svelnumo-40g\\\/#breadcrumb\"},\"inLanguage\":\"lt-LT\",\"potentialAction\":[{\"@type\":\"ReadAction\",\"target\":[\"https:\\\/\\\/www.malinashop.lt\\\/shop\\\/laq-veido-valymo-musas-forget-me-not-maziau-dirginimo-daugiau-svelnumo-40g\\\/\"]}]},{\"@type\":\"ImageObject\",\"inLanguage\":\"lt-LT\",\"@id\":\"https:\\\/\\\/www.malinashop.lt\\\/shop\\\/laq-veido-valymo-musas-forget-me-not-maziau-dirginimo-daugiau-svelnumo-40g\\\/#primaryimage\",\"url\":\"https:\\\/\\\/www.malinashop.lt\\\/wp-content\\\/uploads\\\/2026\\\/04\\\/Laq-Veido-valymo-musas-FORGET-ME-NOT-\u2013-Maziau-dirginimo-daugiau-svelnumo-40g2.jpg\",\"contentUrl\":\"https:\\\/\\\/www.malinashop.lt\\\/wp-content\\\/uploads\\\/2026\\\/04\\\/Laq-Veido-valymo-musas-FORGET-ME-NOT-\u2013-Maziau-dirginimo-daugiau-svelnumo-40g2.jpg\",\"width\":1536,\"height\":1536},{\"@type\":\"BreadcrumbList\",\"@id\":\"https:\\\/\\\/www.malinashop.lt\\\/shop\\\/laq-veido-valymo-musas-forget-me-not-maziau-dirginimo-daugiau-svelnumo-40g\\\/#breadcrumb\",\"itemListElement\":[{\"@type\":\"ListItem\",\"position\":1,\"name\":\"Pagrindinis\",\"item\":\"https:\\\/\\\/www.malinashop.lt\\\/lt_lt\\\/\"},{\"@type\":\"ListItem\",\"position\":2,\"name\":\"Parduotuv\u0117\",\"item\":\"https:\\\/\\\/www.malinashop.lt\\\/en\\\/parduotuve\\\/\"},{\"@type\":\"ListItem\",\"position\":3,\"name\":\"Laq Veido valymo musas FORGET-ME-NOT \u2013 Ma\u017eiau dirginimo, daugiau \u0161velnumo, 40g\"}]},{\"@type\":\"WebSite\",\"@id\":\"https:\\\/\\\/www.malinashop.lt\\\/#website\",\"url\":\"https:\\\/\\\/www.malinashop.lt\\\/\",\"name\":\"COM Group Ecommerce\",\"description\":\"MalinaShop.lt - Gro\u017eio ir sveikatos produktai i\u0161 patikim\u0173 preki\u0173 \u017eenkl\u0173. Atraskite auk\u0161tos kokyb\u0117s kosmetik\u0105 u\u017e puiki\u0105 kain\u0105.\",\"publisher\":{\"@id\":\"https:\\\/\\\/www.malinashop.lt\\\/#organization\"},\"potentialAction\":[{\"@type\":\"SearchAction\",\"target\":{\"@type\":\"EntryPoint\",\"urlTemplate\":\"https:\\\/\\\/www.malinashop.lt\\\/?s={search_term_string}\"},\"query-input\":{\"@type\":\"PropertyValueSpecification\",\"valueRequired\":true,\"valueName\":\"search_term_string\"}}],\"inLanguage\":\"lt-LT\"},{\"@type\":\"Organization\",\"@id\":\"https:\\\/\\\/www.malinashop.lt\\\/#organization\",\"name\":\"COM Group Ecommerce\",\"url\":\"https:\\\/\\\/www.malinashop.lt\\\/\",\"logo\":{\"@type\":\"ImageObject\",\"inLanguage\":\"lt-LT\",\"@id\":\"https:\\\/\\\/www.malinashop.lt\\\/#\\\/schema\\\/logo\\\/image\\\/\",\"url\":\"https:\\\/\\\/www.malinashop.lt\\\/wp-content\\\/uploads\\\/2024\\\/08\\\/462559670_3787732518133670_9795632669273463_n-e1731525914575.png\",\"contentUrl\":\"https:\\\/\\\/www.malinashop.lt\\\/wp-content\\\/uploads\\\/2024\\\/08\\\/462559670_3787732518133670_9795632669273463_n-e1731525914575.png\",\"width\":180,\"height\":60,\"caption\":\"COM Group Ecommerce\"},\"image\":{\"@id\":\"https:\\\/\\\/www.malinashop.lt\\\/#\\\/schema\\\/logo\\\/image\\\/\"}}]}<\/script>\n<!-- \/ Yoast SEO plugin. -->","yoast_head_json":{"title":"Laq Veido valymo musas FORGET-ME-NOT \u2013 Ma\u017eiau dirginimo, daugiau \u0161velnumo, 40g - MalinaShop.lt J\u016bs\u0173 sveikatai ir gro\u017eiui.","description":"LaQ FORGET-ME-NOT veido putos \u0161velniai valo, dr\u0117kina ir ramina od\u0105. Tinka jautriai odai, vegani\u0161ka formul\u0117, 40 g. MalinaShop.lt","robots":{"index":"index","follow":"follow","max-snippet":"max-snippet:-1","max-image-preview":"max-image-preview:large","max-video-preview":"max-video-preview:-1"},"canonical":"https:\/\/www.malinashop.lt\/lt_lt\/shop\/laq-veido-valymo-musas-forget-me-not-maziau-dirginimo-daugiau-svelnumo-40g\/","og_locale":"lt_LT","og_type":"article","og_title":"Laq Veido valymo musas FORGET-ME-NOT \u2013 Ma\u017eiau dirginimo, daugiau \u0161velnumo, 40g - MalinaShop.lt J\u016bs\u0173 sveikatai ir gro\u017eiui.","og_description":"LaQ FORGET-ME-NOT veido putos \u0161velniai valo, dr\u0117kina ir ramina od\u0105. Tinka jautriai odai, vegani\u0161ka formul\u0117, 40 g. MalinaShop.lt","og_url":"https:\/\/www.malinashop.lt\/lt_lt\/shop\/laq-veido-valymo-musas-forget-me-not-maziau-dirginimo-daugiau-svelnumo-40g\/","og_site_name":"MalinaShop.lt J\u016bs\u0173 sveikatai ir gro\u017eiui.","article_modified_time":"2026-04-30T07:19:25+00:00","og_image":[{"width":1536,"height":1536,"url":"https:\/\/www.malinashop.lt\/wp-content\/uploads\/2026\/04\/Laq-Veido-valymo-musas-FORGET-ME-NOT-\u2013-Maziau-dirginimo-daugiau-svelnumo-40g2.jpg","type":"image\/jpeg"}],"twitter_card":"summary_large_image","schema":{"@context":"https:\/\/schema.org","@graph":[{"@type":"WebPage","@id":"https:\/\/www.malinashop.lt\/shop\/laq-veido-valymo-musas-forget-me-not-maziau-dirginimo-daugiau-svelnumo-40g\/","url":"https:\/\/www.malinashop.lt\/shop\/laq-veido-valymo-musas-forget-me-not-maziau-dirginimo-daugiau-svelnumo-40g\/","name":"Laq Veido valymo musas FORGET-ME-NOT \u2013 Ma\u017eiau dirginimo, daugiau \u0161velnumo, 40g - MalinaShop.lt J\u016bs\u0173 sveikatai ir gro\u017eiui.","isPartOf":{"@id":"https:\/\/www.malinashop.lt\/#website"},"primaryImageOfPage":{"@id":"https:\/\/www.malinashop.lt\/shop\/laq-veido-valymo-musas-forget-me-not-maziau-dirginimo-daugiau-svelnumo-40g\/#primaryimage"},"image":{"@id":"https:\/\/www.malinashop.lt\/shop\/laq-veido-valymo-musas-forget-me-not-maziau-dirginimo-daugiau-svelnumo-40g\/#primaryimage"},"thumbnailUrl":"https:\/\/www.malinashop.lt\/wp-content\/uploads\/2026\/04\/Laq-Veido-valymo-musas-FORGET-ME-NOT-\u2013-Maziau-dirginimo-daugiau-svelnumo-40g2.jpg","datePublished":"2026-04-30T07:18:02+00:00","dateModified":"2026-04-30T07:19:25+00:00","description":"LaQ FORGET-ME-NOT veido putos \u0161velniai valo, dr\u0117kina ir ramina od\u0105. Tinka jautriai odai, vegani\u0161ka formul\u0117, 40 g. MalinaShop.lt","breadcrumb":{"@id":"https:\/\/www.malinashop.lt\/shop\/laq-veido-valymo-musas-forget-me-not-maziau-dirginimo-daugiau-svelnumo-40g\/#breadcrumb"},"inLanguage":"lt-LT","potentialAction":[{"@type":"ReadAction","target":["https:\/\/www.malinashop.lt\/shop\/laq-veido-valymo-musas-forget-me-not-maziau-dirginimo-daugiau-svelnumo-40g\/"]}]},{"@type":"ImageObject","inLanguage":"lt-LT","@id":"https:\/\/www.malinashop.lt\/shop\/laq-veido-valymo-musas-forget-me-not-maziau-dirginimo-daugiau-svelnumo-40g\/#primaryimage","url":"https:\/\/www.malinashop.lt\/wp-content\/uploads\/2026\/04\/Laq-Veido-valymo-musas-FORGET-ME-NOT-\u2013-Maziau-dirginimo-daugiau-svelnumo-40g2.jpg","contentUrl":"https:\/\/www.malinashop.lt\/wp-content\/uploads\/2026\/04\/Laq-Veido-valymo-musas-FORGET-ME-NOT-\u2013-Maziau-dirginimo-daugiau-svelnumo-40g2.jpg","width":1536,"height":1536},{"@type":"BreadcrumbList","@id":"https:\/\/www.malinashop.lt\/shop\/laq-veido-valymo-musas-forget-me-not-maziau-dirginimo-daugiau-svelnumo-40g\/#breadcrumb","itemListElement":[{"@type":"ListItem","position":1,"name":"Pagrindinis","item":"https:\/\/www.malinashop.lt\/lt_lt\/"},{"@type":"ListItem","position":2,"name":"Parduotuv\u0117","item":"https:\/\/www.malinashop.lt\/en\/parduotuve\/"},{"@type":"ListItem","position":3,"name":"Laq Veido valymo musas FORGET-ME-NOT \u2013 Ma\u017eiau dirginimo, daugiau \u0161velnumo, 40g"}]},{"@type":"WebSite","@id":"https:\/\/www.malinashop.lt\/#website","url":"https:\/\/www.malinashop.lt\/","name":"COM Group Ecommerce","description":"MalinaShop.lt - Gro\u017eio ir sveikatos produktai i\u0161 patikim\u0173 preki\u0173 \u017eenkl\u0173. Atraskite auk\u0161tos kokyb\u0117s kosmetik\u0105 u\u017e puiki\u0105 kain\u0105.","publisher":{"@id":"https:\/\/www.malinashop.lt\/#organization"},"potentialAction":[{"@type":"SearchAction","target":{"@type":"EntryPoint","urlTemplate":"https:\/\/www.malinashop.lt\/?s={search_term_string}"},"query-input":{"@type":"PropertyValueSpecification","valueRequired":true,"valueName":"search_term_string"}}],"inLanguage":"lt-LT"},{"@type":"Organization","@id":"https:\/\/www.malinashop.lt\/#organization","name":"COM Group Ecommerce","url":"https:\/\/www.malinashop.lt\/","logo":{"@type":"ImageObject","inLanguage":"lt-LT","@id":"https:\/\/www.malinashop.lt\/#\/schema\/logo\/image\/","url":"https:\/\/www.malinashop.lt\/wp-content\/uploads\/2024\/08\/462559670_3787732518133670_9795632669273463_n-e1731525914575.png","contentUrl":"https:\/\/www.malinashop.lt\/wp-content\/uploads\/2024\/08\/462559670_3787732518133670_9795632669273463_n-e1731525914575.png","width":180,"height":60,"caption":"COM Group Ecommerce"},"image":{"@id":"https:\/\/www.malinashop.lt\/#\/schema\/logo\/image\/"}}]}},"jetpack_sharing_enabled":true,"_links":{"self":[{"href":"https:\/\/www.malinashop.lt\/lt_lt\/wp-json\/wp\/v2\/product\/77525","targetHints":{"allow":["GET"]}}],"collection":[{"href":"https:\/\/www.malinashop.lt\/lt_lt\/wp-json\/wp\/v2\/product"}],"about":[{"href":"https:\/\/www.malinashop.lt\/lt_lt\/wp-json\/wp\/v2\/types\/product"}],"version-history":[{"count":2,"href":"https:\/\/www.malinashop.lt\/lt_lt\/wp-json\/wp\/v2\/product\/77525\/revisions"}],"predecessor-version":[{"id":77812,"href":"https:\/\/www.malinashop.lt\/lt_lt\/wp-json\/wp\/v2\/product\/77525\/revisions\/77812"}],"wp:featuredmedia":[{"embeddable":true,"href":"https:\/\/www.malinashop.lt\/lt_lt\/wp-json\/wp\/v2\/media\/77809"}],"wp:attachment":[{"href":"https:\/\/www.malinashop.lt\/lt_lt\/wp-json\/wp\/v2\/media?parent=77525"}],"wp:term":[{"taxonomy":"product_brand","embeddable":true,"href":"https:\/\/www.malinashop.lt\/lt_lt\/wp-json\/wp\/v2\/product_brand?post=77525"},{"taxonomy":"product_cat","embeddable":true,"href":"https:\/\/www.malinashop.lt\/lt_lt\/wp-json\/wp\/v2\/product_cat?post=77525"},{"taxonomy":"product_tag","embeddable":true,"href":"https:\/\/www.malinashop.lt\/lt_lt\/wp-json\/wp\/v2\/product_tag?post=77525"}],"curies":[{"name":"wp","href":"https:\/\/api.w.org\/{rel}","templated":true}]}}