{"id":77501,"date":"2026-04-29T13:58:43","date_gmt":"2026-04-29T10:58:43","guid":{"rendered":"https:\/\/www.malinashop.lt\/shop\/laq-shots-duso-gelis-bloody-mary-kraujingoji-marija-kvapas-tikras\/"},"modified":"2026-04-29T17:16:55","modified_gmt":"2026-04-29T14:16:55","slug":"laq-shots-duso-gelis-bloody-mary-kraujingoji-marija-kvapas-tikras-500ml","status":"publish","type":"product","link":"https:\/\/www.malinashop.lt\/lt_lt\/shop\/laq-shots-duso-gelis-bloody-mary-kraujingoji-marija-kvapas-tikras-500ml\/","title":{"rendered":"Laq Shots! Du\u0161o gelis BLOODY MARY \u2013 Kraujingoji Marija, kvapas tikras, 500ml"},"content":{"rendered":"<p data-start=\"727\" data-end=\"903\">Kai rutina tampa nuobodi, metas \u012fne\u0161ti spalv\u0173. Kai diena i\u0161vargina, metas j\u0105 nuplauti stilingai. Kai norisi produkto su charakteriu \u2013 laikas susipa\u017einti su <strong data-start=\"883\" data-end=\"902\">LaQ BLOODY MARY<\/strong>.<\/p>\n<p data-start=\"905\" data-end=\"1122\">Tai i\u0161skirtinis du\u0161o gelis, kuris stebina ne tik sodria raudona spalva, bet ir eleganti\u0161ku aromatu bei turtinga augalini\u0173 ekstrakt\u0173 formule. Sukurtas tiems, kurie m\u0117gsta humoro jausm\u0105, kokyb\u0119 ir kosmetik\u0105 su nuotaika.<\/p>\n<h3 data-section-id=\"17r3rfq\" data-start=\"1124\" data-end=\"1148\">Kod\u0117l verta rinktis?<\/h3>\n<p data-start=\"1150\" data-end=\"1515\">\u2714 \u0160velniai valo od\u0105 ir neleid\u017eia jai i\u0161saus\u0117ti<br data-start=\"1196\" data-end=\"1199\" \/>\u2714 Augalinis glicerinas padeda i\u0161laikyti dr\u0117gm\u0119<br data-start=\"1245\" data-end=\"1248\" \/>\u2714 Rozmarino ekstraktas pasi\u017eymi antioksidacin\u0117mis savyb\u0117mis<br data-start=\"1307\" data-end=\"1310\" \/>\u2714 Ramun\u0117li\u0173 ir arnikos ekstraktai ramina od\u0105<br data-start=\"1354\" data-end=\"1357\" \/>\u2714 \u017doleli\u0173 kompleksas puosel\u0117ja odos komfort\u0105<br data-start=\"1401\" data-end=\"1404\" \/>\u2714 Vegani\u0161ka formul\u0117<br data-start=\"1423\" data-end=\"1426\" \/>\u2714 Dermatologi\u0161kai testuotas<br data-start=\"1453\" data-end=\"1456\" \/>\u2714 Didel\u0117 500 ml talpa<\/p>\n<h3 data-section-id=\"1f55w5e\" data-start=\"1517\" data-end=\"1532\">Kvapo natos<\/h3>\n<p data-start=\"1534\" data-end=\"1745\"><strong data-start=\"1534\" data-end=\"1555\">Vir\u0161utin\u0117s natos:<\/strong> sausmedis, ro\u017ei\u0173 vanduo, \u017ealieji lapai<br data-start=\"1594\" data-end=\"1597\" \/><strong data-start=\"1597\" data-end=\"1615\">\u0160irdies natos:<\/strong> lotosas, gvazdik\u0117liai, osmantas, fig\u0173 lapai<br data-start=\"1659\" data-end=\"1662\" \/><strong data-start=\"1662\" data-end=\"1680\">Bazin\u0117s natos:<\/strong> muskusas, medienos akordai<\/p>\n<p data-start=\"1747\" data-end=\"1843\">Kvapas intriguojantis, sodrus ir sunkiai pamir\u0161tamas. Toks, kuris vonios kambar\u012f paver\u010dia scena.<\/p>\n<h3 data-section-id=\"c58crb\" data-start=\"1845\" data-end=\"1895\">Kas yra <span class=\"hover:entity-accent entity-underline inline cursor-pointer align-baseline\"><span class=\"whitespace-normal\">LaQ<\/span><\/span>?<\/h3>\n<p data-start=\"1897\" data-end=\"2127\"><span class=\"hover:entity-accent entity-underline inline cursor-pointer align-baseline\"><span class=\"whitespace-normal\">LaQ<\/span><\/span> \u2013 i\u0161skirtinis Lenkijos kosmetikos prek\u0117s \u017eenklas, gars\u0117jantis vegani\u0161kais produktais, nat\u016bralesn\u0117mis formul\u0117mis ir dr\u0105siu humoro jausmu. Tai kosmetika tiems, kurie m\u0117gsta kokyb\u0119 be nuobodulio.<\/p>\n<h3 data-section-id=\"ei6umv\" data-start=\"2129\" data-end=\"2152\">Puiki dovanos id\u0117ja<\/h3>\n<p data-start=\"2154\" data-end=\"2305\">Ie\u0161kote dovanos moteriai, draugei ar \u017emogui, kuris turi humoro jausm\u0105? <strong data-start=\"2225\" data-end=\"2240\">BLOODY MARY<\/strong> \u2013 prakti\u0161ka, stilinga ir netik\u0117ta dovana, kuri tikrai i\u0161siskirs.<\/p>\n<h3 data-section-id=\"ezgn8r\" data-start=\"2307\" data-end=\"2321\">Naudojimas<\/h3>\n<p data-start=\"2323\" data-end=\"2406\">Nedidel\u012f kiek\u012f paskirstykite ant dr\u0117gnos odos, suputokite ir nuskalaukite vandeniu.<\/p>\n<h3 data-section-id=\"17n6vsh\" data-start=\"2408\" data-end=\"2426\">Sud\u0117tis (INCI)<\/h3>\n<p data-start=\"2428\" data-end=\"3114\">Aqua, Sodium Coco-Sulfate, Coco-Glucoside, Cocamidopropyl Betaine, Glycerin, Glyceryl Oleate, Rosmarinus Officinalis Leaf Extract, Chamomilla Recutita Flower Extract, Arnica Montana Flower Extract, Lamium Album Extract, Salvia Officinalis Leaf Extract, Pinus Sylvestris Bud Extract, Nasturtium Officinale Extract, Arctium Majus Root Extract, Citrus Limon Peel Extract, Hedera Helix Leaf Extract, Calendula Officinalis Flower Extract, Tropaeolum Majus Flower Extract, Sodium Chloride, Sodium Gluconate, Sodium Benzoate, Potassium Sorbate, Citric Acid, Parfum, Hexamethylindanopyran, Tetramethyl Acetyloctahydronaphthalenes, Sodium Sulfate, CI 14720.<\/p>\n<h3 data-section-id=\"79r9v2\" data-start=\"3116\" data-end=\"3125\">Talpa<\/h3>\n<p data-start=\"3127\" data-end=\"3133\">500 ml<\/p>\n<p data-start=\"3135\" data-end=\"3193\"><strong data-start=\"3135\" data-end=\"3193\">Raudona spalva vilioja, o kvapas palieka \u012fsp\u016bd\u012f ilgam.<\/strong><\/p>\n<hr \/>\n<p><em>Laq \u2014 kosmetika, kuri nesivar\u017eo. Nat\u016brali. Vegani\u0161ka. Dermatologi\u0161kai testuota. Atpa\u017e\u012fstate save? Savo vyr\u0105? Draug\u0105, kuris visada turi k\u0105 pasakyti? <strong>Puiki nestandartin\u0117 dovana tiems, kurie visk\u0105 turi.<\/strong><\/em><\/p>\n","protected":false},"excerpt":{"rendered":"<p>Ry\u0161kus kaip ugnis, dr\u0105sus kaip charakteris. LaQ Shots! BLOODY MARY du\u0161o gelis \u0161velniai valo od\u0105, dr\u0117kina ir apgaubia gundan\u010diu aromatu. Su rozmarino, ramun\u0117li\u0173, arnikos bei kitais augaliniais ekstraktais. Vegani\u0161ka formul\u0117 kasdienai, kuri nenusibosta. Puikiai tinka dovanai.<\/p>\n","protected":false},"featured_media":77432,"template":"","meta":[],"product_brand":[1699],"product_cat":[538,731,1693],"product_tag":[],"class_list":{"0":"post-77501","1":"product","2":"type-product","3":"status-publish","4":"has-post-thumbnail","6":"product_brand-laq","7":"product_cat-kuno-prausikliai-duso-geliai","8":"product_cat-kunui","9":"product_cat-shots","11":"first","12":"instock","13":"taxable","14":"shipping-taxable","15":"purchasable","16":"product-type-simple"},"yoast_head":"<!-- This site is optimized with the Yoast SEO plugin v27.5 - https:\/\/yoast.com\/product\/yoast-seo-wordpress\/ -->\n<title>Laq Shots! Du\u0161o gelis BLOODY MARY \u2013 Kraujingoji Marija, kvapas tikras, 500ml - MalinaShop.lt J\u016bs\u0173 sveikatai ir gro\u017eiui.<\/title>\n<meta name=\"description\" content=\"Laq Shots! du\u0161o gelis BLOODY MARY su \u017eoleli\u0173 ekstraktais. Raudonas, dr\u0105sus. Sausmedis, lotosas, muskusas. Vegani\u0161kas. 500ml.\" \/>\n<meta name=\"robots\" content=\"index, follow, max-snippet:-1, max-image-preview:large, max-video-preview:-1\" \/>\n<link rel=\"canonical\" href=\"https:\/\/www.malinashop.lt\/lt_lt\/shop\/laq-shots-duso-gelis-bloody-mary-kraujingoji-marija-kvapas-tikras-500ml\/\" \/>\n<meta property=\"og:locale\" content=\"lt_LT\" \/>\n<meta property=\"og:type\" content=\"article\" \/>\n<meta property=\"og:title\" content=\"Laq Shots! Du\u0161o gelis BLOODY MARY \u2013 Kraujingoji Marija, kvapas tikras, 500ml - MalinaShop.lt J\u016bs\u0173 sveikatai ir gro\u017eiui.\" \/>\n<meta property=\"og:description\" content=\"Laq Shots! du\u0161o gelis BLOODY MARY su \u017eoleli\u0173 ekstraktais. Raudonas, dr\u0105sus. Sausmedis, lotosas, muskusas. Vegani\u0161kas. 500ml.\" \/>\n<meta property=\"og:url\" content=\"https:\/\/www.malinashop.lt\/lt_lt\/shop\/laq-shots-duso-gelis-bloody-mary-kraujingoji-marija-kvapas-tikras-500ml\/\" \/>\n<meta property=\"og:site_name\" content=\"MalinaShop.lt J\u016bs\u0173 sveikatai ir gro\u017eiui.\" \/>\n<meta property=\"article:modified_time\" content=\"2026-04-29T14:16:55+00:00\" \/>\n<meta property=\"og:image\" content=\"https:\/\/www.malinashop.lt\/wp-content\/uploads\/2026\/04\/LaQ_zel_do_mycia_500ml_5902730837305-1.jpg\" \/>\n\t<meta property=\"og:image:width\" content=\"2500\" \/>\n\t<meta property=\"og:image:height\" content=\"2500\" \/>\n\t<meta property=\"og:image:type\" content=\"image\/jpeg\" \/>\n<meta name=\"twitter:card\" content=\"summary_large_image\" \/>\n<script type=\"application\/ld+json\" class=\"yoast-schema-graph\">{\"@context\":\"https:\\\/\\\/schema.org\",\"@graph\":[{\"@type\":\"WebPage\",\"@id\":\"https:\\\/\\\/www.malinashop.lt\\\/shop\\\/laq-shots-duso-gelis-bloody-mary-kraujingoji-marija-kvapas-tikras-500ml\\\/\",\"url\":\"https:\\\/\\\/www.malinashop.lt\\\/shop\\\/laq-shots-duso-gelis-bloody-mary-kraujingoji-marija-kvapas-tikras-500ml\\\/\",\"name\":\"Laq Shots! Du\u0161o gelis BLOODY MARY \u2013 Kraujingoji Marija, kvapas tikras, 500ml - MalinaShop.lt J\u016bs\u0173 sveikatai ir gro\u017eiui.\",\"isPartOf\":{\"@id\":\"https:\\\/\\\/www.malinashop.lt\\\/#website\"},\"primaryImageOfPage\":{\"@id\":\"https:\\\/\\\/www.malinashop.lt\\\/shop\\\/laq-shots-duso-gelis-bloody-mary-kraujingoji-marija-kvapas-tikras-500ml\\\/#primaryimage\"},\"image\":{\"@id\":\"https:\\\/\\\/www.malinashop.lt\\\/shop\\\/laq-shots-duso-gelis-bloody-mary-kraujingoji-marija-kvapas-tikras-500ml\\\/#primaryimage\"},\"thumbnailUrl\":\"https:\\\/\\\/www.malinashop.lt\\\/wp-content\\\/uploads\\\/2026\\\/04\\\/LaQ_zel_do_mycia_500ml_5902730837305-1.jpg\",\"datePublished\":\"2026-04-29T10:58:43+00:00\",\"dateModified\":\"2026-04-29T14:16:55+00:00\",\"description\":\"Laq Shots! du\u0161o gelis BLOODY MARY su \u017eoleli\u0173 ekstraktais. Raudonas, dr\u0105sus. Sausmedis, lotosas, muskusas. Vegani\u0161kas. 500ml.\",\"breadcrumb\":{\"@id\":\"https:\\\/\\\/www.malinashop.lt\\\/shop\\\/laq-shots-duso-gelis-bloody-mary-kraujingoji-marija-kvapas-tikras-500ml\\\/#breadcrumb\"},\"inLanguage\":\"lt-LT\",\"potentialAction\":[{\"@type\":\"ReadAction\",\"target\":[\"https:\\\/\\\/www.malinashop.lt\\\/shop\\\/laq-shots-duso-gelis-bloody-mary-kraujingoji-marija-kvapas-tikras-500ml\\\/\"]}]},{\"@type\":\"ImageObject\",\"inLanguage\":\"lt-LT\",\"@id\":\"https:\\\/\\\/www.malinashop.lt\\\/shop\\\/laq-shots-duso-gelis-bloody-mary-kraujingoji-marija-kvapas-tikras-500ml\\\/#primaryimage\",\"url\":\"https:\\\/\\\/www.malinashop.lt\\\/wp-content\\\/uploads\\\/2026\\\/04\\\/LaQ_zel_do_mycia_500ml_5902730837305-1.jpg\",\"contentUrl\":\"https:\\\/\\\/www.malinashop.lt\\\/wp-content\\\/uploads\\\/2026\\\/04\\\/LaQ_zel_do_mycia_500ml_5902730837305-1.jpg\",\"width\":2500,\"height\":2500},{\"@type\":\"BreadcrumbList\",\"@id\":\"https:\\\/\\\/www.malinashop.lt\\\/shop\\\/laq-shots-duso-gelis-bloody-mary-kraujingoji-marija-kvapas-tikras-500ml\\\/#breadcrumb\",\"itemListElement\":[{\"@type\":\"ListItem\",\"position\":1,\"name\":\"Pagrindinis\",\"item\":\"https:\\\/\\\/www.malinashop.lt\\\/\"},{\"@type\":\"ListItem\",\"position\":2,\"name\":\"Parduotuv\u0117\",\"item\":\"https:\\\/\\\/www.malinashop.lt\\\/en\\\/parduotuve\\\/\"},{\"@type\":\"ListItem\",\"position\":3,\"name\":\"Laq Shots! Du\u0161o gelis BLOODY MARY \u2013 Kraujingoji Marija, kvapas tikras, 500ml\"}]},{\"@type\":\"WebSite\",\"@id\":\"https:\\\/\\\/www.malinashop.lt\\\/#website\",\"url\":\"https:\\\/\\\/www.malinashop.lt\\\/\",\"name\":\"COM Group Ecommerce\",\"description\":\"MalinaShop.lt - Gro\u017eio ir sveikatos produktai i\u0161 patikim\u0173 preki\u0173 \u017eenkl\u0173. Atraskite auk\u0161tos kokyb\u0117s kosmetik\u0105 u\u017e puiki\u0105 kain\u0105.\",\"publisher\":{\"@id\":\"https:\\\/\\\/www.malinashop.lt\\\/#organization\"},\"potentialAction\":[{\"@type\":\"SearchAction\",\"target\":{\"@type\":\"EntryPoint\",\"urlTemplate\":\"https:\\\/\\\/www.malinashop.lt\\\/?s={search_term_string}\"},\"query-input\":{\"@type\":\"PropertyValueSpecification\",\"valueRequired\":true,\"valueName\":\"search_term_string\"}}],\"inLanguage\":\"lt-LT\"},{\"@type\":\"Organization\",\"@id\":\"https:\\\/\\\/www.malinashop.lt\\\/#organization\",\"name\":\"COM Group Ecommerce\",\"url\":\"https:\\\/\\\/www.malinashop.lt\\\/\",\"logo\":{\"@type\":\"ImageObject\",\"inLanguage\":\"lt-LT\",\"@id\":\"https:\\\/\\\/www.malinashop.lt\\\/#\\\/schema\\\/logo\\\/image\\\/\",\"url\":\"https:\\\/\\\/www.malinashop.lt\\\/wp-content\\\/uploads\\\/2024\\\/08\\\/462559670_3787732518133670_9795632669273463_n-e1731525914575.png\",\"contentUrl\":\"https:\\\/\\\/www.malinashop.lt\\\/wp-content\\\/uploads\\\/2024\\\/08\\\/462559670_3787732518133670_9795632669273463_n-e1731525914575.png\",\"width\":180,\"height\":60,\"caption\":\"COM Group Ecommerce\"},\"image\":{\"@id\":\"https:\\\/\\\/www.malinashop.lt\\\/#\\\/schema\\\/logo\\\/image\\\/\"}}]}<\/script>\n<!-- \/ Yoast SEO plugin. -->","yoast_head_json":{"title":"Laq Shots! Du\u0161o gelis BLOODY MARY \u2013 Kraujingoji Marija, kvapas tikras, 500ml - MalinaShop.lt J\u016bs\u0173 sveikatai ir gro\u017eiui.","description":"Laq Shots! du\u0161o gelis BLOODY MARY su \u017eoleli\u0173 ekstraktais. Raudonas, dr\u0105sus. Sausmedis, lotosas, muskusas. Vegani\u0161kas. 500ml.","robots":{"index":"index","follow":"follow","max-snippet":"max-snippet:-1","max-image-preview":"max-image-preview:large","max-video-preview":"max-video-preview:-1"},"canonical":"https:\/\/www.malinashop.lt\/lt_lt\/shop\/laq-shots-duso-gelis-bloody-mary-kraujingoji-marija-kvapas-tikras-500ml\/","og_locale":"lt_LT","og_type":"article","og_title":"Laq Shots! Du\u0161o gelis BLOODY MARY \u2013 Kraujingoji Marija, kvapas tikras, 500ml - MalinaShop.lt J\u016bs\u0173 sveikatai ir gro\u017eiui.","og_description":"Laq Shots! du\u0161o gelis BLOODY MARY su \u017eoleli\u0173 ekstraktais. Raudonas, dr\u0105sus. Sausmedis, lotosas, muskusas. Vegani\u0161kas. 500ml.","og_url":"https:\/\/www.malinashop.lt\/lt_lt\/shop\/laq-shots-duso-gelis-bloody-mary-kraujingoji-marija-kvapas-tikras-500ml\/","og_site_name":"MalinaShop.lt J\u016bs\u0173 sveikatai ir gro\u017eiui.","article_modified_time":"2026-04-29T14:16:55+00:00","og_image":[{"width":2500,"height":2500,"url":"https:\/\/www.malinashop.lt\/wp-content\/uploads\/2026\/04\/LaQ_zel_do_mycia_500ml_5902730837305-1.jpg","type":"image\/jpeg"}],"twitter_card":"summary_large_image","schema":{"@context":"https:\/\/schema.org","@graph":[{"@type":"WebPage","@id":"https:\/\/www.malinashop.lt\/shop\/laq-shots-duso-gelis-bloody-mary-kraujingoji-marija-kvapas-tikras-500ml\/","url":"https:\/\/www.malinashop.lt\/shop\/laq-shots-duso-gelis-bloody-mary-kraujingoji-marija-kvapas-tikras-500ml\/","name":"Laq Shots! Du\u0161o gelis BLOODY MARY \u2013 Kraujingoji Marija, kvapas tikras, 500ml - MalinaShop.lt J\u016bs\u0173 sveikatai ir gro\u017eiui.","isPartOf":{"@id":"https:\/\/www.malinashop.lt\/#website"},"primaryImageOfPage":{"@id":"https:\/\/www.malinashop.lt\/shop\/laq-shots-duso-gelis-bloody-mary-kraujingoji-marija-kvapas-tikras-500ml\/#primaryimage"},"image":{"@id":"https:\/\/www.malinashop.lt\/shop\/laq-shots-duso-gelis-bloody-mary-kraujingoji-marija-kvapas-tikras-500ml\/#primaryimage"},"thumbnailUrl":"https:\/\/www.malinashop.lt\/wp-content\/uploads\/2026\/04\/LaQ_zel_do_mycia_500ml_5902730837305-1.jpg","datePublished":"2026-04-29T10:58:43+00:00","dateModified":"2026-04-29T14:16:55+00:00","description":"Laq Shots! du\u0161o gelis BLOODY MARY su \u017eoleli\u0173 ekstraktais. Raudonas, dr\u0105sus. Sausmedis, lotosas, muskusas. Vegani\u0161kas. 500ml.","breadcrumb":{"@id":"https:\/\/www.malinashop.lt\/shop\/laq-shots-duso-gelis-bloody-mary-kraujingoji-marija-kvapas-tikras-500ml\/#breadcrumb"},"inLanguage":"lt-LT","potentialAction":[{"@type":"ReadAction","target":["https:\/\/www.malinashop.lt\/shop\/laq-shots-duso-gelis-bloody-mary-kraujingoji-marija-kvapas-tikras-500ml\/"]}]},{"@type":"ImageObject","inLanguage":"lt-LT","@id":"https:\/\/www.malinashop.lt\/shop\/laq-shots-duso-gelis-bloody-mary-kraujingoji-marija-kvapas-tikras-500ml\/#primaryimage","url":"https:\/\/www.malinashop.lt\/wp-content\/uploads\/2026\/04\/LaQ_zel_do_mycia_500ml_5902730837305-1.jpg","contentUrl":"https:\/\/www.malinashop.lt\/wp-content\/uploads\/2026\/04\/LaQ_zel_do_mycia_500ml_5902730837305-1.jpg","width":2500,"height":2500},{"@type":"BreadcrumbList","@id":"https:\/\/www.malinashop.lt\/shop\/laq-shots-duso-gelis-bloody-mary-kraujingoji-marija-kvapas-tikras-500ml\/#breadcrumb","itemListElement":[{"@type":"ListItem","position":1,"name":"Pagrindinis","item":"https:\/\/www.malinashop.lt\/"},{"@type":"ListItem","position":2,"name":"Parduotuv\u0117","item":"https:\/\/www.malinashop.lt\/en\/parduotuve\/"},{"@type":"ListItem","position":3,"name":"Laq Shots! Du\u0161o gelis BLOODY MARY \u2013 Kraujingoji Marija, kvapas tikras, 500ml"}]},{"@type":"WebSite","@id":"https:\/\/www.malinashop.lt\/#website","url":"https:\/\/www.malinashop.lt\/","name":"COM Group Ecommerce","description":"MalinaShop.lt - Gro\u017eio ir sveikatos produktai i\u0161 patikim\u0173 preki\u0173 \u017eenkl\u0173. Atraskite auk\u0161tos kokyb\u0117s kosmetik\u0105 u\u017e puiki\u0105 kain\u0105.","publisher":{"@id":"https:\/\/www.malinashop.lt\/#organization"},"potentialAction":[{"@type":"SearchAction","target":{"@type":"EntryPoint","urlTemplate":"https:\/\/www.malinashop.lt\/?s={search_term_string}"},"query-input":{"@type":"PropertyValueSpecification","valueRequired":true,"valueName":"search_term_string"}}],"inLanguage":"lt-LT"},{"@type":"Organization","@id":"https:\/\/www.malinashop.lt\/#organization","name":"COM Group Ecommerce","url":"https:\/\/www.malinashop.lt\/","logo":{"@type":"ImageObject","inLanguage":"lt-LT","@id":"https:\/\/www.malinashop.lt\/#\/schema\/logo\/image\/","url":"https:\/\/www.malinashop.lt\/wp-content\/uploads\/2024\/08\/462559670_3787732518133670_9795632669273463_n-e1731525914575.png","contentUrl":"https:\/\/www.malinashop.lt\/wp-content\/uploads\/2024\/08\/462559670_3787732518133670_9795632669273463_n-e1731525914575.png","width":180,"height":60,"caption":"COM Group Ecommerce"},"image":{"@id":"https:\/\/www.malinashop.lt\/#\/schema\/logo\/image\/"}}]}},"jetpack_sharing_enabled":true,"_links":{"self":[{"href":"https:\/\/www.malinashop.lt\/lt_lt\/wp-json\/wp\/v2\/product\/77501","targetHints":{"allow":["GET"]}}],"collection":[{"href":"https:\/\/www.malinashop.lt\/lt_lt\/wp-json\/wp\/v2\/product"}],"about":[{"href":"https:\/\/www.malinashop.lt\/lt_lt\/wp-json\/wp\/v2\/types\/product"}],"version-history":[{"count":3,"href":"https:\/\/www.malinashop.lt\/lt_lt\/wp-json\/wp\/v2\/product\/77501\/revisions"}],"predecessor-version":[{"id":77564,"href":"https:\/\/www.malinashop.lt\/lt_lt\/wp-json\/wp\/v2\/product\/77501\/revisions\/77564"}],"wp:featuredmedia":[{"embeddable":true,"href":"https:\/\/www.malinashop.lt\/lt_lt\/wp-json\/wp\/v2\/media\/77432"}],"wp:attachment":[{"href":"https:\/\/www.malinashop.lt\/lt_lt\/wp-json\/wp\/v2\/media?parent=77501"}],"wp:term":[{"taxonomy":"product_brand","embeddable":true,"href":"https:\/\/www.malinashop.lt\/lt_lt\/wp-json\/wp\/v2\/product_brand?post=77501"},{"taxonomy":"product_cat","embeddable":true,"href":"https:\/\/www.malinashop.lt\/lt_lt\/wp-json\/wp\/v2\/product_cat?post=77501"},{"taxonomy":"product_tag","embeddable":true,"href":"https:\/\/www.malinashop.lt\/lt_lt\/wp-json\/wp\/v2\/product_tag?post=77501"}],"curies":[{"name":"wp","href":"https:\/\/api.w.org\/{rel}","templated":true}]}}