{"id":77493,"date":"2026-04-29T13:58:42","date_gmt":"2026-04-29T10:58:42","guid":{"rendered":"https:\/\/www.malinashop.lt\/shop\/laq-duso-gelis-magnolia-klase-ir-sekme-viename\/"},"modified":"2026-04-29T20:55:20","modified_gmt":"2026-04-29T17:55:20","slug":"laq-duso-gelis-magnolia-klase-ir-sekme-viename-500ml-2","status":"publish","type":"product","link":"https:\/\/www.malinashop.lt\/lt_lt\/shop\/laq-duso-gelis-magnolia-klase-ir-sekme-viename-500ml-2\/","title":{"rendered":"Laq Du\u0161o gelis MAGNOLIA \u2013 Klas\u0117 ir s\u0117km\u0117 viename, 500ml"},"content":{"rendered":"<section class=\"text-token-text-primary w-full focus:outline-none [--shadow-height:45px] has-data-writing-block:pointer-events-none has-data-writing-block:-mt-(--shadow-height) has-data-writing-block:pt-(--shadow-height) [&:has([data-writing-block])>*]:pointer-events-auto [content-visibility:auto] supports-[content-visibility:auto]:[contain-intrinsic-size:auto_100lvh] R6Vx5W_threadScrollVars scroll-mb-[calc(var(--scroll-root-safe-area-inset-bottom,0px)+var(--thread-response-height))] scroll-mt-[calc(var(--header-height)+min(200px,max(70px,20svh)))]\" dir=\"auto\" data-turn-id=\"request-WEB:cdac5f80-d993-4dc1-9b5d-5f11c366dd88-66\" data-testid=\"conversation-turn-118\" data-scroll-anchor=\"false\" data-turn=\"assistant\">\n<div class=\"text-base my-auto mx-auto pb-10 [--thread-content-margin:var(--thread-content-margin-xs,calc(var(--spacing)*4))] @w-sm\/main:[--thread-content-margin:var(--thread-content-margin-sm,calc(var(--spacing)*6))] @w-lg\/main:[--thread-content-margin:var(--thread-content-margin-lg,calc(var(--spacing)*16))] px-(--thread-content-margin)\">\n<div class=\"[--thread-content-max-width:40rem] @w-lg\/main:[--thread-content-max-width:48rem] mx-auto max-w-(--thread-content-max-width) flex-1 group\/turn-messages focus-visible:outline-hidden relative flex w-full min-w-0 flex-col agent-turn\">\n<div class=\"flex max-w-full flex-col gap-4 grow\">\n<div class=\"min-h-8 text-message relative flex w-full flex-col items-end gap-2 text-start break-words whitespace-normal outline-none keyboard-focused:focus-ring [.text-message+&]:mt-1\" dir=\"auto\" tabindex=\"0\" data-message-author-role=\"assistant\" data-message-id=\"356ed15f-cbaf-4855-ac96-62716e3f8119\" data-turn-start-message=\"true\" data-message-model-slug=\"gpt-5-3\">\n<div class=\"flex w-full flex-col gap-1 empty:hidden\">\n<div class=\"markdown prose dark:prose-invert w-full wrap-break-word dark markdown-new-styling\">\n<p data-start=\"808\" data-end=\"1003\">Yra moter\u0173, kurios nieko ne\u012frodin\u0117ja, nes j\u0173 laikysena pasako visk\u0105. Yra kvap\u0173, kurie ne\u0161aukia garsiai, bet palieka \u012fsp\u016bd\u012f ilgam. Ir yra du\u0161o gelis, kuris kasdien\u012f du\u0161\u0105 paver\u010dia stiliaus ritualu.<\/p>\n<p data-start=\"1005\" data-end=\"1294\">LaQ <strong data-start=\"1009\" data-end=\"1052\">MAGNOLIA THE SCENT OF CLASS AND SUCCESS<\/strong> sukurtas moteriai, kuri renkasi kokyb\u0119, elegancij\u0105 ir subtil\u0173 pasitik\u0117jim\u0105 savimi. \u0160velni formul\u0117 valo od\u0105, padeda i\u0161laikyti komfort\u0105, o rafinuotas aromatas leid\u017eia jaustis ypatingai nuo ryto iki vakaro.<\/p>\n<h3 data-section-id=\"17r3rfq\" data-start=\"1296\" data-end=\"1320\">Kod\u0117l verta rinktis?<\/h3>\n<p data-start=\"1322\" data-end=\"1642\">\u2714 \u0160velniai valo od\u0105 kasdienio prausimosi metu<br data-start=\"1367\" data-end=\"1370\" \/>\u2714 Glicerinas padeda i\u0161laikyti dr\u0117gm\u0119<br data-start=\"1406\" data-end=\"1409\" \/>\u2714 Magnolij\u0173 ekstraktas puosel\u0117ja od\u0105<br data-start=\"1445\" data-end=\"1448\" \/>\u2714 Hialurono r\u016bg\u0161tis padeda i\u0161laikyti odos komfort\u0105<br data-start=\"1498\" data-end=\"1501\" \/>\u2714 97 % nat\u016bralios kilm\u0117s ingredient\u0173<br data-start=\"1537\" data-end=\"1540\" \/>\u2714 Vegani\u0161ka formul\u0117<br data-start=\"1559\" data-end=\"1562\" \/>\u2714 Didel\u0117 500 ml talpa ilgesniam naudojimui<\/p>\n<h3 data-section-id=\"1f55w5e\" data-start=\"1644\" data-end=\"1659\">Kvapo natos<\/h3>\n<p data-start=\"1661\" data-end=\"1777\"><strong data-start=\"1661\" data-end=\"1682\">Vir\u0161utin\u0117s natos:<\/strong> bergamot\u0117, kedras<br data-start=\"1700\" data-end=\"1703\" \/><strong data-start=\"1703\" data-end=\"1721\">\u0160irdies natos:<\/strong> magnolija, ro\u017e\u0117<br data-start=\"1737\" data-end=\"1740\" \/><strong data-start=\"1740\" data-end=\"1758\">Bazin\u0117s natos:<\/strong> pa\u010diulis, vanil\u0117<\/p>\n<p data-start=\"1779\" data-end=\"1876\">Kvapas eleganti\u0161kas, moteri\u0161kas ir u\u017etikrintai \u012fsimenantis.<\/p>\n<h3 data-section-id=\"1l2d6ae\" data-start=\"1878\" data-end=\"1894\">Kas yra LaQ?<\/h3>\n<p data-start=\"1896\" data-end=\"2139\">LaQ \u2013 kosmetikos prek\u0117s \u017eenklas i\u0161 Lenkijos, gars\u0117jantis vegani\u0161kais produktais, dr\u0105siu dizainu, \u0161maik\u0161\u010diais pavadinimais ir i\u0161skirtiniais aromatais. Tai kosmetika tiems, kurie nem\u0117gsta nuobod\u017eios rutinos.<\/p>\n<h3 data-section-id=\"ei6umv\" data-start=\"2141\" data-end=\"2164\">Puiki dovanos id\u0117ja<\/h3>\n<p data-start=\"2166\" data-end=\"2341\">Ie\u0161kote stilingos ir prakti\u0161kos dovanos moteriai, draugei ar sesei? <strong data-start=\"2234\" data-end=\"2277\">MAGNOLIA THE SCENT OF CLASS AND SUCCESS<\/strong> \u2013 eleganti\u0161kas pasirinkimas, kuris nustebina kvapu ir i\u0161vaizda.<\/p>\n<h3 data-section-id=\"ezgn8r\" data-start=\"2343\" data-end=\"2357\">Naudojimas<\/h3>\n<p data-start=\"2359\" data-end=\"2480\">Nedidel\u012f kiek\u012f paskirstykite ant dr\u0117gnos odos, suputokite ir nuskalaukite vandeniu.<\/p>\n<h3 data-section-id=\"17n6vsh\" data-start=\"2482\" data-end=\"2500\">Sud\u0117tis (INCI)<\/h3>\n<p data-start=\"2502\" data-end=\"3127\">Aqua, Sodium Coco-Sulfate, Coco-Glucoside, Cocamidopropyl Betaine, Glycerin, Glyceryl Oleate, Magnolia Officinalis Flower Extract, Schinus Terebinthifolius Seed Oil, Hyaluronic Acid, Sodium Hyaluronate, Linum Usitatissimum Seed Extract, Avena Sativa Kernel Extract, Oryza Sativa Extract, Aloe Barbadensis Leaf Extract, Chamomilla Recutita Flower Extract, Althaea Officinalis Root Extract, Sodium Lactate, Sodium PCA, Glycine, Fructose, Urea, Niacinamide, Inositol, Lactic Acid, Sodium Chloride, Sodium Benzoate, Potassium Sorbate, Benzyl Alcohol, Dehydroacetic Acid, Citric Acid, Parfum.<\/p>\n<h3 data-section-id=\"79r9v2\" data-start=\"3129\" data-end=\"3138\">Talpa<\/h3>\n<p data-start=\"3140\" data-end=\"3146\">500 ml<\/p>\n<p data-start=\"3148\" data-end=\"3189\"><strong data-start=\"3148\" data-end=\"3189\">Kai kvepia klas\u0117 \u2013 s\u0117km\u0117 ateina pati.<\/strong><\/p>\n<\/div>\n<\/div>\n<\/div>\n<\/div>\n<\/div>\n<\/div>\n<\/section>\n<hr \/>\n<p><strong>Laq \u2014 kosmetika, kuri nesivar\u017eo.<\/strong> Nat\u016brali. Vegani\u0161ka. Dermatologi\u0161kai testuota. Ir su pavadinimais, kurie jus privers prisiminti, kad prausimasis gali b\u016bti linksmas.<\/p>\n<p>Atpa\u017e\u012fstate save? Savo vyr\u0105? Draug\u0105, kuris visada turi k\u0105 pasakyti? <strong>Puiki nestandartin\u0117 dovana tiems, kurie visk\u0105 turi.<\/strong> Nes kas nor\u0117t\u0173 gauti dar vien\u0105 kojini\u0173 por\u0105?<\/p>\n","protected":false},"excerpt":{"rendered":"<p data-start=\"417\" data-end=\"682\">Kai elegancija turi kvap\u0105. LaQ <strong data-start=\"448\" data-end=\"491\">MAGNOLIA THE SCENT OF CLASS AND SUCCESS<\/strong> \u0161velniai valo od\u0105, dr\u0117kina ir apgaubia prabangiu magnolij\u0173 bei vaisi\u0173 aromatu. Vegani\u0161ka formul\u0117 ir talpi 500 ml pakuot\u0117 moteriai, kuri \u017eino savo vert\u0119.<\/p>\n","protected":false},"featured_media":77551,"template":"","meta":[],"product_brand":[1699],"product_cat":[538,731,1692],"product_tag":[],"class_list":{"0":"post-77493","1":"product","2":"type-product","3":"status-publish","4":"has-post-thumbnail","6":"product_brand-laq","7":"product_cat-kuno-prausikliai-duso-geliai","8":"product_cat-kunui","9":"product_cat-moterims-duso-geliai","11":"first","12":"instock","13":"taxable","14":"shipping-taxable","15":"purchasable","16":"product-type-simple"},"yoast_head":"<!-- This site is optimized with the Yoast SEO plugin v27.5 - https:\/\/yoast.com\/product\/yoast-seo-wordpress\/ -->\n<title>Laq Du\u0161o gelis MAGNOLIA \u2013 Klas\u0117 ir s\u0117km\u0117 viename, 500ml - MalinaShop.lt J\u016bs\u0173 sveikatai ir gro\u017eiui.<\/title>\n<meta name=\"description\" content=\"Laq du\u0161o gelis MAGNOLIA su hialurono r\u016bg\u0161timi ir magnolijos ekstraktu. Vegani\u0161kas, 97% nat\u016bralus. Ro\u017e\u0117, vanil\u0117. 500ml. Pirkti MalinaShop.lt\" \/>\n<meta name=\"robots\" content=\"index, follow, max-snippet:-1, max-image-preview:large, max-video-preview:-1\" \/>\n<link rel=\"canonical\" href=\"https:\/\/www.malinashop.lt\/lt_lt\/shop\/laq-duso-gelis-magnolia-klase-ir-sekme-viename-500ml-2\/\" \/>\n<meta property=\"og:locale\" content=\"lt_LT\" \/>\n<meta property=\"og:type\" content=\"article\" \/>\n<meta property=\"og:title\" content=\"Laq Du\u0161o gelis MAGNOLIA \u2013 Klas\u0117 ir s\u0117km\u0117 viename, 500ml - MalinaShop.lt J\u016bs\u0173 sveikatai ir gro\u017eiui.\" \/>\n<meta property=\"og:description\" content=\"Laq du\u0161o gelis MAGNOLIA su hialurono r\u016bg\u0161timi ir magnolijos ekstraktu. Vegani\u0161kas, 97% nat\u016bralus. Ro\u017e\u0117, vanil\u0117. 500ml. Pirkti MalinaShop.lt\" \/>\n<meta property=\"og:url\" content=\"https:\/\/www.malinashop.lt\/lt_lt\/shop\/laq-duso-gelis-magnolia-klase-ir-sekme-viename-500ml-2\/\" \/>\n<meta property=\"og:site_name\" content=\"MalinaShop.lt J\u016bs\u0173 sveikatai ir gro\u017eiui.\" \/>\n<meta property=\"article:modified_time\" content=\"2026-04-29T17:55:20+00:00\" \/>\n<meta property=\"og:image\" content=\"https:\/\/www.malinashop.lt\/wp-content\/uploads\/2026\/04\/5905778570654-a2.jpg\" \/>\n\t<meta property=\"og:image:width\" content=\"1600\" \/>\n\t<meta property=\"og:image:height\" content=\"1600\" \/>\n\t<meta property=\"og:image:type\" content=\"image\/jpeg\" \/>\n<meta name=\"twitter:card\" content=\"summary_large_image\" \/>\n<script type=\"application\/ld+json\" class=\"yoast-schema-graph\">{\"@context\":\"https:\\\/\\\/schema.org\",\"@graph\":[{\"@type\":\"WebPage\",\"@id\":\"https:\\\/\\\/www.malinashop.lt\\\/shop\\\/laq-duso-gelis-magnolia-klase-ir-sekme-viename-500ml-2\\\/\",\"url\":\"https:\\\/\\\/www.malinashop.lt\\\/shop\\\/laq-duso-gelis-magnolia-klase-ir-sekme-viename-500ml-2\\\/\",\"name\":\"Laq Du\u0161o gelis MAGNOLIA \u2013 Klas\u0117 ir s\u0117km\u0117 viename, 500ml - MalinaShop.lt J\u016bs\u0173 sveikatai ir gro\u017eiui.\",\"isPartOf\":{\"@id\":\"https:\\\/\\\/www.malinashop.lt\\\/#website\"},\"primaryImageOfPage\":{\"@id\":\"https:\\\/\\\/www.malinashop.lt\\\/shop\\\/laq-duso-gelis-magnolia-klase-ir-sekme-viename-500ml-2\\\/#primaryimage\"},\"image\":{\"@id\":\"https:\\\/\\\/www.malinashop.lt\\\/shop\\\/laq-duso-gelis-magnolia-klase-ir-sekme-viename-500ml-2\\\/#primaryimage\"},\"thumbnailUrl\":\"https:\\\/\\\/www.malinashop.lt\\\/wp-content\\\/uploads\\\/2026\\\/04\\\/5905778570654-a2.jpg\",\"datePublished\":\"2026-04-29T10:58:42+00:00\",\"dateModified\":\"2026-04-29T17:55:20+00:00\",\"description\":\"Laq du\u0161o gelis MAGNOLIA su hialurono r\u016bg\u0161timi ir magnolijos ekstraktu. Vegani\u0161kas, 97% nat\u016bralus. Ro\u017e\u0117, vanil\u0117. 500ml. Pirkti MalinaShop.lt\",\"breadcrumb\":{\"@id\":\"https:\\\/\\\/www.malinashop.lt\\\/shop\\\/laq-duso-gelis-magnolia-klase-ir-sekme-viename-500ml-2\\\/#breadcrumb\"},\"inLanguage\":\"lt-LT\",\"potentialAction\":[{\"@type\":\"ReadAction\",\"target\":[\"https:\\\/\\\/www.malinashop.lt\\\/shop\\\/laq-duso-gelis-magnolia-klase-ir-sekme-viename-500ml-2\\\/\"]}]},{\"@type\":\"ImageObject\",\"inLanguage\":\"lt-LT\",\"@id\":\"https:\\\/\\\/www.malinashop.lt\\\/shop\\\/laq-duso-gelis-magnolia-klase-ir-sekme-viename-500ml-2\\\/#primaryimage\",\"url\":\"https:\\\/\\\/www.malinashop.lt\\\/wp-content\\\/uploads\\\/2026\\\/04\\\/5905778570654-a2.jpg\",\"contentUrl\":\"https:\\\/\\\/www.malinashop.lt\\\/wp-content\\\/uploads\\\/2026\\\/04\\\/5905778570654-a2.jpg\",\"width\":1600,\"height\":1600},{\"@type\":\"BreadcrumbList\",\"@id\":\"https:\\\/\\\/www.malinashop.lt\\\/shop\\\/laq-duso-gelis-magnolia-klase-ir-sekme-viename-500ml-2\\\/#breadcrumb\",\"itemListElement\":[{\"@type\":\"ListItem\",\"position\":1,\"name\":\"Pagrindinis\",\"item\":\"https:\\\/\\\/www.malinashop.lt\\\/\"},{\"@type\":\"ListItem\",\"position\":2,\"name\":\"Parduotuv\u0117\",\"item\":\"https:\\\/\\\/www.malinashop.lt\\\/en\\\/parduotuve\\\/\"},{\"@type\":\"ListItem\",\"position\":3,\"name\":\"Laq Du\u0161o gelis MAGNOLIA \u2013 Klas\u0117 ir s\u0117km\u0117 viename, 500ml\"}]},{\"@type\":\"WebSite\",\"@id\":\"https:\\\/\\\/www.malinashop.lt\\\/#website\",\"url\":\"https:\\\/\\\/www.malinashop.lt\\\/\",\"name\":\"COM Group Ecommerce\",\"description\":\"MalinaShop.lt - Gro\u017eio ir sveikatos produktai i\u0161 patikim\u0173 preki\u0173 \u017eenkl\u0173. Atraskite auk\u0161tos kokyb\u0117s kosmetik\u0105 u\u017e puiki\u0105 kain\u0105.\",\"publisher\":{\"@id\":\"https:\\\/\\\/www.malinashop.lt\\\/#organization\"},\"potentialAction\":[{\"@type\":\"SearchAction\",\"target\":{\"@type\":\"EntryPoint\",\"urlTemplate\":\"https:\\\/\\\/www.malinashop.lt\\\/?s={search_term_string}\"},\"query-input\":{\"@type\":\"PropertyValueSpecification\",\"valueRequired\":true,\"valueName\":\"search_term_string\"}}],\"inLanguage\":\"lt-LT\"},{\"@type\":\"Organization\",\"@id\":\"https:\\\/\\\/www.malinashop.lt\\\/#organization\",\"name\":\"COM Group Ecommerce\",\"url\":\"https:\\\/\\\/www.malinashop.lt\\\/\",\"logo\":{\"@type\":\"ImageObject\",\"inLanguage\":\"lt-LT\",\"@id\":\"https:\\\/\\\/www.malinashop.lt\\\/#\\\/schema\\\/logo\\\/image\\\/\",\"url\":\"https:\\\/\\\/www.malinashop.lt\\\/wp-content\\\/uploads\\\/2024\\\/08\\\/462559670_3787732518133670_9795632669273463_n-e1731525914575.png\",\"contentUrl\":\"https:\\\/\\\/www.malinashop.lt\\\/wp-content\\\/uploads\\\/2024\\\/08\\\/462559670_3787732518133670_9795632669273463_n-e1731525914575.png\",\"width\":180,\"height\":60,\"caption\":\"COM Group Ecommerce\"},\"image\":{\"@id\":\"https:\\\/\\\/www.malinashop.lt\\\/#\\\/schema\\\/logo\\\/image\\\/\"}}]}<\/script>\n<!-- \/ Yoast SEO plugin. -->","yoast_head_json":{"title":"Laq Du\u0161o gelis MAGNOLIA \u2013 Klas\u0117 ir s\u0117km\u0117 viename, 500ml - MalinaShop.lt J\u016bs\u0173 sveikatai ir gro\u017eiui.","description":"Laq du\u0161o gelis MAGNOLIA su hialurono r\u016bg\u0161timi ir magnolijos ekstraktu. Vegani\u0161kas, 97% nat\u016bralus. Ro\u017e\u0117, vanil\u0117. 500ml. Pirkti MalinaShop.lt","robots":{"index":"index","follow":"follow","max-snippet":"max-snippet:-1","max-image-preview":"max-image-preview:large","max-video-preview":"max-video-preview:-1"},"canonical":"https:\/\/www.malinashop.lt\/lt_lt\/shop\/laq-duso-gelis-magnolia-klase-ir-sekme-viename-500ml-2\/","og_locale":"lt_LT","og_type":"article","og_title":"Laq Du\u0161o gelis MAGNOLIA \u2013 Klas\u0117 ir s\u0117km\u0117 viename, 500ml - MalinaShop.lt J\u016bs\u0173 sveikatai ir gro\u017eiui.","og_description":"Laq du\u0161o gelis MAGNOLIA su hialurono r\u016bg\u0161timi ir magnolijos ekstraktu. Vegani\u0161kas, 97% nat\u016bralus. Ro\u017e\u0117, vanil\u0117. 500ml. Pirkti MalinaShop.lt","og_url":"https:\/\/www.malinashop.lt\/lt_lt\/shop\/laq-duso-gelis-magnolia-klase-ir-sekme-viename-500ml-2\/","og_site_name":"MalinaShop.lt J\u016bs\u0173 sveikatai ir gro\u017eiui.","article_modified_time":"2026-04-29T17:55:20+00:00","og_image":[{"width":1600,"height":1600,"url":"https:\/\/www.malinashop.lt\/wp-content\/uploads\/2026\/04\/5905778570654-a2.jpg","type":"image\/jpeg"}],"twitter_card":"summary_large_image","schema":{"@context":"https:\/\/schema.org","@graph":[{"@type":"WebPage","@id":"https:\/\/www.malinashop.lt\/shop\/laq-duso-gelis-magnolia-klase-ir-sekme-viename-500ml-2\/","url":"https:\/\/www.malinashop.lt\/shop\/laq-duso-gelis-magnolia-klase-ir-sekme-viename-500ml-2\/","name":"Laq Du\u0161o gelis MAGNOLIA \u2013 Klas\u0117 ir s\u0117km\u0117 viename, 500ml - MalinaShop.lt J\u016bs\u0173 sveikatai ir gro\u017eiui.","isPartOf":{"@id":"https:\/\/www.malinashop.lt\/#website"},"primaryImageOfPage":{"@id":"https:\/\/www.malinashop.lt\/shop\/laq-duso-gelis-magnolia-klase-ir-sekme-viename-500ml-2\/#primaryimage"},"image":{"@id":"https:\/\/www.malinashop.lt\/shop\/laq-duso-gelis-magnolia-klase-ir-sekme-viename-500ml-2\/#primaryimage"},"thumbnailUrl":"https:\/\/www.malinashop.lt\/wp-content\/uploads\/2026\/04\/5905778570654-a2.jpg","datePublished":"2026-04-29T10:58:42+00:00","dateModified":"2026-04-29T17:55:20+00:00","description":"Laq du\u0161o gelis MAGNOLIA su hialurono r\u016bg\u0161timi ir magnolijos ekstraktu. Vegani\u0161kas, 97% nat\u016bralus. Ro\u017e\u0117, vanil\u0117. 500ml. Pirkti MalinaShop.lt","breadcrumb":{"@id":"https:\/\/www.malinashop.lt\/shop\/laq-duso-gelis-magnolia-klase-ir-sekme-viename-500ml-2\/#breadcrumb"},"inLanguage":"lt-LT","potentialAction":[{"@type":"ReadAction","target":["https:\/\/www.malinashop.lt\/shop\/laq-duso-gelis-magnolia-klase-ir-sekme-viename-500ml-2\/"]}]},{"@type":"ImageObject","inLanguage":"lt-LT","@id":"https:\/\/www.malinashop.lt\/shop\/laq-duso-gelis-magnolia-klase-ir-sekme-viename-500ml-2\/#primaryimage","url":"https:\/\/www.malinashop.lt\/wp-content\/uploads\/2026\/04\/5905778570654-a2.jpg","contentUrl":"https:\/\/www.malinashop.lt\/wp-content\/uploads\/2026\/04\/5905778570654-a2.jpg","width":1600,"height":1600},{"@type":"BreadcrumbList","@id":"https:\/\/www.malinashop.lt\/shop\/laq-duso-gelis-magnolia-klase-ir-sekme-viename-500ml-2\/#breadcrumb","itemListElement":[{"@type":"ListItem","position":1,"name":"Pagrindinis","item":"https:\/\/www.malinashop.lt\/"},{"@type":"ListItem","position":2,"name":"Parduotuv\u0117","item":"https:\/\/www.malinashop.lt\/en\/parduotuve\/"},{"@type":"ListItem","position":3,"name":"Laq Du\u0161o gelis MAGNOLIA \u2013 Klas\u0117 ir s\u0117km\u0117 viename, 500ml"}]},{"@type":"WebSite","@id":"https:\/\/www.malinashop.lt\/#website","url":"https:\/\/www.malinashop.lt\/","name":"COM Group Ecommerce","description":"MalinaShop.lt - Gro\u017eio ir sveikatos produktai i\u0161 patikim\u0173 preki\u0173 \u017eenkl\u0173. Atraskite auk\u0161tos kokyb\u0117s kosmetik\u0105 u\u017e puiki\u0105 kain\u0105.","publisher":{"@id":"https:\/\/www.malinashop.lt\/#organization"},"potentialAction":[{"@type":"SearchAction","target":{"@type":"EntryPoint","urlTemplate":"https:\/\/www.malinashop.lt\/?s={search_term_string}"},"query-input":{"@type":"PropertyValueSpecification","valueRequired":true,"valueName":"search_term_string"}}],"inLanguage":"lt-LT"},{"@type":"Organization","@id":"https:\/\/www.malinashop.lt\/#organization","name":"COM Group Ecommerce","url":"https:\/\/www.malinashop.lt\/","logo":{"@type":"ImageObject","inLanguage":"lt-LT","@id":"https:\/\/www.malinashop.lt\/#\/schema\/logo\/image\/","url":"https:\/\/www.malinashop.lt\/wp-content\/uploads\/2024\/08\/462559670_3787732518133670_9795632669273463_n-e1731525914575.png","contentUrl":"https:\/\/www.malinashop.lt\/wp-content\/uploads\/2024\/08\/462559670_3787732518133670_9795632669273463_n-e1731525914575.png","width":180,"height":60,"caption":"COM Group Ecommerce"},"image":{"@id":"https:\/\/www.malinashop.lt\/#\/schema\/logo\/image\/"}}]}},"jetpack_sharing_enabled":true,"_links":{"self":[{"href":"https:\/\/www.malinashop.lt\/lt_lt\/wp-json\/wp\/v2\/product\/77493","targetHints":{"allow":["GET"]}}],"collection":[{"href":"https:\/\/www.malinashop.lt\/lt_lt\/wp-json\/wp\/v2\/product"}],"about":[{"href":"https:\/\/www.malinashop.lt\/lt_lt\/wp-json\/wp\/v2\/types\/product"}],"version-history":[{"count":2,"href":"https:\/\/www.malinashop.lt\/lt_lt\/wp-json\/wp\/v2\/product\/77493\/revisions"}],"predecessor-version":[{"id":77632,"href":"https:\/\/www.malinashop.lt\/lt_lt\/wp-json\/wp\/v2\/product\/77493\/revisions\/77632"}],"wp:featuredmedia":[{"embeddable":true,"href":"https:\/\/www.malinashop.lt\/lt_lt\/wp-json\/wp\/v2\/media\/77551"}],"wp:attachment":[{"href":"https:\/\/www.malinashop.lt\/lt_lt\/wp-json\/wp\/v2\/media?parent=77493"}],"wp:term":[{"taxonomy":"product_brand","embeddable":true,"href":"https:\/\/www.malinashop.lt\/lt_lt\/wp-json\/wp\/v2\/product_brand?post=77493"},{"taxonomy":"product_cat","embeddable":true,"href":"https:\/\/www.malinashop.lt\/lt_lt\/wp-json\/wp\/v2\/product_cat?post=77493"},{"taxonomy":"product_tag","embeddable":true,"href":"https:\/\/www.malinashop.lt\/lt_lt\/wp-json\/wp\/v2\/product_tag?post=77493"}],"curies":[{"name":"wp","href":"https:\/\/api.w.org\/{rel}","templated":true}]}}