{"id":77472,"date":"2026-04-29T22:37:31","date_gmt":"2026-04-29T19:37:31","guid":{"rendered":"https:\/\/www.malinashop.lt\/shop\/laq-kuno-skrabas-sex-business-sekso-ir-verslo-lygiaplauke-oda\/"},"modified":"2026-04-29T22:37:45","modified_gmt":"2026-04-29T19:37:45","slug":"laq-vyriskas-kuno-prausiklis-ir-sveitiklis-sex-and-business-pavojingai-ramus-velniskai-zavus-220g","status":"publish","type":"product","link":"https:\/\/www.malinashop.lt\/lt_lt\/shop\/laq-vyriskas-kuno-prausiklis-ir-sveitiklis-sex-and-business-pavojingai-ramus-velniskai-zavus-220g\/","title":{"rendered":"LaQ Vyri\u0161kas k\u016bno prausiklis ir \u0161veitiklis SEX AND BUSINESS \u2013 Pavojingai ramus, velni\u0161kai \u017eavus, 220g"},"content":{"rendered":"<section class=\"text-token-text-primary w-full focus:outline-none [--shadow-height:45px] has-data-writing-block:pointer-events-none has-data-writing-block:-mt-(--shadow-height) has-data-writing-block:pt-(--shadow-height) [&:has([data-writing-block])>*]:pointer-events-auto [content-visibility:auto] supports-[content-visibility:auto]:[contain-intrinsic-size:auto_100lvh] R6Vx5W_threadScrollVars scroll-mb-[calc(var(--scroll-root-safe-area-inset-bottom,0px)+var(--thread-response-height))] scroll-mt-[calc(var(--header-height)+min(200px,max(70px,20svh)))]\" dir=\"auto\" data-turn-id=\"request-69f1f24f-df58-838b-a738-7b7dba6319c3-10\" data-testid=\"conversation-turn-222\" data-scroll-anchor=\"false\" data-turn=\"assistant\">\n<div class=\"text-base my-auto mx-auto pb-10 [--thread-content-margin:var(--thread-content-margin-xs,calc(var(--spacing)*4))] @w-sm\/main:[--thread-content-margin:var(--thread-content-margin-sm,calc(var(--spacing)*6))] @w-lg\/main:[--thread-content-margin:var(--thread-content-margin-lg,calc(var(--spacing)*16))] px-(--thread-content-margin)\">\n<div class=\"[--thread-content-max-width:40rem] @w-lg\/main:[--thread-content-max-width:48rem] mx-auto max-w-(--thread-content-max-width) flex-1 group\/turn-messages focus-visible:outline-hidden relative flex w-full min-w-0 flex-col agent-turn\">\n<div class=\"flex max-w-full flex-col gap-4 grow\">\n<div class=\"min-h-8 text-message relative flex w-full flex-col items-end gap-2 text-start break-words whitespace-normal outline-none keyboard-focused:focus-ring [.text-message+&]:mt-1\" dir=\"auto\" tabindex=\"0\" data-message-author-role=\"assistant\" data-message-id=\"24741cfb-7c65-410e-9a62-9db93ab42154\" data-message-model-slug=\"gpt-5-3\" data-turn-start-message=\"true\">\n<div class=\"flex w-full flex-col gap-1 empty:hidden\">\n<div class=\"markdown prose dark:prose-invert w-full wrap-break-word dark markdown-new-styling\">\n<p data-start=\"704\" data-end=\"855\">Kai vyras \u017eino savo vert\u0119, tai jau\u010diasi i\u0161 karto. Kartais i\u0161 laikysenos. Kartais i\u0161 ramyb\u0117s. O kartais i\u0161 kvapo, kuris pasako daugiau nei ilgos kalbos.<\/p>\n<p data-start=\"857\" data-end=\"1070\">LaQ <strong data-start=\"861\" data-end=\"881\">SEX AND BUSINESS<\/strong> \u2013 vyri\u0161kas k\u016bno prausiklis ir \u0161veitiklis tiems, kurie m\u0117gsta tvark\u0105, rezultat\u0105 ir ger\u0105 \u012fsp\u016bd\u012f. Vienas produktas valo, \u0161vei\u010dia ir palieka od\u0105 gaivi\u0105, glotni\u0105 bei pasiruo\u0161usi\u0105 naujai dienai.<\/p>\n<p data-start=\"1072\" data-end=\"1161\">Tai ne \u0161iaip du\u0161as. Tai momentas, kai nusiplauna nuovargis, o lieka pasitik\u0117jimas savimi.<\/p>\n<h3 data-section-id=\"xsg6kg\" data-start=\"1163\" data-end=\"1194\">K\u0105 gali padaryti d\u0117l tav\u0119s?<\/h3>\n<p data-start=\"1196\" data-end=\"1393\">\u2714 Nuvalo ne\u0161varumus ir prakaito liku\u010dius<br data-start=\"1236\" data-end=\"1239\" \/>\u2714 Pa\u0161alina negyvas odos l\u0105steles<br data-start=\"1271\" data-end=\"1274\" \/>\u2714 Glotnina odos pavir\u0161i\u0173<br data-start=\"1298\" data-end=\"1301\" \/>\u2714 Padeda suteikti \u0161varos ir gaivos poj\u016bt\u012f<br data-start=\"1342\" data-end=\"1345\" \/>\u2714 Tinka visam k\u016bnui<br data-start=\"1364\" data-end=\"1367\" \/>\u2714 2in1 formul\u0117 taupo laik\u0105<\/p>\n<h3 data-section-id=\"wrhljt\" data-start=\"1395\" data-end=\"1419\">Kas slepiasi viduje?<\/h3>\n<p data-start=\"1421\" data-end=\"1461\">Viduje ne pa\u017eadai, o rimti ingredientai:<\/p>\n<p data-start=\"1463\" data-end=\"1720\">\u2714 Rudojo cukraus kristalai \u0161veitimui<br data-start=\"1499\" data-end=\"1502\" \/>\u2714 Taukmed\u017eio sviestas odos komfortui<br data-start=\"1538\" data-end=\"1541\" \/>\u2714 Augalinis glicerinas dr\u0117kinimui<br data-start=\"1574\" data-end=\"1577\" \/>\u2714 Aktyvuota anglis \u0161varos poj\u016b\u010diui<br data-start=\"1611\" data-end=\"1614\" \/>\u2714 Juod\u0173j\u0173 pipir\u0173 ekstraktas<br data-start=\"1641\" data-end=\"1644\" \/>\u2714 Kardamono ekstraktas<br data-start=\"1666\" data-end=\"1669\" \/>\u2714 \u017dalios kavos ekstraktas<br data-start=\"1694\" data-end=\"1697\" \/>\u2714 Imbieras ir cinamonas<\/p>\n<p data-start=\"1722\" data-end=\"1798\">Sud\u0117tis sukurta vyrui, kuris m\u0117gsta, kai produktas veikia taip, kaip atrodo.<\/p>\n<h3 data-section-id=\"1bvewtq\" data-start=\"1800\" data-end=\"1821\">Kvapo charakteris<\/h3>\n<p data-start=\"1823\" data-end=\"1938\">Sodrus, vyri\u0161kas ir \u012fsimenantis aromatas. Toks, kuris primena s\u0117km\u0119, u\u017etikrintum\u0105 ir \u017emog\u0173, kuris neabejoja savimi.<\/p>\n<h3 data-section-id=\"1fxzl1i\" data-start=\"1940\" data-end=\"1957\">Kaip naudoti?<\/h3>\n<p data-start=\"1959\" data-end=\"2121\">U\u017etepkite ant dr\u0117gnos odos, \u012fmasa\u017euokite sukamaisiais judesiais, tada nuskalaukite vandeniu. Po to belieka tik i\u0161eiti ir atrodyti taip, lyg viskas kontroliuojama.<\/p>\n<h3 data-section-id=\"d5peau\" data-start=\"2123\" data-end=\"2144\">K\u0105 kalba miestas?<\/h3>\n<p data-start=\"2146\" data-end=\"2223\">At\u0117jo pavarg\u0119s.<br data-start=\"2161\" data-end=\"2164\" \/>I\u0161\u0117jo susitvark\u0119s.<br data-start=\"2182\" data-end=\"2185\" \/>Kvepia taip, lyg \u0161iandien jau laim\u0117jo.<\/p>\n<h3 data-section-id=\"1l2d6ae\" data-start=\"2225\" data-end=\"2241\">Kas yra LaQ?<\/h3>\n<p data-start=\"2243\" data-end=\"2387\">LaQ \u2013 i\u0161skirtinis kosmetikos prek\u0117s \u017eenklas i\u0161 Lenkijos, gars\u0117jantis vegani\u0161kais produktais, dr\u0105siais pavadinimais ir charakteringais aromatais.<\/p>\n<h3 data-section-id=\"ei6umv\" data-start=\"2389\" data-end=\"2412\">Puiki dovanos id\u0117ja<\/h3>\n<p data-start=\"2414\" data-end=\"2551\">Ie\u0161kote dovanos vyrui, draugui ar broliui? <strong data-start=\"2457\" data-end=\"2477\">SEX AND BUSINESS<\/strong> \u2013 prakti\u0161kas, stilingas ir i\u0161skirtinis pasirinkimas vyrui su charakteriu.<\/p>\n<h3 data-section-id=\"17n6vsh\" data-start=\"2553\" data-end=\"2571\">Sud\u0117tis (INCI)<\/h3>\n<p data-start=\"2573\" data-end=\"2980\">Sucrose, Glycerin, Aqua, Sorbitol, Sodium Lauroyl Isethionate, Disodium Lauryl Sulfosuccinate, Sodium Chloride, Butyrospermum Parkii Butter, Piper Nigrum Seed Extract, Elettaria Cardamomum Seed Extract, Charcoal Powder, Cinnamomum Zeylanicum Bark Extract, Green Coffee Bean Extract, Capsicum Annuum Fruit Extract, Zingiber Officinale Root Extract, Levulinic Acid, Potassium Sorbate, Sodium Benzoate, Parfum.<\/p>\n<h3 data-section-id=\"79r9v2\" data-start=\"2982\" data-end=\"2991\">Talpa<\/h3>\n<p data-start=\"2993\" data-end=\"2998\">220 g<\/p>\n<p data-start=\"3000\" data-end=\"3043\" data-is-last-node=\"\" data-is-only-node=\"\"><strong data-start=\"3000\" data-end=\"3043\" data-is-last-node=\"\">Kai vyras ramus \u2013 kvapas kalba garsiau.<\/strong><\/p>\n<\/div>\n<\/div>\n<\/div>\n<\/div>\n<\/div>\n<\/div>\n<\/section>\n","protected":false},"excerpt":{"rendered":"<p>Kai vieni renkasi paprast\u0105 du\u0161\u0105, kiti renkasi lyg\u012f auk\u0161\u010diau. LaQ <strong data-start=\"379\" data-end=\"408\">vyri\u0161kas SEX AND BUSINESS<\/strong> k\u016bno prausiklis ir \u0161veitiklis vienu metu valo, \u0161vei\u010dia ir glotnina od\u0105. Stiprus charakteris, i\u0161skirtinis aromatas ir 220 g talpa vyrui, kuris m\u0117gsta rezultat\u0105.<\/p>\n","protected":false},"featured_media":77738,"template":"","meta":[],"product_brand":[1699],"product_cat":[538,557,1687],"product_tag":[],"class_list":{"0":"post-77472","1":"product","2":"type-product","3":"status-publish","4":"has-post-thumbnail","6":"product_brand-laq","7":"product_cat-kuno-prausikliai-duso-geliai","8":"product_cat-kuno-sveitikliai","9":"product_cat-vyrams","11":"first","12":"instock","13":"taxable","14":"shipping-taxable","15":"purchasable","16":"product-type-simple"},"yoast_head":"<!-- This site is optimized with the Yoast SEO plugin v27.5 - https:\/\/yoast.com\/product\/yoast-seo-wordpress\/ -->\n<title>LaQ Vyri\u0161kas k\u016bno prausiklis ir \u0161veitiklis SEX AND BUSINESS \u2013 Pavojingai ramus, velni\u0161kai \u017eavus, 220g - MalinaShop.lt J\u016bs\u0173 sveikatai ir gro\u017eiui.<\/title>\n<meta name=\"description\" content=\"LaQ vyri\u0161kas SEX AND BUSINESS k\u016bno prausiklis ir \u0161veitiklis 2in1 valo, \u0161vei\u010dia ir glotnina od\u0105. Sodrus aromatas, vegani\u0161ka formul\u0117, 220 g.\" \/>\n<meta name=\"robots\" content=\"index, follow, max-snippet:-1, max-image-preview:large, max-video-preview:-1\" \/>\n<link rel=\"canonical\" href=\"https:\/\/www.malinashop.lt\/lt_lt\/shop\/laq-vyriskas-kuno-prausiklis-ir-sveitiklis-sex-and-business-pavojingai-ramus-velniskai-zavus-220g\/\" \/>\n<meta property=\"og:locale\" content=\"lt_LT\" \/>\n<meta property=\"og:type\" content=\"article\" \/>\n<meta property=\"og:title\" content=\"LaQ Vyri\u0161kas k\u016bno prausiklis ir \u0161veitiklis SEX AND BUSINESS \u2013 Pavojingai ramus, velni\u0161kai \u017eavus, 220g - MalinaShop.lt J\u016bs\u0173 sveikatai ir gro\u017eiui.\" \/>\n<meta property=\"og:description\" content=\"LaQ vyri\u0161kas SEX AND BUSINESS k\u016bno prausiklis ir \u0161veitiklis 2in1 valo, \u0161vei\u010dia ir glotnina od\u0105. Sodrus aromatas, vegani\u0161ka formul\u0117, 220 g.\" \/>\n<meta property=\"og:url\" content=\"https:\/\/www.malinashop.lt\/lt_lt\/shop\/laq-vyriskas-kuno-prausiklis-ir-sveitiklis-sex-and-business-pavojingai-ramus-velniskai-zavus-220g\/\" \/>\n<meta property=\"og:site_name\" content=\"MalinaShop.lt J\u016bs\u0173 sveikatai ir gro\u017eiui.\" \/>\n<meta property=\"article:modified_time\" content=\"2026-04-29T19:37:45+00:00\" \/>\n<meta property=\"og:image\" content=\"https:\/\/www.malinashop.lt\/wp-content\/uploads\/2026\/04\/5905778570623-1_1.jpg\" \/>\n\t<meta property=\"og:image:width\" content=\"1600\" \/>\n\t<meta property=\"og:image:height\" content=\"1600\" \/>\n\t<meta property=\"og:image:type\" content=\"image\/jpeg\" \/>\n<meta name=\"twitter:card\" content=\"summary_large_image\" \/>\n<script type=\"application\/ld+json\" class=\"yoast-schema-graph\">{\"@context\":\"https:\\\/\\\/schema.org\",\"@graph\":[{\"@type\":\"WebPage\",\"@id\":\"https:\\\/\\\/www.malinashop.lt\\\/shop\\\/laq-vyriskas-kuno-prausiklis-ir-sveitiklis-sex-and-business-pavojingai-ramus-velniskai-zavus-220g\\\/\",\"url\":\"https:\\\/\\\/www.malinashop.lt\\\/shop\\\/laq-vyriskas-kuno-prausiklis-ir-sveitiklis-sex-and-business-pavojingai-ramus-velniskai-zavus-220g\\\/\",\"name\":\"LaQ Vyri\u0161kas k\u016bno prausiklis ir \u0161veitiklis SEX AND BUSINESS \u2013 Pavojingai ramus, velni\u0161kai \u017eavus, 220g - MalinaShop.lt J\u016bs\u0173 sveikatai ir gro\u017eiui.\",\"isPartOf\":{\"@id\":\"https:\\\/\\\/www.malinashop.lt\\\/#website\"},\"primaryImageOfPage\":{\"@id\":\"https:\\\/\\\/www.malinashop.lt\\\/shop\\\/laq-vyriskas-kuno-prausiklis-ir-sveitiklis-sex-and-business-pavojingai-ramus-velniskai-zavus-220g\\\/#primaryimage\"},\"image\":{\"@id\":\"https:\\\/\\\/www.malinashop.lt\\\/shop\\\/laq-vyriskas-kuno-prausiklis-ir-sveitiklis-sex-and-business-pavojingai-ramus-velniskai-zavus-220g\\\/#primaryimage\"},\"thumbnailUrl\":\"https:\\\/\\\/www.malinashop.lt\\\/wp-content\\\/uploads\\\/2026\\\/04\\\/5905778570623-1_1.jpg\",\"datePublished\":\"2026-04-29T19:37:31+00:00\",\"dateModified\":\"2026-04-29T19:37:45+00:00\",\"description\":\"LaQ vyri\u0161kas SEX AND BUSINESS k\u016bno prausiklis ir \u0161veitiklis 2in1 valo, \u0161vei\u010dia ir glotnina od\u0105. Sodrus aromatas, vegani\u0161ka formul\u0117, 220 g.\",\"breadcrumb\":{\"@id\":\"https:\\\/\\\/www.malinashop.lt\\\/shop\\\/laq-vyriskas-kuno-prausiklis-ir-sveitiklis-sex-and-business-pavojingai-ramus-velniskai-zavus-220g\\\/#breadcrumb\"},\"inLanguage\":\"lt-LT\",\"potentialAction\":[{\"@type\":\"ReadAction\",\"target\":[\"https:\\\/\\\/www.malinashop.lt\\\/shop\\\/laq-vyriskas-kuno-prausiklis-ir-sveitiklis-sex-and-business-pavojingai-ramus-velniskai-zavus-220g\\\/\"]}]},{\"@type\":\"ImageObject\",\"inLanguage\":\"lt-LT\",\"@id\":\"https:\\\/\\\/www.malinashop.lt\\\/shop\\\/laq-vyriskas-kuno-prausiklis-ir-sveitiklis-sex-and-business-pavojingai-ramus-velniskai-zavus-220g\\\/#primaryimage\",\"url\":\"https:\\\/\\\/www.malinashop.lt\\\/wp-content\\\/uploads\\\/2026\\\/04\\\/5905778570623-1_1.jpg\",\"contentUrl\":\"https:\\\/\\\/www.malinashop.lt\\\/wp-content\\\/uploads\\\/2026\\\/04\\\/5905778570623-1_1.jpg\",\"width\":1600,\"height\":1600},{\"@type\":\"BreadcrumbList\",\"@id\":\"https:\\\/\\\/www.malinashop.lt\\\/shop\\\/laq-vyriskas-kuno-prausiklis-ir-sveitiklis-sex-and-business-pavojingai-ramus-velniskai-zavus-220g\\\/#breadcrumb\",\"itemListElement\":[{\"@type\":\"ListItem\",\"position\":1,\"name\":\"Pagrindinis\",\"item\":\"https:\\\/\\\/www.malinashop.lt\\\/\"},{\"@type\":\"ListItem\",\"position\":2,\"name\":\"Parduotuv\u0117\",\"item\":\"https:\\\/\\\/www.malinashop.lt\\\/en\\\/parduotuve\\\/\"},{\"@type\":\"ListItem\",\"position\":3,\"name\":\"LaQ Vyri\u0161kas k\u016bno prausiklis ir \u0161veitiklis SEX AND BUSINESS \u2013 Pavojingai ramus, velni\u0161kai \u017eavus, 220g\"}]},{\"@type\":\"WebSite\",\"@id\":\"https:\\\/\\\/www.malinashop.lt\\\/#website\",\"url\":\"https:\\\/\\\/www.malinashop.lt\\\/\",\"name\":\"COM Group Ecommerce\",\"description\":\"MalinaShop.lt - Gro\u017eio ir sveikatos produktai i\u0161 patikim\u0173 preki\u0173 \u017eenkl\u0173. Atraskite auk\u0161tos kokyb\u0117s kosmetik\u0105 u\u017e puiki\u0105 kain\u0105.\",\"publisher\":{\"@id\":\"https:\\\/\\\/www.malinashop.lt\\\/#organization\"},\"potentialAction\":[{\"@type\":\"SearchAction\",\"target\":{\"@type\":\"EntryPoint\",\"urlTemplate\":\"https:\\\/\\\/www.malinashop.lt\\\/?s={search_term_string}\"},\"query-input\":{\"@type\":\"PropertyValueSpecification\",\"valueRequired\":true,\"valueName\":\"search_term_string\"}}],\"inLanguage\":\"lt-LT\"},{\"@type\":\"Organization\",\"@id\":\"https:\\\/\\\/www.malinashop.lt\\\/#organization\",\"name\":\"COM Group Ecommerce\",\"url\":\"https:\\\/\\\/www.malinashop.lt\\\/\",\"logo\":{\"@type\":\"ImageObject\",\"inLanguage\":\"lt-LT\",\"@id\":\"https:\\\/\\\/www.malinashop.lt\\\/#\\\/schema\\\/logo\\\/image\\\/\",\"url\":\"https:\\\/\\\/www.malinashop.lt\\\/wp-content\\\/uploads\\\/2024\\\/08\\\/462559670_3787732518133670_9795632669273463_n-e1731525914575.png\",\"contentUrl\":\"https:\\\/\\\/www.malinashop.lt\\\/wp-content\\\/uploads\\\/2024\\\/08\\\/462559670_3787732518133670_9795632669273463_n-e1731525914575.png\",\"width\":180,\"height\":60,\"caption\":\"COM Group Ecommerce\"},\"image\":{\"@id\":\"https:\\\/\\\/www.malinashop.lt\\\/#\\\/schema\\\/logo\\\/image\\\/\"}}]}<\/script>\n<!-- \/ Yoast SEO plugin. -->","yoast_head_json":{"title":"LaQ Vyri\u0161kas k\u016bno prausiklis ir \u0161veitiklis SEX AND BUSINESS \u2013 Pavojingai ramus, velni\u0161kai \u017eavus, 220g - MalinaShop.lt J\u016bs\u0173 sveikatai ir gro\u017eiui.","description":"LaQ vyri\u0161kas SEX AND BUSINESS k\u016bno prausiklis ir \u0161veitiklis 2in1 valo, \u0161vei\u010dia ir glotnina od\u0105. Sodrus aromatas, vegani\u0161ka formul\u0117, 220 g.","robots":{"index":"index","follow":"follow","max-snippet":"max-snippet:-1","max-image-preview":"max-image-preview:large","max-video-preview":"max-video-preview:-1"},"canonical":"https:\/\/www.malinashop.lt\/lt_lt\/shop\/laq-vyriskas-kuno-prausiklis-ir-sveitiklis-sex-and-business-pavojingai-ramus-velniskai-zavus-220g\/","og_locale":"lt_LT","og_type":"article","og_title":"LaQ Vyri\u0161kas k\u016bno prausiklis ir \u0161veitiklis SEX AND BUSINESS \u2013 Pavojingai ramus, velni\u0161kai \u017eavus, 220g - MalinaShop.lt J\u016bs\u0173 sveikatai ir gro\u017eiui.","og_description":"LaQ vyri\u0161kas SEX AND BUSINESS k\u016bno prausiklis ir \u0161veitiklis 2in1 valo, \u0161vei\u010dia ir glotnina od\u0105. Sodrus aromatas, vegani\u0161ka formul\u0117, 220 g.","og_url":"https:\/\/www.malinashop.lt\/lt_lt\/shop\/laq-vyriskas-kuno-prausiklis-ir-sveitiklis-sex-and-business-pavojingai-ramus-velniskai-zavus-220g\/","og_site_name":"MalinaShop.lt J\u016bs\u0173 sveikatai ir gro\u017eiui.","article_modified_time":"2026-04-29T19:37:45+00:00","og_image":[{"width":1600,"height":1600,"url":"https:\/\/www.malinashop.lt\/wp-content\/uploads\/2026\/04\/5905778570623-1_1.jpg","type":"image\/jpeg"}],"twitter_card":"summary_large_image","schema":{"@context":"https:\/\/schema.org","@graph":[{"@type":"WebPage","@id":"https:\/\/www.malinashop.lt\/shop\/laq-vyriskas-kuno-prausiklis-ir-sveitiklis-sex-and-business-pavojingai-ramus-velniskai-zavus-220g\/","url":"https:\/\/www.malinashop.lt\/shop\/laq-vyriskas-kuno-prausiklis-ir-sveitiklis-sex-and-business-pavojingai-ramus-velniskai-zavus-220g\/","name":"LaQ Vyri\u0161kas k\u016bno prausiklis ir \u0161veitiklis SEX AND BUSINESS \u2013 Pavojingai ramus, velni\u0161kai \u017eavus, 220g - MalinaShop.lt J\u016bs\u0173 sveikatai ir gro\u017eiui.","isPartOf":{"@id":"https:\/\/www.malinashop.lt\/#website"},"primaryImageOfPage":{"@id":"https:\/\/www.malinashop.lt\/shop\/laq-vyriskas-kuno-prausiklis-ir-sveitiklis-sex-and-business-pavojingai-ramus-velniskai-zavus-220g\/#primaryimage"},"image":{"@id":"https:\/\/www.malinashop.lt\/shop\/laq-vyriskas-kuno-prausiklis-ir-sveitiklis-sex-and-business-pavojingai-ramus-velniskai-zavus-220g\/#primaryimage"},"thumbnailUrl":"https:\/\/www.malinashop.lt\/wp-content\/uploads\/2026\/04\/5905778570623-1_1.jpg","datePublished":"2026-04-29T19:37:31+00:00","dateModified":"2026-04-29T19:37:45+00:00","description":"LaQ vyri\u0161kas SEX AND BUSINESS k\u016bno prausiklis ir \u0161veitiklis 2in1 valo, \u0161vei\u010dia ir glotnina od\u0105. Sodrus aromatas, vegani\u0161ka formul\u0117, 220 g.","breadcrumb":{"@id":"https:\/\/www.malinashop.lt\/shop\/laq-vyriskas-kuno-prausiklis-ir-sveitiklis-sex-and-business-pavojingai-ramus-velniskai-zavus-220g\/#breadcrumb"},"inLanguage":"lt-LT","potentialAction":[{"@type":"ReadAction","target":["https:\/\/www.malinashop.lt\/shop\/laq-vyriskas-kuno-prausiklis-ir-sveitiklis-sex-and-business-pavojingai-ramus-velniskai-zavus-220g\/"]}]},{"@type":"ImageObject","inLanguage":"lt-LT","@id":"https:\/\/www.malinashop.lt\/shop\/laq-vyriskas-kuno-prausiklis-ir-sveitiklis-sex-and-business-pavojingai-ramus-velniskai-zavus-220g\/#primaryimage","url":"https:\/\/www.malinashop.lt\/wp-content\/uploads\/2026\/04\/5905778570623-1_1.jpg","contentUrl":"https:\/\/www.malinashop.lt\/wp-content\/uploads\/2026\/04\/5905778570623-1_1.jpg","width":1600,"height":1600},{"@type":"BreadcrumbList","@id":"https:\/\/www.malinashop.lt\/shop\/laq-vyriskas-kuno-prausiklis-ir-sveitiklis-sex-and-business-pavojingai-ramus-velniskai-zavus-220g\/#breadcrumb","itemListElement":[{"@type":"ListItem","position":1,"name":"Pagrindinis","item":"https:\/\/www.malinashop.lt\/"},{"@type":"ListItem","position":2,"name":"Parduotuv\u0117","item":"https:\/\/www.malinashop.lt\/en\/parduotuve\/"},{"@type":"ListItem","position":3,"name":"LaQ Vyri\u0161kas k\u016bno prausiklis ir \u0161veitiklis SEX AND BUSINESS \u2013 Pavojingai ramus, velni\u0161kai \u017eavus, 220g"}]},{"@type":"WebSite","@id":"https:\/\/www.malinashop.lt\/#website","url":"https:\/\/www.malinashop.lt\/","name":"COM Group Ecommerce","description":"MalinaShop.lt - Gro\u017eio ir sveikatos produktai i\u0161 patikim\u0173 preki\u0173 \u017eenkl\u0173. Atraskite auk\u0161tos kokyb\u0117s kosmetik\u0105 u\u017e puiki\u0105 kain\u0105.","publisher":{"@id":"https:\/\/www.malinashop.lt\/#organization"},"potentialAction":[{"@type":"SearchAction","target":{"@type":"EntryPoint","urlTemplate":"https:\/\/www.malinashop.lt\/?s={search_term_string}"},"query-input":{"@type":"PropertyValueSpecification","valueRequired":true,"valueName":"search_term_string"}}],"inLanguage":"lt-LT"},{"@type":"Organization","@id":"https:\/\/www.malinashop.lt\/#organization","name":"COM Group Ecommerce","url":"https:\/\/www.malinashop.lt\/","logo":{"@type":"ImageObject","inLanguage":"lt-LT","@id":"https:\/\/www.malinashop.lt\/#\/schema\/logo\/image\/","url":"https:\/\/www.malinashop.lt\/wp-content\/uploads\/2024\/08\/462559670_3787732518133670_9795632669273463_n-e1731525914575.png","contentUrl":"https:\/\/www.malinashop.lt\/wp-content\/uploads\/2024\/08\/462559670_3787732518133670_9795632669273463_n-e1731525914575.png","width":180,"height":60,"caption":"COM Group Ecommerce"},"image":{"@id":"https:\/\/www.malinashop.lt\/#\/schema\/logo\/image\/"}}]}},"jetpack_sharing_enabled":true,"_links":{"self":[{"href":"https:\/\/www.malinashop.lt\/lt_lt\/wp-json\/wp\/v2\/product\/77472","targetHints":{"allow":["GET"]}}],"collection":[{"href":"https:\/\/www.malinashop.lt\/lt_lt\/wp-json\/wp\/v2\/product"}],"about":[{"href":"https:\/\/www.malinashop.lt\/lt_lt\/wp-json\/wp\/v2\/types\/product"}],"version-history":[{"count":2,"href":"https:\/\/www.malinashop.lt\/lt_lt\/wp-json\/wp\/v2\/product\/77472\/revisions"}],"predecessor-version":[{"id":77737,"href":"https:\/\/www.malinashop.lt\/lt_lt\/wp-json\/wp\/v2\/product\/77472\/revisions\/77737"}],"wp:featuredmedia":[{"embeddable":true,"href":"https:\/\/www.malinashop.lt\/lt_lt\/wp-json\/wp\/v2\/media\/77738"}],"wp:attachment":[{"href":"https:\/\/www.malinashop.lt\/lt_lt\/wp-json\/wp\/v2\/media?parent=77472"}],"wp:term":[{"taxonomy":"product_brand","embeddable":true,"href":"https:\/\/www.malinashop.lt\/lt_lt\/wp-json\/wp\/v2\/product_brand?post=77472"},{"taxonomy":"product_cat","embeddable":true,"href":"https:\/\/www.malinashop.lt\/lt_lt\/wp-json\/wp\/v2\/product_cat?post=77472"},{"taxonomy":"product_tag","embeddable":true,"href":"https:\/\/www.malinashop.lt\/lt_lt\/wp-json\/wp\/v2\/product_tag?post=77472"}],"curies":[{"name":"wp","href":"https:\/\/api.w.org\/{rel}","templated":true}]}}