{"id":77467,"date":"2026-04-29T22:30:27","date_gmt":"2026-04-29T19:30:27","guid":{"rendered":"https:\/\/www.malinashop.lt\/shop\/laq-kuno-skrabas-wild-boar-misko-laukinio-oda-lygi-kaip-silkas\/"},"modified":"2026-04-29T22:36:28","modified_gmt":"2026-04-29T19:36:28","slug":"laq-vyriskas-kuno-prausiklis-ir-sveitiklis-wild-boar-laukinis-is-misko-svarus-is-duso-220g","status":"publish","type":"product","link":"https:\/\/www.malinashop.lt\/lt_lt\/shop\/laq-vyriskas-kuno-prausiklis-ir-sveitiklis-wild-boar-laukinis-is-misko-svarus-is-duso-220g\/","title":{"rendered":"LaQ Vyri\u0161kas k\u016bno prausiklis ir \u0161veitiklis WILD BOAR \u2013 Laukinis i\u0161 mi\u0161ko, \u0161varus i\u0161 du\u0161o, 220g"},"content":{"rendered":"<section class=\"text-token-text-primary w-full focus:outline-none [--shadow-height:45px] has-data-writing-block:pointer-events-none has-data-writing-block:-mt-(--shadow-height) has-data-writing-block:pt-(--shadow-height) [&:has([data-writing-block])>*]:pointer-events-auto [content-visibility:auto] supports-[content-visibility:auto]:[contain-intrinsic-size:auto_100lvh] R6Vx5W_threadScrollVars scroll-mb-[calc(var(--scroll-root-safe-area-inset-bottom,0px)+var(--thread-response-height))] scroll-mt-[calc(var(--header-height)+min(200px,max(70px,20svh)))]\" dir=\"auto\" data-turn-id=\"request-69f1f24f-df58-838b-a738-7b7dba6319c3-0\" data-testid=\"conversation-turn-224\" data-scroll-anchor=\"false\" data-turn=\"assistant\">\n<div class=\"text-base my-auto mx-auto pb-10 [--thread-content-margin:var(--thread-content-margin-xs,calc(var(--spacing)*4))] @w-sm\/main:[--thread-content-margin:var(--thread-content-margin-sm,calc(var(--spacing)*6))] @w-lg\/main:[--thread-content-margin:var(--thread-content-margin-lg,calc(var(--spacing)*16))] px-(--thread-content-margin)\">\n<div class=\"[--thread-content-max-width:40rem] @w-lg\/main:[--thread-content-max-width:48rem] mx-auto max-w-(--thread-content-max-width) flex-1 group\/turn-messages focus-visible:outline-hidden relative flex w-full min-w-0 flex-col agent-turn\">\n<div class=\"flex max-w-full flex-col gap-4 grow\">\n<div class=\"min-h-8 text-message relative flex w-full flex-col items-end gap-2 text-start break-words whitespace-normal outline-none keyboard-focused:focus-ring [.text-message+&]:mt-1\" dir=\"auto\" tabindex=\"0\" data-message-author-role=\"assistant\" data-message-id=\"325ea41e-bd83-4344-b870-5cc0623a8f52\" data-turn-start-message=\"true\" data-message-model-slug=\"gpt-5-3\">\n<div class=\"flex w-full flex-col gap-1 empty:hidden\">\n<div class=\"markdown prose dark:prose-invert w-full wrap-break-word dark markdown-new-styling\">\n<p data-start=\"762\" data-end=\"963\">Ne visi vyrai sutverti miestui. Vieni geriau jau\u010diasi ten, kur ma\u017eiau kalb\u0173, daugiau oro ir nereikia niekam nieko ai\u0161kinti. Tvirtas charakteris, ai\u0161ki laikysena ir kvapas, kuris pasako visk\u0105 be \u017eod\u017ei\u0173.<\/p>\n<p data-start=\"965\" data-end=\"1331\">LaQ <strong data-start=\"969\" data-end=\"982\">WILD BOAR<\/strong> \u2013 vyri\u0161kas k\u016bno prausiklis ir \u0161veitiklis tiems, kurie m\u0117gsta paprastum\u0105, j\u0117g\u0105 ir rezultat\u0105. Vienas produktas valo od\u0105, pa\u0161alina negyvas l\u0105steles ir palieka gaivos bei \u0161varos poj\u016bt\u012f po kiekvieno du\u0161o. Nat\u016brali ir vegani\u0161ka formul\u0117 su lengva mousse tekst\u016bra maloniai putoja ir puikiai pakei\u010dia \u012fprast\u0105 du\u0161o gel\u012f.<\/p>\n<h3 data-section-id=\"xsg6kg\" data-start=\"1333\" data-end=\"1364\">K\u0105 gali padaryti d\u0117l tav\u0119s?<\/h3>\n<p data-start=\"1366\" data-end=\"1606\">\u2714 Nuvalo ne\u0161varumus ir prakaito liku\u010dius<br data-start=\"1406\" data-end=\"1409\" \/>\u2714 Pa\u0161alina negyvas odos l\u0105steles<br data-start=\"1441\" data-end=\"1444\" \/>\u2714 Glotnina odos pavir\u0161i\u0173<br data-start=\"1468\" data-end=\"1471\" \/>\u2714 Suteikia \u0161varos ir komforto poj\u016bt\u012f<br data-start=\"1507\" data-end=\"1510\" \/>\u2714 Tinka kasdieniam naudojimui<br data-start=\"1539\" data-end=\"1542\" \/>\u2714 2in1 formul\u0117 taupo laik\u0105<\/p>\n<h3 data-section-id=\"wrhljt\" data-start=\"1608\" data-end=\"1632\">Kas slepiasi viduje?<\/h3>\n<p data-start=\"1634\" data-end=\"1676\">Viduje \u2013 ne pa\u017eadai, o rimti ingredientai:<\/p>\n<p data-start=\"1678\" data-end=\"1931\">\u2714 Rudojo cukraus kristalai \u0161veitimui<br data-start=\"1714\" data-end=\"1717\" \/>\u2714 Taukmed\u017eio sviestas odos komfortui<br data-start=\"1753\" data-end=\"1756\" \/>\u2714 Augalinis glicerinas dr\u0117kinimui<br data-start=\"1789\" data-end=\"1792\" \/>\u2714 \u0104\u017euolo \u017eiev\u0117s ekstraktas<br data-start=\"1818\" data-end=\"1821\" \/>\u2714 \u017dalios kavos ekstraktas<br data-start=\"1846\" data-end=\"1849\" \/>\u2714 Cinamono ekstraktas<br data-start=\"1870\" data-end=\"1873\" \/>\u2714 Imbiero ekstraktas<\/p>\n<h3 data-section-id=\"1bvewtq\" data-start=\"1933\" data-end=\"1954\">Kvapo charakteris<\/h3>\n<p data-start=\"1956\" data-end=\"2119\">Vyri\u0161kas, sodrus ir laukinis aromatas su \u0105\u017euolo \u012fkv\u0117ptomis natomis. Toks kvapas, kuris neie\u0161ko d\u0117mesio \u2013 jis j\u012f pasiima pats.<\/p>\n<h3 data-section-id=\"1fxzl1i\" data-start=\"2121\" data-end=\"2138\">Kaip naudoti?<\/h3>\n<p data-start=\"2140\" data-end=\"2308\">U\u017etepkite ant dr\u0117gnos odos, \u012fmasa\u017euokite sukamaisiais judesiais, tada nuskalaukite vandeniu. Naudokite, kai norisi ne tik \u0161varos, bet ir jausmo, kad diena tavo rankose.<\/p>\n<h3 data-section-id=\"d5peau\" data-start=\"2310\" data-end=\"2331\">K\u0105 kalba miestas?<\/h3>\n<p data-start=\"2333\" data-end=\"2406\">At\u0117jo tyliai.<br data-start=\"2346\" data-end=\"2349\" \/>I\u0161\u0117jo \u0161variai.<br data-start=\"2363\" data-end=\"2366\" \/>Kvepia taip, lyg b\u016bt\u0173 laim\u0117j\u0119s be kovos.<\/p>\n<h3 data-section-id=\"1l2d6ae\" data-start=\"2408\" data-end=\"2424\">Kas yra LaQ?<\/h3>\n<p data-start=\"2426\" data-end=\"2608\">LaQ \u2013 i\u0161skirtinis kosmetikos prek\u0117s \u017eenklas i\u0161 Lenkijos, gars\u0117jantis vegani\u0161kais produktais, dr\u0105siais pavadinimais ir charakteringais aromatais.<\/p>\n<h3 data-section-id=\"ei6umv\" data-start=\"2610\" data-end=\"2633\">Puiki dovanos id\u0117ja<\/h3>\n<p data-start=\"2635\" data-end=\"2782\">Ie\u0161kote dovanos vyrui, draugui ar broliui? <strong data-start=\"2678\" data-end=\"2691\">WILD BOAR<\/strong> \u2013 prakti\u0161kas, i\u0161skirtinis ir charakteringas pasirinkimas vyrui, kuris nem\u0117gsta nuobodulio.<\/p>\n<h3 data-section-id=\"17n6vsh\" data-start=\"2784\" data-end=\"2802\">Sud\u0117tis (INCI)<\/h3>\n<p data-start=\"2804\" data-end=\"3201\">Sucrose, Glycerine, Aqua, Sorbitol, Sodium Lauroyl Isethionate, Disodium Lauryl Sulfosuccinate, Sodium Chloride, Butyrospermum Parkii Butter, Quercus Petraea Bark Extract, Cinnamomum Zeylanicum Bark Extract, Green Coffee Bean Extract, Capsicum Annuum Fruit Extract, Zingiber Officinale Root Extract, Levulinic Acid, Potassium Sorbate, Sodium Benzoate, Parfum.<\/p>\n<h3 data-section-id=\"79r9v2\" data-start=\"3203\" data-end=\"3212\">Talpa<\/h3>\n<p data-start=\"3214\" data-end=\"3219\">220 g<\/p>\n<p data-start=\"3221\" data-end=\"3272\"><strong data-start=\"3221\" data-end=\"3272\">Kai charakteris laukinis \u2013 kvapas tampa ginklu.<\/strong><\/p>\n<\/div>\n<\/div>\n<\/div>\n<\/div>\n<\/div>\n<\/div>\n<\/section>\n","protected":false},"excerpt":{"rendered":"<p>Kai vieni renkasi paprast\u0105 du\u0161\u0105, kiti renkasi charakter\u012f. LaQ <strong data-start=\"409\" data-end=\"431\">vyri\u0161kas WILD BOAR<\/strong> k\u016bno prausiklis ir \u0161veitiklis vienu metu valo, \u0161vei\u010dia ir glotnina od\u0105. Stiprus aromatas, laukinis stilius ir 220 g talpa vyrui, kuris gyvena pagal savo taisykles.<\/p>\n","protected":false},"featured_media":77739,"template":"","meta":[],"product_brand":[1699],"product_cat":[538,557,731,1687],"product_tag":[],"class_list":{"0":"post-77467","1":"product","2":"type-product","3":"status-publish","4":"has-post-thumbnail","6":"product_brand-laq","7":"product_cat-kuno-prausikliai-duso-geliai","8":"product_cat-kuno-sveitikliai","9":"product_cat-kunui","10":"product_cat-vyrams","12":"first","13":"instock","14":"taxable","15":"shipping-taxable","16":"purchasable","17":"product-type-simple"},"yoast_head":"<!-- This site is optimized with the Yoast SEO plugin v27.5 - https:\/\/yoast.com\/product\/yoast-seo-wordpress\/ -->\n<title>LaQ Vyri\u0161kas k\u016bno prausiklis ir \u0161veitiklis WILD BOAR \u2013 Laukinis i\u0161 mi\u0161ko, \u0161varus i\u0161 du\u0161o, 220g - MalinaShop.lt J\u016bs\u0173 sveikatai ir gro\u017eiui.<\/title>\n<meta name=\"description\" content=\"LaQ vyri\u0161kas WILD BOAR k\u016bno prausiklis ir \u0161veitiklis 2in1 valo, \u0161vei\u010dia ir glotnina od\u0105. Sodrus vyri\u0161kas aromatas, vegani\u0161ka formul\u0117, 220 g.\" \/>\n<meta name=\"robots\" content=\"index, follow, max-snippet:-1, max-image-preview:large, max-video-preview:-1\" \/>\n<link rel=\"canonical\" href=\"https:\/\/www.malinashop.lt\/lt_lt\/shop\/laq-vyriskas-kuno-prausiklis-ir-sveitiklis-wild-boar-laukinis-is-misko-svarus-is-duso-220g\/\" \/>\n<meta property=\"og:locale\" content=\"lt_LT\" \/>\n<meta property=\"og:type\" content=\"article\" \/>\n<meta property=\"og:title\" content=\"LaQ Vyri\u0161kas k\u016bno prausiklis ir \u0161veitiklis WILD BOAR \u2013 Laukinis i\u0161 mi\u0161ko, \u0161varus i\u0161 du\u0161o, 220g - MalinaShop.lt J\u016bs\u0173 sveikatai ir gro\u017eiui.\" \/>\n<meta property=\"og:description\" content=\"LaQ vyri\u0161kas WILD BOAR k\u016bno prausiklis ir \u0161veitiklis 2in1 valo, \u0161vei\u010dia ir glotnina od\u0105. Sodrus vyri\u0161kas aromatas, vegani\u0161ka formul\u0117, 220 g.\" \/>\n<meta property=\"og:url\" content=\"https:\/\/www.malinashop.lt\/lt_lt\/shop\/laq-vyriskas-kuno-prausiklis-ir-sveitiklis-wild-boar-laukinis-is-misko-svarus-is-duso-220g\/\" \/>\n<meta property=\"og:site_name\" content=\"MalinaShop.lt J\u016bs\u0173 sveikatai ir gro\u017eiui.\" \/>\n<meta property=\"article:modified_time\" content=\"2026-04-29T19:36:28+00:00\" \/>\n<meta property=\"og:image\" content=\"https:\/\/www.malinashop.lt\/wp-content\/uploads\/2026\/04\/5905778570630-1_1.jpg\" \/>\n\t<meta property=\"og:image:width\" content=\"1600\" \/>\n\t<meta property=\"og:image:height\" content=\"1600\" \/>\n\t<meta property=\"og:image:type\" content=\"image\/jpeg\" \/>\n<meta name=\"twitter:card\" content=\"summary_large_image\" \/>\n<script type=\"application\/ld+json\" class=\"yoast-schema-graph\">{\"@context\":\"https:\\\/\\\/schema.org\",\"@graph\":[{\"@type\":\"WebPage\",\"@id\":\"https:\\\/\\\/www.malinashop.lt\\\/shop\\\/laq-vyriskas-kuno-prausiklis-ir-sveitiklis-wild-boar-laukinis-is-misko-svarus-is-duso-220g\\\/\",\"url\":\"https:\\\/\\\/www.malinashop.lt\\\/shop\\\/laq-vyriskas-kuno-prausiklis-ir-sveitiklis-wild-boar-laukinis-is-misko-svarus-is-duso-220g\\\/\",\"name\":\"LaQ Vyri\u0161kas k\u016bno prausiklis ir \u0161veitiklis WILD BOAR \u2013 Laukinis i\u0161 mi\u0161ko, \u0161varus i\u0161 du\u0161o, 220g - MalinaShop.lt J\u016bs\u0173 sveikatai ir gro\u017eiui.\",\"isPartOf\":{\"@id\":\"https:\\\/\\\/www.malinashop.lt\\\/#website\"},\"primaryImageOfPage\":{\"@id\":\"https:\\\/\\\/www.malinashop.lt\\\/shop\\\/laq-vyriskas-kuno-prausiklis-ir-sveitiklis-wild-boar-laukinis-is-misko-svarus-is-duso-220g\\\/#primaryimage\"},\"image\":{\"@id\":\"https:\\\/\\\/www.malinashop.lt\\\/shop\\\/laq-vyriskas-kuno-prausiklis-ir-sveitiklis-wild-boar-laukinis-is-misko-svarus-is-duso-220g\\\/#primaryimage\"},\"thumbnailUrl\":\"https:\\\/\\\/www.malinashop.lt\\\/wp-content\\\/uploads\\\/2026\\\/04\\\/5905778570630-1_1.jpg\",\"datePublished\":\"2026-04-29T19:30:27+00:00\",\"dateModified\":\"2026-04-29T19:36:28+00:00\",\"description\":\"LaQ vyri\u0161kas WILD BOAR k\u016bno prausiklis ir \u0161veitiklis 2in1 valo, \u0161vei\u010dia ir glotnina od\u0105. Sodrus vyri\u0161kas aromatas, vegani\u0161ka formul\u0117, 220 g.\",\"breadcrumb\":{\"@id\":\"https:\\\/\\\/www.malinashop.lt\\\/shop\\\/laq-vyriskas-kuno-prausiklis-ir-sveitiklis-wild-boar-laukinis-is-misko-svarus-is-duso-220g\\\/#breadcrumb\"},\"inLanguage\":\"lt-LT\",\"potentialAction\":[{\"@type\":\"ReadAction\",\"target\":[\"https:\\\/\\\/www.malinashop.lt\\\/shop\\\/laq-vyriskas-kuno-prausiklis-ir-sveitiklis-wild-boar-laukinis-is-misko-svarus-is-duso-220g\\\/\"]}]},{\"@type\":\"ImageObject\",\"inLanguage\":\"lt-LT\",\"@id\":\"https:\\\/\\\/www.malinashop.lt\\\/shop\\\/laq-vyriskas-kuno-prausiklis-ir-sveitiklis-wild-boar-laukinis-is-misko-svarus-is-duso-220g\\\/#primaryimage\",\"url\":\"https:\\\/\\\/www.malinashop.lt\\\/wp-content\\\/uploads\\\/2026\\\/04\\\/5905778570630-1_1.jpg\",\"contentUrl\":\"https:\\\/\\\/www.malinashop.lt\\\/wp-content\\\/uploads\\\/2026\\\/04\\\/5905778570630-1_1.jpg\",\"width\":1600,\"height\":1600},{\"@type\":\"BreadcrumbList\",\"@id\":\"https:\\\/\\\/www.malinashop.lt\\\/shop\\\/laq-vyriskas-kuno-prausiklis-ir-sveitiklis-wild-boar-laukinis-is-misko-svarus-is-duso-220g\\\/#breadcrumb\",\"itemListElement\":[{\"@type\":\"ListItem\",\"position\":1,\"name\":\"Pagrindinis\",\"item\":\"https:\\\/\\\/www.malinashop.lt\\\/\"},{\"@type\":\"ListItem\",\"position\":2,\"name\":\"Parduotuv\u0117\",\"item\":\"https:\\\/\\\/www.malinashop.lt\\\/en\\\/parduotuve\\\/\"},{\"@type\":\"ListItem\",\"position\":3,\"name\":\"LaQ Vyri\u0161kas k\u016bno prausiklis ir \u0161veitiklis WILD BOAR \u2013 Laukinis i\u0161 mi\u0161ko, \u0161varus i\u0161 du\u0161o, 220g\"}]},{\"@type\":\"WebSite\",\"@id\":\"https:\\\/\\\/www.malinashop.lt\\\/#website\",\"url\":\"https:\\\/\\\/www.malinashop.lt\\\/\",\"name\":\"COM Group Ecommerce\",\"description\":\"MalinaShop.lt - Gro\u017eio ir sveikatos produktai i\u0161 patikim\u0173 preki\u0173 \u017eenkl\u0173. Atraskite auk\u0161tos kokyb\u0117s kosmetik\u0105 u\u017e puiki\u0105 kain\u0105.\",\"publisher\":{\"@id\":\"https:\\\/\\\/www.malinashop.lt\\\/#organization\"},\"potentialAction\":[{\"@type\":\"SearchAction\",\"target\":{\"@type\":\"EntryPoint\",\"urlTemplate\":\"https:\\\/\\\/www.malinashop.lt\\\/?s={search_term_string}\"},\"query-input\":{\"@type\":\"PropertyValueSpecification\",\"valueRequired\":true,\"valueName\":\"search_term_string\"}}],\"inLanguage\":\"lt-LT\"},{\"@type\":\"Organization\",\"@id\":\"https:\\\/\\\/www.malinashop.lt\\\/#organization\",\"name\":\"COM Group Ecommerce\",\"url\":\"https:\\\/\\\/www.malinashop.lt\\\/\",\"logo\":{\"@type\":\"ImageObject\",\"inLanguage\":\"lt-LT\",\"@id\":\"https:\\\/\\\/www.malinashop.lt\\\/#\\\/schema\\\/logo\\\/image\\\/\",\"url\":\"https:\\\/\\\/www.malinashop.lt\\\/wp-content\\\/uploads\\\/2024\\\/08\\\/462559670_3787732518133670_9795632669273463_n-e1731525914575.png\",\"contentUrl\":\"https:\\\/\\\/www.malinashop.lt\\\/wp-content\\\/uploads\\\/2024\\\/08\\\/462559670_3787732518133670_9795632669273463_n-e1731525914575.png\",\"width\":180,\"height\":60,\"caption\":\"COM Group Ecommerce\"},\"image\":{\"@id\":\"https:\\\/\\\/www.malinashop.lt\\\/#\\\/schema\\\/logo\\\/image\\\/\"}}]}<\/script>\n<!-- \/ Yoast SEO plugin. -->","yoast_head_json":{"title":"LaQ Vyri\u0161kas k\u016bno prausiklis ir \u0161veitiklis WILD BOAR \u2013 Laukinis i\u0161 mi\u0161ko, \u0161varus i\u0161 du\u0161o, 220g - MalinaShop.lt J\u016bs\u0173 sveikatai ir gro\u017eiui.","description":"LaQ vyri\u0161kas WILD BOAR k\u016bno prausiklis ir \u0161veitiklis 2in1 valo, \u0161vei\u010dia ir glotnina od\u0105. Sodrus vyri\u0161kas aromatas, vegani\u0161ka formul\u0117, 220 g.","robots":{"index":"index","follow":"follow","max-snippet":"max-snippet:-1","max-image-preview":"max-image-preview:large","max-video-preview":"max-video-preview:-1"},"canonical":"https:\/\/www.malinashop.lt\/lt_lt\/shop\/laq-vyriskas-kuno-prausiklis-ir-sveitiklis-wild-boar-laukinis-is-misko-svarus-is-duso-220g\/","og_locale":"lt_LT","og_type":"article","og_title":"LaQ Vyri\u0161kas k\u016bno prausiklis ir \u0161veitiklis WILD BOAR \u2013 Laukinis i\u0161 mi\u0161ko, \u0161varus i\u0161 du\u0161o, 220g - MalinaShop.lt J\u016bs\u0173 sveikatai ir gro\u017eiui.","og_description":"LaQ vyri\u0161kas WILD BOAR k\u016bno prausiklis ir \u0161veitiklis 2in1 valo, \u0161vei\u010dia ir glotnina od\u0105. Sodrus vyri\u0161kas aromatas, vegani\u0161ka formul\u0117, 220 g.","og_url":"https:\/\/www.malinashop.lt\/lt_lt\/shop\/laq-vyriskas-kuno-prausiklis-ir-sveitiklis-wild-boar-laukinis-is-misko-svarus-is-duso-220g\/","og_site_name":"MalinaShop.lt J\u016bs\u0173 sveikatai ir gro\u017eiui.","article_modified_time":"2026-04-29T19:36:28+00:00","og_image":[{"width":1600,"height":1600,"url":"https:\/\/www.malinashop.lt\/wp-content\/uploads\/2026\/04\/5905778570630-1_1.jpg","type":"image\/jpeg"}],"twitter_card":"summary_large_image","schema":{"@context":"https:\/\/schema.org","@graph":[{"@type":"WebPage","@id":"https:\/\/www.malinashop.lt\/shop\/laq-vyriskas-kuno-prausiklis-ir-sveitiklis-wild-boar-laukinis-is-misko-svarus-is-duso-220g\/","url":"https:\/\/www.malinashop.lt\/shop\/laq-vyriskas-kuno-prausiklis-ir-sveitiklis-wild-boar-laukinis-is-misko-svarus-is-duso-220g\/","name":"LaQ Vyri\u0161kas k\u016bno prausiklis ir \u0161veitiklis WILD BOAR \u2013 Laukinis i\u0161 mi\u0161ko, \u0161varus i\u0161 du\u0161o, 220g - MalinaShop.lt J\u016bs\u0173 sveikatai ir gro\u017eiui.","isPartOf":{"@id":"https:\/\/www.malinashop.lt\/#website"},"primaryImageOfPage":{"@id":"https:\/\/www.malinashop.lt\/shop\/laq-vyriskas-kuno-prausiklis-ir-sveitiklis-wild-boar-laukinis-is-misko-svarus-is-duso-220g\/#primaryimage"},"image":{"@id":"https:\/\/www.malinashop.lt\/shop\/laq-vyriskas-kuno-prausiklis-ir-sveitiklis-wild-boar-laukinis-is-misko-svarus-is-duso-220g\/#primaryimage"},"thumbnailUrl":"https:\/\/www.malinashop.lt\/wp-content\/uploads\/2026\/04\/5905778570630-1_1.jpg","datePublished":"2026-04-29T19:30:27+00:00","dateModified":"2026-04-29T19:36:28+00:00","description":"LaQ vyri\u0161kas WILD BOAR k\u016bno prausiklis ir \u0161veitiklis 2in1 valo, \u0161vei\u010dia ir glotnina od\u0105. Sodrus vyri\u0161kas aromatas, vegani\u0161ka formul\u0117, 220 g.","breadcrumb":{"@id":"https:\/\/www.malinashop.lt\/shop\/laq-vyriskas-kuno-prausiklis-ir-sveitiklis-wild-boar-laukinis-is-misko-svarus-is-duso-220g\/#breadcrumb"},"inLanguage":"lt-LT","potentialAction":[{"@type":"ReadAction","target":["https:\/\/www.malinashop.lt\/shop\/laq-vyriskas-kuno-prausiklis-ir-sveitiklis-wild-boar-laukinis-is-misko-svarus-is-duso-220g\/"]}]},{"@type":"ImageObject","inLanguage":"lt-LT","@id":"https:\/\/www.malinashop.lt\/shop\/laq-vyriskas-kuno-prausiklis-ir-sveitiklis-wild-boar-laukinis-is-misko-svarus-is-duso-220g\/#primaryimage","url":"https:\/\/www.malinashop.lt\/wp-content\/uploads\/2026\/04\/5905778570630-1_1.jpg","contentUrl":"https:\/\/www.malinashop.lt\/wp-content\/uploads\/2026\/04\/5905778570630-1_1.jpg","width":1600,"height":1600},{"@type":"BreadcrumbList","@id":"https:\/\/www.malinashop.lt\/shop\/laq-vyriskas-kuno-prausiklis-ir-sveitiklis-wild-boar-laukinis-is-misko-svarus-is-duso-220g\/#breadcrumb","itemListElement":[{"@type":"ListItem","position":1,"name":"Pagrindinis","item":"https:\/\/www.malinashop.lt\/"},{"@type":"ListItem","position":2,"name":"Parduotuv\u0117","item":"https:\/\/www.malinashop.lt\/en\/parduotuve\/"},{"@type":"ListItem","position":3,"name":"LaQ Vyri\u0161kas k\u016bno prausiklis ir \u0161veitiklis WILD BOAR \u2013 Laukinis i\u0161 mi\u0161ko, \u0161varus i\u0161 du\u0161o, 220g"}]},{"@type":"WebSite","@id":"https:\/\/www.malinashop.lt\/#website","url":"https:\/\/www.malinashop.lt\/","name":"COM Group Ecommerce","description":"MalinaShop.lt - Gro\u017eio ir sveikatos produktai i\u0161 patikim\u0173 preki\u0173 \u017eenkl\u0173. Atraskite auk\u0161tos kokyb\u0117s kosmetik\u0105 u\u017e puiki\u0105 kain\u0105.","publisher":{"@id":"https:\/\/www.malinashop.lt\/#organization"},"potentialAction":[{"@type":"SearchAction","target":{"@type":"EntryPoint","urlTemplate":"https:\/\/www.malinashop.lt\/?s={search_term_string}"},"query-input":{"@type":"PropertyValueSpecification","valueRequired":true,"valueName":"search_term_string"}}],"inLanguage":"lt-LT"},{"@type":"Organization","@id":"https:\/\/www.malinashop.lt\/#organization","name":"COM Group Ecommerce","url":"https:\/\/www.malinashop.lt\/","logo":{"@type":"ImageObject","inLanguage":"lt-LT","@id":"https:\/\/www.malinashop.lt\/#\/schema\/logo\/image\/","url":"https:\/\/www.malinashop.lt\/wp-content\/uploads\/2024\/08\/462559670_3787732518133670_9795632669273463_n-e1731525914575.png","contentUrl":"https:\/\/www.malinashop.lt\/wp-content\/uploads\/2024\/08\/462559670_3787732518133670_9795632669273463_n-e1731525914575.png","width":180,"height":60,"caption":"COM Group Ecommerce"},"image":{"@id":"https:\/\/www.malinashop.lt\/#\/schema\/logo\/image\/"}}]}},"jetpack_sharing_enabled":true,"_links":{"self":[{"href":"https:\/\/www.malinashop.lt\/lt_lt\/wp-json\/wp\/v2\/product\/77467","targetHints":{"allow":["GET"]}}],"collection":[{"href":"https:\/\/www.malinashop.lt\/lt_lt\/wp-json\/wp\/v2\/product"}],"about":[{"href":"https:\/\/www.malinashop.lt\/lt_lt\/wp-json\/wp\/v2\/types\/product"}],"version-history":[{"count":2,"href":"https:\/\/www.malinashop.lt\/lt_lt\/wp-json\/wp\/v2\/product\/77467\/revisions"}],"predecessor-version":[{"id":77741,"href":"https:\/\/www.malinashop.lt\/lt_lt\/wp-json\/wp\/v2\/product\/77467\/revisions\/77741"}],"wp:featuredmedia":[{"embeddable":true,"href":"https:\/\/www.malinashop.lt\/lt_lt\/wp-json\/wp\/v2\/media\/77739"}],"wp:attachment":[{"href":"https:\/\/www.malinashop.lt\/lt_lt\/wp-json\/wp\/v2\/media?parent=77467"}],"wp:term":[{"taxonomy":"product_brand","embeddable":true,"href":"https:\/\/www.malinashop.lt\/lt_lt\/wp-json\/wp\/v2\/product_brand?post=77467"},{"taxonomy":"product_cat","embeddable":true,"href":"https:\/\/www.malinashop.lt\/lt_lt\/wp-json\/wp\/v2\/product_cat?post=77467"},{"taxonomy":"product_tag","embeddable":true,"href":"https:\/\/www.malinashop.lt\/lt_lt\/wp-json\/wp\/v2\/product_tag?post=77467"}],"curies":[{"name":"wp","href":"https:\/\/api.w.org\/{rel}","templated":true}]}}