{"id":77347,"date":"2026-04-29T00:39:04","date_gmt":"2026-04-28T21:39:04","guid":{"rendered":"https:\/\/www.malinashop.lt\/shop\/laq-duso-gelis-8in1-boss-of-all-bosses-visu-bossu-bossas\/"},"modified":"2026-05-02T21:35:46","modified_gmt":"2026-05-02T18:35:46","slug":"laq-duso-gelis-8in1-boss-of-all-bosses-visu-bossu-bossas","status":"publish","type":"product","link":"https:\/\/www.malinashop.lt\/lt_lt\/shop\/laq-duso-gelis-8in1-boss-of-all-bosses-visu-bossu-bossas\/","title":{"rendered":"Laq Du\u0161o gelis 8in1 BOSS OF ALL BOSSES \u2013 Vis\u0173 boss\u0173 bossas"},"content":{"rendered":"<p><em>EN: BOSS OF ALL BOSSES | PL: SZEF WSZYSTKICH SZEF\u00d3W<\/em><\/p>\n<p>\u0160efas yra \u0161efas. Laq du\u0161o gelis 8in1 BOSS OF ALL BOSSES \u2013 prabangaus vyri\u0161ko aromato formul\u0117, kuri valo, atgaivina ir suteikia pasitik\u0117jimo. Juodojo pipiro, pelyn\u0173 ir \u017een\u0161enio ekstraktai \u2013 energija nuo pirm\u0173 akimirk\u0173 po du\u0161o.<\/p>\n<p><strong>Aromato natos:<\/strong><\/p>\n<ul>\n<li>Vir\u0161utin\u0117s: sald\u016bs, \u0161var\u016bs tonai<\/li>\n<li>\u0160irdies: prieskoniniai, \u017eoleli\u0173, \u017ealieji ir vaisiniai tonai<\/li>\n<li>Bazin\u0117s: vanil\u0117, kedras, pa\u010diul\u0117, tonkos pupel\u0117<\/li>\n<\/ul>\n<ul>\n<li>\u2714 Juodojo pipiro ekstraktas \u2013 tonizuoja ir gaivina<\/li>\n<li>\u2714 \u017den\u0161enio ekstraktas \u2013 revitalizuoja<\/li>\n<li>\u2714 Pelyn\u0173 ekstraktas \u2013 stiprina<\/li>\n<li>\u2714 Augalinis glicerinas \u2013 dr\u0117kina<\/li>\n<\/ul>\n<p>Vegani\u0161kas. Dermatologi\u0161kai testuotas. 500ml.<\/p>\n<p><strong>Sud\u0117tis (INCI):<\/strong> Aqua, Sodium Coco-Sulfate, Coco-Glucoside, Cocamidopropyl Betaine, Glycerin, Glyceryl Oleate, Piper Nigrum Fruit Extract, Artemisia Absinthium Extract, Panax Ginseng Root Extract, Sodium Gluconate, Citric Acid, Sodium Chloride, Sodium Benzoate, Potassium Sorbate, Parfum, Limonene, Linalool, Hexamethylindanopyran, Linalyl Acetate, Tetramethyl Acetyloctahydronaphthalenes, Citrus Aurantium Bergamia Peel Oil<\/p>\n","protected":false},"excerpt":{"rendered":"<p>Nat\u016bralus vegani\u0161kas du\u0161o gelis 8in1 su juodojo pipiro, \u017een\u0161enio ir pelyn\u0173 ekstraktais. Sald\u016bs ir prieskoniniai tonai, vanil\u0117, kedras. 500ml.<\/p>\n","protected":false},"featured_media":77346,"template":"","meta":[],"product_brand":[],"product_cat":[1687],"product_tag":[],"class_list":{"0":"post-77347","1":"product","2":"type-product","3":"status-publish","4":"has-post-thumbnail","6":"product_cat-vyrams","8":"first","9":"instock","10":"taxable","11":"shipping-taxable","12":"product-type-simple"},"yoast_head":"<!-- This site is optimized with the Yoast SEO plugin v27.5 - https:\/\/yoast.com\/product\/yoast-seo-wordpress\/ -->\n<title>Laq Du\u0161o gelis 8in1 BOSS OF ALL BOSSES \u2013 Vis\u0173 boss\u0173 bossas - MalinaShop.lt J\u016bs\u0173 sveikatai ir gro\u017eiui.<\/title>\n<meta name=\"description\" content=\"Nat\u016bralus vegani\u0161kas du\u0161o gelis 8in1 su juodojo pipiro, \u017een\u0161enio ir pelyn\u0173 ekstraktais. Sald\u016bs ir prieskoniniai tonai, vanil\u0117, kedras. 500ml.\" \/>\n<meta name=\"robots\" content=\"index, follow, max-snippet:-1, max-image-preview:large, max-video-preview:-1\" \/>\n<link rel=\"canonical\" href=\"https:\/\/www.malinashop.lt\/lt_lt\/shop\/laq-duso-gelis-8in1-boss-of-all-bosses-visu-bossu-bossas\/\" \/>\n<meta property=\"og:locale\" content=\"lt_LT\" \/>\n<meta property=\"og:type\" content=\"article\" \/>\n<meta property=\"og:title\" content=\"Laq Du\u0161o gelis 8in1 BOSS OF ALL BOSSES \u2013 Vis\u0173 boss\u0173 bossas - MalinaShop.lt J\u016bs\u0173 sveikatai ir gro\u017eiui.\" \/>\n<meta property=\"og:description\" content=\"Nat\u016bralus vegani\u0161kas du\u0161o gelis 8in1 su juodojo pipiro, \u017een\u0161enio ir pelyn\u0173 ekstraktais. Sald\u016bs ir prieskoniniai tonai, vanil\u0117, kedras. 500ml.\" \/>\n<meta property=\"og:url\" content=\"https:\/\/www.malinashop.lt\/lt_lt\/shop\/laq-duso-gelis-8in1-boss-of-all-bosses-visu-bossu-bossas\/\" \/>\n<meta property=\"og:site_name\" content=\"MalinaShop.lt J\u016bs\u0173 sveikatai ir gro\u017eiui.\" \/>\n<meta property=\"article:modified_time\" content=\"2026-05-02T18:35:46+00:00\" \/>\n<meta property=\"og:image\" content=\"https:\/\/www.malinashop.lt\/wp-content\/uploads\/2026\/04\/5905778575505-1-726x726-1.jpg\" \/>\n\t<meta property=\"og:image:width\" content=\"726\" \/>\n\t<meta property=\"og:image:height\" content=\"726\" \/>\n\t<meta property=\"og:image:type\" content=\"image\/jpeg\" \/>\n<meta name=\"twitter:card\" content=\"summary_large_image\" \/>\n<script type=\"application\/ld+json\" class=\"yoast-schema-graph\">{\"@context\":\"https:\\\/\\\/schema.org\",\"@graph\":[{\"@type\":\"WebPage\",\"@id\":\"https:\\\/\\\/www.malinashop.lt\\\/shop\\\/laq-duso-gelis-8in1-boss-of-all-bosses-visu-bossu-bossas\\\/\",\"url\":\"https:\\\/\\\/www.malinashop.lt\\\/shop\\\/laq-duso-gelis-8in1-boss-of-all-bosses-visu-bossu-bossas\\\/\",\"name\":\"Laq Du\u0161o gelis 8in1 BOSS OF ALL BOSSES \u2013 Vis\u0173 boss\u0173 bossas - MalinaShop.lt J\u016bs\u0173 sveikatai ir gro\u017eiui.\",\"isPartOf\":{\"@id\":\"https:\\\/\\\/www.malinashop.lt\\\/#website\"},\"primaryImageOfPage\":{\"@id\":\"https:\\\/\\\/www.malinashop.lt\\\/shop\\\/laq-duso-gelis-8in1-boss-of-all-bosses-visu-bossu-bossas\\\/#primaryimage\"},\"image\":{\"@id\":\"https:\\\/\\\/www.malinashop.lt\\\/shop\\\/laq-duso-gelis-8in1-boss-of-all-bosses-visu-bossu-bossas\\\/#primaryimage\"},\"thumbnailUrl\":\"https:\\\/\\\/www.malinashop.lt\\\/wp-content\\\/uploads\\\/2026\\\/04\\\/5905778575505-1-726x726-1.jpg\",\"datePublished\":\"2026-04-28T21:39:04+00:00\",\"dateModified\":\"2026-05-02T18:35:46+00:00\",\"description\":\"Nat\u016bralus vegani\u0161kas du\u0161o gelis 8in1 su juodojo pipiro, \u017een\u0161enio ir pelyn\u0173 ekstraktais. Sald\u016bs ir prieskoniniai tonai, vanil\u0117, kedras. 500ml.\",\"breadcrumb\":{\"@id\":\"https:\\\/\\\/www.malinashop.lt\\\/shop\\\/laq-duso-gelis-8in1-boss-of-all-bosses-visu-bossu-bossas\\\/#breadcrumb\"},\"inLanguage\":\"lt-LT\",\"potentialAction\":[{\"@type\":\"ReadAction\",\"target\":[\"https:\\\/\\\/www.malinashop.lt\\\/shop\\\/laq-duso-gelis-8in1-boss-of-all-bosses-visu-bossu-bossas\\\/\"]}]},{\"@type\":\"ImageObject\",\"inLanguage\":\"lt-LT\",\"@id\":\"https:\\\/\\\/www.malinashop.lt\\\/shop\\\/laq-duso-gelis-8in1-boss-of-all-bosses-visu-bossu-bossas\\\/#primaryimage\",\"url\":\"https:\\\/\\\/www.malinashop.lt\\\/wp-content\\\/uploads\\\/2026\\\/04\\\/5905778575505-1-726x726-1.jpg\",\"contentUrl\":\"https:\\\/\\\/www.malinashop.lt\\\/wp-content\\\/uploads\\\/2026\\\/04\\\/5905778575505-1-726x726-1.jpg\",\"width\":726,\"height\":726},{\"@type\":\"BreadcrumbList\",\"@id\":\"https:\\\/\\\/www.malinashop.lt\\\/shop\\\/laq-duso-gelis-8in1-boss-of-all-bosses-visu-bossu-bossas\\\/#breadcrumb\",\"itemListElement\":[{\"@type\":\"ListItem\",\"position\":1,\"name\":\"Pagrindinis\",\"item\":\"https:\\\/\\\/www.malinashop.lt\\\/\"},{\"@type\":\"ListItem\",\"position\":2,\"name\":\"Parduotuv\u0117\",\"item\":\"https:\\\/\\\/www.malinashop.lt\\\/en\\\/parduotuve\\\/\"},{\"@type\":\"ListItem\",\"position\":3,\"name\":\"Laq Du\u0161o gelis 8in1 BOSS OF ALL BOSSES \u2013 Vis\u0173 boss\u0173 bossas\"}]},{\"@type\":\"WebSite\",\"@id\":\"https:\\\/\\\/www.malinashop.lt\\\/#website\",\"url\":\"https:\\\/\\\/www.malinashop.lt\\\/\",\"name\":\"COM Group Ecommerce\",\"description\":\"MalinaShop.lt - Gro\u017eio ir sveikatos produktai i\u0161 patikim\u0173 preki\u0173 \u017eenkl\u0173. Atraskite auk\u0161tos kokyb\u0117s kosmetik\u0105 u\u017e puiki\u0105 kain\u0105.\",\"publisher\":{\"@id\":\"https:\\\/\\\/www.malinashop.lt\\\/#organization\"},\"potentialAction\":[{\"@type\":\"SearchAction\",\"target\":{\"@type\":\"EntryPoint\",\"urlTemplate\":\"https:\\\/\\\/www.malinashop.lt\\\/?s={search_term_string}\"},\"query-input\":{\"@type\":\"PropertyValueSpecification\",\"valueRequired\":true,\"valueName\":\"search_term_string\"}}],\"inLanguage\":\"lt-LT\"},{\"@type\":\"Organization\",\"@id\":\"https:\\\/\\\/www.malinashop.lt\\\/#organization\",\"name\":\"COM Group Ecommerce\",\"url\":\"https:\\\/\\\/www.malinashop.lt\\\/\",\"logo\":{\"@type\":\"ImageObject\",\"inLanguage\":\"lt-LT\",\"@id\":\"https:\\\/\\\/www.malinashop.lt\\\/#\\\/schema\\\/logo\\\/image\\\/\",\"url\":\"https:\\\/\\\/www.malinashop.lt\\\/wp-content\\\/uploads\\\/2024\\\/08\\\/462559670_3787732518133670_9795632669273463_n-e1731525914575.png\",\"contentUrl\":\"https:\\\/\\\/www.malinashop.lt\\\/wp-content\\\/uploads\\\/2024\\\/08\\\/462559670_3787732518133670_9795632669273463_n-e1731525914575.png\",\"width\":180,\"height\":60,\"caption\":\"COM Group Ecommerce\"},\"image\":{\"@id\":\"https:\\\/\\\/www.malinashop.lt\\\/#\\\/schema\\\/logo\\\/image\\\/\"}}]}<\/script>\n<!-- \/ Yoast SEO plugin. -->","yoast_head_json":{"title":"Laq Du\u0161o gelis 8in1 BOSS OF ALL BOSSES \u2013 Vis\u0173 boss\u0173 bossas - MalinaShop.lt J\u016bs\u0173 sveikatai ir gro\u017eiui.","description":"Nat\u016bralus vegani\u0161kas du\u0161o gelis 8in1 su juodojo pipiro, \u017een\u0161enio ir pelyn\u0173 ekstraktais. Sald\u016bs ir prieskoniniai tonai, vanil\u0117, kedras. 500ml.","robots":{"index":"index","follow":"follow","max-snippet":"max-snippet:-1","max-image-preview":"max-image-preview:large","max-video-preview":"max-video-preview:-1"},"canonical":"https:\/\/www.malinashop.lt\/lt_lt\/shop\/laq-duso-gelis-8in1-boss-of-all-bosses-visu-bossu-bossas\/","og_locale":"lt_LT","og_type":"article","og_title":"Laq Du\u0161o gelis 8in1 BOSS OF ALL BOSSES \u2013 Vis\u0173 boss\u0173 bossas - MalinaShop.lt J\u016bs\u0173 sveikatai ir gro\u017eiui.","og_description":"Nat\u016bralus vegani\u0161kas du\u0161o gelis 8in1 su juodojo pipiro, \u017een\u0161enio ir pelyn\u0173 ekstraktais. Sald\u016bs ir prieskoniniai tonai, vanil\u0117, kedras. 500ml.","og_url":"https:\/\/www.malinashop.lt\/lt_lt\/shop\/laq-duso-gelis-8in1-boss-of-all-bosses-visu-bossu-bossas\/","og_site_name":"MalinaShop.lt J\u016bs\u0173 sveikatai ir gro\u017eiui.","article_modified_time":"2026-05-02T18:35:46+00:00","og_image":[{"width":726,"height":726,"url":"https:\/\/www.malinashop.lt\/wp-content\/uploads\/2026\/04\/5905778575505-1-726x726-1.jpg","type":"image\/jpeg"}],"twitter_card":"summary_large_image","schema":{"@context":"https:\/\/schema.org","@graph":[{"@type":"WebPage","@id":"https:\/\/www.malinashop.lt\/shop\/laq-duso-gelis-8in1-boss-of-all-bosses-visu-bossu-bossas\/","url":"https:\/\/www.malinashop.lt\/shop\/laq-duso-gelis-8in1-boss-of-all-bosses-visu-bossu-bossas\/","name":"Laq Du\u0161o gelis 8in1 BOSS OF ALL BOSSES \u2013 Vis\u0173 boss\u0173 bossas - MalinaShop.lt J\u016bs\u0173 sveikatai ir gro\u017eiui.","isPartOf":{"@id":"https:\/\/www.malinashop.lt\/#website"},"primaryImageOfPage":{"@id":"https:\/\/www.malinashop.lt\/shop\/laq-duso-gelis-8in1-boss-of-all-bosses-visu-bossu-bossas\/#primaryimage"},"image":{"@id":"https:\/\/www.malinashop.lt\/shop\/laq-duso-gelis-8in1-boss-of-all-bosses-visu-bossu-bossas\/#primaryimage"},"thumbnailUrl":"https:\/\/www.malinashop.lt\/wp-content\/uploads\/2026\/04\/5905778575505-1-726x726-1.jpg","datePublished":"2026-04-28T21:39:04+00:00","dateModified":"2026-05-02T18:35:46+00:00","description":"Nat\u016bralus vegani\u0161kas du\u0161o gelis 8in1 su juodojo pipiro, \u017een\u0161enio ir pelyn\u0173 ekstraktais. Sald\u016bs ir prieskoniniai tonai, vanil\u0117, kedras. 500ml.","breadcrumb":{"@id":"https:\/\/www.malinashop.lt\/shop\/laq-duso-gelis-8in1-boss-of-all-bosses-visu-bossu-bossas\/#breadcrumb"},"inLanguage":"lt-LT","potentialAction":[{"@type":"ReadAction","target":["https:\/\/www.malinashop.lt\/shop\/laq-duso-gelis-8in1-boss-of-all-bosses-visu-bossu-bossas\/"]}]},{"@type":"ImageObject","inLanguage":"lt-LT","@id":"https:\/\/www.malinashop.lt\/shop\/laq-duso-gelis-8in1-boss-of-all-bosses-visu-bossu-bossas\/#primaryimage","url":"https:\/\/www.malinashop.lt\/wp-content\/uploads\/2026\/04\/5905778575505-1-726x726-1.jpg","contentUrl":"https:\/\/www.malinashop.lt\/wp-content\/uploads\/2026\/04\/5905778575505-1-726x726-1.jpg","width":726,"height":726},{"@type":"BreadcrumbList","@id":"https:\/\/www.malinashop.lt\/shop\/laq-duso-gelis-8in1-boss-of-all-bosses-visu-bossu-bossas\/#breadcrumb","itemListElement":[{"@type":"ListItem","position":1,"name":"Pagrindinis","item":"https:\/\/www.malinashop.lt\/"},{"@type":"ListItem","position":2,"name":"Parduotuv\u0117","item":"https:\/\/www.malinashop.lt\/en\/parduotuve\/"},{"@type":"ListItem","position":3,"name":"Laq Du\u0161o gelis 8in1 BOSS OF ALL BOSSES \u2013 Vis\u0173 boss\u0173 bossas"}]},{"@type":"WebSite","@id":"https:\/\/www.malinashop.lt\/#website","url":"https:\/\/www.malinashop.lt\/","name":"COM Group Ecommerce","description":"MalinaShop.lt - Gro\u017eio ir sveikatos produktai i\u0161 patikim\u0173 preki\u0173 \u017eenkl\u0173. Atraskite auk\u0161tos kokyb\u0117s kosmetik\u0105 u\u017e puiki\u0105 kain\u0105.","publisher":{"@id":"https:\/\/www.malinashop.lt\/#organization"},"potentialAction":[{"@type":"SearchAction","target":{"@type":"EntryPoint","urlTemplate":"https:\/\/www.malinashop.lt\/?s={search_term_string}"},"query-input":{"@type":"PropertyValueSpecification","valueRequired":true,"valueName":"search_term_string"}}],"inLanguage":"lt-LT"},{"@type":"Organization","@id":"https:\/\/www.malinashop.lt\/#organization","name":"COM Group Ecommerce","url":"https:\/\/www.malinashop.lt\/","logo":{"@type":"ImageObject","inLanguage":"lt-LT","@id":"https:\/\/www.malinashop.lt\/#\/schema\/logo\/image\/","url":"https:\/\/www.malinashop.lt\/wp-content\/uploads\/2024\/08\/462559670_3787732518133670_9795632669273463_n-e1731525914575.png","contentUrl":"https:\/\/www.malinashop.lt\/wp-content\/uploads\/2024\/08\/462559670_3787732518133670_9795632669273463_n-e1731525914575.png","width":180,"height":60,"caption":"COM Group Ecommerce"},"image":{"@id":"https:\/\/www.malinashop.lt\/#\/schema\/logo\/image\/"}}]}},"jetpack_sharing_enabled":true,"_links":{"self":[{"href":"https:\/\/www.malinashop.lt\/lt_lt\/wp-json\/wp\/v2\/product\/77347","targetHints":{"allow":["GET"]}}],"collection":[{"href":"https:\/\/www.malinashop.lt\/lt_lt\/wp-json\/wp\/v2\/product"}],"about":[{"href":"https:\/\/www.malinashop.lt\/lt_lt\/wp-json\/wp\/v2\/types\/product"}],"version-history":[{"count":1,"href":"https:\/\/www.malinashop.lt\/lt_lt\/wp-json\/wp\/v2\/product\/77347\/revisions"}],"predecessor-version":[{"id":77944,"href":"https:\/\/www.malinashop.lt\/lt_lt\/wp-json\/wp\/v2\/product\/77347\/revisions\/77944"}],"wp:featuredmedia":[{"embeddable":true,"href":"https:\/\/www.malinashop.lt\/lt_lt\/wp-json\/wp\/v2\/media\/77346"}],"wp:attachment":[{"href":"https:\/\/www.malinashop.lt\/lt_lt\/wp-json\/wp\/v2\/media?parent=77347"}],"wp:term":[{"taxonomy":"product_brand","embeddable":true,"href":"https:\/\/www.malinashop.lt\/lt_lt\/wp-json\/wp\/v2\/product_brand?post=77347"},{"taxonomy":"product_cat","embeddable":true,"href":"https:\/\/www.malinashop.lt\/lt_lt\/wp-json\/wp\/v2\/product_cat?post=77347"},{"taxonomy":"product_tag","embeddable":true,"href":"https:\/\/www.malinashop.lt\/lt_lt\/wp-json\/wp\/v2\/product_tag?post=77347"}],"curies":[{"name":"wp","href":"https:\/\/api.w.org\/{rel}","templated":true}]}}