{"id":76528,"date":"2026-02-07T22:54:47","date_gmt":"2026-02-07T19:54:47","guid":{"rendered":"https:\/\/malinashop.lt\/shop\/beauty-of-joseon-veido-tonikas-glow-replenishing-rice-milk\/"},"modified":"2026-04-08T11:50:14","modified_gmt":"2026-04-08T08:50:14","slug":"beauty-of-joseon-veido-tonikas-glow-replenishing-rice-milk","status":"publish","type":"product","link":"https:\/\/www.malinashop.lt\/lt_lt\/shop\/beauty-of-joseon-veido-tonikas-glow-replenishing-rice-milk\/","title":{"rendered":"Beauty of Joseon veido tonikas Glow Replenishing Rice Milk"},"content":{"rendered":"<h4 data-path-to-node=\"2\"><b data-path-to-node=\"2\" data-index-in-node=\"0\">Beauty of Joseon Glow Replenishing Rice Milk (150 ml)<\/b><\/h4>\n<p data-path-to-node=\"3\"><b data-path-to-node=\"3\" data-index-in-node=\"0\">Beauty of Joseon Glow Replenishing Rice Milk<\/b> \u2013 tai moderni klasikinio ry\u017ei\u0173 vandens interpretacija, apjungianti gil\u0173 dr\u0117kinim\u0105 ir sebumo kontrol\u0119. \u0160is pienelio tekst\u016bros tonikas sukurtas tam, kad akimirksniu numal\u0161int\u0173 odos tro\u0161kul\u012f, suteikt\u0173 jai aksominio \u0161velnumo ir sveik\u0105, vidin\u012f spindes\u012f be nepageidaujamo blizgesio.<\/p>\n<p data-path-to-node=\"4\"><b data-path-to-node=\"4\" data-index-in-node=\"0\">Pagrindin\u0117s veikliosios med\u017eiagos:<\/b><\/p>\n<ul data-path-to-node=\"5\">\n<li>\n<p data-path-to-node=\"5,0,0\"><b data-path-to-node=\"5,0,0\" data-index-in-node=\"0\">Ry\u017ei\u0173 ekstraktas ir aminor\u016bg\u0161tys:<\/b> giliai dr\u0117kina saus\u0105 od\u0105, skatina jos regeneracij\u0105 ir pasi\u017eymi skaistinam\u0105ja galia, kuri padeda suvienodinti veido ton\u0105.<\/p>\n<\/li>\n<li>\n<p data-path-to-node=\"5,1,0\"><b data-path-to-node=\"5,1,0\" data-index-in-node=\"0\">Sebum\u0105 kontroliuojantys milteliai:<\/b> unikali formul\u0117 su smulkiais milteliais efektyviai sugeria riebal\u0173 pertekli\u0173 ir padeda i\u0161valyti bei vizualiai sutraukti poras.<\/p>\n<\/li>\n<li>\n<p data-path-to-node=\"5,2,0\"><b data-path-to-node=\"5,2,0\" data-index-in-node=\"0\">Ry\u017ei\u0173 s\u0117len\u0173 aliejus:<\/b> mink\u0161tina od\u0105 ir stiprina jos apsaugin\u012f barjer\u0105, neleisdamas dr\u0117gmei i\u0161garuoti.<\/p>\n<\/li>\n<\/ul>\n<p data-path-to-node=\"6\"><b data-path-to-node=\"6\" data-index-in-node=\"0\">Kod\u0117l verta rinktis \u0161\u012f tonik\u0105?<\/b> Nors tonikas yra pieni\u0161kos, sodrios konsistencijos, jis pasi\u017eymi itin lengva tekst\u016bra, kuri greitai ir giliai \u012fsigeria \u012f od\u0105 nepalikdama riebumo ar lipnumo poj\u016b\u010dio. Tai ideali priemon\u0117 \u201esluoksniavimui\u201c, padedanti pasiekti populiar\u0173j\u012f \u201eglass skin\u201c efekt\u0105. Tonikas subalansuoja odos b\u016bkl\u0119: sausas zonas dr\u0117kina, o riebesnes \u2013 \u0161velniai matuoja.<\/p>\n<p data-path-to-node=\"7\"><b data-path-to-node=\"7\" data-index-in-node=\"0\">Naudojimas:<\/b> Prie\u0161 naudojim\u0105 buteliuk\u0105 gerai suplakite, kad susimai\u0161yt\u0173 sebum\u0105 kontroliuojantys milteliai. Reikiam\u0105 kiek\u012f toniko u\u017epilkite ant deln\u0173 arba vatos diskelio ir \u0161velniai paskirstykite ant \u0161varios veido odos. Tap\u0161nokite pir\u0161t\u0173 galiukais, kol priemon\u0117 \u012fsigers.<\/p>\n<hr data-path-to-node=\"8\" \/>\n<p data-path-to-node=\"9\"><b data-path-to-node=\"9\" data-index-in-node=\"0\">Talpa:<\/b> 150 ml <b data-path-to-node=\"9\" data-index-in-node=\"14\">Odos tipas:<\/b> Visiems odos tipams, ypa\u010d rekomenduojama mi\u0161riai, dehidratuotai ir papilk\u0117jusiai odai.<\/p>\n<div class=\"product-details__block\">\n<div id=\"panel-2\" tabindex=\"0\" role=\"tabpanel\" aria-labelledby=\"tab-2\">\n<div class=\"rte\">\n<p><span class=\"metafield-multi_line_text_field\">Aqua, Methylpropanediol, Propanediol, 1,2-Hexanediol, Glycerin, Glycereth-26, Hydroxyethyl Urea, Polymethyl Methacrylate, Panthenol, Aluminum Chlorohydrate, Butylene Glycol, Kaolin, Microcrystalline Cellulose, Oryza Sativa Extract, Sodium Citrate, Ethylhexylglycerin, Dipotassium Glycyrrhizate, Citric Acid, Hydrogenated Lecithin, Coptis Japonica Root Extract, Amaranthus Caudatus Seed Extract, Ulmus Davidiana Root Extract, Centella Asiatica Extract, Ficus Carica Fruit Extract, Dextrin, Theobroma Cacao Seed Extract, Ceramide NP, Tocopherol, Rice Amino Acids, Sodium Hyaluronate<\/span><\/p>\n<\/div>\n<\/div>\n<\/div>\n","protected":false},"excerpt":{"rendered":"<p>Beauty of Joseon dr\u0117kinamasis veido tonikas su ry\u017ei\u0173 ekstraktu ir ry\u017ei\u0173 aminor\u016bg\u0161timis. Kovoja su sausumu, suteikia odos skaistum\u0105, kontroliuoja riebal\u0173 gamyb\u0105. Tinka vis\u0173 tip\u0173 odai. 150ml.<\/p>\n","protected":false},"featured_media":76478,"template":"","meta":[],"product_brand":[1360],"product_cat":[537,728],"product_tag":[],"class_list":{"0":"post-76528","1":"product","2":"type-product","3":"status-publish","4":"has-post-thumbnail","6":"product_brand-beauty-of-joseon","7":"product_cat-veido-valymo-priemones","8":"product_cat-veidui","10":"first","11":"outofstock","12":"taxable","13":"shipping-taxable","14":"purchasable","15":"product-type-simple"},"yoast_head":"<!-- This site is optimized with the Yoast SEO plugin v27.4 - https:\/\/yoast.com\/product\/yoast-seo-wordpress\/ -->\n<title>Beauty of Joseon veido tonikas Glow Replenishing Rice Milk - MalinaShop.lt J\u016bs\u0173 sveikatai ir gro\u017eiui.<\/title>\n<meta name=\"description\" content=\"Beauty of Joseon veido tonikas Glow Replenishing Rice Milk \u2013 ry\u017eiai ir ceramidai. Dr\u0117kina, skaistina. 150ml.\" \/>\n<meta name=\"robots\" content=\"index, follow, max-snippet:-1, max-image-preview:large, max-video-preview:-1\" \/>\n<link rel=\"canonical\" href=\"https:\/\/www.malinashop.lt\/lt_lt\/shop\/beauty-of-joseon-veido-tonikas-glow-replenishing-rice-milk\/\" \/>\n<meta property=\"og:locale\" content=\"lt_LT\" \/>\n<meta property=\"og:type\" content=\"article\" \/>\n<meta property=\"og:title\" content=\"Beauty of Joseon veido tonikas Glow Replenishing Rice Milk - MalinaShop.lt J\u016bs\u0173 sveikatai ir gro\u017eiui.\" \/>\n<meta property=\"og:description\" content=\"Beauty of Joseon veido tonikas Glow Replenishing Rice Milk \u2013 ry\u017eiai ir ceramidai. Dr\u0117kina, skaistina. 150ml.\" \/>\n<meta property=\"og:url\" content=\"https:\/\/www.malinashop.lt\/lt_lt\/shop\/beauty-of-joseon-veido-tonikas-glow-replenishing-rice-milk\/\" \/>\n<meta property=\"og:site_name\" content=\"MalinaShop.lt J\u016bs\u0173 sveikatai ir gro\u017eiui.\" \/>\n<meta property=\"article:modified_time\" content=\"2026-04-08T08:50:14+00:00\" \/>\n<meta property=\"og:image\" content=\"https:\/\/www.malinashop.lt\/wp-content\/uploads\/2026\/04\/BeautyofJoseonGlowReplenishingRiceMilkveidotonikas.png\" \/>\n\t<meta property=\"og:image:width\" content=\"1100\" \/>\n\t<meta property=\"og:image:height\" content=\"1100\" \/>\n\t<meta property=\"og:image:type\" content=\"image\/png\" \/>\n<meta name=\"twitter:card\" content=\"summary_large_image\" \/>\n<script type=\"application\/ld+json\" class=\"yoast-schema-graph\">{\"@context\":\"https:\\\/\\\/schema.org\",\"@graph\":[{\"@type\":\"WebPage\",\"@id\":\"https:\\\/\\\/www.malinashop.lt\\\/shop\\\/beauty-of-joseon-veido-tonikas-glow-replenishing-rice-milk\\\/\",\"url\":\"https:\\\/\\\/www.malinashop.lt\\\/shop\\\/beauty-of-joseon-veido-tonikas-glow-replenishing-rice-milk\\\/\",\"name\":\"Beauty of Joseon veido tonikas Glow Replenishing Rice Milk - MalinaShop.lt J\u016bs\u0173 sveikatai ir gro\u017eiui.\",\"isPartOf\":{\"@id\":\"https:\\\/\\\/www.malinashop.lt\\\/#website\"},\"primaryImageOfPage\":{\"@id\":\"https:\\\/\\\/www.malinashop.lt\\\/shop\\\/beauty-of-joseon-veido-tonikas-glow-replenishing-rice-milk\\\/#primaryimage\"},\"image\":{\"@id\":\"https:\\\/\\\/www.malinashop.lt\\\/shop\\\/beauty-of-joseon-veido-tonikas-glow-replenishing-rice-milk\\\/#primaryimage\"},\"thumbnailUrl\":\"https:\\\/\\\/www.malinashop.lt\\\/wp-content\\\/uploads\\\/2026\\\/04\\\/BeautyofJoseonGlowReplenishingRiceMilkveidotonikas.png\",\"datePublished\":\"2026-02-07T19:54:47+00:00\",\"dateModified\":\"2026-04-08T08:50:14+00:00\",\"description\":\"Beauty of Joseon veido tonikas Glow Replenishing Rice Milk \u2013 ry\u017eiai ir ceramidai. Dr\u0117kina, skaistina. 150ml.\",\"breadcrumb\":{\"@id\":\"https:\\\/\\\/www.malinashop.lt\\\/shop\\\/beauty-of-joseon-veido-tonikas-glow-replenishing-rice-milk\\\/#breadcrumb\"},\"inLanguage\":\"lt-LT\",\"potentialAction\":[{\"@type\":\"ReadAction\",\"target\":[\"https:\\\/\\\/www.malinashop.lt\\\/shop\\\/beauty-of-joseon-veido-tonikas-glow-replenishing-rice-milk\\\/\"]}]},{\"@type\":\"ImageObject\",\"inLanguage\":\"lt-LT\",\"@id\":\"https:\\\/\\\/www.malinashop.lt\\\/shop\\\/beauty-of-joseon-veido-tonikas-glow-replenishing-rice-milk\\\/#primaryimage\",\"url\":\"https:\\\/\\\/www.malinashop.lt\\\/wp-content\\\/uploads\\\/2026\\\/04\\\/BeautyofJoseonGlowReplenishingRiceMilkveidotonikas.png\",\"contentUrl\":\"https:\\\/\\\/www.malinashop.lt\\\/wp-content\\\/uploads\\\/2026\\\/04\\\/BeautyofJoseonGlowReplenishingRiceMilkveidotonikas.png\",\"width\":1100,\"height\":1100},{\"@type\":\"BreadcrumbList\",\"@id\":\"https:\\\/\\\/www.malinashop.lt\\\/shop\\\/beauty-of-joseon-veido-tonikas-glow-replenishing-rice-milk\\\/#breadcrumb\",\"itemListElement\":[{\"@type\":\"ListItem\",\"position\":1,\"name\":\"Pagrindinis\",\"item\":\"https:\\\/\\\/www.malinashop.lt\\\/\"},{\"@type\":\"ListItem\",\"position\":2,\"name\":\"Parduotuv\u0117\",\"item\":\"https:\\\/\\\/www.malinashop.lt\\\/en\\\/parduotuve\\\/\"},{\"@type\":\"ListItem\",\"position\":3,\"name\":\"Beauty of Joseon veido tonikas Glow Replenishing Rice Milk\"}]},{\"@type\":\"WebSite\",\"@id\":\"https:\\\/\\\/www.malinashop.lt\\\/#website\",\"url\":\"https:\\\/\\\/www.malinashop.lt\\\/\",\"name\":\"COM Group Ecommerce\",\"description\":\"MalinaShop.lt - Gro\u017eio ir sveikatos produktai i\u0161 patikim\u0173 preki\u0173 \u017eenkl\u0173. Atraskite auk\u0161tos kokyb\u0117s kosmetik\u0105 u\u017e puiki\u0105 kain\u0105.\",\"publisher\":{\"@id\":\"https:\\\/\\\/www.malinashop.lt\\\/#organization\"},\"potentialAction\":[{\"@type\":\"SearchAction\",\"target\":{\"@type\":\"EntryPoint\",\"urlTemplate\":\"https:\\\/\\\/www.malinashop.lt\\\/?s={search_term_string}\"},\"query-input\":{\"@type\":\"PropertyValueSpecification\",\"valueRequired\":true,\"valueName\":\"search_term_string\"}}],\"inLanguage\":\"lt-LT\"},{\"@type\":\"Organization\",\"@id\":\"https:\\\/\\\/www.malinashop.lt\\\/#organization\",\"name\":\"COM Group Ecommerce\",\"url\":\"https:\\\/\\\/www.malinashop.lt\\\/\",\"logo\":{\"@type\":\"ImageObject\",\"inLanguage\":\"lt-LT\",\"@id\":\"https:\\\/\\\/www.malinashop.lt\\\/#\\\/schema\\\/logo\\\/image\\\/\",\"url\":\"https:\\\/\\\/www.malinashop.lt\\\/wp-content\\\/uploads\\\/2024\\\/08\\\/462559670_3787732518133670_9795632669273463_n-e1731525914575.png\",\"contentUrl\":\"https:\\\/\\\/www.malinashop.lt\\\/wp-content\\\/uploads\\\/2024\\\/08\\\/462559670_3787732518133670_9795632669273463_n-e1731525914575.png\",\"width\":180,\"height\":60,\"caption\":\"COM Group Ecommerce\"},\"image\":{\"@id\":\"https:\\\/\\\/www.malinashop.lt\\\/#\\\/schema\\\/logo\\\/image\\\/\"}}]}<\/script>\n<!-- \/ Yoast SEO plugin. -->","yoast_head_json":{"title":"Beauty of Joseon veido tonikas Glow Replenishing Rice Milk - MalinaShop.lt J\u016bs\u0173 sveikatai ir gro\u017eiui.","description":"Beauty of Joseon veido tonikas Glow Replenishing Rice Milk \u2013 ry\u017eiai ir ceramidai. Dr\u0117kina, skaistina. 150ml.","robots":{"index":"index","follow":"follow","max-snippet":"max-snippet:-1","max-image-preview":"max-image-preview:large","max-video-preview":"max-video-preview:-1"},"canonical":"https:\/\/www.malinashop.lt\/lt_lt\/shop\/beauty-of-joseon-veido-tonikas-glow-replenishing-rice-milk\/","og_locale":"lt_LT","og_type":"article","og_title":"Beauty of Joseon veido tonikas Glow Replenishing Rice Milk - MalinaShop.lt J\u016bs\u0173 sveikatai ir gro\u017eiui.","og_description":"Beauty of Joseon veido tonikas Glow Replenishing Rice Milk \u2013 ry\u017eiai ir ceramidai. Dr\u0117kina, skaistina. 150ml.","og_url":"https:\/\/www.malinashop.lt\/lt_lt\/shop\/beauty-of-joseon-veido-tonikas-glow-replenishing-rice-milk\/","og_site_name":"MalinaShop.lt J\u016bs\u0173 sveikatai ir gro\u017eiui.","article_modified_time":"2026-04-08T08:50:14+00:00","og_image":[{"width":1100,"height":1100,"url":"https:\/\/www.malinashop.lt\/wp-content\/uploads\/2026\/04\/BeautyofJoseonGlowReplenishingRiceMilkveidotonikas.png","type":"image\/png"}],"twitter_card":"summary_large_image","schema":{"@context":"https:\/\/schema.org","@graph":[{"@type":"WebPage","@id":"https:\/\/www.malinashop.lt\/shop\/beauty-of-joseon-veido-tonikas-glow-replenishing-rice-milk\/","url":"https:\/\/www.malinashop.lt\/shop\/beauty-of-joseon-veido-tonikas-glow-replenishing-rice-milk\/","name":"Beauty of Joseon veido tonikas Glow Replenishing Rice Milk - MalinaShop.lt J\u016bs\u0173 sveikatai ir gro\u017eiui.","isPartOf":{"@id":"https:\/\/www.malinashop.lt\/#website"},"primaryImageOfPage":{"@id":"https:\/\/www.malinashop.lt\/shop\/beauty-of-joseon-veido-tonikas-glow-replenishing-rice-milk\/#primaryimage"},"image":{"@id":"https:\/\/www.malinashop.lt\/shop\/beauty-of-joseon-veido-tonikas-glow-replenishing-rice-milk\/#primaryimage"},"thumbnailUrl":"https:\/\/www.malinashop.lt\/wp-content\/uploads\/2026\/04\/BeautyofJoseonGlowReplenishingRiceMilkveidotonikas.png","datePublished":"2026-02-07T19:54:47+00:00","dateModified":"2026-04-08T08:50:14+00:00","description":"Beauty of Joseon veido tonikas Glow Replenishing Rice Milk \u2013 ry\u017eiai ir ceramidai. Dr\u0117kina, skaistina. 150ml.","breadcrumb":{"@id":"https:\/\/www.malinashop.lt\/shop\/beauty-of-joseon-veido-tonikas-glow-replenishing-rice-milk\/#breadcrumb"},"inLanguage":"lt-LT","potentialAction":[{"@type":"ReadAction","target":["https:\/\/www.malinashop.lt\/shop\/beauty-of-joseon-veido-tonikas-glow-replenishing-rice-milk\/"]}]},{"@type":"ImageObject","inLanguage":"lt-LT","@id":"https:\/\/www.malinashop.lt\/shop\/beauty-of-joseon-veido-tonikas-glow-replenishing-rice-milk\/#primaryimage","url":"https:\/\/www.malinashop.lt\/wp-content\/uploads\/2026\/04\/BeautyofJoseonGlowReplenishingRiceMilkveidotonikas.png","contentUrl":"https:\/\/www.malinashop.lt\/wp-content\/uploads\/2026\/04\/BeautyofJoseonGlowReplenishingRiceMilkveidotonikas.png","width":1100,"height":1100},{"@type":"BreadcrumbList","@id":"https:\/\/www.malinashop.lt\/shop\/beauty-of-joseon-veido-tonikas-glow-replenishing-rice-milk\/#breadcrumb","itemListElement":[{"@type":"ListItem","position":1,"name":"Pagrindinis","item":"https:\/\/www.malinashop.lt\/"},{"@type":"ListItem","position":2,"name":"Parduotuv\u0117","item":"https:\/\/www.malinashop.lt\/en\/parduotuve\/"},{"@type":"ListItem","position":3,"name":"Beauty of Joseon veido tonikas Glow Replenishing Rice Milk"}]},{"@type":"WebSite","@id":"https:\/\/www.malinashop.lt\/#website","url":"https:\/\/www.malinashop.lt\/","name":"COM Group Ecommerce","description":"MalinaShop.lt - Gro\u017eio ir sveikatos produktai i\u0161 patikim\u0173 preki\u0173 \u017eenkl\u0173. Atraskite auk\u0161tos kokyb\u0117s kosmetik\u0105 u\u017e puiki\u0105 kain\u0105.","publisher":{"@id":"https:\/\/www.malinashop.lt\/#organization"},"potentialAction":[{"@type":"SearchAction","target":{"@type":"EntryPoint","urlTemplate":"https:\/\/www.malinashop.lt\/?s={search_term_string}"},"query-input":{"@type":"PropertyValueSpecification","valueRequired":true,"valueName":"search_term_string"}}],"inLanguage":"lt-LT"},{"@type":"Organization","@id":"https:\/\/www.malinashop.lt\/#organization","name":"COM Group Ecommerce","url":"https:\/\/www.malinashop.lt\/","logo":{"@type":"ImageObject","inLanguage":"lt-LT","@id":"https:\/\/www.malinashop.lt\/#\/schema\/logo\/image\/","url":"https:\/\/www.malinashop.lt\/wp-content\/uploads\/2024\/08\/462559670_3787732518133670_9795632669273463_n-e1731525914575.png","contentUrl":"https:\/\/www.malinashop.lt\/wp-content\/uploads\/2024\/08\/462559670_3787732518133670_9795632669273463_n-e1731525914575.png","width":180,"height":60,"caption":"COM Group Ecommerce"},"image":{"@id":"https:\/\/www.malinashop.lt\/#\/schema\/logo\/image\/"}}]}},"jetpack_sharing_enabled":true,"_links":{"self":[{"href":"https:\/\/www.malinashop.lt\/lt_lt\/wp-json\/wp\/v2\/product\/76528","targetHints":{"allow":["GET"]}}],"collection":[{"href":"https:\/\/www.malinashop.lt\/lt_lt\/wp-json\/wp\/v2\/product"}],"about":[{"href":"https:\/\/www.malinashop.lt\/lt_lt\/wp-json\/wp\/v2\/types\/product"}],"version-history":[{"count":3,"href":"https:\/\/www.malinashop.lt\/lt_lt\/wp-json\/wp\/v2\/product\/76528\/revisions"}],"predecessor-version":[{"id":76634,"href":"https:\/\/www.malinashop.lt\/lt_lt\/wp-json\/wp\/v2\/product\/76528\/revisions\/76634"}],"wp:featuredmedia":[{"embeddable":true,"href":"https:\/\/www.malinashop.lt\/lt_lt\/wp-json\/wp\/v2\/media\/76478"}],"wp:attachment":[{"href":"https:\/\/www.malinashop.lt\/lt_lt\/wp-json\/wp\/v2\/media?parent=76528"}],"wp:term":[{"taxonomy":"product_brand","embeddable":true,"href":"https:\/\/www.malinashop.lt\/lt_lt\/wp-json\/wp\/v2\/product_brand?post=76528"},{"taxonomy":"product_cat","embeddable":true,"href":"https:\/\/www.malinashop.lt\/lt_lt\/wp-json\/wp\/v2\/product_cat?post=76528"},{"taxonomy":"product_tag","embeddable":true,"href":"https:\/\/www.malinashop.lt\/lt_lt\/wp-json\/wp\/v2\/product_tag?post=76528"}],"curies":[{"name":"wp","href":"https:\/\/api.w.org\/{rel}","templated":true}]}}