{"id":76524,"date":"2026-02-07T22:54:45","date_gmt":"2026-02-07T19:54:45","guid":{"rendered":"https:\/\/malinashop.lt\/shop\/beauty-of-joseon-gelinis-veido-kremas-red-bean-water-gel\/"},"modified":"2026-04-07T23:52:41","modified_gmt":"2026-04-07T20:52:41","slug":"beauty-of-joseon-gelinis-veido-kremas-red-bean-water-gel","status":"publish","type":"product","link":"https:\/\/www.malinashop.lt\/lt_lt\/shop\/beauty-of-joseon-gelinis-veido-kremas-red-bean-water-gel\/","title":{"rendered":"Beauty of Joseon gelinis veido kremas Red Bean Water Gel"},"content":{"rendered":"<h4 data-path-to-node=\"2\"><b data-path-to-node=\"2\" data-index-in-node=\"0\">Beauty of Joseon Red Bean Water Gel (100 ml)<\/b><\/h4>\n<p data-path-to-node=\"3\"><b data-path-to-node=\"3\" data-index-in-node=\"0\">Beauty of Joseon Red Bean Water Gel<\/b> \u2013 tai lengvas, gelin\u0117s tekst\u016bros dr\u0117kiklis, sukurtas specialiai tiems, kurie ie\u0161ko intensyvaus dr\u0117kinimo be sunkaus ar riebaus sluoksnio poj\u016b\u010dio. \u0160i priemon\u0117 padeda subalansuoti odos dr\u0117gm\u0117s ir riebal\u0173 pusiausvyr\u0105, palikdama veid\u0105 gaiv\u0173, matin\u012f ir elasting\u0105.<\/p>\n<p data-path-to-node=\"4\"><b data-path-to-node=\"4\" data-index-in-node=\"0\">Pagrindin\u0117s veikliosios med\u017eiagos:<\/b><\/p>\n<ul data-path-to-node=\"5\">\n<li>\n<p data-path-to-node=\"5,0,0\"><b data-path-to-node=\"5,0,0\" data-index-in-node=\"0\">Raudon\u0173j\u0173 pupeli\u0173 ekstraktas (44 %):<\/b> nat\u016bralus ingredientas, kuris padeda kontroliuoti sebumo i\u0161siskyrim\u0105 ir vizualiai pagerina odos tekst\u016br\u0105.<\/p>\n<\/li>\n<li>\n<p data-path-to-node=\"5,1,0\"><b data-path-to-node=\"5,1,0\" data-index-in-node=\"0\">Peptid\u0173 kompleksas:<\/b> padeda stangrinti od\u0105, skatina jos atsinaujinim\u0105 ir ma\u017eina smulki\u0173 rauk\u0161leli\u0173 matomum\u0105.<\/p>\n<\/li>\n<li>\n<p data-path-to-node=\"5,2,0\"><b data-path-to-node=\"5,2,0\" data-index-in-node=\"0\">Pantenolis ir Alantoinas:<\/b> \u0161is derinys akimirksniu ramina sudirgusi\u0105 od\u0105, slopina raudon\u012f ir stiprina apsaugin\u012f barjer\u0105.<\/p>\n<\/li>\n<\/ul>\n<p data-path-to-node=\"6\"><b data-path-to-node=\"6\" data-index-in-node=\"0\">Kod\u0117l verta rinktis \u0161\u012f gel\u012f?<\/b> D\u0117l savo vandenin\u0117s-gelin\u0117s tekst\u016bros dr\u0117kiklis akimirksniu \u012fsigeria \u012f od\u0105, tod\u0117l idealiai tinka naudoti tiek ryte prie\u0161 makia\u017e\u0105, tiek vakare. Tai puikus sprendimas riebiai ir \u012f b\u0117rimus linkusiai odai, nes priemon\u0117 nekem\u0161a por\u0173 ir leid\u017eia odai \u201ekv\u0117puoti\u201c. Vegani\u0161ka sud\u0117tis u\u017etikrina \u0161velni\u0105, bet efektyvi\u0105 prie\u017ei\u016br\u0105.<\/p>\n<p data-path-to-node=\"7\"><b data-path-to-node=\"7\" data-index-in-node=\"0\">Naudojimas:<\/b> Nedidel\u012f kiek\u012f gelio tolygiai paskirstykite ant \u0161varios ir tonizuotos veido odos. \u0160velniai patap\u0161nokite pir\u0161t\u0173 galiukais, kol priemon\u0117 visi\u0161kai \u012fsigers.<\/p>\n<p data-path-to-node=\"8\"><b data-path-to-node=\"8\" data-index-in-node=\"0\">Talpa:<\/b> 100 ml <b data-path-to-node=\"8\" data-index-in-node=\"14\">Odos tipas:<\/b> Riebi, mi\u0161ri ir problemin\u0117 oda.<\/p>\n<h3>Sud\u0117tis<\/h3>\n<div class=\"product-details__block\">\n<div id=\"panel-2\" tabindex=\"0\" role=\"tabpanel\" aria-labelledby=\"tab-2\">\n<div class=\"rte\">\n<p><span class=\"metafield-multi_line_text_field\">Aqua, Butylene Glycol, Glycerin, 1,2-Hexanediol, Methyl Trimethicone, Phaseolus Angularis Seed Extract, Glyceryl Glucoside, Acrylates\/C10-30 Alkyl Acrylate Crosspolymer, Tromethamine, C12-14 Alketh-12, Maltodextrin, Ammonium Acryloyldimethyltaurate\/VP Copolymer, Dimethicone\/Vinyl Dimethicone Crosspolymer, Dimethicone Crosspolymer, Ethylhexylglycerin, Betaine, Panthenol, Glyceryl Acrylate\/Acrylic Acid Copolymer, Polyquaternium-51, Allantoin, Dioscorea Japonica Root Extract, Dipotassium Glycyrrhizate, Xanthan Gum, Disodium EDTA, Beta-Glucan, Glucose, Hydrolyzed Corn Starch, Sodium Citrate, Sucrose, Citric Acid, Magnesium Ascorbyl Phosphate, Caprylyl Glycol, Helianthus Annuus Seed Oil, Tocopherol, Cyanocobalamin, Glycine, Serine, Glutamic Acid, Aspartic Acid, Leucine, Acetyl Hexapeptide-8, Alanine, Lysine, Arginine, Tyrosine, Phenylalanine, Proline, Threonine, Valine, Isoleucine, Histidine, Cysteine, Methionine, sh-Oligopeptide-1, sh-Oligopeptide-2, sh-Polypeptide-1<\/span><\/p>\n<\/div>\n<\/div>\n<\/div>\n","protected":false},"excerpt":{"rendered":"<p>Beauty of Joseon lengvas gelinis veido dr\u0117kiklis su raudon\u0173j\u0173 pupeli\u0173 ekstraktu, peptidais ir alantoinu. Greitai absorbuojamas, suteikia dr\u0117gm\u0119 nepaliekant riebumo. Vegani\u0161ka sud\u0117tis. 100ml.<\/p>\n","protected":false},"featured_media":76458,"template":"","meta":[],"product_brand":[1360],"product_cat":[187,728],"product_tag":[],"class_list":{"0":"post-76524","1":"product","2":"type-product","3":"status-publish","4":"has-post-thumbnail","6":"product_brand-beauty-of-joseon","7":"product_cat-veido-kremai","8":"product_cat-veidui","10":"first","11":"outofstock","12":"taxable","13":"shipping-taxable","14":"purchasable","15":"product-type-simple"},"yoast_head":"<!-- This site is optimized with the Yoast SEO plugin v27.4 - https:\/\/yoast.com\/product\/yoast-seo-wordpress\/ -->\n<title>Beauty of Joseon gelinis veido kremas Red Bean Water Gel - MalinaShop.lt J\u016bs\u0173 sveikatai ir gro\u017eiui.<\/title>\n<meta name=\"description\" content=\"Beauty of Joseon gelinis kremas Red Bean Water Gel \u2013 lengvas, greitai absorbuojamas. Riebalinei odai. Vegani\u0161ka. 100ml.\" \/>\n<meta name=\"robots\" content=\"index, follow, max-snippet:-1, max-image-preview:large, max-video-preview:-1\" \/>\n<link rel=\"canonical\" href=\"https:\/\/www.malinashop.lt\/lt_lt\/shop\/beauty-of-joseon-gelinis-veido-kremas-red-bean-water-gel\/\" \/>\n<meta property=\"og:locale\" content=\"lt_LT\" \/>\n<meta property=\"og:type\" content=\"article\" \/>\n<meta property=\"og:title\" content=\"Beauty of Joseon gelinis veido kremas Red Bean Water Gel - MalinaShop.lt J\u016bs\u0173 sveikatai ir gro\u017eiui.\" \/>\n<meta property=\"og:description\" content=\"Beauty of Joseon gelinis kremas Red Bean Water Gel \u2013 lengvas, greitai absorbuojamas. Riebalinei odai. Vegani\u0161ka. 100ml.\" \/>\n<meta property=\"og:url\" content=\"https:\/\/www.malinashop.lt\/lt_lt\/shop\/beauty-of-joseon-gelinis-veido-kremas-red-bean-water-gel\/\" \/>\n<meta property=\"og:site_name\" content=\"MalinaShop.lt J\u016bs\u0173 sveikatai ir gro\u017eiui.\" \/>\n<meta property=\"article:modified_time\" content=\"2026-04-07T20:52:41+00:00\" \/>\n<meta property=\"og:image\" content=\"https:\/\/www.malinashop.lt\/wp-content\/uploads\/2026\/04\/Beauty-of-Joseon-Red-Bean-Water-Gel-gelinis-veido-kremas.png\" \/>\n\t<meta property=\"og:image:width\" content=\"1100\" \/>\n\t<meta property=\"og:image:height\" content=\"1100\" \/>\n\t<meta property=\"og:image:type\" content=\"image\/png\" \/>\n<meta name=\"twitter:card\" content=\"summary_large_image\" \/>\n<script type=\"application\/ld+json\" class=\"yoast-schema-graph\">{\"@context\":\"https:\\\/\\\/schema.org\",\"@graph\":[{\"@type\":\"WebPage\",\"@id\":\"https:\\\/\\\/www.malinashop.lt\\\/lt_lt\\\/shop\\\/beauty-of-joseon-gelinis-veido-kremas-red-bean-water-gel\\\/\",\"url\":\"https:\\\/\\\/www.malinashop.lt\\\/lt_lt\\\/shop\\\/beauty-of-joseon-gelinis-veido-kremas-red-bean-water-gel\\\/\",\"name\":\"Beauty of Joseon gelinis veido kremas Red Bean Water Gel - MalinaShop.lt J\u016bs\u0173 sveikatai ir gro\u017eiui.\",\"isPartOf\":{\"@id\":\"https:\\\/\\\/www.malinashop.lt\\\/en\\\/#website\"},\"primaryImageOfPage\":{\"@id\":\"https:\\\/\\\/www.malinashop.lt\\\/lt_lt\\\/shop\\\/beauty-of-joseon-gelinis-veido-kremas-red-bean-water-gel\\\/#primaryimage\"},\"image\":{\"@id\":\"https:\\\/\\\/www.malinashop.lt\\\/lt_lt\\\/shop\\\/beauty-of-joseon-gelinis-veido-kremas-red-bean-water-gel\\\/#primaryimage\"},\"thumbnailUrl\":\"https:\\\/\\\/www.malinashop.lt\\\/wp-content\\\/uploads\\\/2026\\\/04\\\/Beauty-of-Joseon-Red-Bean-Water-Gel-gelinis-veido-kremas.png\",\"datePublished\":\"2026-02-07T19:54:45+00:00\",\"dateModified\":\"2026-04-07T20:52:41+00:00\",\"description\":\"Beauty of Joseon gelinis kremas Red Bean Water Gel \u2013 lengvas, greitai absorbuojamas. Riebalinei odai. Vegani\u0161ka. 100ml.\",\"breadcrumb\":{\"@id\":\"https:\\\/\\\/www.malinashop.lt\\\/lt_lt\\\/shop\\\/beauty-of-joseon-gelinis-veido-kremas-red-bean-water-gel\\\/#breadcrumb\"},\"inLanguage\":\"lt-LT\",\"potentialAction\":[{\"@type\":\"ReadAction\",\"target\":[\"https:\\\/\\\/www.malinashop.lt\\\/lt_lt\\\/shop\\\/beauty-of-joseon-gelinis-veido-kremas-red-bean-water-gel\\\/\"]}]},{\"@type\":\"ImageObject\",\"inLanguage\":\"lt-LT\",\"@id\":\"https:\\\/\\\/www.malinashop.lt\\\/lt_lt\\\/shop\\\/beauty-of-joseon-gelinis-veido-kremas-red-bean-water-gel\\\/#primaryimage\",\"url\":\"https:\\\/\\\/www.malinashop.lt\\\/wp-content\\\/uploads\\\/2026\\\/04\\\/Beauty-of-Joseon-Red-Bean-Water-Gel-gelinis-veido-kremas.png\",\"contentUrl\":\"https:\\\/\\\/www.malinashop.lt\\\/wp-content\\\/uploads\\\/2026\\\/04\\\/Beauty-of-Joseon-Red-Bean-Water-Gel-gelinis-veido-kremas.png\",\"width\":1100,\"height\":1100},{\"@type\":\"BreadcrumbList\",\"@id\":\"https:\\\/\\\/www.malinashop.lt\\\/lt_lt\\\/shop\\\/beauty-of-joseon-gelinis-veido-kremas-red-bean-water-gel\\\/#breadcrumb\",\"itemListElement\":[{\"@type\":\"ListItem\",\"position\":1,\"name\":\"Home\",\"item\":\"https:\\\/\\\/www.malinashop.lt\\\/en\\\/\"},{\"@type\":\"ListItem\",\"position\":2,\"name\":\"Parduotuv\u0117\",\"item\":\"https:\\\/\\\/www.malinashop.lt\\\/en\\\/parduotuve\\\/\"},{\"@type\":\"ListItem\",\"position\":3,\"name\":\"Beauty of Joseon gelinis veido kremas Red Bean Water Gel\"}]},{\"@type\":\"WebSite\",\"@id\":\"https:\\\/\\\/www.malinashop.lt\\\/en\\\/#website\",\"url\":\"https:\\\/\\\/www.malinashop.lt\\\/en\\\/\",\"name\":\"COM Group Ecommerce\",\"description\":\"MalinaShop.lt - Gro\u017eio ir sveikatos produktai i\u0161 patikim\u0173 preki\u0173 \u017eenkl\u0173. Atraskite auk\u0161tos kokyb\u0117s kosmetik\u0105 u\u017e puiki\u0105 kain\u0105.\",\"publisher\":{\"@id\":\"https:\\\/\\\/www.malinashop.lt\\\/en\\\/#organization\"},\"potentialAction\":[{\"@type\":\"SearchAction\",\"target\":{\"@type\":\"EntryPoint\",\"urlTemplate\":\"https:\\\/\\\/www.malinashop.lt\\\/en\\\/?s={search_term_string}\"},\"query-input\":{\"@type\":\"PropertyValueSpecification\",\"valueRequired\":true,\"valueName\":\"search_term_string\"}}],\"inLanguage\":\"lt-LT\"},{\"@type\":\"Organization\",\"@id\":\"https:\\\/\\\/www.malinashop.lt\\\/en\\\/#organization\",\"name\":\"COM Group Ecommerce\",\"url\":\"https:\\\/\\\/www.malinashop.lt\\\/en\\\/\",\"logo\":{\"@type\":\"ImageObject\",\"inLanguage\":\"lt-LT\",\"@id\":\"https:\\\/\\\/www.malinashop.lt\\\/en\\\/#\\\/schema\\\/logo\\\/image\\\/\",\"url\":\"https:\\\/\\\/www.malinashop.lt\\\/wp-content\\\/uploads\\\/2024\\\/08\\\/462559670_3787732518133670_9795632669273463_n-e1731525914575.png\",\"contentUrl\":\"https:\\\/\\\/www.malinashop.lt\\\/wp-content\\\/uploads\\\/2024\\\/08\\\/462559670_3787732518133670_9795632669273463_n-e1731525914575.png\",\"width\":180,\"height\":60,\"caption\":\"COM Group Ecommerce\"},\"image\":{\"@id\":\"https:\\\/\\\/www.malinashop.lt\\\/en\\\/#\\\/schema\\\/logo\\\/image\\\/\"}}]}<\/script>\n<!-- \/ Yoast SEO plugin. -->","yoast_head_json":{"title":"Beauty of Joseon gelinis veido kremas Red Bean Water Gel - MalinaShop.lt J\u016bs\u0173 sveikatai ir gro\u017eiui.","description":"Beauty of Joseon gelinis kremas Red Bean Water Gel \u2013 lengvas, greitai absorbuojamas. Riebalinei odai. Vegani\u0161ka. 100ml.","robots":{"index":"index","follow":"follow","max-snippet":"max-snippet:-1","max-image-preview":"max-image-preview:large","max-video-preview":"max-video-preview:-1"},"canonical":"https:\/\/www.malinashop.lt\/lt_lt\/shop\/beauty-of-joseon-gelinis-veido-kremas-red-bean-water-gel\/","og_locale":"lt_LT","og_type":"article","og_title":"Beauty of Joseon gelinis veido kremas Red Bean Water Gel - MalinaShop.lt J\u016bs\u0173 sveikatai ir gro\u017eiui.","og_description":"Beauty of Joseon gelinis kremas Red Bean Water Gel \u2013 lengvas, greitai absorbuojamas. Riebalinei odai. Vegani\u0161ka. 100ml.","og_url":"https:\/\/www.malinashop.lt\/lt_lt\/shop\/beauty-of-joseon-gelinis-veido-kremas-red-bean-water-gel\/","og_site_name":"MalinaShop.lt J\u016bs\u0173 sveikatai ir gro\u017eiui.","article_modified_time":"2026-04-07T20:52:41+00:00","og_image":[{"width":1100,"height":1100,"url":"https:\/\/www.malinashop.lt\/wp-content\/uploads\/2026\/04\/Beauty-of-Joseon-Red-Bean-Water-Gel-gelinis-veido-kremas.png","type":"image\/png"}],"twitter_card":"summary_large_image","schema":{"@context":"https:\/\/schema.org","@graph":[{"@type":"WebPage","@id":"https:\/\/www.malinashop.lt\/lt_lt\/shop\/beauty-of-joseon-gelinis-veido-kremas-red-bean-water-gel\/","url":"https:\/\/www.malinashop.lt\/lt_lt\/shop\/beauty-of-joseon-gelinis-veido-kremas-red-bean-water-gel\/","name":"Beauty of Joseon gelinis veido kremas Red Bean Water Gel - MalinaShop.lt J\u016bs\u0173 sveikatai ir gro\u017eiui.","isPartOf":{"@id":"https:\/\/www.malinashop.lt\/en\/#website"},"primaryImageOfPage":{"@id":"https:\/\/www.malinashop.lt\/lt_lt\/shop\/beauty-of-joseon-gelinis-veido-kremas-red-bean-water-gel\/#primaryimage"},"image":{"@id":"https:\/\/www.malinashop.lt\/lt_lt\/shop\/beauty-of-joseon-gelinis-veido-kremas-red-bean-water-gel\/#primaryimage"},"thumbnailUrl":"https:\/\/www.malinashop.lt\/wp-content\/uploads\/2026\/04\/Beauty-of-Joseon-Red-Bean-Water-Gel-gelinis-veido-kremas.png","datePublished":"2026-02-07T19:54:45+00:00","dateModified":"2026-04-07T20:52:41+00:00","description":"Beauty of Joseon gelinis kremas Red Bean Water Gel \u2013 lengvas, greitai absorbuojamas. Riebalinei odai. Vegani\u0161ka. 100ml.","breadcrumb":{"@id":"https:\/\/www.malinashop.lt\/lt_lt\/shop\/beauty-of-joseon-gelinis-veido-kremas-red-bean-water-gel\/#breadcrumb"},"inLanguage":"lt-LT","potentialAction":[{"@type":"ReadAction","target":["https:\/\/www.malinashop.lt\/lt_lt\/shop\/beauty-of-joseon-gelinis-veido-kremas-red-bean-water-gel\/"]}]},{"@type":"ImageObject","inLanguage":"lt-LT","@id":"https:\/\/www.malinashop.lt\/lt_lt\/shop\/beauty-of-joseon-gelinis-veido-kremas-red-bean-water-gel\/#primaryimage","url":"https:\/\/www.malinashop.lt\/wp-content\/uploads\/2026\/04\/Beauty-of-Joseon-Red-Bean-Water-Gel-gelinis-veido-kremas.png","contentUrl":"https:\/\/www.malinashop.lt\/wp-content\/uploads\/2026\/04\/Beauty-of-Joseon-Red-Bean-Water-Gel-gelinis-veido-kremas.png","width":1100,"height":1100},{"@type":"BreadcrumbList","@id":"https:\/\/www.malinashop.lt\/lt_lt\/shop\/beauty-of-joseon-gelinis-veido-kremas-red-bean-water-gel\/#breadcrumb","itemListElement":[{"@type":"ListItem","position":1,"name":"Home","item":"https:\/\/www.malinashop.lt\/en\/"},{"@type":"ListItem","position":2,"name":"Parduotuv\u0117","item":"https:\/\/www.malinashop.lt\/en\/parduotuve\/"},{"@type":"ListItem","position":3,"name":"Beauty of Joseon gelinis veido kremas Red Bean Water Gel"}]},{"@type":"WebSite","@id":"https:\/\/www.malinashop.lt\/en\/#website","url":"https:\/\/www.malinashop.lt\/en\/","name":"COM Group Ecommerce","description":"MalinaShop.lt - Gro\u017eio ir sveikatos produktai i\u0161 patikim\u0173 preki\u0173 \u017eenkl\u0173. Atraskite auk\u0161tos kokyb\u0117s kosmetik\u0105 u\u017e puiki\u0105 kain\u0105.","publisher":{"@id":"https:\/\/www.malinashop.lt\/en\/#organization"},"potentialAction":[{"@type":"SearchAction","target":{"@type":"EntryPoint","urlTemplate":"https:\/\/www.malinashop.lt\/en\/?s={search_term_string}"},"query-input":{"@type":"PropertyValueSpecification","valueRequired":true,"valueName":"search_term_string"}}],"inLanguage":"lt-LT"},{"@type":"Organization","@id":"https:\/\/www.malinashop.lt\/en\/#organization","name":"COM Group Ecommerce","url":"https:\/\/www.malinashop.lt\/en\/","logo":{"@type":"ImageObject","inLanguage":"lt-LT","@id":"https:\/\/www.malinashop.lt\/en\/#\/schema\/logo\/image\/","url":"https:\/\/www.malinashop.lt\/wp-content\/uploads\/2024\/08\/462559670_3787732518133670_9795632669273463_n-e1731525914575.png","contentUrl":"https:\/\/www.malinashop.lt\/wp-content\/uploads\/2024\/08\/462559670_3787732518133670_9795632669273463_n-e1731525914575.png","width":180,"height":60,"caption":"COM Group Ecommerce"},"image":{"@id":"https:\/\/www.malinashop.lt\/en\/#\/schema\/logo\/image\/"}}]}},"jetpack_sharing_enabled":true,"_links":{"self":[{"href":"https:\/\/www.malinashop.lt\/lt_lt\/wp-json\/wp\/v2\/product\/76524","targetHints":{"allow":["GET"]}}],"collection":[{"href":"https:\/\/www.malinashop.lt\/lt_lt\/wp-json\/wp\/v2\/product"}],"about":[{"href":"https:\/\/www.malinashop.lt\/lt_lt\/wp-json\/wp\/v2\/types\/product"}],"version-history":[{"count":3,"href":"https:\/\/www.malinashop.lt\/lt_lt\/wp-json\/wp\/v2\/product\/76524\/revisions"}],"predecessor-version":[{"id":76595,"href":"https:\/\/www.malinashop.lt\/lt_lt\/wp-json\/wp\/v2\/product\/76524\/revisions\/76595"}],"wp:featuredmedia":[{"embeddable":true,"href":"https:\/\/www.malinashop.lt\/lt_lt\/wp-json\/wp\/v2\/media\/76458"}],"wp:attachment":[{"href":"https:\/\/www.malinashop.lt\/lt_lt\/wp-json\/wp\/v2\/media?parent=76524"}],"wp:term":[{"taxonomy":"product_brand","embeddable":true,"href":"https:\/\/www.malinashop.lt\/lt_lt\/wp-json\/wp\/v2\/product_brand?post=76524"},{"taxonomy":"product_cat","embeddable":true,"href":"https:\/\/www.malinashop.lt\/lt_lt\/wp-json\/wp\/v2\/product_cat?post=76524"},{"taxonomy":"product_tag","embeddable":true,"href":"https:\/\/www.malinashop.lt\/lt_lt\/wp-json\/wp\/v2\/product_tag?post=76524"}],"curies":[{"name":"wp","href":"https:\/\/api.w.org\/{rel}","templated":true}]}}