{"id":76523,"date":"2026-04-07T22:54:44","date_gmt":"2026-04-07T19:54:44","guid":{"rendered":"https:\/\/malinashop.lt\/shop\/beauty-of-joseon-molio-kauke-red-bean-refreshing-pore-mask\/"},"modified":"2026-04-07T23:37:12","modified_gmt":"2026-04-07T20:37:12","slug":"beauty-of-joseon-molio-kauke-red-bean-refreshing-pore-mask","status":"publish","type":"product","link":"https:\/\/www.malinashop.lt\/lt_lt\/shop\/beauty-of-joseon-molio-kauke-red-bean-refreshing-pore-mask\/","title":{"rendered":"Beauty of Joseon molio kauk\u0117 Red Bean Refreshing Pore Mask"},"content":{"rendered":"<h4 data-path-to-node=\"2\"><b data-path-to-node=\"2\" data-index-in-node=\"0\">Beauty of Joseon Red Bean Refreshing Pore Mask (140 ml)<\/b><\/h4>\n<p data-path-to-node=\"3\"><b data-path-to-node=\"3\" data-index-in-node=\"0\">Beauty of Joseon Red Bean Refreshing Pore Mask<\/b> \u2013 tai gaivinanti, kremin\u0117s tekst\u016bros molio kauk\u0117, sukurta specialiai por\u0173 prie\u017ei\u016brai ir riebal\u0173 pusiausvyros atk\u016brimui. Prie\u0161ingai nei \u012fprastos molio kauk\u0117s, \u0161i priemon\u0117 maloniai v\u0117sina ir dr\u0117kina, tod\u0117l po proced\u016bros oda netampa sausa ar \u012ftempta.<\/p>\n<p data-path-to-node=\"4\"><b data-path-to-node=\"4\" data-index-in-node=\"0\">Pagrindin\u0117s veikliosios med\u017eiagos:<\/b><\/p>\n<ul data-path-to-node=\"5\">\n<li>\n<p data-path-to-node=\"5,0,0\"><b data-path-to-node=\"5,0,0\" data-index-in-node=\"0\">Raudon\u0173j\u0173 pupeli\u0173 ekstraktas (Haenam):<\/b> nat\u016bralus ingredientas, kuris kartu su raudon\u0173j\u0173 pupeli\u0173 milteliais veikia kaip \u0161velnus \u0161veitiklis. Jis padeda lyginti odos tekst\u016br\u0105 ir valyti ne\u0161varumus.<\/p>\n<\/li>\n<li>\n<p data-path-to-node=\"5,1,0\"><b data-path-to-node=\"5,1,0\" data-index-in-node=\"0\">Kaolinas (molis):<\/b> pasi\u017eymi puikiomis sugeriamomis savyb\u0117mis \u2013 efektyviai sugeria riebal\u0173 pertekli\u0173 (sebum\u0105) ir valo u\u017esikim\u0161usias poras.<\/p>\n<\/li>\n<li>\n<p data-path-to-node=\"5,2,0\"><b data-path-to-node=\"5,2,0\" data-index-in-node=\"0\">Geben\u0117s ir obuoli\u0173 ekstraktai:<\/b> pasi\u017eymi dr\u0117kinamuoju poveikiu, ramina od\u0105 ir saugo j\u0105 nuo \u017ealingo laisv\u0173j\u0173 radikal\u0173 poveikio.<\/p>\n<\/li>\n<\/ul>\n<p data-path-to-node=\"6\"><b data-path-to-node=\"6\" data-index-in-node=\"0\">Kod\u0117l verta rinktis \u0161i\u0105 kauk\u0119?<\/b> Tai puikus sprendimas turintiems i\u0161sipl\u0117tusias poras ar besiriebaluojan\u010di\u0105 T-zon\u0105. Kauk\u0117 pasi\u017eymi lengva, puria tekst\u016bra, kuri\u0105 malonu tepti, o v\u0117sinantis efektas suteikia odai momentin\u012f gaivum\u0105. Rezultatas \u2013 \u0161vari, matin\u0117, bet kartu mink\u0161ta ir spindinti veido oda.<\/p>\n<p data-path-to-node=\"7\"><b data-path-to-node=\"7\" data-index-in-node=\"0\">Naudojimas:<\/b> Tolygiai paskirstykite kauk\u0119 ant \u0161varios ir sausos veido odos. Palaikykite 5\u201310 minu\u010di\u0173 (neleiskite kaukei visi\u0161kai sud\u017ei\u016bti ir sutr\u016bkin\u0117ti). Nuplaukite drungnu vandeniu, \u0161velniai masa\u017euodami sukamaisiais judesiais.<\/p>\n<p data-path-to-node=\"8\"><b data-path-to-node=\"8\" data-index-in-node=\"0\">Talpa:<\/b> 140 ml <b data-path-to-node=\"8\" data-index-in-node=\"14\">Odos tipas:<\/b> Mi\u0161riai, riebiai odai bei odai su i\u0161sipl\u0117tusiomis poromis.<\/p>\n<h3>Sud\u0117tis<\/h3>\n<div class=\"product-details__block\">\n<div id=\"panel-2\" tabindex=\"0\" role=\"tabpanel\" aria-labelledby=\"tab-2\">\n<div class=\"rte\">\n<p><span class=\"metafield-multi_line_text_field\">Aqua, Glycerin, Kaolin, Caprylic\/Capric Triglyceride, Phaseolus Angularis Seed Powder, 1,2-Hexanediol, Hectorite, Cetyl Alcohol, Glyceryl Stearate SE, Cetearyl Olivate, Phaseolus Angularis Seed Extract, Sorbitan Olivate, CI 77007, Pyrus Communis Fruit Extract, Ethylhexylglycerin, Sodium Acrylate\/Sodium Acryloyldimethyl Taurate Copolymer, Hedera Helix Leaf\/Stem Extract, Polyisobutene, Fragaria Chiloensis Fruit Extract, Pyrus Malus Leaf Extract, CI 77491, Caprylyl\/Capryl Glucoside, Sorbitan Oleate, Triethoxycaprylylsilane<\/span><\/p>\n<\/div>\n<\/div>\n<\/div>\n<div class=\"product-details__block panel\"><\/div>\n","protected":false},"excerpt":{"rendered":"<p>Beauty of Joseon kremin\u0117 molio kauk\u0117 su raudon\u0173j\u0173 pupeli\u0173 ekstraktu ir kaolinu. Valo poras, absorbuoja riebal\u0173 pertekli\u0173, \u0161velniai eksfoliuoja. Rekomenduojama mi\u0161riai ir riebalinei odai. 140ml.<\/p>\n","protected":false},"featured_media":76453,"template":"","meta":[],"product_brand":[1360],"product_cat":[553,728],"product_tag":[],"class_list":{"0":"post-76523","1":"product","2":"type-product","3":"status-publish","4":"has-post-thumbnail","6":"product_brand-beauty-of-joseon","7":"product_cat-veido-kaukes","8":"product_cat-veidui","10":"first","11":"instock","12":"taxable","13":"shipping-taxable","14":"purchasable","15":"product-type-simple"},"yoast_head":"<!-- This site is optimized with the Yoast SEO plugin v27.3 - https:\/\/yoast.com\/product\/yoast-seo-wordpress\/ -->\n<title>Beauty of Joseon molio kauk\u0117 Red Bean Refreshing Pore Mask - MalinaShop.lt J\u016bs\u0173 sveikatai ir gro\u017eiui.<\/title>\n<meta name=\"description\" content=\"Beauty of Joseon \u2013 tai gaivinanti, kremin\u0117s tekst\u016bros molio kauk\u0117, sukurta specialiai por\u0173 prie\u017ei\u016brai ir riebal\u0173 pusiausvyros atk\u016brimui.\" \/>\n<meta name=\"robots\" content=\"index, follow, max-snippet:-1, max-image-preview:large, max-video-preview:-1\" \/>\n<link rel=\"canonical\" href=\"https:\/\/www.malinashop.lt\/lt_lt\/shop\/beauty-of-joseon-molio-kauke-red-bean-refreshing-pore-mask\/\" \/>\n<meta property=\"og:locale\" content=\"lt_LT\" \/>\n<meta property=\"og:type\" content=\"article\" \/>\n<meta property=\"og:title\" content=\"Beauty of Joseon molio kauk\u0117 Red Bean Refreshing Pore Mask - MalinaShop.lt J\u016bs\u0173 sveikatai ir gro\u017eiui.\" \/>\n<meta property=\"og:description\" content=\"Beauty of Joseon \u2013 tai gaivinanti, kremin\u0117s tekst\u016bros molio kauk\u0117, sukurta specialiai por\u0173 prie\u017ei\u016brai ir riebal\u0173 pusiausvyros atk\u016brimui.\" \/>\n<meta property=\"og:url\" content=\"https:\/\/www.malinashop.lt\/lt_lt\/shop\/beauty-of-joseon-molio-kauke-red-bean-refreshing-pore-mask\/\" \/>\n<meta property=\"og:site_name\" content=\"MalinaShop.lt J\u016bs\u0173 sveikatai ir gro\u017eiui.\" \/>\n<meta property=\"article:modified_time\" content=\"2026-04-07T20:37:12+00:00\" \/>\n<meta property=\"og:image\" content=\"https:\/\/www.malinashop.lt\/wp-content\/uploads\/2026\/04\/Beauty-of-Joseon-Red-Bean-Refreshing-Pore-Mask-molio-kauke.png\" \/>\n\t<meta property=\"og:image:width\" content=\"1100\" \/>\n\t<meta property=\"og:image:height\" content=\"1100\" \/>\n\t<meta property=\"og:image:type\" content=\"image\/png\" \/>\n<meta name=\"twitter:card\" content=\"summary_large_image\" \/>\n<script type=\"application\/ld+json\" class=\"yoast-schema-graph\">{\"@context\":\"https:\\\/\\\/schema.org\",\"@graph\":[{\"@type\":\"WebPage\",\"@id\":\"https:\\\/\\\/www.malinashop.lt\\\/lt_lt\\\/shop\\\/beauty-of-joseon-molio-kauke-red-bean-refreshing-pore-mask\\\/\",\"url\":\"https:\\\/\\\/www.malinashop.lt\\\/lt_lt\\\/shop\\\/beauty-of-joseon-molio-kauke-red-bean-refreshing-pore-mask\\\/\",\"name\":\"Beauty of Joseon molio kauk\u0117 Red Bean Refreshing Pore Mask - MalinaShop.lt J\u016bs\u0173 sveikatai ir gro\u017eiui.\",\"isPartOf\":{\"@id\":\"https:\\\/\\\/www.malinashop.lt\\\/en\\\/#website\"},\"primaryImageOfPage\":{\"@id\":\"https:\\\/\\\/www.malinashop.lt\\\/lt_lt\\\/shop\\\/beauty-of-joseon-molio-kauke-red-bean-refreshing-pore-mask\\\/#primaryimage\"},\"image\":{\"@id\":\"https:\\\/\\\/www.malinashop.lt\\\/lt_lt\\\/shop\\\/beauty-of-joseon-molio-kauke-red-bean-refreshing-pore-mask\\\/#primaryimage\"},\"thumbnailUrl\":\"https:\\\/\\\/www.malinashop.lt\\\/wp-content\\\/uploads\\\/2026\\\/04\\\/Beauty-of-Joseon-Red-Bean-Refreshing-Pore-Mask-molio-kauke.png\",\"datePublished\":\"2026-04-07T19:54:44+00:00\",\"dateModified\":\"2026-04-07T20:37:12+00:00\",\"description\":\"Beauty of Joseon \u2013 tai gaivinanti, kremin\u0117s tekst\u016bros molio kauk\u0117, sukurta specialiai por\u0173 prie\u017ei\u016brai ir riebal\u0173 pusiausvyros atk\u016brimui.\",\"breadcrumb\":{\"@id\":\"https:\\\/\\\/www.malinashop.lt\\\/lt_lt\\\/shop\\\/beauty-of-joseon-molio-kauke-red-bean-refreshing-pore-mask\\\/#breadcrumb\"},\"inLanguage\":\"lt-LT\",\"potentialAction\":[{\"@type\":\"ReadAction\",\"target\":[\"https:\\\/\\\/www.malinashop.lt\\\/lt_lt\\\/shop\\\/beauty-of-joseon-molio-kauke-red-bean-refreshing-pore-mask\\\/\"]}]},{\"@type\":\"ImageObject\",\"inLanguage\":\"lt-LT\",\"@id\":\"https:\\\/\\\/www.malinashop.lt\\\/lt_lt\\\/shop\\\/beauty-of-joseon-molio-kauke-red-bean-refreshing-pore-mask\\\/#primaryimage\",\"url\":\"https:\\\/\\\/www.malinashop.lt\\\/wp-content\\\/uploads\\\/2026\\\/04\\\/Beauty-of-Joseon-Red-Bean-Refreshing-Pore-Mask-molio-kauke.png\",\"contentUrl\":\"https:\\\/\\\/www.malinashop.lt\\\/wp-content\\\/uploads\\\/2026\\\/04\\\/Beauty-of-Joseon-Red-Bean-Refreshing-Pore-Mask-molio-kauke.png\",\"width\":1100,\"height\":1100},{\"@type\":\"BreadcrumbList\",\"@id\":\"https:\\\/\\\/www.malinashop.lt\\\/lt_lt\\\/shop\\\/beauty-of-joseon-molio-kauke-red-bean-refreshing-pore-mask\\\/#breadcrumb\",\"itemListElement\":[{\"@type\":\"ListItem\",\"position\":1,\"name\":\"Home\",\"item\":\"https:\\\/\\\/www.malinashop.lt\\\/en\\\/\"},{\"@type\":\"ListItem\",\"position\":2,\"name\":\"Parduotuv\u0117\",\"item\":\"https:\\\/\\\/www.malinashop.lt\\\/en\\\/parduotuve\\\/\"},{\"@type\":\"ListItem\",\"position\":3,\"name\":\"Beauty of Joseon molio kauk\u0117 Red Bean Refreshing Pore Mask\"}]},{\"@type\":\"WebSite\",\"@id\":\"https:\\\/\\\/www.malinashop.lt\\\/en\\\/#website\",\"url\":\"https:\\\/\\\/www.malinashop.lt\\\/en\\\/\",\"name\":\"COM Group Ecommerce\",\"description\":\"MalinaShop.lt - Gro\u017eio ir sveikatos produktai i\u0161 patikim\u0173 preki\u0173 \u017eenkl\u0173. Atraskite auk\u0161tos kokyb\u0117s kosmetik\u0105 u\u017e puiki\u0105 kain\u0105.\",\"publisher\":{\"@id\":\"https:\\\/\\\/www.malinashop.lt\\\/en\\\/#organization\"},\"potentialAction\":[{\"@type\":\"SearchAction\",\"target\":{\"@type\":\"EntryPoint\",\"urlTemplate\":\"https:\\\/\\\/www.malinashop.lt\\\/en\\\/?s={search_term_string}\"},\"query-input\":{\"@type\":\"PropertyValueSpecification\",\"valueRequired\":true,\"valueName\":\"search_term_string\"}}],\"inLanguage\":\"lt-LT\"},{\"@type\":\"Organization\",\"@id\":\"https:\\\/\\\/www.malinashop.lt\\\/en\\\/#organization\",\"name\":\"COM Group Ecommerce\",\"url\":\"https:\\\/\\\/www.malinashop.lt\\\/en\\\/\",\"logo\":{\"@type\":\"ImageObject\",\"inLanguage\":\"lt-LT\",\"@id\":\"https:\\\/\\\/www.malinashop.lt\\\/en\\\/#\\\/schema\\\/logo\\\/image\\\/\",\"url\":\"https:\\\/\\\/www.malinashop.lt\\\/wp-content\\\/uploads\\\/2024\\\/08\\\/462559670_3787732518133670_9795632669273463_n-e1731525914575.png\",\"contentUrl\":\"https:\\\/\\\/www.malinashop.lt\\\/wp-content\\\/uploads\\\/2024\\\/08\\\/462559670_3787732518133670_9795632669273463_n-e1731525914575.png\",\"width\":180,\"height\":60,\"caption\":\"COM Group Ecommerce\"},\"image\":{\"@id\":\"https:\\\/\\\/www.malinashop.lt\\\/en\\\/#\\\/schema\\\/logo\\\/image\\\/\"}}]}<\/script>\n<!-- \/ Yoast SEO plugin. -->","yoast_head_json":{"title":"Beauty of Joseon molio kauk\u0117 Red Bean Refreshing Pore Mask - MalinaShop.lt J\u016bs\u0173 sveikatai ir gro\u017eiui.","description":"Beauty of Joseon \u2013 tai gaivinanti, kremin\u0117s tekst\u016bros molio kauk\u0117, sukurta specialiai por\u0173 prie\u017ei\u016brai ir riebal\u0173 pusiausvyros atk\u016brimui.","robots":{"index":"index","follow":"follow","max-snippet":"max-snippet:-1","max-image-preview":"max-image-preview:large","max-video-preview":"max-video-preview:-1"},"canonical":"https:\/\/www.malinashop.lt\/lt_lt\/shop\/beauty-of-joseon-molio-kauke-red-bean-refreshing-pore-mask\/","og_locale":"lt_LT","og_type":"article","og_title":"Beauty of Joseon molio kauk\u0117 Red Bean Refreshing Pore Mask - MalinaShop.lt J\u016bs\u0173 sveikatai ir gro\u017eiui.","og_description":"Beauty of Joseon \u2013 tai gaivinanti, kremin\u0117s tekst\u016bros molio kauk\u0117, sukurta specialiai por\u0173 prie\u017ei\u016brai ir riebal\u0173 pusiausvyros atk\u016brimui.","og_url":"https:\/\/www.malinashop.lt\/lt_lt\/shop\/beauty-of-joseon-molio-kauke-red-bean-refreshing-pore-mask\/","og_site_name":"MalinaShop.lt J\u016bs\u0173 sveikatai ir gro\u017eiui.","article_modified_time":"2026-04-07T20:37:12+00:00","og_image":[{"width":1100,"height":1100,"url":"https:\/\/www.malinashop.lt\/wp-content\/uploads\/2026\/04\/Beauty-of-Joseon-Red-Bean-Refreshing-Pore-Mask-molio-kauke.png","type":"image\/png"}],"twitter_card":"summary_large_image","schema":{"@context":"https:\/\/schema.org","@graph":[{"@type":"WebPage","@id":"https:\/\/www.malinashop.lt\/lt_lt\/shop\/beauty-of-joseon-molio-kauke-red-bean-refreshing-pore-mask\/","url":"https:\/\/www.malinashop.lt\/lt_lt\/shop\/beauty-of-joseon-molio-kauke-red-bean-refreshing-pore-mask\/","name":"Beauty of Joseon molio kauk\u0117 Red Bean Refreshing Pore Mask - MalinaShop.lt J\u016bs\u0173 sveikatai ir gro\u017eiui.","isPartOf":{"@id":"https:\/\/www.malinashop.lt\/en\/#website"},"primaryImageOfPage":{"@id":"https:\/\/www.malinashop.lt\/lt_lt\/shop\/beauty-of-joseon-molio-kauke-red-bean-refreshing-pore-mask\/#primaryimage"},"image":{"@id":"https:\/\/www.malinashop.lt\/lt_lt\/shop\/beauty-of-joseon-molio-kauke-red-bean-refreshing-pore-mask\/#primaryimage"},"thumbnailUrl":"https:\/\/www.malinashop.lt\/wp-content\/uploads\/2026\/04\/Beauty-of-Joseon-Red-Bean-Refreshing-Pore-Mask-molio-kauke.png","datePublished":"2026-04-07T19:54:44+00:00","dateModified":"2026-04-07T20:37:12+00:00","description":"Beauty of Joseon \u2013 tai gaivinanti, kremin\u0117s tekst\u016bros molio kauk\u0117, sukurta specialiai por\u0173 prie\u017ei\u016brai ir riebal\u0173 pusiausvyros atk\u016brimui.","breadcrumb":{"@id":"https:\/\/www.malinashop.lt\/lt_lt\/shop\/beauty-of-joseon-molio-kauke-red-bean-refreshing-pore-mask\/#breadcrumb"},"inLanguage":"lt-LT","potentialAction":[{"@type":"ReadAction","target":["https:\/\/www.malinashop.lt\/lt_lt\/shop\/beauty-of-joseon-molio-kauke-red-bean-refreshing-pore-mask\/"]}]},{"@type":"ImageObject","inLanguage":"lt-LT","@id":"https:\/\/www.malinashop.lt\/lt_lt\/shop\/beauty-of-joseon-molio-kauke-red-bean-refreshing-pore-mask\/#primaryimage","url":"https:\/\/www.malinashop.lt\/wp-content\/uploads\/2026\/04\/Beauty-of-Joseon-Red-Bean-Refreshing-Pore-Mask-molio-kauke.png","contentUrl":"https:\/\/www.malinashop.lt\/wp-content\/uploads\/2026\/04\/Beauty-of-Joseon-Red-Bean-Refreshing-Pore-Mask-molio-kauke.png","width":1100,"height":1100},{"@type":"BreadcrumbList","@id":"https:\/\/www.malinashop.lt\/lt_lt\/shop\/beauty-of-joseon-molio-kauke-red-bean-refreshing-pore-mask\/#breadcrumb","itemListElement":[{"@type":"ListItem","position":1,"name":"Home","item":"https:\/\/www.malinashop.lt\/en\/"},{"@type":"ListItem","position":2,"name":"Parduotuv\u0117","item":"https:\/\/www.malinashop.lt\/en\/parduotuve\/"},{"@type":"ListItem","position":3,"name":"Beauty of Joseon molio kauk\u0117 Red Bean Refreshing Pore Mask"}]},{"@type":"WebSite","@id":"https:\/\/www.malinashop.lt\/en\/#website","url":"https:\/\/www.malinashop.lt\/en\/","name":"COM Group Ecommerce","description":"MalinaShop.lt - Gro\u017eio ir sveikatos produktai i\u0161 patikim\u0173 preki\u0173 \u017eenkl\u0173. Atraskite auk\u0161tos kokyb\u0117s kosmetik\u0105 u\u017e puiki\u0105 kain\u0105.","publisher":{"@id":"https:\/\/www.malinashop.lt\/en\/#organization"},"potentialAction":[{"@type":"SearchAction","target":{"@type":"EntryPoint","urlTemplate":"https:\/\/www.malinashop.lt\/en\/?s={search_term_string}"},"query-input":{"@type":"PropertyValueSpecification","valueRequired":true,"valueName":"search_term_string"}}],"inLanguage":"lt-LT"},{"@type":"Organization","@id":"https:\/\/www.malinashop.lt\/en\/#organization","name":"COM Group Ecommerce","url":"https:\/\/www.malinashop.lt\/en\/","logo":{"@type":"ImageObject","inLanguage":"lt-LT","@id":"https:\/\/www.malinashop.lt\/en\/#\/schema\/logo\/image\/","url":"https:\/\/www.malinashop.lt\/wp-content\/uploads\/2024\/08\/462559670_3787732518133670_9795632669273463_n-e1731525914575.png","contentUrl":"https:\/\/www.malinashop.lt\/wp-content\/uploads\/2024\/08\/462559670_3787732518133670_9795632669273463_n-e1731525914575.png","width":180,"height":60,"caption":"COM Group Ecommerce"},"image":{"@id":"https:\/\/www.malinashop.lt\/en\/#\/schema\/logo\/image\/"}}]}},"jetpack_sharing_enabled":true,"_links":{"self":[{"href":"https:\/\/www.malinashop.lt\/lt_lt\/wp-json\/wp\/v2\/product\/76523","targetHints":{"allow":["GET"]}}],"collection":[{"href":"https:\/\/www.malinashop.lt\/lt_lt\/wp-json\/wp\/v2\/product"}],"about":[{"href":"https:\/\/www.malinashop.lt\/lt_lt\/wp-json\/wp\/v2\/types\/product"}],"version-history":[{"count":3,"href":"https:\/\/www.malinashop.lt\/lt_lt\/wp-json\/wp\/v2\/product\/76523\/revisions"}],"predecessor-version":[{"id":76584,"href":"https:\/\/www.malinashop.lt\/lt_lt\/wp-json\/wp\/v2\/product\/76523\/revisions\/76584"}],"wp:featuredmedia":[{"embeddable":true,"href":"https:\/\/www.malinashop.lt\/lt_lt\/wp-json\/wp\/v2\/media\/76453"}],"wp:attachment":[{"href":"https:\/\/www.malinashop.lt\/lt_lt\/wp-json\/wp\/v2\/media?parent=76523"}],"wp:term":[{"taxonomy":"product_brand","embeddable":true,"href":"https:\/\/www.malinashop.lt\/lt_lt\/wp-json\/wp\/v2\/product_brand?post=76523"},{"taxonomy":"product_cat","embeddable":true,"href":"https:\/\/www.malinashop.lt\/lt_lt\/wp-json\/wp\/v2\/product_cat?post=76523"},{"taxonomy":"product_tag","embeddable":true,"href":"https:\/\/www.malinashop.lt\/lt_lt\/wp-json\/wp\/v2\/product_tag?post=76523"}],"curies":[{"name":"wp","href":"https:\/\/api.w.org\/{rel}","templated":true}]}}