{"id":76521,"date":"2026-04-07T22:54:43","date_gmt":"2026-04-07T19:54:43","guid":{"rendered":"https:\/\/malinashop.lt\/shop\/beauty-of-joseon-valomasis-veido-aliejus-ginseng-cleansing-oil\/"},"modified":"2026-04-07T23:35:12","modified_gmt":"2026-04-07T20:35:12","slug":"beauty-of-joseon-valomasis-veido-aliejus-ginseng-cleansing-oil","status":"publish","type":"product","link":"https:\/\/www.malinashop.lt\/lt_lt\/shop\/beauty-of-joseon-valomasis-veido-aliejus-ginseng-cleansing-oil\/","title":{"rendered":"Beauty of Joseon valomasis veido aliejus Ginseng Cleansing Oil"},"content":{"rendered":"<h4 data-path-to-node=\"2\"><b data-path-to-node=\"2\" data-index-in-node=\"0\">Beauty of Joseon Ginseng Cleansing Oil (210 ml)<\/b><\/h4>\n<p data-path-to-node=\"3\"><b data-path-to-node=\"3\" data-index-in-node=\"0\">Beauty of Joseon Ginseng Cleansing Oil<\/b> \u2013 tai prabangus ir lengvas valomasis aliejus, skirtas kruop\u0161\u010diam bei \u0161velniam pirmajam veido valymo \u017eingsniui. \u0160i priemon\u0117 efektyviai tirpdo makia\u017e\u0105, SPF filtr\u0173 liku\u010dius ir dienos ne\u0161varumus, kartu puosel\u0117dama od\u0105 vertingais antioksidantais bei stiprindama jos apsaugin\u012f barjer\u0105.<\/p>\n<p data-path-to-node=\"4\"><b data-path-to-node=\"4\" data-index-in-node=\"0\">Pagrindin\u0117s veikliosios med\u017eiagos:<\/b><\/p>\n<ul data-path-to-node=\"5\">\n<li>\n<p data-path-to-node=\"5,0,0\"><b data-path-to-node=\"5,0,0\" data-index-in-node=\"0\">Soj\u0173 pupeli\u0173 aliejus (50 %):<\/b> pagrindinis ingredientas, kuris pasi\u017eymi i\u0161skirtin\u0117mis mink\u0161tinamosiomis savyb\u0117mis. Jis skatina regeneracij\u0105, didina odos elastingum\u0105 ir sukuria nematom\u0105 apsaugin\u0119 pl\u0117vel\u0119, neleid\u017eian\u010di\u0105 dr\u0117gmei i\u0161garuoti.<\/p>\n<\/li>\n<li>\n<p data-path-to-node=\"5,1,0\"><b data-path-to-node=\"5,1,0\" data-index-in-node=\"0\">\u017den\u0161enio \u0161akn\u0173 ekstraktas:<\/b> veikia kaip stiprus antioksidantas, kuris saugo od\u0105 nuo aplinkos poveikio, j\u0105 stangrina ir suteikia gyvybingumo.<\/p>\n<\/li>\n<li>\n<p data-path-to-node=\"5,2,0\"><b data-path-to-node=\"5,2,0\" data-index-in-node=\"0\">Vitaminas E:<\/b> saugo nuo laisv\u0173j\u0173 radikal\u0173 poveikio, didina odos stangrum\u0105 ir padeda stabdyti prie\u0161laikinius sen\u0117jimo procesus.<\/p>\n<\/li>\n<\/ul>\n<p data-path-to-node=\"6\"><b data-path-to-node=\"6\" data-index-in-node=\"0\">Kod\u0117l verta rinktis \u0161\u012f aliej\u0173?<\/b> Tai ideali priemon\u0117 norint pasiekti nepriekai\u0161ting\u0105 \u0161var\u0105 nepa\u017eeid\u017eiant odos lipidinio sluoksnio. Aliejus pasi\u017eymi lengva tekst\u016bra, kuri lengvai emulguojasi susilietusi su vandeniu ir nepalieka riebumo poj\u016b\u010dio. Reguliarus naudojimas padeda i\u0161laikyti od\u0105 elasting\u0105, lygi\u0105 ir apsaugot\u0105.<\/p>\n<p data-path-to-node=\"7\"><b data-path-to-node=\"7\" data-index-in-node=\"0\">Naudojimas:<\/b> 1\u20132 paspaudimus aliejaus \u0161velniai masa\u017euokite ant <b data-path-to-node=\"7\" data-index-in-node=\"62\">sausos<\/b> veido odos, kol makia\u017eas ir ne\u0161varumai i\u0161tirps. Sudr\u0117kinkite rankas vandeniu, dar \u0161iek tiek pamasa\u017euokite (aliejus taps pienelio spalvos) ir kruop\u0161\u010diai nuplaukite drungnu vandeniu. Toliau naudokite prausikl\u012f vandens pagrindu.<\/p>\n<p data-path-to-node=\"8\"><b data-path-to-node=\"8\" data-index-in-node=\"0\">Talpa:<\/b> 210 ml <b data-path-to-node=\"8\" data-index-in-node=\"14\">Odos tipas:<\/b> Visiems odos tipams, \u012fskaitant brand\u017ei\u0105, saus\u0105 bei jautri\u0105 od\u0105.<\/p>\n<h3>Sud\u0117tis<\/h3>\n<p>Glycine Soja (Soybean) Oil (50%), Caprylic\/Capric Triglyceride, Isopropyl Myristate, Sorbeth-30 Tetraoleate, Tocopheryl Acetate, Panax Ginseng Root Extract, Camellia Japonica Seed Oil, Simmondsia Chinensis (Jojoba) Seed Oil, Oryza Sativa (Rice) Bran Oil, Centella Asiatica Extract, 1,2-Hexanediol, Ethylhexylglycerin<\/p>\n","protected":false},"excerpt":{"rendered":"<p>Beauty of Joseon valomasis aliejus su 50% soj\u0173 pupeli\u0173 aliejumi ir \u017een\u0161enio \u0161akn\u0173 ekstraktu. Efektyviai \u0161alina makia\u017e\u0105, maitina ir regeneruoja od\u0105. 210ml.<\/p>\n","protected":false},"featured_media":76443,"template":"","meta":[],"product_brand":[1360],"product_cat":[537,728],"product_tag":[],"class_list":{"0":"post-76521","1":"product","2":"type-product","3":"status-publish","4":"has-post-thumbnail","6":"product_brand-beauty-of-joseon","7":"product_cat-veido-valymo-priemones","8":"product_cat-veidui","10":"first","11":"instock","12":"taxable","13":"shipping-taxable","14":"purchasable","15":"product-type-simple"},"yoast_head":"<!-- This site is optimized with the Yoast SEO plugin v27.3 - https:\/\/yoast.com\/product\/yoast-seo-wordpress\/ -->\n<title>Beauty of Joseon valomasis veido aliejus Ginseng Cleansing Oil - MalinaShop.lt J\u016bs\u0173 sveikatai ir gro\u017eiui.<\/title>\n<meta name=\"description\" content=\"Beauty of Joseon Ginseng Cleansing Oil \u2013 tai prabangus ir lengvas valomasis aliejus, skirtas kruop\u0161\u010diam bei \u0161velniam pirmajam veido valymo \u017eingsniui.\" \/>\n<meta name=\"robots\" content=\"index, follow, max-snippet:-1, max-image-preview:large, max-video-preview:-1\" \/>\n<link rel=\"canonical\" href=\"https:\/\/www.malinashop.lt\/lt_lt\/shop\/beauty-of-joseon-valomasis-veido-aliejus-ginseng-cleansing-oil\/\" \/>\n<meta property=\"og:locale\" content=\"lt_LT\" \/>\n<meta property=\"og:type\" content=\"article\" \/>\n<meta property=\"og:title\" content=\"Beauty of Joseon valomasis veido aliejus Ginseng Cleansing Oil - MalinaShop.lt J\u016bs\u0173 sveikatai ir gro\u017eiui.\" \/>\n<meta property=\"og:description\" content=\"Beauty of Joseon Ginseng Cleansing Oil \u2013 tai prabangus ir lengvas valomasis aliejus, skirtas kruop\u0161\u010diam bei \u0161velniam pirmajam veido valymo \u017eingsniui.\" \/>\n<meta property=\"og:url\" content=\"https:\/\/www.malinashop.lt\/lt_lt\/shop\/beauty-of-joseon-valomasis-veido-aliejus-ginseng-cleansing-oil\/\" \/>\n<meta property=\"og:site_name\" content=\"MalinaShop.lt J\u016bs\u0173 sveikatai ir gro\u017eiui.\" \/>\n<meta property=\"article:modified_time\" content=\"2026-04-07T20:35:12+00:00\" \/>\n<meta property=\"og:image\" content=\"https:\/\/www.malinashop.lt\/wp-content\/uploads\/2026\/04\/Beauty-of-Joseon-Ginseng-Cleansing-Oil-valomasis-veido-aliejus.png\" \/>\n\t<meta property=\"og:image:width\" content=\"1100\" \/>\n\t<meta property=\"og:image:height\" content=\"1100\" \/>\n\t<meta property=\"og:image:type\" content=\"image\/png\" \/>\n<meta name=\"twitter:card\" content=\"summary_large_image\" \/>\n<script type=\"application\/ld+json\" class=\"yoast-schema-graph\">{\"@context\":\"https:\\\/\\\/schema.org\",\"@graph\":[{\"@type\":\"WebPage\",\"@id\":\"https:\\\/\\\/www.malinashop.lt\\\/lt_lt\\\/shop\\\/beauty-of-joseon-valomasis-veido-aliejus-ginseng-cleansing-oil\\\/\",\"url\":\"https:\\\/\\\/www.malinashop.lt\\\/lt_lt\\\/shop\\\/beauty-of-joseon-valomasis-veido-aliejus-ginseng-cleansing-oil\\\/\",\"name\":\"Beauty of Joseon valomasis veido aliejus Ginseng Cleansing Oil - MalinaShop.lt J\u016bs\u0173 sveikatai ir gro\u017eiui.\",\"isPartOf\":{\"@id\":\"https:\\\/\\\/www.malinashop.lt\\\/en\\\/#website\"},\"primaryImageOfPage\":{\"@id\":\"https:\\\/\\\/www.malinashop.lt\\\/lt_lt\\\/shop\\\/beauty-of-joseon-valomasis-veido-aliejus-ginseng-cleansing-oil\\\/#primaryimage\"},\"image\":{\"@id\":\"https:\\\/\\\/www.malinashop.lt\\\/lt_lt\\\/shop\\\/beauty-of-joseon-valomasis-veido-aliejus-ginseng-cleansing-oil\\\/#primaryimage\"},\"thumbnailUrl\":\"https:\\\/\\\/www.malinashop.lt\\\/wp-content\\\/uploads\\\/2026\\\/04\\\/Beauty-of-Joseon-Ginseng-Cleansing-Oil-valomasis-veido-aliejus.png\",\"datePublished\":\"2026-04-07T19:54:43+00:00\",\"dateModified\":\"2026-04-07T20:35:12+00:00\",\"description\":\"Beauty of Joseon Ginseng Cleansing Oil \u2013 tai prabangus ir lengvas valomasis aliejus, skirtas kruop\u0161\u010diam bei \u0161velniam pirmajam veido valymo \u017eingsniui.\",\"breadcrumb\":{\"@id\":\"https:\\\/\\\/www.malinashop.lt\\\/lt_lt\\\/shop\\\/beauty-of-joseon-valomasis-veido-aliejus-ginseng-cleansing-oil\\\/#breadcrumb\"},\"inLanguage\":\"lt-LT\",\"potentialAction\":[{\"@type\":\"ReadAction\",\"target\":[\"https:\\\/\\\/www.malinashop.lt\\\/lt_lt\\\/shop\\\/beauty-of-joseon-valomasis-veido-aliejus-ginseng-cleansing-oil\\\/\"]}]},{\"@type\":\"ImageObject\",\"inLanguage\":\"lt-LT\",\"@id\":\"https:\\\/\\\/www.malinashop.lt\\\/lt_lt\\\/shop\\\/beauty-of-joseon-valomasis-veido-aliejus-ginseng-cleansing-oil\\\/#primaryimage\",\"url\":\"https:\\\/\\\/www.malinashop.lt\\\/wp-content\\\/uploads\\\/2026\\\/04\\\/Beauty-of-Joseon-Ginseng-Cleansing-Oil-valomasis-veido-aliejus.png\",\"contentUrl\":\"https:\\\/\\\/www.malinashop.lt\\\/wp-content\\\/uploads\\\/2026\\\/04\\\/Beauty-of-Joseon-Ginseng-Cleansing-Oil-valomasis-veido-aliejus.png\",\"width\":1100,\"height\":1100},{\"@type\":\"BreadcrumbList\",\"@id\":\"https:\\\/\\\/www.malinashop.lt\\\/lt_lt\\\/shop\\\/beauty-of-joseon-valomasis-veido-aliejus-ginseng-cleansing-oil\\\/#breadcrumb\",\"itemListElement\":[{\"@type\":\"ListItem\",\"position\":1,\"name\":\"Home\",\"item\":\"https:\\\/\\\/www.malinashop.lt\\\/en\\\/\"},{\"@type\":\"ListItem\",\"position\":2,\"name\":\"Parduotuv\u0117\",\"item\":\"https:\\\/\\\/www.malinashop.lt\\\/en\\\/parduotuve\\\/\"},{\"@type\":\"ListItem\",\"position\":3,\"name\":\"Beauty of Joseon valomasis veido aliejus Ginseng Cleansing Oil\"}]},{\"@type\":\"WebSite\",\"@id\":\"https:\\\/\\\/www.malinashop.lt\\\/en\\\/#website\",\"url\":\"https:\\\/\\\/www.malinashop.lt\\\/en\\\/\",\"name\":\"COM Group Ecommerce\",\"description\":\"MalinaShop.lt - Gro\u017eio ir sveikatos produktai i\u0161 patikim\u0173 preki\u0173 \u017eenkl\u0173. Atraskite auk\u0161tos kokyb\u0117s kosmetik\u0105 u\u017e puiki\u0105 kain\u0105.\",\"publisher\":{\"@id\":\"https:\\\/\\\/www.malinashop.lt\\\/en\\\/#organization\"},\"potentialAction\":[{\"@type\":\"SearchAction\",\"target\":{\"@type\":\"EntryPoint\",\"urlTemplate\":\"https:\\\/\\\/www.malinashop.lt\\\/en\\\/?s={search_term_string}\"},\"query-input\":{\"@type\":\"PropertyValueSpecification\",\"valueRequired\":true,\"valueName\":\"search_term_string\"}}],\"inLanguage\":\"lt-LT\"},{\"@type\":\"Organization\",\"@id\":\"https:\\\/\\\/www.malinashop.lt\\\/en\\\/#organization\",\"name\":\"COM Group Ecommerce\",\"url\":\"https:\\\/\\\/www.malinashop.lt\\\/en\\\/\",\"logo\":{\"@type\":\"ImageObject\",\"inLanguage\":\"lt-LT\",\"@id\":\"https:\\\/\\\/www.malinashop.lt\\\/en\\\/#\\\/schema\\\/logo\\\/image\\\/\",\"url\":\"https:\\\/\\\/www.malinashop.lt\\\/wp-content\\\/uploads\\\/2024\\\/08\\\/462559670_3787732518133670_9795632669273463_n-e1731525914575.png\",\"contentUrl\":\"https:\\\/\\\/www.malinashop.lt\\\/wp-content\\\/uploads\\\/2024\\\/08\\\/462559670_3787732518133670_9795632669273463_n-e1731525914575.png\",\"width\":180,\"height\":60,\"caption\":\"COM Group Ecommerce\"},\"image\":{\"@id\":\"https:\\\/\\\/www.malinashop.lt\\\/en\\\/#\\\/schema\\\/logo\\\/image\\\/\"}}]}<\/script>\n<!-- \/ Yoast SEO plugin. -->","yoast_head_json":{"title":"Beauty of Joseon valomasis veido aliejus Ginseng Cleansing Oil - MalinaShop.lt J\u016bs\u0173 sveikatai ir gro\u017eiui.","description":"Beauty of Joseon Ginseng Cleansing Oil \u2013 tai prabangus ir lengvas valomasis aliejus, skirtas kruop\u0161\u010diam bei \u0161velniam pirmajam veido valymo \u017eingsniui.","robots":{"index":"index","follow":"follow","max-snippet":"max-snippet:-1","max-image-preview":"max-image-preview:large","max-video-preview":"max-video-preview:-1"},"canonical":"https:\/\/www.malinashop.lt\/lt_lt\/shop\/beauty-of-joseon-valomasis-veido-aliejus-ginseng-cleansing-oil\/","og_locale":"lt_LT","og_type":"article","og_title":"Beauty of Joseon valomasis veido aliejus Ginseng Cleansing Oil - MalinaShop.lt J\u016bs\u0173 sveikatai ir gro\u017eiui.","og_description":"Beauty of Joseon Ginseng Cleansing Oil \u2013 tai prabangus ir lengvas valomasis aliejus, skirtas kruop\u0161\u010diam bei \u0161velniam pirmajam veido valymo \u017eingsniui.","og_url":"https:\/\/www.malinashop.lt\/lt_lt\/shop\/beauty-of-joseon-valomasis-veido-aliejus-ginseng-cleansing-oil\/","og_site_name":"MalinaShop.lt J\u016bs\u0173 sveikatai ir gro\u017eiui.","article_modified_time":"2026-04-07T20:35:12+00:00","og_image":[{"width":1100,"height":1100,"url":"https:\/\/www.malinashop.lt\/wp-content\/uploads\/2026\/04\/Beauty-of-Joseon-Ginseng-Cleansing-Oil-valomasis-veido-aliejus.png","type":"image\/png"}],"twitter_card":"summary_large_image","schema":{"@context":"https:\/\/schema.org","@graph":[{"@type":"WebPage","@id":"https:\/\/www.malinashop.lt\/lt_lt\/shop\/beauty-of-joseon-valomasis-veido-aliejus-ginseng-cleansing-oil\/","url":"https:\/\/www.malinashop.lt\/lt_lt\/shop\/beauty-of-joseon-valomasis-veido-aliejus-ginseng-cleansing-oil\/","name":"Beauty of Joseon valomasis veido aliejus Ginseng Cleansing Oil - MalinaShop.lt J\u016bs\u0173 sveikatai ir gro\u017eiui.","isPartOf":{"@id":"https:\/\/www.malinashop.lt\/en\/#website"},"primaryImageOfPage":{"@id":"https:\/\/www.malinashop.lt\/lt_lt\/shop\/beauty-of-joseon-valomasis-veido-aliejus-ginseng-cleansing-oil\/#primaryimage"},"image":{"@id":"https:\/\/www.malinashop.lt\/lt_lt\/shop\/beauty-of-joseon-valomasis-veido-aliejus-ginseng-cleansing-oil\/#primaryimage"},"thumbnailUrl":"https:\/\/www.malinashop.lt\/wp-content\/uploads\/2026\/04\/Beauty-of-Joseon-Ginseng-Cleansing-Oil-valomasis-veido-aliejus.png","datePublished":"2026-04-07T19:54:43+00:00","dateModified":"2026-04-07T20:35:12+00:00","description":"Beauty of Joseon Ginseng Cleansing Oil \u2013 tai prabangus ir lengvas valomasis aliejus, skirtas kruop\u0161\u010diam bei \u0161velniam pirmajam veido valymo \u017eingsniui.","breadcrumb":{"@id":"https:\/\/www.malinashop.lt\/lt_lt\/shop\/beauty-of-joseon-valomasis-veido-aliejus-ginseng-cleansing-oil\/#breadcrumb"},"inLanguage":"lt-LT","potentialAction":[{"@type":"ReadAction","target":["https:\/\/www.malinashop.lt\/lt_lt\/shop\/beauty-of-joseon-valomasis-veido-aliejus-ginseng-cleansing-oil\/"]}]},{"@type":"ImageObject","inLanguage":"lt-LT","@id":"https:\/\/www.malinashop.lt\/lt_lt\/shop\/beauty-of-joseon-valomasis-veido-aliejus-ginseng-cleansing-oil\/#primaryimage","url":"https:\/\/www.malinashop.lt\/wp-content\/uploads\/2026\/04\/Beauty-of-Joseon-Ginseng-Cleansing-Oil-valomasis-veido-aliejus.png","contentUrl":"https:\/\/www.malinashop.lt\/wp-content\/uploads\/2026\/04\/Beauty-of-Joseon-Ginseng-Cleansing-Oil-valomasis-veido-aliejus.png","width":1100,"height":1100},{"@type":"BreadcrumbList","@id":"https:\/\/www.malinashop.lt\/lt_lt\/shop\/beauty-of-joseon-valomasis-veido-aliejus-ginseng-cleansing-oil\/#breadcrumb","itemListElement":[{"@type":"ListItem","position":1,"name":"Home","item":"https:\/\/www.malinashop.lt\/en\/"},{"@type":"ListItem","position":2,"name":"Parduotuv\u0117","item":"https:\/\/www.malinashop.lt\/en\/parduotuve\/"},{"@type":"ListItem","position":3,"name":"Beauty of Joseon valomasis veido aliejus Ginseng Cleansing Oil"}]},{"@type":"WebSite","@id":"https:\/\/www.malinashop.lt\/en\/#website","url":"https:\/\/www.malinashop.lt\/en\/","name":"COM Group Ecommerce","description":"MalinaShop.lt - Gro\u017eio ir sveikatos produktai i\u0161 patikim\u0173 preki\u0173 \u017eenkl\u0173. Atraskite auk\u0161tos kokyb\u0117s kosmetik\u0105 u\u017e puiki\u0105 kain\u0105.","publisher":{"@id":"https:\/\/www.malinashop.lt\/en\/#organization"},"potentialAction":[{"@type":"SearchAction","target":{"@type":"EntryPoint","urlTemplate":"https:\/\/www.malinashop.lt\/en\/?s={search_term_string}"},"query-input":{"@type":"PropertyValueSpecification","valueRequired":true,"valueName":"search_term_string"}}],"inLanguage":"lt-LT"},{"@type":"Organization","@id":"https:\/\/www.malinashop.lt\/en\/#organization","name":"COM Group Ecommerce","url":"https:\/\/www.malinashop.lt\/en\/","logo":{"@type":"ImageObject","inLanguage":"lt-LT","@id":"https:\/\/www.malinashop.lt\/en\/#\/schema\/logo\/image\/","url":"https:\/\/www.malinashop.lt\/wp-content\/uploads\/2024\/08\/462559670_3787732518133670_9795632669273463_n-e1731525914575.png","contentUrl":"https:\/\/www.malinashop.lt\/wp-content\/uploads\/2024\/08\/462559670_3787732518133670_9795632669273463_n-e1731525914575.png","width":180,"height":60,"caption":"COM Group Ecommerce"},"image":{"@id":"https:\/\/www.malinashop.lt\/en\/#\/schema\/logo\/image\/"}}]}},"jetpack_sharing_enabled":true,"_links":{"self":[{"href":"https:\/\/www.malinashop.lt\/lt_lt\/wp-json\/wp\/v2\/product\/76521","targetHints":{"allow":["GET"]}}],"collection":[{"href":"https:\/\/www.malinashop.lt\/lt_lt\/wp-json\/wp\/v2\/product"}],"about":[{"href":"https:\/\/www.malinashop.lt\/lt_lt\/wp-json\/wp\/v2\/types\/product"}],"version-history":[{"count":3,"href":"https:\/\/www.malinashop.lt\/lt_lt\/wp-json\/wp\/v2\/product\/76521\/revisions"}],"predecessor-version":[{"id":76582,"href":"https:\/\/www.malinashop.lt\/lt_lt\/wp-json\/wp\/v2\/product\/76521\/revisions\/76582"}],"wp:featuredmedia":[{"embeddable":true,"href":"https:\/\/www.malinashop.lt\/lt_lt\/wp-json\/wp\/v2\/media\/76443"}],"wp:attachment":[{"href":"https:\/\/www.malinashop.lt\/lt_lt\/wp-json\/wp\/v2\/media?parent=76521"}],"wp:term":[{"taxonomy":"product_brand","embeddable":true,"href":"https:\/\/www.malinashop.lt\/lt_lt\/wp-json\/wp\/v2\/product_brand?post=76521"},{"taxonomy":"product_cat","embeddable":true,"href":"https:\/\/www.malinashop.lt\/lt_lt\/wp-json\/wp\/v2\/product_cat?post=76521"},{"taxonomy":"product_tag","embeddable":true,"href":"https:\/\/www.malinashop.lt\/lt_lt\/wp-json\/wp\/v2\/product_tag?post=76521"}],"curies":[{"name":"wp","href":"https:\/\/api.w.org\/{rel}","templated":true}]}}