{"id":76516,"date":"2026-04-07T22:54:41","date_gmt":"2026-04-07T19:54:41","guid":{"rendered":"https:\/\/malinashop.lt\/shop\/beauty-of-joseon-veido-prausiklis-green-plum-refreshing-cleanser\/"},"modified":"2026-04-07T23:10:42","modified_gmt":"2026-04-07T20:10:42","slug":"beauty-of-joseon-veido-prausiklis-green-plum-refreshing-cleanser","status":"publish","type":"product","link":"https:\/\/www.malinashop.lt\/lt_lt\/shop\/beauty-of-joseon-veido-prausiklis-green-plum-refreshing-cleanser\/","title":{"rendered":"Beauty of Joseon veido prausiklis Green Plum Refreshing Cleanser"},"content":{"rendered":"<h4 data-path-to-node=\"2\"><b data-path-to-node=\"2\" data-index-in-node=\"0\">Beauty of Joseon Green Plum Refreshing Cleanser (100 ml)<\/b><\/h4>\n<p data-path-to-node=\"3\"><b data-path-to-node=\"3\" data-index-in-node=\"0\">Beauty of Joseon Green Plum Refreshing Cleanser<\/b> \u2013 tai \u0161velnus, gelio tekst\u016bros prausiklis, sukurtas palaikyti sveik\u0105 odos balans\u0105. D\u0117l \u017eemo, r\u016bg\u0161tinio pH, kuris yra artimas nat\u016braliam odos pH, \u0161i priemon\u0117 efektyviai nuplauna ne\u0161varumus nepa\u017eeisdama apsauginio barjero ir nesukeldama tempimo ar sausumo poj\u016b\u010dio.<\/p>\n<p data-path-to-node=\"4\"><b data-path-to-node=\"4\" data-index-in-node=\"0\">Veikliosios med\u017eiagos:<\/b><\/p>\n<ul data-path-to-node=\"5\">\n<li>\n<p data-path-to-node=\"5,0,0\"><b data-path-to-node=\"5,0,0\" data-index-in-node=\"0\">Slyv\u0173 vanduo (24 %):<\/b> nat\u016braliai mink\u0161tina od\u0105 ir padeda pa\u0161alinti negyvas l\u0105steles, kartu suteikdamas intensyv\u0173 dr\u0117kinim\u0105.<\/p>\n<\/li>\n<li>\n<p data-path-to-node=\"5,1,0\"><b data-path-to-node=\"5,1,0\" data-index-in-node=\"0\">Mung\u0173 pupeli\u0173 s\u0117kl\u0173 ekstraktas (3 %):<\/b> sud\u0117tyje esantis saponinas veikia kaip \u0161velni valomoji med\u017eiaga, kuri padeda ilgiau i\u0161laikyti dr\u0117gm\u0119 odos viduje.<\/p>\n<\/li>\n<\/ul>\n<p data-path-to-node=\"6\"><b data-path-to-node=\"6\" data-index-in-node=\"0\">Kod\u0117l verta rinktis \u0161\u012f prausikl\u012f?<\/b> Sveika oda pasi\u017eymi \u0161iek tiek r\u016bg\u0161tine terpe \u2013 tai jos pagrindin\u0117 apsauga nuo i\u0161orini\u0173 dirgikli\u0173. \u0160is prausiklis idealiai tinka kasdieniam naudojimui, nes saugo odos vientisum\u0105, ramina sudirgimus ir suteikia veidui gaivumo bei \u0161velnumo. Lengva gelio tekst\u016bra susilietusi su vandeniu virsta mink\u0161tomis putomis, kurios giliai i\u0161valo poras.<\/p>\n<p data-path-to-node=\"7\"><b data-path-to-node=\"7\" data-index-in-node=\"0\">Naudojimas:<\/b> Nedidel\u012f kiek\u012f prausiklio masa\u017euokite ant dr\u0117gnos veido odos, kol suputos. Kruop\u0161\u010diai nuplaukite drungnu vandeniu. Naudokite ryte ir vakare.<\/p>\n<p data-path-to-node=\"8\"><b data-path-to-node=\"8\" data-index-in-node=\"0\">Talpa:<\/b> 100 ml <b data-path-to-node=\"8\" data-index-in-node=\"14\">Odos tipas:<\/b> Visiems odos tipams, ypa\u010d jautriai ir dehidratuotai odai.<\/p>\n<h3>Sud\u0117tis<\/h3>\n<div class=\"product-details__block\">\n<div id=\"panel-2\" tabindex=\"0\" role=\"tabpanel\" aria-labelledby=\"tab-2\">\n<div class=\"rte\">\n<p><span class=\"metafield-multi_line_text_field\">Aqua, Prunus Mume Fruit Water, Cocamidopropyl Hydroxysultaine, Phaseolus Radiatus Seed Extract, Sodium Cocoyl Isethionate, Glycerin, Sodium Chloride, 1,2-Hexanediol, Hydroxyacetophenone, Coconut Acid, Sodium Isethionate, Caprylyl Glycol, Ethylhexylglycerin, Citric Acid, Disodium EDTA, Guar Hydroxypropyltrimonium Chloride, Gardenia Florida Fruit Extract, Melia Azadirachta Leaf Extract, Melia Azadirachta Flower Extract, Dextrin, Propylene Glycol Laurate, Sodium Citrate, Camellia Sinensis Leaf Extract, Houttuynia Cordata Extract, Nelumbo Nucifera Flower Extract, Oryza Sativa Extract, Prunus Mume Fruit Extract, Vaccinium Angustifolium Fruit Extract, Butylene Glycol<\/span><\/p>\n<\/div>\n<\/div>\n<\/div>\n<div class=\"product-details__block panel\"><\/div>\n","protected":false},"excerpt":{"rendered":"<p>Beauty of Joseon \u0161velnus \u017eemo pH gelio tipo veido prausiklis su 24% slyv\u0173 vandeniu ir 3% mung\u0173 pupeli\u0173 s\u0117kl\u0173 ekstraktu. Valo nepa\u017eeisdamas nat\u016bralaus odos barjero. 100ml.<\/p>\n","protected":false},"featured_media":76418,"template":"","meta":[],"product_brand":[1360],"product_cat":[537,728],"product_tag":[],"class_list":{"0":"post-76516","1":"product","2":"type-product","3":"status-publish","4":"has-post-thumbnail","6":"product_brand-beauty-of-joseon","7":"product_cat-veido-valymo-priemones","8":"product_cat-veidui","10":"first","11":"instock","12":"taxable","13":"shipping-taxable","14":"purchasable","15":"product-type-simple"},"yoast_head":"<!-- This site is optimized with the Yoast SEO plugin v27.3 - https:\/\/yoast.com\/product\/yoast-seo-wordpress\/ -->\n<title>Beauty of Joseon veido prausiklis Green Plum Refreshing Cleanser - MalinaShop.lt J\u016bs\u0173 sveikatai ir gro\u017eiui.<\/title>\n<meta name=\"description\" content=\"Beauty of Joseon Green Plum Refreshing Cleanser \u2013 tai \u0161velnus, gelio tekst\u016bros prausiklis, sukurtas palaikyti sveik\u0105 odos balans\u0105.\" \/>\n<meta name=\"robots\" content=\"index, follow, max-snippet:-1, max-image-preview:large, max-video-preview:-1\" \/>\n<link rel=\"canonical\" href=\"https:\/\/www.malinashop.lt\/lt_lt\/shop\/beauty-of-joseon-veido-prausiklis-green-plum-refreshing-cleanser\/\" \/>\n<meta property=\"og:locale\" content=\"lt_LT\" \/>\n<meta property=\"og:type\" content=\"article\" \/>\n<meta property=\"og:title\" content=\"Beauty of Joseon veido prausiklis Green Plum Refreshing Cleanser - MalinaShop.lt J\u016bs\u0173 sveikatai ir gro\u017eiui.\" \/>\n<meta property=\"og:description\" content=\"Beauty of Joseon Green Plum Refreshing Cleanser \u2013 tai \u0161velnus, gelio tekst\u016bros prausiklis, sukurtas palaikyti sveik\u0105 odos balans\u0105.\" \/>\n<meta property=\"og:url\" content=\"https:\/\/www.malinashop.lt\/lt_lt\/shop\/beauty-of-joseon-veido-prausiklis-green-plum-refreshing-cleanser\/\" \/>\n<meta property=\"og:site_name\" content=\"MalinaShop.lt J\u016bs\u0173 sveikatai ir gro\u017eiui.\" \/>\n<meta property=\"article:modified_time\" content=\"2026-04-07T20:10:42+00:00\" \/>\n<meta property=\"og:image\" content=\"https:\/\/www.malinashop.lt\/wp-content\/uploads\/2026\/04\/Beauty-of-Joseon-Green-Plum-Refreshing-Cleanser-veido-prausiklis.png\" \/>\n\t<meta property=\"og:image:width\" content=\"1100\" \/>\n\t<meta property=\"og:image:height\" content=\"1100\" \/>\n\t<meta property=\"og:image:type\" content=\"image\/png\" \/>\n<meta name=\"twitter:card\" content=\"summary_large_image\" \/>\n<script type=\"application\/ld+json\" class=\"yoast-schema-graph\">{\"@context\":\"https:\\\/\\\/schema.org\",\"@graph\":[{\"@type\":\"WebPage\",\"@id\":\"https:\\\/\\\/www.malinashop.lt\\\/lt_lt\\\/shop\\\/beauty-of-joseon-veido-prausiklis-green-plum-refreshing-cleanser\\\/\",\"url\":\"https:\\\/\\\/www.malinashop.lt\\\/lt_lt\\\/shop\\\/beauty-of-joseon-veido-prausiklis-green-plum-refreshing-cleanser\\\/\",\"name\":\"Beauty of Joseon veido prausiklis Green Plum Refreshing Cleanser - MalinaShop.lt J\u016bs\u0173 sveikatai ir gro\u017eiui.\",\"isPartOf\":{\"@id\":\"https:\\\/\\\/www.malinashop.lt\\\/en\\\/#website\"},\"primaryImageOfPage\":{\"@id\":\"https:\\\/\\\/www.malinashop.lt\\\/lt_lt\\\/shop\\\/beauty-of-joseon-veido-prausiklis-green-plum-refreshing-cleanser\\\/#primaryimage\"},\"image\":{\"@id\":\"https:\\\/\\\/www.malinashop.lt\\\/lt_lt\\\/shop\\\/beauty-of-joseon-veido-prausiklis-green-plum-refreshing-cleanser\\\/#primaryimage\"},\"thumbnailUrl\":\"https:\\\/\\\/www.malinashop.lt\\\/wp-content\\\/uploads\\\/2026\\\/04\\\/Beauty-of-Joseon-Green-Plum-Refreshing-Cleanser-veido-prausiklis.png\",\"datePublished\":\"2026-04-07T19:54:41+00:00\",\"dateModified\":\"2026-04-07T20:10:42+00:00\",\"description\":\"Beauty of Joseon Green Plum Refreshing Cleanser \u2013 tai \u0161velnus, gelio tekst\u016bros prausiklis, sukurtas palaikyti sveik\u0105 odos balans\u0105.\",\"breadcrumb\":{\"@id\":\"https:\\\/\\\/www.malinashop.lt\\\/lt_lt\\\/shop\\\/beauty-of-joseon-veido-prausiklis-green-plum-refreshing-cleanser\\\/#breadcrumb\"},\"inLanguage\":\"lt-LT\",\"potentialAction\":[{\"@type\":\"ReadAction\",\"target\":[\"https:\\\/\\\/www.malinashop.lt\\\/lt_lt\\\/shop\\\/beauty-of-joseon-veido-prausiklis-green-plum-refreshing-cleanser\\\/\"]}]},{\"@type\":\"ImageObject\",\"inLanguage\":\"lt-LT\",\"@id\":\"https:\\\/\\\/www.malinashop.lt\\\/lt_lt\\\/shop\\\/beauty-of-joseon-veido-prausiklis-green-plum-refreshing-cleanser\\\/#primaryimage\",\"url\":\"https:\\\/\\\/www.malinashop.lt\\\/wp-content\\\/uploads\\\/2026\\\/04\\\/Beauty-of-Joseon-Green-Plum-Refreshing-Cleanser-veido-prausiklis.png\",\"contentUrl\":\"https:\\\/\\\/www.malinashop.lt\\\/wp-content\\\/uploads\\\/2026\\\/04\\\/Beauty-of-Joseon-Green-Plum-Refreshing-Cleanser-veido-prausiklis.png\",\"width\":1100,\"height\":1100},{\"@type\":\"BreadcrumbList\",\"@id\":\"https:\\\/\\\/www.malinashop.lt\\\/lt_lt\\\/shop\\\/beauty-of-joseon-veido-prausiklis-green-plum-refreshing-cleanser\\\/#breadcrumb\",\"itemListElement\":[{\"@type\":\"ListItem\",\"position\":1,\"name\":\"Home\",\"item\":\"https:\\\/\\\/www.malinashop.lt\\\/en\\\/\"},{\"@type\":\"ListItem\",\"position\":2,\"name\":\"Parduotuv\u0117\",\"item\":\"https:\\\/\\\/www.malinashop.lt\\\/en\\\/parduotuve\\\/\"},{\"@type\":\"ListItem\",\"position\":3,\"name\":\"Beauty of Joseon veido prausiklis Green Plum Refreshing Cleanser\"}]},{\"@type\":\"WebSite\",\"@id\":\"https:\\\/\\\/www.malinashop.lt\\\/en\\\/#website\",\"url\":\"https:\\\/\\\/www.malinashop.lt\\\/en\\\/\",\"name\":\"COM Group Ecommerce\",\"description\":\"MalinaShop.lt - Gro\u017eio ir sveikatos produktai i\u0161 patikim\u0173 preki\u0173 \u017eenkl\u0173. Atraskite auk\u0161tos kokyb\u0117s kosmetik\u0105 u\u017e puiki\u0105 kain\u0105.\",\"publisher\":{\"@id\":\"https:\\\/\\\/www.malinashop.lt\\\/en\\\/#organization\"},\"potentialAction\":[{\"@type\":\"SearchAction\",\"target\":{\"@type\":\"EntryPoint\",\"urlTemplate\":\"https:\\\/\\\/www.malinashop.lt\\\/en\\\/?s={search_term_string}\"},\"query-input\":{\"@type\":\"PropertyValueSpecification\",\"valueRequired\":true,\"valueName\":\"search_term_string\"}}],\"inLanguage\":\"lt-LT\"},{\"@type\":\"Organization\",\"@id\":\"https:\\\/\\\/www.malinashop.lt\\\/en\\\/#organization\",\"name\":\"COM Group Ecommerce\",\"url\":\"https:\\\/\\\/www.malinashop.lt\\\/en\\\/\",\"logo\":{\"@type\":\"ImageObject\",\"inLanguage\":\"lt-LT\",\"@id\":\"https:\\\/\\\/www.malinashop.lt\\\/en\\\/#\\\/schema\\\/logo\\\/image\\\/\",\"url\":\"https:\\\/\\\/www.malinashop.lt\\\/wp-content\\\/uploads\\\/2024\\\/08\\\/462559670_3787732518133670_9795632669273463_n-e1731525914575.png\",\"contentUrl\":\"https:\\\/\\\/www.malinashop.lt\\\/wp-content\\\/uploads\\\/2024\\\/08\\\/462559670_3787732518133670_9795632669273463_n-e1731525914575.png\",\"width\":180,\"height\":60,\"caption\":\"COM Group Ecommerce\"},\"image\":{\"@id\":\"https:\\\/\\\/www.malinashop.lt\\\/en\\\/#\\\/schema\\\/logo\\\/image\\\/\"}}]}<\/script>\n<!-- \/ Yoast SEO plugin. -->","yoast_head_json":{"title":"Beauty of Joseon veido prausiklis Green Plum Refreshing Cleanser - MalinaShop.lt J\u016bs\u0173 sveikatai ir gro\u017eiui.","description":"Beauty of Joseon Green Plum Refreshing Cleanser \u2013 tai \u0161velnus, gelio tekst\u016bros prausiklis, sukurtas palaikyti sveik\u0105 odos balans\u0105.","robots":{"index":"index","follow":"follow","max-snippet":"max-snippet:-1","max-image-preview":"max-image-preview:large","max-video-preview":"max-video-preview:-1"},"canonical":"https:\/\/www.malinashop.lt\/lt_lt\/shop\/beauty-of-joseon-veido-prausiklis-green-plum-refreshing-cleanser\/","og_locale":"lt_LT","og_type":"article","og_title":"Beauty of Joseon veido prausiklis Green Plum Refreshing Cleanser - MalinaShop.lt J\u016bs\u0173 sveikatai ir gro\u017eiui.","og_description":"Beauty of Joseon Green Plum Refreshing Cleanser \u2013 tai \u0161velnus, gelio tekst\u016bros prausiklis, sukurtas palaikyti sveik\u0105 odos balans\u0105.","og_url":"https:\/\/www.malinashop.lt\/lt_lt\/shop\/beauty-of-joseon-veido-prausiklis-green-plum-refreshing-cleanser\/","og_site_name":"MalinaShop.lt J\u016bs\u0173 sveikatai ir gro\u017eiui.","article_modified_time":"2026-04-07T20:10:42+00:00","og_image":[{"width":1100,"height":1100,"url":"https:\/\/www.malinashop.lt\/wp-content\/uploads\/2026\/04\/Beauty-of-Joseon-Green-Plum-Refreshing-Cleanser-veido-prausiklis.png","type":"image\/png"}],"twitter_card":"summary_large_image","schema":{"@context":"https:\/\/schema.org","@graph":[{"@type":"WebPage","@id":"https:\/\/www.malinashop.lt\/lt_lt\/shop\/beauty-of-joseon-veido-prausiklis-green-plum-refreshing-cleanser\/","url":"https:\/\/www.malinashop.lt\/lt_lt\/shop\/beauty-of-joseon-veido-prausiklis-green-plum-refreshing-cleanser\/","name":"Beauty of Joseon veido prausiklis Green Plum Refreshing Cleanser - MalinaShop.lt J\u016bs\u0173 sveikatai ir gro\u017eiui.","isPartOf":{"@id":"https:\/\/www.malinashop.lt\/en\/#website"},"primaryImageOfPage":{"@id":"https:\/\/www.malinashop.lt\/lt_lt\/shop\/beauty-of-joseon-veido-prausiklis-green-plum-refreshing-cleanser\/#primaryimage"},"image":{"@id":"https:\/\/www.malinashop.lt\/lt_lt\/shop\/beauty-of-joseon-veido-prausiklis-green-plum-refreshing-cleanser\/#primaryimage"},"thumbnailUrl":"https:\/\/www.malinashop.lt\/wp-content\/uploads\/2026\/04\/Beauty-of-Joseon-Green-Plum-Refreshing-Cleanser-veido-prausiklis.png","datePublished":"2026-04-07T19:54:41+00:00","dateModified":"2026-04-07T20:10:42+00:00","description":"Beauty of Joseon Green Plum Refreshing Cleanser \u2013 tai \u0161velnus, gelio tekst\u016bros prausiklis, sukurtas palaikyti sveik\u0105 odos balans\u0105.","breadcrumb":{"@id":"https:\/\/www.malinashop.lt\/lt_lt\/shop\/beauty-of-joseon-veido-prausiklis-green-plum-refreshing-cleanser\/#breadcrumb"},"inLanguage":"lt-LT","potentialAction":[{"@type":"ReadAction","target":["https:\/\/www.malinashop.lt\/lt_lt\/shop\/beauty-of-joseon-veido-prausiklis-green-plum-refreshing-cleanser\/"]}]},{"@type":"ImageObject","inLanguage":"lt-LT","@id":"https:\/\/www.malinashop.lt\/lt_lt\/shop\/beauty-of-joseon-veido-prausiklis-green-plum-refreshing-cleanser\/#primaryimage","url":"https:\/\/www.malinashop.lt\/wp-content\/uploads\/2026\/04\/Beauty-of-Joseon-Green-Plum-Refreshing-Cleanser-veido-prausiklis.png","contentUrl":"https:\/\/www.malinashop.lt\/wp-content\/uploads\/2026\/04\/Beauty-of-Joseon-Green-Plum-Refreshing-Cleanser-veido-prausiklis.png","width":1100,"height":1100},{"@type":"BreadcrumbList","@id":"https:\/\/www.malinashop.lt\/lt_lt\/shop\/beauty-of-joseon-veido-prausiklis-green-plum-refreshing-cleanser\/#breadcrumb","itemListElement":[{"@type":"ListItem","position":1,"name":"Home","item":"https:\/\/www.malinashop.lt\/en\/"},{"@type":"ListItem","position":2,"name":"Parduotuv\u0117","item":"https:\/\/www.malinashop.lt\/en\/parduotuve\/"},{"@type":"ListItem","position":3,"name":"Beauty of Joseon veido prausiklis Green Plum Refreshing Cleanser"}]},{"@type":"WebSite","@id":"https:\/\/www.malinashop.lt\/en\/#website","url":"https:\/\/www.malinashop.lt\/en\/","name":"COM Group Ecommerce","description":"MalinaShop.lt - Gro\u017eio ir sveikatos produktai i\u0161 patikim\u0173 preki\u0173 \u017eenkl\u0173. Atraskite auk\u0161tos kokyb\u0117s kosmetik\u0105 u\u017e puiki\u0105 kain\u0105.","publisher":{"@id":"https:\/\/www.malinashop.lt\/en\/#organization"},"potentialAction":[{"@type":"SearchAction","target":{"@type":"EntryPoint","urlTemplate":"https:\/\/www.malinashop.lt\/en\/?s={search_term_string}"},"query-input":{"@type":"PropertyValueSpecification","valueRequired":true,"valueName":"search_term_string"}}],"inLanguage":"lt-LT"},{"@type":"Organization","@id":"https:\/\/www.malinashop.lt\/en\/#organization","name":"COM Group Ecommerce","url":"https:\/\/www.malinashop.lt\/en\/","logo":{"@type":"ImageObject","inLanguage":"lt-LT","@id":"https:\/\/www.malinashop.lt\/en\/#\/schema\/logo\/image\/","url":"https:\/\/www.malinashop.lt\/wp-content\/uploads\/2024\/08\/462559670_3787732518133670_9795632669273463_n-e1731525914575.png","contentUrl":"https:\/\/www.malinashop.lt\/wp-content\/uploads\/2024\/08\/462559670_3787732518133670_9795632669273463_n-e1731525914575.png","width":180,"height":60,"caption":"COM Group Ecommerce"},"image":{"@id":"https:\/\/www.malinashop.lt\/en\/#\/schema\/logo\/image\/"}}]}},"jetpack_sharing_enabled":true,"_links":{"self":[{"href":"https:\/\/www.malinashop.lt\/lt_lt\/wp-json\/wp\/v2\/product\/76516","targetHints":{"allow":["GET"]}}],"collection":[{"href":"https:\/\/www.malinashop.lt\/lt_lt\/wp-json\/wp\/v2\/product"}],"about":[{"href":"https:\/\/www.malinashop.lt\/lt_lt\/wp-json\/wp\/v2\/types\/product"}],"version-history":[{"count":3,"href":"https:\/\/www.malinashop.lt\/lt_lt\/wp-json\/wp\/v2\/product\/76516\/revisions"}],"predecessor-version":[{"id":76565,"href":"https:\/\/www.malinashop.lt\/lt_lt\/wp-json\/wp\/v2\/product\/76516\/revisions\/76565"}],"wp:featuredmedia":[{"embeddable":true,"href":"https:\/\/www.malinashop.lt\/lt_lt\/wp-json\/wp\/v2\/media\/76418"}],"wp:attachment":[{"href":"https:\/\/www.malinashop.lt\/lt_lt\/wp-json\/wp\/v2\/media?parent=76516"}],"wp:term":[{"taxonomy":"product_brand","embeddable":true,"href":"https:\/\/www.malinashop.lt\/lt_lt\/wp-json\/wp\/v2\/product_brand?post=76516"},{"taxonomy":"product_cat","embeddable":true,"href":"https:\/\/www.malinashop.lt\/lt_lt\/wp-json\/wp\/v2\/product_cat?post=76516"},{"taxonomy":"product_tag","embeddable":true,"href":"https:\/\/www.malinashop.lt\/lt_lt\/wp-json\/wp\/v2\/product_tag?post=76516"}],"curies":[{"name":"wp","href":"https:\/\/api.w.org\/{rel}","templated":true}]}}