{"id":76510,"date":"2026-04-07T22:54:38","date_gmt":"2026-04-07T19:54:38","guid":{"rendered":"https:\/\/malinashop.lt\/shop\/beauty-of-joseon-raminamasis-veido-serumas-calming-serum-green-tea-panthenol\/"},"modified":"2026-04-07T23:22:24","modified_gmt":"2026-04-07T20:22:24","slug":"beauty-of-joseon-raminamasis-veido-serumas-calming-serum-green-tea-panthenol","status":"publish","type":"product","link":"https:\/\/www.malinashop.lt\/lt_lt\/shop\/beauty-of-joseon-raminamasis-veido-serumas-calming-serum-green-tea-panthenol\/","title":{"rendered":"Beauty of Joseon raminamasis veido serumas Calming Serum Green Tea + Panthenol"},"content":{"rendered":"<h4 data-path-to-node=\"2\"><b data-path-to-node=\"2\" data-index-in-node=\"0\">Beauty of Joseon Calming Serum: Green Tea + Panthenol (30 ml)<\/b><\/h4>\n<p data-path-to-node=\"3\"><b data-path-to-node=\"3\" data-index-in-node=\"0\">Beauty of Joseon Calming Serum<\/b> \u2013 tai intensyviai raminanti priemon\u0117, sukurta specialiai jautrios, sudirgusios ir dr\u0117gm\u0119 praradusios odos prie\u017ei\u016brai. Atnaujinta serumo formul\u0117 pasi\u017eymi dar stipresniu dr\u0117kinamuoju poveikiu, padedan\u010diu greitai atkurti odos komfort\u0105 ir apsaugoti j\u0105 nuo aplinkos dirgikli\u0173.<\/p>\n<p data-path-to-node=\"4\"><b data-path-to-node=\"4\" data-index-in-node=\"0\">Pagrindin\u0117s veikliosios med\u017eiagos:<\/b><\/p>\n<ul data-path-to-node=\"5\">\n<li>\n<p data-path-to-node=\"5,0,0\"><b data-path-to-node=\"5,0,0\" data-index-in-node=\"0\">\u017daliosios arbatos lap\u0173 vanduo (50,9 %):<\/b> galingas antioksidantas, kuris ne tik ramina u\u017edegimus, bet ir v\u0117sina bei gaivina od\u0105.<\/p>\n<\/li>\n<li>\n<p data-path-to-node=\"5,1,0\"><b data-path-to-node=\"5,1,0\" data-index-in-node=\"0\">Pantenolis (5 %):<\/b> virsta vitaminu B5, kuris pritraukia dr\u0117gm\u0119 ir sukuria apsaugin\u0119 pl\u0117vel\u0119, neleid\u017eian\u010di\u0105 odai i\u0161saus\u0117ti.<\/p>\n<\/li>\n<li>\n<p data-path-to-node=\"5,2,0\"><b data-path-to-node=\"5,2,0\" data-index-in-node=\"0\">Pelyno ekstraktas (30 %):<\/b> atnaujintoje sud\u0117tyje esantis ingredientas, \u017einomas d\u0117l savo unikali\u0173 gydom\u0173j\u0173 ir dr\u0117kinam\u0173j\u0173 savybi\u0173, padedan\u010di\u0173 suvaldyti odos raudon\u012f.<\/p>\n<\/li>\n<\/ul>\n<p data-path-to-node=\"6\"><b data-path-to-node=\"6\" data-index-in-node=\"0\">Kod\u0117l verta rinktis \u0161\u012f serum\u0105?<\/b> Lengva ir vandenin\u0117 tekst\u016bra akimirksniu susigeria \u012f od\u0105, nepalikdama jokio sunkumo ar lipnumo. Tai idealus pasirinkimas, jei j\u016bs\u0173 oda reaguoja \u012f temperat\u016br\u0173 poky\u010dius, saus\u0105 or\u0105 ar kosmetines proced\u016bras. Reguliariai naudojant, odos barjeras tampa stipresnis, o veidas atrodo pails\u0117j\u0119s ir tolygus.<\/p>\n<p data-path-to-node=\"7\"><b data-path-to-node=\"7\" data-index-in-node=\"0\">Naudojimas:<\/b> Nedidel\u012f kiek\u012f serumo (2\u20133 la\u0161us) \u0161velniai \u012fmasa\u017euokite \u012f \u0161vari\u0105, tonizuot\u0105 veido od\u0105. Naudokite ryte ir vakare prie\u0161 tepdami krem\u0105.<\/p>\n<p data-path-to-node=\"8\"><b data-path-to-node=\"8\" data-index-in-node=\"0\">Talpa:<\/b> 30 ml <b data-path-to-node=\"8\" data-index-in-node=\"13\">Odos tipas:<\/b> Visiems odos tipams, ypa\u010d rekomenduojamas jautriai, raustan\u010diai ir sudirgusiai odai.<\/p>\n<h3>Sud\u0117tis<\/h3>\n<div class=\"product-details__block\">\n<div id=\"panel-2\" tabindex=\"0\" role=\"tabpanel\" aria-labelledby=\"tab-2\">\n<div class=\"rte\">\n<p><span class=\"metafield-multi_line_text_field\">Aqua, Panthenol, Glycerin, Butylene Glycol, 1,2-Hexanediol, Methylpropanediol, Camellia Sinensis Leaf Water, Acrylates\/C10-30 Alkyl Acrylate Crosspolymer, Tromethamine, Betaine, Ethylhexylglycerin, Allantoin, Dipotassium Glycyrrhizate, Artemisia Capillaris Extract, Glyceryl Acrylate\/Acrylic Acid Copolymer, Melia Azadirachta Leaf Extract, Polyquaternium-51, Malt Extract, Melia Azadirachta Flower Extract, Coptis Japonica Root Extract, Sodium Hyaluronate<\/span><\/p>\n<\/div>\n<\/div>\n<\/div>\n","protected":false},"excerpt":{"rendered":"<p>Beauty of Joseon raminamasis serumas jautriai ir sudirgintai odai. Su 50,9% \u017ealiosios arbatos lap\u0173 vandeniu ir 5% pantenoliu. Atnaujinta formul\u0117 su 30% pelyno ekstraktu. 30ml.<\/p>\n","protected":false},"featured_media":76387,"template":"","meta":[],"product_brand":[1360],"product_cat":[550,728],"product_tag":[],"class_list":{"0":"post-76510","1":"product","2":"type-product","3":"status-publish","4":"has-post-thumbnail","6":"product_brand-beauty-of-joseon","7":"product_cat-veido-serumai","8":"product_cat-veidui","10":"first","11":"instock","12":"taxable","13":"shipping-taxable","14":"purchasable","15":"product-type-simple"},"yoast_head":"<!-- This site is optimized with the Yoast SEO plugin v27.4 - https:\/\/yoast.com\/product\/yoast-seo-wordpress\/ -->\n<title>Beauty of Joseon raminamasis veido serumas Calming Serum Green Tea + Panthenol - MalinaShop.lt J\u016bs\u0173 sveikatai ir gro\u017eiui.<\/title>\n<meta name=\"description\" content=\"Beauty of Joseon raminamasis serumas su \u017eali\u0105ja arbata ir pantenoliu. 50,9% \u017ealiosios arbatos vanduo. Jautriai odai. 30ml.\" \/>\n<meta name=\"robots\" content=\"index, follow, max-snippet:-1, max-image-preview:large, max-video-preview:-1\" \/>\n<link rel=\"canonical\" href=\"https:\/\/www.malinashop.lt\/lt_lt\/shop\/beauty-of-joseon-raminamasis-veido-serumas-calming-serum-green-tea-panthenol\/\" \/>\n<meta property=\"og:locale\" content=\"lt_LT\" \/>\n<meta property=\"og:type\" content=\"article\" \/>\n<meta property=\"og:title\" content=\"Beauty of Joseon raminamasis veido serumas Calming Serum Green Tea + Panthenol - MalinaShop.lt J\u016bs\u0173 sveikatai ir gro\u017eiui.\" \/>\n<meta property=\"og:description\" content=\"Beauty of Joseon raminamasis serumas su \u017eali\u0105ja arbata ir pantenoliu. 50,9% \u017ealiosios arbatos vanduo. Jautriai odai. 30ml.\" \/>\n<meta property=\"og:url\" content=\"https:\/\/www.malinashop.lt\/lt_lt\/shop\/beauty-of-joseon-raminamasis-veido-serumas-calming-serum-green-tea-panthenol\/\" \/>\n<meta property=\"og:site_name\" content=\"MalinaShop.lt J\u016bs\u0173 sveikatai ir gro\u017eiui.\" \/>\n<meta property=\"article:modified_time\" content=\"2026-04-07T20:22:24+00:00\" \/>\n<meta property=\"og:image\" content=\"https:\/\/www.malinashop.lt\/wp-content\/uploads\/2026\/04\/Beauty-of-Joseon-Calming-Serum-Green-tea-Phanthenol-raminamasis-veido-serumas.png\" \/>\n\t<meta property=\"og:image:width\" content=\"1100\" \/>\n\t<meta property=\"og:image:height\" content=\"1100\" \/>\n\t<meta property=\"og:image:type\" content=\"image\/png\" \/>\n<meta name=\"twitter:card\" content=\"summary_large_image\" \/>\n<script type=\"application\/ld+json\" class=\"yoast-schema-graph\">{\"@context\":\"https:\\\/\\\/schema.org\",\"@graph\":[{\"@type\":\"WebPage\",\"@id\":\"https:\\\/\\\/www.malinashop.lt\\\/lt_lt\\\/shop\\\/beauty-of-joseon-raminamasis-veido-serumas-calming-serum-green-tea-panthenol\\\/\",\"url\":\"https:\\\/\\\/www.malinashop.lt\\\/lt_lt\\\/shop\\\/beauty-of-joseon-raminamasis-veido-serumas-calming-serum-green-tea-panthenol\\\/\",\"name\":\"Beauty of Joseon raminamasis veido serumas Calming Serum Green Tea + Panthenol - MalinaShop.lt J\u016bs\u0173 sveikatai ir gro\u017eiui.\",\"isPartOf\":{\"@id\":\"https:\\\/\\\/www.malinashop.lt\\\/en\\\/#website\"},\"primaryImageOfPage\":{\"@id\":\"https:\\\/\\\/www.malinashop.lt\\\/lt_lt\\\/shop\\\/beauty-of-joseon-raminamasis-veido-serumas-calming-serum-green-tea-panthenol\\\/#primaryimage\"},\"image\":{\"@id\":\"https:\\\/\\\/www.malinashop.lt\\\/lt_lt\\\/shop\\\/beauty-of-joseon-raminamasis-veido-serumas-calming-serum-green-tea-panthenol\\\/#primaryimage\"},\"thumbnailUrl\":\"https:\\\/\\\/www.malinashop.lt\\\/wp-content\\\/uploads\\\/2026\\\/04\\\/Beauty-of-Joseon-Calming-Serum-Green-tea-Phanthenol-raminamasis-veido-serumas.png\",\"datePublished\":\"2026-04-07T19:54:38+00:00\",\"dateModified\":\"2026-04-07T20:22:24+00:00\",\"description\":\"Beauty of Joseon raminamasis serumas su \u017eali\u0105ja arbata ir pantenoliu. 50,9% \u017ealiosios arbatos vanduo. Jautriai odai. 30ml.\",\"breadcrumb\":{\"@id\":\"https:\\\/\\\/www.malinashop.lt\\\/lt_lt\\\/shop\\\/beauty-of-joseon-raminamasis-veido-serumas-calming-serum-green-tea-panthenol\\\/#breadcrumb\"},\"inLanguage\":\"lt-LT\",\"potentialAction\":[{\"@type\":\"ReadAction\",\"target\":[\"https:\\\/\\\/www.malinashop.lt\\\/lt_lt\\\/shop\\\/beauty-of-joseon-raminamasis-veido-serumas-calming-serum-green-tea-panthenol\\\/\"]}]},{\"@type\":\"ImageObject\",\"inLanguage\":\"lt-LT\",\"@id\":\"https:\\\/\\\/www.malinashop.lt\\\/lt_lt\\\/shop\\\/beauty-of-joseon-raminamasis-veido-serumas-calming-serum-green-tea-panthenol\\\/#primaryimage\",\"url\":\"https:\\\/\\\/www.malinashop.lt\\\/wp-content\\\/uploads\\\/2026\\\/04\\\/Beauty-of-Joseon-Calming-Serum-Green-tea-Phanthenol-raminamasis-veido-serumas.png\",\"contentUrl\":\"https:\\\/\\\/www.malinashop.lt\\\/wp-content\\\/uploads\\\/2026\\\/04\\\/Beauty-of-Joseon-Calming-Serum-Green-tea-Phanthenol-raminamasis-veido-serumas.png\",\"width\":1100,\"height\":1100},{\"@type\":\"BreadcrumbList\",\"@id\":\"https:\\\/\\\/www.malinashop.lt\\\/lt_lt\\\/shop\\\/beauty-of-joseon-raminamasis-veido-serumas-calming-serum-green-tea-panthenol\\\/#breadcrumb\",\"itemListElement\":[{\"@type\":\"ListItem\",\"position\":1,\"name\":\"Home\",\"item\":\"https:\\\/\\\/www.malinashop.lt\\\/en\\\/\"},{\"@type\":\"ListItem\",\"position\":2,\"name\":\"Parduotuv\u0117\",\"item\":\"https:\\\/\\\/www.malinashop.lt\\\/en\\\/parduotuve\\\/\"},{\"@type\":\"ListItem\",\"position\":3,\"name\":\"Beauty of Joseon raminamasis veido serumas Calming Serum Green Tea + Panthenol\"}]},{\"@type\":\"WebSite\",\"@id\":\"https:\\\/\\\/www.malinashop.lt\\\/en\\\/#website\",\"url\":\"https:\\\/\\\/www.malinashop.lt\\\/en\\\/\",\"name\":\"COM Group Ecommerce\",\"description\":\"MalinaShop.lt - Gro\u017eio ir sveikatos produktai i\u0161 patikim\u0173 preki\u0173 \u017eenkl\u0173. Atraskite auk\u0161tos kokyb\u0117s kosmetik\u0105 u\u017e puiki\u0105 kain\u0105.\",\"publisher\":{\"@id\":\"https:\\\/\\\/www.malinashop.lt\\\/en\\\/#organization\"},\"potentialAction\":[{\"@type\":\"SearchAction\",\"target\":{\"@type\":\"EntryPoint\",\"urlTemplate\":\"https:\\\/\\\/www.malinashop.lt\\\/en\\\/?s={search_term_string}\"},\"query-input\":{\"@type\":\"PropertyValueSpecification\",\"valueRequired\":true,\"valueName\":\"search_term_string\"}}],\"inLanguage\":\"lt-LT\"},{\"@type\":\"Organization\",\"@id\":\"https:\\\/\\\/www.malinashop.lt\\\/en\\\/#organization\",\"name\":\"COM Group Ecommerce\",\"url\":\"https:\\\/\\\/www.malinashop.lt\\\/en\\\/\",\"logo\":{\"@type\":\"ImageObject\",\"inLanguage\":\"lt-LT\",\"@id\":\"https:\\\/\\\/www.malinashop.lt\\\/en\\\/#\\\/schema\\\/logo\\\/image\\\/\",\"url\":\"https:\\\/\\\/www.malinashop.lt\\\/wp-content\\\/uploads\\\/2024\\\/08\\\/462559670_3787732518133670_9795632669273463_n-e1731525914575.png\",\"contentUrl\":\"https:\\\/\\\/www.malinashop.lt\\\/wp-content\\\/uploads\\\/2024\\\/08\\\/462559670_3787732518133670_9795632669273463_n-e1731525914575.png\",\"width\":180,\"height\":60,\"caption\":\"COM Group Ecommerce\"},\"image\":{\"@id\":\"https:\\\/\\\/www.malinashop.lt\\\/en\\\/#\\\/schema\\\/logo\\\/image\\\/\"}}]}<\/script>\n<!-- \/ Yoast SEO plugin. -->","yoast_head_json":{"title":"Beauty of Joseon raminamasis veido serumas Calming Serum Green Tea + Panthenol - MalinaShop.lt J\u016bs\u0173 sveikatai ir gro\u017eiui.","description":"Beauty of Joseon raminamasis serumas su \u017eali\u0105ja arbata ir pantenoliu. 50,9% \u017ealiosios arbatos vanduo. Jautriai odai. 30ml.","robots":{"index":"index","follow":"follow","max-snippet":"max-snippet:-1","max-image-preview":"max-image-preview:large","max-video-preview":"max-video-preview:-1"},"canonical":"https:\/\/www.malinashop.lt\/lt_lt\/shop\/beauty-of-joseon-raminamasis-veido-serumas-calming-serum-green-tea-panthenol\/","og_locale":"lt_LT","og_type":"article","og_title":"Beauty of Joseon raminamasis veido serumas Calming Serum Green Tea + Panthenol - MalinaShop.lt J\u016bs\u0173 sveikatai ir gro\u017eiui.","og_description":"Beauty of Joseon raminamasis serumas su \u017eali\u0105ja arbata ir pantenoliu. 50,9% \u017ealiosios arbatos vanduo. Jautriai odai. 30ml.","og_url":"https:\/\/www.malinashop.lt\/lt_lt\/shop\/beauty-of-joseon-raminamasis-veido-serumas-calming-serum-green-tea-panthenol\/","og_site_name":"MalinaShop.lt J\u016bs\u0173 sveikatai ir gro\u017eiui.","article_modified_time":"2026-04-07T20:22:24+00:00","og_image":[{"width":1100,"height":1100,"url":"https:\/\/www.malinashop.lt\/wp-content\/uploads\/2026\/04\/Beauty-of-Joseon-Calming-Serum-Green-tea-Phanthenol-raminamasis-veido-serumas.png","type":"image\/png"}],"twitter_card":"summary_large_image","schema":{"@context":"https:\/\/schema.org","@graph":[{"@type":"WebPage","@id":"https:\/\/www.malinashop.lt\/lt_lt\/shop\/beauty-of-joseon-raminamasis-veido-serumas-calming-serum-green-tea-panthenol\/","url":"https:\/\/www.malinashop.lt\/lt_lt\/shop\/beauty-of-joseon-raminamasis-veido-serumas-calming-serum-green-tea-panthenol\/","name":"Beauty of Joseon raminamasis veido serumas Calming Serum Green Tea + Panthenol - MalinaShop.lt J\u016bs\u0173 sveikatai ir gro\u017eiui.","isPartOf":{"@id":"https:\/\/www.malinashop.lt\/en\/#website"},"primaryImageOfPage":{"@id":"https:\/\/www.malinashop.lt\/lt_lt\/shop\/beauty-of-joseon-raminamasis-veido-serumas-calming-serum-green-tea-panthenol\/#primaryimage"},"image":{"@id":"https:\/\/www.malinashop.lt\/lt_lt\/shop\/beauty-of-joseon-raminamasis-veido-serumas-calming-serum-green-tea-panthenol\/#primaryimage"},"thumbnailUrl":"https:\/\/www.malinashop.lt\/wp-content\/uploads\/2026\/04\/Beauty-of-Joseon-Calming-Serum-Green-tea-Phanthenol-raminamasis-veido-serumas.png","datePublished":"2026-04-07T19:54:38+00:00","dateModified":"2026-04-07T20:22:24+00:00","description":"Beauty of Joseon raminamasis serumas su \u017eali\u0105ja arbata ir pantenoliu. 50,9% \u017ealiosios arbatos vanduo. Jautriai odai. 30ml.","breadcrumb":{"@id":"https:\/\/www.malinashop.lt\/lt_lt\/shop\/beauty-of-joseon-raminamasis-veido-serumas-calming-serum-green-tea-panthenol\/#breadcrumb"},"inLanguage":"lt-LT","potentialAction":[{"@type":"ReadAction","target":["https:\/\/www.malinashop.lt\/lt_lt\/shop\/beauty-of-joseon-raminamasis-veido-serumas-calming-serum-green-tea-panthenol\/"]}]},{"@type":"ImageObject","inLanguage":"lt-LT","@id":"https:\/\/www.malinashop.lt\/lt_lt\/shop\/beauty-of-joseon-raminamasis-veido-serumas-calming-serum-green-tea-panthenol\/#primaryimage","url":"https:\/\/www.malinashop.lt\/wp-content\/uploads\/2026\/04\/Beauty-of-Joseon-Calming-Serum-Green-tea-Phanthenol-raminamasis-veido-serumas.png","contentUrl":"https:\/\/www.malinashop.lt\/wp-content\/uploads\/2026\/04\/Beauty-of-Joseon-Calming-Serum-Green-tea-Phanthenol-raminamasis-veido-serumas.png","width":1100,"height":1100},{"@type":"BreadcrumbList","@id":"https:\/\/www.malinashop.lt\/lt_lt\/shop\/beauty-of-joseon-raminamasis-veido-serumas-calming-serum-green-tea-panthenol\/#breadcrumb","itemListElement":[{"@type":"ListItem","position":1,"name":"Home","item":"https:\/\/www.malinashop.lt\/en\/"},{"@type":"ListItem","position":2,"name":"Parduotuv\u0117","item":"https:\/\/www.malinashop.lt\/en\/parduotuve\/"},{"@type":"ListItem","position":3,"name":"Beauty of Joseon raminamasis veido serumas Calming Serum Green Tea + Panthenol"}]},{"@type":"WebSite","@id":"https:\/\/www.malinashop.lt\/en\/#website","url":"https:\/\/www.malinashop.lt\/en\/","name":"COM Group Ecommerce","description":"MalinaShop.lt - Gro\u017eio ir sveikatos produktai i\u0161 patikim\u0173 preki\u0173 \u017eenkl\u0173. Atraskite auk\u0161tos kokyb\u0117s kosmetik\u0105 u\u017e puiki\u0105 kain\u0105.","publisher":{"@id":"https:\/\/www.malinashop.lt\/en\/#organization"},"potentialAction":[{"@type":"SearchAction","target":{"@type":"EntryPoint","urlTemplate":"https:\/\/www.malinashop.lt\/en\/?s={search_term_string}"},"query-input":{"@type":"PropertyValueSpecification","valueRequired":true,"valueName":"search_term_string"}}],"inLanguage":"lt-LT"},{"@type":"Organization","@id":"https:\/\/www.malinashop.lt\/en\/#organization","name":"COM Group Ecommerce","url":"https:\/\/www.malinashop.lt\/en\/","logo":{"@type":"ImageObject","inLanguage":"lt-LT","@id":"https:\/\/www.malinashop.lt\/en\/#\/schema\/logo\/image\/","url":"https:\/\/www.malinashop.lt\/wp-content\/uploads\/2024\/08\/462559670_3787732518133670_9795632669273463_n-e1731525914575.png","contentUrl":"https:\/\/www.malinashop.lt\/wp-content\/uploads\/2024\/08\/462559670_3787732518133670_9795632669273463_n-e1731525914575.png","width":180,"height":60,"caption":"COM Group Ecommerce"},"image":{"@id":"https:\/\/www.malinashop.lt\/en\/#\/schema\/logo\/image\/"}}]}},"jetpack_sharing_enabled":true,"_links":{"self":[{"href":"https:\/\/www.malinashop.lt\/lt_lt\/wp-json\/wp\/v2\/product\/76510","targetHints":{"allow":["GET"]}}],"collection":[{"href":"https:\/\/www.malinashop.lt\/lt_lt\/wp-json\/wp\/v2\/product"}],"about":[{"href":"https:\/\/www.malinashop.lt\/lt_lt\/wp-json\/wp\/v2\/types\/product"}],"version-history":[{"count":3,"href":"https:\/\/www.malinashop.lt\/lt_lt\/wp-json\/wp\/v2\/product\/76510\/revisions"}],"predecessor-version":[{"id":76573,"href":"https:\/\/www.malinashop.lt\/lt_lt\/wp-json\/wp\/v2\/product\/76510\/revisions\/76573"}],"wp:featuredmedia":[{"embeddable":true,"href":"https:\/\/www.malinashop.lt\/lt_lt\/wp-json\/wp\/v2\/media\/76387"}],"wp:attachment":[{"href":"https:\/\/www.malinashop.lt\/lt_lt\/wp-json\/wp\/v2\/media?parent=76510"}],"wp:term":[{"taxonomy":"product_brand","embeddable":true,"href":"https:\/\/www.malinashop.lt\/lt_lt\/wp-json\/wp\/v2\/product_brand?post=76510"},{"taxonomy":"product_cat","embeddable":true,"href":"https:\/\/www.malinashop.lt\/lt_lt\/wp-json\/wp\/v2\/product_cat?post=76510"},{"taxonomy":"product_tag","embeddable":true,"href":"https:\/\/www.malinashop.lt\/lt_lt\/wp-json\/wp\/v2\/product_tag?post=76510"}],"curies":[{"name":"wp","href":"https:\/\/api.w.org\/{rel}","templated":true}]}}