{"id":76122,"date":"2026-04-04T21:23:58","date_gmt":"2026-04-04T18:23:58","guid":{"rendered":"https:\/\/malinashop.lt\/?post_type=product&#038;p=76122"},"modified":"2026-04-07T22:17:46","modified_gmt":"2026-04-07T19:17:46","slug":"anua-valomasis-veido-aliejus-heartleaf-pore-control-cleansing-oil-20ml","status":"publish","type":"product","link":"https:\/\/www.malinashop.lt\/lt_lt\/shop\/anua-valomasis-veido-aliejus-heartleaf-pore-control-cleansing-oil-20ml\/","title":{"rendered":"Anua valomasis veido aliejus Heartleaf Pore Control Cleansing Oil, 20ml"},"content":{"rendered":"<p data-start=\"326\" data-end=\"571\">ANUA Heartleaf Pore Control Cleansing Oil \u2013 tai \u0161velnus, bet efektyvus aliejinis veido valiklis, skirtas makia\u017eo, SPF ir susikaupusi\u0173 ne\u0161varum\u0173 pa\u0161alinimui. Formul\u0117 su augaliniais aliejais giliai valo poras, nepa\u017eeisdama odos apsauginio barjero.<\/p>\n<p data-start=\"573\" data-end=\"814\">Sud\u0117tyje esantys simondsij\u0173, alyvuogi\u0173 ir vynuogi\u0173 kauliuk\u0173 aliejai padeda i\u0161tirpinti net vandeniui atspar\u0173 makia\u017e\u0105, o oda po naudojimo i\u0161lieka \u0161vari, mink\u0161ta ir sudr\u0117kinta. Nekomedogenin\u0117 formul\u0117 tinka ir probleminei, \u012f akn\u0119 linkusiai odai.<\/p>\n<p data-start=\"816\" data-end=\"995\">Houttuynia cordata (heartleaf) ekstraktas ramina od\u0105, ma\u017eina sudirgimus ir padeda i\u0161laikyti odos balans\u0105. Lengva aliejin\u0117 tekst\u016bra lengvai nusiplauna, nepalikdama riebumo poj\u016b\u010dio.<\/p>\n<p data-start=\"997\" data-end=\"1044\">Puikiai tinka kasdienei dvigubo valymo rutinai.<\/p>\n<hr data-start=\"1046\" data-end=\"1049\" \/>\n<h4 data-section-id=\"1stuw1d\" data-start=\"1051\" data-end=\"1072\"><span role=\"text\"><strong data-start=\"1055\" data-end=\"1070\">Naudojimas:<\/strong><\/span><\/h4>\n<p data-start=\"1073\" data-end=\"1191\">Tepkite ant sausos veido odos, masa\u017euokite apie 1 minut\u0119. Nuplaukite vandeniu ir naudokite vandens pagrindo prausikl\u012f.<\/p>\n<hr data-start=\"1193\" data-end=\"1196\" \/>\n<h5 data-section-id=\"kd1lm3\" data-start=\"1198\" data-end=\"1223\"><span role=\"text\"><strong data-start=\"1202\" data-end=\"1221\">Sud\u0117tis (INCI):<\/strong><\/span><\/h5>\n<p data-start=\"1224\" data-end=\"1827\">Ethylhexyl Palmitate, Sorbeth-30 Tetraoleate, Sorbitan Sesquioleate, Caprylic\/Capric Triglyceride, Butyl Avocadate, Fragrance, Helianthus Annuus (Sunflower) Seed Oil, Macadamia Ternifolia Seed Oil, Olea Europaea (Olive) Fruit Oil, Simmondsia Chinensis (Jojoba) Seed Oil, Vitis Vinifera (Grape) Seed Oil, Caprylyl Glycol, Ethylhexylglycerin, Curcuma Longa (Turmeric) Root Extract, Melia Azadirachta Flower Extract, Tocopherol, Melia Azadirachta Leaf Extract, Houttuynia Cordata Extract, Corallina Officinalis Extract, Melia Azadirachta Bark Extract, Moringa Oleifera Seed Oil, Ocimum Sanctum Leaf Extract<\/p>\n","protected":false},"excerpt":{"rendered":"<p data-start=\"187\" data-end=\"298\">Aliejinis valiklis su heartleaf ekstraktu ir augaliniais aliejais efektyviai \u0161alina makia\u017e\u0105, SPF ir ne\u0161varumus.<\/p>\n","protected":false},"featured_media":76126,"template":"","meta":[],"product_brand":[1677],"product_cat":[537,728],"product_tag":[],"class_list":{"0":"post-76122","1":"product","2":"type-product","3":"status-publish","4":"has-post-thumbnail","6":"product_brand-anua","7":"product_cat-veido-valymo-priemones","8":"product_cat-veidui","10":"first","11":"instock","12":"taxable","13":"shipping-taxable","14":"purchasable","15":"product-type-simple"},"yoast_head":"<!-- This site is optimized with the Yoast SEO plugin v27.4 - https:\/\/yoast.com\/product\/yoast-seo-wordpress\/ -->\n<title>Anua valomasis veido aliejus Heartleaf Pore Control Cleansing Oil, 20ml - MalinaShop.lt J\u016bs\u0173 sveikatai ir gro\u017eiui.<\/title>\n<meta name=\"description\" content=\"ANUA valomasis aliejus su heartleaf ir augaliniais aliejais \u0161alina makia\u017e\u0105, SPF, ne\u0161varumus, ramina od\u0105 ir neu\u017ekem\u0161a por\u0173, 20 ml arba 200 ml.\" \/>\n<meta name=\"robots\" content=\"index, follow, max-snippet:-1, max-image-preview:large, max-video-preview:-1\" \/>\n<link rel=\"canonical\" href=\"https:\/\/www.malinashop.lt\/lt_lt\/shop\/anua-valomasis-veido-aliejus-heartleaf-pore-control-cleansing-oil-20ml\/\" \/>\n<meta property=\"og:locale\" content=\"lt_LT\" \/>\n<meta property=\"og:type\" content=\"article\" \/>\n<meta property=\"og:title\" content=\"Anua valomasis veido aliejus Heartleaf Pore Control Cleansing Oil, 20ml - MalinaShop.lt J\u016bs\u0173 sveikatai ir gro\u017eiui.\" \/>\n<meta property=\"og:description\" content=\"ANUA valomasis aliejus su heartleaf ir augaliniais aliejais \u0161alina makia\u017e\u0105, SPF, ne\u0161varumus, ramina od\u0105 ir neu\u017ekem\u0161a por\u0173, 20 ml arba 200 ml.\" \/>\n<meta property=\"og:url\" content=\"https:\/\/www.malinashop.lt\/lt_lt\/shop\/anua-valomasis-veido-aliejus-heartleaf-pore-control-cleansing-oil-20ml\/\" \/>\n<meta property=\"og:site_name\" content=\"MalinaShop.lt J\u016bs\u0173 sveikatai ir gro\u017eiui.\" \/>\n<meta property=\"article:modified_time\" content=\"2026-04-07T19:17:46+00:00\" \/>\n<meta property=\"og:image\" content=\"https:\/\/www.malinashop.lt\/wp-content\/uploads\/2026\/04\/Anua-valomasis-veido-aliejus-Heartleaf-Pore-Control-Cleansing-Oil.webp\" \/>\n\t<meta property=\"og:image:width\" content=\"1100\" \/>\n\t<meta property=\"og:image:height\" content=\"1100\" \/>\n\t<meta property=\"og:image:type\" content=\"image\/webp\" \/>\n<meta name=\"twitter:card\" content=\"summary_large_image\" \/>\n<script type=\"application\/ld+json\" class=\"yoast-schema-graph\">{\"@context\":\"https:\\\/\\\/schema.org\",\"@graph\":[{\"@type\":\"WebPage\",\"@id\":\"https:\\\/\\\/www.malinashop.lt\\\/lt_lt\\\/shop\\\/anua-valomasis-veido-aliejus-heartleaf-pore-control-cleansing-oil-20ml\\\/\",\"url\":\"https:\\\/\\\/www.malinashop.lt\\\/lt_lt\\\/shop\\\/anua-valomasis-veido-aliejus-heartleaf-pore-control-cleansing-oil-20ml\\\/\",\"name\":\"Anua valomasis veido aliejus Heartleaf Pore Control Cleansing Oil, 20ml - MalinaShop.lt J\u016bs\u0173 sveikatai ir gro\u017eiui.\",\"isPartOf\":{\"@id\":\"https:\\\/\\\/www.malinashop.lt\\\/#website\"},\"primaryImageOfPage\":{\"@id\":\"https:\\\/\\\/www.malinashop.lt\\\/lt_lt\\\/shop\\\/anua-valomasis-veido-aliejus-heartleaf-pore-control-cleansing-oil-20ml\\\/#primaryimage\"},\"image\":{\"@id\":\"https:\\\/\\\/www.malinashop.lt\\\/lt_lt\\\/shop\\\/anua-valomasis-veido-aliejus-heartleaf-pore-control-cleansing-oil-20ml\\\/#primaryimage\"},\"thumbnailUrl\":\"https:\\\/\\\/www.malinashop.lt\\\/wp-content\\\/uploads\\\/2026\\\/04\\\/Anua-valomasis-veido-aliejus-Heartleaf-Pore-Control-Cleansing-Oil.webp\",\"datePublished\":\"2026-04-04T18:23:58+00:00\",\"dateModified\":\"2026-04-07T19:17:46+00:00\",\"description\":\"ANUA valomasis aliejus su heartleaf ir augaliniais aliejais \u0161alina makia\u017e\u0105, SPF, ne\u0161varumus, ramina od\u0105 ir neu\u017ekem\u0161a por\u0173, 20 ml arba 200 ml.\",\"breadcrumb\":{\"@id\":\"https:\\\/\\\/www.malinashop.lt\\\/lt_lt\\\/shop\\\/anua-valomasis-veido-aliejus-heartleaf-pore-control-cleansing-oil-20ml\\\/#breadcrumb\"},\"inLanguage\":\"lt-LT\",\"potentialAction\":[{\"@type\":\"ReadAction\",\"target\":[\"https:\\\/\\\/www.malinashop.lt\\\/lt_lt\\\/shop\\\/anua-valomasis-veido-aliejus-heartleaf-pore-control-cleansing-oil-20ml\\\/\"]}]},{\"@type\":\"ImageObject\",\"inLanguage\":\"lt-LT\",\"@id\":\"https:\\\/\\\/www.malinashop.lt\\\/lt_lt\\\/shop\\\/anua-valomasis-veido-aliejus-heartleaf-pore-control-cleansing-oil-20ml\\\/#primaryimage\",\"url\":\"https:\\\/\\\/www.malinashop.lt\\\/wp-content\\\/uploads\\\/2026\\\/04\\\/Anua-valomasis-veido-aliejus-Heartleaf-Pore-Control-Cleansing-Oil.webp\",\"contentUrl\":\"https:\\\/\\\/www.malinashop.lt\\\/wp-content\\\/uploads\\\/2026\\\/04\\\/Anua-valomasis-veido-aliejus-Heartleaf-Pore-Control-Cleansing-Oil.webp\",\"width\":1100,\"height\":1100},{\"@type\":\"BreadcrumbList\",\"@id\":\"https:\\\/\\\/www.malinashop.lt\\\/lt_lt\\\/shop\\\/anua-valomasis-veido-aliejus-heartleaf-pore-control-cleansing-oil-20ml\\\/#breadcrumb\",\"itemListElement\":[{\"@type\":\"ListItem\",\"position\":1,\"name\":\"Pagrindinis\",\"item\":\"https:\\\/\\\/www.malinashop.lt\\\/\"},{\"@type\":\"ListItem\",\"position\":2,\"name\":\"Parduotuv\u0117\",\"item\":\"https:\\\/\\\/www.malinashop.lt\\\/en\\\/parduotuve\\\/\"},{\"@type\":\"ListItem\",\"position\":3,\"name\":\"Anua valomasis veido aliejus Heartleaf Pore Control Cleansing Oil, 20ml\"}]},{\"@type\":\"WebSite\",\"@id\":\"https:\\\/\\\/www.malinashop.lt\\\/#website\",\"url\":\"https:\\\/\\\/www.malinashop.lt\\\/\",\"name\":\"COM Group Ecommerce\",\"description\":\"MalinaShop.lt - Gro\u017eio ir sveikatos produktai i\u0161 patikim\u0173 preki\u0173 \u017eenkl\u0173. Atraskite auk\u0161tos kokyb\u0117s kosmetik\u0105 u\u017e puiki\u0105 kain\u0105.\",\"publisher\":{\"@id\":\"https:\\\/\\\/www.malinashop.lt\\\/#organization\"},\"potentialAction\":[{\"@type\":\"SearchAction\",\"target\":{\"@type\":\"EntryPoint\",\"urlTemplate\":\"https:\\\/\\\/www.malinashop.lt\\\/?s={search_term_string}\"},\"query-input\":{\"@type\":\"PropertyValueSpecification\",\"valueRequired\":true,\"valueName\":\"search_term_string\"}}],\"inLanguage\":\"lt-LT\"},{\"@type\":\"Organization\",\"@id\":\"https:\\\/\\\/www.malinashop.lt\\\/#organization\",\"name\":\"COM Group Ecommerce\",\"url\":\"https:\\\/\\\/www.malinashop.lt\\\/\",\"logo\":{\"@type\":\"ImageObject\",\"inLanguage\":\"lt-LT\",\"@id\":\"https:\\\/\\\/www.malinashop.lt\\\/#\\\/schema\\\/logo\\\/image\\\/\",\"url\":\"https:\\\/\\\/www.malinashop.lt\\\/wp-content\\\/uploads\\\/2024\\\/08\\\/462559670_3787732518133670_9795632669273463_n-e1731525914575.png\",\"contentUrl\":\"https:\\\/\\\/www.malinashop.lt\\\/wp-content\\\/uploads\\\/2024\\\/08\\\/462559670_3787732518133670_9795632669273463_n-e1731525914575.png\",\"width\":180,\"height\":60,\"caption\":\"COM Group Ecommerce\"},\"image\":{\"@id\":\"https:\\\/\\\/www.malinashop.lt\\\/#\\\/schema\\\/logo\\\/image\\\/\"}}]}<\/script>\n<!-- \/ Yoast SEO plugin. -->","yoast_head_json":{"title":"Anua valomasis veido aliejus Heartleaf Pore Control Cleansing Oil, 20ml - MalinaShop.lt J\u016bs\u0173 sveikatai ir gro\u017eiui.","description":"ANUA valomasis aliejus su heartleaf ir augaliniais aliejais \u0161alina makia\u017e\u0105, SPF, ne\u0161varumus, ramina od\u0105 ir neu\u017ekem\u0161a por\u0173, 20 ml arba 200 ml.","robots":{"index":"index","follow":"follow","max-snippet":"max-snippet:-1","max-image-preview":"max-image-preview:large","max-video-preview":"max-video-preview:-1"},"canonical":"https:\/\/www.malinashop.lt\/lt_lt\/shop\/anua-valomasis-veido-aliejus-heartleaf-pore-control-cleansing-oil-20ml\/","og_locale":"lt_LT","og_type":"article","og_title":"Anua valomasis veido aliejus Heartleaf Pore Control Cleansing Oil, 20ml - MalinaShop.lt J\u016bs\u0173 sveikatai ir gro\u017eiui.","og_description":"ANUA valomasis aliejus su heartleaf ir augaliniais aliejais \u0161alina makia\u017e\u0105, SPF, ne\u0161varumus, ramina od\u0105 ir neu\u017ekem\u0161a por\u0173, 20 ml arba 200 ml.","og_url":"https:\/\/www.malinashop.lt\/lt_lt\/shop\/anua-valomasis-veido-aliejus-heartleaf-pore-control-cleansing-oil-20ml\/","og_site_name":"MalinaShop.lt J\u016bs\u0173 sveikatai ir gro\u017eiui.","article_modified_time":"2026-04-07T19:17:46+00:00","og_image":[{"width":1100,"height":1100,"url":"https:\/\/www.malinashop.lt\/wp-content\/uploads\/2026\/04\/Anua-valomasis-veido-aliejus-Heartleaf-Pore-Control-Cleansing-Oil.webp","type":"image\/webp"}],"twitter_card":"summary_large_image","schema":{"@context":"https:\/\/schema.org","@graph":[{"@type":"WebPage","@id":"https:\/\/www.malinashop.lt\/lt_lt\/shop\/anua-valomasis-veido-aliejus-heartleaf-pore-control-cleansing-oil-20ml\/","url":"https:\/\/www.malinashop.lt\/lt_lt\/shop\/anua-valomasis-veido-aliejus-heartleaf-pore-control-cleansing-oil-20ml\/","name":"Anua valomasis veido aliejus Heartleaf Pore Control Cleansing Oil, 20ml - MalinaShop.lt J\u016bs\u0173 sveikatai ir gro\u017eiui.","isPartOf":{"@id":"https:\/\/www.malinashop.lt\/#website"},"primaryImageOfPage":{"@id":"https:\/\/www.malinashop.lt\/lt_lt\/shop\/anua-valomasis-veido-aliejus-heartleaf-pore-control-cleansing-oil-20ml\/#primaryimage"},"image":{"@id":"https:\/\/www.malinashop.lt\/lt_lt\/shop\/anua-valomasis-veido-aliejus-heartleaf-pore-control-cleansing-oil-20ml\/#primaryimage"},"thumbnailUrl":"https:\/\/www.malinashop.lt\/wp-content\/uploads\/2026\/04\/Anua-valomasis-veido-aliejus-Heartleaf-Pore-Control-Cleansing-Oil.webp","datePublished":"2026-04-04T18:23:58+00:00","dateModified":"2026-04-07T19:17:46+00:00","description":"ANUA valomasis aliejus su heartleaf ir augaliniais aliejais \u0161alina makia\u017e\u0105, SPF, ne\u0161varumus, ramina od\u0105 ir neu\u017ekem\u0161a por\u0173, 20 ml arba 200 ml.","breadcrumb":{"@id":"https:\/\/www.malinashop.lt\/lt_lt\/shop\/anua-valomasis-veido-aliejus-heartleaf-pore-control-cleansing-oil-20ml\/#breadcrumb"},"inLanguage":"lt-LT","potentialAction":[{"@type":"ReadAction","target":["https:\/\/www.malinashop.lt\/lt_lt\/shop\/anua-valomasis-veido-aliejus-heartleaf-pore-control-cleansing-oil-20ml\/"]}]},{"@type":"ImageObject","inLanguage":"lt-LT","@id":"https:\/\/www.malinashop.lt\/lt_lt\/shop\/anua-valomasis-veido-aliejus-heartleaf-pore-control-cleansing-oil-20ml\/#primaryimage","url":"https:\/\/www.malinashop.lt\/wp-content\/uploads\/2026\/04\/Anua-valomasis-veido-aliejus-Heartleaf-Pore-Control-Cleansing-Oil.webp","contentUrl":"https:\/\/www.malinashop.lt\/wp-content\/uploads\/2026\/04\/Anua-valomasis-veido-aliejus-Heartleaf-Pore-Control-Cleansing-Oil.webp","width":1100,"height":1100},{"@type":"BreadcrumbList","@id":"https:\/\/www.malinashop.lt\/lt_lt\/shop\/anua-valomasis-veido-aliejus-heartleaf-pore-control-cleansing-oil-20ml\/#breadcrumb","itemListElement":[{"@type":"ListItem","position":1,"name":"Pagrindinis","item":"https:\/\/www.malinashop.lt\/"},{"@type":"ListItem","position":2,"name":"Parduotuv\u0117","item":"https:\/\/www.malinashop.lt\/en\/parduotuve\/"},{"@type":"ListItem","position":3,"name":"Anua valomasis veido aliejus Heartleaf Pore Control Cleansing Oil, 20ml"}]},{"@type":"WebSite","@id":"https:\/\/www.malinashop.lt\/#website","url":"https:\/\/www.malinashop.lt\/","name":"COM Group Ecommerce","description":"MalinaShop.lt - Gro\u017eio ir sveikatos produktai i\u0161 patikim\u0173 preki\u0173 \u017eenkl\u0173. Atraskite auk\u0161tos kokyb\u0117s kosmetik\u0105 u\u017e puiki\u0105 kain\u0105.","publisher":{"@id":"https:\/\/www.malinashop.lt\/#organization"},"potentialAction":[{"@type":"SearchAction","target":{"@type":"EntryPoint","urlTemplate":"https:\/\/www.malinashop.lt\/?s={search_term_string}"},"query-input":{"@type":"PropertyValueSpecification","valueRequired":true,"valueName":"search_term_string"}}],"inLanguage":"lt-LT"},{"@type":"Organization","@id":"https:\/\/www.malinashop.lt\/#organization","name":"COM Group Ecommerce","url":"https:\/\/www.malinashop.lt\/","logo":{"@type":"ImageObject","inLanguage":"lt-LT","@id":"https:\/\/www.malinashop.lt\/#\/schema\/logo\/image\/","url":"https:\/\/www.malinashop.lt\/wp-content\/uploads\/2024\/08\/462559670_3787732518133670_9795632669273463_n-e1731525914575.png","contentUrl":"https:\/\/www.malinashop.lt\/wp-content\/uploads\/2024\/08\/462559670_3787732518133670_9795632669273463_n-e1731525914575.png","width":180,"height":60,"caption":"COM Group Ecommerce"},"image":{"@id":"https:\/\/www.malinashop.lt\/#\/schema\/logo\/image\/"}}]}},"jetpack_sharing_enabled":true,"_links":{"self":[{"href":"https:\/\/www.malinashop.lt\/lt_lt\/wp-json\/wp\/v2\/product\/76122","targetHints":{"allow":["GET"]}}],"collection":[{"href":"https:\/\/www.malinashop.lt\/lt_lt\/wp-json\/wp\/v2\/product"}],"about":[{"href":"https:\/\/www.malinashop.lt\/lt_lt\/wp-json\/wp\/v2\/types\/product"}],"version-history":[{"count":1,"href":"https:\/\/www.malinashop.lt\/lt_lt\/wp-json\/wp\/v2\/product\/76122\/revisions"}],"predecessor-version":[{"id":76127,"href":"https:\/\/www.malinashop.lt\/lt_lt\/wp-json\/wp\/v2\/product\/76122\/revisions\/76127"}],"wp:featuredmedia":[{"embeddable":true,"href":"https:\/\/www.malinashop.lt\/lt_lt\/wp-json\/wp\/v2\/media\/76126"}],"wp:attachment":[{"href":"https:\/\/www.malinashop.lt\/lt_lt\/wp-json\/wp\/v2\/media?parent=76122"}],"wp:term":[{"taxonomy":"product_brand","embeddable":true,"href":"https:\/\/www.malinashop.lt\/lt_lt\/wp-json\/wp\/v2\/product_brand?post=76122"},{"taxonomy":"product_cat","embeddable":true,"href":"https:\/\/www.malinashop.lt\/lt_lt\/wp-json\/wp\/v2\/product_cat?post=76122"},{"taxonomy":"product_tag","embeddable":true,"href":"https:\/\/www.malinashop.lt\/lt_lt\/wp-json\/wp\/v2\/product_tag?post=76122"}],"curies":[{"name":"wp","href":"https:\/\/api.w.org\/{rel}","templated":true}]}}