{"id":76027,"date":"2026-03-04T20:22:51","date_gmt":"2026-03-04T17:22:51","guid":{"rendered":"https:\/\/malinashop.lt\/?post_type=product&#038;p=76027"},"modified":"2026-04-07T22:17:58","modified_gmt":"2026-04-07T19:17:58","slug":"anua-apsauginis-kremas-nuo-saules-heartleaf-silky-moisture-sun-cream","status":"publish","type":"product","link":"https:\/\/www.malinashop.lt\/lt_lt\/shop\/anua-apsauginis-kremas-nuo-saules-heartleaf-silky-moisture-sun-cream\/","title":{"rendered":"Anua apsauginis kremas nuo saul\u0117s Heartleaf Silky Moisture Sun Cream"},"content":{"rendered":"<p data-start=\"382\" data-end=\"677\">ANUA Heartleaf Silky Moisture Sun Cream \u2013 tai auk\u0161tos apsaugos kremas nuo saul\u0117s su SPF 50+ PA++++, skirtas kasdienei odos apsaugai ir prie\u017ei\u016brai. Plataus spektro cheminiai filtrai efektyviai saugo od\u0105 nuo \u017ealing\u0173 UVA ir UVB spinduli\u0173, padeda i\u0161vengti pigmentacijos ir ankstyvo sen\u0117jimo po\u017eymi\u0173.<\/p>\n<p data-start=\"679\" data-end=\"946\">Sud\u0117tyje esantis houttuynia cordata (heartleaf) ekstraktas pasi\u017eymi raminamosiomis savyb\u0117mis, padeda suma\u017einti odos sudirgim\u0105, o pantenolis intensyviai dr\u0117kina ir stiprina odos barjer\u0105. Niacinamidas prisideda prie odos tono suvienodinimo ir suteikia sveiko \u0161vyt\u0117jimo.<\/p>\n<p data-start=\"948\" data-end=\"1153\">Kremo formul\u0117 yra lengva, \u0161ilkin\u0117s tekst\u016bros, greitai \u012fsigeria ir nepalieka riebumo poj\u016b\u010dio. D\u0117l riebal\u0173 i\u0161siskyrim\u0105 reguliuojan\u010di\u0173 savybi\u0173 puikiai tinka naudoti prie\u0161 makia\u017e\u0105 \u2013 oda i\u0161lieka lygi ir matin\u0117.<\/p>\n<p data-start=\"1155\" data-end=\"1208\">Tinka vis\u0173 tip\u0173 odai, ypa\u010d mi\u0161riai ir riebesnei odai.<\/p>\n<hr data-start=\"1210\" data-end=\"1213\" \/>\n<h4 data-section-id=\"1stuw1d\" data-start=\"1215\" data-end=\"1236\"><span role=\"text\"><strong data-start=\"1219\" data-end=\"1234\">Naudojimas:<\/strong><\/span><\/h4>\n<p data-start=\"1237\" data-end=\"1376\">Tepkite ant \u0161varios veido odos likus apie 15 minu\u010di\u0173 iki i\u0161\u0117jimo \u012f lauk\u0105. Palaukite, kol susigers, tuomet galite naudoti makia\u017eo priemones.<\/p>\n<hr data-start=\"1378\" data-end=\"1381\" \/>\n<h5 data-section-id=\"kd1lm3\" data-start=\"1383\" data-end=\"1408\"><span role=\"text\"><strong data-start=\"1387\" data-end=\"1406\">Sud\u0117tis (INCI):<\/strong><\/span><\/h5>\n<p data-start=\"1409\" data-end=\"2449\">Aqua (Water), Dibutyl Adipate, Propanediol, Ethylhexyl Triazone, Terephthalylidene Dicamphor Sulfonic Acid, Glycerin, Niacinamide, Caprylyl Methicone, Polymethylsilsesquioxane, Tromethamine, 1,2-Hexanediol, Polyglyceryl-3 Distearate, Cetearyl Alcohol, Pentylene Glycol, Butylene Glycol, Diethylamino Hydroxybenzoyl Hexyl Benzoate, Polysilicone-15, Houttuynia Cordata Extract, Diospyros Kaki Leaf Extract, Vitis Vinifera (Grape) Fruit Extract, Carthamus Tinctorius (Safflower) Flower Extract, Coffea Arabica (Coffee) Seed Extract, Polygonum Cuspidatum Root Extract, Camellia Sinensis Leaf Extract, Castanea Crenata (Chestnut) Shell Extract, Zanthoxylum Piperitum Fruit Extract, Anastatica Hierochuntica Extract, Panthenol, Glyceryl Stearate, Bis-Ethylhexyloxyphenol Methoxyphenyl Triazine, Potassium Cetyl Phosphate, Methylpropanediol, Carbomer, Glyceryl Stearate Citrate, Acrylates\/C10-30 Alkyl Acrylate Crosspolymer, Ammonium Acryloyldimethyltaurate\/VP Copolymer, Adenosine, Polyether-1, Biosaccharide Gum-1, Tocopherol, Ethylhexylglycerin<\/p>\n","protected":false},"excerpt":{"rendered":"<p>Lengvos tekst\u016bros SPF50+ kremas nuo saul\u0117s su heartleaf ekstraktu ramina, dr\u0117kina ir apsaugo od\u0105 nuo UV spinduli\u0173.<\/p>\n","protected":false},"featured_media":76029,"template":"","meta":[],"product_brand":[1677],"product_cat":[772,728],"product_tag":[],"class_list":{"0":"post-76027","1":"product","2":"type-product","3":"status-publish","4":"has-post-thumbnail","6":"product_brand-anua","7":"product_cat-apsauga-nuo-saules","8":"product_cat-veidui","10":"first","11":"outofstock","12":"taxable","13":"shipping-taxable","14":"purchasable","15":"product-type-simple"},"yoast_head":"<!-- This site is optimized with the Yoast SEO plugin v27.5 - https:\/\/yoast.com\/product\/yoast-seo-wordpress\/ -->\n<title>Anua apsauginis kremas nuo saul\u0117s Heartleaf Silky Moisture Sun Cream - MalinaShop.lt J\u016bs\u0173 sveikatai ir gro\u017eiui.<\/title>\n<meta name=\"description\" content=\"Lengvos tekst\u016bros SPF50+ kremas nuo saul\u0117s su heartleaf ekstraktu ramina, dr\u0117kina ir apsaugo od\u0105 nuo UV spinduli\u0173.\" \/>\n<meta name=\"robots\" content=\"index, follow, max-snippet:-1, max-image-preview:large, max-video-preview:-1\" \/>\n<link rel=\"canonical\" href=\"https:\/\/www.malinashop.lt\/lt_lt\/shop\/anua-apsauginis-kremas-nuo-saules-heartleaf-silky-moisture-sun-cream\/\" \/>\n<meta property=\"og:locale\" content=\"lt_LT\" \/>\n<meta property=\"og:type\" content=\"article\" \/>\n<meta property=\"og:title\" content=\"Anua apsauginis kremas nuo saul\u0117s Heartleaf Silky Moisture Sun Cream - MalinaShop.lt J\u016bs\u0173 sveikatai ir gro\u017eiui.\" \/>\n<meta property=\"og:description\" content=\"Lengvos tekst\u016bros SPF50+ kremas nuo saul\u0117s su heartleaf ekstraktu ramina, dr\u0117kina ir apsaugo od\u0105 nuo UV spinduli\u0173.\" \/>\n<meta property=\"og:url\" content=\"https:\/\/www.malinashop.lt\/lt_lt\/shop\/anua-apsauginis-kremas-nuo-saules-heartleaf-silky-moisture-sun-cream\/\" \/>\n<meta property=\"og:site_name\" content=\"MalinaShop.lt J\u016bs\u0173 sveikatai ir gro\u017eiui.\" \/>\n<meta property=\"article:modified_time\" content=\"2026-04-07T19:17:58+00:00\" \/>\n<meta property=\"og:image\" content=\"https:\/\/www.malinashop.lt\/wp-content\/uploads\/2026\/04\/Anua-apsauginis-kremas-nuo-saules-Heartleaf-Silky-Moisture-Sun-Cream.webp\" \/>\n\t<meta property=\"og:image:width\" content=\"1100\" \/>\n\t<meta property=\"og:image:height\" content=\"1100\" \/>\n\t<meta property=\"og:image:type\" content=\"image\/webp\" \/>\n<meta name=\"twitter:card\" content=\"summary_large_image\" \/>\n<script type=\"application\/ld+json\" class=\"yoast-schema-graph\">{\"@context\":\"https:\\\/\\\/schema.org\",\"@graph\":[{\"@type\":\"WebPage\",\"@id\":\"https:\\\/\\\/www.malinashop.lt\\\/lt_lt\\\/shop\\\/anua-apsauginis-kremas-nuo-saules-heartleaf-silky-moisture-sun-cream\\\/\",\"url\":\"https:\\\/\\\/www.malinashop.lt\\\/lt_lt\\\/shop\\\/anua-apsauginis-kremas-nuo-saules-heartleaf-silky-moisture-sun-cream\\\/\",\"name\":\"Anua apsauginis kremas nuo saul\u0117s Heartleaf Silky Moisture Sun Cream - MalinaShop.lt J\u016bs\u0173 sveikatai ir gro\u017eiui.\",\"isPartOf\":{\"@id\":\"https:\\\/\\\/www.malinashop.lt\\\/#website\"},\"primaryImageOfPage\":{\"@id\":\"https:\\\/\\\/www.malinashop.lt\\\/lt_lt\\\/shop\\\/anua-apsauginis-kremas-nuo-saules-heartleaf-silky-moisture-sun-cream\\\/#primaryimage\"},\"image\":{\"@id\":\"https:\\\/\\\/www.malinashop.lt\\\/lt_lt\\\/shop\\\/anua-apsauginis-kremas-nuo-saules-heartleaf-silky-moisture-sun-cream\\\/#primaryimage\"},\"thumbnailUrl\":\"https:\\\/\\\/www.malinashop.lt\\\/wp-content\\\/uploads\\\/2026\\\/04\\\/Anua-apsauginis-kremas-nuo-saules-Heartleaf-Silky-Moisture-Sun-Cream.webp\",\"datePublished\":\"2026-03-04T17:22:51+00:00\",\"dateModified\":\"2026-04-07T19:17:58+00:00\",\"description\":\"Lengvos tekst\u016bros SPF50+ kremas nuo saul\u0117s su heartleaf ekstraktu ramina, dr\u0117kina ir apsaugo od\u0105 nuo UV spinduli\u0173.\",\"breadcrumb\":{\"@id\":\"https:\\\/\\\/www.malinashop.lt\\\/lt_lt\\\/shop\\\/anua-apsauginis-kremas-nuo-saules-heartleaf-silky-moisture-sun-cream\\\/#breadcrumb\"},\"inLanguage\":\"lt-LT\",\"potentialAction\":[{\"@type\":\"ReadAction\",\"target\":[\"https:\\\/\\\/www.malinashop.lt\\\/lt_lt\\\/shop\\\/anua-apsauginis-kremas-nuo-saules-heartleaf-silky-moisture-sun-cream\\\/\"]}]},{\"@type\":\"ImageObject\",\"inLanguage\":\"lt-LT\",\"@id\":\"https:\\\/\\\/www.malinashop.lt\\\/lt_lt\\\/shop\\\/anua-apsauginis-kremas-nuo-saules-heartleaf-silky-moisture-sun-cream\\\/#primaryimage\",\"url\":\"https:\\\/\\\/www.malinashop.lt\\\/wp-content\\\/uploads\\\/2026\\\/04\\\/Anua-apsauginis-kremas-nuo-saules-Heartleaf-Silky-Moisture-Sun-Cream.webp\",\"contentUrl\":\"https:\\\/\\\/www.malinashop.lt\\\/wp-content\\\/uploads\\\/2026\\\/04\\\/Anua-apsauginis-kremas-nuo-saules-Heartleaf-Silky-Moisture-Sun-Cream.webp\",\"width\":1100,\"height\":1100},{\"@type\":\"BreadcrumbList\",\"@id\":\"https:\\\/\\\/www.malinashop.lt\\\/lt_lt\\\/shop\\\/anua-apsauginis-kremas-nuo-saules-heartleaf-silky-moisture-sun-cream\\\/#breadcrumb\",\"itemListElement\":[{\"@type\":\"ListItem\",\"position\":1,\"name\":\"Pagrindinis\",\"item\":\"https:\\\/\\\/www.malinashop.lt\\\/\"},{\"@type\":\"ListItem\",\"position\":2,\"name\":\"Parduotuv\u0117\",\"item\":\"https:\\\/\\\/www.malinashop.lt\\\/en\\\/parduotuve\\\/\"},{\"@type\":\"ListItem\",\"position\":3,\"name\":\"Anua apsauginis kremas nuo saul\u0117s Heartleaf Silky Moisture Sun Cream\"}]},{\"@type\":\"WebSite\",\"@id\":\"https:\\\/\\\/www.malinashop.lt\\\/#website\",\"url\":\"https:\\\/\\\/www.malinashop.lt\\\/\",\"name\":\"COM Group Ecommerce\",\"description\":\"MalinaShop.lt - Gro\u017eio ir sveikatos produktai i\u0161 patikim\u0173 preki\u0173 \u017eenkl\u0173. Atraskite auk\u0161tos kokyb\u0117s kosmetik\u0105 u\u017e puiki\u0105 kain\u0105.\",\"publisher\":{\"@id\":\"https:\\\/\\\/www.malinashop.lt\\\/#organization\"},\"potentialAction\":[{\"@type\":\"SearchAction\",\"target\":{\"@type\":\"EntryPoint\",\"urlTemplate\":\"https:\\\/\\\/www.malinashop.lt\\\/?s={search_term_string}\"},\"query-input\":{\"@type\":\"PropertyValueSpecification\",\"valueRequired\":true,\"valueName\":\"search_term_string\"}}],\"inLanguage\":\"lt-LT\"},{\"@type\":\"Organization\",\"@id\":\"https:\\\/\\\/www.malinashop.lt\\\/#organization\",\"name\":\"COM Group Ecommerce\",\"url\":\"https:\\\/\\\/www.malinashop.lt\\\/\",\"logo\":{\"@type\":\"ImageObject\",\"inLanguage\":\"lt-LT\",\"@id\":\"https:\\\/\\\/www.malinashop.lt\\\/#\\\/schema\\\/logo\\\/image\\\/\",\"url\":\"https:\\\/\\\/www.malinashop.lt\\\/wp-content\\\/uploads\\\/2024\\\/08\\\/462559670_3787732518133670_9795632669273463_n-e1731525914575.png\",\"contentUrl\":\"https:\\\/\\\/www.malinashop.lt\\\/wp-content\\\/uploads\\\/2024\\\/08\\\/462559670_3787732518133670_9795632669273463_n-e1731525914575.png\",\"width\":180,\"height\":60,\"caption\":\"COM Group Ecommerce\"},\"image\":{\"@id\":\"https:\\\/\\\/www.malinashop.lt\\\/#\\\/schema\\\/logo\\\/image\\\/\"}}]}<\/script>\n<!-- \/ Yoast SEO plugin. -->","yoast_head_json":{"title":"Anua apsauginis kremas nuo saul\u0117s Heartleaf Silky Moisture Sun Cream - MalinaShop.lt J\u016bs\u0173 sveikatai ir gro\u017eiui.","description":"Lengvos tekst\u016bros SPF50+ kremas nuo saul\u0117s su heartleaf ekstraktu ramina, dr\u0117kina ir apsaugo od\u0105 nuo UV spinduli\u0173.","robots":{"index":"index","follow":"follow","max-snippet":"max-snippet:-1","max-image-preview":"max-image-preview:large","max-video-preview":"max-video-preview:-1"},"canonical":"https:\/\/www.malinashop.lt\/lt_lt\/shop\/anua-apsauginis-kremas-nuo-saules-heartleaf-silky-moisture-sun-cream\/","og_locale":"lt_LT","og_type":"article","og_title":"Anua apsauginis kremas nuo saul\u0117s Heartleaf Silky Moisture Sun Cream - MalinaShop.lt J\u016bs\u0173 sveikatai ir gro\u017eiui.","og_description":"Lengvos tekst\u016bros SPF50+ kremas nuo saul\u0117s su heartleaf ekstraktu ramina, dr\u0117kina ir apsaugo od\u0105 nuo UV spinduli\u0173.","og_url":"https:\/\/www.malinashop.lt\/lt_lt\/shop\/anua-apsauginis-kremas-nuo-saules-heartleaf-silky-moisture-sun-cream\/","og_site_name":"MalinaShop.lt J\u016bs\u0173 sveikatai ir gro\u017eiui.","article_modified_time":"2026-04-07T19:17:58+00:00","og_image":[{"width":1100,"height":1100,"url":"https:\/\/www.malinashop.lt\/wp-content\/uploads\/2026\/04\/Anua-apsauginis-kremas-nuo-saules-Heartleaf-Silky-Moisture-Sun-Cream.webp","type":"image\/webp"}],"twitter_card":"summary_large_image","schema":{"@context":"https:\/\/schema.org","@graph":[{"@type":"WebPage","@id":"https:\/\/www.malinashop.lt\/lt_lt\/shop\/anua-apsauginis-kremas-nuo-saules-heartleaf-silky-moisture-sun-cream\/","url":"https:\/\/www.malinashop.lt\/lt_lt\/shop\/anua-apsauginis-kremas-nuo-saules-heartleaf-silky-moisture-sun-cream\/","name":"Anua apsauginis kremas nuo saul\u0117s Heartleaf Silky Moisture Sun Cream - MalinaShop.lt J\u016bs\u0173 sveikatai ir gro\u017eiui.","isPartOf":{"@id":"https:\/\/www.malinashop.lt\/#website"},"primaryImageOfPage":{"@id":"https:\/\/www.malinashop.lt\/lt_lt\/shop\/anua-apsauginis-kremas-nuo-saules-heartleaf-silky-moisture-sun-cream\/#primaryimage"},"image":{"@id":"https:\/\/www.malinashop.lt\/lt_lt\/shop\/anua-apsauginis-kremas-nuo-saules-heartleaf-silky-moisture-sun-cream\/#primaryimage"},"thumbnailUrl":"https:\/\/www.malinashop.lt\/wp-content\/uploads\/2026\/04\/Anua-apsauginis-kremas-nuo-saules-Heartleaf-Silky-Moisture-Sun-Cream.webp","datePublished":"2026-03-04T17:22:51+00:00","dateModified":"2026-04-07T19:17:58+00:00","description":"Lengvos tekst\u016bros SPF50+ kremas nuo saul\u0117s su heartleaf ekstraktu ramina, dr\u0117kina ir apsaugo od\u0105 nuo UV spinduli\u0173.","breadcrumb":{"@id":"https:\/\/www.malinashop.lt\/lt_lt\/shop\/anua-apsauginis-kremas-nuo-saules-heartleaf-silky-moisture-sun-cream\/#breadcrumb"},"inLanguage":"lt-LT","potentialAction":[{"@type":"ReadAction","target":["https:\/\/www.malinashop.lt\/lt_lt\/shop\/anua-apsauginis-kremas-nuo-saules-heartleaf-silky-moisture-sun-cream\/"]}]},{"@type":"ImageObject","inLanguage":"lt-LT","@id":"https:\/\/www.malinashop.lt\/lt_lt\/shop\/anua-apsauginis-kremas-nuo-saules-heartleaf-silky-moisture-sun-cream\/#primaryimage","url":"https:\/\/www.malinashop.lt\/wp-content\/uploads\/2026\/04\/Anua-apsauginis-kremas-nuo-saules-Heartleaf-Silky-Moisture-Sun-Cream.webp","contentUrl":"https:\/\/www.malinashop.lt\/wp-content\/uploads\/2026\/04\/Anua-apsauginis-kremas-nuo-saules-Heartleaf-Silky-Moisture-Sun-Cream.webp","width":1100,"height":1100},{"@type":"BreadcrumbList","@id":"https:\/\/www.malinashop.lt\/lt_lt\/shop\/anua-apsauginis-kremas-nuo-saules-heartleaf-silky-moisture-sun-cream\/#breadcrumb","itemListElement":[{"@type":"ListItem","position":1,"name":"Pagrindinis","item":"https:\/\/www.malinashop.lt\/"},{"@type":"ListItem","position":2,"name":"Parduotuv\u0117","item":"https:\/\/www.malinashop.lt\/en\/parduotuve\/"},{"@type":"ListItem","position":3,"name":"Anua apsauginis kremas nuo saul\u0117s Heartleaf Silky Moisture Sun Cream"}]},{"@type":"WebSite","@id":"https:\/\/www.malinashop.lt\/#website","url":"https:\/\/www.malinashop.lt\/","name":"COM Group Ecommerce","description":"MalinaShop.lt - Gro\u017eio ir sveikatos produktai i\u0161 patikim\u0173 preki\u0173 \u017eenkl\u0173. Atraskite auk\u0161tos kokyb\u0117s kosmetik\u0105 u\u017e puiki\u0105 kain\u0105.","publisher":{"@id":"https:\/\/www.malinashop.lt\/#organization"},"potentialAction":[{"@type":"SearchAction","target":{"@type":"EntryPoint","urlTemplate":"https:\/\/www.malinashop.lt\/?s={search_term_string}"},"query-input":{"@type":"PropertyValueSpecification","valueRequired":true,"valueName":"search_term_string"}}],"inLanguage":"lt-LT"},{"@type":"Organization","@id":"https:\/\/www.malinashop.lt\/#organization","name":"COM Group Ecommerce","url":"https:\/\/www.malinashop.lt\/","logo":{"@type":"ImageObject","inLanguage":"lt-LT","@id":"https:\/\/www.malinashop.lt\/#\/schema\/logo\/image\/","url":"https:\/\/www.malinashop.lt\/wp-content\/uploads\/2024\/08\/462559670_3787732518133670_9795632669273463_n-e1731525914575.png","contentUrl":"https:\/\/www.malinashop.lt\/wp-content\/uploads\/2024\/08\/462559670_3787732518133670_9795632669273463_n-e1731525914575.png","width":180,"height":60,"caption":"COM Group Ecommerce"},"image":{"@id":"https:\/\/www.malinashop.lt\/#\/schema\/logo\/image\/"}}]}},"jetpack_sharing_enabled":true,"_links":{"self":[{"href":"https:\/\/www.malinashop.lt\/lt_lt\/wp-json\/wp\/v2\/product\/76027","targetHints":{"allow":["GET"]}}],"collection":[{"href":"https:\/\/www.malinashop.lt\/lt_lt\/wp-json\/wp\/v2\/product"}],"about":[{"href":"https:\/\/www.malinashop.lt\/lt_lt\/wp-json\/wp\/v2\/types\/product"}],"version-history":[{"count":1,"href":"https:\/\/www.malinashop.lt\/lt_lt\/wp-json\/wp\/v2\/product\/76027\/revisions"}],"predecessor-version":[{"id":76030,"href":"https:\/\/www.malinashop.lt\/lt_lt\/wp-json\/wp\/v2\/product\/76027\/revisions\/76030"}],"wp:featuredmedia":[{"embeddable":true,"href":"https:\/\/www.malinashop.lt\/lt_lt\/wp-json\/wp\/v2\/media\/76029"}],"wp:attachment":[{"href":"https:\/\/www.malinashop.lt\/lt_lt\/wp-json\/wp\/v2\/media?parent=76027"}],"wp:term":[{"taxonomy":"product_brand","embeddable":true,"href":"https:\/\/www.malinashop.lt\/lt_lt\/wp-json\/wp\/v2\/product_brand?post=76027"},{"taxonomy":"product_cat","embeddable":true,"href":"https:\/\/www.malinashop.lt\/lt_lt\/wp-json\/wp\/v2\/product_cat?post=76027"},{"taxonomy":"product_tag","embeddable":true,"href":"https:\/\/www.malinashop.lt\/lt_lt\/wp-json\/wp\/v2\/product_tag?post=76027"}],"curies":[{"name":"wp","href":"https:\/\/api.w.org\/{rel}","templated":true}]}}