{"id":76023,"date":"2026-04-04T20:17:13","date_gmt":"2026-04-04T17:17:13","guid":{"rendered":"https:\/\/malinashop.lt\/?post_type=product&#038;p=76023"},"modified":"2026-04-07T22:17:48","modified_gmt":"2026-04-07T19:17:48","slug":"abib-naktine-veido-kauke-su-ryziu-probiotikais-rice-probiotics-barrier-jelly-80-ml","status":"publish","type":"product","link":"https:\/\/www.malinashop.lt\/lt_lt\/shop\/abib-naktine-veido-kauke-su-ryziu-probiotikais-rice-probiotics-barrier-jelly-80-ml\/","title":{"rendered":"ABIB naktin\u0117 veido kauk\u0117 su ry\u017ei\u0173 probiotikais Rice Probiotics Barrier Jelly 80 ml"},"content":{"rendered":"<p data-start=\"403\" data-end=\"671\">ABIB Rice Probiotics Barrier Jelly naktin\u0117 veido kauk\u0117 sukurta intensyviam odos atstatymui ir dr\u0117kinimui miego metu. Inovatyvi formul\u0117 su ry\u017ei\u0173 fermentais ir probiotikais padeda sustiprinti odos mikrobiom\u0105, atkurti apsaugin\u012f barjer\u0105 bei suma\u017einti i\u0161saus\u0117jimo po\u017eymius.<\/p>\n<p data-start=\"673\" data-end=\"928\">Ry\u017ei\u0173 s\u0117len\u0173 ekstraktas maitina od\u0105, suteikia jai \u0161velnumo ir elastingumo, o adenozinas prisideda prie odos stangrinimo ir padeda kovoti su sen\u0117jimo po\u017eymiais. Sud\u0117tyje esantis hialuronas intensyviai dr\u0117kina, o alantoinas ramina jautri\u0105 ir sudirgusi\u0105 od\u0105.<\/p>\n<p data-start=\"930\" data-end=\"1100\">Lengvos gelin\u0117s tekst\u016bros kauk\u0117 greitai \u012fsigeria, neapsunkina odos ir suteikia komforto jausm\u0105 visos nakties metu. Ryte oda atrodo lygesn\u0117, sudr\u0117kinta ir labiau \u0161vytinti.<\/p>\n<p data-start=\"1102\" data-end=\"1174\">Puikiai tinka vis\u0173 tip\u0173 odai, ypa\u010d sausai, pavargusiai ir jautriai odai.<\/p>\n<hr data-start=\"1176\" data-end=\"1179\" \/>\n<h5 data-section-id=\"1stuw1d\" data-start=\"1181\" data-end=\"1202\"><span role=\"text\"><strong data-start=\"1185\" data-end=\"1200\">Naudojimas:<\/strong><\/span><\/h5>\n<p data-start=\"1203\" data-end=\"1280\">Tepkite ant \u0161varios veido odos prie\u0161 mieg\u0105. Ryte nuplaukite veid\u0105 prausikliu.<\/p>\n<hr data-start=\"1282\" data-end=\"1285\" \/>\n<h5 data-section-id=\"kd1lm3\" data-start=\"1287\" data-end=\"1312\"><span role=\"text\"><strong data-start=\"1291\" data-end=\"1310\">Sud\u0117tis (INCI):<\/strong><\/span><\/h5>\n<p data-start=\"1313\" data-end=\"1681\">Aqua, Dipropylene Glycol, Glycerin, Glyceryl Polymethacrylate, Lactobacillus\/Rice Ferment, 1,2-Hexanediol, Diglycerin, Ammonium Acryloyldimethyltaurate\/VP Copolymer, Oryza Sativa (Rice) Bran Extract, Acrylates\/C10-30 Alkyl Acrylate Crosspolymer, Tromethamine, Saccharomyces\/Rice Bran Ferment, Ethylhexylglycerin, Adenosine, Sodium Hyaluronate, Allantoin, Disodium EDTA<\/p>\n","protected":false},"excerpt":{"rendered":"<p data-start=\"254\" data-end=\"375\">Naktin\u0117 veido kauk\u0117 su ry\u017ei\u0173 fermentais ir probiotikais intensyviai dr\u0117kina, stiprina odos barjer\u0105 ir gerina elastingum\u0105.<\/p>\n","protected":false},"featured_media":76024,"template":"","meta":[],"product_brand":[1676],"product_cat":[553,728],"product_tag":[],"class_list":{"0":"post-76023","1":"product","2":"type-product","3":"status-publish","4":"has-post-thumbnail","6":"product_brand-abib","7":"product_cat-veido-kaukes","8":"product_cat-veidui","10":"first","11":"instock","12":"sale","13":"taxable","14":"shipping-taxable","15":"purchasable","16":"product-type-simple"},"yoast_head":"<!-- This site is optimized with the Yoast SEO plugin v27.4 - https:\/\/yoast.com\/product\/yoast-seo-wordpress\/ -->\n<title>ABIB naktin\u0117 veido kauk\u0117 su ry\u017ei\u0173 probiotikais Rice Probiotics Barrier Jelly 80 ml - MalinaShop.lt J\u016bs\u0173 sveikatai ir gro\u017eiui.<\/title>\n<meta name=\"description\" content=\"Naktin\u0117 veido kauk\u0117 su ry\u017ei\u0173 probiotikais intensyviai dr\u0117kina, stiprina odos barjer\u0105, gerina elastingum\u0105 ir suteikia odai sveiko \u0161vyt\u0117jimo, 80 ml.\" \/>\n<meta name=\"robots\" content=\"index, follow, max-snippet:-1, max-image-preview:large, max-video-preview:-1\" \/>\n<link rel=\"canonical\" href=\"https:\/\/www.malinashop.lt\/lt_lt\/shop\/abib-naktine-veido-kauke-su-ryziu-probiotikais-rice-probiotics-barrier-jelly-80-ml\/\" \/>\n<meta property=\"og:locale\" content=\"lt_LT\" \/>\n<meta property=\"og:type\" content=\"article\" \/>\n<meta property=\"og:title\" content=\"ABIB naktin\u0117 veido kauk\u0117 su ry\u017ei\u0173 probiotikais Rice Probiotics Barrier Jelly 80 ml - MalinaShop.lt J\u016bs\u0173 sveikatai ir gro\u017eiui.\" \/>\n<meta property=\"og:description\" content=\"Naktin\u0117 veido kauk\u0117 su ry\u017ei\u0173 probiotikais intensyviai dr\u0117kina, stiprina odos barjer\u0105, gerina elastingum\u0105 ir suteikia odai sveiko \u0161vyt\u0117jimo, 80 ml.\" \/>\n<meta property=\"og:url\" content=\"https:\/\/www.malinashop.lt\/lt_lt\/shop\/abib-naktine-veido-kauke-su-ryziu-probiotikais-rice-probiotics-barrier-jelly-80-ml\/\" \/>\n<meta property=\"og:site_name\" content=\"MalinaShop.lt J\u016bs\u0173 sveikatai ir gro\u017eiui.\" \/>\n<meta property=\"article:modified_time\" content=\"2026-04-07T19:17:48+00:00\" \/>\n<meta property=\"og:image\" content=\"https:\/\/www.malinashop.lt\/wp-content\/uploads\/2026\/04\/Naktine-veido-kauke-su-ryziu-probiotikais-ABIB-Rice-Probiotics-Barrier-Jelly-80-ml2.webp\" \/>\n\t<meta property=\"og:image:width\" content=\"800\" \/>\n\t<meta property=\"og:image:height\" content=\"800\" \/>\n\t<meta property=\"og:image:type\" content=\"image\/webp\" \/>\n<meta name=\"twitter:card\" content=\"summary_large_image\" \/>\n<script type=\"application\/ld+json\" class=\"yoast-schema-graph\">{\"@context\":\"https:\\\/\\\/schema.org\",\"@graph\":[{\"@type\":\"WebPage\",\"@id\":\"https:\\\/\\\/www.malinashop.lt\\\/lt_lt\\\/shop\\\/abib-naktine-veido-kauke-su-ryziu-probiotikais-rice-probiotics-barrier-jelly-80-ml\\\/\",\"url\":\"https:\\\/\\\/www.malinashop.lt\\\/lt_lt\\\/shop\\\/abib-naktine-veido-kauke-su-ryziu-probiotikais-rice-probiotics-barrier-jelly-80-ml\\\/\",\"name\":\"ABIB naktin\u0117 veido kauk\u0117 su ry\u017ei\u0173 probiotikais Rice Probiotics Barrier Jelly 80 ml - MalinaShop.lt J\u016bs\u0173 sveikatai ir gro\u017eiui.\",\"isPartOf\":{\"@id\":\"https:\\\/\\\/www.malinashop.lt\\\/en\\\/#website\"},\"primaryImageOfPage\":{\"@id\":\"https:\\\/\\\/www.malinashop.lt\\\/lt_lt\\\/shop\\\/abib-naktine-veido-kauke-su-ryziu-probiotikais-rice-probiotics-barrier-jelly-80-ml\\\/#primaryimage\"},\"image\":{\"@id\":\"https:\\\/\\\/www.malinashop.lt\\\/lt_lt\\\/shop\\\/abib-naktine-veido-kauke-su-ryziu-probiotikais-rice-probiotics-barrier-jelly-80-ml\\\/#primaryimage\"},\"thumbnailUrl\":\"https:\\\/\\\/www.malinashop.lt\\\/wp-content\\\/uploads\\\/2026\\\/04\\\/Naktine-veido-kauke-su-ryziu-probiotikais-ABIB-Rice-Probiotics-Barrier-Jelly-80-ml2.webp\",\"datePublished\":\"2026-04-04T17:17:13+00:00\",\"dateModified\":\"2026-04-07T19:17:48+00:00\",\"description\":\"Naktin\u0117 veido kauk\u0117 su ry\u017ei\u0173 probiotikais intensyviai dr\u0117kina, stiprina odos barjer\u0105, gerina elastingum\u0105 ir suteikia odai sveiko \u0161vyt\u0117jimo, 80 ml.\",\"breadcrumb\":{\"@id\":\"https:\\\/\\\/www.malinashop.lt\\\/lt_lt\\\/shop\\\/abib-naktine-veido-kauke-su-ryziu-probiotikais-rice-probiotics-barrier-jelly-80-ml\\\/#breadcrumb\"},\"inLanguage\":\"lt-LT\",\"potentialAction\":[{\"@type\":\"ReadAction\",\"target\":[\"https:\\\/\\\/www.malinashop.lt\\\/lt_lt\\\/shop\\\/abib-naktine-veido-kauke-su-ryziu-probiotikais-rice-probiotics-barrier-jelly-80-ml\\\/\"]}]},{\"@type\":\"ImageObject\",\"inLanguage\":\"lt-LT\",\"@id\":\"https:\\\/\\\/www.malinashop.lt\\\/lt_lt\\\/shop\\\/abib-naktine-veido-kauke-su-ryziu-probiotikais-rice-probiotics-barrier-jelly-80-ml\\\/#primaryimage\",\"url\":\"https:\\\/\\\/www.malinashop.lt\\\/wp-content\\\/uploads\\\/2026\\\/04\\\/Naktine-veido-kauke-su-ryziu-probiotikais-ABIB-Rice-Probiotics-Barrier-Jelly-80-ml2.webp\",\"contentUrl\":\"https:\\\/\\\/www.malinashop.lt\\\/wp-content\\\/uploads\\\/2026\\\/04\\\/Naktine-veido-kauke-su-ryziu-probiotikais-ABIB-Rice-Probiotics-Barrier-Jelly-80-ml2.webp\",\"width\":800,\"height\":800},{\"@type\":\"BreadcrumbList\",\"@id\":\"https:\\\/\\\/www.malinashop.lt\\\/lt_lt\\\/shop\\\/abib-naktine-veido-kauke-su-ryziu-probiotikais-rice-probiotics-barrier-jelly-80-ml\\\/#breadcrumb\",\"itemListElement\":[{\"@type\":\"ListItem\",\"position\":1,\"name\":\"Home\",\"item\":\"https:\\\/\\\/www.malinashop.lt\\\/en\\\/\"},{\"@type\":\"ListItem\",\"position\":2,\"name\":\"Parduotuv\u0117\",\"item\":\"https:\\\/\\\/www.malinashop.lt\\\/en\\\/parduotuve\\\/\"},{\"@type\":\"ListItem\",\"position\":3,\"name\":\"ABIB naktin\u0117 veido kauk\u0117 su ry\u017ei\u0173 probiotikais Rice Probiotics Barrier Jelly 80 ml\"}]},{\"@type\":\"WebSite\",\"@id\":\"https:\\\/\\\/www.malinashop.lt\\\/en\\\/#website\",\"url\":\"https:\\\/\\\/www.malinashop.lt\\\/en\\\/\",\"name\":\"COM Group Ecommerce\",\"description\":\"MalinaShop.lt - Gro\u017eio ir sveikatos produktai i\u0161 patikim\u0173 preki\u0173 \u017eenkl\u0173. Atraskite auk\u0161tos kokyb\u0117s kosmetik\u0105 u\u017e puiki\u0105 kain\u0105.\",\"publisher\":{\"@id\":\"https:\\\/\\\/www.malinashop.lt\\\/en\\\/#organization\"},\"potentialAction\":[{\"@type\":\"SearchAction\",\"target\":{\"@type\":\"EntryPoint\",\"urlTemplate\":\"https:\\\/\\\/www.malinashop.lt\\\/en\\\/?s={search_term_string}\"},\"query-input\":{\"@type\":\"PropertyValueSpecification\",\"valueRequired\":true,\"valueName\":\"search_term_string\"}}],\"inLanguage\":\"lt-LT\"},{\"@type\":\"Organization\",\"@id\":\"https:\\\/\\\/www.malinashop.lt\\\/en\\\/#organization\",\"name\":\"COM Group Ecommerce\",\"url\":\"https:\\\/\\\/www.malinashop.lt\\\/en\\\/\",\"logo\":{\"@type\":\"ImageObject\",\"inLanguage\":\"lt-LT\",\"@id\":\"https:\\\/\\\/www.malinashop.lt\\\/en\\\/#\\\/schema\\\/logo\\\/image\\\/\",\"url\":\"https:\\\/\\\/www.malinashop.lt\\\/wp-content\\\/uploads\\\/2024\\\/08\\\/462559670_3787732518133670_9795632669273463_n-e1731525914575.png\",\"contentUrl\":\"https:\\\/\\\/www.malinashop.lt\\\/wp-content\\\/uploads\\\/2024\\\/08\\\/462559670_3787732518133670_9795632669273463_n-e1731525914575.png\",\"width\":180,\"height\":60,\"caption\":\"COM Group Ecommerce\"},\"image\":{\"@id\":\"https:\\\/\\\/www.malinashop.lt\\\/en\\\/#\\\/schema\\\/logo\\\/image\\\/\"}}]}<\/script>\n<!-- \/ Yoast SEO plugin. -->","yoast_head_json":{"title":"ABIB naktin\u0117 veido kauk\u0117 su ry\u017ei\u0173 probiotikais Rice Probiotics Barrier Jelly 80 ml - MalinaShop.lt J\u016bs\u0173 sveikatai ir gro\u017eiui.","description":"Naktin\u0117 veido kauk\u0117 su ry\u017ei\u0173 probiotikais intensyviai dr\u0117kina, stiprina odos barjer\u0105, gerina elastingum\u0105 ir suteikia odai sveiko \u0161vyt\u0117jimo, 80 ml.","robots":{"index":"index","follow":"follow","max-snippet":"max-snippet:-1","max-image-preview":"max-image-preview:large","max-video-preview":"max-video-preview:-1"},"canonical":"https:\/\/www.malinashop.lt\/lt_lt\/shop\/abib-naktine-veido-kauke-su-ryziu-probiotikais-rice-probiotics-barrier-jelly-80-ml\/","og_locale":"lt_LT","og_type":"article","og_title":"ABIB naktin\u0117 veido kauk\u0117 su ry\u017ei\u0173 probiotikais Rice Probiotics Barrier Jelly 80 ml - MalinaShop.lt J\u016bs\u0173 sveikatai ir gro\u017eiui.","og_description":"Naktin\u0117 veido kauk\u0117 su ry\u017ei\u0173 probiotikais intensyviai dr\u0117kina, stiprina odos barjer\u0105, gerina elastingum\u0105 ir suteikia odai sveiko \u0161vyt\u0117jimo, 80 ml.","og_url":"https:\/\/www.malinashop.lt\/lt_lt\/shop\/abib-naktine-veido-kauke-su-ryziu-probiotikais-rice-probiotics-barrier-jelly-80-ml\/","og_site_name":"MalinaShop.lt J\u016bs\u0173 sveikatai ir gro\u017eiui.","article_modified_time":"2026-04-07T19:17:48+00:00","og_image":[{"width":800,"height":800,"url":"https:\/\/www.malinashop.lt\/wp-content\/uploads\/2026\/04\/Naktine-veido-kauke-su-ryziu-probiotikais-ABIB-Rice-Probiotics-Barrier-Jelly-80-ml2.webp","type":"image\/webp"}],"twitter_card":"summary_large_image","schema":{"@context":"https:\/\/schema.org","@graph":[{"@type":"WebPage","@id":"https:\/\/www.malinashop.lt\/lt_lt\/shop\/abib-naktine-veido-kauke-su-ryziu-probiotikais-rice-probiotics-barrier-jelly-80-ml\/","url":"https:\/\/www.malinashop.lt\/lt_lt\/shop\/abib-naktine-veido-kauke-su-ryziu-probiotikais-rice-probiotics-barrier-jelly-80-ml\/","name":"ABIB naktin\u0117 veido kauk\u0117 su ry\u017ei\u0173 probiotikais Rice Probiotics Barrier Jelly 80 ml - MalinaShop.lt J\u016bs\u0173 sveikatai ir gro\u017eiui.","isPartOf":{"@id":"https:\/\/www.malinashop.lt\/en\/#website"},"primaryImageOfPage":{"@id":"https:\/\/www.malinashop.lt\/lt_lt\/shop\/abib-naktine-veido-kauke-su-ryziu-probiotikais-rice-probiotics-barrier-jelly-80-ml\/#primaryimage"},"image":{"@id":"https:\/\/www.malinashop.lt\/lt_lt\/shop\/abib-naktine-veido-kauke-su-ryziu-probiotikais-rice-probiotics-barrier-jelly-80-ml\/#primaryimage"},"thumbnailUrl":"https:\/\/www.malinashop.lt\/wp-content\/uploads\/2026\/04\/Naktine-veido-kauke-su-ryziu-probiotikais-ABIB-Rice-Probiotics-Barrier-Jelly-80-ml2.webp","datePublished":"2026-04-04T17:17:13+00:00","dateModified":"2026-04-07T19:17:48+00:00","description":"Naktin\u0117 veido kauk\u0117 su ry\u017ei\u0173 probiotikais intensyviai dr\u0117kina, stiprina odos barjer\u0105, gerina elastingum\u0105 ir suteikia odai sveiko \u0161vyt\u0117jimo, 80 ml.","breadcrumb":{"@id":"https:\/\/www.malinashop.lt\/lt_lt\/shop\/abib-naktine-veido-kauke-su-ryziu-probiotikais-rice-probiotics-barrier-jelly-80-ml\/#breadcrumb"},"inLanguage":"lt-LT","potentialAction":[{"@type":"ReadAction","target":["https:\/\/www.malinashop.lt\/lt_lt\/shop\/abib-naktine-veido-kauke-su-ryziu-probiotikais-rice-probiotics-barrier-jelly-80-ml\/"]}]},{"@type":"ImageObject","inLanguage":"lt-LT","@id":"https:\/\/www.malinashop.lt\/lt_lt\/shop\/abib-naktine-veido-kauke-su-ryziu-probiotikais-rice-probiotics-barrier-jelly-80-ml\/#primaryimage","url":"https:\/\/www.malinashop.lt\/wp-content\/uploads\/2026\/04\/Naktine-veido-kauke-su-ryziu-probiotikais-ABIB-Rice-Probiotics-Barrier-Jelly-80-ml2.webp","contentUrl":"https:\/\/www.malinashop.lt\/wp-content\/uploads\/2026\/04\/Naktine-veido-kauke-su-ryziu-probiotikais-ABIB-Rice-Probiotics-Barrier-Jelly-80-ml2.webp","width":800,"height":800},{"@type":"BreadcrumbList","@id":"https:\/\/www.malinashop.lt\/lt_lt\/shop\/abib-naktine-veido-kauke-su-ryziu-probiotikais-rice-probiotics-barrier-jelly-80-ml\/#breadcrumb","itemListElement":[{"@type":"ListItem","position":1,"name":"Home","item":"https:\/\/www.malinashop.lt\/en\/"},{"@type":"ListItem","position":2,"name":"Parduotuv\u0117","item":"https:\/\/www.malinashop.lt\/en\/parduotuve\/"},{"@type":"ListItem","position":3,"name":"ABIB naktin\u0117 veido kauk\u0117 su ry\u017ei\u0173 probiotikais Rice Probiotics Barrier Jelly 80 ml"}]},{"@type":"WebSite","@id":"https:\/\/www.malinashop.lt\/en\/#website","url":"https:\/\/www.malinashop.lt\/en\/","name":"COM Group Ecommerce","description":"MalinaShop.lt - Gro\u017eio ir sveikatos produktai i\u0161 patikim\u0173 preki\u0173 \u017eenkl\u0173. Atraskite auk\u0161tos kokyb\u0117s kosmetik\u0105 u\u017e puiki\u0105 kain\u0105.","publisher":{"@id":"https:\/\/www.malinashop.lt\/en\/#organization"},"potentialAction":[{"@type":"SearchAction","target":{"@type":"EntryPoint","urlTemplate":"https:\/\/www.malinashop.lt\/en\/?s={search_term_string}"},"query-input":{"@type":"PropertyValueSpecification","valueRequired":true,"valueName":"search_term_string"}}],"inLanguage":"lt-LT"},{"@type":"Organization","@id":"https:\/\/www.malinashop.lt\/en\/#organization","name":"COM Group Ecommerce","url":"https:\/\/www.malinashop.lt\/en\/","logo":{"@type":"ImageObject","inLanguage":"lt-LT","@id":"https:\/\/www.malinashop.lt\/en\/#\/schema\/logo\/image\/","url":"https:\/\/www.malinashop.lt\/wp-content\/uploads\/2024\/08\/462559670_3787732518133670_9795632669273463_n-e1731525914575.png","contentUrl":"https:\/\/www.malinashop.lt\/wp-content\/uploads\/2024\/08\/462559670_3787732518133670_9795632669273463_n-e1731525914575.png","width":180,"height":60,"caption":"COM Group Ecommerce"},"image":{"@id":"https:\/\/www.malinashop.lt\/en\/#\/schema\/logo\/image\/"}}]}},"jetpack_sharing_enabled":true,"_links":{"self":[{"href":"https:\/\/www.malinashop.lt\/lt_lt\/wp-json\/wp\/v2\/product\/76023","targetHints":{"allow":["GET"]}}],"collection":[{"href":"https:\/\/www.malinashop.lt\/lt_lt\/wp-json\/wp\/v2\/product"}],"about":[{"href":"https:\/\/www.malinashop.lt\/lt_lt\/wp-json\/wp\/v2\/types\/product"}],"version-history":[{"count":2,"href":"https:\/\/www.malinashop.lt\/lt_lt\/wp-json\/wp\/v2\/product\/76023\/revisions"}],"predecessor-version":[{"id":76053,"href":"https:\/\/www.malinashop.lt\/lt_lt\/wp-json\/wp\/v2\/product\/76023\/revisions\/76053"}],"wp:featuredmedia":[{"embeddable":true,"href":"https:\/\/www.malinashop.lt\/lt_lt\/wp-json\/wp\/v2\/media\/76024"}],"wp:attachment":[{"href":"https:\/\/www.malinashop.lt\/lt_lt\/wp-json\/wp\/v2\/media?parent=76023"}],"wp:term":[{"taxonomy":"product_brand","embeddable":true,"href":"https:\/\/www.malinashop.lt\/lt_lt\/wp-json\/wp\/v2\/product_brand?post=76023"},{"taxonomy":"product_cat","embeddable":true,"href":"https:\/\/www.malinashop.lt\/lt_lt\/wp-json\/wp\/v2\/product_cat?post=76023"},{"taxonomy":"product_tag","embeddable":true,"href":"https:\/\/www.malinashop.lt\/lt_lt\/wp-json\/wp\/v2\/product_tag?post=76023"}],"curies":[{"name":"wp","href":"https:\/\/api.w.org\/{rel}","templated":true}]}}