{"id":75859,"date":"2026-03-29T00:04:20","date_gmt":"2026-03-28T21:04:20","guid":{"rendered":"https:\/\/malinashop.lt\/?post_type=product&#038;p=75859"},"modified":"2026-04-07T22:17:52","modified_gmt":"2026-04-07T19:17:52","slug":"abib-veido-kremas-jericho-rose-creme-nutrition-tube","status":"publish","type":"product","link":"https:\/\/www.malinashop.lt\/lt_lt\/shop\/abib-veido-kremas-jericho-rose-creme-nutrition-tube\/","title":{"rendered":"Abib veido kremas Jericho Rose Cr\u00e8me Nutrition Tube"},"content":{"rendered":"<hr class=\"\" data-path-to-node=\"1\" \/>\n<h5 class=\"\" data-path-to-node=\"2\">Abib Jericho Rose Creme Nutrition Tube \u2013 intensyviai maitinantis ir regeneruojantis veido kremas<\/h5>\n<p data-path-to-node=\"3\"><span class=\"\">Suteikite savo odai prabang\u0173 maitinim\u0105 ir gil\u0173 dr\u0117kinim\u0105 su <\/span><b class=\"\" data-path-to-node=\"3\" data-index-in-node=\"60\">Abib Jericho Rose Creme Nutrition Tube<\/b><span class=\"\">.<\/span><span class=\"\"> \u0160is kremas sukurtas specialiai sausai,<\/span><span class=\"\"> pavargusiai ir elastingum\u0105 praradusiai odai,<\/span><span class=\"\"> kuriai reikia intensyvios regeneracijos.<\/span><span class=\"\"> Turtinga,<\/span><span class=\"\"> kremin\u0117 tekst\u016bra akimirksniu sumink\u0161tina od\u0105,<\/span><span class=\"\"> u\u017epildo dr\u0117gm\u0117s tr\u016bkum\u0105 ir sukuria patikim\u0105 apsaugin\u012f barjer\u0105.<\/span><\/p>\n<h6 class=\"\" data-path-to-node=\"4\">Pagrindin\u0117s savyb\u0117s ir poveikis:<\/h6>\n<ul data-path-to-node=\"5\">\n<li>\n<p data-path-to-node=\"5,0,0\"><b class=\"\" data-path-to-node=\"5,0,0\" data-index-in-node=\"0\">Jericho ro\u017e\u0117s ekstraktas:<\/b><span class=\"\"> pasi\u017eymi ne\u012ftik\u0117tinu geb\u0117jimu i\u0161gyventi ekstremaliomis s\u0105lygomis ir sulaikyti dr\u0117gm\u0119,<\/span><span class=\"\"> tod\u0117l kremas u\u017etikrina ilgalaik\u012f odos dr\u0117kinim\u0105 ir gyvybingum\u0105.<\/span><\/p>\n<\/li>\n<li>\n<p data-path-to-node=\"5,1,0\"><b class=\"\" data-path-to-node=\"5,1,0\" data-index-in-node=\"0\">Bifida ferment\u0173 kompleksas:<\/b><span class=\"\"> stiprina odos mikrobiom\u0105,<\/span><span class=\"\"> padeda atkurti pa\u017eeist\u0105 barjer\u0105 ir skatina l\u0105steli\u0173 atsinaujinim\u0105,<\/span><span class=\"\"> tod\u0117l oda tampa atsparesn\u0117 i\u0161or\u0117s dirgikliams.<\/span><\/p>\n<\/li>\n<li>\n<p data-path-to-node=\"5,2,0\"><b data-path-to-node=\"5,2,0\" data-index-in-node=\"0\">Vegani\u0161kas kolagenas ir peptidai:<\/b> \u0161is derinys aktyviai stangrina od\u0105, didina jos elastingum\u0105 ir padeda kovoti su rauk\u0161lel\u0117mis bei kitais sen\u0117jimo po\u017eymiais.<\/p>\n<\/li>\n<li>\n<p data-path-to-node=\"5,3,0\"><b data-path-to-node=\"5,3,0\" data-index-in-node=\"0\">Sviestmed\u017ei\u0173 aliejus ir skvalanas:<\/b> giliai maitina, mink\u0161tina od\u0105 ir neleid\u017eia jai pleiskanoti, suteikdamas veidui sveik\u0105, aksomin\u012f spindes\u012f.<\/p>\n<\/li>\n<\/ul>\n<h6 data-path-to-node=\"6\">Rezultatas:<\/h6>\n<p data-path-to-node=\"7\">Reguliariai naudojant, oda tampa pastebimai tvirtesn\u0117, lygesn\u0117 ir intensyviai pamaitinta. Kremas padeda i\u0161laikyti dr\u0117gm\u0119 vis\u0105 dien\u0105, tod\u0117l veidas atrodo pails\u0117j\u0119s, o oda \u2013 pilna energijos ir elastingumo. Patogi t\u016bbel\u0117s pakuot\u0117 u\u017etikrina produkto \u0161vie\u017eum\u0105 ir patog\u0173 dozavim\u0105.<\/p>\n<hr data-path-to-node=\"8\" \/>\n<h5 data-path-to-node=\"9\">Naudojimo b\u016bdas<\/h5>\n<ol start=\"1\" data-path-to-node=\"10\">\n<li>\n<p data-path-to-node=\"10,0,0\">Nedidel\u012f kiek\u012f kremo paskirstykite ant \u0161varios ir tonizuotos veido bei kaklo odos.<\/p>\n<\/li>\n<li>\n<p data-path-to-node=\"10,1,0\">\u0160velniais masa\u017euojamaisiais judesiais \u012ftrinkite priemon\u0119, kol ji visi\u0161kai susigers.<\/p>\n<\/li>\n<li>\n<p data-path-to-node=\"10,2,0\">Naudokite ryte ir vakare kaip paskutin\u012f odos prie\u017ei\u016bros \u017eingsn\u012f.<\/p>\n<\/li>\n<li>\n<p data-path-to-node=\"10,3,0\">Esant ypa\u010d sausoms vietoms, galite u\u017etepti \u0161iek tiek storesn\u012f sluoksn\u012f papildomam maitinimui.<\/p>\n<\/li>\n<\/ol>\n<hr data-path-to-node=\"11\" \/>\n<p data-path-to-node=\"12\">Pilna sud\u0117tis (Ingredients): Water, Butylene Glycol, Glycerin, Caprylic\/Capric Triglyceride, 1,2-Hexanediol, Niacinamide, Methylpropanediol, Anastatica Hierochuntica Extract, Macadamia Ternifolia Seed Oil, Limnanthes Alba (Meadowfoam) Seed Oil, Lactobacillus Ferment, Butyrospermum Parkii (Shea) Butter, Macadamia Integrifolia Seed Oil, Olea Europaea (Olive) Fruit Oil, Simmondsia Chinensis (Jojoba) Seed Oil, Vitis Vinifera (Grape) Seed Oil, Sodium Hyaluronate, Bifida Ferment Filtrate, Bifida Ferment Lysate, Soluble Collagen, Panthenol, Pentylene Glycol, Sodium Polyacryloyldimethyl Taurate, Hydrogenated Lecithin, Squalane, Hydrogenated Polydecene, Sucrose Palmitate, Triisostearin, Tromethamine, Propanediol, Ethylhexylglycerin, Adenosine, Ceramide NP, Polyglyceryl-10 Laurate, Polyglyceryl-3 Methylglucose Distearate, Dextrin, Beta-Glucan, Tocopherol, Bakuchiol, Trehalose, Phytosphingosine, Octyldodecanol, Phosphatidylcholine, Palmitoyl Tripeptide-5, Sorbitol, Carbomer, Xanthan Gum.<\/p>\n","protected":false},"excerpt":{"rendered":"<p><b data-path-to-node=\"14\" data-index-in-node=\"26\">Abib Jericho Rose Creme Nutrition Tube<\/b> \u2013 tai intensyviai maitinantis veido kremas su Jericho ro\u017e\u0117s ekstraktu ir bifida fermentais. Priemon\u0117 sukurta sausai ir brand\u017eiai odai, siekiant atkurti jos elastingum\u0105, stangrum\u0105 ir dr\u0117gm\u0117s balans\u0105. Sud\u0117tyje esantis kolagenas ir peptidai veiksmingai kovoja su sen\u0117jimo po\u017eymiais, suteikdami odai aksominio \u0161velnumo ir sveik\u0105 i\u0161vaizd\u0105.<\/p>\n","protected":false},"featured_media":75861,"template":"","meta":[],"product_brand":[1676],"product_cat":[187,728],"product_tag":[],"class_list":{"0":"post-75859","1":"product","2":"type-product","3":"status-publish","4":"has-post-thumbnail","6":"product_brand-abib","7":"product_cat-veido-kremai","8":"product_cat-veidui","10":"first","11":"instock","12":"sale","13":"taxable","14":"shipping-taxable","15":"purchasable","16":"product-type-simple"},"yoast_head":"<!-- This site is optimized with the Yoast SEO plugin v27.4 - https:\/\/yoast.com\/product\/yoast-seo-wordpress\/ -->\n<title>Abib veido kremas Jericho Rose Cr\u00e8me Nutrition Tube - MalinaShop.lt J\u016bs\u0173 sveikatai ir gro\u017eiui.<\/title>\n<meta name=\"description\" content=\"Abib Jericho Rose maitinamasis kremas: atkuria odos elastingum\u0105, intensyviai dr\u0117kina ir maitina. Su kolagenu, peptidais ir bifida fermentais.\" \/>\n<meta name=\"robots\" content=\"index, follow, max-snippet:-1, max-image-preview:large, max-video-preview:-1\" \/>\n<link rel=\"canonical\" href=\"https:\/\/www.malinashop.lt\/lt_lt\/shop\/abib-veido-kremas-jericho-rose-creme-nutrition-tube\/\" \/>\n<meta property=\"og:locale\" content=\"lt_LT\" \/>\n<meta property=\"og:type\" content=\"article\" \/>\n<meta property=\"og:title\" content=\"Abib veido kremas Jericho Rose Cr\u00e8me Nutrition Tube - MalinaShop.lt J\u016bs\u0173 sveikatai ir gro\u017eiui.\" \/>\n<meta property=\"og:description\" content=\"Abib Jericho Rose maitinamasis kremas: atkuria odos elastingum\u0105, intensyviai dr\u0117kina ir maitina. Su kolagenu, peptidais ir bifida fermentais.\" \/>\n<meta property=\"og:url\" content=\"https:\/\/www.malinashop.lt\/lt_lt\/shop\/abib-veido-kremas-jericho-rose-creme-nutrition-tube\/\" \/>\n<meta property=\"og:site_name\" content=\"MalinaShop.lt J\u016bs\u0173 sveikatai ir gro\u017eiui.\" \/>\n<meta property=\"article:modified_time\" content=\"2026-04-07T19:17:52+00:00\" \/>\n<meta property=\"og:image\" content=\"https:\/\/www.malinashop.lt\/wp-content\/uploads\/2026\/03\/Abib-veido-kremas-Jericho-Rose-Creme-Nutrition-Tube.webp\" \/>\n\t<meta property=\"og:image:width\" content=\"1100\" \/>\n\t<meta property=\"og:image:height\" content=\"1100\" \/>\n\t<meta property=\"og:image:type\" content=\"image\/webp\" \/>\n<meta name=\"twitter:card\" content=\"summary_large_image\" \/>\n<script type=\"application\/ld+json\" class=\"yoast-schema-graph\">{\"@context\":\"https:\\\/\\\/schema.org\",\"@graph\":[{\"@type\":\"WebPage\",\"@id\":\"https:\\\/\\\/www.malinashop.lt\\\/lt_lt\\\/shop\\\/abib-veido-kremas-jericho-rose-creme-nutrition-tube\\\/\",\"url\":\"https:\\\/\\\/www.malinashop.lt\\\/lt_lt\\\/shop\\\/abib-veido-kremas-jericho-rose-creme-nutrition-tube\\\/\",\"name\":\"Abib veido kremas Jericho Rose Cr\u00e8me Nutrition Tube - MalinaShop.lt J\u016bs\u0173 sveikatai ir gro\u017eiui.\",\"isPartOf\":{\"@id\":\"https:\\\/\\\/www.malinashop.lt\\\/en\\\/#website\"},\"primaryImageOfPage\":{\"@id\":\"https:\\\/\\\/www.malinashop.lt\\\/lt_lt\\\/shop\\\/abib-veido-kremas-jericho-rose-creme-nutrition-tube\\\/#primaryimage\"},\"image\":{\"@id\":\"https:\\\/\\\/www.malinashop.lt\\\/lt_lt\\\/shop\\\/abib-veido-kremas-jericho-rose-creme-nutrition-tube\\\/#primaryimage\"},\"thumbnailUrl\":\"https:\\\/\\\/www.malinashop.lt\\\/wp-content\\\/uploads\\\/2026\\\/03\\\/Abib-veido-kremas-Jericho-Rose-Creme-Nutrition-Tube.webp\",\"datePublished\":\"2026-03-28T21:04:20+00:00\",\"dateModified\":\"2026-04-07T19:17:52+00:00\",\"description\":\"Abib Jericho Rose maitinamasis kremas: atkuria odos elastingum\u0105, intensyviai dr\u0117kina ir maitina. Su kolagenu, peptidais ir bifida fermentais.\",\"breadcrumb\":{\"@id\":\"https:\\\/\\\/www.malinashop.lt\\\/lt_lt\\\/shop\\\/abib-veido-kremas-jericho-rose-creme-nutrition-tube\\\/#breadcrumb\"},\"inLanguage\":\"lt-LT\",\"potentialAction\":[{\"@type\":\"ReadAction\",\"target\":[\"https:\\\/\\\/www.malinashop.lt\\\/lt_lt\\\/shop\\\/abib-veido-kremas-jericho-rose-creme-nutrition-tube\\\/\"]}]},{\"@type\":\"ImageObject\",\"inLanguage\":\"lt-LT\",\"@id\":\"https:\\\/\\\/www.malinashop.lt\\\/lt_lt\\\/shop\\\/abib-veido-kremas-jericho-rose-creme-nutrition-tube\\\/#primaryimage\",\"url\":\"https:\\\/\\\/www.malinashop.lt\\\/wp-content\\\/uploads\\\/2026\\\/03\\\/Abib-veido-kremas-Jericho-Rose-Creme-Nutrition-Tube.webp\",\"contentUrl\":\"https:\\\/\\\/www.malinashop.lt\\\/wp-content\\\/uploads\\\/2026\\\/03\\\/Abib-veido-kremas-Jericho-Rose-Creme-Nutrition-Tube.webp\",\"width\":1100,\"height\":1100},{\"@type\":\"BreadcrumbList\",\"@id\":\"https:\\\/\\\/www.malinashop.lt\\\/lt_lt\\\/shop\\\/abib-veido-kremas-jericho-rose-creme-nutrition-tube\\\/#breadcrumb\",\"itemListElement\":[{\"@type\":\"ListItem\",\"position\":1,\"name\":\"Home\",\"item\":\"https:\\\/\\\/www.malinashop.lt\\\/en\\\/\"},{\"@type\":\"ListItem\",\"position\":2,\"name\":\"Parduotuv\u0117\",\"item\":\"https:\\\/\\\/www.malinashop.lt\\\/en\\\/parduotuve\\\/\"},{\"@type\":\"ListItem\",\"position\":3,\"name\":\"Abib veido kremas Jericho Rose Cr\u00e8me Nutrition Tube\"}]},{\"@type\":\"WebSite\",\"@id\":\"https:\\\/\\\/www.malinashop.lt\\\/en\\\/#website\",\"url\":\"https:\\\/\\\/www.malinashop.lt\\\/en\\\/\",\"name\":\"COM Group Ecommerce\",\"description\":\"MalinaShop.lt - Gro\u017eio ir sveikatos produktai i\u0161 patikim\u0173 preki\u0173 \u017eenkl\u0173. Atraskite auk\u0161tos kokyb\u0117s kosmetik\u0105 u\u017e puiki\u0105 kain\u0105.\",\"publisher\":{\"@id\":\"https:\\\/\\\/www.malinashop.lt\\\/en\\\/#organization\"},\"potentialAction\":[{\"@type\":\"SearchAction\",\"target\":{\"@type\":\"EntryPoint\",\"urlTemplate\":\"https:\\\/\\\/www.malinashop.lt\\\/en\\\/?s={search_term_string}\"},\"query-input\":{\"@type\":\"PropertyValueSpecification\",\"valueRequired\":true,\"valueName\":\"search_term_string\"}}],\"inLanguage\":\"lt-LT\"},{\"@type\":\"Organization\",\"@id\":\"https:\\\/\\\/www.malinashop.lt\\\/en\\\/#organization\",\"name\":\"COM Group Ecommerce\",\"url\":\"https:\\\/\\\/www.malinashop.lt\\\/en\\\/\",\"logo\":{\"@type\":\"ImageObject\",\"inLanguage\":\"lt-LT\",\"@id\":\"https:\\\/\\\/www.malinashop.lt\\\/en\\\/#\\\/schema\\\/logo\\\/image\\\/\",\"url\":\"https:\\\/\\\/www.malinashop.lt\\\/wp-content\\\/uploads\\\/2024\\\/08\\\/462559670_3787732518133670_9795632669273463_n-e1731525914575.png\",\"contentUrl\":\"https:\\\/\\\/www.malinashop.lt\\\/wp-content\\\/uploads\\\/2024\\\/08\\\/462559670_3787732518133670_9795632669273463_n-e1731525914575.png\",\"width\":180,\"height\":60,\"caption\":\"COM Group Ecommerce\"},\"image\":{\"@id\":\"https:\\\/\\\/www.malinashop.lt\\\/en\\\/#\\\/schema\\\/logo\\\/image\\\/\"}}]}<\/script>\n<!-- \/ Yoast SEO plugin. -->","yoast_head_json":{"title":"Abib veido kremas Jericho Rose Cr\u00e8me Nutrition Tube - MalinaShop.lt J\u016bs\u0173 sveikatai ir gro\u017eiui.","description":"Abib Jericho Rose maitinamasis kremas: atkuria odos elastingum\u0105, intensyviai dr\u0117kina ir maitina. Su kolagenu, peptidais ir bifida fermentais.","robots":{"index":"index","follow":"follow","max-snippet":"max-snippet:-1","max-image-preview":"max-image-preview:large","max-video-preview":"max-video-preview:-1"},"canonical":"https:\/\/www.malinashop.lt\/lt_lt\/shop\/abib-veido-kremas-jericho-rose-creme-nutrition-tube\/","og_locale":"lt_LT","og_type":"article","og_title":"Abib veido kremas Jericho Rose Cr\u00e8me Nutrition Tube - MalinaShop.lt J\u016bs\u0173 sveikatai ir gro\u017eiui.","og_description":"Abib Jericho Rose maitinamasis kremas: atkuria odos elastingum\u0105, intensyviai dr\u0117kina ir maitina. Su kolagenu, peptidais ir bifida fermentais.","og_url":"https:\/\/www.malinashop.lt\/lt_lt\/shop\/abib-veido-kremas-jericho-rose-creme-nutrition-tube\/","og_site_name":"MalinaShop.lt J\u016bs\u0173 sveikatai ir gro\u017eiui.","article_modified_time":"2026-04-07T19:17:52+00:00","og_image":[{"width":1100,"height":1100,"url":"https:\/\/www.malinashop.lt\/wp-content\/uploads\/2026\/03\/Abib-veido-kremas-Jericho-Rose-Creme-Nutrition-Tube.webp","type":"image\/webp"}],"twitter_card":"summary_large_image","schema":{"@context":"https:\/\/schema.org","@graph":[{"@type":"WebPage","@id":"https:\/\/www.malinashop.lt\/lt_lt\/shop\/abib-veido-kremas-jericho-rose-creme-nutrition-tube\/","url":"https:\/\/www.malinashop.lt\/lt_lt\/shop\/abib-veido-kremas-jericho-rose-creme-nutrition-tube\/","name":"Abib veido kremas Jericho Rose Cr\u00e8me Nutrition Tube - MalinaShop.lt J\u016bs\u0173 sveikatai ir gro\u017eiui.","isPartOf":{"@id":"https:\/\/www.malinashop.lt\/en\/#website"},"primaryImageOfPage":{"@id":"https:\/\/www.malinashop.lt\/lt_lt\/shop\/abib-veido-kremas-jericho-rose-creme-nutrition-tube\/#primaryimage"},"image":{"@id":"https:\/\/www.malinashop.lt\/lt_lt\/shop\/abib-veido-kremas-jericho-rose-creme-nutrition-tube\/#primaryimage"},"thumbnailUrl":"https:\/\/www.malinashop.lt\/wp-content\/uploads\/2026\/03\/Abib-veido-kremas-Jericho-Rose-Creme-Nutrition-Tube.webp","datePublished":"2026-03-28T21:04:20+00:00","dateModified":"2026-04-07T19:17:52+00:00","description":"Abib Jericho Rose maitinamasis kremas: atkuria odos elastingum\u0105, intensyviai dr\u0117kina ir maitina. Su kolagenu, peptidais ir bifida fermentais.","breadcrumb":{"@id":"https:\/\/www.malinashop.lt\/lt_lt\/shop\/abib-veido-kremas-jericho-rose-creme-nutrition-tube\/#breadcrumb"},"inLanguage":"lt-LT","potentialAction":[{"@type":"ReadAction","target":["https:\/\/www.malinashop.lt\/lt_lt\/shop\/abib-veido-kremas-jericho-rose-creme-nutrition-tube\/"]}]},{"@type":"ImageObject","inLanguage":"lt-LT","@id":"https:\/\/www.malinashop.lt\/lt_lt\/shop\/abib-veido-kremas-jericho-rose-creme-nutrition-tube\/#primaryimage","url":"https:\/\/www.malinashop.lt\/wp-content\/uploads\/2026\/03\/Abib-veido-kremas-Jericho-Rose-Creme-Nutrition-Tube.webp","contentUrl":"https:\/\/www.malinashop.lt\/wp-content\/uploads\/2026\/03\/Abib-veido-kremas-Jericho-Rose-Creme-Nutrition-Tube.webp","width":1100,"height":1100},{"@type":"BreadcrumbList","@id":"https:\/\/www.malinashop.lt\/lt_lt\/shop\/abib-veido-kremas-jericho-rose-creme-nutrition-tube\/#breadcrumb","itemListElement":[{"@type":"ListItem","position":1,"name":"Home","item":"https:\/\/www.malinashop.lt\/en\/"},{"@type":"ListItem","position":2,"name":"Parduotuv\u0117","item":"https:\/\/www.malinashop.lt\/en\/parduotuve\/"},{"@type":"ListItem","position":3,"name":"Abib veido kremas Jericho Rose Cr\u00e8me Nutrition Tube"}]},{"@type":"WebSite","@id":"https:\/\/www.malinashop.lt\/en\/#website","url":"https:\/\/www.malinashop.lt\/en\/","name":"COM Group Ecommerce","description":"MalinaShop.lt - Gro\u017eio ir sveikatos produktai i\u0161 patikim\u0173 preki\u0173 \u017eenkl\u0173. Atraskite auk\u0161tos kokyb\u0117s kosmetik\u0105 u\u017e puiki\u0105 kain\u0105.","publisher":{"@id":"https:\/\/www.malinashop.lt\/en\/#organization"},"potentialAction":[{"@type":"SearchAction","target":{"@type":"EntryPoint","urlTemplate":"https:\/\/www.malinashop.lt\/en\/?s={search_term_string}"},"query-input":{"@type":"PropertyValueSpecification","valueRequired":true,"valueName":"search_term_string"}}],"inLanguage":"lt-LT"},{"@type":"Organization","@id":"https:\/\/www.malinashop.lt\/en\/#organization","name":"COM Group Ecommerce","url":"https:\/\/www.malinashop.lt\/en\/","logo":{"@type":"ImageObject","inLanguage":"lt-LT","@id":"https:\/\/www.malinashop.lt\/en\/#\/schema\/logo\/image\/","url":"https:\/\/www.malinashop.lt\/wp-content\/uploads\/2024\/08\/462559670_3787732518133670_9795632669273463_n-e1731525914575.png","contentUrl":"https:\/\/www.malinashop.lt\/wp-content\/uploads\/2024\/08\/462559670_3787732518133670_9795632669273463_n-e1731525914575.png","width":180,"height":60,"caption":"COM Group Ecommerce"},"image":{"@id":"https:\/\/www.malinashop.lt\/en\/#\/schema\/logo\/image\/"}}]}},"jetpack_sharing_enabled":true,"_links":{"self":[{"href":"https:\/\/www.malinashop.lt\/lt_lt\/wp-json\/wp\/v2\/product\/75859","targetHints":{"allow":["GET"]}}],"collection":[{"href":"https:\/\/www.malinashop.lt\/lt_lt\/wp-json\/wp\/v2\/product"}],"about":[{"href":"https:\/\/www.malinashop.lt\/lt_lt\/wp-json\/wp\/v2\/types\/product"}],"version-history":[{"count":1,"href":"https:\/\/www.malinashop.lt\/lt_lt\/wp-json\/wp\/v2\/product\/75859\/revisions"}],"predecessor-version":[{"id":75863,"href":"https:\/\/www.malinashop.lt\/lt_lt\/wp-json\/wp\/v2\/product\/75859\/revisions\/75863"}],"wp:featuredmedia":[{"embeddable":true,"href":"https:\/\/www.malinashop.lt\/lt_lt\/wp-json\/wp\/v2\/media\/75861"}],"wp:attachment":[{"href":"https:\/\/www.malinashop.lt\/lt_lt\/wp-json\/wp\/v2\/media?parent=75859"}],"wp:term":[{"taxonomy":"product_brand","embeddable":true,"href":"https:\/\/www.malinashop.lt\/lt_lt\/wp-json\/wp\/v2\/product_brand?post=75859"},{"taxonomy":"product_cat","embeddable":true,"href":"https:\/\/www.malinashop.lt\/lt_lt\/wp-json\/wp\/v2\/product_cat?post=75859"},{"taxonomy":"product_tag","embeddable":true,"href":"https:\/\/www.malinashop.lt\/lt_lt\/wp-json\/wp\/v2\/product_tag?post=75859"}],"curies":[{"name":"wp","href":"https:\/\/api.w.org\/{rel}","templated":true}]}}