{"id":75842,"date":"2026-03-28T23:51:32","date_gmt":"2026-03-28T20:51:32","guid":{"rendered":"https:\/\/malinashop.lt\/?post_type=product&#038;p=75842"},"modified":"2026-04-07T22:17:53","modified_gmt":"2026-04-07T19:17:53","slug":"abib-veido-serumas-jericho-rose-bifida-serum-firming-drop","status":"publish","type":"product","link":"https:\/\/www.malinashop.lt\/lt_lt\/shop\/abib-veido-serumas-jericho-rose-bifida-serum-firming-drop\/","title":{"rendered":"Abib veido serumas Jericho Rose Bifida Serum Firming Drop"},"content":{"rendered":"<h5 data-path-to-node=\"2\">Abib Jericho Rose Bifida Serum Firming Drop \u2013 stangrinantis ir regeneruojantis veido serumas<\/h5>\n<p data-path-to-node=\"3\">Suteikite savo odai visapus\u012f atstatym\u0105 ir stangrinimo efekt\u0105 su <b data-path-to-node=\"3\" data-index-in-node=\"64\">Abib Jericho Rose Bifida Serum Firming Drop<\/b>. \u0160is lengvos, emulsij\u0105 primenan\u010dios konsistencijos serumas sukurtas kovai su pirmaisiais sen\u0117jimo po\u017eymiais, odos suglebimu ir dehidratacija. D\u0117l savo unikalios sud\u0117ties priemon\u0117 greitai \u012fsigeria, nepalikdama lipnumo poj\u016b\u010dio, ir aktyviai veikia giliuosius odos sluoksnius.<\/p>\n<h6 data-path-to-node=\"4\">Veikliosios med\u017eiagos ir j\u0173 nauda:<\/h6>\n<ul data-path-to-node=\"5\">\n<li>\n<p data-path-to-node=\"5,0,0\"><b data-path-to-node=\"5,0,0\" data-index-in-node=\"0\">Jericho ro\u017e\u0117s ekstraktas ir trehaloz\u0117:<\/b> u\u017etikrina gil\u0173 ir ilgalaik\u012f dr\u0117kinim\u0105, padeda odai i\u0161laikyti dr\u0117gm\u0119 net nepalankiomis s\u0105lygomis.<\/p>\n<\/li>\n<li>\n<p data-path-to-node=\"5,1,0\"><b data-path-to-node=\"5,1,0\" data-index-in-node=\"0\">Bifida ferment\u0173 kompleksas:<\/b> stiprina odos mikrobiom\u0105 ir apsaugin\u012f barjer\u0105, skatina l\u0105steli\u0173 regeneracij\u0105 ir ma\u017eina jautrum\u0105 aplinkos dirgikliams.<\/p>\n<\/li>\n<li>\n<p data-path-to-node=\"5,2,0\"><b data-path-to-node=\"5,2,0\" data-index-in-node=\"0\">Bakuchiolis ir peptidai:<\/b> nat\u016brali retinolio alternatyva (bakuchiolis) kartu su peptidais efektyviai stangrina od\u0105, skatina kolageno gamyb\u0105 ir lygina smulkias rauk\u0161leles.<\/p>\n<\/li>\n<li>\n<p data-path-to-node=\"5,3,0\"><b data-path-to-node=\"5,3,0\" data-index-in-node=\"0\">Niacinamidas ir adenozinas:<\/b> \u0161viesina od\u0105, suteikia jai skaistumo ir padeda i\u0161laikyti vientis\u0105 odos ton\u0105.<\/p>\n<\/li>\n<li>\n<p data-path-to-node=\"5,4,0\"><b data-path-to-node=\"5,4,0\" data-index-in-node=\"0\">Keramidai ir hialurono r\u016bg\u0161tis:<\/b> atkuria odos elastingum\u0105, stiprina apsaugin\u012f sluoksn\u012f ir apsaugo nuo dr\u0117gm\u0117s praradimo.<\/p>\n<\/li>\n<\/ul>\n<h6 data-path-to-node=\"6\">Rezultatas:<\/h6>\n<p data-path-to-node=\"7\">Reguliariai naudojant serum\u0105, oda tampa pastebimai tvirtesn\u0117, elastingesn\u0117 ir lygesn\u0117. D\u0117l sud\u0117tyje esan\u010dio skvalano ir verting\u0173 augalini\u0173 aliej\u0173 (makadamij\u0173, simondsij\u0173, vynuogi\u0173 kauliuk\u0173), veidas \u012fgauna sveik\u0105 \u0161vyt\u0117jim\u0105 ir aksomin\u012f \u0161velnum\u0105.<\/p>\n<hr data-path-to-node=\"8\" \/>\n<h5 data-path-to-node=\"9\">Naudojimo b\u016bdas<\/h5>\n<ol start=\"1\" data-path-to-node=\"10\">\n<li>\n<p data-path-to-node=\"10,0,0\">U\u017ela\u0161inkite kelis la\u0161us serumo ant \u0161varios ir tonizuotos veido bei kaklo odos.<\/p>\n<\/li>\n<li>\n<p data-path-to-node=\"10,1,0\">\u0160velniais masa\u017euojamaisiais judesiais paskirstykite priemon\u0119, kol ji visi\u0161kai susigers.<\/p>\n<\/li>\n<li>\n<p data-path-to-node=\"10,2,0\">Naudokite ryte ir vakare prie\u0161 tepdami veido krem\u0105.<\/p>\n<\/li>\n<li>\n<p data-path-to-node=\"10,3,0\">Venkite tepti arti aki\u0173 ir l\u016bp\u0173 zon\u0173.<\/p>\n<\/li>\n<\/ol>\n<hr data-path-to-node=\"11\" \/>\n<p data-path-to-node=\"12\">Pilna sud\u0117tis (Ingredients): Water (Aqua), Butylene Glycol, Glycerin, Caprylic\/Capric Triglyceride, 1,2-Hexanediol, Niacinamide, Methylpropanediol, Anastatica Hierochuntica Extract, Macadamia Ternifolia Seed Oil, Limnanthes Alba (Meadowfoam) Seed Oil, Lactobacillus Ferment, Butyrospermum Parkii (Shea) Butter, Macadamia Integrifolia Seed Oil, Olea Europaea (Olive) Fruit Oil, Simmondsia Chinensis (Jojoba) Seed Oil, Vitis Vinifera (Grape) Seed Oil, Sodium Hyaluronate, Theobroma Cacao (Cocoa) Extract, Bifida Ferment Filtrate, Bifida Ferment Lysate, Soluble Collagen, Panthenol, Pentylene Glycol, Sodium Polyacryloyldimethyl Taurate, Hydrogenated Lecithin, Squalane, Hydrogenated Polydecene, Sucrose Palmitate, Triisostearin, Tromethamine, Propanediol, Ethylhexylglycerin, Adenosine, Sodium Dilauramidoglutamide Lysine, Glucosylrutin, Ceramide NP, Polyglyceryl-10 Laurate, Polyglyceryl-3 Methylglucose Distearate, Dextrin, Beta-Glucan, Sodium Ascorbyl Phosphate, Tocopherol, Bakuchiol, Trehalose, Dipropylene Glycol, Phytosphingosine, Octyldodecanol, Phosphatidylcholine, Asiaticoside, Asiatic Acid, Glycolipids, Madecassic Acid, Palmitoyl Tripeptide-5, Sorbitol, Carbomer, Xanthan Gum.<\/p>\n","protected":false},"excerpt":{"rendered":"<p><b data-path-to-node=\"14\" data-index-in-node=\"26\">Abib Jericho Rose Bifida Serum Firming Drop<\/b> \u2013 tai intensyviai stangrinantis veido serumas su Jericho ro\u017e\u0117s ekstraktu ir bifida fermentais. Priemon\u0117 efektyviai dr\u0117kina, stiprina odos barjer\u0105 ir padeda kovoti su sen\u0117jimo po\u017eymiais d\u0117ka sud\u0117tyje esan\u010dio bakuchiolio bei peptid\u0173. Lengva tekst\u016bra u\u017etikrina greit\u0105 \u012fsigeriamum\u0105 ir suteikia odai elastingumo bei sveiko \u0161vyt\u0117jimo.<\/p>\n","protected":false},"featured_media":75844,"template":"","meta":[],"product_brand":[1676],"product_cat":[550,728],"product_tag":[],"class_list":{"0":"post-75842","1":"product","2":"type-product","3":"status-publish","4":"has-post-thumbnail","6":"product_brand-abib","7":"product_cat-veido-serumai","8":"product_cat-veidui","10":"first","11":"instock","12":"sale","13":"taxable","14":"shipping-taxable","15":"purchasable","16":"product-type-simple"},"yoast_head":"<!-- This site is optimized with the Yoast SEO plugin v27.4 - https:\/\/yoast.com\/product\/yoast-seo-wordpress\/ -->\n<title>Abib veido serumas Jericho Rose Bifida Serum Firming Drop - MalinaShop.lt J\u016bs\u0173 sveikatai ir gro\u017eiui.<\/title>\n<meta name=\"description\" content=\"Abib Jericho Rose Bifida serumas: stangrina, dr\u0117kina ir regeneruoja od\u0105. Su bakuchioliu, peptidais ir bifida fermentais. Puiki apsauga nuo odos sen\u0117jimo!\" \/>\n<meta name=\"robots\" content=\"index, follow, max-snippet:-1, max-image-preview:large, max-video-preview:-1\" \/>\n<link rel=\"canonical\" href=\"https:\/\/www.malinashop.lt\/lt_lt\/shop\/abib-veido-serumas-jericho-rose-bifida-serum-firming-drop\/\" \/>\n<meta property=\"og:locale\" content=\"lt_LT\" \/>\n<meta property=\"og:type\" content=\"article\" \/>\n<meta property=\"og:title\" content=\"Abib veido serumas Jericho Rose Bifida Serum Firming Drop - MalinaShop.lt J\u016bs\u0173 sveikatai ir gro\u017eiui.\" \/>\n<meta property=\"og:description\" content=\"Abib Jericho Rose Bifida serumas: stangrina, dr\u0117kina ir regeneruoja od\u0105. Su bakuchioliu, peptidais ir bifida fermentais. Puiki apsauga nuo odos sen\u0117jimo!\" \/>\n<meta property=\"og:url\" content=\"https:\/\/www.malinashop.lt\/lt_lt\/shop\/abib-veido-serumas-jericho-rose-bifida-serum-firming-drop\/\" \/>\n<meta property=\"og:site_name\" content=\"MalinaShop.lt J\u016bs\u0173 sveikatai ir gro\u017eiui.\" \/>\n<meta property=\"article:modified_time\" content=\"2026-04-07T19:17:53+00:00\" \/>\n<meta property=\"og:image\" content=\"https:\/\/www.malinashop.lt\/wp-content\/uploads\/2026\/03\/Abib-veido-serumas-Jericho-Rose-Bifida-Serum-Firming-Drop1.webp\" \/>\n\t<meta property=\"og:image:width\" content=\"1517\" \/>\n\t<meta property=\"og:image:height\" content=\"1517\" \/>\n\t<meta property=\"og:image:type\" content=\"image\/webp\" \/>\n<meta name=\"twitter:card\" content=\"summary_large_image\" \/>\n<script type=\"application\/ld+json\" class=\"yoast-schema-graph\">{\"@context\":\"https:\\\/\\\/schema.org\",\"@graph\":[{\"@type\":\"WebPage\",\"@id\":\"https:\\\/\\\/www.malinashop.lt\\\/lt_lt\\\/shop\\\/abib-veido-serumas-jericho-rose-bifida-serum-firming-drop\\\/\",\"url\":\"https:\\\/\\\/www.malinashop.lt\\\/lt_lt\\\/shop\\\/abib-veido-serumas-jericho-rose-bifida-serum-firming-drop\\\/\",\"name\":\"Abib veido serumas Jericho Rose Bifida Serum Firming Drop - MalinaShop.lt J\u016bs\u0173 sveikatai ir gro\u017eiui.\",\"isPartOf\":{\"@id\":\"https:\\\/\\\/www.malinashop.lt\\\/#website\"},\"primaryImageOfPage\":{\"@id\":\"https:\\\/\\\/www.malinashop.lt\\\/lt_lt\\\/shop\\\/abib-veido-serumas-jericho-rose-bifida-serum-firming-drop\\\/#primaryimage\"},\"image\":{\"@id\":\"https:\\\/\\\/www.malinashop.lt\\\/lt_lt\\\/shop\\\/abib-veido-serumas-jericho-rose-bifida-serum-firming-drop\\\/#primaryimage\"},\"thumbnailUrl\":\"https:\\\/\\\/www.malinashop.lt\\\/wp-content\\\/uploads\\\/2026\\\/03\\\/Abib-veido-serumas-Jericho-Rose-Bifida-Serum-Firming-Drop1.webp\",\"datePublished\":\"2026-03-28T20:51:32+00:00\",\"dateModified\":\"2026-04-07T19:17:53+00:00\",\"description\":\"Abib Jericho Rose Bifida serumas: stangrina, dr\u0117kina ir regeneruoja od\u0105. Su bakuchioliu, peptidais ir bifida fermentais. Puiki apsauga nuo odos sen\u0117jimo!\",\"breadcrumb\":{\"@id\":\"https:\\\/\\\/www.malinashop.lt\\\/lt_lt\\\/shop\\\/abib-veido-serumas-jericho-rose-bifida-serum-firming-drop\\\/#breadcrumb\"},\"inLanguage\":\"lt-LT\",\"potentialAction\":[{\"@type\":\"ReadAction\",\"target\":[\"https:\\\/\\\/www.malinashop.lt\\\/lt_lt\\\/shop\\\/abib-veido-serumas-jericho-rose-bifida-serum-firming-drop\\\/\"]}]},{\"@type\":\"ImageObject\",\"inLanguage\":\"lt-LT\",\"@id\":\"https:\\\/\\\/www.malinashop.lt\\\/lt_lt\\\/shop\\\/abib-veido-serumas-jericho-rose-bifida-serum-firming-drop\\\/#primaryimage\",\"url\":\"https:\\\/\\\/www.malinashop.lt\\\/wp-content\\\/uploads\\\/2026\\\/03\\\/Abib-veido-serumas-Jericho-Rose-Bifida-Serum-Firming-Drop1.webp\",\"contentUrl\":\"https:\\\/\\\/www.malinashop.lt\\\/wp-content\\\/uploads\\\/2026\\\/03\\\/Abib-veido-serumas-Jericho-Rose-Bifida-Serum-Firming-Drop1.webp\",\"width\":1517,\"height\":1517},{\"@type\":\"BreadcrumbList\",\"@id\":\"https:\\\/\\\/www.malinashop.lt\\\/lt_lt\\\/shop\\\/abib-veido-serumas-jericho-rose-bifida-serum-firming-drop\\\/#breadcrumb\",\"itemListElement\":[{\"@type\":\"ListItem\",\"position\":1,\"name\":\"Pagrindinis\",\"item\":\"https:\\\/\\\/www.malinashop.lt\\\/\"},{\"@type\":\"ListItem\",\"position\":2,\"name\":\"Parduotuv\u0117\",\"item\":\"https:\\\/\\\/www.malinashop.lt\\\/en\\\/parduotuve\\\/\"},{\"@type\":\"ListItem\",\"position\":3,\"name\":\"Abib veido serumas Jericho Rose Bifida Serum Firming Drop\"}]},{\"@type\":\"WebSite\",\"@id\":\"https:\\\/\\\/www.malinashop.lt\\\/#website\",\"url\":\"https:\\\/\\\/www.malinashop.lt\\\/\",\"name\":\"COM Group Ecommerce\",\"description\":\"MalinaShop.lt - Gro\u017eio ir sveikatos produktai i\u0161 patikim\u0173 preki\u0173 \u017eenkl\u0173. Atraskite auk\u0161tos kokyb\u0117s kosmetik\u0105 u\u017e puiki\u0105 kain\u0105.\",\"publisher\":{\"@id\":\"https:\\\/\\\/www.malinashop.lt\\\/#organization\"},\"potentialAction\":[{\"@type\":\"SearchAction\",\"target\":{\"@type\":\"EntryPoint\",\"urlTemplate\":\"https:\\\/\\\/www.malinashop.lt\\\/?s={search_term_string}\"},\"query-input\":{\"@type\":\"PropertyValueSpecification\",\"valueRequired\":true,\"valueName\":\"search_term_string\"}}],\"inLanguage\":\"lt-LT\"},{\"@type\":\"Organization\",\"@id\":\"https:\\\/\\\/www.malinashop.lt\\\/#organization\",\"name\":\"COM Group Ecommerce\",\"url\":\"https:\\\/\\\/www.malinashop.lt\\\/\",\"logo\":{\"@type\":\"ImageObject\",\"inLanguage\":\"lt-LT\",\"@id\":\"https:\\\/\\\/www.malinashop.lt\\\/#\\\/schema\\\/logo\\\/image\\\/\",\"url\":\"https:\\\/\\\/www.malinashop.lt\\\/wp-content\\\/uploads\\\/2024\\\/08\\\/462559670_3787732518133670_9795632669273463_n-e1731525914575.png\",\"contentUrl\":\"https:\\\/\\\/www.malinashop.lt\\\/wp-content\\\/uploads\\\/2024\\\/08\\\/462559670_3787732518133670_9795632669273463_n-e1731525914575.png\",\"width\":180,\"height\":60,\"caption\":\"COM Group Ecommerce\"},\"image\":{\"@id\":\"https:\\\/\\\/www.malinashop.lt\\\/#\\\/schema\\\/logo\\\/image\\\/\"}}]}<\/script>\n<!-- \/ Yoast SEO plugin. -->","yoast_head_json":{"title":"Abib veido serumas Jericho Rose Bifida Serum Firming Drop - MalinaShop.lt J\u016bs\u0173 sveikatai ir gro\u017eiui.","description":"Abib Jericho Rose Bifida serumas: stangrina, dr\u0117kina ir regeneruoja od\u0105. Su bakuchioliu, peptidais ir bifida fermentais. Puiki apsauga nuo odos sen\u0117jimo!","robots":{"index":"index","follow":"follow","max-snippet":"max-snippet:-1","max-image-preview":"max-image-preview:large","max-video-preview":"max-video-preview:-1"},"canonical":"https:\/\/www.malinashop.lt\/lt_lt\/shop\/abib-veido-serumas-jericho-rose-bifida-serum-firming-drop\/","og_locale":"lt_LT","og_type":"article","og_title":"Abib veido serumas Jericho Rose Bifida Serum Firming Drop - MalinaShop.lt J\u016bs\u0173 sveikatai ir gro\u017eiui.","og_description":"Abib Jericho Rose Bifida serumas: stangrina, dr\u0117kina ir regeneruoja od\u0105. Su bakuchioliu, peptidais ir bifida fermentais. Puiki apsauga nuo odos sen\u0117jimo!","og_url":"https:\/\/www.malinashop.lt\/lt_lt\/shop\/abib-veido-serumas-jericho-rose-bifida-serum-firming-drop\/","og_site_name":"MalinaShop.lt J\u016bs\u0173 sveikatai ir gro\u017eiui.","article_modified_time":"2026-04-07T19:17:53+00:00","og_image":[{"width":1517,"height":1517,"url":"https:\/\/www.malinashop.lt\/wp-content\/uploads\/2026\/03\/Abib-veido-serumas-Jericho-Rose-Bifida-Serum-Firming-Drop1.webp","type":"image\/webp"}],"twitter_card":"summary_large_image","schema":{"@context":"https:\/\/schema.org","@graph":[{"@type":"WebPage","@id":"https:\/\/www.malinashop.lt\/lt_lt\/shop\/abib-veido-serumas-jericho-rose-bifida-serum-firming-drop\/","url":"https:\/\/www.malinashop.lt\/lt_lt\/shop\/abib-veido-serumas-jericho-rose-bifida-serum-firming-drop\/","name":"Abib veido serumas Jericho Rose Bifida Serum Firming Drop - MalinaShop.lt J\u016bs\u0173 sveikatai ir gro\u017eiui.","isPartOf":{"@id":"https:\/\/www.malinashop.lt\/#website"},"primaryImageOfPage":{"@id":"https:\/\/www.malinashop.lt\/lt_lt\/shop\/abib-veido-serumas-jericho-rose-bifida-serum-firming-drop\/#primaryimage"},"image":{"@id":"https:\/\/www.malinashop.lt\/lt_lt\/shop\/abib-veido-serumas-jericho-rose-bifida-serum-firming-drop\/#primaryimage"},"thumbnailUrl":"https:\/\/www.malinashop.lt\/wp-content\/uploads\/2026\/03\/Abib-veido-serumas-Jericho-Rose-Bifida-Serum-Firming-Drop1.webp","datePublished":"2026-03-28T20:51:32+00:00","dateModified":"2026-04-07T19:17:53+00:00","description":"Abib Jericho Rose Bifida serumas: stangrina, dr\u0117kina ir regeneruoja od\u0105. Su bakuchioliu, peptidais ir bifida fermentais. Puiki apsauga nuo odos sen\u0117jimo!","breadcrumb":{"@id":"https:\/\/www.malinashop.lt\/lt_lt\/shop\/abib-veido-serumas-jericho-rose-bifida-serum-firming-drop\/#breadcrumb"},"inLanguage":"lt-LT","potentialAction":[{"@type":"ReadAction","target":["https:\/\/www.malinashop.lt\/lt_lt\/shop\/abib-veido-serumas-jericho-rose-bifida-serum-firming-drop\/"]}]},{"@type":"ImageObject","inLanguage":"lt-LT","@id":"https:\/\/www.malinashop.lt\/lt_lt\/shop\/abib-veido-serumas-jericho-rose-bifida-serum-firming-drop\/#primaryimage","url":"https:\/\/www.malinashop.lt\/wp-content\/uploads\/2026\/03\/Abib-veido-serumas-Jericho-Rose-Bifida-Serum-Firming-Drop1.webp","contentUrl":"https:\/\/www.malinashop.lt\/wp-content\/uploads\/2026\/03\/Abib-veido-serumas-Jericho-Rose-Bifida-Serum-Firming-Drop1.webp","width":1517,"height":1517},{"@type":"BreadcrumbList","@id":"https:\/\/www.malinashop.lt\/lt_lt\/shop\/abib-veido-serumas-jericho-rose-bifida-serum-firming-drop\/#breadcrumb","itemListElement":[{"@type":"ListItem","position":1,"name":"Pagrindinis","item":"https:\/\/www.malinashop.lt\/"},{"@type":"ListItem","position":2,"name":"Parduotuv\u0117","item":"https:\/\/www.malinashop.lt\/en\/parduotuve\/"},{"@type":"ListItem","position":3,"name":"Abib veido serumas Jericho Rose Bifida Serum Firming Drop"}]},{"@type":"WebSite","@id":"https:\/\/www.malinashop.lt\/#website","url":"https:\/\/www.malinashop.lt\/","name":"COM Group Ecommerce","description":"MalinaShop.lt - Gro\u017eio ir sveikatos produktai i\u0161 patikim\u0173 preki\u0173 \u017eenkl\u0173. Atraskite auk\u0161tos kokyb\u0117s kosmetik\u0105 u\u017e puiki\u0105 kain\u0105.","publisher":{"@id":"https:\/\/www.malinashop.lt\/#organization"},"potentialAction":[{"@type":"SearchAction","target":{"@type":"EntryPoint","urlTemplate":"https:\/\/www.malinashop.lt\/?s={search_term_string}"},"query-input":{"@type":"PropertyValueSpecification","valueRequired":true,"valueName":"search_term_string"}}],"inLanguage":"lt-LT"},{"@type":"Organization","@id":"https:\/\/www.malinashop.lt\/#organization","name":"COM Group Ecommerce","url":"https:\/\/www.malinashop.lt\/","logo":{"@type":"ImageObject","inLanguage":"lt-LT","@id":"https:\/\/www.malinashop.lt\/#\/schema\/logo\/image\/","url":"https:\/\/www.malinashop.lt\/wp-content\/uploads\/2024\/08\/462559670_3787732518133670_9795632669273463_n-e1731525914575.png","contentUrl":"https:\/\/www.malinashop.lt\/wp-content\/uploads\/2024\/08\/462559670_3787732518133670_9795632669273463_n-e1731525914575.png","width":180,"height":60,"caption":"COM Group Ecommerce"},"image":{"@id":"https:\/\/www.malinashop.lt\/#\/schema\/logo\/image\/"}}]}},"jetpack_sharing_enabled":true,"_links":{"self":[{"href":"https:\/\/www.malinashop.lt\/lt_lt\/wp-json\/wp\/v2\/product\/75842","targetHints":{"allow":["GET"]}}],"collection":[{"href":"https:\/\/www.malinashop.lt\/lt_lt\/wp-json\/wp\/v2\/product"}],"about":[{"href":"https:\/\/www.malinashop.lt\/lt_lt\/wp-json\/wp\/v2\/types\/product"}],"version-history":[{"count":1,"href":"https:\/\/www.malinashop.lt\/lt_lt\/wp-json\/wp\/v2\/product\/75842\/revisions"}],"predecessor-version":[{"id":75846,"href":"https:\/\/www.malinashop.lt\/lt_lt\/wp-json\/wp\/v2\/product\/75842\/revisions\/75846"}],"wp:featuredmedia":[{"embeddable":true,"href":"https:\/\/www.malinashop.lt\/lt_lt\/wp-json\/wp\/v2\/media\/75844"}],"wp:attachment":[{"href":"https:\/\/www.malinashop.lt\/lt_lt\/wp-json\/wp\/v2\/media?parent=75842"}],"wp:term":[{"taxonomy":"product_brand","embeddable":true,"href":"https:\/\/www.malinashop.lt\/lt_lt\/wp-json\/wp\/v2\/product_brand?post=75842"},{"taxonomy":"product_cat","embeddable":true,"href":"https:\/\/www.malinashop.lt\/lt_lt\/wp-json\/wp\/v2\/product_cat?post=75842"},{"taxonomy":"product_tag","embeddable":true,"href":"https:\/\/www.malinashop.lt\/lt_lt\/wp-json\/wp\/v2\/product_tag?post=75842"}],"curies":[{"name":"wp","href":"https:\/\/api.w.org\/{rel}","templated":true}]}}