{"id":75561,"date":"2026-03-19T13:28:24","date_gmt":"2026-03-19T10:28:24","guid":{"rendered":"https:\/\/malinashop.lt\/?post_type=product&#038;p=75561"},"modified":"2026-04-20T11:03:34","modified_gmt":"2026-04-20T08:03:34","slug":"agiva-color-guard-sampunas-1000ml","status":"publish","type":"product","link":"https:\/\/www.malinashop.lt\/lt_lt\/shop\/agiva-color-guard-sampunas-1000ml\/","title":{"rendered":"AGIVA COLOR GUARD \u0161amp\u016bnas ,1000ml"},"content":{"rendered":"<h5 data-path-to-node=\"2\">AGIVA COLOR GUARD \u2013 7 naudos j\u016bs\u0173 da\u017eyt\u0173 plauk\u0173 gro\u017eiui<\/h5>\n<p data-path-to-node=\"3\">I\u0161saugokite sodri\u0105 plauk\u0173 spalv\u0105 ir salonin\u012f spindes\u012f su <b data-path-to-node=\"3\" data-index-in-node=\"57\">AGIVA COLOR GUARD<\/b> \u0161amp\u016bnu. \u0160i pa\u017eangi priemon\u0117, sukurta specialiai da\u017eytiems ir chemi\u0161kai pa\u017eeistiems plaukams, sujungia mokslines inovacijas ir gamtos gali\u0105. D\u0117l unikalios formul\u0117s j\u016bs\u0173 plaukai ne tik bus \u0161var\u016bs, bet ir gaus intensyvi\u0105 terapij\u0105, kuri atkuria plauko strukt\u016br\u0105 i\u0161 vidaus.<\/p>\n<h6 data-path-to-node=\"4\">Inovatyvi technologija ir veikliosios med\u017eiagos:<\/h6>\n<ul data-path-to-node=\"5\">\n<li>\n<p data-path-to-node=\"5,0,0\"><b data-path-to-node=\"5,0,0\" data-index-in-node=\"0\">Liposom\u0173 technologija:<\/b> Padeda veikliosioms med\u017eiagoms prasiskverbti giliau \u012f plauk\u0105, stiprina jo strukt\u016br\u0105 ir atkuria po chemini\u0173 proced\u016br\u0173 atsiradusius pa\u017eeidimus.<\/p>\n<\/li>\n<li>\n<p data-path-to-node=\"5,1,0\"><b data-path-to-node=\"5,1,0\" data-index-in-node=\"0\">Granat\u0173 ekstraktas:<\/b> Galingas antioksidantas, kuris veikia kaip spalvos \u201eu\u017eraktas\u201c. Jis neleid\u017eia pigmentui blukti, saugo spalvos intensyvum\u0105 ir suteikia nat\u016bral\u0173 \u0161vyt\u0117jim\u0105.<\/p>\n<\/li>\n<li>\n<p data-path-to-node=\"5,2,0\"><b data-path-to-node=\"5,2,0\" data-index-in-node=\"0\">Kvie\u010di\u0173 gemal\u0173 ekstraktas ir glicerinas:<\/b> Giliai maitina, dr\u0117kina ir mink\u0161tina plaukus, sugr\u0105\u017eindamas jiems prarast\u0105 elastingum\u0105.<\/p>\n<\/li>\n<\/ul>\n<h6 data-path-to-node=\"6\">7 naudos vienoje pakuot\u0117je:<\/h6>\n<ol start=\"1\" data-path-to-node=\"7\">\n<li>\n<p data-path-to-node=\"7,0,0\"><b data-path-to-node=\"7,0,0\" data-index-in-node=\"0\">Spalvos apsauga:<\/b> Ilgiau i\u0161liekantis sodrumas.<\/p>\n<\/li>\n<li>\n<p data-path-to-node=\"7,1,0\"><b data-path-to-node=\"7,1,0\" data-index-in-node=\"0\">Stiprinimas:<\/b> Atsparumas l\u016b\u017ein\u0117jimui.<\/p>\n<\/li>\n<li>\n<p data-path-to-node=\"7,2,0\"><b data-path-to-node=\"7,2,0\" data-index-in-node=\"0\">Aromaterapija:<\/b> Ilgai i\u0161liekantis prabangus kvapas.<\/p>\n<\/li>\n<li>\n<p data-path-to-node=\"7,3,0\"><b data-path-to-node=\"7,3,0\" data-index-in-node=\"0\">Intensyvus blizgesys:<\/b> Sveikai atrodan\u010dios sruogos.<\/p>\n<\/li>\n<li>\n<p data-path-to-node=\"7,4,0\"><b data-path-to-node=\"7,4,0\" data-index-in-node=\"0\">Gilus dr\u0117kinimas:<\/b> Plaukai nepraranda dr\u0117gm\u0117s.<\/p>\n<\/li>\n<li>\n<p data-path-to-node=\"7,5,0\"><b data-path-to-node=\"7,5,0\" data-index-in-node=\"0\">Lengvas i\u0161\u0161ukavimas:<\/b> Ma\u017eiau v\u0117limosi ir mechanini\u0173 pa\u017eeidim\u0173.<\/p>\n<\/li>\n<li>\n<p data-path-to-node=\"7,6,0\"><b data-path-to-node=\"7,6,0\" data-index-in-node=\"0\">UV filtras:<\/b> Apsauga nuo blukinan\u010dio saul\u0117s poveikio.<\/p>\n<\/li>\n<\/ol>\n<h4 data-path-to-node=\"9\">\u00a0Naudojimo b\u016bdas<\/h4>\n<p data-path-to-node=\"10\">U\u017etepkite nedidel\u012f kiek\u012f \u0161amp\u016bno ant dr\u0117gn\u0173 plauk\u0173. \u0160velniai \u012fmasa\u017euokite \u012f galvos od\u0105 ir paskirstykite per vis\u0105 plauk\u0173 ilg\u012f. Palikite veikti <b data-path-to-node=\"10\" data-index-in-node=\"142\">1\u20132 minutes<\/b>, kad liposomos ir ekstraktai susp\u0117t\u0173 suveikti, tada kruop\u0161\u010diai nuskalaukite drungnu vandeniu. Tinkamas kasdieniam naudojimui.<\/p>\n<h4 data-path-to-node=\"12\">\u00a0Pilna sud\u0117tis (Ingredients)<\/h4>\n<p data-path-to-node=\"13\">Aqua, Sodium Laureth Sulfate, Cocamidopropyl Betaine, Cocamide DEA, Sodium Chloride, Parfum, Lecithin, Punica Granatum Pericarp Extract, Triticum Vulgare Germ Extract, Disodium Laureth Sulfosuccinate, Glycerin, Coco-Glucoside, Saccharide Isomerate, Polyquaternium-10, Styrene\/Acrylates Copolymer, Polyquaternium-39, Oleic Acid, Magnesium Nitrate, Sodium Citrate, Tetrasodium Edta, Sodium Benzoate, Potassium Sorbate, Sodium Hydroxide, Citric Acid, Methylchloroisothiazolinone and Methylisothiazolinone, Magnesium Chloride, Tetramethyl Acetyloctahydronaphthalenes, Coumarin, Linalool, Vanillin.<\/p>\n","protected":false},"excerpt":{"rendered":"<p><b data-path-to-node=\"15\" data-index-in-node=\"26\">AGIVA COLOR GUARD<\/b> (1000 ml) \u2013 tai profesionalus vegani\u0161kas \u0161amp\u016bnas da\u017eytiems plaukams su liposom\u0173 technologija ir granat\u0173 ekstraktu. Jis suteikia net 7 naud\u0173 kompleks\u0105: nuo UV apsaugos ir spalvos i\u0161saugojimo iki intensyvaus dr\u0117kinimo bei blizgesio. Didel\u0117 pakuot\u0117 ir perdirbamas plastikas u\u017etikrina ilgalaik\u0119 bei tvari\u0105 prie\u017ei\u016br\u0105 j\u016bs\u0173 plaukams.<\/p>\n","protected":false},"featured_media":75562,"template":"","meta":[],"product_brand":[1357],"product_cat":[711,185],"product_tag":[1582],"class_list":{"0":"post-75561","1":"product","2":"type-product","3":"status-publish","4":"has-post-thumbnail","6":"product_brand-agiva","7":"product_cat-plaukams","8":"product_cat-plauku-sampunai","9":"product_tag-agiva","11":"first","12":"instock","13":"sale","14":"taxable","15":"shipping-taxable","16":"purchasable","17":"product-type-simple"},"yoast_head":"<!-- This site is optimized with the Yoast SEO plugin v27.4 - https:\/\/yoast.com\/product\/yoast-seo-wordpress\/ -->\n<title>AGIVA COLOR GUARD \u0161amp\u016bnas ,1000ml - MalinaShop.lt J\u016bs\u0173 sveikatai ir gro\u017eiui.<\/title>\n<meta name=\"description\" content=\"AGIVA COLOR GUARD \u0161amp\u016bnas: 7 naudos da\u017eytiems plaukams. Su granat\u0173 ekstraktu, liposomomis ir UV filtru. Saugo spalv\u0105, dr\u0117kina ir suteikia blizges\u012f.\" \/>\n<meta name=\"robots\" content=\"index, follow, max-snippet:-1, max-image-preview:large, max-video-preview:-1\" \/>\n<link rel=\"canonical\" href=\"https:\/\/www.malinashop.lt\/lt_lt\/shop\/agiva-color-guard-sampunas-1000ml\/\" \/>\n<meta property=\"og:locale\" content=\"lt_LT\" \/>\n<meta property=\"og:type\" content=\"article\" \/>\n<meta property=\"og:title\" content=\"AGIVA COLOR GUARD \u0161amp\u016bnas ,1000ml - MalinaShop.lt J\u016bs\u0173 sveikatai ir gro\u017eiui.\" \/>\n<meta property=\"og:description\" content=\"AGIVA COLOR GUARD \u0161amp\u016bnas: 7 naudos da\u017eytiems plaukams. Su granat\u0173 ekstraktu, liposomomis ir UV filtru. Saugo spalv\u0105, dr\u0117kina ir suteikia blizges\u012f.\" \/>\n<meta property=\"og:url\" content=\"https:\/\/www.malinashop.lt\/lt_lt\/shop\/agiva-color-guard-sampunas-1000ml\/\" \/>\n<meta property=\"og:site_name\" content=\"MalinaShop.lt J\u016bs\u0173 sveikatai ir gro\u017eiui.\" \/>\n<meta property=\"article:modified_time\" content=\"2026-04-20T08:03:34+00:00\" \/>\n<meta property=\"og:image\" content=\"https:\/\/www.malinashop.lt\/wp-content\/uploads\/2026\/03\/AGIVA-COLOR-GUARD-sampunas-1000ml.webp\" \/>\n\t<meta property=\"og:image:width\" content=\"990\" \/>\n\t<meta property=\"og:image:height\" content=\"990\" \/>\n\t<meta property=\"og:image:type\" content=\"image\/webp\" \/>\n<meta name=\"twitter:card\" content=\"summary_large_image\" \/>\n<script type=\"application\/ld+json\" class=\"yoast-schema-graph\">{\"@context\":\"https:\\\/\\\/schema.org\",\"@graph\":[{\"@type\":\"WebPage\",\"@id\":\"https:\\\/\\\/www.malinashop.lt\\\/lt_lt\\\/shop\\\/agiva-color-guard-sampunas-1000ml\\\/\",\"url\":\"https:\\\/\\\/www.malinashop.lt\\\/lt_lt\\\/shop\\\/agiva-color-guard-sampunas-1000ml\\\/\",\"name\":\"AGIVA COLOR GUARD \u0161amp\u016bnas ,1000ml - MalinaShop.lt J\u016bs\u0173 sveikatai ir gro\u017eiui.\",\"isPartOf\":{\"@id\":\"https:\\\/\\\/www.malinashop.lt\\\/#website\"},\"primaryImageOfPage\":{\"@id\":\"https:\\\/\\\/www.malinashop.lt\\\/lt_lt\\\/shop\\\/agiva-color-guard-sampunas-1000ml\\\/#primaryimage\"},\"image\":{\"@id\":\"https:\\\/\\\/www.malinashop.lt\\\/lt_lt\\\/shop\\\/agiva-color-guard-sampunas-1000ml\\\/#primaryimage\"},\"thumbnailUrl\":\"https:\\\/\\\/www.malinashop.lt\\\/wp-content\\\/uploads\\\/2026\\\/03\\\/AGIVA-COLOR-GUARD-sampunas-1000ml.webp\",\"datePublished\":\"2026-03-19T10:28:24+00:00\",\"dateModified\":\"2026-04-20T08:03:34+00:00\",\"description\":\"AGIVA COLOR GUARD \u0161amp\u016bnas: 7 naudos da\u017eytiems plaukams. Su granat\u0173 ekstraktu, liposomomis ir UV filtru. Saugo spalv\u0105, dr\u0117kina ir suteikia blizges\u012f.\",\"breadcrumb\":{\"@id\":\"https:\\\/\\\/www.malinashop.lt\\\/lt_lt\\\/shop\\\/agiva-color-guard-sampunas-1000ml\\\/#breadcrumb\"},\"inLanguage\":\"lt-LT\",\"potentialAction\":[{\"@type\":\"ReadAction\",\"target\":[\"https:\\\/\\\/www.malinashop.lt\\\/lt_lt\\\/shop\\\/agiva-color-guard-sampunas-1000ml\\\/\"]}]},{\"@type\":\"ImageObject\",\"inLanguage\":\"lt-LT\",\"@id\":\"https:\\\/\\\/www.malinashop.lt\\\/lt_lt\\\/shop\\\/agiva-color-guard-sampunas-1000ml\\\/#primaryimage\",\"url\":\"https:\\\/\\\/www.malinashop.lt\\\/wp-content\\\/uploads\\\/2026\\\/03\\\/AGIVA-COLOR-GUARD-sampunas-1000ml.webp\",\"contentUrl\":\"https:\\\/\\\/www.malinashop.lt\\\/wp-content\\\/uploads\\\/2026\\\/03\\\/AGIVA-COLOR-GUARD-sampunas-1000ml.webp\",\"width\":990,\"height\":990},{\"@type\":\"BreadcrumbList\",\"@id\":\"https:\\\/\\\/www.malinashop.lt\\\/lt_lt\\\/shop\\\/agiva-color-guard-sampunas-1000ml\\\/#breadcrumb\",\"itemListElement\":[{\"@type\":\"ListItem\",\"position\":1,\"name\":\"Pagrindinis\",\"item\":\"https:\\\/\\\/www.malinashop.lt\\\/\"},{\"@type\":\"ListItem\",\"position\":2,\"name\":\"Parduotuv\u0117\",\"item\":\"https:\\\/\\\/www.malinashop.lt\\\/en\\\/parduotuve\\\/\"},{\"@type\":\"ListItem\",\"position\":3,\"name\":\"AGIVA COLOR GUARD \u0161amp\u016bnas ,1000ml\"}]},{\"@type\":\"WebSite\",\"@id\":\"https:\\\/\\\/www.malinashop.lt\\\/#website\",\"url\":\"https:\\\/\\\/www.malinashop.lt\\\/\",\"name\":\"COM Group Ecommerce\",\"description\":\"MalinaShop.lt - Gro\u017eio ir sveikatos produktai i\u0161 patikim\u0173 preki\u0173 \u017eenkl\u0173. Atraskite auk\u0161tos kokyb\u0117s kosmetik\u0105 u\u017e puiki\u0105 kain\u0105.\",\"publisher\":{\"@id\":\"https:\\\/\\\/www.malinashop.lt\\\/#organization\"},\"potentialAction\":[{\"@type\":\"SearchAction\",\"target\":{\"@type\":\"EntryPoint\",\"urlTemplate\":\"https:\\\/\\\/www.malinashop.lt\\\/?s={search_term_string}\"},\"query-input\":{\"@type\":\"PropertyValueSpecification\",\"valueRequired\":true,\"valueName\":\"search_term_string\"}}],\"inLanguage\":\"lt-LT\"},{\"@type\":\"Organization\",\"@id\":\"https:\\\/\\\/www.malinashop.lt\\\/#organization\",\"name\":\"COM Group Ecommerce\",\"url\":\"https:\\\/\\\/www.malinashop.lt\\\/\",\"logo\":{\"@type\":\"ImageObject\",\"inLanguage\":\"lt-LT\",\"@id\":\"https:\\\/\\\/www.malinashop.lt\\\/#\\\/schema\\\/logo\\\/image\\\/\",\"url\":\"https:\\\/\\\/www.malinashop.lt\\\/wp-content\\\/uploads\\\/2024\\\/08\\\/462559670_3787732518133670_9795632669273463_n-e1731525914575.png\",\"contentUrl\":\"https:\\\/\\\/www.malinashop.lt\\\/wp-content\\\/uploads\\\/2024\\\/08\\\/462559670_3787732518133670_9795632669273463_n-e1731525914575.png\",\"width\":180,\"height\":60,\"caption\":\"COM Group Ecommerce\"},\"image\":{\"@id\":\"https:\\\/\\\/www.malinashop.lt\\\/#\\\/schema\\\/logo\\\/image\\\/\"}}]}<\/script>\n<!-- \/ Yoast SEO plugin. -->","yoast_head_json":{"title":"AGIVA COLOR GUARD \u0161amp\u016bnas ,1000ml - MalinaShop.lt J\u016bs\u0173 sveikatai ir gro\u017eiui.","description":"AGIVA COLOR GUARD \u0161amp\u016bnas: 7 naudos da\u017eytiems plaukams. Su granat\u0173 ekstraktu, liposomomis ir UV filtru. Saugo spalv\u0105, dr\u0117kina ir suteikia blizges\u012f.","robots":{"index":"index","follow":"follow","max-snippet":"max-snippet:-1","max-image-preview":"max-image-preview:large","max-video-preview":"max-video-preview:-1"},"canonical":"https:\/\/www.malinashop.lt\/lt_lt\/shop\/agiva-color-guard-sampunas-1000ml\/","og_locale":"lt_LT","og_type":"article","og_title":"AGIVA COLOR GUARD \u0161amp\u016bnas ,1000ml - MalinaShop.lt J\u016bs\u0173 sveikatai ir gro\u017eiui.","og_description":"AGIVA COLOR GUARD \u0161amp\u016bnas: 7 naudos da\u017eytiems plaukams. Su granat\u0173 ekstraktu, liposomomis ir UV filtru. Saugo spalv\u0105, dr\u0117kina ir suteikia blizges\u012f.","og_url":"https:\/\/www.malinashop.lt\/lt_lt\/shop\/agiva-color-guard-sampunas-1000ml\/","og_site_name":"MalinaShop.lt J\u016bs\u0173 sveikatai ir gro\u017eiui.","article_modified_time":"2026-04-20T08:03:34+00:00","og_image":[{"width":990,"height":990,"url":"https:\/\/www.malinashop.lt\/wp-content\/uploads\/2026\/03\/AGIVA-COLOR-GUARD-sampunas-1000ml.webp","type":"image\/webp"}],"twitter_card":"summary_large_image","schema":{"@context":"https:\/\/schema.org","@graph":[{"@type":"WebPage","@id":"https:\/\/www.malinashop.lt\/lt_lt\/shop\/agiva-color-guard-sampunas-1000ml\/","url":"https:\/\/www.malinashop.lt\/lt_lt\/shop\/agiva-color-guard-sampunas-1000ml\/","name":"AGIVA COLOR GUARD \u0161amp\u016bnas ,1000ml - MalinaShop.lt J\u016bs\u0173 sveikatai ir gro\u017eiui.","isPartOf":{"@id":"https:\/\/www.malinashop.lt\/#website"},"primaryImageOfPage":{"@id":"https:\/\/www.malinashop.lt\/lt_lt\/shop\/agiva-color-guard-sampunas-1000ml\/#primaryimage"},"image":{"@id":"https:\/\/www.malinashop.lt\/lt_lt\/shop\/agiva-color-guard-sampunas-1000ml\/#primaryimage"},"thumbnailUrl":"https:\/\/www.malinashop.lt\/wp-content\/uploads\/2026\/03\/AGIVA-COLOR-GUARD-sampunas-1000ml.webp","datePublished":"2026-03-19T10:28:24+00:00","dateModified":"2026-04-20T08:03:34+00:00","description":"AGIVA COLOR GUARD \u0161amp\u016bnas: 7 naudos da\u017eytiems plaukams. Su granat\u0173 ekstraktu, liposomomis ir UV filtru. Saugo spalv\u0105, dr\u0117kina ir suteikia blizges\u012f.","breadcrumb":{"@id":"https:\/\/www.malinashop.lt\/lt_lt\/shop\/agiva-color-guard-sampunas-1000ml\/#breadcrumb"},"inLanguage":"lt-LT","potentialAction":[{"@type":"ReadAction","target":["https:\/\/www.malinashop.lt\/lt_lt\/shop\/agiva-color-guard-sampunas-1000ml\/"]}]},{"@type":"ImageObject","inLanguage":"lt-LT","@id":"https:\/\/www.malinashop.lt\/lt_lt\/shop\/agiva-color-guard-sampunas-1000ml\/#primaryimage","url":"https:\/\/www.malinashop.lt\/wp-content\/uploads\/2026\/03\/AGIVA-COLOR-GUARD-sampunas-1000ml.webp","contentUrl":"https:\/\/www.malinashop.lt\/wp-content\/uploads\/2026\/03\/AGIVA-COLOR-GUARD-sampunas-1000ml.webp","width":990,"height":990},{"@type":"BreadcrumbList","@id":"https:\/\/www.malinashop.lt\/lt_lt\/shop\/agiva-color-guard-sampunas-1000ml\/#breadcrumb","itemListElement":[{"@type":"ListItem","position":1,"name":"Pagrindinis","item":"https:\/\/www.malinashop.lt\/"},{"@type":"ListItem","position":2,"name":"Parduotuv\u0117","item":"https:\/\/www.malinashop.lt\/en\/parduotuve\/"},{"@type":"ListItem","position":3,"name":"AGIVA COLOR GUARD \u0161amp\u016bnas ,1000ml"}]},{"@type":"WebSite","@id":"https:\/\/www.malinashop.lt\/#website","url":"https:\/\/www.malinashop.lt\/","name":"COM Group Ecommerce","description":"MalinaShop.lt - Gro\u017eio ir sveikatos produktai i\u0161 patikim\u0173 preki\u0173 \u017eenkl\u0173. Atraskite auk\u0161tos kokyb\u0117s kosmetik\u0105 u\u017e puiki\u0105 kain\u0105.","publisher":{"@id":"https:\/\/www.malinashop.lt\/#organization"},"potentialAction":[{"@type":"SearchAction","target":{"@type":"EntryPoint","urlTemplate":"https:\/\/www.malinashop.lt\/?s={search_term_string}"},"query-input":{"@type":"PropertyValueSpecification","valueRequired":true,"valueName":"search_term_string"}}],"inLanguage":"lt-LT"},{"@type":"Organization","@id":"https:\/\/www.malinashop.lt\/#organization","name":"COM Group Ecommerce","url":"https:\/\/www.malinashop.lt\/","logo":{"@type":"ImageObject","inLanguage":"lt-LT","@id":"https:\/\/www.malinashop.lt\/#\/schema\/logo\/image\/","url":"https:\/\/www.malinashop.lt\/wp-content\/uploads\/2024\/08\/462559670_3787732518133670_9795632669273463_n-e1731525914575.png","contentUrl":"https:\/\/www.malinashop.lt\/wp-content\/uploads\/2024\/08\/462559670_3787732518133670_9795632669273463_n-e1731525914575.png","width":180,"height":60,"caption":"COM Group Ecommerce"},"image":{"@id":"https:\/\/www.malinashop.lt\/#\/schema\/logo\/image\/"}}]}},"jetpack_sharing_enabled":true,"_links":{"self":[{"href":"https:\/\/www.malinashop.lt\/lt_lt\/wp-json\/wp\/v2\/product\/75561","targetHints":{"allow":["GET"]}}],"collection":[{"href":"https:\/\/www.malinashop.lt\/lt_lt\/wp-json\/wp\/v2\/product"}],"about":[{"href":"https:\/\/www.malinashop.lt\/lt_lt\/wp-json\/wp\/v2\/types\/product"}],"version-history":[{"count":1,"href":"https:\/\/www.malinashop.lt\/lt_lt\/wp-json\/wp\/v2\/product\/75561\/revisions"}],"predecessor-version":[{"id":75563,"href":"https:\/\/www.malinashop.lt\/lt_lt\/wp-json\/wp\/v2\/product\/75561\/revisions\/75563"}],"wp:featuredmedia":[{"embeddable":true,"href":"https:\/\/www.malinashop.lt\/lt_lt\/wp-json\/wp\/v2\/media\/75562"}],"wp:attachment":[{"href":"https:\/\/www.malinashop.lt\/lt_lt\/wp-json\/wp\/v2\/media?parent=75561"}],"wp:term":[{"taxonomy":"product_brand","embeddable":true,"href":"https:\/\/www.malinashop.lt\/lt_lt\/wp-json\/wp\/v2\/product_brand?post=75561"},{"taxonomy":"product_cat","embeddable":true,"href":"https:\/\/www.malinashop.lt\/lt_lt\/wp-json\/wp\/v2\/product_cat?post=75561"},{"taxonomy":"product_tag","embeddable":true,"href":"https:\/\/www.malinashop.lt\/lt_lt\/wp-json\/wp\/v2\/product_tag?post=75561"}],"curies":[{"name":"wp","href":"https:\/\/api.w.org\/{rel}","templated":true}]}}