{"id":74802,"date":"2026-02-20T00:35:00","date_gmt":"2026-02-19T21:35:00","guid":{"rendered":"https:\/\/malinashop.lt\/?post_type=product&#038;p=74802"},"modified":"2026-04-07T22:18:00","modified_gmt":"2026-04-07T19:18:00","slug":"mixsoon-bean-essence-daugiafunkcine-veido-esencija-su-fermentais","status":"publish","type":"product","link":"https:\/\/www.malinashop.lt\/lt_lt\/shop\/mixsoon-bean-essence-daugiafunkcine-veido-esencija-su-fermentais\/","title":{"rendered":"MIXSOON Bean Essence daugiafunkcin\u0117 veido esencija su fermentais"},"content":{"rendered":"<p data-start=\"296\" data-end=\"647\">MIXSOON Bean Essence \u2013 daugiafunkcin\u0117 veido esencija, skirta odos tekst\u016bros glotninimui, skaistinimui ir dr\u0117kinimui vienu metu. Priemon\u0117 ypa\u010d tinka, kai oda atrodo papilk\u0117jusi, pavargusi, o pavir\u0161ius \u2013 nelygus ar link\u0119s kaupti ne\u0161varumus porose. Lengva esencijos-serumo tekst\u016bra padeda atgaivinti od\u0105, suteikti jai \u201e\u0161varios\u201c ir \u0161vytin\u010dios odos efekt\u0105.<\/p>\n<p data-start=\"649\" data-end=\"1103\">Formul\u0117s pagrindas \u2013 augalini\u0173 ferment\u0173 kompleksas: soj\u0173 fermentas, granat\u0173 vaisi\u0173 fermentas, mie\u017ei\u0173 s\u0117kl\u0173 fermento filtratas ir kriau\u0161i\u0173 sul\u010di\u0173 fermento filtratas. \u0160ie fermentai \u0161velniai padeda pa\u0161alinti negyvas odos l\u0105steles, glotnina odos pavir\u0161i\u0173 ir prisideda prie elastingesn\u0117s, labiau sudr\u0117kintos odos poj\u016b\u010dio. Reguliariai naudojant, priemon\u0117 padeda subalansuoti sebumo i\u0161siskyrim\u0105, vizualiai ma\u017einti por\u0173 matomum\u0105 ir suma\u017einti ink\u0161tir\u0173 atsiradim\u0105.<\/p>\n<p data-start=\"1105\" data-end=\"1214\">Tinka vis\u0173 tip\u0173 odai, ta\u010diau ypa\u010d rekomenduojama i\u0161saus\u0117jusiai, mi\u0161riai, \u012f riebum\u0105 ir b\u0117rimus linkusiai odai.<\/p>\n<p data-start=\"1216\" data-end=\"1244\"><strong data-start=\"1216\" data-end=\"1244\">Pagrindiniai privalumai:<\/strong><\/p>\n<ul data-start=\"1245\" data-end=\"1501\">\n<li data-start=\"1245\" data-end=\"1293\">\n<p data-start=\"1247\" data-end=\"1293\">\u0160velniai nu\u0161vei\u010dia ir glotnina odos tekst\u016br\u0105<\/p>\n<\/li>\n<li data-start=\"1294\" data-end=\"1356\">\n<p data-start=\"1296\" data-end=\"1356\">Fermentai padeda suteikti skaistumo ir \u201egyvos\u201c odos efekt\u0105<\/p>\n<\/li>\n<li data-start=\"1357\" data-end=\"1395\">\n<p data-start=\"1359\" data-end=\"1395\">Padeda reguliuoti sebumo pertekli\u0173<\/p>\n<\/li>\n<li data-start=\"1396\" data-end=\"1461\">\n<p data-start=\"1398\" data-end=\"1461\">Prisideda prie ma\u017eesnio por\u0173 matomumo ir ink\u0161tir\u0173 prevencijos<\/p>\n<\/li>\n<li data-start=\"1462\" data-end=\"1501\">\n<p data-start=\"1464\" data-end=\"1501\">Dr\u0117kina ir suteikia komforto poj\u016bt\u012f<\/p>\n<\/li>\n<\/ul>\n<p data-start=\"1503\" data-end=\"1643\"><strong data-start=\"1503\" data-end=\"1518\">Naudojimas:<\/strong><br \/>\nTepkite ant nuvalytos ir tonizuotos (sausos) veido odos. \u0160velniai \u012fmasa\u017euokite, kol susigers, tuomet t\u0119skite \u012fprast\u0105 rutin\u0105.<\/p>\n<p data-start=\"1645\" data-end=\"1683\"><strong data-start=\"1645\" data-end=\"1655\">Talpa:<\/strong> 30ml | 50 ml<\/p>\n<hr data-start=\"1685\" data-end=\"1688\" \/>\n<h3 data-start=\"1690\" data-end=\"1709\">Sud\u0117tis (INCI):<\/h3>\n<p data-start=\"1710\" data-end=\"1922\">Aqua, Propanediol, Glycerin, Lactobacillus \/ Soybean Ferment Extract, Lactobacillus \/ Punica Granatum Fruit Ferment Extract, Saccharomyces \/ Barley Seed Ferment Filtrate, Lactobacillus Pear Juice Ferment Filtrate<\/p>\n","protected":false},"excerpt":{"rendered":"<p data-start=\"125\" data-end=\"289\">Ferment\u0173 esencija, kuri \u0161velniai nu\u0161vei\u010dia, dr\u0117kina ir suteikia odai skaistumo. Padeda ma\u017einti sebumo pertekli\u0173, por\u0173 matomum\u0105 ir ink\u0161tir\u0173 atsiradim\u0105.<\/p>\n","protected":false},"featured_media":74815,"template":"","meta":[],"product_brand":[1651],"product_cat":[550,728],"product_tag":[],"class_list":{"0":"post-74802","1":"product","2":"type-product","3":"status-publish","4":"has-post-thumbnail","6":"product_brand-mixsoon","7":"product_cat-veido-serumai","8":"product_cat-veidui","10":"first","11":"instock","12":"taxable","13":"shipping-taxable","14":"purchasable","15":"product-type-variable"},"yoast_head":"<!-- This site is optimized with the Yoast SEO plugin v27.4 - https:\/\/yoast.com\/product\/yoast-seo-wordpress\/ -->\n<title>MIXSOON Bean Essence daugiafunkcin\u0117 veido esencija su fermentais - MalinaShop.lt J\u016bs\u0173 sveikatai ir gro\u017eiui.<\/title>\n<meta name=\"description\" content=\"MIXSOON Bean Essence \u2013 ferment\u0173 esencija, \u0161velniai nu\u0161vei\u010dia, dr\u0117kina, skaistina, padeda ma\u017einti por\u0173 matomum\u0105 ir sebumo pertekli\u0173, 50 ml.\" \/>\n<meta name=\"robots\" content=\"index, follow, max-snippet:-1, max-image-preview:large, max-video-preview:-1\" \/>\n<link rel=\"canonical\" href=\"https:\/\/www.malinashop.lt\/lt_lt\/shop\/mixsoon-bean-essence-daugiafunkcine-veido-esencija-su-fermentais\/\" \/>\n<meta property=\"og:locale\" content=\"lt_LT\" \/>\n<meta property=\"og:type\" content=\"article\" \/>\n<meta property=\"og:title\" content=\"MIXSOON Bean Essence daugiafunkcin\u0117 veido esencija su fermentais - MalinaShop.lt J\u016bs\u0173 sveikatai ir gro\u017eiui.\" \/>\n<meta property=\"og:description\" content=\"MIXSOON Bean Essence \u2013 ferment\u0173 esencija, \u0161velniai nu\u0161vei\u010dia, dr\u0117kina, skaistina, padeda ma\u017einti por\u0173 matomum\u0105 ir sebumo pertekli\u0173, 50 ml.\" \/>\n<meta property=\"og:url\" content=\"https:\/\/www.malinashop.lt\/lt_lt\/shop\/mixsoon-bean-essence-daugiafunkcine-veido-esencija-su-fermentais\/\" \/>\n<meta property=\"og:site_name\" content=\"MalinaShop.lt J\u016bs\u0173 sveikatai ir gro\u017eiui.\" \/>\n<meta property=\"article:modified_time\" content=\"2026-04-07T19:18:00+00:00\" \/>\n<meta property=\"og:image\" content=\"https:\/\/www.malinashop.lt\/wp-content\/uploads\/2026\/02\/MIXSOON-Bean-Essence-daugiafunkcine-veido-esencija-su-fermentais.webp\" \/>\n\t<meta property=\"og:image:width\" content=\"1100\" \/>\n\t<meta property=\"og:image:height\" content=\"1100\" \/>\n\t<meta property=\"og:image:type\" content=\"image\/webp\" \/>\n<meta name=\"twitter:card\" content=\"summary_large_image\" \/>\n<script type=\"application\/ld+json\" class=\"yoast-schema-graph\">{\"@context\":\"https:\\\/\\\/schema.org\",\"@graph\":[{\"@type\":\"WebPage\",\"@id\":\"https:\\\/\\\/www.malinashop.lt\\\/lt_lt\\\/shop\\\/mixsoon-bean-essence-daugiafunkcine-veido-esencija-su-fermentais\\\/\",\"url\":\"https:\\\/\\\/www.malinashop.lt\\\/lt_lt\\\/shop\\\/mixsoon-bean-essence-daugiafunkcine-veido-esencija-su-fermentais\\\/\",\"name\":\"MIXSOON Bean Essence daugiafunkcin\u0117 veido esencija su fermentais - MalinaShop.lt J\u016bs\u0173 sveikatai ir gro\u017eiui.\",\"isPartOf\":{\"@id\":\"https:\\\/\\\/www.malinashop.lt\\\/#website\"},\"primaryImageOfPage\":{\"@id\":\"https:\\\/\\\/www.malinashop.lt\\\/lt_lt\\\/shop\\\/mixsoon-bean-essence-daugiafunkcine-veido-esencija-su-fermentais\\\/#primaryimage\"},\"image\":{\"@id\":\"https:\\\/\\\/www.malinashop.lt\\\/lt_lt\\\/shop\\\/mixsoon-bean-essence-daugiafunkcine-veido-esencija-su-fermentais\\\/#primaryimage\"},\"thumbnailUrl\":\"https:\\\/\\\/www.malinashop.lt\\\/wp-content\\\/uploads\\\/2026\\\/02\\\/MIXSOON-Bean-Essence-daugiafunkcine-veido-esencija-su-fermentais.webp\",\"datePublished\":\"2026-02-19T21:35:00+00:00\",\"dateModified\":\"2026-04-07T19:18:00+00:00\",\"description\":\"MIXSOON Bean Essence \u2013 ferment\u0173 esencija, \u0161velniai nu\u0161vei\u010dia, dr\u0117kina, skaistina, padeda ma\u017einti por\u0173 matomum\u0105 ir sebumo pertekli\u0173, 50 ml.\",\"breadcrumb\":{\"@id\":\"https:\\\/\\\/www.malinashop.lt\\\/lt_lt\\\/shop\\\/mixsoon-bean-essence-daugiafunkcine-veido-esencija-su-fermentais\\\/#breadcrumb\"},\"inLanguage\":\"lt-LT\",\"potentialAction\":[{\"@type\":\"ReadAction\",\"target\":[\"https:\\\/\\\/www.malinashop.lt\\\/lt_lt\\\/shop\\\/mixsoon-bean-essence-daugiafunkcine-veido-esencija-su-fermentais\\\/\"]}]},{\"@type\":\"ImageObject\",\"inLanguage\":\"lt-LT\",\"@id\":\"https:\\\/\\\/www.malinashop.lt\\\/lt_lt\\\/shop\\\/mixsoon-bean-essence-daugiafunkcine-veido-esencija-su-fermentais\\\/#primaryimage\",\"url\":\"https:\\\/\\\/www.malinashop.lt\\\/wp-content\\\/uploads\\\/2026\\\/02\\\/MIXSOON-Bean-Essence-daugiafunkcine-veido-esencija-su-fermentais.webp\",\"contentUrl\":\"https:\\\/\\\/www.malinashop.lt\\\/wp-content\\\/uploads\\\/2026\\\/02\\\/MIXSOON-Bean-Essence-daugiafunkcine-veido-esencija-su-fermentais.webp\",\"width\":1100,\"height\":1100},{\"@type\":\"BreadcrumbList\",\"@id\":\"https:\\\/\\\/www.malinashop.lt\\\/lt_lt\\\/shop\\\/mixsoon-bean-essence-daugiafunkcine-veido-esencija-su-fermentais\\\/#breadcrumb\",\"itemListElement\":[{\"@type\":\"ListItem\",\"position\":1,\"name\":\"Pagrindinis\",\"item\":\"https:\\\/\\\/www.malinashop.lt\\\/\"},{\"@type\":\"ListItem\",\"position\":2,\"name\":\"Parduotuv\u0117\",\"item\":\"https:\\\/\\\/www.malinashop.lt\\\/en\\\/parduotuve\\\/\"},{\"@type\":\"ListItem\",\"position\":3,\"name\":\"MIXSOON Bean Essence daugiafunkcin\u0117 veido esencija su fermentais\"}]},{\"@type\":\"WebSite\",\"@id\":\"https:\\\/\\\/www.malinashop.lt\\\/#website\",\"url\":\"https:\\\/\\\/www.malinashop.lt\\\/\",\"name\":\"COM Group Ecommerce\",\"description\":\"MalinaShop.lt - Gro\u017eio ir sveikatos produktai i\u0161 patikim\u0173 preki\u0173 \u017eenkl\u0173. Atraskite auk\u0161tos kokyb\u0117s kosmetik\u0105 u\u017e puiki\u0105 kain\u0105.\",\"publisher\":{\"@id\":\"https:\\\/\\\/www.malinashop.lt\\\/#organization\"},\"potentialAction\":[{\"@type\":\"SearchAction\",\"target\":{\"@type\":\"EntryPoint\",\"urlTemplate\":\"https:\\\/\\\/www.malinashop.lt\\\/?s={search_term_string}\"},\"query-input\":{\"@type\":\"PropertyValueSpecification\",\"valueRequired\":true,\"valueName\":\"search_term_string\"}}],\"inLanguage\":\"lt-LT\"},{\"@type\":\"Organization\",\"@id\":\"https:\\\/\\\/www.malinashop.lt\\\/#organization\",\"name\":\"COM Group Ecommerce\",\"url\":\"https:\\\/\\\/www.malinashop.lt\\\/\",\"logo\":{\"@type\":\"ImageObject\",\"inLanguage\":\"lt-LT\",\"@id\":\"https:\\\/\\\/www.malinashop.lt\\\/#\\\/schema\\\/logo\\\/image\\\/\",\"url\":\"https:\\\/\\\/www.malinashop.lt\\\/wp-content\\\/uploads\\\/2024\\\/08\\\/462559670_3787732518133670_9795632669273463_n-e1731525914575.png\",\"contentUrl\":\"https:\\\/\\\/www.malinashop.lt\\\/wp-content\\\/uploads\\\/2024\\\/08\\\/462559670_3787732518133670_9795632669273463_n-e1731525914575.png\",\"width\":180,\"height\":60,\"caption\":\"COM Group Ecommerce\"},\"image\":{\"@id\":\"https:\\\/\\\/www.malinashop.lt\\\/#\\\/schema\\\/logo\\\/image\\\/\"}}]}<\/script>\n<!-- \/ Yoast SEO plugin. -->","yoast_head_json":{"title":"MIXSOON Bean Essence daugiafunkcin\u0117 veido esencija su fermentais - MalinaShop.lt J\u016bs\u0173 sveikatai ir gro\u017eiui.","description":"MIXSOON Bean Essence \u2013 ferment\u0173 esencija, \u0161velniai nu\u0161vei\u010dia, dr\u0117kina, skaistina, padeda ma\u017einti por\u0173 matomum\u0105 ir sebumo pertekli\u0173, 50 ml.","robots":{"index":"index","follow":"follow","max-snippet":"max-snippet:-1","max-image-preview":"max-image-preview:large","max-video-preview":"max-video-preview:-1"},"canonical":"https:\/\/www.malinashop.lt\/lt_lt\/shop\/mixsoon-bean-essence-daugiafunkcine-veido-esencija-su-fermentais\/","og_locale":"lt_LT","og_type":"article","og_title":"MIXSOON Bean Essence daugiafunkcin\u0117 veido esencija su fermentais - MalinaShop.lt J\u016bs\u0173 sveikatai ir gro\u017eiui.","og_description":"MIXSOON Bean Essence \u2013 ferment\u0173 esencija, \u0161velniai nu\u0161vei\u010dia, dr\u0117kina, skaistina, padeda ma\u017einti por\u0173 matomum\u0105 ir sebumo pertekli\u0173, 50 ml.","og_url":"https:\/\/www.malinashop.lt\/lt_lt\/shop\/mixsoon-bean-essence-daugiafunkcine-veido-esencija-su-fermentais\/","og_site_name":"MalinaShop.lt J\u016bs\u0173 sveikatai ir gro\u017eiui.","article_modified_time":"2026-04-07T19:18:00+00:00","og_image":[{"width":1100,"height":1100,"url":"https:\/\/www.malinashop.lt\/wp-content\/uploads\/2026\/02\/MIXSOON-Bean-Essence-daugiafunkcine-veido-esencija-su-fermentais.webp","type":"image\/webp"}],"twitter_card":"summary_large_image","schema":{"@context":"https:\/\/schema.org","@graph":[{"@type":"WebPage","@id":"https:\/\/www.malinashop.lt\/lt_lt\/shop\/mixsoon-bean-essence-daugiafunkcine-veido-esencija-su-fermentais\/","url":"https:\/\/www.malinashop.lt\/lt_lt\/shop\/mixsoon-bean-essence-daugiafunkcine-veido-esencija-su-fermentais\/","name":"MIXSOON Bean Essence daugiafunkcin\u0117 veido esencija su fermentais - MalinaShop.lt J\u016bs\u0173 sveikatai ir gro\u017eiui.","isPartOf":{"@id":"https:\/\/www.malinashop.lt\/#website"},"primaryImageOfPage":{"@id":"https:\/\/www.malinashop.lt\/lt_lt\/shop\/mixsoon-bean-essence-daugiafunkcine-veido-esencija-su-fermentais\/#primaryimage"},"image":{"@id":"https:\/\/www.malinashop.lt\/lt_lt\/shop\/mixsoon-bean-essence-daugiafunkcine-veido-esencija-su-fermentais\/#primaryimage"},"thumbnailUrl":"https:\/\/www.malinashop.lt\/wp-content\/uploads\/2026\/02\/MIXSOON-Bean-Essence-daugiafunkcine-veido-esencija-su-fermentais.webp","datePublished":"2026-02-19T21:35:00+00:00","dateModified":"2026-04-07T19:18:00+00:00","description":"MIXSOON Bean Essence \u2013 ferment\u0173 esencija, \u0161velniai nu\u0161vei\u010dia, dr\u0117kina, skaistina, padeda ma\u017einti por\u0173 matomum\u0105 ir sebumo pertekli\u0173, 50 ml.","breadcrumb":{"@id":"https:\/\/www.malinashop.lt\/lt_lt\/shop\/mixsoon-bean-essence-daugiafunkcine-veido-esencija-su-fermentais\/#breadcrumb"},"inLanguage":"lt-LT","potentialAction":[{"@type":"ReadAction","target":["https:\/\/www.malinashop.lt\/lt_lt\/shop\/mixsoon-bean-essence-daugiafunkcine-veido-esencija-su-fermentais\/"]}]},{"@type":"ImageObject","inLanguage":"lt-LT","@id":"https:\/\/www.malinashop.lt\/lt_lt\/shop\/mixsoon-bean-essence-daugiafunkcine-veido-esencija-su-fermentais\/#primaryimage","url":"https:\/\/www.malinashop.lt\/wp-content\/uploads\/2026\/02\/MIXSOON-Bean-Essence-daugiafunkcine-veido-esencija-su-fermentais.webp","contentUrl":"https:\/\/www.malinashop.lt\/wp-content\/uploads\/2026\/02\/MIXSOON-Bean-Essence-daugiafunkcine-veido-esencija-su-fermentais.webp","width":1100,"height":1100},{"@type":"BreadcrumbList","@id":"https:\/\/www.malinashop.lt\/lt_lt\/shop\/mixsoon-bean-essence-daugiafunkcine-veido-esencija-su-fermentais\/#breadcrumb","itemListElement":[{"@type":"ListItem","position":1,"name":"Pagrindinis","item":"https:\/\/www.malinashop.lt\/"},{"@type":"ListItem","position":2,"name":"Parduotuv\u0117","item":"https:\/\/www.malinashop.lt\/en\/parduotuve\/"},{"@type":"ListItem","position":3,"name":"MIXSOON Bean Essence daugiafunkcin\u0117 veido esencija su fermentais"}]},{"@type":"WebSite","@id":"https:\/\/www.malinashop.lt\/#website","url":"https:\/\/www.malinashop.lt\/","name":"COM Group Ecommerce","description":"MalinaShop.lt - Gro\u017eio ir sveikatos produktai i\u0161 patikim\u0173 preki\u0173 \u017eenkl\u0173. Atraskite auk\u0161tos kokyb\u0117s kosmetik\u0105 u\u017e puiki\u0105 kain\u0105.","publisher":{"@id":"https:\/\/www.malinashop.lt\/#organization"},"potentialAction":[{"@type":"SearchAction","target":{"@type":"EntryPoint","urlTemplate":"https:\/\/www.malinashop.lt\/?s={search_term_string}"},"query-input":{"@type":"PropertyValueSpecification","valueRequired":true,"valueName":"search_term_string"}}],"inLanguage":"lt-LT"},{"@type":"Organization","@id":"https:\/\/www.malinashop.lt\/#organization","name":"COM Group Ecommerce","url":"https:\/\/www.malinashop.lt\/","logo":{"@type":"ImageObject","inLanguage":"lt-LT","@id":"https:\/\/www.malinashop.lt\/#\/schema\/logo\/image\/","url":"https:\/\/www.malinashop.lt\/wp-content\/uploads\/2024\/08\/462559670_3787732518133670_9795632669273463_n-e1731525914575.png","contentUrl":"https:\/\/www.malinashop.lt\/wp-content\/uploads\/2024\/08\/462559670_3787732518133670_9795632669273463_n-e1731525914575.png","width":180,"height":60,"caption":"COM Group Ecommerce"},"image":{"@id":"https:\/\/www.malinashop.lt\/#\/schema\/logo\/image\/"}}]}},"jetpack_sharing_enabled":true,"_links":{"self":[{"href":"https:\/\/www.malinashop.lt\/lt_lt\/wp-json\/wp\/v2\/product\/74802","targetHints":{"allow":["GET"]}}],"collection":[{"href":"https:\/\/www.malinashop.lt\/lt_lt\/wp-json\/wp\/v2\/product"}],"about":[{"href":"https:\/\/www.malinashop.lt\/lt_lt\/wp-json\/wp\/v2\/types\/product"}],"version-history":[{"count":4,"href":"https:\/\/www.malinashop.lt\/lt_lt\/wp-json\/wp\/v2\/product\/74802\/revisions"}],"predecessor-version":[{"id":74816,"href":"https:\/\/www.malinashop.lt\/lt_lt\/wp-json\/wp\/v2\/product\/74802\/revisions\/74816"}],"wp:featuredmedia":[{"embeddable":true,"href":"https:\/\/www.malinashop.lt\/lt_lt\/wp-json\/wp\/v2\/media\/74815"}],"wp:attachment":[{"href":"https:\/\/www.malinashop.lt\/lt_lt\/wp-json\/wp\/v2\/media?parent=74802"}],"wp:term":[{"taxonomy":"product_brand","embeddable":true,"href":"https:\/\/www.malinashop.lt\/lt_lt\/wp-json\/wp\/v2\/product_brand?post=74802"},{"taxonomy":"product_cat","embeddable":true,"href":"https:\/\/www.malinashop.lt\/lt_lt\/wp-json\/wp\/v2\/product_cat?post=74802"},{"taxonomy":"product_tag","embeddable":true,"href":"https:\/\/www.malinashop.lt\/lt_lt\/wp-json\/wp\/v2\/product_tag?post=74802"}],"curies":[{"name":"wp","href":"https:\/\/api.w.org\/{rel}","templated":true}]}}