{"id":74798,"date":"2026-02-20T00:32:37","date_gmt":"2026-02-19T21:32:37","guid":{"rendered":"https:\/\/malinashop.lt\/?post_type=product&#038;p=74798"},"modified":"2026-04-07T22:18:00","modified_gmt":"2026-04-07T19:18:00","slug":"mixsoon-centella-asiatica-toner-raminantis-veido-toneris-su-centeles-ekstraktu-150-ml","status":"publish","type":"product","link":"https:\/\/www.malinashop.lt\/lt_lt\/shop\/mixsoon-centella-asiatica-toner-raminantis-veido-toneris-su-centeles-ekstraktu-150-ml\/","title":{"rendered":"MIXSOON Centella Asiatica Toner raminantis veido toneris su centel\u0117s ekstraktu, 150 ml"},"content":{"rendered":"<p data-start=\"321\" data-end=\"644\">MIXSOON Centella Asiatica Toner \u2013 lengvos tekst\u016bros, minimalios sud\u0117ties veido toneris, sukurtas jautrios, sudirgusios ar dehidratuotos odos komfortui. Pagrindin\u0117 sudedamoji dalis \u2013 azijin\u0117s centel\u0117s ekstraktas, vertinamas d\u0117l raminan\u010di\u0173 savybi\u0173 ir pagalbos pri\u017ei\u016brint od\u0105, kuri linkusi \u012f paraudim\u0105, diskomfort\u0105 ar b\u0117rimus.<\/p>\n<p data-start=\"646\" data-end=\"909\">Toneris padeda atkurti odos poj\u016bt\u012f po prausimo, suteikia dr\u0117gm\u0117s ir paruo\u0161ia od\u0105 tolimesniems prie\u017ei\u016bros \u017eingsniams. D\u0117l minimalistin\u0117s formul\u0117s priemon\u0117 puikiai tinka kasdieniam naudojimui ir patogiam sluoksniavimui \u2013 jei oda sausesn\u0117, galite tepti 2 sluoksnius.<\/p>\n<p data-start=\"911\" data-end=\"939\"><strong data-start=\"911\" data-end=\"939\">Pagrindiniai privalumai:<\/strong><\/p>\n<ul data-start=\"940\" data-end=\"1154\">\n<li data-start=\"940\" data-end=\"998\">\n<p data-start=\"942\" data-end=\"998\">Centel\u0117s ekstraktas ramina ir suteikia komforto poj\u016bt\u012f<\/p>\n<\/li>\n<li data-start=\"999\" data-end=\"1033\">\n<p data-start=\"1001\" data-end=\"1033\">Dr\u0117kina ir gaivina po prausimo<\/p>\n<\/li>\n<li data-start=\"1034\" data-end=\"1081\">\n<p data-start=\"1036\" data-end=\"1081\">Minimalistin\u0117 sud\u0117tis \u2013 tinka jautriai odai<\/p>\n<\/li>\n<li data-start=\"1082\" data-end=\"1116\">\n<p data-start=\"1084\" data-end=\"1116\">Paruo\u0161ia od\u0105 serumui ir kremui<\/p>\n<\/li>\n<li data-start=\"1117\" data-end=\"1154\">\n<p data-start=\"1119\" data-end=\"1154\">Galima sluoksniuoti pagal poreik\u012f<\/p>\n<\/li>\n<\/ul>\n<p data-start=\"1156\" data-end=\"1287\"><strong data-start=\"1156\" data-end=\"1171\">Naudojimas:<\/strong><br \/>\nTepkite ant \u0161varios veido odos vatos diskeliu arba delnais tiesiai ant veido. Jei reikia, aplikuokite 2 sluoksnius.<\/p>\n<p data-start=\"1289\" data-end=\"1306\"><strong data-start=\"1289\" data-end=\"1299\">Talpa:<\/strong> 150 ml<\/p>\n<hr data-start=\"1308\" data-end=\"1311\" \/>\n<h3 data-start=\"1313\" data-end=\"1332\">Sud\u0117tis (INCI):<\/h3>\n<p data-start=\"1333\" data-end=\"1397\">Aqua, Butylene Glycol, 1,2-Hexanediol, Centella Aisatica Extract<\/p>\n","protected":false},"excerpt":{"rendered":"<p data-start=\"125\" data-end=\"289\">Minimalistinis toneris su azijin\u0117s centel\u0117s (Centella Asiatica) ekstraktu. Dr\u0117kina, ramina ir padeda suma\u017einti sudirgimo poj\u016bt\u012f, paruo\u0161ia od\u0105 serumui ir kremui.<\/p>\n","protected":false},"featured_media":74800,"template":"","meta":[],"product_brand":[1651],"product_cat":[537,728],"product_tag":[],"class_list":{"0":"post-74798","1":"product","2":"type-product","3":"status-publish","4":"has-post-thumbnail","6":"product_brand-mixsoon","7":"product_cat-veido-valymo-priemones","8":"product_cat-veidui","10":"first","11":"instock","12":"taxable","13":"shipping-taxable","14":"purchasable","15":"product-type-simple"},"yoast_head":"<!-- This site is optimized with the Yoast SEO plugin v27.4 - https:\/\/yoast.com\/product\/yoast-seo-wordpress\/ -->\n<title>MIXSOON Centella Asiatica Toner raminantis veido toneris su centel\u0117s ekstraktu, 150 ml - MalinaShop.lt J\u016bs\u0173 sveikatai ir gro\u017eiui.<\/title>\n<meta name=\"description\" content=\"MIXSOON Centella Asiatica Toner \u2013 minimalistinis toneris su centel\u0117s ekstraktu, ramina, dr\u0117kina ir paruo\u0161ia od\u0105 tolimesnei prie\u017ei\u016brai, 150 ml.\" \/>\n<meta name=\"robots\" content=\"index, follow, max-snippet:-1, max-image-preview:large, max-video-preview:-1\" \/>\n<link rel=\"canonical\" href=\"https:\/\/www.malinashop.lt\/lt_lt\/shop\/mixsoon-centella-asiatica-toner-raminantis-veido-toneris-su-centeles-ekstraktu-150-ml\/\" \/>\n<meta property=\"og:locale\" content=\"lt_LT\" \/>\n<meta property=\"og:type\" content=\"article\" \/>\n<meta property=\"og:title\" content=\"MIXSOON Centella Asiatica Toner raminantis veido toneris su centel\u0117s ekstraktu, 150 ml - MalinaShop.lt J\u016bs\u0173 sveikatai ir gro\u017eiui.\" \/>\n<meta property=\"og:description\" content=\"MIXSOON Centella Asiatica Toner \u2013 minimalistinis toneris su centel\u0117s ekstraktu, ramina, dr\u0117kina ir paruo\u0161ia od\u0105 tolimesnei prie\u017ei\u016brai, 150 ml.\" \/>\n<meta property=\"og:url\" content=\"https:\/\/www.malinashop.lt\/lt_lt\/shop\/mixsoon-centella-asiatica-toner-raminantis-veido-toneris-su-centeles-ekstraktu-150-ml\/\" \/>\n<meta property=\"og:site_name\" content=\"MalinaShop.lt J\u016bs\u0173 sveikatai ir gro\u017eiui.\" \/>\n<meta property=\"article:modified_time\" content=\"2026-04-07T19:18:00+00:00\" \/>\n<meta property=\"og:image\" content=\"https:\/\/www.malinashop.lt\/wp-content\/uploads\/2026\/02\/MIXSOON-Centella-Asiatica-Toner-raminantis-veido-toneris-su-centeles-ekstraktu-150-ml.webp\" \/>\n\t<meta property=\"og:image:width\" content=\"1100\" \/>\n\t<meta property=\"og:image:height\" content=\"1100\" \/>\n\t<meta property=\"og:image:type\" content=\"image\/webp\" \/>\n<meta name=\"twitter:card\" content=\"summary_large_image\" \/>\n<script type=\"application\/ld+json\" class=\"yoast-schema-graph\">{\"@context\":\"https:\\\/\\\/schema.org\",\"@graph\":[{\"@type\":\"WebPage\",\"@id\":\"https:\\\/\\\/www.malinashop.lt\\\/lt_lt\\\/shop\\\/mixsoon-centella-asiatica-toner-raminantis-veido-toneris-su-centeles-ekstraktu-150-ml\\\/\",\"url\":\"https:\\\/\\\/www.malinashop.lt\\\/lt_lt\\\/shop\\\/mixsoon-centella-asiatica-toner-raminantis-veido-toneris-su-centeles-ekstraktu-150-ml\\\/\",\"name\":\"MIXSOON Centella Asiatica Toner raminantis veido toneris su centel\u0117s ekstraktu, 150 ml - MalinaShop.lt J\u016bs\u0173 sveikatai ir gro\u017eiui.\",\"isPartOf\":{\"@id\":\"https:\\\/\\\/www.malinashop.lt\\\/#website\"},\"primaryImageOfPage\":{\"@id\":\"https:\\\/\\\/www.malinashop.lt\\\/lt_lt\\\/shop\\\/mixsoon-centella-asiatica-toner-raminantis-veido-toneris-su-centeles-ekstraktu-150-ml\\\/#primaryimage\"},\"image\":{\"@id\":\"https:\\\/\\\/www.malinashop.lt\\\/lt_lt\\\/shop\\\/mixsoon-centella-asiatica-toner-raminantis-veido-toneris-su-centeles-ekstraktu-150-ml\\\/#primaryimage\"},\"thumbnailUrl\":\"https:\\\/\\\/www.malinashop.lt\\\/wp-content\\\/uploads\\\/2026\\\/02\\\/MIXSOON-Centella-Asiatica-Toner-raminantis-veido-toneris-su-centeles-ekstraktu-150-ml.webp\",\"datePublished\":\"2026-02-19T21:32:37+00:00\",\"dateModified\":\"2026-04-07T19:18:00+00:00\",\"description\":\"MIXSOON Centella Asiatica Toner \u2013 minimalistinis toneris su centel\u0117s ekstraktu, ramina, dr\u0117kina ir paruo\u0161ia od\u0105 tolimesnei prie\u017ei\u016brai, 150 ml.\",\"breadcrumb\":{\"@id\":\"https:\\\/\\\/www.malinashop.lt\\\/lt_lt\\\/shop\\\/mixsoon-centella-asiatica-toner-raminantis-veido-toneris-su-centeles-ekstraktu-150-ml\\\/#breadcrumb\"},\"inLanguage\":\"lt-LT\",\"potentialAction\":[{\"@type\":\"ReadAction\",\"target\":[\"https:\\\/\\\/www.malinashop.lt\\\/lt_lt\\\/shop\\\/mixsoon-centella-asiatica-toner-raminantis-veido-toneris-su-centeles-ekstraktu-150-ml\\\/\"]}]},{\"@type\":\"ImageObject\",\"inLanguage\":\"lt-LT\",\"@id\":\"https:\\\/\\\/www.malinashop.lt\\\/lt_lt\\\/shop\\\/mixsoon-centella-asiatica-toner-raminantis-veido-toneris-su-centeles-ekstraktu-150-ml\\\/#primaryimage\",\"url\":\"https:\\\/\\\/www.malinashop.lt\\\/wp-content\\\/uploads\\\/2026\\\/02\\\/MIXSOON-Centella-Asiatica-Toner-raminantis-veido-toneris-su-centeles-ekstraktu-150-ml.webp\",\"contentUrl\":\"https:\\\/\\\/www.malinashop.lt\\\/wp-content\\\/uploads\\\/2026\\\/02\\\/MIXSOON-Centella-Asiatica-Toner-raminantis-veido-toneris-su-centeles-ekstraktu-150-ml.webp\",\"width\":1100,\"height\":1100},{\"@type\":\"BreadcrumbList\",\"@id\":\"https:\\\/\\\/www.malinashop.lt\\\/lt_lt\\\/shop\\\/mixsoon-centella-asiatica-toner-raminantis-veido-toneris-su-centeles-ekstraktu-150-ml\\\/#breadcrumb\",\"itemListElement\":[{\"@type\":\"ListItem\",\"position\":1,\"name\":\"Pagrindinis\",\"item\":\"https:\\\/\\\/www.malinashop.lt\\\/\"},{\"@type\":\"ListItem\",\"position\":2,\"name\":\"Parduotuv\u0117\",\"item\":\"https:\\\/\\\/www.malinashop.lt\\\/en\\\/parduotuve\\\/\"},{\"@type\":\"ListItem\",\"position\":3,\"name\":\"MIXSOON Centella Asiatica Toner raminantis veido toneris su centel\u0117s ekstraktu, 150 ml\"}]},{\"@type\":\"WebSite\",\"@id\":\"https:\\\/\\\/www.malinashop.lt\\\/#website\",\"url\":\"https:\\\/\\\/www.malinashop.lt\\\/\",\"name\":\"COM Group Ecommerce\",\"description\":\"MalinaShop.lt - Gro\u017eio ir sveikatos produktai i\u0161 patikim\u0173 preki\u0173 \u017eenkl\u0173. Atraskite auk\u0161tos kokyb\u0117s kosmetik\u0105 u\u017e puiki\u0105 kain\u0105.\",\"publisher\":{\"@id\":\"https:\\\/\\\/www.malinashop.lt\\\/#organization\"},\"potentialAction\":[{\"@type\":\"SearchAction\",\"target\":{\"@type\":\"EntryPoint\",\"urlTemplate\":\"https:\\\/\\\/www.malinashop.lt\\\/?s={search_term_string}\"},\"query-input\":{\"@type\":\"PropertyValueSpecification\",\"valueRequired\":true,\"valueName\":\"search_term_string\"}}],\"inLanguage\":\"lt-LT\"},{\"@type\":\"Organization\",\"@id\":\"https:\\\/\\\/www.malinashop.lt\\\/#organization\",\"name\":\"COM Group Ecommerce\",\"url\":\"https:\\\/\\\/www.malinashop.lt\\\/\",\"logo\":{\"@type\":\"ImageObject\",\"inLanguage\":\"lt-LT\",\"@id\":\"https:\\\/\\\/www.malinashop.lt\\\/#\\\/schema\\\/logo\\\/image\\\/\",\"url\":\"https:\\\/\\\/www.malinashop.lt\\\/wp-content\\\/uploads\\\/2024\\\/08\\\/462559670_3787732518133670_9795632669273463_n-e1731525914575.png\",\"contentUrl\":\"https:\\\/\\\/www.malinashop.lt\\\/wp-content\\\/uploads\\\/2024\\\/08\\\/462559670_3787732518133670_9795632669273463_n-e1731525914575.png\",\"width\":180,\"height\":60,\"caption\":\"COM Group Ecommerce\"},\"image\":{\"@id\":\"https:\\\/\\\/www.malinashop.lt\\\/#\\\/schema\\\/logo\\\/image\\\/\"}}]}<\/script>\n<!-- \/ Yoast SEO plugin. -->","yoast_head_json":{"title":"MIXSOON Centella Asiatica Toner raminantis veido toneris su centel\u0117s ekstraktu, 150 ml - MalinaShop.lt J\u016bs\u0173 sveikatai ir gro\u017eiui.","description":"MIXSOON Centella Asiatica Toner \u2013 minimalistinis toneris su centel\u0117s ekstraktu, ramina, dr\u0117kina ir paruo\u0161ia od\u0105 tolimesnei prie\u017ei\u016brai, 150 ml.","robots":{"index":"index","follow":"follow","max-snippet":"max-snippet:-1","max-image-preview":"max-image-preview:large","max-video-preview":"max-video-preview:-1"},"canonical":"https:\/\/www.malinashop.lt\/lt_lt\/shop\/mixsoon-centella-asiatica-toner-raminantis-veido-toneris-su-centeles-ekstraktu-150-ml\/","og_locale":"lt_LT","og_type":"article","og_title":"MIXSOON Centella Asiatica Toner raminantis veido toneris su centel\u0117s ekstraktu, 150 ml - MalinaShop.lt J\u016bs\u0173 sveikatai ir gro\u017eiui.","og_description":"MIXSOON Centella Asiatica Toner \u2013 minimalistinis toneris su centel\u0117s ekstraktu, ramina, dr\u0117kina ir paruo\u0161ia od\u0105 tolimesnei prie\u017ei\u016brai, 150 ml.","og_url":"https:\/\/www.malinashop.lt\/lt_lt\/shop\/mixsoon-centella-asiatica-toner-raminantis-veido-toneris-su-centeles-ekstraktu-150-ml\/","og_site_name":"MalinaShop.lt J\u016bs\u0173 sveikatai ir gro\u017eiui.","article_modified_time":"2026-04-07T19:18:00+00:00","og_image":[{"width":1100,"height":1100,"url":"https:\/\/www.malinashop.lt\/wp-content\/uploads\/2026\/02\/MIXSOON-Centella-Asiatica-Toner-raminantis-veido-toneris-su-centeles-ekstraktu-150-ml.webp","type":"image\/webp"}],"twitter_card":"summary_large_image","schema":{"@context":"https:\/\/schema.org","@graph":[{"@type":"WebPage","@id":"https:\/\/www.malinashop.lt\/lt_lt\/shop\/mixsoon-centella-asiatica-toner-raminantis-veido-toneris-su-centeles-ekstraktu-150-ml\/","url":"https:\/\/www.malinashop.lt\/lt_lt\/shop\/mixsoon-centella-asiatica-toner-raminantis-veido-toneris-su-centeles-ekstraktu-150-ml\/","name":"MIXSOON Centella Asiatica Toner raminantis veido toneris su centel\u0117s ekstraktu, 150 ml - MalinaShop.lt J\u016bs\u0173 sveikatai ir gro\u017eiui.","isPartOf":{"@id":"https:\/\/www.malinashop.lt\/#website"},"primaryImageOfPage":{"@id":"https:\/\/www.malinashop.lt\/lt_lt\/shop\/mixsoon-centella-asiatica-toner-raminantis-veido-toneris-su-centeles-ekstraktu-150-ml\/#primaryimage"},"image":{"@id":"https:\/\/www.malinashop.lt\/lt_lt\/shop\/mixsoon-centella-asiatica-toner-raminantis-veido-toneris-su-centeles-ekstraktu-150-ml\/#primaryimage"},"thumbnailUrl":"https:\/\/www.malinashop.lt\/wp-content\/uploads\/2026\/02\/MIXSOON-Centella-Asiatica-Toner-raminantis-veido-toneris-su-centeles-ekstraktu-150-ml.webp","datePublished":"2026-02-19T21:32:37+00:00","dateModified":"2026-04-07T19:18:00+00:00","description":"MIXSOON Centella Asiatica Toner \u2013 minimalistinis toneris su centel\u0117s ekstraktu, ramina, dr\u0117kina ir paruo\u0161ia od\u0105 tolimesnei prie\u017ei\u016brai, 150 ml.","breadcrumb":{"@id":"https:\/\/www.malinashop.lt\/lt_lt\/shop\/mixsoon-centella-asiatica-toner-raminantis-veido-toneris-su-centeles-ekstraktu-150-ml\/#breadcrumb"},"inLanguage":"lt-LT","potentialAction":[{"@type":"ReadAction","target":["https:\/\/www.malinashop.lt\/lt_lt\/shop\/mixsoon-centella-asiatica-toner-raminantis-veido-toneris-su-centeles-ekstraktu-150-ml\/"]}]},{"@type":"ImageObject","inLanguage":"lt-LT","@id":"https:\/\/www.malinashop.lt\/lt_lt\/shop\/mixsoon-centella-asiatica-toner-raminantis-veido-toneris-su-centeles-ekstraktu-150-ml\/#primaryimage","url":"https:\/\/www.malinashop.lt\/wp-content\/uploads\/2026\/02\/MIXSOON-Centella-Asiatica-Toner-raminantis-veido-toneris-su-centeles-ekstraktu-150-ml.webp","contentUrl":"https:\/\/www.malinashop.lt\/wp-content\/uploads\/2026\/02\/MIXSOON-Centella-Asiatica-Toner-raminantis-veido-toneris-su-centeles-ekstraktu-150-ml.webp","width":1100,"height":1100},{"@type":"BreadcrumbList","@id":"https:\/\/www.malinashop.lt\/lt_lt\/shop\/mixsoon-centella-asiatica-toner-raminantis-veido-toneris-su-centeles-ekstraktu-150-ml\/#breadcrumb","itemListElement":[{"@type":"ListItem","position":1,"name":"Pagrindinis","item":"https:\/\/www.malinashop.lt\/"},{"@type":"ListItem","position":2,"name":"Parduotuv\u0117","item":"https:\/\/www.malinashop.lt\/en\/parduotuve\/"},{"@type":"ListItem","position":3,"name":"MIXSOON Centella Asiatica Toner raminantis veido toneris su centel\u0117s ekstraktu, 150 ml"}]},{"@type":"WebSite","@id":"https:\/\/www.malinashop.lt\/#website","url":"https:\/\/www.malinashop.lt\/","name":"COM Group Ecommerce","description":"MalinaShop.lt - Gro\u017eio ir sveikatos produktai i\u0161 patikim\u0173 preki\u0173 \u017eenkl\u0173. Atraskite auk\u0161tos kokyb\u0117s kosmetik\u0105 u\u017e puiki\u0105 kain\u0105.","publisher":{"@id":"https:\/\/www.malinashop.lt\/#organization"},"potentialAction":[{"@type":"SearchAction","target":{"@type":"EntryPoint","urlTemplate":"https:\/\/www.malinashop.lt\/?s={search_term_string}"},"query-input":{"@type":"PropertyValueSpecification","valueRequired":true,"valueName":"search_term_string"}}],"inLanguage":"lt-LT"},{"@type":"Organization","@id":"https:\/\/www.malinashop.lt\/#organization","name":"COM Group Ecommerce","url":"https:\/\/www.malinashop.lt\/","logo":{"@type":"ImageObject","inLanguage":"lt-LT","@id":"https:\/\/www.malinashop.lt\/#\/schema\/logo\/image\/","url":"https:\/\/www.malinashop.lt\/wp-content\/uploads\/2024\/08\/462559670_3787732518133670_9795632669273463_n-e1731525914575.png","contentUrl":"https:\/\/www.malinashop.lt\/wp-content\/uploads\/2024\/08\/462559670_3787732518133670_9795632669273463_n-e1731525914575.png","width":180,"height":60,"caption":"COM Group Ecommerce"},"image":{"@id":"https:\/\/www.malinashop.lt\/#\/schema\/logo\/image\/"}}]}},"jetpack_sharing_enabled":true,"_links":{"self":[{"href":"https:\/\/www.malinashop.lt\/lt_lt\/wp-json\/wp\/v2\/product\/74798","targetHints":{"allow":["GET"]}}],"collection":[{"href":"https:\/\/www.malinashop.lt\/lt_lt\/wp-json\/wp\/v2\/product"}],"about":[{"href":"https:\/\/www.malinashop.lt\/lt_lt\/wp-json\/wp\/v2\/types\/product"}],"version-history":[{"count":1,"href":"https:\/\/www.malinashop.lt\/lt_lt\/wp-json\/wp\/v2\/product\/74798\/revisions"}],"predecessor-version":[{"id":74801,"href":"https:\/\/www.malinashop.lt\/lt_lt\/wp-json\/wp\/v2\/product\/74798\/revisions\/74801"}],"wp:featuredmedia":[{"embeddable":true,"href":"https:\/\/www.malinashop.lt\/lt_lt\/wp-json\/wp\/v2\/media\/74800"}],"wp:attachment":[{"href":"https:\/\/www.malinashop.lt\/lt_lt\/wp-json\/wp\/v2\/media?parent=74798"}],"wp:term":[{"taxonomy":"product_brand","embeddable":true,"href":"https:\/\/www.malinashop.lt\/lt_lt\/wp-json\/wp\/v2\/product_brand?post=74798"},{"taxonomy":"product_cat","embeddable":true,"href":"https:\/\/www.malinashop.lt\/lt_lt\/wp-json\/wp\/v2\/product_cat?post=74798"},{"taxonomy":"product_tag","embeddable":true,"href":"https:\/\/www.malinashop.lt\/lt_lt\/wp-json\/wp\/v2\/product_tag?post=74798"}],"curies":[{"name":"wp","href":"https:\/\/api.w.org\/{rel}","templated":true}]}}