{"id":74794,"date":"2026-02-20T00:30:03","date_gmt":"2026-02-19T21:30:03","guid":{"rendered":"https:\/\/malinashop.lt\/?post_type=product&#038;p=74794"},"modified":"2026-04-07T22:18:00","modified_gmt":"2026-04-07T19:18:00","slug":"mixsoon-heartleaf-toner-raminantis-veido-toneris-su-houttuynia-cordata-150-ml","status":"publish","type":"product","link":"https:\/\/www.malinashop.lt\/lt_lt\/shop\/mixsoon-heartleaf-toner-raminantis-veido-toneris-su-houttuynia-cordata-150-ml\/","title":{"rendered":"MIXSOON Heartleaf Toner raminantis veido toneris su Houttuynia Cordata, 150 ml"},"content":{"rendered":"<p data-start=\"317\" data-end=\"633\">MIXSOON Heartleaf Toner \u2013 lengvos tekst\u016bros veido toneris, sukurtas jautrios, sudirgusios ar \u012f b\u0117rimus linkusios odos komfortui. Pagrindin\u0117 veiklioji med\u017eiaga \u2013 \u0161ird\u017eialapi\u0173 stimburi\u0173 (Houttuynia Cordata) ekstraktas, vertinamas d\u0117l raminan\u010di\u0173 savybi\u0173 ir pagalbos pri\u017ei\u016brint od\u0105, linkusi\u0105 \u012f paraudim\u0105 bei diskomfort\u0105.<\/p>\n<p data-start=\"635\" data-end=\"925\">Toneris intensyviai dr\u0117kina, gaivina ir padeda subalansuoti od\u0105 po prausimo, tod\u0117l oda tampa mink\u0161tesn\u0117 ir geriau paruo\u0161ta tolimesniems prie\u017ei\u016bros \u017eingsniams. D\u0117l minimalistin\u0117s sud\u0117ties priemon\u0117 tinka kasdieniam naudojimui ir puikiai dera sluoksniuojant kelis kartus, jei oda dehidratuota.<\/p>\n<p data-start=\"927\" data-end=\"955\"><strong data-start=\"927\" data-end=\"955\">Pagrindiniai privalumai:<\/strong><\/p>\n<ul data-start=\"956\" data-end=\"1172\">\n<li data-start=\"956\" data-end=\"1003\">\n<p data-start=\"958\" data-end=\"1003\">Ramina ir ma\u017eina paraudimo\/sudirgimo poj\u016bt\u012f<\/p>\n<\/li>\n<li data-start=\"1004\" data-end=\"1034\">\n<p data-start=\"1006\" data-end=\"1034\">Dr\u0117kina ir suteikia gaivos<\/p>\n<\/li>\n<li data-start=\"1035\" data-end=\"1084\">\n<p data-start=\"1037\" data-end=\"1084\">Minimalistin\u0117 sud\u0117tis \u2013 tinkama jautriai odai<\/p>\n<\/li>\n<li data-start=\"1085\" data-end=\"1119\">\n<p data-start=\"1087\" data-end=\"1119\">Paruo\u0161ia od\u0105 serumui ir kremui<\/p>\n<\/li>\n<li data-start=\"1120\" data-end=\"1172\">\n<p data-start=\"1122\" data-end=\"1172\">Tinka kasdieniam naudojimui, galima sluoksniuoti<\/p>\n<\/li>\n<\/ul>\n<p data-start=\"1174\" data-end=\"1308\"><strong data-start=\"1174\" data-end=\"1189\">Naudojimas:<\/strong><br \/>\nTepkite ant \u0161varios veido odos vatos diskeliu arba delnais tiesiai ant veido. Pagal poreik\u012f galite tepti 2 sluoksnius.<\/p>\n<p data-start=\"1310\" data-end=\"1327\"><strong data-start=\"1310\" data-end=\"1320\">Talpa:<\/strong> 150 ml<\/p>\n<hr data-start=\"1329\" data-end=\"1332\" \/>\n<h3 data-start=\"1334\" data-end=\"1353\">Sud\u0117tis (INCI):<\/h3>\n<p data-start=\"1354\" data-end=\"1425\">Water\/Aqua, Butylene Glycol, 1,2-Hexanediol, Houttuynia Cordata Extract<\/p>\n","protected":false},"excerpt":{"rendered":"<p data-start=\"125\" data-end=\"289\">Minimalistinis toneris su \u0161ird\u017eialapi\u0173 stimburi\u0173 (Houttuynia Cordata) ekstraktu. Ramina, dr\u0117kina ir padeda ma\u017einti sudirgimo poj\u016bt\u012f, paruo\u0161ia od\u0105 serumui ir kremui.<\/p>\n","protected":false},"featured_media":74796,"template":"","meta":[],"product_brand":[1651],"product_cat":[537,728],"product_tag":[],"class_list":{"0":"post-74794","1":"product","2":"type-product","3":"status-publish","4":"has-post-thumbnail","6":"product_brand-mixsoon","7":"product_cat-veido-valymo-priemones","8":"product_cat-veidui","10":"first","11":"instock","12":"taxable","13":"shipping-taxable","14":"purchasable","15":"product-type-simple"},"yoast_head":"<!-- This site is optimized with the Yoast SEO plugin v27.4 - https:\/\/yoast.com\/product\/yoast-seo-wordpress\/ -->\n<title>MIXSOON Heartleaf Toner raminantis veido toneris su Houttuynia Cordata, 150 ml - MalinaShop.lt J\u016bs\u0173 sveikatai ir gro\u017eiui.<\/title>\n<meta name=\"description\" content=\"MIXSOON Heartleaf Toner \u2013 raminantis toneris su Houttuynia Cordata, dr\u0117kina, ma\u017eina sudirgimo poj\u016bt\u012f ir paruo\u0161ia od\u0105 rutinai, 150 ml.\" \/>\n<meta name=\"robots\" content=\"index, follow, max-snippet:-1, max-image-preview:large, max-video-preview:-1\" \/>\n<link rel=\"canonical\" href=\"https:\/\/www.malinashop.lt\/lt_lt\/shop\/mixsoon-heartleaf-toner-raminantis-veido-toneris-su-houttuynia-cordata-150-ml\/\" \/>\n<meta property=\"og:locale\" content=\"lt_LT\" \/>\n<meta property=\"og:type\" content=\"article\" \/>\n<meta property=\"og:title\" content=\"MIXSOON Heartleaf Toner raminantis veido toneris su Houttuynia Cordata, 150 ml - MalinaShop.lt J\u016bs\u0173 sveikatai ir gro\u017eiui.\" \/>\n<meta property=\"og:description\" content=\"MIXSOON Heartleaf Toner \u2013 raminantis toneris su Houttuynia Cordata, dr\u0117kina, ma\u017eina sudirgimo poj\u016bt\u012f ir paruo\u0161ia od\u0105 rutinai, 150 ml.\" \/>\n<meta property=\"og:url\" content=\"https:\/\/www.malinashop.lt\/lt_lt\/shop\/mixsoon-heartleaf-toner-raminantis-veido-toneris-su-houttuynia-cordata-150-ml\/\" \/>\n<meta property=\"og:site_name\" content=\"MalinaShop.lt J\u016bs\u0173 sveikatai ir gro\u017eiui.\" \/>\n<meta property=\"article:modified_time\" content=\"2026-04-07T19:18:00+00:00\" \/>\n<meta property=\"og:image\" content=\"https:\/\/www.malinashop.lt\/wp-content\/uploads\/2026\/02\/MIXSOON-Heartleaf-Toner-raminantis-veido-toneris-su-Houttuynia-Cordata-150-ml.webp\" \/>\n\t<meta property=\"og:image:width\" content=\"1100\" \/>\n\t<meta property=\"og:image:height\" content=\"1100\" \/>\n\t<meta property=\"og:image:type\" content=\"image\/webp\" \/>\n<meta name=\"twitter:card\" content=\"summary_large_image\" \/>\n<script type=\"application\/ld+json\" class=\"yoast-schema-graph\">{\"@context\":\"https:\\\/\\\/schema.org\",\"@graph\":[{\"@type\":\"WebPage\",\"@id\":\"https:\\\/\\\/www.malinashop.lt\\\/lt_lt\\\/shop\\\/mixsoon-heartleaf-toner-raminantis-veido-toneris-su-houttuynia-cordata-150-ml\\\/\",\"url\":\"https:\\\/\\\/www.malinashop.lt\\\/lt_lt\\\/shop\\\/mixsoon-heartleaf-toner-raminantis-veido-toneris-su-houttuynia-cordata-150-ml\\\/\",\"name\":\"MIXSOON Heartleaf Toner raminantis veido toneris su Houttuynia Cordata, 150 ml - MalinaShop.lt J\u016bs\u0173 sveikatai ir gro\u017eiui.\",\"isPartOf\":{\"@id\":\"https:\\\/\\\/www.malinashop.lt\\\/#website\"},\"primaryImageOfPage\":{\"@id\":\"https:\\\/\\\/www.malinashop.lt\\\/lt_lt\\\/shop\\\/mixsoon-heartleaf-toner-raminantis-veido-toneris-su-houttuynia-cordata-150-ml\\\/#primaryimage\"},\"image\":{\"@id\":\"https:\\\/\\\/www.malinashop.lt\\\/lt_lt\\\/shop\\\/mixsoon-heartleaf-toner-raminantis-veido-toneris-su-houttuynia-cordata-150-ml\\\/#primaryimage\"},\"thumbnailUrl\":\"https:\\\/\\\/www.malinashop.lt\\\/wp-content\\\/uploads\\\/2026\\\/02\\\/MIXSOON-Heartleaf-Toner-raminantis-veido-toneris-su-Houttuynia-Cordata-150-ml.webp\",\"datePublished\":\"2026-02-19T21:30:03+00:00\",\"dateModified\":\"2026-04-07T19:18:00+00:00\",\"description\":\"MIXSOON Heartleaf Toner \u2013 raminantis toneris su Houttuynia Cordata, dr\u0117kina, ma\u017eina sudirgimo poj\u016bt\u012f ir paruo\u0161ia od\u0105 rutinai, 150 ml.\",\"breadcrumb\":{\"@id\":\"https:\\\/\\\/www.malinashop.lt\\\/lt_lt\\\/shop\\\/mixsoon-heartleaf-toner-raminantis-veido-toneris-su-houttuynia-cordata-150-ml\\\/#breadcrumb\"},\"inLanguage\":\"lt-LT\",\"potentialAction\":[{\"@type\":\"ReadAction\",\"target\":[\"https:\\\/\\\/www.malinashop.lt\\\/lt_lt\\\/shop\\\/mixsoon-heartleaf-toner-raminantis-veido-toneris-su-houttuynia-cordata-150-ml\\\/\"]}]},{\"@type\":\"ImageObject\",\"inLanguage\":\"lt-LT\",\"@id\":\"https:\\\/\\\/www.malinashop.lt\\\/lt_lt\\\/shop\\\/mixsoon-heartleaf-toner-raminantis-veido-toneris-su-houttuynia-cordata-150-ml\\\/#primaryimage\",\"url\":\"https:\\\/\\\/www.malinashop.lt\\\/wp-content\\\/uploads\\\/2026\\\/02\\\/MIXSOON-Heartleaf-Toner-raminantis-veido-toneris-su-Houttuynia-Cordata-150-ml.webp\",\"contentUrl\":\"https:\\\/\\\/www.malinashop.lt\\\/wp-content\\\/uploads\\\/2026\\\/02\\\/MIXSOON-Heartleaf-Toner-raminantis-veido-toneris-su-Houttuynia-Cordata-150-ml.webp\",\"width\":1100,\"height\":1100},{\"@type\":\"BreadcrumbList\",\"@id\":\"https:\\\/\\\/www.malinashop.lt\\\/lt_lt\\\/shop\\\/mixsoon-heartleaf-toner-raminantis-veido-toneris-su-houttuynia-cordata-150-ml\\\/#breadcrumb\",\"itemListElement\":[{\"@type\":\"ListItem\",\"position\":1,\"name\":\"Pagrindinis\",\"item\":\"https:\\\/\\\/www.malinashop.lt\\\/\"},{\"@type\":\"ListItem\",\"position\":2,\"name\":\"Parduotuv\u0117\",\"item\":\"https:\\\/\\\/www.malinashop.lt\\\/en\\\/parduotuve\\\/\"},{\"@type\":\"ListItem\",\"position\":3,\"name\":\"MIXSOON Heartleaf Toner raminantis veido toneris su Houttuynia Cordata, 150 ml\"}]},{\"@type\":\"WebSite\",\"@id\":\"https:\\\/\\\/www.malinashop.lt\\\/#website\",\"url\":\"https:\\\/\\\/www.malinashop.lt\\\/\",\"name\":\"COM Group Ecommerce\",\"description\":\"MalinaShop.lt - Gro\u017eio ir sveikatos produktai i\u0161 patikim\u0173 preki\u0173 \u017eenkl\u0173. Atraskite auk\u0161tos kokyb\u0117s kosmetik\u0105 u\u017e puiki\u0105 kain\u0105.\",\"publisher\":{\"@id\":\"https:\\\/\\\/www.malinashop.lt\\\/#organization\"},\"potentialAction\":[{\"@type\":\"SearchAction\",\"target\":{\"@type\":\"EntryPoint\",\"urlTemplate\":\"https:\\\/\\\/www.malinashop.lt\\\/?s={search_term_string}\"},\"query-input\":{\"@type\":\"PropertyValueSpecification\",\"valueRequired\":true,\"valueName\":\"search_term_string\"}}],\"inLanguage\":\"lt-LT\"},{\"@type\":\"Organization\",\"@id\":\"https:\\\/\\\/www.malinashop.lt\\\/#organization\",\"name\":\"COM Group Ecommerce\",\"url\":\"https:\\\/\\\/www.malinashop.lt\\\/\",\"logo\":{\"@type\":\"ImageObject\",\"inLanguage\":\"lt-LT\",\"@id\":\"https:\\\/\\\/www.malinashop.lt\\\/#\\\/schema\\\/logo\\\/image\\\/\",\"url\":\"https:\\\/\\\/www.malinashop.lt\\\/wp-content\\\/uploads\\\/2024\\\/08\\\/462559670_3787732518133670_9795632669273463_n-e1731525914575.png\",\"contentUrl\":\"https:\\\/\\\/www.malinashop.lt\\\/wp-content\\\/uploads\\\/2024\\\/08\\\/462559670_3787732518133670_9795632669273463_n-e1731525914575.png\",\"width\":180,\"height\":60,\"caption\":\"COM Group Ecommerce\"},\"image\":{\"@id\":\"https:\\\/\\\/www.malinashop.lt\\\/#\\\/schema\\\/logo\\\/image\\\/\"}}]}<\/script>\n<!-- \/ Yoast SEO plugin. -->","yoast_head_json":{"title":"MIXSOON Heartleaf Toner raminantis veido toneris su Houttuynia Cordata, 150 ml - MalinaShop.lt J\u016bs\u0173 sveikatai ir gro\u017eiui.","description":"MIXSOON Heartleaf Toner \u2013 raminantis toneris su Houttuynia Cordata, dr\u0117kina, ma\u017eina sudirgimo poj\u016bt\u012f ir paruo\u0161ia od\u0105 rutinai, 150 ml.","robots":{"index":"index","follow":"follow","max-snippet":"max-snippet:-1","max-image-preview":"max-image-preview:large","max-video-preview":"max-video-preview:-1"},"canonical":"https:\/\/www.malinashop.lt\/lt_lt\/shop\/mixsoon-heartleaf-toner-raminantis-veido-toneris-su-houttuynia-cordata-150-ml\/","og_locale":"lt_LT","og_type":"article","og_title":"MIXSOON Heartleaf Toner raminantis veido toneris su Houttuynia Cordata, 150 ml - MalinaShop.lt J\u016bs\u0173 sveikatai ir gro\u017eiui.","og_description":"MIXSOON Heartleaf Toner \u2013 raminantis toneris su Houttuynia Cordata, dr\u0117kina, ma\u017eina sudirgimo poj\u016bt\u012f ir paruo\u0161ia od\u0105 rutinai, 150 ml.","og_url":"https:\/\/www.malinashop.lt\/lt_lt\/shop\/mixsoon-heartleaf-toner-raminantis-veido-toneris-su-houttuynia-cordata-150-ml\/","og_site_name":"MalinaShop.lt J\u016bs\u0173 sveikatai ir gro\u017eiui.","article_modified_time":"2026-04-07T19:18:00+00:00","og_image":[{"width":1100,"height":1100,"url":"https:\/\/www.malinashop.lt\/wp-content\/uploads\/2026\/02\/MIXSOON-Heartleaf-Toner-raminantis-veido-toneris-su-Houttuynia-Cordata-150-ml.webp","type":"image\/webp"}],"twitter_card":"summary_large_image","schema":{"@context":"https:\/\/schema.org","@graph":[{"@type":"WebPage","@id":"https:\/\/www.malinashop.lt\/lt_lt\/shop\/mixsoon-heartleaf-toner-raminantis-veido-toneris-su-houttuynia-cordata-150-ml\/","url":"https:\/\/www.malinashop.lt\/lt_lt\/shop\/mixsoon-heartleaf-toner-raminantis-veido-toneris-su-houttuynia-cordata-150-ml\/","name":"MIXSOON Heartleaf Toner raminantis veido toneris su Houttuynia Cordata, 150 ml - MalinaShop.lt J\u016bs\u0173 sveikatai ir gro\u017eiui.","isPartOf":{"@id":"https:\/\/www.malinashop.lt\/#website"},"primaryImageOfPage":{"@id":"https:\/\/www.malinashop.lt\/lt_lt\/shop\/mixsoon-heartleaf-toner-raminantis-veido-toneris-su-houttuynia-cordata-150-ml\/#primaryimage"},"image":{"@id":"https:\/\/www.malinashop.lt\/lt_lt\/shop\/mixsoon-heartleaf-toner-raminantis-veido-toneris-su-houttuynia-cordata-150-ml\/#primaryimage"},"thumbnailUrl":"https:\/\/www.malinashop.lt\/wp-content\/uploads\/2026\/02\/MIXSOON-Heartleaf-Toner-raminantis-veido-toneris-su-Houttuynia-Cordata-150-ml.webp","datePublished":"2026-02-19T21:30:03+00:00","dateModified":"2026-04-07T19:18:00+00:00","description":"MIXSOON Heartleaf Toner \u2013 raminantis toneris su Houttuynia Cordata, dr\u0117kina, ma\u017eina sudirgimo poj\u016bt\u012f ir paruo\u0161ia od\u0105 rutinai, 150 ml.","breadcrumb":{"@id":"https:\/\/www.malinashop.lt\/lt_lt\/shop\/mixsoon-heartleaf-toner-raminantis-veido-toneris-su-houttuynia-cordata-150-ml\/#breadcrumb"},"inLanguage":"lt-LT","potentialAction":[{"@type":"ReadAction","target":["https:\/\/www.malinashop.lt\/lt_lt\/shop\/mixsoon-heartleaf-toner-raminantis-veido-toneris-su-houttuynia-cordata-150-ml\/"]}]},{"@type":"ImageObject","inLanguage":"lt-LT","@id":"https:\/\/www.malinashop.lt\/lt_lt\/shop\/mixsoon-heartleaf-toner-raminantis-veido-toneris-su-houttuynia-cordata-150-ml\/#primaryimage","url":"https:\/\/www.malinashop.lt\/wp-content\/uploads\/2026\/02\/MIXSOON-Heartleaf-Toner-raminantis-veido-toneris-su-Houttuynia-Cordata-150-ml.webp","contentUrl":"https:\/\/www.malinashop.lt\/wp-content\/uploads\/2026\/02\/MIXSOON-Heartleaf-Toner-raminantis-veido-toneris-su-Houttuynia-Cordata-150-ml.webp","width":1100,"height":1100},{"@type":"BreadcrumbList","@id":"https:\/\/www.malinashop.lt\/lt_lt\/shop\/mixsoon-heartleaf-toner-raminantis-veido-toneris-su-houttuynia-cordata-150-ml\/#breadcrumb","itemListElement":[{"@type":"ListItem","position":1,"name":"Pagrindinis","item":"https:\/\/www.malinashop.lt\/"},{"@type":"ListItem","position":2,"name":"Parduotuv\u0117","item":"https:\/\/www.malinashop.lt\/en\/parduotuve\/"},{"@type":"ListItem","position":3,"name":"MIXSOON Heartleaf Toner raminantis veido toneris su Houttuynia Cordata, 150 ml"}]},{"@type":"WebSite","@id":"https:\/\/www.malinashop.lt\/#website","url":"https:\/\/www.malinashop.lt\/","name":"COM Group Ecommerce","description":"MalinaShop.lt - Gro\u017eio ir sveikatos produktai i\u0161 patikim\u0173 preki\u0173 \u017eenkl\u0173. Atraskite auk\u0161tos kokyb\u0117s kosmetik\u0105 u\u017e puiki\u0105 kain\u0105.","publisher":{"@id":"https:\/\/www.malinashop.lt\/#organization"},"potentialAction":[{"@type":"SearchAction","target":{"@type":"EntryPoint","urlTemplate":"https:\/\/www.malinashop.lt\/?s={search_term_string}"},"query-input":{"@type":"PropertyValueSpecification","valueRequired":true,"valueName":"search_term_string"}}],"inLanguage":"lt-LT"},{"@type":"Organization","@id":"https:\/\/www.malinashop.lt\/#organization","name":"COM Group Ecommerce","url":"https:\/\/www.malinashop.lt\/","logo":{"@type":"ImageObject","inLanguage":"lt-LT","@id":"https:\/\/www.malinashop.lt\/#\/schema\/logo\/image\/","url":"https:\/\/www.malinashop.lt\/wp-content\/uploads\/2024\/08\/462559670_3787732518133670_9795632669273463_n-e1731525914575.png","contentUrl":"https:\/\/www.malinashop.lt\/wp-content\/uploads\/2024\/08\/462559670_3787732518133670_9795632669273463_n-e1731525914575.png","width":180,"height":60,"caption":"COM Group Ecommerce"},"image":{"@id":"https:\/\/www.malinashop.lt\/#\/schema\/logo\/image\/"}}]}},"jetpack_sharing_enabled":true,"_links":{"self":[{"href":"https:\/\/www.malinashop.lt\/lt_lt\/wp-json\/wp\/v2\/product\/74794","targetHints":{"allow":["GET"]}}],"collection":[{"href":"https:\/\/www.malinashop.lt\/lt_lt\/wp-json\/wp\/v2\/product"}],"about":[{"href":"https:\/\/www.malinashop.lt\/lt_lt\/wp-json\/wp\/v2\/types\/product"}],"version-history":[{"count":1,"href":"https:\/\/www.malinashop.lt\/lt_lt\/wp-json\/wp\/v2\/product\/74794\/revisions"}],"predecessor-version":[{"id":74797,"href":"https:\/\/www.malinashop.lt\/lt_lt\/wp-json\/wp\/v2\/product\/74794\/revisions\/74797"}],"wp:featuredmedia":[{"embeddable":true,"href":"https:\/\/www.malinashop.lt\/lt_lt\/wp-json\/wp\/v2\/media\/74796"}],"wp:attachment":[{"href":"https:\/\/www.malinashop.lt\/lt_lt\/wp-json\/wp\/v2\/media?parent=74794"}],"wp:term":[{"taxonomy":"product_brand","embeddable":true,"href":"https:\/\/www.malinashop.lt\/lt_lt\/wp-json\/wp\/v2\/product_brand?post=74794"},{"taxonomy":"product_cat","embeddable":true,"href":"https:\/\/www.malinashop.lt\/lt_lt\/wp-json\/wp\/v2\/product_cat?post=74794"},{"taxonomy":"product_tag","embeddable":true,"href":"https:\/\/www.malinashop.lt\/lt_lt\/wp-json\/wp\/v2\/product_tag?post=74794"}],"curies":[{"name":"wp","href":"https:\/\/api.w.org\/{rel}","templated":true}]}}