{"id":74790,"date":"2026-02-20T00:19:19","date_gmt":"2026-02-19T21:19:19","guid":{"rendered":"https:\/\/malinashop.lt\/?post_type=product&#038;p=74790"},"modified":"2026-04-07T22:18:01","modified_gmt":"2026-04-07T19:18:01","slug":"mixsoon-spot-clean-care-patch-itin-ploni-pleistrai-spuogams-84-vnt","status":"publish","type":"product","link":"https:\/\/www.malinashop.lt\/lt_lt\/shop\/mixsoon-spot-clean-care-patch-itin-ploni-pleistrai-spuogams-84-vnt\/","title":{"rendered":"MIXSOON Spot Clean Care Patch itin ploni pleistrai spuogams, 84 vnt."},"content":{"rendered":"<p data-start=\"289\" data-end=\"640\">MIXSOON Spot Clean Care Patch \u2013 itin ploni, patog\u016bs pleistrai spuogams, skirti tikslinei problemini\u0173 viet\u0173 prie\u017ei\u016brai. Pleistrai sukuria apsaugin\u012f barjer\u0105, kuris padeda izoliuoti b\u0117rim\u0105 nuo i\u0161orini\u0173 veiksni\u0173: vandens, ne\u0161varum\u0173 ir bakterij\u0173. Tai ypa\u010d naudinga, kai norisi suma\u017einti papildomo sudirginimo rizik\u0105 ir i\u0161laikyti higieni\u0161k\u0105 aplink\u0105 gijimui.<\/p>\n<p data-start=\"642\" data-end=\"882\">D\u0117l plonos strukt\u016bros pleistrai priglunda nat\u016braliai, gerai laikosi ant odos ir tinka kasdieniam naudojimui. Pleistr\u0105 rekomenduojama laikyti tol, kol jis pab\u0105la \u2013 tai \u017eenklas, kad pleistras sug\u0117r\u0117 dr\u0117gm\u0119 ir ne\u0161varumus i\u0161 problemin\u0117s vietos.<\/p>\n<p data-start=\"884\" data-end=\"976\">Komplekte yra du dyd\u017eiai, tod\u0117l lengva pritaikyti tiek ma\u017eesniems, tiek didesniems b\u0117rimams.<\/p>\n<p data-start=\"978\" data-end=\"1006\"><strong data-start=\"978\" data-end=\"1006\">Pagrindiniai privalumai:<\/strong><\/p>\n<ul data-start=\"1007\" data-end=\"1218\">\n<li data-start=\"1007\" data-end=\"1050\">\n<p data-start=\"1009\" data-end=\"1050\">Apsaugo b\u0117rim\u0105 nuo vandens ir bakterij\u0173<\/p>\n<\/li>\n<li data-start=\"1051\" data-end=\"1106\">\n<p data-start=\"1053\" data-end=\"1106\">Padeda palaikyti \u0161vari\u0105 aplink\u0105 greitesniam gijimui<\/p>\n<\/li>\n<li data-start=\"1107\" data-end=\"1141\">\n<p data-start=\"1109\" data-end=\"1141\">Ma\u017eina u\u017edegimo plitimo rizik\u0105<\/p>\n<\/li>\n<li data-start=\"1142\" data-end=\"1184\">\n<p data-start=\"1144\" data-end=\"1184\">Itin ploni, gerai priglunda ir laikosi<\/p>\n<\/li>\n<li data-start=\"1185\" data-end=\"1218\">\n<p data-start=\"1187\" data-end=\"1218\">2 dyd\u017eiai patogiam naudojimui<\/p>\n<\/li>\n<\/ul>\n<p data-start=\"1220\" data-end=\"1370\"><strong data-start=\"1220\" data-end=\"1235\">Naudojimas:<\/strong><br \/>\nU\u017eklijuokite pleistriuk\u0105 ant \u0161varios, sausos odos u\u017edegimin\u0117je vietoje. Laikykite, kol pleistras taps baltas, tuomet pakeiskite nauju.<\/p>\n<p data-start=\"1372\" data-end=\"1436\"><strong data-start=\"1372\" data-end=\"1393\">Kiekis pakuot\u0117je:<\/strong> 84 vnt. (10 mm \u2013 60 vnt., 12 mm \u2013 24 vnt.)<\/p>\n<hr data-start=\"1438\" data-end=\"1441\" \/>\n<h3 data-start=\"1443\" data-end=\"1462\">Sud\u0117tis (INCI):<\/h3>\n<p data-start=\"1463\" data-end=\"1552\">Hydrogenated Styrene\/Methylstyrene\/Indene Copolymer, Cellulose Gum, Polyisobutene, Pectin<\/p>\n","protected":false},"excerpt":{"rendered":"<p data-start=\"115\" data-end=\"261\">Itin ploni spuog\u0173 pleistrai, kurie saugo b\u0117rim\u0105 nuo vandens ir bakterij\u0173, padeda greitesniam gijimui ir ma\u017eina u\u017edegimo plitimo rizik\u0105. 2 dyd\u017eiai.<\/p>\n","protected":false},"featured_media":74792,"template":"","meta":[],"product_brand":[1651],"product_cat":[1136,1652,728],"product_tag":[],"class_list":{"0":"post-74790","1":"product","2":"type-product","3":"status-publish","4":"has-post-thumbnail","6":"product_brand-mixsoon","7":"product_cat-lakstines-veido-kaukes","8":"product_cat-pleistrai-nuo-spuogu","9":"product_cat-veidui","11":"first","12":"instock","13":"taxable","14":"shipping-taxable","15":"purchasable","16":"product-type-simple"},"yoast_head":"<!-- This site is optimized with the Yoast SEO plugin v27.4 - https:\/\/yoast.com\/product\/yoast-seo-wordpress\/ -->\n<title>MIXSOON Spot Clean Care Patch itin ploni pleistrai spuogams, 84 vnt. - MalinaShop.lt J\u016bs\u0173 sveikatai ir gro\u017eiui.<\/title>\n<meta name=\"description\" content=\"MIXSOON Spot Clean Care Patch \u2013 itin ploni pleistrai spuogams, saugo nuo vandens ir bakterij\u0173, padeda grei\u010diau gyti ir ma\u017eina sudirginim\u0105, 84 vnt.\" \/>\n<meta name=\"robots\" content=\"index, follow, max-snippet:-1, max-image-preview:large, max-video-preview:-1\" \/>\n<link rel=\"canonical\" href=\"https:\/\/www.malinashop.lt\/lt_lt\/shop\/mixsoon-spot-clean-care-patch-itin-ploni-pleistrai-spuogams-84-vnt\/\" \/>\n<meta property=\"og:locale\" content=\"lt_LT\" \/>\n<meta property=\"og:type\" content=\"article\" \/>\n<meta property=\"og:title\" content=\"MIXSOON Spot Clean Care Patch itin ploni pleistrai spuogams, 84 vnt. - MalinaShop.lt J\u016bs\u0173 sveikatai ir gro\u017eiui.\" \/>\n<meta property=\"og:description\" content=\"MIXSOON Spot Clean Care Patch \u2013 itin ploni pleistrai spuogams, saugo nuo vandens ir bakterij\u0173, padeda grei\u010diau gyti ir ma\u017eina sudirginim\u0105, 84 vnt.\" \/>\n<meta property=\"og:url\" content=\"https:\/\/www.malinashop.lt\/lt_lt\/shop\/mixsoon-spot-clean-care-patch-itin-ploni-pleistrai-spuogams-84-vnt\/\" \/>\n<meta property=\"og:site_name\" content=\"MalinaShop.lt J\u016bs\u0173 sveikatai ir gro\u017eiui.\" \/>\n<meta property=\"article:modified_time\" content=\"2026-04-07T19:18:01+00:00\" \/>\n<meta property=\"og:image\" content=\"https:\/\/www.malinashop.lt\/wp-content\/uploads\/2026\/02\/MIXSOON-Spot-Clean-Care-Patch-itin-ploni-pleistrai-spuogams-84-vnt.webp\" \/>\n\t<meta property=\"og:image:width\" content=\"1100\" \/>\n\t<meta property=\"og:image:height\" content=\"1100\" \/>\n\t<meta property=\"og:image:type\" content=\"image\/webp\" \/>\n<meta name=\"twitter:card\" content=\"summary_large_image\" \/>\n<script type=\"application\/ld+json\" class=\"yoast-schema-graph\">{\"@context\":\"https:\\\/\\\/schema.org\",\"@graph\":[{\"@type\":\"WebPage\",\"@id\":\"https:\\\/\\\/www.malinashop.lt\\\/lt_lt\\\/shop\\\/mixsoon-spot-clean-care-patch-itin-ploni-pleistrai-spuogams-84-vnt\\\/\",\"url\":\"https:\\\/\\\/www.malinashop.lt\\\/lt_lt\\\/shop\\\/mixsoon-spot-clean-care-patch-itin-ploni-pleistrai-spuogams-84-vnt\\\/\",\"name\":\"MIXSOON Spot Clean Care Patch itin ploni pleistrai spuogams, 84 vnt. - MalinaShop.lt J\u016bs\u0173 sveikatai ir gro\u017eiui.\",\"isPartOf\":{\"@id\":\"https:\\\/\\\/www.malinashop.lt\\\/#website\"},\"primaryImageOfPage\":{\"@id\":\"https:\\\/\\\/www.malinashop.lt\\\/lt_lt\\\/shop\\\/mixsoon-spot-clean-care-patch-itin-ploni-pleistrai-spuogams-84-vnt\\\/#primaryimage\"},\"image\":{\"@id\":\"https:\\\/\\\/www.malinashop.lt\\\/lt_lt\\\/shop\\\/mixsoon-spot-clean-care-patch-itin-ploni-pleistrai-spuogams-84-vnt\\\/#primaryimage\"},\"thumbnailUrl\":\"https:\\\/\\\/www.malinashop.lt\\\/wp-content\\\/uploads\\\/2026\\\/02\\\/MIXSOON-Spot-Clean-Care-Patch-itin-ploni-pleistrai-spuogams-84-vnt.webp\",\"datePublished\":\"2026-02-19T21:19:19+00:00\",\"dateModified\":\"2026-04-07T19:18:01+00:00\",\"description\":\"MIXSOON Spot Clean Care Patch \u2013 itin ploni pleistrai spuogams, saugo nuo vandens ir bakterij\u0173, padeda grei\u010diau gyti ir ma\u017eina sudirginim\u0105, 84 vnt.\",\"breadcrumb\":{\"@id\":\"https:\\\/\\\/www.malinashop.lt\\\/lt_lt\\\/shop\\\/mixsoon-spot-clean-care-patch-itin-ploni-pleistrai-spuogams-84-vnt\\\/#breadcrumb\"},\"inLanguage\":\"lt-LT\",\"potentialAction\":[{\"@type\":\"ReadAction\",\"target\":[\"https:\\\/\\\/www.malinashop.lt\\\/lt_lt\\\/shop\\\/mixsoon-spot-clean-care-patch-itin-ploni-pleistrai-spuogams-84-vnt\\\/\"]}]},{\"@type\":\"ImageObject\",\"inLanguage\":\"lt-LT\",\"@id\":\"https:\\\/\\\/www.malinashop.lt\\\/lt_lt\\\/shop\\\/mixsoon-spot-clean-care-patch-itin-ploni-pleistrai-spuogams-84-vnt\\\/#primaryimage\",\"url\":\"https:\\\/\\\/www.malinashop.lt\\\/wp-content\\\/uploads\\\/2026\\\/02\\\/MIXSOON-Spot-Clean-Care-Patch-itin-ploni-pleistrai-spuogams-84-vnt.webp\",\"contentUrl\":\"https:\\\/\\\/www.malinashop.lt\\\/wp-content\\\/uploads\\\/2026\\\/02\\\/MIXSOON-Spot-Clean-Care-Patch-itin-ploni-pleistrai-spuogams-84-vnt.webp\",\"width\":1100,\"height\":1100},{\"@type\":\"BreadcrumbList\",\"@id\":\"https:\\\/\\\/www.malinashop.lt\\\/lt_lt\\\/shop\\\/mixsoon-spot-clean-care-patch-itin-ploni-pleistrai-spuogams-84-vnt\\\/#breadcrumb\",\"itemListElement\":[{\"@type\":\"ListItem\",\"position\":1,\"name\":\"Pagrindinis\",\"item\":\"https:\\\/\\\/www.malinashop.lt\\\/\"},{\"@type\":\"ListItem\",\"position\":2,\"name\":\"Parduotuv\u0117\",\"item\":\"https:\\\/\\\/www.malinashop.lt\\\/en\\\/parduotuve\\\/\"},{\"@type\":\"ListItem\",\"position\":3,\"name\":\"MIXSOON Spot Clean Care Patch itin ploni pleistrai spuogams, 84 vnt.\"}]},{\"@type\":\"WebSite\",\"@id\":\"https:\\\/\\\/www.malinashop.lt\\\/#website\",\"url\":\"https:\\\/\\\/www.malinashop.lt\\\/\",\"name\":\"COM Group Ecommerce\",\"description\":\"MalinaShop.lt - Gro\u017eio ir sveikatos produktai i\u0161 patikim\u0173 preki\u0173 \u017eenkl\u0173. Atraskite auk\u0161tos kokyb\u0117s kosmetik\u0105 u\u017e puiki\u0105 kain\u0105.\",\"publisher\":{\"@id\":\"https:\\\/\\\/www.malinashop.lt\\\/#organization\"},\"potentialAction\":[{\"@type\":\"SearchAction\",\"target\":{\"@type\":\"EntryPoint\",\"urlTemplate\":\"https:\\\/\\\/www.malinashop.lt\\\/?s={search_term_string}\"},\"query-input\":{\"@type\":\"PropertyValueSpecification\",\"valueRequired\":true,\"valueName\":\"search_term_string\"}}],\"inLanguage\":\"lt-LT\"},{\"@type\":\"Organization\",\"@id\":\"https:\\\/\\\/www.malinashop.lt\\\/#organization\",\"name\":\"COM Group Ecommerce\",\"url\":\"https:\\\/\\\/www.malinashop.lt\\\/\",\"logo\":{\"@type\":\"ImageObject\",\"inLanguage\":\"lt-LT\",\"@id\":\"https:\\\/\\\/www.malinashop.lt\\\/#\\\/schema\\\/logo\\\/image\\\/\",\"url\":\"https:\\\/\\\/www.malinashop.lt\\\/wp-content\\\/uploads\\\/2024\\\/08\\\/462559670_3787732518133670_9795632669273463_n-e1731525914575.png\",\"contentUrl\":\"https:\\\/\\\/www.malinashop.lt\\\/wp-content\\\/uploads\\\/2024\\\/08\\\/462559670_3787732518133670_9795632669273463_n-e1731525914575.png\",\"width\":180,\"height\":60,\"caption\":\"COM Group Ecommerce\"},\"image\":{\"@id\":\"https:\\\/\\\/www.malinashop.lt\\\/#\\\/schema\\\/logo\\\/image\\\/\"}}]}<\/script>\n<!-- \/ Yoast SEO plugin. -->","yoast_head_json":{"title":"MIXSOON Spot Clean Care Patch itin ploni pleistrai spuogams, 84 vnt. - MalinaShop.lt J\u016bs\u0173 sveikatai ir gro\u017eiui.","description":"MIXSOON Spot Clean Care Patch \u2013 itin ploni pleistrai spuogams, saugo nuo vandens ir bakterij\u0173, padeda grei\u010diau gyti ir ma\u017eina sudirginim\u0105, 84 vnt.","robots":{"index":"index","follow":"follow","max-snippet":"max-snippet:-1","max-image-preview":"max-image-preview:large","max-video-preview":"max-video-preview:-1"},"canonical":"https:\/\/www.malinashop.lt\/lt_lt\/shop\/mixsoon-spot-clean-care-patch-itin-ploni-pleistrai-spuogams-84-vnt\/","og_locale":"lt_LT","og_type":"article","og_title":"MIXSOON Spot Clean Care Patch itin ploni pleistrai spuogams, 84 vnt. - MalinaShop.lt J\u016bs\u0173 sveikatai ir gro\u017eiui.","og_description":"MIXSOON Spot Clean Care Patch \u2013 itin ploni pleistrai spuogams, saugo nuo vandens ir bakterij\u0173, padeda grei\u010diau gyti ir ma\u017eina sudirginim\u0105, 84 vnt.","og_url":"https:\/\/www.malinashop.lt\/lt_lt\/shop\/mixsoon-spot-clean-care-patch-itin-ploni-pleistrai-spuogams-84-vnt\/","og_site_name":"MalinaShop.lt J\u016bs\u0173 sveikatai ir gro\u017eiui.","article_modified_time":"2026-04-07T19:18:01+00:00","og_image":[{"width":1100,"height":1100,"url":"https:\/\/www.malinashop.lt\/wp-content\/uploads\/2026\/02\/MIXSOON-Spot-Clean-Care-Patch-itin-ploni-pleistrai-spuogams-84-vnt.webp","type":"image\/webp"}],"twitter_card":"summary_large_image","schema":{"@context":"https:\/\/schema.org","@graph":[{"@type":"WebPage","@id":"https:\/\/www.malinashop.lt\/lt_lt\/shop\/mixsoon-spot-clean-care-patch-itin-ploni-pleistrai-spuogams-84-vnt\/","url":"https:\/\/www.malinashop.lt\/lt_lt\/shop\/mixsoon-spot-clean-care-patch-itin-ploni-pleistrai-spuogams-84-vnt\/","name":"MIXSOON Spot Clean Care Patch itin ploni pleistrai spuogams, 84 vnt. - MalinaShop.lt J\u016bs\u0173 sveikatai ir gro\u017eiui.","isPartOf":{"@id":"https:\/\/www.malinashop.lt\/#website"},"primaryImageOfPage":{"@id":"https:\/\/www.malinashop.lt\/lt_lt\/shop\/mixsoon-spot-clean-care-patch-itin-ploni-pleistrai-spuogams-84-vnt\/#primaryimage"},"image":{"@id":"https:\/\/www.malinashop.lt\/lt_lt\/shop\/mixsoon-spot-clean-care-patch-itin-ploni-pleistrai-spuogams-84-vnt\/#primaryimage"},"thumbnailUrl":"https:\/\/www.malinashop.lt\/wp-content\/uploads\/2026\/02\/MIXSOON-Spot-Clean-Care-Patch-itin-ploni-pleistrai-spuogams-84-vnt.webp","datePublished":"2026-02-19T21:19:19+00:00","dateModified":"2026-04-07T19:18:01+00:00","description":"MIXSOON Spot Clean Care Patch \u2013 itin ploni pleistrai spuogams, saugo nuo vandens ir bakterij\u0173, padeda grei\u010diau gyti ir ma\u017eina sudirginim\u0105, 84 vnt.","breadcrumb":{"@id":"https:\/\/www.malinashop.lt\/lt_lt\/shop\/mixsoon-spot-clean-care-patch-itin-ploni-pleistrai-spuogams-84-vnt\/#breadcrumb"},"inLanguage":"lt-LT","potentialAction":[{"@type":"ReadAction","target":["https:\/\/www.malinashop.lt\/lt_lt\/shop\/mixsoon-spot-clean-care-patch-itin-ploni-pleistrai-spuogams-84-vnt\/"]}]},{"@type":"ImageObject","inLanguage":"lt-LT","@id":"https:\/\/www.malinashop.lt\/lt_lt\/shop\/mixsoon-spot-clean-care-patch-itin-ploni-pleistrai-spuogams-84-vnt\/#primaryimage","url":"https:\/\/www.malinashop.lt\/wp-content\/uploads\/2026\/02\/MIXSOON-Spot-Clean-Care-Patch-itin-ploni-pleistrai-spuogams-84-vnt.webp","contentUrl":"https:\/\/www.malinashop.lt\/wp-content\/uploads\/2026\/02\/MIXSOON-Spot-Clean-Care-Patch-itin-ploni-pleistrai-spuogams-84-vnt.webp","width":1100,"height":1100},{"@type":"BreadcrumbList","@id":"https:\/\/www.malinashop.lt\/lt_lt\/shop\/mixsoon-spot-clean-care-patch-itin-ploni-pleistrai-spuogams-84-vnt\/#breadcrumb","itemListElement":[{"@type":"ListItem","position":1,"name":"Pagrindinis","item":"https:\/\/www.malinashop.lt\/"},{"@type":"ListItem","position":2,"name":"Parduotuv\u0117","item":"https:\/\/www.malinashop.lt\/en\/parduotuve\/"},{"@type":"ListItem","position":3,"name":"MIXSOON Spot Clean Care Patch itin ploni pleistrai spuogams, 84 vnt."}]},{"@type":"WebSite","@id":"https:\/\/www.malinashop.lt\/#website","url":"https:\/\/www.malinashop.lt\/","name":"COM Group Ecommerce","description":"MalinaShop.lt - Gro\u017eio ir sveikatos produktai i\u0161 patikim\u0173 preki\u0173 \u017eenkl\u0173. Atraskite auk\u0161tos kokyb\u0117s kosmetik\u0105 u\u017e puiki\u0105 kain\u0105.","publisher":{"@id":"https:\/\/www.malinashop.lt\/#organization"},"potentialAction":[{"@type":"SearchAction","target":{"@type":"EntryPoint","urlTemplate":"https:\/\/www.malinashop.lt\/?s={search_term_string}"},"query-input":{"@type":"PropertyValueSpecification","valueRequired":true,"valueName":"search_term_string"}}],"inLanguage":"lt-LT"},{"@type":"Organization","@id":"https:\/\/www.malinashop.lt\/#organization","name":"COM Group Ecommerce","url":"https:\/\/www.malinashop.lt\/","logo":{"@type":"ImageObject","inLanguage":"lt-LT","@id":"https:\/\/www.malinashop.lt\/#\/schema\/logo\/image\/","url":"https:\/\/www.malinashop.lt\/wp-content\/uploads\/2024\/08\/462559670_3787732518133670_9795632669273463_n-e1731525914575.png","contentUrl":"https:\/\/www.malinashop.lt\/wp-content\/uploads\/2024\/08\/462559670_3787732518133670_9795632669273463_n-e1731525914575.png","width":180,"height":60,"caption":"COM Group Ecommerce"},"image":{"@id":"https:\/\/www.malinashop.lt\/#\/schema\/logo\/image\/"}}]}},"jetpack_sharing_enabled":true,"_links":{"self":[{"href":"https:\/\/www.malinashop.lt\/lt_lt\/wp-json\/wp\/v2\/product\/74790","targetHints":{"allow":["GET"]}}],"collection":[{"href":"https:\/\/www.malinashop.lt\/lt_lt\/wp-json\/wp\/v2\/product"}],"about":[{"href":"https:\/\/www.malinashop.lt\/lt_lt\/wp-json\/wp\/v2\/types\/product"}],"version-history":[{"count":1,"href":"https:\/\/www.malinashop.lt\/lt_lt\/wp-json\/wp\/v2\/product\/74790\/revisions"}],"predecessor-version":[{"id":74793,"href":"https:\/\/www.malinashop.lt\/lt_lt\/wp-json\/wp\/v2\/product\/74790\/revisions\/74793"}],"wp:featuredmedia":[{"embeddable":true,"href":"https:\/\/www.malinashop.lt\/lt_lt\/wp-json\/wp\/v2\/media\/74792"}],"wp:attachment":[{"href":"https:\/\/www.malinashop.lt\/lt_lt\/wp-json\/wp\/v2\/media?parent=74790"}],"wp:term":[{"taxonomy":"product_brand","embeddable":true,"href":"https:\/\/www.malinashop.lt\/lt_lt\/wp-json\/wp\/v2\/product_brand?post=74790"},{"taxonomy":"product_cat","embeddable":true,"href":"https:\/\/www.malinashop.lt\/lt_lt\/wp-json\/wp\/v2\/product_cat?post=74790"},{"taxonomy":"product_tag","embeddable":true,"href":"https:\/\/www.malinashop.lt\/lt_lt\/wp-json\/wp\/v2\/product_tag?post=74790"}],"curies":[{"name":"wp","href":"https:\/\/api.w.org\/{rel}","templated":true}]}}