{"id":74773,"date":"2026-02-19T23:57:14","date_gmt":"2026-02-19T20:57:14","guid":{"rendered":"https:\/\/malinashop.lt\/?post_type=product&#038;p=74773"},"modified":"2026-04-07T22:18:01","modified_gmt":"2026-04-07T19:18:01","slug":"tirtir-ceramic-milk-ampoule-maitinamoji-veido-ampule-su-keramidais-ir-peptidais-40-ml","status":"publish","type":"product","link":"https:\/\/www.malinashop.lt\/lt_lt\/shop\/tirtir-ceramic-milk-ampoule-maitinamoji-veido-ampule-su-keramidais-ir-peptidais-40-ml\/","title":{"rendered":"TIRTIR Ceramic Milk Ampoule maitinamoji veido ampul\u0117 su keramidais ir peptidais, 40 ml"},"content":{"rendered":"<p data-start=\"319\" data-end=\"662\">TIRTIR Ceramic Milk Ampoule \u2013 \u0161velnios pieni\u0161kos tekst\u016bros veido ampul\u0117, skirta intensyviam odos maitinimui ir barjero stiprinimui. Priemon\u0117 sukurta tada, kai oda jau\u010diasi i\u0161saus\u0117jusi, tempia, yra jautresn\u0117 ar nusilpusi nuo i\u0161orini\u0173 veiksni\u0173. Ampul\u0117 greitai suteikia komforto poj\u016bt\u012f, padeda palaikyti dr\u0117gm\u0117s balans\u0105 ir stipresn\u0119 odos apsaug\u0105.<\/p>\n<p data-start=\"664\" data-end=\"1076\">Formul\u0117 praturtinta fitoamino r\u016bg\u0161\u010di\u0173 kompleksu ir peptidais, kurie padeda palaikyti odos elastingum\u0105 ir atsinaujinimo procesus. Maitinamoji dalis papildyta \u201eaugalini\u0173 pieno pakaital\u0173\u201c kompleksu: soj\u0173 fermentu, migdol\u0173, avi\u017e\u0173 ekstraktais bei ry\u017ei\u0173 s\u0117len\u0173 aliejumi. Skvalanas ir net 6 r\u016b\u0161i\u0173 keramid\u0173 kompleksas (su cholesteroliu ir fitosfingozinu) padeda stiprinti apsaugin\u012f barjer\u0105 ir ma\u017einti i\u0161saus\u0117jimo poj\u016bt\u012f.<\/p>\n<p data-start=\"1078\" data-end=\"1283\">Ampul\u0119 rekomenduojama suplakti prie\u0161 naudojim\u0105 \u2013 tuomet pieni\u0161ka tekst\u016bra tolygiai pasiskirsto ir lengvai \u012fsigeria, palikdama od\u0105 mink\u0161t\u0105, pamaitint\u0105 ir \u0161velniai \u0161vytin\u010di\u0105. Ypa\u010d rekomenduojama sausai odai.<\/p>\n<p data-start=\"1285\" data-end=\"1313\"><strong data-start=\"1285\" data-end=\"1313\">Pagrindiniai privalumai:<\/strong><\/p>\n<ul data-start=\"1314\" data-end=\"1594\">\n<li data-start=\"1314\" data-end=\"1369\">\n<p data-start=\"1316\" data-end=\"1369\">Giliai dr\u0117kina ir maitina, suteikia komforto poj\u016bt\u012f<\/p>\n<\/li>\n<li data-start=\"1370\" data-end=\"1425\">\n<p data-start=\"1372\" data-end=\"1425\">Padeda stiprinti odos barjer\u0105 (keramid\u0173 kompleksas)<\/p>\n<\/li>\n<li data-start=\"1426\" data-end=\"1485\">\n<p data-start=\"1428\" data-end=\"1485\">Su peptidais ir fitoamino r\u016bg\u0161timis odos b\u016bklei gerinti<\/p>\n<\/li>\n<li data-start=\"1486\" data-end=\"1533\">\n<p data-start=\"1488\" data-end=\"1533\">Skvalanas padeda ma\u017einti i\u0161saus\u0117jimo poj\u016bt\u012f<\/p>\n<\/li>\n<li data-start=\"1534\" data-end=\"1594\">\n<p data-start=\"1536\" data-end=\"1594\">Idealu sausai, dehidratuotai ir barjer\u0105 praradusiai odai<\/p>\n<\/li>\n<\/ul>\n<p data-start=\"1596\" data-end=\"1752\"><strong data-start=\"1596\" data-end=\"1611\">Naudojimas:<\/strong><br \/>\nPrie\u0161 naudojim\u0105 gerai suplakite. Tepkite ant \u0161varios ir tonizuotos veido odos, tolygiai paskirstykite ir \u0161velniai \u012ftap\u0161nokite, kol susigers.<\/p>\n<p data-start=\"1754\" data-end=\"1770\"><strong data-start=\"1754\" data-end=\"1764\">Talpa:<\/strong> 40 ml<\/p>\n<hr data-start=\"1772\" data-end=\"1775\" \/>\n<h3 data-start=\"1777\" data-end=\"1796\">Sud\u0117tis (INCI):<\/h3>\n<p data-start=\"1797\" data-end=\"3266\">Aqua\/Water\/Eau, Isopropyl Myristate, Polyglyceryl-2 Dipolyhydroxystearate, Oryza Sativa (Rice) Bran Oil, Polyglyceryl-4 Isostearate, Polyglyceryl-3 Polyricinoleate, Glycerin, Butylene Glycol, Caprylic\/Capric Triglyceride, Niacinamide, Dimer Dilinoleyl Dimer Dilinoleate, Benzyl Glycol, 1,2-Hexanediol, Maltodextrin, Persea Gratissima (Avocado) Fruit Extract, Ethylhexylglycerin, Lactobacillus\/Soymilk Ferment Filtrate, Adenosine, Squalane, Avena Sativa (Oat) Meal Extract, Oryza Sativa (Rice) Extract, Prunus Amygdalus Dulcis (Sweet Almond) Seed Extract, Moringa Oleifera Seed Extract, Hydrogenated Lecithin, Collagen, Cetearyl Alcohol, Saccharomyces\/Viscum Album Ferment Extract, Theobroma Cacao (Cocoa) Extract, Pyrus Malus (Apple) Leaf Extract, Vanilla Planifolia Fruit Extract, Leuconostoc\/Radish Root Ferment Filtrate, Stearic Acid, Lactobacillus\/Soybean Ferment Extract, Fragaria Chiloensis (Strawberry) Fruit Extract, Saccharomyces\/Imperata Cylindrica Root Ferment Extract, Prunus Persica (Peach) Fruit Extract, Musa Sapientum (Banana) Fruit Extract, Propanediol, Cocos Nucifera (Coconut) Oil, Prunus Domestica Fruit Extract, Ethylhexanediol, Ceramide NP, Chamomilla Recutita (Matricaria) Flower Extract, Cholesterol, Phytosphingosine, Ceramide NG, Ceramide NS, Ceramide AS, Ceramide AP, Alanine, Leucine, Valine, Proline, Ornithine, Histidine, Arginine, Methionine, Taurine, Serine, Glutamic Acid, Glycine, Isoleucine, Phenylalanine, Aspartic Acid, Ceramide EOP<\/p>\n","protected":false},"excerpt":{"rendered":"<p data-start=\"133\" data-end=\"291\">Pieni\u0161kos tekst\u016bros ampul\u0117 su fitoamino r\u016bg\u0161\u010di\u0173 kompleksu, peptidais ir 6 r\u016b\u0161i\u0173 keramidais. Giliai dr\u0117kina, ramina ir stiprina odos barjer\u0105, ypa\u010d sausai odai.<\/p>\n","protected":false},"featured_media":74776,"template":"","meta":[],"product_brand":[1647],"product_cat":[550,728],"product_tag":[],"class_list":{"0":"post-74773","1":"product","2":"type-product","3":"status-publish","4":"has-post-thumbnail","6":"product_brand-tirtir","7":"product_cat-veido-serumai","8":"product_cat-veidui","10":"first","11":"instock","12":"taxable","13":"shipping-taxable","14":"purchasable","15":"product-type-simple"},"yoast_head":"<!-- This site is optimized with the Yoast SEO plugin v27.4 - https:\/\/yoast.com\/product\/yoast-seo-wordpress\/ -->\n<title>TIRTIR Ceramic Milk Ampoule maitinamoji veido ampul\u0117 su keramidais ir peptidais, 40 ml - MalinaShop.lt J\u016bs\u0173 sveikatai ir gro\u017eiui.<\/title>\n<meta name=\"description\" content=\"TIRTIR Ceramic Milk Ampoule \u2013 pieni\u0161ka ampul\u0117 su keramidais ir peptidais, giliai dr\u0117kina, maitina ir stiprina odos barjer\u0105, 40 ml.\" \/>\n<meta name=\"robots\" content=\"index, follow, max-snippet:-1, max-image-preview:large, max-video-preview:-1\" \/>\n<link rel=\"canonical\" href=\"https:\/\/www.malinashop.lt\/lt_lt\/shop\/tirtir-ceramic-milk-ampoule-maitinamoji-veido-ampule-su-keramidais-ir-peptidais-40-ml\/\" \/>\n<meta property=\"og:locale\" content=\"lt_LT\" \/>\n<meta property=\"og:type\" content=\"article\" \/>\n<meta property=\"og:title\" content=\"TIRTIR Ceramic Milk Ampoule maitinamoji veido ampul\u0117 su keramidais ir peptidais, 40 ml - MalinaShop.lt J\u016bs\u0173 sveikatai ir gro\u017eiui.\" \/>\n<meta property=\"og:description\" content=\"TIRTIR Ceramic Milk Ampoule \u2013 pieni\u0161ka ampul\u0117 su keramidais ir peptidais, giliai dr\u0117kina, maitina ir stiprina odos barjer\u0105, 40 ml.\" \/>\n<meta property=\"og:url\" content=\"https:\/\/www.malinashop.lt\/lt_lt\/shop\/tirtir-ceramic-milk-ampoule-maitinamoji-veido-ampule-su-keramidais-ir-peptidais-40-ml\/\" \/>\n<meta property=\"og:site_name\" content=\"MalinaShop.lt J\u016bs\u0173 sveikatai ir gro\u017eiui.\" \/>\n<meta property=\"article:modified_time\" content=\"2026-04-07T19:18:01+00:00\" \/>\n<meta property=\"og:image\" content=\"https:\/\/www.malinashop.lt\/wp-content\/uploads\/2026\/02\/TIRTIR-Ceramic-Milk-Ampoule-maitinamoji-veido-ampule-su-keramidais-ir-peptidais-40-ml.webp\" \/>\n\t<meta property=\"og:image:width\" content=\"1100\" \/>\n\t<meta property=\"og:image:height\" content=\"1100\" \/>\n\t<meta property=\"og:image:type\" content=\"image\/webp\" \/>\n<meta name=\"twitter:card\" content=\"summary_large_image\" \/>\n<script type=\"application\/ld+json\" class=\"yoast-schema-graph\">{\"@context\":\"https:\\\/\\\/schema.org\",\"@graph\":[{\"@type\":\"WebPage\",\"@id\":\"https:\\\/\\\/www.malinashop.lt\\\/lt_lt\\\/shop\\\/tirtir-ceramic-milk-ampoule-maitinamoji-veido-ampule-su-keramidais-ir-peptidais-40-ml\\\/\",\"url\":\"https:\\\/\\\/www.malinashop.lt\\\/lt_lt\\\/shop\\\/tirtir-ceramic-milk-ampoule-maitinamoji-veido-ampule-su-keramidais-ir-peptidais-40-ml\\\/\",\"name\":\"TIRTIR Ceramic Milk Ampoule maitinamoji veido ampul\u0117 su keramidais ir peptidais, 40 ml - MalinaShop.lt J\u016bs\u0173 sveikatai ir gro\u017eiui.\",\"isPartOf\":{\"@id\":\"https:\\\/\\\/www.malinashop.lt\\\/#website\"},\"primaryImageOfPage\":{\"@id\":\"https:\\\/\\\/www.malinashop.lt\\\/lt_lt\\\/shop\\\/tirtir-ceramic-milk-ampoule-maitinamoji-veido-ampule-su-keramidais-ir-peptidais-40-ml\\\/#primaryimage\"},\"image\":{\"@id\":\"https:\\\/\\\/www.malinashop.lt\\\/lt_lt\\\/shop\\\/tirtir-ceramic-milk-ampoule-maitinamoji-veido-ampule-su-keramidais-ir-peptidais-40-ml\\\/#primaryimage\"},\"thumbnailUrl\":\"https:\\\/\\\/www.malinashop.lt\\\/wp-content\\\/uploads\\\/2026\\\/02\\\/TIRTIR-Ceramic-Milk-Ampoule-maitinamoji-veido-ampule-su-keramidais-ir-peptidais-40-ml.webp\",\"datePublished\":\"2026-02-19T20:57:14+00:00\",\"dateModified\":\"2026-04-07T19:18:01+00:00\",\"description\":\"TIRTIR Ceramic Milk Ampoule \u2013 pieni\u0161ka ampul\u0117 su keramidais ir peptidais, giliai dr\u0117kina, maitina ir stiprina odos barjer\u0105, 40 ml.\",\"breadcrumb\":{\"@id\":\"https:\\\/\\\/www.malinashop.lt\\\/lt_lt\\\/shop\\\/tirtir-ceramic-milk-ampoule-maitinamoji-veido-ampule-su-keramidais-ir-peptidais-40-ml\\\/#breadcrumb\"},\"inLanguage\":\"lt-LT\",\"potentialAction\":[{\"@type\":\"ReadAction\",\"target\":[\"https:\\\/\\\/www.malinashop.lt\\\/lt_lt\\\/shop\\\/tirtir-ceramic-milk-ampoule-maitinamoji-veido-ampule-su-keramidais-ir-peptidais-40-ml\\\/\"]}]},{\"@type\":\"ImageObject\",\"inLanguage\":\"lt-LT\",\"@id\":\"https:\\\/\\\/www.malinashop.lt\\\/lt_lt\\\/shop\\\/tirtir-ceramic-milk-ampoule-maitinamoji-veido-ampule-su-keramidais-ir-peptidais-40-ml\\\/#primaryimage\",\"url\":\"https:\\\/\\\/www.malinashop.lt\\\/wp-content\\\/uploads\\\/2026\\\/02\\\/TIRTIR-Ceramic-Milk-Ampoule-maitinamoji-veido-ampule-su-keramidais-ir-peptidais-40-ml.webp\",\"contentUrl\":\"https:\\\/\\\/www.malinashop.lt\\\/wp-content\\\/uploads\\\/2026\\\/02\\\/TIRTIR-Ceramic-Milk-Ampoule-maitinamoji-veido-ampule-su-keramidais-ir-peptidais-40-ml.webp\",\"width\":1100,\"height\":1100},{\"@type\":\"BreadcrumbList\",\"@id\":\"https:\\\/\\\/www.malinashop.lt\\\/lt_lt\\\/shop\\\/tirtir-ceramic-milk-ampoule-maitinamoji-veido-ampule-su-keramidais-ir-peptidais-40-ml\\\/#breadcrumb\",\"itemListElement\":[{\"@type\":\"ListItem\",\"position\":1,\"name\":\"Pagrindinis\",\"item\":\"https:\\\/\\\/www.malinashop.lt\\\/\"},{\"@type\":\"ListItem\",\"position\":2,\"name\":\"Parduotuv\u0117\",\"item\":\"https:\\\/\\\/www.malinashop.lt\\\/en\\\/parduotuve\\\/\"},{\"@type\":\"ListItem\",\"position\":3,\"name\":\"TIRTIR Ceramic Milk Ampoule maitinamoji veido ampul\u0117 su keramidais ir peptidais, 40 ml\"}]},{\"@type\":\"WebSite\",\"@id\":\"https:\\\/\\\/www.malinashop.lt\\\/#website\",\"url\":\"https:\\\/\\\/www.malinashop.lt\\\/\",\"name\":\"COM Group Ecommerce\",\"description\":\"MalinaShop.lt - Gro\u017eio ir sveikatos produktai i\u0161 patikim\u0173 preki\u0173 \u017eenkl\u0173. Atraskite auk\u0161tos kokyb\u0117s kosmetik\u0105 u\u017e puiki\u0105 kain\u0105.\",\"publisher\":{\"@id\":\"https:\\\/\\\/www.malinashop.lt\\\/#organization\"},\"potentialAction\":[{\"@type\":\"SearchAction\",\"target\":{\"@type\":\"EntryPoint\",\"urlTemplate\":\"https:\\\/\\\/www.malinashop.lt\\\/?s={search_term_string}\"},\"query-input\":{\"@type\":\"PropertyValueSpecification\",\"valueRequired\":true,\"valueName\":\"search_term_string\"}}],\"inLanguage\":\"lt-LT\"},{\"@type\":\"Organization\",\"@id\":\"https:\\\/\\\/www.malinashop.lt\\\/#organization\",\"name\":\"COM Group Ecommerce\",\"url\":\"https:\\\/\\\/www.malinashop.lt\\\/\",\"logo\":{\"@type\":\"ImageObject\",\"inLanguage\":\"lt-LT\",\"@id\":\"https:\\\/\\\/www.malinashop.lt\\\/#\\\/schema\\\/logo\\\/image\\\/\",\"url\":\"https:\\\/\\\/www.malinashop.lt\\\/wp-content\\\/uploads\\\/2024\\\/08\\\/462559670_3787732518133670_9795632669273463_n-e1731525914575.png\",\"contentUrl\":\"https:\\\/\\\/www.malinashop.lt\\\/wp-content\\\/uploads\\\/2024\\\/08\\\/462559670_3787732518133670_9795632669273463_n-e1731525914575.png\",\"width\":180,\"height\":60,\"caption\":\"COM Group Ecommerce\"},\"image\":{\"@id\":\"https:\\\/\\\/www.malinashop.lt\\\/#\\\/schema\\\/logo\\\/image\\\/\"}}]}<\/script>\n<!-- \/ Yoast SEO plugin. -->","yoast_head_json":{"title":"TIRTIR Ceramic Milk Ampoule maitinamoji veido ampul\u0117 su keramidais ir peptidais, 40 ml - MalinaShop.lt J\u016bs\u0173 sveikatai ir gro\u017eiui.","description":"TIRTIR Ceramic Milk Ampoule \u2013 pieni\u0161ka ampul\u0117 su keramidais ir peptidais, giliai dr\u0117kina, maitina ir stiprina odos barjer\u0105, 40 ml.","robots":{"index":"index","follow":"follow","max-snippet":"max-snippet:-1","max-image-preview":"max-image-preview:large","max-video-preview":"max-video-preview:-1"},"canonical":"https:\/\/www.malinashop.lt\/lt_lt\/shop\/tirtir-ceramic-milk-ampoule-maitinamoji-veido-ampule-su-keramidais-ir-peptidais-40-ml\/","og_locale":"lt_LT","og_type":"article","og_title":"TIRTIR Ceramic Milk Ampoule maitinamoji veido ampul\u0117 su keramidais ir peptidais, 40 ml - MalinaShop.lt J\u016bs\u0173 sveikatai ir gro\u017eiui.","og_description":"TIRTIR Ceramic Milk Ampoule \u2013 pieni\u0161ka ampul\u0117 su keramidais ir peptidais, giliai dr\u0117kina, maitina ir stiprina odos barjer\u0105, 40 ml.","og_url":"https:\/\/www.malinashop.lt\/lt_lt\/shop\/tirtir-ceramic-milk-ampoule-maitinamoji-veido-ampule-su-keramidais-ir-peptidais-40-ml\/","og_site_name":"MalinaShop.lt J\u016bs\u0173 sveikatai ir gro\u017eiui.","article_modified_time":"2026-04-07T19:18:01+00:00","og_image":[{"width":1100,"height":1100,"url":"https:\/\/www.malinashop.lt\/wp-content\/uploads\/2026\/02\/TIRTIR-Ceramic-Milk-Ampoule-maitinamoji-veido-ampule-su-keramidais-ir-peptidais-40-ml.webp","type":"image\/webp"}],"twitter_card":"summary_large_image","schema":{"@context":"https:\/\/schema.org","@graph":[{"@type":"WebPage","@id":"https:\/\/www.malinashop.lt\/lt_lt\/shop\/tirtir-ceramic-milk-ampoule-maitinamoji-veido-ampule-su-keramidais-ir-peptidais-40-ml\/","url":"https:\/\/www.malinashop.lt\/lt_lt\/shop\/tirtir-ceramic-milk-ampoule-maitinamoji-veido-ampule-su-keramidais-ir-peptidais-40-ml\/","name":"TIRTIR Ceramic Milk Ampoule maitinamoji veido ampul\u0117 su keramidais ir peptidais, 40 ml - MalinaShop.lt J\u016bs\u0173 sveikatai ir gro\u017eiui.","isPartOf":{"@id":"https:\/\/www.malinashop.lt\/#website"},"primaryImageOfPage":{"@id":"https:\/\/www.malinashop.lt\/lt_lt\/shop\/tirtir-ceramic-milk-ampoule-maitinamoji-veido-ampule-su-keramidais-ir-peptidais-40-ml\/#primaryimage"},"image":{"@id":"https:\/\/www.malinashop.lt\/lt_lt\/shop\/tirtir-ceramic-milk-ampoule-maitinamoji-veido-ampule-su-keramidais-ir-peptidais-40-ml\/#primaryimage"},"thumbnailUrl":"https:\/\/www.malinashop.lt\/wp-content\/uploads\/2026\/02\/TIRTIR-Ceramic-Milk-Ampoule-maitinamoji-veido-ampule-su-keramidais-ir-peptidais-40-ml.webp","datePublished":"2026-02-19T20:57:14+00:00","dateModified":"2026-04-07T19:18:01+00:00","description":"TIRTIR Ceramic Milk Ampoule \u2013 pieni\u0161ka ampul\u0117 su keramidais ir peptidais, giliai dr\u0117kina, maitina ir stiprina odos barjer\u0105, 40 ml.","breadcrumb":{"@id":"https:\/\/www.malinashop.lt\/lt_lt\/shop\/tirtir-ceramic-milk-ampoule-maitinamoji-veido-ampule-su-keramidais-ir-peptidais-40-ml\/#breadcrumb"},"inLanguage":"lt-LT","potentialAction":[{"@type":"ReadAction","target":["https:\/\/www.malinashop.lt\/lt_lt\/shop\/tirtir-ceramic-milk-ampoule-maitinamoji-veido-ampule-su-keramidais-ir-peptidais-40-ml\/"]}]},{"@type":"ImageObject","inLanguage":"lt-LT","@id":"https:\/\/www.malinashop.lt\/lt_lt\/shop\/tirtir-ceramic-milk-ampoule-maitinamoji-veido-ampule-su-keramidais-ir-peptidais-40-ml\/#primaryimage","url":"https:\/\/www.malinashop.lt\/wp-content\/uploads\/2026\/02\/TIRTIR-Ceramic-Milk-Ampoule-maitinamoji-veido-ampule-su-keramidais-ir-peptidais-40-ml.webp","contentUrl":"https:\/\/www.malinashop.lt\/wp-content\/uploads\/2026\/02\/TIRTIR-Ceramic-Milk-Ampoule-maitinamoji-veido-ampule-su-keramidais-ir-peptidais-40-ml.webp","width":1100,"height":1100},{"@type":"BreadcrumbList","@id":"https:\/\/www.malinashop.lt\/lt_lt\/shop\/tirtir-ceramic-milk-ampoule-maitinamoji-veido-ampule-su-keramidais-ir-peptidais-40-ml\/#breadcrumb","itemListElement":[{"@type":"ListItem","position":1,"name":"Pagrindinis","item":"https:\/\/www.malinashop.lt\/"},{"@type":"ListItem","position":2,"name":"Parduotuv\u0117","item":"https:\/\/www.malinashop.lt\/en\/parduotuve\/"},{"@type":"ListItem","position":3,"name":"TIRTIR Ceramic Milk Ampoule maitinamoji veido ampul\u0117 su keramidais ir peptidais, 40 ml"}]},{"@type":"WebSite","@id":"https:\/\/www.malinashop.lt\/#website","url":"https:\/\/www.malinashop.lt\/","name":"COM Group Ecommerce","description":"MalinaShop.lt - Gro\u017eio ir sveikatos produktai i\u0161 patikim\u0173 preki\u0173 \u017eenkl\u0173. Atraskite auk\u0161tos kokyb\u0117s kosmetik\u0105 u\u017e puiki\u0105 kain\u0105.","publisher":{"@id":"https:\/\/www.malinashop.lt\/#organization"},"potentialAction":[{"@type":"SearchAction","target":{"@type":"EntryPoint","urlTemplate":"https:\/\/www.malinashop.lt\/?s={search_term_string}"},"query-input":{"@type":"PropertyValueSpecification","valueRequired":true,"valueName":"search_term_string"}}],"inLanguage":"lt-LT"},{"@type":"Organization","@id":"https:\/\/www.malinashop.lt\/#organization","name":"COM Group Ecommerce","url":"https:\/\/www.malinashop.lt\/","logo":{"@type":"ImageObject","inLanguage":"lt-LT","@id":"https:\/\/www.malinashop.lt\/#\/schema\/logo\/image\/","url":"https:\/\/www.malinashop.lt\/wp-content\/uploads\/2024\/08\/462559670_3787732518133670_9795632669273463_n-e1731525914575.png","contentUrl":"https:\/\/www.malinashop.lt\/wp-content\/uploads\/2024\/08\/462559670_3787732518133670_9795632669273463_n-e1731525914575.png","width":180,"height":60,"caption":"COM Group Ecommerce"},"image":{"@id":"https:\/\/www.malinashop.lt\/#\/schema\/logo\/image\/"}}]}},"jetpack_sharing_enabled":true,"_links":{"self":[{"href":"https:\/\/www.malinashop.lt\/lt_lt\/wp-json\/wp\/v2\/product\/74773","targetHints":{"allow":["GET"]}}],"collection":[{"href":"https:\/\/www.malinashop.lt\/lt_lt\/wp-json\/wp\/v2\/product"}],"about":[{"href":"https:\/\/www.malinashop.lt\/lt_lt\/wp-json\/wp\/v2\/types\/product"}],"version-history":[{"count":1,"href":"https:\/\/www.malinashop.lt\/lt_lt\/wp-json\/wp\/v2\/product\/74773\/revisions"}],"predecessor-version":[{"id":74779,"href":"https:\/\/www.malinashop.lt\/lt_lt\/wp-json\/wp\/v2\/product\/74773\/revisions\/74779"}],"wp:featuredmedia":[{"embeddable":true,"href":"https:\/\/www.malinashop.lt\/lt_lt\/wp-json\/wp\/v2\/media\/74776"}],"wp:attachment":[{"href":"https:\/\/www.malinashop.lt\/lt_lt\/wp-json\/wp\/v2\/media?parent=74773"}],"wp:term":[{"taxonomy":"product_brand","embeddable":true,"href":"https:\/\/www.malinashop.lt\/lt_lt\/wp-json\/wp\/v2\/product_brand?post=74773"},{"taxonomy":"product_cat","embeddable":true,"href":"https:\/\/www.malinashop.lt\/lt_lt\/wp-json\/wp\/v2\/product_cat?post=74773"},{"taxonomy":"product_tag","embeddable":true,"href":"https:\/\/www.malinashop.lt\/lt_lt\/wp-json\/wp\/v2\/product_tag?post=74773"}],"curies":[{"name":"wp","href":"https:\/\/api.w.org\/{rel}","templated":true}]}}