{"id":74591,"date":"2026-02-19T15:21:03","date_gmt":"2026-02-19T12:21:03","guid":{"rendered":"https:\/\/malinashop.lt\/?post_type=product&#038;p=74591"},"modified":"2026-04-07T22:18:03","modified_gmt":"2026-04-07T19:18:03","slug":"some-by-mi-yuja-niacin-anti-blemish-serum-skaistinantis-veido-serumas-su-10-niacinamidu-50-ml","status":"publish","type":"product","link":"https:\/\/www.malinashop.lt\/lt_lt\/shop\/some-by-mi-yuja-niacin-anti-blemish-serum-skaistinantis-veido-serumas-su-10-niacinamidu-50-ml\/","title":{"rendered":"SOME BY MI Yuja Niacin Anti Blemish Serum skaistinantis veido serumas su 10% niacinamidu, 50 ml"},"content":{"rendered":"<p data-start=\"340\" data-end=\"656\">SOME BY MI Yuja Niacin Anti Blemish Serum \u2013 dr\u0117kinantis ir skaistinantis veido serumas, skirtas papilk\u0117jusiai, pavargusiai odai bei odai su pigmentacijos ar netolygaus tono po\u017eymiais. Serumas padeda suteikti odai gyvybingumo, \u0161vyt\u0117jimo ir vizualiai tolygesn\u0119 i\u0161vaizd\u0105, kartu palaikydamas komforti\u0161k\u0105 dr\u0117gm\u0117s balans\u0105.<\/p>\n<p data-start=\"658\" data-end=\"1050\">Formul\u0117s pagrindas \u2013 daugiau nei 83% Yuja (Citrus Junos) vaisi\u0173 ekstrakto, kuris pasi\u017eymi antioksidaciniu poveikiu ir padeda skaistinti od\u0105. 10% niacinamidas prisideda prie riebal\u0173 balanso, padeda ma\u017einti por\u0173 ir d\u0117meli\u0173 matomum\u0105 bei palaiko tolygesn\u012f odos ton\u0105. Kompleks\u0105 papildo glutationas, arbutinas ir vitamin\u0173 mi\u0161inys, kurie padeda atgaivinti od\u0105 ir suteikti jai \u0161viesesn\u0117s odos \u012fsp\u016bd\u012f.<\/p>\n<p data-start=\"1052\" data-end=\"1220\">Serumas yra lengvos tekst\u016bros, greitai susigeria ir nepalieka lipnumo ar riebumo poj\u016b\u010dio, tod\u0117l tinka naudoti tiek ryte, tiek vakare (dien\u0105 rekomenduojama SPF apsauga).<\/p>\n<p data-start=\"1222\" data-end=\"1250\"><strong data-start=\"1222\" data-end=\"1250\">Pagrindiniai privalumai:<\/strong><\/p>\n<ul data-start=\"1251\" data-end=\"1499\">\n<li data-start=\"1251\" data-end=\"1291\">\n<p data-start=\"1253\" data-end=\"1291\">Skaistina ir suteikia odai \u0161vyt\u0117jimo<\/p>\n<\/li>\n<li data-start=\"1292\" data-end=\"1352\">\n<p data-start=\"1294\" data-end=\"1352\">Padeda ma\u017einti pigmentacijos ir netolygaus tono po\u017eymius<\/p>\n<\/li>\n<li data-start=\"1353\" data-end=\"1406\">\n<p data-start=\"1355\" data-end=\"1406\">10% niacinamidas padeda reguliuoti riebumo poj\u016bt\u012f<\/p>\n<\/li>\n<li data-start=\"1407\" data-end=\"1458\">\n<p data-start=\"1409\" data-end=\"1458\">Yuja ekstraktas suteikia antioksidacin\u0119 apsaug\u0105<\/p>\n<\/li>\n<li data-start=\"1459\" data-end=\"1499\">\n<p data-start=\"1461\" data-end=\"1499\">Lengva tekst\u016bra, be lipnios pl\u0117vel\u0117s<\/p>\n<\/li>\n<\/ul>\n<p data-start=\"1501\" data-end=\"1640\"><strong data-start=\"1501\" data-end=\"1516\">Naudojimas:<\/strong><br \/>\nTepkite nedidel\u012f kiek\u012f serumo ant \u0161varios ir tonizuotos veido odos. Toliau naudokite krem\u0105. Dienos metu rekomenduojama SPF.<\/p>\n<p data-start=\"1642\" data-end=\"1658\"><strong data-start=\"1642\" data-end=\"1652\">Talpa:<\/strong> 50 ml<\/p>\n<hr data-start=\"1660\" data-end=\"1663\" \/>\n<h3 data-start=\"1665\" data-end=\"1684\">Sud\u0117tis (INCI):<\/h3>\n<p data-start=\"1685\" data-end=\"2665\">Water\/Aqua, Niacinamide, Methylpropanediol, Glycerin, Propanediol, Caprylic\/Capric Triglyceride, 1,2-Hexanediol, Hydrogenated Poly(C6-14 Olefin), Bisabolol, Carbomer, Arginine, Citrus Junos Fruit Extract, Xanthan Gum, Ethylhexylglycerin, Adenosine, Citrus Junos Peel Oil, Melia Azadirachta Flower Extract, Disodium EDTA, Ocimum Sanctum Leaf Extract, Melia Azadirachta Leaf Extract, Curcuma Longa Root Extract, Corallina Officinalis Extract, Butylene Glycol, 3-O-Ethyl Ascorbic Acid, Hydrogenated Lecithin, Ficus Carica Fruit Extract, Ginkgo Biloba Nut Extract, Morus Alba Fruit Extract, Punica Granatum Fruit Extract, Tocopherol, Polyglyceryl-10 Stearate, Panthenol, Sodium Ascorbyl Phosphate, Biotin, Folic Acid, Pyridoxine, Cyanocobalamin, Brassica Campestris Seed Oil, Glycyrrhiza Glabra Root Extract, Polyglyceryl-3 Diisostearate, Beta-Carotene, Inositol, Linoleic Acid, Riboflavin, Limonene, Linalool, Thiamine HCl, Althaea Officinalis Root Extract, Oryza Sativa Bran Extract<\/p>\n","protected":false},"excerpt":{"rendered":"<p data-start=\"141\" data-end=\"306\">Lengvas skaistinantis serumas su daugiau nei 83% Yuja ekstrakto ir 10% niacinamidu. Dr\u0117kina, suteikia spindesio, padeda ma\u017einti pigmentacijos ir netolygaus tono po\u017eymius.<\/p>\n","protected":false},"featured_media":74593,"template":"","meta":[],"product_brand":[1648],"product_cat":[550,728],"product_tag":[1650],"class_list":{"0":"post-74591","1":"product","2":"type-product","3":"status-publish","4":"has-post-thumbnail","6":"product_brand-some-by-mi","7":"product_cat-veido-serumai","8":"product_cat-veidui","9":"product_tag-some-by-mi","11":"first","12":"instock","13":"taxable","14":"shipping-taxable","15":"purchasable","16":"product-type-simple"},"yoast_head":"<!-- This site is optimized with the Yoast SEO plugin v27.4 - https:\/\/yoast.com\/product\/yoast-seo-wordpress\/ -->\n<title>SOME BY MI Yuja Niacin Anti Blemish Serum skaistinantis veido serumas su 10% niacinamidu, 50 ml - MalinaShop.lt J\u016bs\u0173 sveikatai ir gro\u017eiui.<\/title>\n<meta name=\"description\" content=\"SOME BY MI Yuja Niacin Anti Blemish Serum \u2013 10% niacinamido ir Yuja ekstrakto serumas, skaistina, dr\u0117kina, padeda ma\u017einti pigmentacij\u0105, 50 ml.\" \/>\n<meta name=\"robots\" content=\"index, follow, max-snippet:-1, max-image-preview:large, max-video-preview:-1\" \/>\n<link rel=\"canonical\" href=\"https:\/\/www.malinashop.lt\/lt_lt\/shop\/some-by-mi-yuja-niacin-anti-blemish-serum-skaistinantis-veido-serumas-su-10-niacinamidu-50-ml\/\" \/>\n<meta property=\"og:locale\" content=\"lt_LT\" \/>\n<meta property=\"og:type\" content=\"article\" \/>\n<meta property=\"og:title\" content=\"SOME BY MI Yuja Niacin Anti Blemish Serum skaistinantis veido serumas su 10% niacinamidu, 50 ml - MalinaShop.lt J\u016bs\u0173 sveikatai ir gro\u017eiui.\" \/>\n<meta property=\"og:description\" content=\"SOME BY MI Yuja Niacin Anti Blemish Serum \u2013 10% niacinamido ir Yuja ekstrakto serumas, skaistina, dr\u0117kina, padeda ma\u017einti pigmentacij\u0105, 50 ml.\" \/>\n<meta property=\"og:url\" content=\"https:\/\/www.malinashop.lt\/lt_lt\/shop\/some-by-mi-yuja-niacin-anti-blemish-serum-skaistinantis-veido-serumas-su-10-niacinamidu-50-ml\/\" \/>\n<meta property=\"og:site_name\" content=\"MalinaShop.lt J\u016bs\u0173 sveikatai ir gro\u017eiui.\" \/>\n<meta property=\"article:modified_time\" content=\"2026-04-07T19:18:03+00:00\" \/>\n<meta property=\"og:image\" content=\"https:\/\/www.malinashop.lt\/wp-content\/uploads\/2026\/02\/SOME-BY-MI-Yuja-Niacin-Anti-Blemish-Serum-skaistinantis-veido-serumas-su-10-niacinamidu-50-ml.webp\" \/>\n\t<meta property=\"og:image:width\" content=\"1100\" \/>\n\t<meta property=\"og:image:height\" content=\"1100\" \/>\n\t<meta property=\"og:image:type\" content=\"image\/webp\" \/>\n<meta name=\"twitter:card\" content=\"summary_large_image\" \/>\n<script type=\"application\/ld+json\" class=\"yoast-schema-graph\">{\"@context\":\"https:\\\/\\\/schema.org\",\"@graph\":[{\"@type\":\"WebPage\",\"@id\":\"https:\\\/\\\/www.malinashop.lt\\\/lt_lt\\\/shop\\\/some-by-mi-yuja-niacin-anti-blemish-serum-skaistinantis-veido-serumas-su-10-niacinamidu-50-ml\\\/\",\"url\":\"https:\\\/\\\/www.malinashop.lt\\\/lt_lt\\\/shop\\\/some-by-mi-yuja-niacin-anti-blemish-serum-skaistinantis-veido-serumas-su-10-niacinamidu-50-ml\\\/\",\"name\":\"SOME BY MI Yuja Niacin Anti Blemish Serum skaistinantis veido serumas su 10% niacinamidu, 50 ml - MalinaShop.lt J\u016bs\u0173 sveikatai ir gro\u017eiui.\",\"isPartOf\":{\"@id\":\"https:\\\/\\\/www.malinashop.lt\\\/#website\"},\"primaryImageOfPage\":{\"@id\":\"https:\\\/\\\/www.malinashop.lt\\\/lt_lt\\\/shop\\\/some-by-mi-yuja-niacin-anti-blemish-serum-skaistinantis-veido-serumas-su-10-niacinamidu-50-ml\\\/#primaryimage\"},\"image\":{\"@id\":\"https:\\\/\\\/www.malinashop.lt\\\/lt_lt\\\/shop\\\/some-by-mi-yuja-niacin-anti-blemish-serum-skaistinantis-veido-serumas-su-10-niacinamidu-50-ml\\\/#primaryimage\"},\"thumbnailUrl\":\"https:\\\/\\\/www.malinashop.lt\\\/wp-content\\\/uploads\\\/2026\\\/02\\\/SOME-BY-MI-Yuja-Niacin-Anti-Blemish-Serum-skaistinantis-veido-serumas-su-10-niacinamidu-50-ml.webp\",\"datePublished\":\"2026-02-19T12:21:03+00:00\",\"dateModified\":\"2026-04-07T19:18:03+00:00\",\"description\":\"SOME BY MI Yuja Niacin Anti Blemish Serum \u2013 10% niacinamido ir Yuja ekstrakto serumas, skaistina, dr\u0117kina, padeda ma\u017einti pigmentacij\u0105, 50 ml.\",\"breadcrumb\":{\"@id\":\"https:\\\/\\\/www.malinashop.lt\\\/lt_lt\\\/shop\\\/some-by-mi-yuja-niacin-anti-blemish-serum-skaistinantis-veido-serumas-su-10-niacinamidu-50-ml\\\/#breadcrumb\"},\"inLanguage\":\"lt-LT\",\"potentialAction\":[{\"@type\":\"ReadAction\",\"target\":[\"https:\\\/\\\/www.malinashop.lt\\\/lt_lt\\\/shop\\\/some-by-mi-yuja-niacin-anti-blemish-serum-skaistinantis-veido-serumas-su-10-niacinamidu-50-ml\\\/\"]}]},{\"@type\":\"ImageObject\",\"inLanguage\":\"lt-LT\",\"@id\":\"https:\\\/\\\/www.malinashop.lt\\\/lt_lt\\\/shop\\\/some-by-mi-yuja-niacin-anti-blemish-serum-skaistinantis-veido-serumas-su-10-niacinamidu-50-ml\\\/#primaryimage\",\"url\":\"https:\\\/\\\/www.malinashop.lt\\\/wp-content\\\/uploads\\\/2026\\\/02\\\/SOME-BY-MI-Yuja-Niacin-Anti-Blemish-Serum-skaistinantis-veido-serumas-su-10-niacinamidu-50-ml.webp\",\"contentUrl\":\"https:\\\/\\\/www.malinashop.lt\\\/wp-content\\\/uploads\\\/2026\\\/02\\\/SOME-BY-MI-Yuja-Niacin-Anti-Blemish-Serum-skaistinantis-veido-serumas-su-10-niacinamidu-50-ml.webp\",\"width\":1100,\"height\":1100},{\"@type\":\"BreadcrumbList\",\"@id\":\"https:\\\/\\\/www.malinashop.lt\\\/lt_lt\\\/shop\\\/some-by-mi-yuja-niacin-anti-blemish-serum-skaistinantis-veido-serumas-su-10-niacinamidu-50-ml\\\/#breadcrumb\",\"itemListElement\":[{\"@type\":\"ListItem\",\"position\":1,\"name\":\"Pagrindinis\",\"item\":\"https:\\\/\\\/www.malinashop.lt\\\/\"},{\"@type\":\"ListItem\",\"position\":2,\"name\":\"Parduotuv\u0117\",\"item\":\"https:\\\/\\\/www.malinashop.lt\\\/en\\\/parduotuve\\\/\"},{\"@type\":\"ListItem\",\"position\":3,\"name\":\"SOME BY MI Yuja Niacin Anti Blemish Serum skaistinantis veido serumas su 10% niacinamidu, 50 ml\"}]},{\"@type\":\"WebSite\",\"@id\":\"https:\\\/\\\/www.malinashop.lt\\\/#website\",\"url\":\"https:\\\/\\\/www.malinashop.lt\\\/\",\"name\":\"COM Group Ecommerce\",\"description\":\"MalinaShop.lt - Gro\u017eio ir sveikatos produktai i\u0161 patikim\u0173 preki\u0173 \u017eenkl\u0173. Atraskite auk\u0161tos kokyb\u0117s kosmetik\u0105 u\u017e puiki\u0105 kain\u0105.\",\"publisher\":{\"@id\":\"https:\\\/\\\/www.malinashop.lt\\\/#organization\"},\"potentialAction\":[{\"@type\":\"SearchAction\",\"target\":{\"@type\":\"EntryPoint\",\"urlTemplate\":\"https:\\\/\\\/www.malinashop.lt\\\/?s={search_term_string}\"},\"query-input\":{\"@type\":\"PropertyValueSpecification\",\"valueRequired\":true,\"valueName\":\"search_term_string\"}}],\"inLanguage\":\"lt-LT\"},{\"@type\":\"Organization\",\"@id\":\"https:\\\/\\\/www.malinashop.lt\\\/#organization\",\"name\":\"COM Group Ecommerce\",\"url\":\"https:\\\/\\\/www.malinashop.lt\\\/\",\"logo\":{\"@type\":\"ImageObject\",\"inLanguage\":\"lt-LT\",\"@id\":\"https:\\\/\\\/www.malinashop.lt\\\/#\\\/schema\\\/logo\\\/image\\\/\",\"url\":\"https:\\\/\\\/www.malinashop.lt\\\/wp-content\\\/uploads\\\/2024\\\/08\\\/462559670_3787732518133670_9795632669273463_n-e1731525914575.png\",\"contentUrl\":\"https:\\\/\\\/www.malinashop.lt\\\/wp-content\\\/uploads\\\/2024\\\/08\\\/462559670_3787732518133670_9795632669273463_n-e1731525914575.png\",\"width\":180,\"height\":60,\"caption\":\"COM Group Ecommerce\"},\"image\":{\"@id\":\"https:\\\/\\\/www.malinashop.lt\\\/#\\\/schema\\\/logo\\\/image\\\/\"}}]}<\/script>\n<!-- \/ Yoast SEO plugin. -->","yoast_head_json":{"title":"SOME BY MI Yuja Niacin Anti Blemish Serum skaistinantis veido serumas su 10% niacinamidu, 50 ml - MalinaShop.lt J\u016bs\u0173 sveikatai ir gro\u017eiui.","description":"SOME BY MI Yuja Niacin Anti Blemish Serum \u2013 10% niacinamido ir Yuja ekstrakto serumas, skaistina, dr\u0117kina, padeda ma\u017einti pigmentacij\u0105, 50 ml.","robots":{"index":"index","follow":"follow","max-snippet":"max-snippet:-1","max-image-preview":"max-image-preview:large","max-video-preview":"max-video-preview:-1"},"canonical":"https:\/\/www.malinashop.lt\/lt_lt\/shop\/some-by-mi-yuja-niacin-anti-blemish-serum-skaistinantis-veido-serumas-su-10-niacinamidu-50-ml\/","og_locale":"lt_LT","og_type":"article","og_title":"SOME BY MI Yuja Niacin Anti Blemish Serum skaistinantis veido serumas su 10% niacinamidu, 50 ml - MalinaShop.lt J\u016bs\u0173 sveikatai ir gro\u017eiui.","og_description":"SOME BY MI Yuja Niacin Anti Blemish Serum \u2013 10% niacinamido ir Yuja ekstrakto serumas, skaistina, dr\u0117kina, padeda ma\u017einti pigmentacij\u0105, 50 ml.","og_url":"https:\/\/www.malinashop.lt\/lt_lt\/shop\/some-by-mi-yuja-niacin-anti-blemish-serum-skaistinantis-veido-serumas-su-10-niacinamidu-50-ml\/","og_site_name":"MalinaShop.lt J\u016bs\u0173 sveikatai ir gro\u017eiui.","article_modified_time":"2026-04-07T19:18:03+00:00","og_image":[{"width":1100,"height":1100,"url":"https:\/\/www.malinashop.lt\/wp-content\/uploads\/2026\/02\/SOME-BY-MI-Yuja-Niacin-Anti-Blemish-Serum-skaistinantis-veido-serumas-su-10-niacinamidu-50-ml.webp","type":"image\/webp"}],"twitter_card":"summary_large_image","schema":{"@context":"https:\/\/schema.org","@graph":[{"@type":"WebPage","@id":"https:\/\/www.malinashop.lt\/lt_lt\/shop\/some-by-mi-yuja-niacin-anti-blemish-serum-skaistinantis-veido-serumas-su-10-niacinamidu-50-ml\/","url":"https:\/\/www.malinashop.lt\/lt_lt\/shop\/some-by-mi-yuja-niacin-anti-blemish-serum-skaistinantis-veido-serumas-su-10-niacinamidu-50-ml\/","name":"SOME BY MI Yuja Niacin Anti Blemish Serum skaistinantis veido serumas su 10% niacinamidu, 50 ml - MalinaShop.lt J\u016bs\u0173 sveikatai ir gro\u017eiui.","isPartOf":{"@id":"https:\/\/www.malinashop.lt\/#website"},"primaryImageOfPage":{"@id":"https:\/\/www.malinashop.lt\/lt_lt\/shop\/some-by-mi-yuja-niacin-anti-blemish-serum-skaistinantis-veido-serumas-su-10-niacinamidu-50-ml\/#primaryimage"},"image":{"@id":"https:\/\/www.malinashop.lt\/lt_lt\/shop\/some-by-mi-yuja-niacin-anti-blemish-serum-skaistinantis-veido-serumas-su-10-niacinamidu-50-ml\/#primaryimage"},"thumbnailUrl":"https:\/\/www.malinashop.lt\/wp-content\/uploads\/2026\/02\/SOME-BY-MI-Yuja-Niacin-Anti-Blemish-Serum-skaistinantis-veido-serumas-su-10-niacinamidu-50-ml.webp","datePublished":"2026-02-19T12:21:03+00:00","dateModified":"2026-04-07T19:18:03+00:00","description":"SOME BY MI Yuja Niacin Anti Blemish Serum \u2013 10% niacinamido ir Yuja ekstrakto serumas, skaistina, dr\u0117kina, padeda ma\u017einti pigmentacij\u0105, 50 ml.","breadcrumb":{"@id":"https:\/\/www.malinashop.lt\/lt_lt\/shop\/some-by-mi-yuja-niacin-anti-blemish-serum-skaistinantis-veido-serumas-su-10-niacinamidu-50-ml\/#breadcrumb"},"inLanguage":"lt-LT","potentialAction":[{"@type":"ReadAction","target":["https:\/\/www.malinashop.lt\/lt_lt\/shop\/some-by-mi-yuja-niacin-anti-blemish-serum-skaistinantis-veido-serumas-su-10-niacinamidu-50-ml\/"]}]},{"@type":"ImageObject","inLanguage":"lt-LT","@id":"https:\/\/www.malinashop.lt\/lt_lt\/shop\/some-by-mi-yuja-niacin-anti-blemish-serum-skaistinantis-veido-serumas-su-10-niacinamidu-50-ml\/#primaryimage","url":"https:\/\/www.malinashop.lt\/wp-content\/uploads\/2026\/02\/SOME-BY-MI-Yuja-Niacin-Anti-Blemish-Serum-skaistinantis-veido-serumas-su-10-niacinamidu-50-ml.webp","contentUrl":"https:\/\/www.malinashop.lt\/wp-content\/uploads\/2026\/02\/SOME-BY-MI-Yuja-Niacin-Anti-Blemish-Serum-skaistinantis-veido-serumas-su-10-niacinamidu-50-ml.webp","width":1100,"height":1100},{"@type":"BreadcrumbList","@id":"https:\/\/www.malinashop.lt\/lt_lt\/shop\/some-by-mi-yuja-niacin-anti-blemish-serum-skaistinantis-veido-serumas-su-10-niacinamidu-50-ml\/#breadcrumb","itemListElement":[{"@type":"ListItem","position":1,"name":"Pagrindinis","item":"https:\/\/www.malinashop.lt\/"},{"@type":"ListItem","position":2,"name":"Parduotuv\u0117","item":"https:\/\/www.malinashop.lt\/en\/parduotuve\/"},{"@type":"ListItem","position":3,"name":"SOME BY MI Yuja Niacin Anti Blemish Serum skaistinantis veido serumas su 10% niacinamidu, 50 ml"}]},{"@type":"WebSite","@id":"https:\/\/www.malinashop.lt\/#website","url":"https:\/\/www.malinashop.lt\/","name":"COM Group Ecommerce","description":"MalinaShop.lt - Gro\u017eio ir sveikatos produktai i\u0161 patikim\u0173 preki\u0173 \u017eenkl\u0173. Atraskite auk\u0161tos kokyb\u0117s kosmetik\u0105 u\u017e puiki\u0105 kain\u0105.","publisher":{"@id":"https:\/\/www.malinashop.lt\/#organization"},"potentialAction":[{"@type":"SearchAction","target":{"@type":"EntryPoint","urlTemplate":"https:\/\/www.malinashop.lt\/?s={search_term_string}"},"query-input":{"@type":"PropertyValueSpecification","valueRequired":true,"valueName":"search_term_string"}}],"inLanguage":"lt-LT"},{"@type":"Organization","@id":"https:\/\/www.malinashop.lt\/#organization","name":"COM Group Ecommerce","url":"https:\/\/www.malinashop.lt\/","logo":{"@type":"ImageObject","inLanguage":"lt-LT","@id":"https:\/\/www.malinashop.lt\/#\/schema\/logo\/image\/","url":"https:\/\/www.malinashop.lt\/wp-content\/uploads\/2024\/08\/462559670_3787732518133670_9795632669273463_n-e1731525914575.png","contentUrl":"https:\/\/www.malinashop.lt\/wp-content\/uploads\/2024\/08\/462559670_3787732518133670_9795632669273463_n-e1731525914575.png","width":180,"height":60,"caption":"COM Group Ecommerce"},"image":{"@id":"https:\/\/www.malinashop.lt\/#\/schema\/logo\/image\/"}}]}},"jetpack_sharing_enabled":true,"_links":{"self":[{"href":"https:\/\/www.malinashop.lt\/lt_lt\/wp-json\/wp\/v2\/product\/74591","targetHints":{"allow":["GET"]}}],"collection":[{"href":"https:\/\/www.malinashop.lt\/lt_lt\/wp-json\/wp\/v2\/product"}],"about":[{"href":"https:\/\/www.malinashop.lt\/lt_lt\/wp-json\/wp\/v2\/types\/product"}],"version-history":[{"count":1,"href":"https:\/\/www.malinashop.lt\/lt_lt\/wp-json\/wp\/v2\/product\/74591\/revisions"}],"predecessor-version":[{"id":74594,"href":"https:\/\/www.malinashop.lt\/lt_lt\/wp-json\/wp\/v2\/product\/74591\/revisions\/74594"}],"wp:featuredmedia":[{"embeddable":true,"href":"https:\/\/www.malinashop.lt\/lt_lt\/wp-json\/wp\/v2\/media\/74593"}],"wp:attachment":[{"href":"https:\/\/www.malinashop.lt\/lt_lt\/wp-json\/wp\/v2\/media?parent=74591"}],"wp:term":[{"taxonomy":"product_brand","embeddable":true,"href":"https:\/\/www.malinashop.lt\/lt_lt\/wp-json\/wp\/v2\/product_brand?post=74591"},{"taxonomy":"product_cat","embeddable":true,"href":"https:\/\/www.malinashop.lt\/lt_lt\/wp-json\/wp\/v2\/product_cat?post=74591"},{"taxonomy":"product_tag","embeddable":true,"href":"https:\/\/www.malinashop.lt\/lt_lt\/wp-json\/wp\/v2\/product_tag?post=74591"}],"curies":[{"name":"wp","href":"https:\/\/api.w.org\/{rel}","templated":true}]}}