{"id":74573,"date":"2026-02-19T15:05:51","date_gmt":"2026-02-19T12:05:51","guid":{"rendered":"https:\/\/malinashop.lt\/?post_type=product&#038;p=74573"},"modified":"2026-04-07T22:18:04","modified_gmt":"2026-04-07T19:18:04","slug":"some-by-mi-aha-bha-pha-30-days-miracle-truecica-clear-pad-sveiciamieji-veido-padeliai-probleminei-odai-70-vnt","status":"publish","type":"product","link":"https:\/\/www.malinashop.lt\/lt_lt\/shop\/some-by-mi-aha-bha-pha-30-days-miracle-truecica-clear-pad-sveiciamieji-veido-padeliai-probleminei-odai-70-vnt\/","title":{"rendered":"SOME BY MI AHA-BHA-PHA 30 Days Miracle Truecica Clear Pad \u0161vei\u010diamieji veido padeliai probleminei odai, 70 vnt."},"content":{"rendered":"<p data-start=\"357\" data-end=\"671\">SOME BY MI AHA-BHA-PHA 30 Days Miracle Truecica Clear Pad \u2013 tai patog\u016bs, kasdienei prie\u017ei\u016brai pritaikyti veido padeliai, skirti mi\u0161riai, riebiai ir problemati\u0161kai odai. Jie padeda \u0161velniai nu\u0161veisti odos pavir\u0161i\u0173, pa\u0161alinti susikaupusius ne\u0161varumus bei perteklin\u012f sebum\u0105, kad poros b\u016bt\u0173 \u0161varesn\u0117s, o oda \u2013 lygesn\u0117.<\/p>\n<p data-start=\"673\" data-end=\"1061\">Pagrindinis privalumas \u2013 AHA, BHA ir PHA r\u016bg\u0161\u010di\u0173 derinys, kuris veikia skirtinguose odos sluoksniuose: padeda pa\u0161alinti negyvas odos l\u0105steles, i\u0161valyti poras ir palaikyti ma\u017eesn\u0119 u\u017esikim\u0161im\u0173 rizik\u0105. Truecica ir raminam\u0173j\u0173 augalini\u0173 ekstrakt\u0173 kompleksas (\u012fskaitant centel\u0119) prisideda prie odos komforto, padeda ma\u017einti paraudimo poj\u016bt\u012f ir palaikyti greitesn\u012f u\u017edegimini\u0173 viet\u0173 atsistatym\u0105.<\/p>\n<p data-start=\"1063\" data-end=\"1209\">Pakeliamas d\u0117\u017eut\u0117s formatas su 70 vnt. padeli\u0173 patogus tiek namuose, tiek kelion\u0117se \u2013 padeliai greitai ir paprastai \u012fsilieja \u012f rutin\u0105 po prausimo.<\/p>\n<p data-start=\"1211\" data-end=\"1239\"><strong data-start=\"1211\" data-end=\"1239\">Pagrindiniai privalumai:<\/strong><\/p>\n<ul data-start=\"1240\" data-end=\"1482\">\n<li data-start=\"1240\" data-end=\"1276\">\n<p data-start=\"1242\" data-end=\"1276\">\u0160velnus \u0161veitimas su AHA\/BHA\/PHA<\/p>\n<\/li>\n<li data-start=\"1277\" data-end=\"1330\">\n<p data-start=\"1279\" data-end=\"1330\">Padeda valyti poras ir ma\u017einti u\u017esikim\u0161im\u0173 rizik\u0105<\/p>\n<\/li>\n<li data-start=\"1331\" data-end=\"1374\">\n<p data-start=\"1333\" data-end=\"1374\">Nuvalo ne\u0161varumus ir perteklin\u012f riebum\u0105<\/p>\n<\/li>\n<li data-start=\"1375\" data-end=\"1443\">\n<p data-start=\"1377\" data-end=\"1443\">Ramina problemati\u0161k\u0105 od\u0105 ir padeda pri\u017ei\u016br\u0117ti u\u017edegimines vietas<\/p>\n<\/li>\n<li data-start=\"1444\" data-end=\"1482\">\n<p data-start=\"1446\" data-end=\"1482\">Patogu naudoti kasdien po prausimo<\/p>\n<\/li>\n<\/ul>\n<p data-start=\"1484\" data-end=\"1711\"><strong data-start=\"1484\" data-end=\"1499\">Naudojimas:<\/strong><br \/>\nNuval\u0119 veid\u0105, paimkite padel\u012f ir \u0161velniai braukite per veid\u0105, ypating\u0105 d\u0117mes\u012f skirdami problemin\u0117ms ar u\u017edegimin\u0117ms vietoms. Toliau t\u0119skite \u012fprast\u0105 odos prie\u017ei\u016bros rutin\u0105. Dienos metu rekomenduojama naudoti SPF.<\/p>\n<p data-start=\"1713\" data-end=\"1742\"><strong data-start=\"1713\" data-end=\"1734\">Kiekis pakuot\u0117je:<\/strong> 70 vnt.<\/p>\n<hr data-start=\"1744\" data-end=\"1747\" \/>\n<h3 data-start=\"1749\" data-end=\"1768\">Sud\u0117tis (INCI):<\/h3>\n<p data-start=\"1769\" data-end=\"2449\">Salix Alba Bark Water, Butylene Glycol, 1,2-Hexanediol, Water\/Aqua, Betaine Salicylate, Benzyl Glycol, Glycerin, Allantoin, Panthenol, PEG-60 Hydrogenated Castor Oil, Ethylhexylglycerin, Sodium Hydroxide, Melia Azadirachta Leaf Extract, Arginine, Mentha Piperita Oil, Raspberry Ketone, Melia Azadirachta Flower Extract, Citric Acid, Lactobionic Acid, Melaleuca Alternifolia Leaf Water, Ethyl Hexanediol, Centella Asiatica Extract, Madecassoside, Opuntia Ficus-Indica Extract, Asiaticoside, Artemisia Princeps Leaf Extract, Houttuynia Cordata Extract, Asiatic Acid, Madecassic Acid, Sodium Hyaluronate, Chamaecyparis Obtusa Leaf Extract, Pentylene Glycol, Caprylyl Glycol, Limonene<\/p>\n","protected":false},"excerpt":{"rendered":"<p data-start=\"141\" data-end=\"306\">\u0160vei\u010diamieji veido padeliai su AHA\/BHA\/PHA ir Truecica kompleksu. \u0160velniai nuvalo, pa\u0161alina negyvas l\u0105steles, valo poras ir padeda grei\u010diau nuraminti u\u017edegiminius b\u0117rimus.<\/p>\n","protected":false},"featured_media":74575,"template":"","meta":[],"product_brand":[1648],"product_cat":[1645,728],"product_tag":[1650],"class_list":{"0":"post-74573","1":"product","2":"type-product","3":"status-publish","4":"has-post-thumbnail","6":"product_brand-some-by-mi","7":"product_cat-veido-padeliai","8":"product_cat-veidui","9":"product_tag-some-by-mi","11":"first","12":"instock","13":"taxable","14":"shipping-taxable","15":"purchasable","16":"product-type-simple"},"yoast_head":"<!-- This site is optimized with the Yoast SEO plugin v27.4 - https:\/\/yoast.com\/product\/yoast-seo-wordpress\/ -->\n<title>SOME BY MI AHA-BHA-PHA 30 Days Miracle Truecica Clear Pad \u0161vei\u010diamieji veido padeliai probleminei odai, 70 vnt. - MalinaShop.lt J\u016bs\u0173 sveikatai ir gro\u017eiui.<\/title>\n<meta name=\"description\" content=\"SOME BY MI Truecica Clear Pad \u2013 veido padeliai su AHA\/BHA\/PHA, \u0161velniai \u0161vei\u010dia, valo poras, ma\u017eina ne\u0161varumus ir padeda pri\u017ei\u016br\u0117ti problemin\u0119 od\u0105.\" \/>\n<meta name=\"robots\" content=\"index, follow, max-snippet:-1, max-image-preview:large, max-video-preview:-1\" \/>\n<link rel=\"canonical\" href=\"https:\/\/www.malinashop.lt\/lt_lt\/shop\/some-by-mi-aha-bha-pha-30-days-miracle-truecica-clear-pad-sveiciamieji-veido-padeliai-probleminei-odai-70-vnt\/\" \/>\n<meta property=\"og:locale\" content=\"lt_LT\" \/>\n<meta property=\"og:type\" content=\"article\" \/>\n<meta property=\"og:title\" content=\"SOME BY MI AHA-BHA-PHA 30 Days Miracle Truecica Clear Pad \u0161vei\u010diamieji veido padeliai probleminei odai, 70 vnt. - MalinaShop.lt J\u016bs\u0173 sveikatai ir gro\u017eiui.\" \/>\n<meta property=\"og:description\" content=\"SOME BY MI Truecica Clear Pad \u2013 veido padeliai su AHA\/BHA\/PHA, \u0161velniai \u0161vei\u010dia, valo poras, ma\u017eina ne\u0161varumus ir padeda pri\u017ei\u016br\u0117ti problemin\u0119 od\u0105.\" \/>\n<meta property=\"og:url\" content=\"https:\/\/www.malinashop.lt\/lt_lt\/shop\/some-by-mi-aha-bha-pha-30-days-miracle-truecica-clear-pad-sveiciamieji-veido-padeliai-probleminei-odai-70-vnt\/\" \/>\n<meta property=\"og:site_name\" content=\"MalinaShop.lt J\u016bs\u0173 sveikatai ir gro\u017eiui.\" \/>\n<meta property=\"article:modified_time\" content=\"2026-04-07T19:18:04+00:00\" \/>\n<meta property=\"og:image\" content=\"https:\/\/www.malinashop.lt\/wp-content\/uploads\/2026\/02\/SOME-BY-MI-AHA-BHA-PHA-30-Days-Miracle-Truecica-Clear-Pad-sveiciamieji-veido-padeliai-probleminei-odai-70-vnt.webp\" \/>\n\t<meta property=\"og:image:width\" content=\"1100\" \/>\n\t<meta property=\"og:image:height\" content=\"1100\" \/>\n\t<meta property=\"og:image:type\" content=\"image\/webp\" \/>\n<meta name=\"twitter:card\" content=\"summary_large_image\" \/>\n<script type=\"application\/ld+json\" class=\"yoast-schema-graph\">{\"@context\":\"https:\\\/\\\/schema.org\",\"@graph\":[{\"@type\":\"WebPage\",\"@id\":\"https:\\\/\\\/www.malinashop.lt\\\/lt_lt\\\/shop\\\/some-by-mi-aha-bha-pha-30-days-miracle-truecica-clear-pad-sveiciamieji-veido-padeliai-probleminei-odai-70-vnt\\\/\",\"url\":\"https:\\\/\\\/www.malinashop.lt\\\/lt_lt\\\/shop\\\/some-by-mi-aha-bha-pha-30-days-miracle-truecica-clear-pad-sveiciamieji-veido-padeliai-probleminei-odai-70-vnt\\\/\",\"name\":\"SOME BY MI AHA-BHA-PHA 30 Days Miracle Truecica Clear Pad \u0161vei\u010diamieji veido padeliai probleminei odai, 70 vnt. - MalinaShop.lt J\u016bs\u0173 sveikatai ir gro\u017eiui.\",\"isPartOf\":{\"@id\":\"https:\\\/\\\/www.malinashop.lt\\\/#website\"},\"primaryImageOfPage\":{\"@id\":\"https:\\\/\\\/www.malinashop.lt\\\/lt_lt\\\/shop\\\/some-by-mi-aha-bha-pha-30-days-miracle-truecica-clear-pad-sveiciamieji-veido-padeliai-probleminei-odai-70-vnt\\\/#primaryimage\"},\"image\":{\"@id\":\"https:\\\/\\\/www.malinashop.lt\\\/lt_lt\\\/shop\\\/some-by-mi-aha-bha-pha-30-days-miracle-truecica-clear-pad-sveiciamieji-veido-padeliai-probleminei-odai-70-vnt\\\/#primaryimage\"},\"thumbnailUrl\":\"https:\\\/\\\/www.malinashop.lt\\\/wp-content\\\/uploads\\\/2026\\\/02\\\/SOME-BY-MI-AHA-BHA-PHA-30-Days-Miracle-Truecica-Clear-Pad-sveiciamieji-veido-padeliai-probleminei-odai-70-vnt.webp\",\"datePublished\":\"2026-02-19T12:05:51+00:00\",\"dateModified\":\"2026-04-07T19:18:04+00:00\",\"description\":\"SOME BY MI Truecica Clear Pad \u2013 veido padeliai su AHA\\\/BHA\\\/PHA, \u0161velniai \u0161vei\u010dia, valo poras, ma\u017eina ne\u0161varumus ir padeda pri\u017ei\u016br\u0117ti problemin\u0119 od\u0105.\",\"breadcrumb\":{\"@id\":\"https:\\\/\\\/www.malinashop.lt\\\/lt_lt\\\/shop\\\/some-by-mi-aha-bha-pha-30-days-miracle-truecica-clear-pad-sveiciamieji-veido-padeliai-probleminei-odai-70-vnt\\\/#breadcrumb\"},\"inLanguage\":\"lt-LT\",\"potentialAction\":[{\"@type\":\"ReadAction\",\"target\":[\"https:\\\/\\\/www.malinashop.lt\\\/lt_lt\\\/shop\\\/some-by-mi-aha-bha-pha-30-days-miracle-truecica-clear-pad-sveiciamieji-veido-padeliai-probleminei-odai-70-vnt\\\/\"]}]},{\"@type\":\"ImageObject\",\"inLanguage\":\"lt-LT\",\"@id\":\"https:\\\/\\\/www.malinashop.lt\\\/lt_lt\\\/shop\\\/some-by-mi-aha-bha-pha-30-days-miracle-truecica-clear-pad-sveiciamieji-veido-padeliai-probleminei-odai-70-vnt\\\/#primaryimage\",\"url\":\"https:\\\/\\\/www.malinashop.lt\\\/wp-content\\\/uploads\\\/2026\\\/02\\\/SOME-BY-MI-AHA-BHA-PHA-30-Days-Miracle-Truecica-Clear-Pad-sveiciamieji-veido-padeliai-probleminei-odai-70-vnt.webp\",\"contentUrl\":\"https:\\\/\\\/www.malinashop.lt\\\/wp-content\\\/uploads\\\/2026\\\/02\\\/SOME-BY-MI-AHA-BHA-PHA-30-Days-Miracle-Truecica-Clear-Pad-sveiciamieji-veido-padeliai-probleminei-odai-70-vnt.webp\",\"width\":1100,\"height\":1100},{\"@type\":\"BreadcrumbList\",\"@id\":\"https:\\\/\\\/www.malinashop.lt\\\/lt_lt\\\/shop\\\/some-by-mi-aha-bha-pha-30-days-miracle-truecica-clear-pad-sveiciamieji-veido-padeliai-probleminei-odai-70-vnt\\\/#breadcrumb\",\"itemListElement\":[{\"@type\":\"ListItem\",\"position\":1,\"name\":\"Pagrindinis\",\"item\":\"https:\\\/\\\/www.malinashop.lt\\\/\"},{\"@type\":\"ListItem\",\"position\":2,\"name\":\"Parduotuv\u0117\",\"item\":\"https:\\\/\\\/www.malinashop.lt\\\/en\\\/parduotuve\\\/\"},{\"@type\":\"ListItem\",\"position\":3,\"name\":\"SOME BY MI AHA-BHA-PHA 30 Days Miracle Truecica Clear Pad \u0161vei\u010diamieji veido padeliai probleminei odai, 70 vnt.\"}]},{\"@type\":\"WebSite\",\"@id\":\"https:\\\/\\\/www.malinashop.lt\\\/#website\",\"url\":\"https:\\\/\\\/www.malinashop.lt\\\/\",\"name\":\"COM Group Ecommerce\",\"description\":\"MalinaShop.lt - Gro\u017eio ir sveikatos produktai i\u0161 patikim\u0173 preki\u0173 \u017eenkl\u0173. Atraskite auk\u0161tos kokyb\u0117s kosmetik\u0105 u\u017e puiki\u0105 kain\u0105.\",\"publisher\":{\"@id\":\"https:\\\/\\\/www.malinashop.lt\\\/#organization\"},\"potentialAction\":[{\"@type\":\"SearchAction\",\"target\":{\"@type\":\"EntryPoint\",\"urlTemplate\":\"https:\\\/\\\/www.malinashop.lt\\\/?s={search_term_string}\"},\"query-input\":{\"@type\":\"PropertyValueSpecification\",\"valueRequired\":true,\"valueName\":\"search_term_string\"}}],\"inLanguage\":\"lt-LT\"},{\"@type\":\"Organization\",\"@id\":\"https:\\\/\\\/www.malinashop.lt\\\/#organization\",\"name\":\"COM Group Ecommerce\",\"url\":\"https:\\\/\\\/www.malinashop.lt\\\/\",\"logo\":{\"@type\":\"ImageObject\",\"inLanguage\":\"lt-LT\",\"@id\":\"https:\\\/\\\/www.malinashop.lt\\\/#\\\/schema\\\/logo\\\/image\\\/\",\"url\":\"https:\\\/\\\/www.malinashop.lt\\\/wp-content\\\/uploads\\\/2024\\\/08\\\/462559670_3787732518133670_9795632669273463_n-e1731525914575.png\",\"contentUrl\":\"https:\\\/\\\/www.malinashop.lt\\\/wp-content\\\/uploads\\\/2024\\\/08\\\/462559670_3787732518133670_9795632669273463_n-e1731525914575.png\",\"width\":180,\"height\":60,\"caption\":\"COM Group Ecommerce\"},\"image\":{\"@id\":\"https:\\\/\\\/www.malinashop.lt\\\/#\\\/schema\\\/logo\\\/image\\\/\"}}]}<\/script>\n<!-- \/ Yoast SEO plugin. -->","yoast_head_json":{"title":"SOME BY MI AHA-BHA-PHA 30 Days Miracle Truecica Clear Pad \u0161vei\u010diamieji veido padeliai probleminei odai, 70 vnt. - MalinaShop.lt J\u016bs\u0173 sveikatai ir gro\u017eiui.","description":"SOME BY MI Truecica Clear Pad \u2013 veido padeliai su AHA\/BHA\/PHA, \u0161velniai \u0161vei\u010dia, valo poras, ma\u017eina ne\u0161varumus ir padeda pri\u017ei\u016br\u0117ti problemin\u0119 od\u0105.","robots":{"index":"index","follow":"follow","max-snippet":"max-snippet:-1","max-image-preview":"max-image-preview:large","max-video-preview":"max-video-preview:-1"},"canonical":"https:\/\/www.malinashop.lt\/lt_lt\/shop\/some-by-mi-aha-bha-pha-30-days-miracle-truecica-clear-pad-sveiciamieji-veido-padeliai-probleminei-odai-70-vnt\/","og_locale":"lt_LT","og_type":"article","og_title":"SOME BY MI AHA-BHA-PHA 30 Days Miracle Truecica Clear Pad \u0161vei\u010diamieji veido padeliai probleminei odai, 70 vnt. - MalinaShop.lt J\u016bs\u0173 sveikatai ir gro\u017eiui.","og_description":"SOME BY MI Truecica Clear Pad \u2013 veido padeliai su AHA\/BHA\/PHA, \u0161velniai \u0161vei\u010dia, valo poras, ma\u017eina ne\u0161varumus ir padeda pri\u017ei\u016br\u0117ti problemin\u0119 od\u0105.","og_url":"https:\/\/www.malinashop.lt\/lt_lt\/shop\/some-by-mi-aha-bha-pha-30-days-miracle-truecica-clear-pad-sveiciamieji-veido-padeliai-probleminei-odai-70-vnt\/","og_site_name":"MalinaShop.lt J\u016bs\u0173 sveikatai ir gro\u017eiui.","article_modified_time":"2026-04-07T19:18:04+00:00","og_image":[{"width":1100,"height":1100,"url":"https:\/\/www.malinashop.lt\/wp-content\/uploads\/2026\/02\/SOME-BY-MI-AHA-BHA-PHA-30-Days-Miracle-Truecica-Clear-Pad-sveiciamieji-veido-padeliai-probleminei-odai-70-vnt.webp","type":"image\/webp"}],"twitter_card":"summary_large_image","schema":{"@context":"https:\/\/schema.org","@graph":[{"@type":"WebPage","@id":"https:\/\/www.malinashop.lt\/lt_lt\/shop\/some-by-mi-aha-bha-pha-30-days-miracle-truecica-clear-pad-sveiciamieji-veido-padeliai-probleminei-odai-70-vnt\/","url":"https:\/\/www.malinashop.lt\/lt_lt\/shop\/some-by-mi-aha-bha-pha-30-days-miracle-truecica-clear-pad-sveiciamieji-veido-padeliai-probleminei-odai-70-vnt\/","name":"SOME BY MI AHA-BHA-PHA 30 Days Miracle Truecica Clear Pad \u0161vei\u010diamieji veido padeliai probleminei odai, 70 vnt. - MalinaShop.lt J\u016bs\u0173 sveikatai ir gro\u017eiui.","isPartOf":{"@id":"https:\/\/www.malinashop.lt\/#website"},"primaryImageOfPage":{"@id":"https:\/\/www.malinashop.lt\/lt_lt\/shop\/some-by-mi-aha-bha-pha-30-days-miracle-truecica-clear-pad-sveiciamieji-veido-padeliai-probleminei-odai-70-vnt\/#primaryimage"},"image":{"@id":"https:\/\/www.malinashop.lt\/lt_lt\/shop\/some-by-mi-aha-bha-pha-30-days-miracle-truecica-clear-pad-sveiciamieji-veido-padeliai-probleminei-odai-70-vnt\/#primaryimage"},"thumbnailUrl":"https:\/\/www.malinashop.lt\/wp-content\/uploads\/2026\/02\/SOME-BY-MI-AHA-BHA-PHA-30-Days-Miracle-Truecica-Clear-Pad-sveiciamieji-veido-padeliai-probleminei-odai-70-vnt.webp","datePublished":"2026-02-19T12:05:51+00:00","dateModified":"2026-04-07T19:18:04+00:00","description":"SOME BY MI Truecica Clear Pad \u2013 veido padeliai su AHA\/BHA\/PHA, \u0161velniai \u0161vei\u010dia, valo poras, ma\u017eina ne\u0161varumus ir padeda pri\u017ei\u016br\u0117ti problemin\u0119 od\u0105.","breadcrumb":{"@id":"https:\/\/www.malinashop.lt\/lt_lt\/shop\/some-by-mi-aha-bha-pha-30-days-miracle-truecica-clear-pad-sveiciamieji-veido-padeliai-probleminei-odai-70-vnt\/#breadcrumb"},"inLanguage":"lt-LT","potentialAction":[{"@type":"ReadAction","target":["https:\/\/www.malinashop.lt\/lt_lt\/shop\/some-by-mi-aha-bha-pha-30-days-miracle-truecica-clear-pad-sveiciamieji-veido-padeliai-probleminei-odai-70-vnt\/"]}]},{"@type":"ImageObject","inLanguage":"lt-LT","@id":"https:\/\/www.malinashop.lt\/lt_lt\/shop\/some-by-mi-aha-bha-pha-30-days-miracle-truecica-clear-pad-sveiciamieji-veido-padeliai-probleminei-odai-70-vnt\/#primaryimage","url":"https:\/\/www.malinashop.lt\/wp-content\/uploads\/2026\/02\/SOME-BY-MI-AHA-BHA-PHA-30-Days-Miracle-Truecica-Clear-Pad-sveiciamieji-veido-padeliai-probleminei-odai-70-vnt.webp","contentUrl":"https:\/\/www.malinashop.lt\/wp-content\/uploads\/2026\/02\/SOME-BY-MI-AHA-BHA-PHA-30-Days-Miracle-Truecica-Clear-Pad-sveiciamieji-veido-padeliai-probleminei-odai-70-vnt.webp","width":1100,"height":1100},{"@type":"BreadcrumbList","@id":"https:\/\/www.malinashop.lt\/lt_lt\/shop\/some-by-mi-aha-bha-pha-30-days-miracle-truecica-clear-pad-sveiciamieji-veido-padeliai-probleminei-odai-70-vnt\/#breadcrumb","itemListElement":[{"@type":"ListItem","position":1,"name":"Pagrindinis","item":"https:\/\/www.malinashop.lt\/"},{"@type":"ListItem","position":2,"name":"Parduotuv\u0117","item":"https:\/\/www.malinashop.lt\/en\/parduotuve\/"},{"@type":"ListItem","position":3,"name":"SOME BY MI AHA-BHA-PHA 30 Days Miracle Truecica Clear Pad \u0161vei\u010diamieji veido padeliai probleminei odai, 70 vnt."}]},{"@type":"WebSite","@id":"https:\/\/www.malinashop.lt\/#website","url":"https:\/\/www.malinashop.lt\/","name":"COM Group Ecommerce","description":"MalinaShop.lt - Gro\u017eio ir sveikatos produktai i\u0161 patikim\u0173 preki\u0173 \u017eenkl\u0173. Atraskite auk\u0161tos kokyb\u0117s kosmetik\u0105 u\u017e puiki\u0105 kain\u0105.","publisher":{"@id":"https:\/\/www.malinashop.lt\/#organization"},"potentialAction":[{"@type":"SearchAction","target":{"@type":"EntryPoint","urlTemplate":"https:\/\/www.malinashop.lt\/?s={search_term_string}"},"query-input":{"@type":"PropertyValueSpecification","valueRequired":true,"valueName":"search_term_string"}}],"inLanguage":"lt-LT"},{"@type":"Organization","@id":"https:\/\/www.malinashop.lt\/#organization","name":"COM Group Ecommerce","url":"https:\/\/www.malinashop.lt\/","logo":{"@type":"ImageObject","inLanguage":"lt-LT","@id":"https:\/\/www.malinashop.lt\/#\/schema\/logo\/image\/","url":"https:\/\/www.malinashop.lt\/wp-content\/uploads\/2024\/08\/462559670_3787732518133670_9795632669273463_n-e1731525914575.png","contentUrl":"https:\/\/www.malinashop.lt\/wp-content\/uploads\/2024\/08\/462559670_3787732518133670_9795632669273463_n-e1731525914575.png","width":180,"height":60,"caption":"COM Group Ecommerce"},"image":{"@id":"https:\/\/www.malinashop.lt\/#\/schema\/logo\/image\/"}}]}},"jetpack_sharing_enabled":true,"_links":{"self":[{"href":"https:\/\/www.malinashop.lt\/lt_lt\/wp-json\/wp\/v2\/product\/74573","targetHints":{"allow":["GET"]}}],"collection":[{"href":"https:\/\/www.malinashop.lt\/lt_lt\/wp-json\/wp\/v2\/product"}],"about":[{"href":"https:\/\/www.malinashop.lt\/lt_lt\/wp-json\/wp\/v2\/types\/product"}],"version-history":[{"count":1,"href":"https:\/\/www.malinashop.lt\/lt_lt\/wp-json\/wp\/v2\/product\/74573\/revisions"}],"predecessor-version":[{"id":74576,"href":"https:\/\/www.malinashop.lt\/lt_lt\/wp-json\/wp\/v2\/product\/74573\/revisions\/74576"}],"wp:featuredmedia":[{"embeddable":true,"href":"https:\/\/www.malinashop.lt\/lt_lt\/wp-json\/wp\/v2\/media\/74575"}],"wp:attachment":[{"href":"https:\/\/www.malinashop.lt\/lt_lt\/wp-json\/wp\/v2\/media?parent=74573"}],"wp:term":[{"taxonomy":"product_brand","embeddable":true,"href":"https:\/\/www.malinashop.lt\/lt_lt\/wp-json\/wp\/v2\/product_brand?post=74573"},{"taxonomy":"product_cat","embeddable":true,"href":"https:\/\/www.malinashop.lt\/lt_lt\/wp-json\/wp\/v2\/product_cat?post=74573"},{"taxonomy":"product_tag","embeddable":true,"href":"https:\/\/www.malinashop.lt\/lt_lt\/wp-json\/wp\/v2\/product_tag?post=74573"}],"curies":[{"name":"wp","href":"https:\/\/api.w.org\/{rel}","templated":true}]}}