{"id":74551,"date":"2026-02-19T14:45:52","date_gmt":"2026-02-19T11:45:52","guid":{"rendered":"https:\/\/malinashop.lt\/?post_type=product&#038;p=74551"},"modified":"2026-04-07T22:18:05","modified_gmt":"2026-04-07T19:18:05","slug":"some-by-mi-beta-panthenol-repair-toner-raminantis-veido-tonikas-su-pantenoliu-150-ml","status":"publish","type":"product","link":"https:\/\/www.malinashop.lt\/lt_lt\/shop\/some-by-mi-beta-panthenol-repair-toner-raminantis-veido-tonikas-su-pantenoliu-150-ml\/","title":{"rendered":"SOME BY MI Beta Panthenol Repair Toner raminantis veido tonikas su pantenoliu, 150 ml"},"content":{"rendered":"<p data-start=\"341\" data-end=\"606\">SOME BY MI Beta Panthenol Repair Toner \u2013 veido tonikas, skirtas greitai atkurti komfort\u0105 sudirgusiai, jautriai ar i\u0161saus\u0117jusiai odai. Lengva, dr\u0117kinanti formul\u0117 padeda suma\u017einti tempimo poj\u016bt\u012f po prausimo, atgaivina ir paruo\u0161ia od\u0105 tolesniems prie\u017ei\u016bros \u017eingsniams.<\/p>\n<p data-start=\"608\" data-end=\"1063\">Toneris praturtintas patentuotu Beta-Panthenol\u2122 kompleksu \u2013 D-pantenolio (10 000 ppm) ir beta-sitosterolio deriniu, kuris padeda raminti, palaikyti odos barjero funkcij\u0105 ir atkurti dr\u0117gm\u0117s balans\u0105. Sud\u0117tyje esantis keramidas NP prisideda prie apsauginio barjero stiprinimo, o hialurono r\u016bg\u0161ties kompleksas padeda sulaikyti dr\u0117gm\u0119 odoje. Papildomai probiotik\u0173 (ferment\u0173 lizat\u0173) kompleksas palaiko odos mikrobiomos balans\u0105 ir bendr\u0105 odos \u201esveikatos\u201c poj\u016bt\u012f.<\/p>\n<p data-start=\"1065\" data-end=\"1189\">Priemon\u0117 yra be alkoholio ir paraben\u0173, tod\u0117l tinka kasdieniam naudojimui, ypa\u010d jautriai, pa\u017eeistai ar \u012f akn\u0119 linkusiai odai.<\/p>\n<p data-start=\"1191\" data-end=\"1219\"><strong data-start=\"1191\" data-end=\"1219\">Pagrindiniai privalumai:<\/strong><\/p>\n<ul data-start=\"1220\" data-end=\"1528\">\n<li data-start=\"1220\" data-end=\"1271\">\n<p data-start=\"1222\" data-end=\"1271\">Akimirksniu dr\u0117kina ir suteikia komforto poj\u016bt\u012f<\/p>\n<\/li>\n<li data-start=\"1272\" data-end=\"1332\">\n<p data-start=\"1274\" data-end=\"1332\">Beta-Panthenol\u2122 padeda raminti ir stiprinti odos barjer\u0105<\/p>\n<\/li>\n<li data-start=\"1333\" data-end=\"1384\">\n<p data-start=\"1335\" data-end=\"1384\">Pantenolis (10 000 ppm) ma\u017eina sudirgimo poj\u016bt\u012f<\/p>\n<\/li>\n<li data-start=\"1385\" data-end=\"1449\">\n<p data-start=\"1387\" data-end=\"1449\">Keramidas NP ir hialurono kompleksas padeda sulaikyti dr\u0117gm\u0119<\/p>\n<\/li>\n<li data-start=\"1450\" data-end=\"1499\">\n<p data-start=\"1452\" data-end=\"1499\">Probiotik\u0173 kompleksas palaiko odos mikrobiom\u0105<\/p>\n<\/li>\n<li data-start=\"1500\" data-end=\"1528\">\n<p data-start=\"1502\" data-end=\"1528\">Be alkoholio ir paraben\u0173<\/p>\n<\/li>\n<\/ul>\n<p data-start=\"1530\" data-end=\"1648\"><strong data-start=\"1530\" data-end=\"1545\">Naudojimas:<\/strong><br \/>\nPo veido prausimo aplikuokite tonik\u0105 pir\u0161tais arba suvilgytu vatos diskeliu. Naudokite ryte ir vakare.<\/p>\n<p data-start=\"1650\" data-end=\"1667\"><strong data-start=\"1650\" data-end=\"1660\">Talpa:<\/strong> 150 ml<\/p>\n<hr data-start=\"1669\" data-end=\"1672\" \/>\n<h3 data-start=\"1674\" data-end=\"1693\">Sud\u0117tis (INCI):<\/h3>\n<p data-start=\"1694\" data-end=\"2637\">Water\/Aqua, Propanediol, Methylpropanediol, Niacinamide, Glycerin, 1,2-Hexanediol, Panthenol (10,000 ppm), Betaine, Caprylic\/Capric Triglyceride, C12-14 Pareth-12, Trehalose, Ceramide NP, Ethylhexylglycerin, Adenosine, Hydrogenated Lecithin, Dipropylene Glycol, Hydrolyzed Hyaluronic Acid, Hyaluronic Acid, Allantoin, Xylitol, Glyceryl Glucoside, Musa Sapientum Fruit Extract, Rose Extract, Beta-Glucan, Sodium Citrate, Pyrus Communis Fruit Extract, Prunus Domestica Fruit Extract, Cetearyl Olivate, Sorbitan Olivate, Cucumis Melo Fruit Extract, Sodium Phytate, Citric Acid, Hedera Helix Leaf\/Stem Extract, Glucose, Sodium Hyaluronate, Macadamia Integrifolia Seed Oil, Beta-Sitosterol (750 ppb), Lactobacillus Ferment Lysate, Bifida Ferment Lysate, Lactococcus Ferment Lysate, Phytosterols, Hydroxypropyltrimonium Hyaluronate, Sodium Acetylated Hyaluronate, Sodium Hyaluronate Crosspolymer, Hydrolyzed Sodium Hyaluronate, Potassium Hyaluronate<\/p>\n","protected":false},"excerpt":{"rendered":"<p data-start=\"141\" data-end=\"306\">Raminantis toneris sudirgusiai ir i\u0161saus\u0117jusiai odai su Beta-Panthenol\u2122 kompleksu (D-pantenolis + beta-sitosterolis) ir probiotikais. Dr\u0117kina, stiprina barjer\u0105, tinka jautriai odai.<\/p>\n","protected":false},"featured_media":74554,"template":"","meta":[],"product_brand":[1648],"product_cat":[537,728],"product_tag":[1650],"class_list":{"0":"post-74551","1":"product","2":"type-product","3":"status-publish","4":"has-post-thumbnail","6":"product_brand-some-by-mi","7":"product_cat-veido-valymo-priemones","8":"product_cat-veidui","9":"product_tag-some-by-mi","11":"first","12":"instock","13":"taxable","14":"shipping-taxable","15":"purchasable","16":"product-type-simple"},"yoast_head":"<!-- This site is optimized with the Yoast SEO plugin v27.4 - https:\/\/yoast.com\/product\/yoast-seo-wordpress\/ -->\n<title>SOME BY MI Beta Panthenol Repair Toner raminantis veido tonikas su pantenoliu, 150 ml - MalinaShop.lt J\u016bs\u0173 sveikatai ir gro\u017eiui.<\/title>\n<meta name=\"description\" content=\"SOME BY MI Beta Panthenol Repair Toner \u2013 tonikas su pantenoliu ir beta-sitosteroliu, dr\u0117kina, ramina sudirgusi\u0105 od\u0105, stiprina barjer\u0105 ir tinka jautriai odai\" \/>\n<meta name=\"robots\" content=\"index, follow, max-snippet:-1, max-image-preview:large, max-video-preview:-1\" \/>\n<link rel=\"canonical\" href=\"https:\/\/www.malinashop.lt\/lt_lt\/shop\/some-by-mi-beta-panthenol-repair-toner-raminantis-veido-tonikas-su-pantenoliu-150-ml\/\" \/>\n<meta property=\"og:locale\" content=\"lt_LT\" \/>\n<meta property=\"og:type\" content=\"article\" \/>\n<meta property=\"og:title\" content=\"SOME BY MI Beta Panthenol Repair Toner raminantis veido tonikas su pantenoliu, 150 ml - MalinaShop.lt J\u016bs\u0173 sveikatai ir gro\u017eiui.\" \/>\n<meta property=\"og:description\" content=\"SOME BY MI Beta Panthenol Repair Toner \u2013 tonikas su pantenoliu ir beta-sitosteroliu, dr\u0117kina, ramina sudirgusi\u0105 od\u0105, stiprina barjer\u0105 ir tinka jautriai odai\" \/>\n<meta property=\"og:url\" content=\"https:\/\/www.malinashop.lt\/lt_lt\/shop\/some-by-mi-beta-panthenol-repair-toner-raminantis-veido-tonikas-su-pantenoliu-150-ml\/\" \/>\n<meta property=\"og:site_name\" content=\"MalinaShop.lt J\u016bs\u0173 sveikatai ir gro\u017eiui.\" \/>\n<meta property=\"article:modified_time\" content=\"2026-04-07T19:18:05+00:00\" \/>\n<meta property=\"og:image\" content=\"https:\/\/www.malinashop.lt\/wp-content\/uploads\/2026\/02\/SOME-BY-MI-Beta-Panthenol-Repair-Toner-raminantis-veido-tonikas-su-pantenoliu-150-ml.webp\" \/>\n\t<meta property=\"og:image:width\" content=\"1100\" \/>\n\t<meta property=\"og:image:height\" content=\"1100\" \/>\n\t<meta property=\"og:image:type\" content=\"image\/webp\" \/>\n<meta name=\"twitter:card\" content=\"summary_large_image\" \/>\n<script type=\"application\/ld+json\" class=\"yoast-schema-graph\">{\"@context\":\"https:\\\/\\\/schema.org\",\"@graph\":[{\"@type\":\"WebPage\",\"@id\":\"https:\\\/\\\/www.malinashop.lt\\\/lt_lt\\\/shop\\\/some-by-mi-beta-panthenol-repair-toner-raminantis-veido-tonikas-su-pantenoliu-150-ml\\\/\",\"url\":\"https:\\\/\\\/www.malinashop.lt\\\/lt_lt\\\/shop\\\/some-by-mi-beta-panthenol-repair-toner-raminantis-veido-tonikas-su-pantenoliu-150-ml\\\/\",\"name\":\"SOME BY MI Beta Panthenol Repair Toner raminantis veido tonikas su pantenoliu, 150 ml - MalinaShop.lt J\u016bs\u0173 sveikatai ir gro\u017eiui.\",\"isPartOf\":{\"@id\":\"https:\\\/\\\/www.malinashop.lt\\\/#website\"},\"primaryImageOfPage\":{\"@id\":\"https:\\\/\\\/www.malinashop.lt\\\/lt_lt\\\/shop\\\/some-by-mi-beta-panthenol-repair-toner-raminantis-veido-tonikas-su-pantenoliu-150-ml\\\/#primaryimage\"},\"image\":{\"@id\":\"https:\\\/\\\/www.malinashop.lt\\\/lt_lt\\\/shop\\\/some-by-mi-beta-panthenol-repair-toner-raminantis-veido-tonikas-su-pantenoliu-150-ml\\\/#primaryimage\"},\"thumbnailUrl\":\"https:\\\/\\\/www.malinashop.lt\\\/wp-content\\\/uploads\\\/2026\\\/02\\\/SOME-BY-MI-Beta-Panthenol-Repair-Toner-raminantis-veido-tonikas-su-pantenoliu-150-ml.webp\",\"datePublished\":\"2026-02-19T11:45:52+00:00\",\"dateModified\":\"2026-04-07T19:18:05+00:00\",\"description\":\"SOME BY MI Beta Panthenol Repair Toner \u2013 tonikas su pantenoliu ir beta-sitosteroliu, dr\u0117kina, ramina sudirgusi\u0105 od\u0105, stiprina barjer\u0105 ir tinka jautriai odai\",\"breadcrumb\":{\"@id\":\"https:\\\/\\\/www.malinashop.lt\\\/lt_lt\\\/shop\\\/some-by-mi-beta-panthenol-repair-toner-raminantis-veido-tonikas-su-pantenoliu-150-ml\\\/#breadcrumb\"},\"inLanguage\":\"lt-LT\",\"potentialAction\":[{\"@type\":\"ReadAction\",\"target\":[\"https:\\\/\\\/www.malinashop.lt\\\/lt_lt\\\/shop\\\/some-by-mi-beta-panthenol-repair-toner-raminantis-veido-tonikas-su-pantenoliu-150-ml\\\/\"]}]},{\"@type\":\"ImageObject\",\"inLanguage\":\"lt-LT\",\"@id\":\"https:\\\/\\\/www.malinashop.lt\\\/lt_lt\\\/shop\\\/some-by-mi-beta-panthenol-repair-toner-raminantis-veido-tonikas-su-pantenoliu-150-ml\\\/#primaryimage\",\"url\":\"https:\\\/\\\/www.malinashop.lt\\\/wp-content\\\/uploads\\\/2026\\\/02\\\/SOME-BY-MI-Beta-Panthenol-Repair-Toner-raminantis-veido-tonikas-su-pantenoliu-150-ml.webp\",\"contentUrl\":\"https:\\\/\\\/www.malinashop.lt\\\/wp-content\\\/uploads\\\/2026\\\/02\\\/SOME-BY-MI-Beta-Panthenol-Repair-Toner-raminantis-veido-tonikas-su-pantenoliu-150-ml.webp\",\"width\":1100,\"height\":1100},{\"@type\":\"BreadcrumbList\",\"@id\":\"https:\\\/\\\/www.malinashop.lt\\\/lt_lt\\\/shop\\\/some-by-mi-beta-panthenol-repair-toner-raminantis-veido-tonikas-su-pantenoliu-150-ml\\\/#breadcrumb\",\"itemListElement\":[{\"@type\":\"ListItem\",\"position\":1,\"name\":\"Pagrindinis\",\"item\":\"https:\\\/\\\/www.malinashop.lt\\\/\"},{\"@type\":\"ListItem\",\"position\":2,\"name\":\"Parduotuv\u0117\",\"item\":\"https:\\\/\\\/www.malinashop.lt\\\/en\\\/parduotuve\\\/\"},{\"@type\":\"ListItem\",\"position\":3,\"name\":\"SOME BY MI Beta Panthenol Repair Toner raminantis veido tonikas su pantenoliu, 150 ml\"}]},{\"@type\":\"WebSite\",\"@id\":\"https:\\\/\\\/www.malinashop.lt\\\/#website\",\"url\":\"https:\\\/\\\/www.malinashop.lt\\\/\",\"name\":\"COM Group Ecommerce\",\"description\":\"MalinaShop.lt - Gro\u017eio ir sveikatos produktai i\u0161 patikim\u0173 preki\u0173 \u017eenkl\u0173. Atraskite auk\u0161tos kokyb\u0117s kosmetik\u0105 u\u017e puiki\u0105 kain\u0105.\",\"publisher\":{\"@id\":\"https:\\\/\\\/www.malinashop.lt\\\/#organization\"},\"potentialAction\":[{\"@type\":\"SearchAction\",\"target\":{\"@type\":\"EntryPoint\",\"urlTemplate\":\"https:\\\/\\\/www.malinashop.lt\\\/?s={search_term_string}\"},\"query-input\":{\"@type\":\"PropertyValueSpecification\",\"valueRequired\":true,\"valueName\":\"search_term_string\"}}],\"inLanguage\":\"lt-LT\"},{\"@type\":\"Organization\",\"@id\":\"https:\\\/\\\/www.malinashop.lt\\\/#organization\",\"name\":\"COM Group Ecommerce\",\"url\":\"https:\\\/\\\/www.malinashop.lt\\\/\",\"logo\":{\"@type\":\"ImageObject\",\"inLanguage\":\"lt-LT\",\"@id\":\"https:\\\/\\\/www.malinashop.lt\\\/#\\\/schema\\\/logo\\\/image\\\/\",\"url\":\"https:\\\/\\\/www.malinashop.lt\\\/wp-content\\\/uploads\\\/2024\\\/08\\\/462559670_3787732518133670_9795632669273463_n-e1731525914575.png\",\"contentUrl\":\"https:\\\/\\\/www.malinashop.lt\\\/wp-content\\\/uploads\\\/2024\\\/08\\\/462559670_3787732518133670_9795632669273463_n-e1731525914575.png\",\"width\":180,\"height\":60,\"caption\":\"COM Group Ecommerce\"},\"image\":{\"@id\":\"https:\\\/\\\/www.malinashop.lt\\\/#\\\/schema\\\/logo\\\/image\\\/\"}}]}<\/script>\n<!-- \/ Yoast SEO plugin. -->","yoast_head_json":{"title":"SOME BY MI Beta Panthenol Repair Toner raminantis veido tonikas su pantenoliu, 150 ml - MalinaShop.lt J\u016bs\u0173 sveikatai ir gro\u017eiui.","description":"SOME BY MI Beta Panthenol Repair Toner \u2013 tonikas su pantenoliu ir beta-sitosteroliu, dr\u0117kina, ramina sudirgusi\u0105 od\u0105, stiprina barjer\u0105 ir tinka jautriai odai","robots":{"index":"index","follow":"follow","max-snippet":"max-snippet:-1","max-image-preview":"max-image-preview:large","max-video-preview":"max-video-preview:-1"},"canonical":"https:\/\/www.malinashop.lt\/lt_lt\/shop\/some-by-mi-beta-panthenol-repair-toner-raminantis-veido-tonikas-su-pantenoliu-150-ml\/","og_locale":"lt_LT","og_type":"article","og_title":"SOME BY MI Beta Panthenol Repair Toner raminantis veido tonikas su pantenoliu, 150 ml - MalinaShop.lt J\u016bs\u0173 sveikatai ir gro\u017eiui.","og_description":"SOME BY MI Beta Panthenol Repair Toner \u2013 tonikas su pantenoliu ir beta-sitosteroliu, dr\u0117kina, ramina sudirgusi\u0105 od\u0105, stiprina barjer\u0105 ir tinka jautriai odai","og_url":"https:\/\/www.malinashop.lt\/lt_lt\/shop\/some-by-mi-beta-panthenol-repair-toner-raminantis-veido-tonikas-su-pantenoliu-150-ml\/","og_site_name":"MalinaShop.lt J\u016bs\u0173 sveikatai ir gro\u017eiui.","article_modified_time":"2026-04-07T19:18:05+00:00","og_image":[{"width":1100,"height":1100,"url":"https:\/\/www.malinashop.lt\/wp-content\/uploads\/2026\/02\/SOME-BY-MI-Beta-Panthenol-Repair-Toner-raminantis-veido-tonikas-su-pantenoliu-150-ml.webp","type":"image\/webp"}],"twitter_card":"summary_large_image","schema":{"@context":"https:\/\/schema.org","@graph":[{"@type":"WebPage","@id":"https:\/\/www.malinashop.lt\/lt_lt\/shop\/some-by-mi-beta-panthenol-repair-toner-raminantis-veido-tonikas-su-pantenoliu-150-ml\/","url":"https:\/\/www.malinashop.lt\/lt_lt\/shop\/some-by-mi-beta-panthenol-repair-toner-raminantis-veido-tonikas-su-pantenoliu-150-ml\/","name":"SOME BY MI Beta Panthenol Repair Toner raminantis veido tonikas su pantenoliu, 150 ml - MalinaShop.lt J\u016bs\u0173 sveikatai ir gro\u017eiui.","isPartOf":{"@id":"https:\/\/www.malinashop.lt\/#website"},"primaryImageOfPage":{"@id":"https:\/\/www.malinashop.lt\/lt_lt\/shop\/some-by-mi-beta-panthenol-repair-toner-raminantis-veido-tonikas-su-pantenoliu-150-ml\/#primaryimage"},"image":{"@id":"https:\/\/www.malinashop.lt\/lt_lt\/shop\/some-by-mi-beta-panthenol-repair-toner-raminantis-veido-tonikas-su-pantenoliu-150-ml\/#primaryimage"},"thumbnailUrl":"https:\/\/www.malinashop.lt\/wp-content\/uploads\/2026\/02\/SOME-BY-MI-Beta-Panthenol-Repair-Toner-raminantis-veido-tonikas-su-pantenoliu-150-ml.webp","datePublished":"2026-02-19T11:45:52+00:00","dateModified":"2026-04-07T19:18:05+00:00","description":"SOME BY MI Beta Panthenol Repair Toner \u2013 tonikas su pantenoliu ir beta-sitosteroliu, dr\u0117kina, ramina sudirgusi\u0105 od\u0105, stiprina barjer\u0105 ir tinka jautriai odai","breadcrumb":{"@id":"https:\/\/www.malinashop.lt\/lt_lt\/shop\/some-by-mi-beta-panthenol-repair-toner-raminantis-veido-tonikas-su-pantenoliu-150-ml\/#breadcrumb"},"inLanguage":"lt-LT","potentialAction":[{"@type":"ReadAction","target":["https:\/\/www.malinashop.lt\/lt_lt\/shop\/some-by-mi-beta-panthenol-repair-toner-raminantis-veido-tonikas-su-pantenoliu-150-ml\/"]}]},{"@type":"ImageObject","inLanguage":"lt-LT","@id":"https:\/\/www.malinashop.lt\/lt_lt\/shop\/some-by-mi-beta-panthenol-repair-toner-raminantis-veido-tonikas-su-pantenoliu-150-ml\/#primaryimage","url":"https:\/\/www.malinashop.lt\/wp-content\/uploads\/2026\/02\/SOME-BY-MI-Beta-Panthenol-Repair-Toner-raminantis-veido-tonikas-su-pantenoliu-150-ml.webp","contentUrl":"https:\/\/www.malinashop.lt\/wp-content\/uploads\/2026\/02\/SOME-BY-MI-Beta-Panthenol-Repair-Toner-raminantis-veido-tonikas-su-pantenoliu-150-ml.webp","width":1100,"height":1100},{"@type":"BreadcrumbList","@id":"https:\/\/www.malinashop.lt\/lt_lt\/shop\/some-by-mi-beta-panthenol-repair-toner-raminantis-veido-tonikas-su-pantenoliu-150-ml\/#breadcrumb","itemListElement":[{"@type":"ListItem","position":1,"name":"Pagrindinis","item":"https:\/\/www.malinashop.lt\/"},{"@type":"ListItem","position":2,"name":"Parduotuv\u0117","item":"https:\/\/www.malinashop.lt\/en\/parduotuve\/"},{"@type":"ListItem","position":3,"name":"SOME BY MI Beta Panthenol Repair Toner raminantis veido tonikas su pantenoliu, 150 ml"}]},{"@type":"WebSite","@id":"https:\/\/www.malinashop.lt\/#website","url":"https:\/\/www.malinashop.lt\/","name":"COM Group Ecommerce","description":"MalinaShop.lt - Gro\u017eio ir sveikatos produktai i\u0161 patikim\u0173 preki\u0173 \u017eenkl\u0173. Atraskite auk\u0161tos kokyb\u0117s kosmetik\u0105 u\u017e puiki\u0105 kain\u0105.","publisher":{"@id":"https:\/\/www.malinashop.lt\/#organization"},"potentialAction":[{"@type":"SearchAction","target":{"@type":"EntryPoint","urlTemplate":"https:\/\/www.malinashop.lt\/?s={search_term_string}"},"query-input":{"@type":"PropertyValueSpecification","valueRequired":true,"valueName":"search_term_string"}}],"inLanguage":"lt-LT"},{"@type":"Organization","@id":"https:\/\/www.malinashop.lt\/#organization","name":"COM Group Ecommerce","url":"https:\/\/www.malinashop.lt\/","logo":{"@type":"ImageObject","inLanguage":"lt-LT","@id":"https:\/\/www.malinashop.lt\/#\/schema\/logo\/image\/","url":"https:\/\/www.malinashop.lt\/wp-content\/uploads\/2024\/08\/462559670_3787732518133670_9795632669273463_n-e1731525914575.png","contentUrl":"https:\/\/www.malinashop.lt\/wp-content\/uploads\/2024\/08\/462559670_3787732518133670_9795632669273463_n-e1731525914575.png","width":180,"height":60,"caption":"COM Group Ecommerce"},"image":{"@id":"https:\/\/www.malinashop.lt\/#\/schema\/logo\/image\/"}}]}},"jetpack_sharing_enabled":true,"_links":{"self":[{"href":"https:\/\/www.malinashop.lt\/lt_lt\/wp-json\/wp\/v2\/product\/74551","targetHints":{"allow":["GET"]}}],"collection":[{"href":"https:\/\/www.malinashop.lt\/lt_lt\/wp-json\/wp\/v2\/product"}],"about":[{"href":"https:\/\/www.malinashop.lt\/lt_lt\/wp-json\/wp\/v2\/types\/product"}],"version-history":[{"count":1,"href":"https:\/\/www.malinashop.lt\/lt_lt\/wp-json\/wp\/v2\/product\/74551\/revisions"}],"predecessor-version":[{"id":74555,"href":"https:\/\/www.malinashop.lt\/lt_lt\/wp-json\/wp\/v2\/product\/74551\/revisions\/74555"}],"wp:featuredmedia":[{"embeddable":true,"href":"https:\/\/www.malinashop.lt\/lt_lt\/wp-json\/wp\/v2\/media\/74554"}],"wp:attachment":[{"href":"https:\/\/www.malinashop.lt\/lt_lt\/wp-json\/wp\/v2\/media?parent=74551"}],"wp:term":[{"taxonomy":"product_brand","embeddable":true,"href":"https:\/\/www.malinashop.lt\/lt_lt\/wp-json\/wp\/v2\/product_brand?post=74551"},{"taxonomy":"product_cat","embeddable":true,"href":"https:\/\/www.malinashop.lt\/lt_lt\/wp-json\/wp\/v2\/product_cat?post=74551"},{"taxonomy":"product_tag","embeddable":true,"href":"https:\/\/www.malinashop.lt\/lt_lt\/wp-json\/wp\/v2\/product_tag?post=74551"}],"curies":[{"name":"wp","href":"https:\/\/api.w.org\/{rel}","templated":true}]}}