{"id":74534,"date":"2026-01-19T14:20:36","date_gmt":"2026-01-19T11:20:36","guid":{"rendered":"https:\/\/malinashop.lt\/?post_type=product&#038;p=74534"},"modified":"2026-04-07T22:18:31","modified_gmt":"2026-04-07T19:18:31","slug":"some-by-mi-galactomyces-glutathione-daily-mask-drekinanciu-kaukiu-rinkinys-spindesiui-30-vnt","status":"publish","type":"product","link":"https:\/\/www.malinashop.lt\/lt_lt\/shop\/some-by-mi-galactomyces-glutathione-daily-mask-drekinanciu-kaukiu-rinkinys-spindesiui-30-vnt\/","title":{"rendered":"SOME BY MI Galactomyces Glutathione Daily Mask dr\u0117kinan\u010di\u0173 kauki\u0173 rinkinys spindesiui, 30 vnt."},"content":{"rendered":"<p data-start=\"334\" data-end=\"609\">SOME BY MI Galactomyces Glutathione Daily Mask 30pc \u2013 patogus lak\u0161tini\u0173 veido kauki\u0173 rinkinys d\u0117\u017eut\u0117je, skirtas reguliariam odos dr\u0117kinimui ir skaistumo palaikymui. Kauk\u0117s prisotintos esencija, kuri padeda atgaivinti pavargusi\u0105 od\u0105, suteikti jai spindesio ir komforto poj\u016bt\u012f.<\/p>\n<p data-start=\"611\" data-end=\"986\">Sud\u0117tyje esantis Galactomyces fermento filtras padeda palaikyti glotnesn\u0119 odos tekst\u016br\u0105 ir \u0161vyt\u0117jim\u0105, o glutationas pasi\u017eymi antioksidaciniu poveikiu \u2013 padeda saugoti od\u0105 nuo laisv\u0173j\u0173 radikal\u0173 ir prisideda prie skaistesn\u0117s odos i\u0161vaizdos. Niacinamidas padeda palaikyti tolygesn\u012f odos ton\u0105, vizualiai ma\u017einti pigmentini\u0173 d\u0117mi\u0173 matomum\u0105 bei prisideda prie riebios odos balanso.<\/p>\n<p data-start=\"988\" data-end=\"1296\">Formul\u0119 papildo dr\u0117kinantys komponentai (glicerinas, glyceryl glucoside, hialurono r\u016bg\u0161ties kompleksas), pantenolis ir adenozinas, kurie suteikia odai putlumo poj\u016bt\u012f ir padeda i\u0161laikyti komfort\u0105. D\u0117\u017eut\u0117s formatas patogus naudoti kasdien ar pagal poreik\u012f \u2013 svarbu po kiekvieno naudojimo j\u0105 sandariai u\u017edaryti.<\/p>\n<p data-start=\"1298\" data-end=\"1326\"><strong data-start=\"1298\" data-end=\"1326\">Pagrindiniai privalumai:<\/strong><\/p>\n<ul data-start=\"1327\" data-end=\"1615\">\n<li data-start=\"1327\" data-end=\"1374\">\n<p data-start=\"1329\" data-end=\"1374\">30 vnt. kauki\u0173 \u2013 patogu reguliariai rutinai<\/p>\n<\/li>\n<li data-start=\"1375\" data-end=\"1413\">\n<p data-start=\"1377\" data-end=\"1413\">Dr\u0117kina ir suteikia odai \u0161vyt\u0117jimo<\/p>\n<\/li>\n<li data-start=\"1414\" data-end=\"1481\">\n<p data-start=\"1416\" data-end=\"1481\">Galactomyces fermentas padeda palaikyti glotnesn\u0119 odos i\u0161vaizd\u0105<\/p>\n<\/li>\n<li data-start=\"1482\" data-end=\"1545\">\n<p data-start=\"1484\" data-end=\"1545\">Glutationas \u2013 antioksidacin\u0117 apsauga ir skaistinimo efektas<\/p>\n<\/li>\n<li data-start=\"1546\" data-end=\"1615\">\n<p data-start=\"1548\" data-end=\"1615\">Niacinamidas padeda tolyginti odos ton\u0105 ir ma\u017einti riebumo poj\u016bt\u012f<\/p>\n<\/li>\n<\/ul>\n<p data-start=\"1617\" data-end=\"1871\"><strong data-start=\"1617\" data-end=\"1632\">Naudojimas:<\/strong><br \/>\nAnt \u0161varios veido odos u\u017ed\u0117kite kauk\u0119 ir laikykite 10\u201320 min. Nuimkite ir \u0161velniai patap\u0161nokite likusi\u0105 esencij\u0105, kad \u012fsigert\u0173. Rekomenduojama naudoti vakare, o ryte \u2013 apsaugoti od\u0105 kremu su SPF. I\u0161\u0117mus kauk\u0119, sandariai u\u017edarykite d\u0117\u017eut\u0119.<\/p>\n<p data-start=\"1873\" data-end=\"1902\"><strong data-start=\"1873\" data-end=\"1894\">Kiekis pakuot\u0117je:<\/strong> 30 vnt.<\/p>\n<p data-start=\"1904\" data-end=\"3079\"><strong data-start=\"1904\" data-end=\"1923\">Sud\u0117tis (INCI):<\/strong><br data-start=\"1923\" data-end=\"1926\" \/>Water\/Aqua, Dipropylene Glycol, Glycerin, Niacinamide, Methylpropanediol, Glyceryl Glucoside, Galactomyces Ferment Filtrate (10,780 ppm), Glycereth-26, Erythritol, Polyglyceryl-10 Laurate, Hydroxyacetophenone, Panthenol, Caprylyl Glycol, Hydrolyzed Jojoba Esters, Ethylhexylglycerin, Adenosine, Carbomer, Glucose, Xanthan Gum, Arginine, 1,2-Hexanediol, Butylene Glycol, Citric Acid, Polyquaternium-51, Citrus Aurantium Bergamia (Bergamot) Fruit Oil, Diethylhexyl Sodium Sulfosuccinate, Pantolactone, Sodium Citrate, Lavandula Angustifolia (Lavender) Oil, Glutathione (10.89 ppm), Sodium Hyaluronate, Oryza Sativa (Rice) Extract, Ascorbic Acid, Pyrus Malus (Apple) Fruit Extract, Dipotassium Glycyrrhizate, Hydrogenated Lecithin, Gluconolactone, Brassica Oleracea Italica (Broccoli) Extract, Prunus Serrulata Flower Extract, Nelumbo Nucifera Flower Extract, Lilium Tigrinum Extract, Copper Tripeptide-1, Hydrolyzed Hyaluronic Acid, Hyaluronic Acid, Sodium Hyaluronate Crosspolymer, Hydroxypropyltrimonium Hyaluronate, Potassium Hyaluronate, Hydrolyzed Sodium Hyaluronate, Pentylene Glycol, Sodium Acetylated Hyaluronate, Disodium EDTA, Limonene, Linalool<\/p>\n","protected":false},"excerpt":{"rendered":"<p data-start=\"141\" data-end=\"306\">30 vnt. kasdieni\u0173 lak\u0161tini\u0173 kauki\u0173 rinkinys su Galactomyces fermentu, glutationu ir niacinamidu. Dr\u0117kina, suteikia \u0161vyt\u0117jimo ir padeda palaikyti tolygesn\u012f odos ton\u0105.<\/p>\n","protected":false},"featured_media":74537,"template":"","meta":[],"product_brand":[1648],"product_cat":[1136,728],"product_tag":[1650],"class_list":{"0":"post-74534","1":"product","2":"type-product","3":"status-publish","4":"has-post-thumbnail","6":"product_brand-some-by-mi","7":"product_cat-lakstines-veido-kaukes","8":"product_cat-veidui","9":"product_tag-some-by-mi","11":"first","12":"outofstock","13":"taxable","14":"shipping-taxable","15":"purchasable","16":"product-type-simple"},"yoast_head":"<!-- This site is optimized with the Yoast SEO plugin v27.4 - https:\/\/yoast.com\/product\/yoast-seo-wordpress\/ -->\n<title>SOME BY MI Galactomyces Glutathione Daily Mask dr\u0117kinan\u010di\u0173 kauki\u0173 rinkinys spindesiui, 30 vnt. - MalinaShop.lt J\u016bs\u0173 sveikatai ir gro\u017eiui.<\/title>\n<meta name=\"description\" content=\"SOME BY MI Galactomyces Glutathione Daily Mask 30 vnt. \u2013 dr\u0117kinan\u010dios kauk\u0117s spindesiui su Galactomyces, glutationu ir niacinamidu, tolygina ton\u0105.\" \/>\n<meta name=\"robots\" content=\"index, follow, max-snippet:-1, max-image-preview:large, max-video-preview:-1\" \/>\n<link rel=\"canonical\" href=\"https:\/\/www.malinashop.lt\/lt_lt\/shop\/some-by-mi-galactomyces-glutathione-daily-mask-drekinanciu-kaukiu-rinkinys-spindesiui-30-vnt\/\" \/>\n<meta property=\"og:locale\" content=\"lt_LT\" \/>\n<meta property=\"og:type\" content=\"article\" \/>\n<meta property=\"og:title\" content=\"SOME BY MI Galactomyces Glutathione Daily Mask dr\u0117kinan\u010di\u0173 kauki\u0173 rinkinys spindesiui, 30 vnt. - MalinaShop.lt J\u016bs\u0173 sveikatai ir gro\u017eiui.\" \/>\n<meta property=\"og:description\" content=\"SOME BY MI Galactomyces Glutathione Daily Mask 30 vnt. \u2013 dr\u0117kinan\u010dios kauk\u0117s spindesiui su Galactomyces, glutationu ir niacinamidu, tolygina ton\u0105.\" \/>\n<meta property=\"og:url\" content=\"https:\/\/www.malinashop.lt\/lt_lt\/shop\/some-by-mi-galactomyces-glutathione-daily-mask-drekinanciu-kaukiu-rinkinys-spindesiui-30-vnt\/\" \/>\n<meta property=\"og:site_name\" content=\"MalinaShop.lt J\u016bs\u0173 sveikatai ir gro\u017eiui.\" \/>\n<meta property=\"article:modified_time\" content=\"2026-04-07T19:18:31+00:00\" \/>\n<meta property=\"og:image\" content=\"https:\/\/www.malinashop.lt\/wp-content\/uploads\/2026\/02\/SOME-BY-MI-Galactomyces-Glutathione-Daily-Mask-drekinanciu-kaukiu-rinkinys-spindesiui-30-vnt.webp\" \/>\n\t<meta property=\"og:image:width\" content=\"1100\" \/>\n\t<meta property=\"og:image:height\" content=\"1100\" \/>\n\t<meta property=\"og:image:type\" content=\"image\/webp\" \/>\n<meta name=\"twitter:card\" content=\"summary_large_image\" \/>\n<script type=\"application\/ld+json\" class=\"yoast-schema-graph\">{\"@context\":\"https:\\\/\\\/schema.org\",\"@graph\":[{\"@type\":\"WebPage\",\"@id\":\"https:\\\/\\\/www.malinashop.lt\\\/en\\\/shop\\\/some-by-mi-galactomyces-glutathione-daily-mask-drekinanciu-kaukiu-rinkinys-spindesiui-30-vnt\\\/\",\"url\":\"https:\\\/\\\/www.malinashop.lt\\\/en\\\/shop\\\/some-by-mi-galactomyces-glutathione-daily-mask-drekinanciu-kaukiu-rinkinys-spindesiui-30-vnt\\\/\",\"name\":\"SOME BY MI Galactomyces Glutathione Daily Mask dr\u0117kinan\u010di\u0173 kauki\u0173 rinkinys spindesiui, 30 vnt. - MalinaShop.lt J\u016bs\u0173 sveikatai ir gro\u017eiui.\",\"isPartOf\":{\"@id\":\"https:\\\/\\\/www.malinashop.lt\\\/#website\"},\"primaryImageOfPage\":{\"@id\":\"https:\\\/\\\/www.malinashop.lt\\\/en\\\/shop\\\/some-by-mi-galactomyces-glutathione-daily-mask-drekinanciu-kaukiu-rinkinys-spindesiui-30-vnt\\\/#primaryimage\"},\"image\":{\"@id\":\"https:\\\/\\\/www.malinashop.lt\\\/en\\\/shop\\\/some-by-mi-galactomyces-glutathione-daily-mask-drekinanciu-kaukiu-rinkinys-spindesiui-30-vnt\\\/#primaryimage\"},\"thumbnailUrl\":\"https:\\\/\\\/www.malinashop.lt\\\/wp-content\\\/uploads\\\/2026\\\/02\\\/SOME-BY-MI-Galactomyces-Glutathione-Daily-Mask-drekinanciu-kaukiu-rinkinys-spindesiui-30-vnt.webp\",\"datePublished\":\"2026-01-19T11:20:36+00:00\",\"dateModified\":\"2026-04-07T19:18:31+00:00\",\"description\":\"SOME BY MI Galactomyces Glutathione Daily Mask 30 vnt. \u2013 dr\u0117kinan\u010dios kauk\u0117s spindesiui su Galactomyces, glutationu ir niacinamidu, tolygina ton\u0105.\",\"breadcrumb\":{\"@id\":\"https:\\\/\\\/www.malinashop.lt\\\/en\\\/shop\\\/some-by-mi-galactomyces-glutathione-daily-mask-drekinanciu-kaukiu-rinkinys-spindesiui-30-vnt\\\/#breadcrumb\"},\"inLanguage\":\"lt-LT\",\"potentialAction\":[{\"@type\":\"ReadAction\",\"target\":[\"https:\\\/\\\/www.malinashop.lt\\\/en\\\/shop\\\/some-by-mi-galactomyces-glutathione-daily-mask-drekinanciu-kaukiu-rinkinys-spindesiui-30-vnt\\\/\"]}]},{\"@type\":\"ImageObject\",\"inLanguage\":\"lt-LT\",\"@id\":\"https:\\\/\\\/www.malinashop.lt\\\/en\\\/shop\\\/some-by-mi-galactomyces-glutathione-daily-mask-drekinanciu-kaukiu-rinkinys-spindesiui-30-vnt\\\/#primaryimage\",\"url\":\"https:\\\/\\\/www.malinashop.lt\\\/wp-content\\\/uploads\\\/2026\\\/02\\\/SOME-BY-MI-Galactomyces-Glutathione-Daily-Mask-drekinanciu-kaukiu-rinkinys-spindesiui-30-vnt.webp\",\"contentUrl\":\"https:\\\/\\\/www.malinashop.lt\\\/wp-content\\\/uploads\\\/2026\\\/02\\\/SOME-BY-MI-Galactomyces-Glutathione-Daily-Mask-drekinanciu-kaukiu-rinkinys-spindesiui-30-vnt.webp\",\"width\":1100,\"height\":1100},{\"@type\":\"BreadcrumbList\",\"@id\":\"https:\\\/\\\/www.malinashop.lt\\\/en\\\/shop\\\/some-by-mi-galactomyces-glutathione-daily-mask-drekinanciu-kaukiu-rinkinys-spindesiui-30-vnt\\\/#breadcrumb\",\"itemListElement\":[{\"@type\":\"ListItem\",\"position\":1,\"name\":\"Pagrindinis\",\"item\":\"https:\\\/\\\/www.malinashop.lt\\\/\"},{\"@type\":\"ListItem\",\"position\":2,\"name\":\"Parduotuv\u0117\",\"item\":\"https:\\\/\\\/www.malinashop.lt\\\/en\\\/parduotuve\\\/\"},{\"@type\":\"ListItem\",\"position\":3,\"name\":\"SOME BY MI Galactomyces Glutathione Daily Mask dr\u0117kinan\u010di\u0173 kauki\u0173 rinkinys spindesiui, 30 vnt.\"}]},{\"@type\":\"WebSite\",\"@id\":\"https:\\\/\\\/www.malinashop.lt\\\/#website\",\"url\":\"https:\\\/\\\/www.malinashop.lt\\\/\",\"name\":\"COM Group Ecommerce\",\"description\":\"MalinaShop.lt - Gro\u017eio ir sveikatos produktai i\u0161 patikim\u0173 preki\u0173 \u017eenkl\u0173. Atraskite auk\u0161tos kokyb\u0117s kosmetik\u0105 u\u017e puiki\u0105 kain\u0105.\",\"publisher\":{\"@id\":\"https:\\\/\\\/www.malinashop.lt\\\/#organization\"},\"potentialAction\":[{\"@type\":\"SearchAction\",\"target\":{\"@type\":\"EntryPoint\",\"urlTemplate\":\"https:\\\/\\\/www.malinashop.lt\\\/?s={search_term_string}\"},\"query-input\":{\"@type\":\"PropertyValueSpecification\",\"valueRequired\":true,\"valueName\":\"search_term_string\"}}],\"inLanguage\":\"lt-LT\"},{\"@type\":\"Organization\",\"@id\":\"https:\\\/\\\/www.malinashop.lt\\\/#organization\",\"name\":\"COM Group Ecommerce\",\"url\":\"https:\\\/\\\/www.malinashop.lt\\\/\",\"logo\":{\"@type\":\"ImageObject\",\"inLanguage\":\"lt-LT\",\"@id\":\"https:\\\/\\\/www.malinashop.lt\\\/#\\\/schema\\\/logo\\\/image\\\/\",\"url\":\"https:\\\/\\\/www.malinashop.lt\\\/wp-content\\\/uploads\\\/2024\\\/08\\\/462559670_3787732518133670_9795632669273463_n-e1731525914575.png\",\"contentUrl\":\"https:\\\/\\\/www.malinashop.lt\\\/wp-content\\\/uploads\\\/2024\\\/08\\\/462559670_3787732518133670_9795632669273463_n-e1731525914575.png\",\"width\":180,\"height\":60,\"caption\":\"COM Group Ecommerce\"},\"image\":{\"@id\":\"https:\\\/\\\/www.malinashop.lt\\\/#\\\/schema\\\/logo\\\/image\\\/\"}}]}<\/script>\n<!-- \/ Yoast SEO plugin. -->","yoast_head_json":{"title":"SOME BY MI Galactomyces Glutathione Daily Mask dr\u0117kinan\u010di\u0173 kauki\u0173 rinkinys spindesiui, 30 vnt. - MalinaShop.lt J\u016bs\u0173 sveikatai ir gro\u017eiui.","description":"SOME BY MI Galactomyces Glutathione Daily Mask 30 vnt. \u2013 dr\u0117kinan\u010dios kauk\u0117s spindesiui su Galactomyces, glutationu ir niacinamidu, tolygina ton\u0105.","robots":{"index":"index","follow":"follow","max-snippet":"max-snippet:-1","max-image-preview":"max-image-preview:large","max-video-preview":"max-video-preview:-1"},"canonical":"https:\/\/www.malinashop.lt\/lt_lt\/shop\/some-by-mi-galactomyces-glutathione-daily-mask-drekinanciu-kaukiu-rinkinys-spindesiui-30-vnt\/","og_locale":"lt_LT","og_type":"article","og_title":"SOME BY MI Galactomyces Glutathione Daily Mask dr\u0117kinan\u010di\u0173 kauki\u0173 rinkinys spindesiui, 30 vnt. - MalinaShop.lt J\u016bs\u0173 sveikatai ir gro\u017eiui.","og_description":"SOME BY MI Galactomyces Glutathione Daily Mask 30 vnt. \u2013 dr\u0117kinan\u010dios kauk\u0117s spindesiui su Galactomyces, glutationu ir niacinamidu, tolygina ton\u0105.","og_url":"https:\/\/www.malinashop.lt\/lt_lt\/shop\/some-by-mi-galactomyces-glutathione-daily-mask-drekinanciu-kaukiu-rinkinys-spindesiui-30-vnt\/","og_site_name":"MalinaShop.lt J\u016bs\u0173 sveikatai ir gro\u017eiui.","article_modified_time":"2026-04-07T19:18:31+00:00","og_image":[{"width":1100,"height":1100,"url":"https:\/\/www.malinashop.lt\/wp-content\/uploads\/2026\/02\/SOME-BY-MI-Galactomyces-Glutathione-Daily-Mask-drekinanciu-kaukiu-rinkinys-spindesiui-30-vnt.webp","type":"image\/webp"}],"twitter_card":"summary_large_image","schema":{"@context":"https:\/\/schema.org","@graph":[{"@type":"WebPage","@id":"https:\/\/www.malinashop.lt\/en\/shop\/some-by-mi-galactomyces-glutathione-daily-mask-drekinanciu-kaukiu-rinkinys-spindesiui-30-vnt\/","url":"https:\/\/www.malinashop.lt\/en\/shop\/some-by-mi-galactomyces-glutathione-daily-mask-drekinanciu-kaukiu-rinkinys-spindesiui-30-vnt\/","name":"SOME BY MI Galactomyces Glutathione Daily Mask dr\u0117kinan\u010di\u0173 kauki\u0173 rinkinys spindesiui, 30 vnt. - MalinaShop.lt J\u016bs\u0173 sveikatai ir gro\u017eiui.","isPartOf":{"@id":"https:\/\/www.malinashop.lt\/#website"},"primaryImageOfPage":{"@id":"https:\/\/www.malinashop.lt\/en\/shop\/some-by-mi-galactomyces-glutathione-daily-mask-drekinanciu-kaukiu-rinkinys-spindesiui-30-vnt\/#primaryimage"},"image":{"@id":"https:\/\/www.malinashop.lt\/en\/shop\/some-by-mi-galactomyces-glutathione-daily-mask-drekinanciu-kaukiu-rinkinys-spindesiui-30-vnt\/#primaryimage"},"thumbnailUrl":"https:\/\/www.malinashop.lt\/wp-content\/uploads\/2026\/02\/SOME-BY-MI-Galactomyces-Glutathione-Daily-Mask-drekinanciu-kaukiu-rinkinys-spindesiui-30-vnt.webp","datePublished":"2026-01-19T11:20:36+00:00","dateModified":"2026-04-07T19:18:31+00:00","description":"SOME BY MI Galactomyces Glutathione Daily Mask 30 vnt. \u2013 dr\u0117kinan\u010dios kauk\u0117s spindesiui su Galactomyces, glutationu ir niacinamidu, tolygina ton\u0105.","breadcrumb":{"@id":"https:\/\/www.malinashop.lt\/en\/shop\/some-by-mi-galactomyces-glutathione-daily-mask-drekinanciu-kaukiu-rinkinys-spindesiui-30-vnt\/#breadcrumb"},"inLanguage":"lt-LT","potentialAction":[{"@type":"ReadAction","target":["https:\/\/www.malinashop.lt\/en\/shop\/some-by-mi-galactomyces-glutathione-daily-mask-drekinanciu-kaukiu-rinkinys-spindesiui-30-vnt\/"]}]},{"@type":"ImageObject","inLanguage":"lt-LT","@id":"https:\/\/www.malinashop.lt\/en\/shop\/some-by-mi-galactomyces-glutathione-daily-mask-drekinanciu-kaukiu-rinkinys-spindesiui-30-vnt\/#primaryimage","url":"https:\/\/www.malinashop.lt\/wp-content\/uploads\/2026\/02\/SOME-BY-MI-Galactomyces-Glutathione-Daily-Mask-drekinanciu-kaukiu-rinkinys-spindesiui-30-vnt.webp","contentUrl":"https:\/\/www.malinashop.lt\/wp-content\/uploads\/2026\/02\/SOME-BY-MI-Galactomyces-Glutathione-Daily-Mask-drekinanciu-kaukiu-rinkinys-spindesiui-30-vnt.webp","width":1100,"height":1100},{"@type":"BreadcrumbList","@id":"https:\/\/www.malinashop.lt\/en\/shop\/some-by-mi-galactomyces-glutathione-daily-mask-drekinanciu-kaukiu-rinkinys-spindesiui-30-vnt\/#breadcrumb","itemListElement":[{"@type":"ListItem","position":1,"name":"Pagrindinis","item":"https:\/\/www.malinashop.lt\/"},{"@type":"ListItem","position":2,"name":"Parduotuv\u0117","item":"https:\/\/www.malinashop.lt\/en\/parduotuve\/"},{"@type":"ListItem","position":3,"name":"SOME BY MI Galactomyces Glutathione Daily Mask dr\u0117kinan\u010di\u0173 kauki\u0173 rinkinys spindesiui, 30 vnt."}]},{"@type":"WebSite","@id":"https:\/\/www.malinashop.lt\/#website","url":"https:\/\/www.malinashop.lt\/","name":"COM Group Ecommerce","description":"MalinaShop.lt - Gro\u017eio ir sveikatos produktai i\u0161 patikim\u0173 preki\u0173 \u017eenkl\u0173. Atraskite auk\u0161tos kokyb\u0117s kosmetik\u0105 u\u017e puiki\u0105 kain\u0105.","publisher":{"@id":"https:\/\/www.malinashop.lt\/#organization"},"potentialAction":[{"@type":"SearchAction","target":{"@type":"EntryPoint","urlTemplate":"https:\/\/www.malinashop.lt\/?s={search_term_string}"},"query-input":{"@type":"PropertyValueSpecification","valueRequired":true,"valueName":"search_term_string"}}],"inLanguage":"lt-LT"},{"@type":"Organization","@id":"https:\/\/www.malinashop.lt\/#organization","name":"COM Group Ecommerce","url":"https:\/\/www.malinashop.lt\/","logo":{"@type":"ImageObject","inLanguage":"lt-LT","@id":"https:\/\/www.malinashop.lt\/#\/schema\/logo\/image\/","url":"https:\/\/www.malinashop.lt\/wp-content\/uploads\/2024\/08\/462559670_3787732518133670_9795632669273463_n-e1731525914575.png","contentUrl":"https:\/\/www.malinashop.lt\/wp-content\/uploads\/2024\/08\/462559670_3787732518133670_9795632669273463_n-e1731525914575.png","width":180,"height":60,"caption":"COM Group Ecommerce"},"image":{"@id":"https:\/\/www.malinashop.lt\/#\/schema\/logo\/image\/"}}]}},"jetpack_sharing_enabled":true,"_links":{"self":[{"href":"https:\/\/www.malinashop.lt\/lt_lt\/wp-json\/wp\/v2\/product\/74534","targetHints":{"allow":["GET"]}}],"collection":[{"href":"https:\/\/www.malinashop.lt\/lt_lt\/wp-json\/wp\/v2\/product"}],"about":[{"href":"https:\/\/www.malinashop.lt\/lt_lt\/wp-json\/wp\/v2\/types\/product"}],"version-history":[{"count":1,"href":"https:\/\/www.malinashop.lt\/lt_lt\/wp-json\/wp\/v2\/product\/74534\/revisions"}],"predecessor-version":[{"id":74538,"href":"https:\/\/www.malinashop.lt\/lt_lt\/wp-json\/wp\/v2\/product\/74534\/revisions\/74538"}],"wp:featuredmedia":[{"embeddable":true,"href":"https:\/\/www.malinashop.lt\/lt_lt\/wp-json\/wp\/v2\/media\/74537"}],"wp:attachment":[{"href":"https:\/\/www.malinashop.lt\/lt_lt\/wp-json\/wp\/v2\/media?parent=74534"}],"wp:term":[{"taxonomy":"product_brand","embeddable":true,"href":"https:\/\/www.malinashop.lt\/lt_lt\/wp-json\/wp\/v2\/product_brand?post=74534"},{"taxonomy":"product_cat","embeddable":true,"href":"https:\/\/www.malinashop.lt\/lt_lt\/wp-json\/wp\/v2\/product_cat?post=74534"},{"taxonomy":"product_tag","embeddable":true,"href":"https:\/\/www.malinashop.lt\/lt_lt\/wp-json\/wp\/v2\/product_tag?post=74534"}],"curies":[{"name":"wp","href":"https:\/\/api.w.org\/{rel}","templated":true}]}}