{"id":74480,"date":"2026-02-17T22:37:49","date_gmt":"2026-02-17T19:37:49","guid":{"rendered":"https:\/\/malinashop.lt\/?post_type=product&#038;p=74480"},"modified":"2026-04-07T22:18:06","modified_gmt":"2026-04-07T19:18:06","slug":"tocobo-calamine-pore-control-cleansing-oil-valomasis-veido-aliejus-su-kalaminu-200-ml","status":"publish","type":"product","link":"https:\/\/www.malinashop.lt\/lt_lt\/shop\/tocobo-calamine-pore-control-cleansing-oil-valomasis-veido-aliejus-su-kalaminu-200-ml\/","title":{"rendered":"TOCOBO Calamine Pore Control Cleansing Oil valomasis veido aliejus su kalaminu, 200 ml"},"content":{"rendered":"<p data-start=\"312\" data-end=\"679\">TOCOBO Calamine Pore Control Cleansing Oil \u2013 valomasis veido aliejus, sukurtas efektyviam pirmam valymo \u017eingsniui, kai reikia pa\u0161alinti makia\u017e\u0105, apsaugin\u012f krem\u0105 nuo saul\u0117s ir dienos metu susikaupusius ne\u0161varumus. Priemon\u0117s sud\u0117tyje esantys kalamino milteliai padeda sugerti porose susikaupus\u012f sebum\u0105, tod\u0117l oda po valymo atrodo \u0161varesn\u0117, o riebumo poj\u016btis \u2013 ma\u017eesnis.<\/p>\n<p data-start=\"681\" data-end=\"1007\">Aliejus pasi\u017eymi \u0161velnia, pieni\u0161ka tekst\u016bra, kuri masa\u017euojant lengvai pasiskirsto ir padeda \u201ei\u0161tirpinti\u201c ne\u0161varumus. Skirtingai nei agresyv\u016bs prausikliai, \u0161i formul\u0117 nepalieka tempimo jausmo ir nesausina odos. Alyvuogi\u0173 ir kokos\u0173 aliejai papildo priemon\u0119 maitinan\u010diomis savyb\u0117mis, pad\u0117dami i\u0161laikyti odos komfort\u0105 po prausimo.<\/p>\n<p data-start=\"1009\" data-end=\"1116\">\u0160is valomasis aliejus ypa\u010d tinka dvigubam valymui: pirmiausia aliejus, po to \u2013 vandens pagrindo prausiklis.<\/p>\n<p data-start=\"1118\" data-end=\"1146\"><strong data-start=\"1118\" data-end=\"1146\">Pagrindiniai privalumai:<\/strong><\/p>\n<ul data-start=\"1147\" data-end=\"1417\">\n<li data-start=\"1147\" data-end=\"1197\">\n<p data-start=\"1149\" data-end=\"1197\">Efektyviai pa\u0161alina makia\u017e\u0105, SPF ir ne\u0161varumus<\/p>\n<\/li>\n<li data-start=\"1198\" data-end=\"1249\">\n<p data-start=\"1200\" data-end=\"1249\">Kalamino milteliai padeda sugerti sebum\u0105 porose<\/p>\n<\/li>\n<li data-start=\"1250\" data-end=\"1298\">\n<p data-start=\"1252\" data-end=\"1298\">\u0160velni pieni\u0161ka tekst\u016bra, lengvai nusiplauna<\/p>\n<\/li>\n<li data-start=\"1299\" data-end=\"1349\">\n<p data-start=\"1301\" data-end=\"1349\">Nepalieka tempimo jausmo ir neperd\u017eiovina odos<\/p>\n<\/li>\n<li data-start=\"1350\" data-end=\"1417\">\n<p data-start=\"1352\" data-end=\"1417\">Sud\u0117tyje esantys alyvuogi\u0173 ir kokos\u0173 aliejai maitina ir dr\u0117kina<\/p>\n<\/li>\n<\/ul>\n<p data-start=\"1419\" data-end=\"1604\"><strong data-start=\"1419\" data-end=\"1434\">Naudojimas:<\/strong><br \/>\nTepkite priemon\u0119 ant sausos veido odos ir \u0161velniai masa\u017euokite apie 1 minut\u0119. Nuplaukite vandeniu, tuomet naudokite vandens pagrindo prausikl\u012f (antram valymo \u017eingsniui).<\/p>\n<p data-start=\"1606\" data-end=\"1623\"><strong data-start=\"1606\" data-end=\"1616\">Talpa:<\/strong> 200 ml<\/p>\n<p data-start=\"1625\" data-end=\"2242\"><strong data-start=\"1625\" data-end=\"1644\">Sud\u0117tis (INCI):<\/strong><br data-start=\"1644\" data-end=\"1647\" \/>Ethylhexyl Palmitate, Sorbeth-30 Tetraoleate, Cetyl Ethylhexanoate, Zea Mays (Corn) Germ Oil, Silica Dimethyl Silylate, Ethylhexyl Pelargonate, Triethylhexanoin, Olea Europaea (Olive) Fruit Oil, Calamine, Saponaria Officinalis Extract, Oryza Sativa (Rice) Extract, Avena Sativa (Oat) Meal Extract, Glycine Max (Soybean) Seed Extract, Cocos Nucifera (Coconut) Oil, Caprylic\/Capric Triglyceride, Sorbitan Sesquioleate, Hydrogenated Castor Oil\/Sebacic Acid Copolymer, 1,2-Hexanediol, Water, Pentaerythrityl Tetra-Di-T-Butyl Hydroxyhydrocinnamate, Triethoxycaprylylsilane, Butylene Glycol, Fragrance<\/p>\n","protected":false},"excerpt":{"rendered":"<p data-start=\"133\" data-end=\"284\">Pieni\u0161kos tekst\u016bros valomasis aliejus su kalamino milteliais, padedantis pa\u0161alinti makia\u017e\u0105, SPF ir ne\u0161varumus. Sugeriamas sebumas, oda neperd\u017eiovinama.<\/p>\n","protected":false},"featured_media":74482,"template":"","meta":[],"product_brand":[1643],"product_cat":[537,728],"product_tag":[1646],"class_list":{"0":"post-74480","1":"product","2":"type-product","3":"status-publish","4":"has-post-thumbnail","6":"product_brand-tocobo","7":"product_cat-veido-valymo-priemones","8":"product_cat-veidui","9":"product_tag-tocobo","11":"first","12":"instock","13":"taxable","14":"shipping-taxable","15":"purchasable","16":"product-type-simple"},"yoast_head":"<!-- This site is optimized with the Yoast SEO plugin v27.4 - https:\/\/yoast.com\/product\/yoast-seo-wordpress\/ -->\n<title>TOCOBO Calamine Pore Control Cleansing Oil valomasis veido aliejus su kalaminu, 200 ml - MalinaShop.lt J\u016bs\u0173 sveikatai ir gro\u017eiui.<\/title>\n<meta name=\"description\" content=\"TOCOBO Calamine Pore Control Cleansing Oil \u2013 valomasis veido aliejus su kalaminu, \u0161alina makia\u017e\u0105 ir SPF, sugeria sebum\u0105, neperd\u017eiovina ir maitina od\u0105\" \/>\n<meta name=\"robots\" content=\"index, follow, max-snippet:-1, max-image-preview:large, max-video-preview:-1\" \/>\n<link rel=\"canonical\" href=\"https:\/\/www.malinashop.lt\/lt_lt\/shop\/tocobo-calamine-pore-control-cleansing-oil-valomasis-veido-aliejus-su-kalaminu-200-ml\/\" \/>\n<meta property=\"og:locale\" content=\"lt_LT\" \/>\n<meta property=\"og:type\" content=\"article\" \/>\n<meta property=\"og:title\" content=\"TOCOBO Calamine Pore Control Cleansing Oil valomasis veido aliejus su kalaminu, 200 ml - MalinaShop.lt J\u016bs\u0173 sveikatai ir gro\u017eiui.\" \/>\n<meta property=\"og:description\" content=\"TOCOBO Calamine Pore Control Cleansing Oil \u2013 valomasis veido aliejus su kalaminu, \u0161alina makia\u017e\u0105 ir SPF, sugeria sebum\u0105, neperd\u017eiovina ir maitina od\u0105\" \/>\n<meta property=\"og:url\" content=\"https:\/\/www.malinashop.lt\/lt_lt\/shop\/tocobo-calamine-pore-control-cleansing-oil-valomasis-veido-aliejus-su-kalaminu-200-ml\/\" \/>\n<meta property=\"og:site_name\" content=\"MalinaShop.lt J\u016bs\u0173 sveikatai ir gro\u017eiui.\" \/>\n<meta property=\"article:modified_time\" content=\"2026-04-07T19:18:06+00:00\" \/>\n<meta property=\"og:image\" content=\"https:\/\/www.malinashop.lt\/wp-content\/uploads\/2026\/02\/TOCOBO-Calamine-Pore-Control-Cleansing-Oil-valomasis-veido-aliejus-su-kalaminu-200-ml.webp\" \/>\n\t<meta property=\"og:image:width\" content=\"1100\" \/>\n\t<meta property=\"og:image:height\" content=\"1100\" \/>\n\t<meta property=\"og:image:type\" content=\"image\/webp\" \/>\n<meta name=\"twitter:card\" content=\"summary_large_image\" \/>\n<script type=\"application\/ld+json\" class=\"yoast-schema-graph\">{\"@context\":\"https:\\\/\\\/schema.org\",\"@graph\":[{\"@type\":\"WebPage\",\"@id\":\"https:\\\/\\\/www.malinashop.lt\\\/lt_lt\\\/shop\\\/tocobo-calamine-pore-control-cleansing-oil-valomasis-veido-aliejus-su-kalaminu-200-ml\\\/\",\"url\":\"https:\\\/\\\/www.malinashop.lt\\\/lt_lt\\\/shop\\\/tocobo-calamine-pore-control-cleansing-oil-valomasis-veido-aliejus-su-kalaminu-200-ml\\\/\",\"name\":\"TOCOBO Calamine Pore Control Cleansing Oil valomasis veido aliejus su kalaminu, 200 ml - MalinaShop.lt J\u016bs\u0173 sveikatai ir gro\u017eiui.\",\"isPartOf\":{\"@id\":\"https:\\\/\\\/www.malinashop.lt\\\/#website\"},\"primaryImageOfPage\":{\"@id\":\"https:\\\/\\\/www.malinashop.lt\\\/lt_lt\\\/shop\\\/tocobo-calamine-pore-control-cleansing-oil-valomasis-veido-aliejus-su-kalaminu-200-ml\\\/#primaryimage\"},\"image\":{\"@id\":\"https:\\\/\\\/www.malinashop.lt\\\/lt_lt\\\/shop\\\/tocobo-calamine-pore-control-cleansing-oil-valomasis-veido-aliejus-su-kalaminu-200-ml\\\/#primaryimage\"},\"thumbnailUrl\":\"https:\\\/\\\/www.malinashop.lt\\\/wp-content\\\/uploads\\\/2026\\\/02\\\/TOCOBO-Calamine-Pore-Control-Cleansing-Oil-valomasis-veido-aliejus-su-kalaminu-200-ml.webp\",\"datePublished\":\"2026-02-17T19:37:49+00:00\",\"dateModified\":\"2026-04-07T19:18:06+00:00\",\"description\":\"TOCOBO Calamine Pore Control Cleansing Oil \u2013 valomasis veido aliejus su kalaminu, \u0161alina makia\u017e\u0105 ir SPF, sugeria sebum\u0105, neperd\u017eiovina ir maitina od\u0105\",\"breadcrumb\":{\"@id\":\"https:\\\/\\\/www.malinashop.lt\\\/lt_lt\\\/shop\\\/tocobo-calamine-pore-control-cleansing-oil-valomasis-veido-aliejus-su-kalaminu-200-ml\\\/#breadcrumb\"},\"inLanguage\":\"lt-LT\",\"potentialAction\":[{\"@type\":\"ReadAction\",\"target\":[\"https:\\\/\\\/www.malinashop.lt\\\/lt_lt\\\/shop\\\/tocobo-calamine-pore-control-cleansing-oil-valomasis-veido-aliejus-su-kalaminu-200-ml\\\/\"]}]},{\"@type\":\"ImageObject\",\"inLanguage\":\"lt-LT\",\"@id\":\"https:\\\/\\\/www.malinashop.lt\\\/lt_lt\\\/shop\\\/tocobo-calamine-pore-control-cleansing-oil-valomasis-veido-aliejus-su-kalaminu-200-ml\\\/#primaryimage\",\"url\":\"https:\\\/\\\/www.malinashop.lt\\\/wp-content\\\/uploads\\\/2026\\\/02\\\/TOCOBO-Calamine-Pore-Control-Cleansing-Oil-valomasis-veido-aliejus-su-kalaminu-200-ml.webp\",\"contentUrl\":\"https:\\\/\\\/www.malinashop.lt\\\/wp-content\\\/uploads\\\/2026\\\/02\\\/TOCOBO-Calamine-Pore-Control-Cleansing-Oil-valomasis-veido-aliejus-su-kalaminu-200-ml.webp\",\"width\":1100,\"height\":1100},{\"@type\":\"BreadcrumbList\",\"@id\":\"https:\\\/\\\/www.malinashop.lt\\\/lt_lt\\\/shop\\\/tocobo-calamine-pore-control-cleansing-oil-valomasis-veido-aliejus-su-kalaminu-200-ml\\\/#breadcrumb\",\"itemListElement\":[{\"@type\":\"ListItem\",\"position\":1,\"name\":\"Pagrindinis\",\"item\":\"https:\\\/\\\/www.malinashop.lt\\\/\"},{\"@type\":\"ListItem\",\"position\":2,\"name\":\"Parduotuv\u0117\",\"item\":\"https:\\\/\\\/www.malinashop.lt\\\/en\\\/parduotuve\\\/\"},{\"@type\":\"ListItem\",\"position\":3,\"name\":\"TOCOBO Calamine Pore Control Cleansing Oil valomasis veido aliejus su kalaminu, 200 ml\"}]},{\"@type\":\"WebSite\",\"@id\":\"https:\\\/\\\/www.malinashop.lt\\\/#website\",\"url\":\"https:\\\/\\\/www.malinashop.lt\\\/\",\"name\":\"COM Group Ecommerce\",\"description\":\"MalinaShop.lt - Gro\u017eio ir sveikatos produktai i\u0161 patikim\u0173 preki\u0173 \u017eenkl\u0173. Atraskite auk\u0161tos kokyb\u0117s kosmetik\u0105 u\u017e puiki\u0105 kain\u0105.\",\"publisher\":{\"@id\":\"https:\\\/\\\/www.malinashop.lt\\\/#organization\"},\"potentialAction\":[{\"@type\":\"SearchAction\",\"target\":{\"@type\":\"EntryPoint\",\"urlTemplate\":\"https:\\\/\\\/www.malinashop.lt\\\/?s={search_term_string}\"},\"query-input\":{\"@type\":\"PropertyValueSpecification\",\"valueRequired\":true,\"valueName\":\"search_term_string\"}}],\"inLanguage\":\"lt-LT\"},{\"@type\":\"Organization\",\"@id\":\"https:\\\/\\\/www.malinashop.lt\\\/#organization\",\"name\":\"COM Group Ecommerce\",\"url\":\"https:\\\/\\\/www.malinashop.lt\\\/\",\"logo\":{\"@type\":\"ImageObject\",\"inLanguage\":\"lt-LT\",\"@id\":\"https:\\\/\\\/www.malinashop.lt\\\/#\\\/schema\\\/logo\\\/image\\\/\",\"url\":\"https:\\\/\\\/www.malinashop.lt\\\/wp-content\\\/uploads\\\/2024\\\/08\\\/462559670_3787732518133670_9795632669273463_n-e1731525914575.png\",\"contentUrl\":\"https:\\\/\\\/www.malinashop.lt\\\/wp-content\\\/uploads\\\/2024\\\/08\\\/462559670_3787732518133670_9795632669273463_n-e1731525914575.png\",\"width\":180,\"height\":60,\"caption\":\"COM Group Ecommerce\"},\"image\":{\"@id\":\"https:\\\/\\\/www.malinashop.lt\\\/#\\\/schema\\\/logo\\\/image\\\/\"}}]}<\/script>\n<!-- \/ Yoast SEO plugin. -->","yoast_head_json":{"title":"TOCOBO Calamine Pore Control Cleansing Oil valomasis veido aliejus su kalaminu, 200 ml - MalinaShop.lt J\u016bs\u0173 sveikatai ir gro\u017eiui.","description":"TOCOBO Calamine Pore Control Cleansing Oil \u2013 valomasis veido aliejus su kalaminu, \u0161alina makia\u017e\u0105 ir SPF, sugeria sebum\u0105, neperd\u017eiovina ir maitina od\u0105","robots":{"index":"index","follow":"follow","max-snippet":"max-snippet:-1","max-image-preview":"max-image-preview:large","max-video-preview":"max-video-preview:-1"},"canonical":"https:\/\/www.malinashop.lt\/lt_lt\/shop\/tocobo-calamine-pore-control-cleansing-oil-valomasis-veido-aliejus-su-kalaminu-200-ml\/","og_locale":"lt_LT","og_type":"article","og_title":"TOCOBO Calamine Pore Control Cleansing Oil valomasis veido aliejus su kalaminu, 200 ml - MalinaShop.lt J\u016bs\u0173 sveikatai ir gro\u017eiui.","og_description":"TOCOBO Calamine Pore Control Cleansing Oil \u2013 valomasis veido aliejus su kalaminu, \u0161alina makia\u017e\u0105 ir SPF, sugeria sebum\u0105, neperd\u017eiovina ir maitina od\u0105","og_url":"https:\/\/www.malinashop.lt\/lt_lt\/shop\/tocobo-calamine-pore-control-cleansing-oil-valomasis-veido-aliejus-su-kalaminu-200-ml\/","og_site_name":"MalinaShop.lt J\u016bs\u0173 sveikatai ir gro\u017eiui.","article_modified_time":"2026-04-07T19:18:06+00:00","og_image":[{"width":1100,"height":1100,"url":"https:\/\/www.malinashop.lt\/wp-content\/uploads\/2026\/02\/TOCOBO-Calamine-Pore-Control-Cleansing-Oil-valomasis-veido-aliejus-su-kalaminu-200-ml.webp","type":"image\/webp"}],"twitter_card":"summary_large_image","schema":{"@context":"https:\/\/schema.org","@graph":[{"@type":"WebPage","@id":"https:\/\/www.malinashop.lt\/lt_lt\/shop\/tocobo-calamine-pore-control-cleansing-oil-valomasis-veido-aliejus-su-kalaminu-200-ml\/","url":"https:\/\/www.malinashop.lt\/lt_lt\/shop\/tocobo-calamine-pore-control-cleansing-oil-valomasis-veido-aliejus-su-kalaminu-200-ml\/","name":"TOCOBO Calamine Pore Control Cleansing Oil valomasis veido aliejus su kalaminu, 200 ml - MalinaShop.lt J\u016bs\u0173 sveikatai ir gro\u017eiui.","isPartOf":{"@id":"https:\/\/www.malinashop.lt\/#website"},"primaryImageOfPage":{"@id":"https:\/\/www.malinashop.lt\/lt_lt\/shop\/tocobo-calamine-pore-control-cleansing-oil-valomasis-veido-aliejus-su-kalaminu-200-ml\/#primaryimage"},"image":{"@id":"https:\/\/www.malinashop.lt\/lt_lt\/shop\/tocobo-calamine-pore-control-cleansing-oil-valomasis-veido-aliejus-su-kalaminu-200-ml\/#primaryimage"},"thumbnailUrl":"https:\/\/www.malinashop.lt\/wp-content\/uploads\/2026\/02\/TOCOBO-Calamine-Pore-Control-Cleansing-Oil-valomasis-veido-aliejus-su-kalaminu-200-ml.webp","datePublished":"2026-02-17T19:37:49+00:00","dateModified":"2026-04-07T19:18:06+00:00","description":"TOCOBO Calamine Pore Control Cleansing Oil \u2013 valomasis veido aliejus su kalaminu, \u0161alina makia\u017e\u0105 ir SPF, sugeria sebum\u0105, neperd\u017eiovina ir maitina od\u0105","breadcrumb":{"@id":"https:\/\/www.malinashop.lt\/lt_lt\/shop\/tocobo-calamine-pore-control-cleansing-oil-valomasis-veido-aliejus-su-kalaminu-200-ml\/#breadcrumb"},"inLanguage":"lt-LT","potentialAction":[{"@type":"ReadAction","target":["https:\/\/www.malinashop.lt\/lt_lt\/shop\/tocobo-calamine-pore-control-cleansing-oil-valomasis-veido-aliejus-su-kalaminu-200-ml\/"]}]},{"@type":"ImageObject","inLanguage":"lt-LT","@id":"https:\/\/www.malinashop.lt\/lt_lt\/shop\/tocobo-calamine-pore-control-cleansing-oil-valomasis-veido-aliejus-su-kalaminu-200-ml\/#primaryimage","url":"https:\/\/www.malinashop.lt\/wp-content\/uploads\/2026\/02\/TOCOBO-Calamine-Pore-Control-Cleansing-Oil-valomasis-veido-aliejus-su-kalaminu-200-ml.webp","contentUrl":"https:\/\/www.malinashop.lt\/wp-content\/uploads\/2026\/02\/TOCOBO-Calamine-Pore-Control-Cleansing-Oil-valomasis-veido-aliejus-su-kalaminu-200-ml.webp","width":1100,"height":1100},{"@type":"BreadcrumbList","@id":"https:\/\/www.malinashop.lt\/lt_lt\/shop\/tocobo-calamine-pore-control-cleansing-oil-valomasis-veido-aliejus-su-kalaminu-200-ml\/#breadcrumb","itemListElement":[{"@type":"ListItem","position":1,"name":"Pagrindinis","item":"https:\/\/www.malinashop.lt\/"},{"@type":"ListItem","position":2,"name":"Parduotuv\u0117","item":"https:\/\/www.malinashop.lt\/en\/parduotuve\/"},{"@type":"ListItem","position":3,"name":"TOCOBO Calamine Pore Control Cleansing Oil valomasis veido aliejus su kalaminu, 200 ml"}]},{"@type":"WebSite","@id":"https:\/\/www.malinashop.lt\/#website","url":"https:\/\/www.malinashop.lt\/","name":"COM Group Ecommerce","description":"MalinaShop.lt - Gro\u017eio ir sveikatos produktai i\u0161 patikim\u0173 preki\u0173 \u017eenkl\u0173. Atraskite auk\u0161tos kokyb\u0117s kosmetik\u0105 u\u017e puiki\u0105 kain\u0105.","publisher":{"@id":"https:\/\/www.malinashop.lt\/#organization"},"potentialAction":[{"@type":"SearchAction","target":{"@type":"EntryPoint","urlTemplate":"https:\/\/www.malinashop.lt\/?s={search_term_string}"},"query-input":{"@type":"PropertyValueSpecification","valueRequired":true,"valueName":"search_term_string"}}],"inLanguage":"lt-LT"},{"@type":"Organization","@id":"https:\/\/www.malinashop.lt\/#organization","name":"COM Group Ecommerce","url":"https:\/\/www.malinashop.lt\/","logo":{"@type":"ImageObject","inLanguage":"lt-LT","@id":"https:\/\/www.malinashop.lt\/#\/schema\/logo\/image\/","url":"https:\/\/www.malinashop.lt\/wp-content\/uploads\/2024\/08\/462559670_3787732518133670_9795632669273463_n-e1731525914575.png","contentUrl":"https:\/\/www.malinashop.lt\/wp-content\/uploads\/2024\/08\/462559670_3787732518133670_9795632669273463_n-e1731525914575.png","width":180,"height":60,"caption":"COM Group Ecommerce"},"image":{"@id":"https:\/\/www.malinashop.lt\/#\/schema\/logo\/image\/"}}]}},"jetpack_sharing_enabled":true,"_links":{"self":[{"href":"https:\/\/www.malinashop.lt\/lt_lt\/wp-json\/wp\/v2\/product\/74480","targetHints":{"allow":["GET"]}}],"collection":[{"href":"https:\/\/www.malinashop.lt\/lt_lt\/wp-json\/wp\/v2\/product"}],"about":[{"href":"https:\/\/www.malinashop.lt\/lt_lt\/wp-json\/wp\/v2\/types\/product"}],"version-history":[{"count":1,"href":"https:\/\/www.malinashop.lt\/lt_lt\/wp-json\/wp\/v2\/product\/74480\/revisions"}],"predecessor-version":[{"id":74483,"href":"https:\/\/www.malinashop.lt\/lt_lt\/wp-json\/wp\/v2\/product\/74480\/revisions\/74483"}],"wp:featuredmedia":[{"embeddable":true,"href":"https:\/\/www.malinashop.lt\/lt_lt\/wp-json\/wp\/v2\/media\/74482"}],"wp:attachment":[{"href":"https:\/\/www.malinashop.lt\/lt_lt\/wp-json\/wp\/v2\/media?parent=74480"}],"wp:term":[{"taxonomy":"product_brand","embeddable":true,"href":"https:\/\/www.malinashop.lt\/lt_lt\/wp-json\/wp\/v2\/product_brand?post=74480"},{"taxonomy":"product_cat","embeddable":true,"href":"https:\/\/www.malinashop.lt\/lt_lt\/wp-json\/wp\/v2\/product_cat?post=74480"},{"taxonomy":"product_tag","embeddable":true,"href":"https:\/\/www.malinashop.lt\/lt_lt\/wp-json\/wp\/v2\/product_tag?post=74480"}],"curies":[{"name":"wp","href":"https:\/\/api.w.org\/{rel}","templated":true}]}}