{"id":74427,"date":"2026-02-17T21:33:47","date_gmt":"2026-02-17T18:33:47","guid":{"rendered":"https:\/\/malinashop.lt\/?post_type=product&#038;p=74427"},"modified":"2026-04-07T22:18:08","modified_gmt":"2026-04-07T19:18:08","slug":"vt-cosmetics-reedle-shot-50-svelnus-veido-serumas-ampule-su-mikroadateliu-technologija-50-ml","status":"publish","type":"product","link":"https:\/\/www.malinashop.lt\/lt_lt\/shop\/vt-cosmetics-reedle-shot-50-svelnus-veido-serumas-ampule-su-mikroadateliu-technologija-50-ml\/","title":{"rendered":"VT Cosmetics Reedle Shot 50 \u0161velnus veido serumas-ampul\u0117 su mikroadat\u0117li\u0173 technologija, 50 ml"},"content":{"rendered":"<p data-start=\"325\" data-end=\"654\">VT Cosmetics Reedle Shot 50 \u2013 pati \u0161velniausia Reedle Shot linijos serumo-ampul\u0117s versija, sukurta tiems, kurie tik pradeda naudoti mikroadat\u0117li\u0173 technologij\u0105 arba turi itin jautri\u0105 veido od\u0105. Priemon\u0117 padeda veikliosioms med\u017eiagoms efektyviau pasiskirstyti odoje, tuo pa\u010diu u\u017etikrinant komforti\u0161k\u0105 poj\u016bt\u012f ir palaipsn\u012f rezultat\u0105.<\/p>\n<p data-start=\"656\" data-end=\"1069\">Sud\u0117tis praturtinta azijin\u0117s centel\u0117s ekstraktu ir jos aktyviais komponentais (asiatikozidu, madecassoside), kurie padeda nuraminti sudirgimus bei palaikyti odos atsistatym\u0105. Hialurono r\u016bg\u0161tis intensyviai dr\u0117kina, o niacinamidas prisideda prie tolygesn\u0117s odos i\u0161vaizdos ir nat\u016bralaus skaistumo. Formul\u0117je esantis alavijo ekstraktas suteikia papildomo komforto, o propolio ekstraktas padeda palaikyti odos balans\u0105.<\/p>\n<p data-start=\"1071\" data-end=\"1194\">Reguliariai naudojant, oda gali atrodyti lygesn\u0117, elastingesn\u0117 ir labiau \u0161vytinti. Tinka vis\u0173 tip\u0173 odai, \u012fskaitant jautri\u0105.<\/p>\n<p data-start=\"1196\" data-end=\"1224\"><strong data-start=\"1196\" data-end=\"1224\">Pagrindiniai privalumai:<\/strong><\/p>\n<ul data-start=\"1225\" data-end=\"1481\">\n<li data-start=\"1225\" data-end=\"1293\">\n<p data-start=\"1227\" data-end=\"1293\">\u0160velniausia mikroadat\u0117li\u0173 technologijos versija pradedantiesiems<\/p>\n<\/li>\n<li data-start=\"1294\" data-end=\"1345\">\n<p data-start=\"1296\" data-end=\"1345\">Ramina jautri\u0105 od\u0105 ir ma\u017eina diskomforto poj\u016bt\u012f<\/p>\n<\/li>\n<li data-start=\"1346\" data-end=\"1404\">\n<p data-start=\"1348\" data-end=\"1404\">Intensyviai dr\u0117kina ir padeda i\u0161laikyti odos mink\u0161tum\u0105<\/p>\n<\/li>\n<li data-start=\"1405\" data-end=\"1440\">\n<p data-start=\"1407\" data-end=\"1440\">Stiprina odos apsaugin\u012f barjer\u0105<\/p>\n<\/li>\n<li data-start=\"1441\" data-end=\"1481\">\n<p data-start=\"1443\" data-end=\"1481\">Suteikia odai skaistumo ir \u0161vyt\u0117jimo<\/p>\n<\/li>\n<\/ul>\n<p data-start=\"1483\" data-end=\"1635\"><strong data-start=\"1483\" data-end=\"1498\">Naudojimas:<\/strong><br \/>\nTepkite priemon\u0119 ant \u0161varios, sausos odos, tolygiai paskirstykite ir \u0161velniai \u012fmasa\u017euokite, kol susigers. Rekomenduojama naudoti vakare.<\/p>\n<p data-start=\"1637\" data-end=\"1794\"><strong data-start=\"1637\" data-end=\"1648\">Svarbu:<\/strong><br \/>\nNenaudokite kartu su kosmetiniais prietaisais ir nenaudokite po kosmetologini\u0173 proced\u016br\u0173. Atsiradus dirginimui \u2013 nedelsiant nutraukite naudojim\u0105.<\/p>\n<p data-start=\"1796\" data-end=\"1861\"><strong data-start=\"1796\" data-end=\"1806\">Tinka:<\/strong> vis\u0173 tip\u0173 odai, \u012fskaitant jautri\u0105<br data-start=\"1840\" data-end=\"1843\" \/><strong data-start=\"1843\" data-end=\"1853\">Talpa:<\/strong> 50 ml<\/p>\n<p data-start=\"1863\" data-end=\"2448\"><strong data-start=\"1863\" data-end=\"1882\">Sud\u0117tis (INCI):<\/strong><br data-start=\"1882\" data-end=\"1885\" \/>Aqua (Water), Dipropylene Glycol, Glycerin, Niacinamide, Butylene Glycol, Macadamia Ternifolia Seed Oil, 1,2-Hexanediol, Ethylhexyl Palmitate, Sodium Polyacrylate, Sodium Acrylate\/Sodium Acryloyldimethyl Taurate Copolymer, Polyisobutene, Glycereth-26, Silica, Caprylyl Glycol, Ethylhexylglycerin, Adenosine, Sodium Hyaluronate, Caprylyl\/Capryl Glucoside, Sorbitan Oleate, Centella Asiatica Extract, Glyceryl Glucoside, Xanthan Gum, Aloe Barbadensis Leaf Extract, Glucose, Astaxanthin, Propolis Extract, Asiaticoside, Asiatic Acid, Madecassic Acid, Madecassoside<\/p>\n","protected":false},"excerpt":{"rendered":"<p data-start=\"140\" data-end=\"297\">Itin \u0161velni serumo-ampul\u0117s versija su mikroadat\u0117li\u0173 technologija, skirta pradedantiesiems ir labai jautriai odai. Dr\u0117kina, ramina ir suteikia odai \u0161vyt\u0117jimo.<\/p>\n","protected":false},"featured_media":74430,"template":"","meta":[],"product_brand":[1641],"product_cat":[550,728],"product_tag":[1642],"class_list":{"0":"post-74427","1":"product","2":"type-product","3":"status-publish","4":"has-post-thumbnail","6":"product_brand-vt-cosmetics","7":"product_cat-veido-serumai","8":"product_cat-veidui","9":"product_tag-vt-cosmetics","11":"first","12":"instock","13":"taxable","14":"shipping-taxable","15":"purchasable","16":"product-type-simple"},"yoast_head":"<!-- This site is optimized with the Yoast SEO plugin v27.4 - https:\/\/yoast.com\/product\/yoast-seo-wordpress\/ -->\n<title>VT Cosmetics Reedle Shot 50 \u0161velnus veido serumas-ampul\u0117 su mikroadat\u0117li\u0173 technologija, 50 ml - MalinaShop.lt J\u016bs\u0173 sveikatai ir gro\u017eiui.<\/title>\n<meta name=\"description\" content=\"VT Reedle Shot 50 serumas-ampul\u0117 su mikroadat\u0117li\u0173 technologija \u0161velniai dr\u0117kina, ramina, stiprina barjer\u0105 ir suteikia odai skaistumo.\" \/>\n<meta name=\"robots\" content=\"index, follow, max-snippet:-1, max-image-preview:large, max-video-preview:-1\" \/>\n<link rel=\"canonical\" href=\"https:\/\/www.malinashop.lt\/lt_lt\/shop\/vt-cosmetics-reedle-shot-50-svelnus-veido-serumas-ampule-su-mikroadateliu-technologija-50-ml\/\" \/>\n<meta property=\"og:locale\" content=\"lt_LT\" \/>\n<meta property=\"og:type\" content=\"article\" \/>\n<meta property=\"og:title\" content=\"VT Cosmetics Reedle Shot 50 \u0161velnus veido serumas-ampul\u0117 su mikroadat\u0117li\u0173 technologija, 50 ml - MalinaShop.lt J\u016bs\u0173 sveikatai ir gro\u017eiui.\" \/>\n<meta property=\"og:description\" content=\"VT Reedle Shot 50 serumas-ampul\u0117 su mikroadat\u0117li\u0173 technologija \u0161velniai dr\u0117kina, ramina, stiprina barjer\u0105 ir suteikia odai skaistumo.\" \/>\n<meta property=\"og:url\" content=\"https:\/\/www.malinashop.lt\/lt_lt\/shop\/vt-cosmetics-reedle-shot-50-svelnus-veido-serumas-ampule-su-mikroadateliu-technologija-50-ml\/\" \/>\n<meta property=\"og:site_name\" content=\"MalinaShop.lt J\u016bs\u0173 sveikatai ir gro\u017eiui.\" \/>\n<meta property=\"article:modified_time\" content=\"2026-04-07T19:18:08+00:00\" \/>\n<meta property=\"og:image\" content=\"https:\/\/www.malinashop.lt\/wp-content\/uploads\/2026\/02\/VT-Cosmetics-Reedle-Shot-50-svelnus-veido-serumas-ampule-su-mikroadateliu-technologija-50-ml.webp\" \/>\n\t<meta property=\"og:image:width\" content=\"1100\" \/>\n\t<meta property=\"og:image:height\" content=\"1100\" \/>\n\t<meta property=\"og:image:type\" content=\"image\/webp\" \/>\n<meta name=\"twitter:card\" content=\"summary_large_image\" \/>\n<script type=\"application\/ld+json\" class=\"yoast-schema-graph\">{\"@context\":\"https:\\\/\\\/schema.org\",\"@graph\":[{\"@type\":\"WebPage\",\"@id\":\"https:\\\/\\\/www.malinashop.lt\\\/lt_lt\\\/shop\\\/vt-cosmetics-reedle-shot-50-svelnus-veido-serumas-ampule-su-mikroadateliu-technologija-50-ml\\\/\",\"url\":\"https:\\\/\\\/www.malinashop.lt\\\/lt_lt\\\/shop\\\/vt-cosmetics-reedle-shot-50-svelnus-veido-serumas-ampule-su-mikroadateliu-technologija-50-ml\\\/\",\"name\":\"VT Cosmetics Reedle Shot 50 \u0161velnus veido serumas-ampul\u0117 su mikroadat\u0117li\u0173 technologija, 50 ml - MalinaShop.lt J\u016bs\u0173 sveikatai ir gro\u017eiui.\",\"isPartOf\":{\"@id\":\"https:\\\/\\\/www.malinashop.lt\\\/#website\"},\"primaryImageOfPage\":{\"@id\":\"https:\\\/\\\/www.malinashop.lt\\\/lt_lt\\\/shop\\\/vt-cosmetics-reedle-shot-50-svelnus-veido-serumas-ampule-su-mikroadateliu-technologija-50-ml\\\/#primaryimage\"},\"image\":{\"@id\":\"https:\\\/\\\/www.malinashop.lt\\\/lt_lt\\\/shop\\\/vt-cosmetics-reedle-shot-50-svelnus-veido-serumas-ampule-su-mikroadateliu-technologija-50-ml\\\/#primaryimage\"},\"thumbnailUrl\":\"https:\\\/\\\/www.malinashop.lt\\\/wp-content\\\/uploads\\\/2026\\\/02\\\/VT-Cosmetics-Reedle-Shot-50-svelnus-veido-serumas-ampule-su-mikroadateliu-technologija-50-ml.webp\",\"datePublished\":\"2026-02-17T18:33:47+00:00\",\"dateModified\":\"2026-04-07T19:18:08+00:00\",\"description\":\"VT Reedle Shot 50 serumas-ampul\u0117 su mikroadat\u0117li\u0173 technologija \u0161velniai dr\u0117kina, ramina, stiprina barjer\u0105 ir suteikia odai skaistumo.\",\"breadcrumb\":{\"@id\":\"https:\\\/\\\/www.malinashop.lt\\\/lt_lt\\\/shop\\\/vt-cosmetics-reedle-shot-50-svelnus-veido-serumas-ampule-su-mikroadateliu-technologija-50-ml\\\/#breadcrumb\"},\"inLanguage\":\"lt-LT\",\"potentialAction\":[{\"@type\":\"ReadAction\",\"target\":[\"https:\\\/\\\/www.malinashop.lt\\\/lt_lt\\\/shop\\\/vt-cosmetics-reedle-shot-50-svelnus-veido-serumas-ampule-su-mikroadateliu-technologija-50-ml\\\/\"]}]},{\"@type\":\"ImageObject\",\"inLanguage\":\"lt-LT\",\"@id\":\"https:\\\/\\\/www.malinashop.lt\\\/lt_lt\\\/shop\\\/vt-cosmetics-reedle-shot-50-svelnus-veido-serumas-ampule-su-mikroadateliu-technologija-50-ml\\\/#primaryimage\",\"url\":\"https:\\\/\\\/www.malinashop.lt\\\/wp-content\\\/uploads\\\/2026\\\/02\\\/VT-Cosmetics-Reedle-Shot-50-svelnus-veido-serumas-ampule-su-mikroadateliu-technologija-50-ml.webp\",\"contentUrl\":\"https:\\\/\\\/www.malinashop.lt\\\/wp-content\\\/uploads\\\/2026\\\/02\\\/VT-Cosmetics-Reedle-Shot-50-svelnus-veido-serumas-ampule-su-mikroadateliu-technologija-50-ml.webp\",\"width\":1100,\"height\":1100},{\"@type\":\"BreadcrumbList\",\"@id\":\"https:\\\/\\\/www.malinashop.lt\\\/lt_lt\\\/shop\\\/vt-cosmetics-reedle-shot-50-svelnus-veido-serumas-ampule-su-mikroadateliu-technologija-50-ml\\\/#breadcrumb\",\"itemListElement\":[{\"@type\":\"ListItem\",\"position\":1,\"name\":\"Pagrindinis\",\"item\":\"https:\\\/\\\/www.malinashop.lt\\\/\"},{\"@type\":\"ListItem\",\"position\":2,\"name\":\"Parduotuv\u0117\",\"item\":\"https:\\\/\\\/www.malinashop.lt\\\/en\\\/parduotuve\\\/\"},{\"@type\":\"ListItem\",\"position\":3,\"name\":\"VT Cosmetics Reedle Shot 50 \u0161velnus veido serumas-ampul\u0117 su mikroadat\u0117li\u0173 technologija, 50 ml\"}]},{\"@type\":\"WebSite\",\"@id\":\"https:\\\/\\\/www.malinashop.lt\\\/#website\",\"url\":\"https:\\\/\\\/www.malinashop.lt\\\/\",\"name\":\"COM Group Ecommerce\",\"description\":\"MalinaShop.lt - Gro\u017eio ir sveikatos produktai i\u0161 patikim\u0173 preki\u0173 \u017eenkl\u0173. Atraskite auk\u0161tos kokyb\u0117s kosmetik\u0105 u\u017e puiki\u0105 kain\u0105.\",\"publisher\":{\"@id\":\"https:\\\/\\\/www.malinashop.lt\\\/#organization\"},\"potentialAction\":[{\"@type\":\"SearchAction\",\"target\":{\"@type\":\"EntryPoint\",\"urlTemplate\":\"https:\\\/\\\/www.malinashop.lt\\\/?s={search_term_string}\"},\"query-input\":{\"@type\":\"PropertyValueSpecification\",\"valueRequired\":true,\"valueName\":\"search_term_string\"}}],\"inLanguage\":\"lt-LT\"},{\"@type\":\"Organization\",\"@id\":\"https:\\\/\\\/www.malinashop.lt\\\/#organization\",\"name\":\"COM Group Ecommerce\",\"url\":\"https:\\\/\\\/www.malinashop.lt\\\/\",\"logo\":{\"@type\":\"ImageObject\",\"inLanguage\":\"lt-LT\",\"@id\":\"https:\\\/\\\/www.malinashop.lt\\\/#\\\/schema\\\/logo\\\/image\\\/\",\"url\":\"https:\\\/\\\/www.malinashop.lt\\\/wp-content\\\/uploads\\\/2024\\\/08\\\/462559670_3787732518133670_9795632669273463_n-e1731525914575.png\",\"contentUrl\":\"https:\\\/\\\/www.malinashop.lt\\\/wp-content\\\/uploads\\\/2024\\\/08\\\/462559670_3787732518133670_9795632669273463_n-e1731525914575.png\",\"width\":180,\"height\":60,\"caption\":\"COM Group Ecommerce\"},\"image\":{\"@id\":\"https:\\\/\\\/www.malinashop.lt\\\/#\\\/schema\\\/logo\\\/image\\\/\"}}]}<\/script>\n<!-- \/ Yoast SEO plugin. -->","yoast_head_json":{"title":"VT Cosmetics Reedle Shot 50 \u0161velnus veido serumas-ampul\u0117 su mikroadat\u0117li\u0173 technologija, 50 ml - MalinaShop.lt J\u016bs\u0173 sveikatai ir gro\u017eiui.","description":"VT Reedle Shot 50 serumas-ampul\u0117 su mikroadat\u0117li\u0173 technologija \u0161velniai dr\u0117kina, ramina, stiprina barjer\u0105 ir suteikia odai skaistumo.","robots":{"index":"index","follow":"follow","max-snippet":"max-snippet:-1","max-image-preview":"max-image-preview:large","max-video-preview":"max-video-preview:-1"},"canonical":"https:\/\/www.malinashop.lt\/lt_lt\/shop\/vt-cosmetics-reedle-shot-50-svelnus-veido-serumas-ampule-su-mikroadateliu-technologija-50-ml\/","og_locale":"lt_LT","og_type":"article","og_title":"VT Cosmetics Reedle Shot 50 \u0161velnus veido serumas-ampul\u0117 su mikroadat\u0117li\u0173 technologija, 50 ml - MalinaShop.lt J\u016bs\u0173 sveikatai ir gro\u017eiui.","og_description":"VT Reedle Shot 50 serumas-ampul\u0117 su mikroadat\u0117li\u0173 technologija \u0161velniai dr\u0117kina, ramina, stiprina barjer\u0105 ir suteikia odai skaistumo.","og_url":"https:\/\/www.malinashop.lt\/lt_lt\/shop\/vt-cosmetics-reedle-shot-50-svelnus-veido-serumas-ampule-su-mikroadateliu-technologija-50-ml\/","og_site_name":"MalinaShop.lt J\u016bs\u0173 sveikatai ir gro\u017eiui.","article_modified_time":"2026-04-07T19:18:08+00:00","og_image":[{"width":1100,"height":1100,"url":"https:\/\/www.malinashop.lt\/wp-content\/uploads\/2026\/02\/VT-Cosmetics-Reedle-Shot-50-svelnus-veido-serumas-ampule-su-mikroadateliu-technologija-50-ml.webp","type":"image\/webp"}],"twitter_card":"summary_large_image","schema":{"@context":"https:\/\/schema.org","@graph":[{"@type":"WebPage","@id":"https:\/\/www.malinashop.lt\/lt_lt\/shop\/vt-cosmetics-reedle-shot-50-svelnus-veido-serumas-ampule-su-mikroadateliu-technologija-50-ml\/","url":"https:\/\/www.malinashop.lt\/lt_lt\/shop\/vt-cosmetics-reedle-shot-50-svelnus-veido-serumas-ampule-su-mikroadateliu-technologija-50-ml\/","name":"VT Cosmetics Reedle Shot 50 \u0161velnus veido serumas-ampul\u0117 su mikroadat\u0117li\u0173 technologija, 50 ml - MalinaShop.lt J\u016bs\u0173 sveikatai ir gro\u017eiui.","isPartOf":{"@id":"https:\/\/www.malinashop.lt\/#website"},"primaryImageOfPage":{"@id":"https:\/\/www.malinashop.lt\/lt_lt\/shop\/vt-cosmetics-reedle-shot-50-svelnus-veido-serumas-ampule-su-mikroadateliu-technologija-50-ml\/#primaryimage"},"image":{"@id":"https:\/\/www.malinashop.lt\/lt_lt\/shop\/vt-cosmetics-reedle-shot-50-svelnus-veido-serumas-ampule-su-mikroadateliu-technologija-50-ml\/#primaryimage"},"thumbnailUrl":"https:\/\/www.malinashop.lt\/wp-content\/uploads\/2026\/02\/VT-Cosmetics-Reedle-Shot-50-svelnus-veido-serumas-ampule-su-mikroadateliu-technologija-50-ml.webp","datePublished":"2026-02-17T18:33:47+00:00","dateModified":"2026-04-07T19:18:08+00:00","description":"VT Reedle Shot 50 serumas-ampul\u0117 su mikroadat\u0117li\u0173 technologija \u0161velniai dr\u0117kina, ramina, stiprina barjer\u0105 ir suteikia odai skaistumo.","breadcrumb":{"@id":"https:\/\/www.malinashop.lt\/lt_lt\/shop\/vt-cosmetics-reedle-shot-50-svelnus-veido-serumas-ampule-su-mikroadateliu-technologija-50-ml\/#breadcrumb"},"inLanguage":"lt-LT","potentialAction":[{"@type":"ReadAction","target":["https:\/\/www.malinashop.lt\/lt_lt\/shop\/vt-cosmetics-reedle-shot-50-svelnus-veido-serumas-ampule-su-mikroadateliu-technologija-50-ml\/"]}]},{"@type":"ImageObject","inLanguage":"lt-LT","@id":"https:\/\/www.malinashop.lt\/lt_lt\/shop\/vt-cosmetics-reedle-shot-50-svelnus-veido-serumas-ampule-su-mikroadateliu-technologija-50-ml\/#primaryimage","url":"https:\/\/www.malinashop.lt\/wp-content\/uploads\/2026\/02\/VT-Cosmetics-Reedle-Shot-50-svelnus-veido-serumas-ampule-su-mikroadateliu-technologija-50-ml.webp","contentUrl":"https:\/\/www.malinashop.lt\/wp-content\/uploads\/2026\/02\/VT-Cosmetics-Reedle-Shot-50-svelnus-veido-serumas-ampule-su-mikroadateliu-technologija-50-ml.webp","width":1100,"height":1100},{"@type":"BreadcrumbList","@id":"https:\/\/www.malinashop.lt\/lt_lt\/shop\/vt-cosmetics-reedle-shot-50-svelnus-veido-serumas-ampule-su-mikroadateliu-technologija-50-ml\/#breadcrumb","itemListElement":[{"@type":"ListItem","position":1,"name":"Pagrindinis","item":"https:\/\/www.malinashop.lt\/"},{"@type":"ListItem","position":2,"name":"Parduotuv\u0117","item":"https:\/\/www.malinashop.lt\/en\/parduotuve\/"},{"@type":"ListItem","position":3,"name":"VT Cosmetics Reedle Shot 50 \u0161velnus veido serumas-ampul\u0117 su mikroadat\u0117li\u0173 technologija, 50 ml"}]},{"@type":"WebSite","@id":"https:\/\/www.malinashop.lt\/#website","url":"https:\/\/www.malinashop.lt\/","name":"COM Group Ecommerce","description":"MalinaShop.lt - Gro\u017eio ir sveikatos produktai i\u0161 patikim\u0173 preki\u0173 \u017eenkl\u0173. Atraskite auk\u0161tos kokyb\u0117s kosmetik\u0105 u\u017e puiki\u0105 kain\u0105.","publisher":{"@id":"https:\/\/www.malinashop.lt\/#organization"},"potentialAction":[{"@type":"SearchAction","target":{"@type":"EntryPoint","urlTemplate":"https:\/\/www.malinashop.lt\/?s={search_term_string}"},"query-input":{"@type":"PropertyValueSpecification","valueRequired":true,"valueName":"search_term_string"}}],"inLanguage":"lt-LT"},{"@type":"Organization","@id":"https:\/\/www.malinashop.lt\/#organization","name":"COM Group Ecommerce","url":"https:\/\/www.malinashop.lt\/","logo":{"@type":"ImageObject","inLanguage":"lt-LT","@id":"https:\/\/www.malinashop.lt\/#\/schema\/logo\/image\/","url":"https:\/\/www.malinashop.lt\/wp-content\/uploads\/2024\/08\/462559670_3787732518133670_9795632669273463_n-e1731525914575.png","contentUrl":"https:\/\/www.malinashop.lt\/wp-content\/uploads\/2024\/08\/462559670_3787732518133670_9795632669273463_n-e1731525914575.png","width":180,"height":60,"caption":"COM Group Ecommerce"},"image":{"@id":"https:\/\/www.malinashop.lt\/#\/schema\/logo\/image\/"}}]}},"jetpack_sharing_enabled":true,"_links":{"self":[{"href":"https:\/\/www.malinashop.lt\/lt_lt\/wp-json\/wp\/v2\/product\/74427","targetHints":{"allow":["GET"]}}],"collection":[{"href":"https:\/\/www.malinashop.lt\/lt_lt\/wp-json\/wp\/v2\/product"}],"about":[{"href":"https:\/\/www.malinashop.lt\/lt_lt\/wp-json\/wp\/v2\/types\/product"}],"version-history":[{"count":1,"href":"https:\/\/www.malinashop.lt\/lt_lt\/wp-json\/wp\/v2\/product\/74427\/revisions"}],"predecessor-version":[{"id":74431,"href":"https:\/\/www.malinashop.lt\/lt_lt\/wp-json\/wp\/v2\/product\/74427\/revisions\/74431"}],"wp:featuredmedia":[{"embeddable":true,"href":"https:\/\/www.malinashop.lt\/lt_lt\/wp-json\/wp\/v2\/media\/74430"}],"wp:attachment":[{"href":"https:\/\/www.malinashop.lt\/lt_lt\/wp-json\/wp\/v2\/media?parent=74427"}],"wp:term":[{"taxonomy":"product_brand","embeddable":true,"href":"https:\/\/www.malinashop.lt\/lt_lt\/wp-json\/wp\/v2\/product_brand?post=74427"},{"taxonomy":"product_cat","embeddable":true,"href":"https:\/\/www.malinashop.lt\/lt_lt\/wp-json\/wp\/v2\/product_cat?post=74427"},{"taxonomy":"product_tag","embeddable":true,"href":"https:\/\/www.malinashop.lt\/lt_lt\/wp-json\/wp\/v2\/product_tag?post=74427"}],"curies":[{"name":"wp","href":"https:\/\/api.w.org\/{rel}","templated":true}]}}