{"id":73787,"date":"2026-01-31T16:46:13","date_gmt":"2026-01-31T13:46:13","guid":{"rendered":"https:\/\/malinashop.lt\/?post_type=product&#038;p=73787"},"modified":"2026-04-08T00:42:14","modified_gmt":"2026-04-07T21:42:14","slug":"skin1004-madagascar-centella-kelioninis-rinkinys-travel-kit","status":"publish","type":"product","link":"https:\/\/www.malinashop.lt\/lt_lt\/shop\/skin1004-madagascar-centella-kelioninis-rinkinys-travel-kit\/","title":{"rendered":"SKIN1004 Madagascar Centella kelioninis rinkinys (Travel Kit)"},"content":{"rendered":"<p data-start=\"86\" data-end=\"415\"><strong data-start=\"86\" data-end=\"129\">SKIN1004 Madagascar Centella Travel Kit<\/strong> \u2013 tai patogus mini dyd\u017eio rinkinys kasdienei veido prie\u017ei\u016brai su centel\u0117s linijos priemon\u0117mis: hidrofilinis valomasis aliejus, prausimosi putos, tonikas, ampul\u0117 ir kremas. Rinkinys sukurtas \u0161velniai, bet efektyviai valyti od\u0105, palaikyti jos dr\u0117gm\u0117s balans\u0105 ir suteikti komforto poj\u016bt\u012f.<\/p>\n<p data-start=\"417\" data-end=\"642\">Centel\u0117s ekstraktas padeda odai jaustis ramesnei, ma\u017eina diskomforto poj\u016bt\u012f ir tinka net jautriai odai. Tai puikus pasirinkimas kelion\u0117ms, sporto salei arba norint i\u0161bandyti SKIN1004 Madagascar Centella linij\u0105 vienu rinkiniu.<\/p>\n<hr data-start=\"644\" data-end=\"647\" \/>\n<h3 data-start=\"649\" data-end=\"666\">Kas rinkinyje<\/h3>\n<ul data-start=\"667\" data-end=\"1121\">\n<li data-start=\"667\" data-end=\"773\">\n<p data-start=\"669\" data-end=\"773\"><strong data-start=\"669\" data-end=\"701\">Centella Light Cleansing Oil<\/strong> \u2013 hidrofilinis valomasis aliejus makia\u017eui, SPF ir ne\u0161varumams \u0161alinti<\/p>\n<\/li>\n<li data-start=\"774\" data-end=\"856\">\n<p data-start=\"776\" data-end=\"856\"><strong data-start=\"776\" data-end=\"801\">Centella Ampoule Foam<\/strong> \u2013 \u0161velnios prausimosi putos kasdieniam veido valymui<\/p>\n<\/li>\n<li data-start=\"857\" data-end=\"937\">\n<p data-start=\"859\" data-end=\"937\"><strong data-start=\"859\" data-end=\"884\">Centella Toning Toner<\/strong> \u2013 lengvas tonikas odos gaivos ir komforto poj\u016b\u010diui<\/p>\n<\/li>\n<li data-start=\"938\" data-end=\"1033\">\n<p data-start=\"940\" data-end=\"1033\"><strong data-start=\"940\" data-end=\"993\">Centella Ampoule (100% Centella Asiatica Extract)<\/strong> \u2013 ampul\u0117 odos raminimui ir dr\u0117kinimui<\/p>\n<\/li>\n<li data-start=\"1034\" data-end=\"1121\">\n<p data-start=\"1036\" data-end=\"1121\"><strong data-start=\"1036\" data-end=\"1063\">Centella Soothing Cream<\/strong> \u2013 raminamasis kremas odos komfortui ir barjero prie\u017ei\u016brai<\/p>\n<\/li>\n<\/ul>\n<hr data-start=\"1123\" data-end=\"1126\" \/>\n<h3 data-start=\"1128\" data-end=\"1142\">Naudojimas<\/h3>\n<p data-start=\"1143\" data-end=\"1729\"><strong data-start=\"1143\" data-end=\"1179\">1. Centella Light Cleansing Oil:<\/strong> tepkite ant sausos odos, masa\u017euokite sukamaisiais judesiais. Sudr\u0117kinkite rankas, t\u0119skite masa\u017e\u0105, kol aliejus pavirs pienelio emulsija, tuomet nuplaukite drungnu vandeniu.<br data-start=\"1351\" data-end=\"1354\" \/><strong data-start=\"1354\" data-end=\"1383\">2. Centella Ampoule Foam:<\/strong> suputokite priemon\u0119 su vandeniu, tepkite ant veido, masa\u017euokite ir nuplaukite.<br data-start=\"1462\" data-end=\"1465\" \/><strong data-start=\"1465\" data-end=\"1494\">3. Centella Toning Toner:<\/strong> paskirstykite ant \u0161varios odos delnais arba vatos diskeliu.<br data-start=\"1554\" data-end=\"1557\" \/><strong data-start=\"1557\" data-end=\"1581\">4. Centella Ampoule:<\/strong> u\u017etepkite reikiam\u0105 kiek\u012f ir \u0161velniai \u012ftap\u0161nokite iki susig\u0117rimo.<br data-start=\"1646\" data-end=\"1649\" \/><strong data-start=\"1649\" data-end=\"1680\">5. Centella Soothing Cream:<\/strong> u\u017etepkite nedidel\u012f kiek\u012f kaip paskutin\u012f \u017eingsn\u012f.<\/p>\n<hr data-start=\"1731\" data-end=\"1734\" \/>\n<h3 data-start=\"1736\" data-end=\"1749\">\u012esp\u0117jimai<\/h3>\n<p data-start=\"1750\" data-end=\"1969\">Tik i\u0161oriniam naudojimui. Venkite patekimo \u012f akis. Laikyti vaikams nepasiekiamoje vietoje. Netepkite ant gleivini\u0173 ir pa\u017eeistos odos. Sudirgus \u2013 nutraukite naudojim\u0105. Laikyti ne auk\u0161tesn\u0117je kaip <strong data-start=\"1945\" data-end=\"1954\">25 \u00b0C<\/strong> temperat\u016broje.<\/p>\n<hr data-start=\"1971\" data-end=\"1974\" \/>\n<h3 data-start=\"1976\" data-end=\"1994\">Sud\u0117tis (INCI)<\/h3>\n<p data-start=\"1995\" data-end=\"2488\"><strong data-start=\"1995\" data-end=\"2021\">Centella Ampoule Foam:<\/strong> Centella Asiatica Extract, Sodium Cocoyl Isethionate, Glycerin, Aqua, Sodium Methyl Cocoyl Taurate, Coco-Betaine, Potassium Cocoyl Glycinate, 1,2-Hexanediol, Sodium Chloride, Potassium Cocoate, Potassium Benzoate, Polyquaternium-67, Citric Acid, Dextrin, Sodium Bicarbonate, Theobroma Cacao (Cocoa) Extract, Disodium EDTA, Sodium Acetate, Butylene Glycol, Coptis Chinensis Root Extract, Sodium Hyaluronate, Eclipta Prostrata Extract, Coccinia Indica Fruit Extract.<\/p>\n<p data-start=\"2490\" data-end=\"2757\"><strong data-start=\"2490\" data-end=\"2516\">Centella Toning Toner:<\/strong> Centella Asiatica Extract (84%), Aqua, Dipropylene Glycol, 1,2-Hexanediol, Niacinamide, Gluconolactone, Tromethamine, Carbomer, Sodium Citrate, Adenosine, Disodium EDTA, Dipotassium Glyceride, Betaine, Hyaluronic Acid, Ethylhexylglycerin.<\/p>\n<p data-start=\"2759\" data-end=\"2816\"><strong data-start=\"2759\" data-end=\"2780\">Centella Ampoule:<\/strong> Centella Asiatica Extract (100%).<\/p>\n<p data-start=\"2818\" data-end=\"3645\"><strong data-start=\"2818\" data-end=\"2846\">Centella Soothing Cream:<\/strong> Centella Asiatica (Gotu Kola) Extract (72%), Glycerin, Propanediol, Dipropylene Glycol, Cyclomethicone, Aqua, 1,2-Hexanediol, Trehalose, Caprylyl Methicone, C12-14 Pareth-12, Carbomer, Tromethamine, Ammonium Acryloyldimethyltaurate\/VP Copolymer, C30-45 Alkyl Cetearyl Dimethicone Crosspolymer, Xanthan Gum, Mentha Piperita (Peppermint) Leaf Extract, Zingiber Officinale (Ginger) Root Extract, Butylene Glycol, Ethylhexylglycerin, Dipotassium Glycyrrhizate, Tranexamic Acid, Coptis Chinensis Root Extract, Theobroma Cacao (Cocoa) Extract, Dextrin, Leuconostoc\/Radish Root Ferment Filtrate, Biosaccharide Gum-1, Disodium EDTA, Sodium Hyaluronate, Beta-Glucan, Ceramide EOP, Ceramide NS, Ceramide NP, Ceramide AP, Phytosphingosine, Hydrogenated Lecithin, Cetearyl Alcohol, Stearic Acid, Cholesterol.<\/p>\n<p data-start=\"3647\" data-end=\"4048\"><strong data-start=\"3647\" data-end=\"3691\">Madagascar Centella Light Cleansing Oil:<\/strong> Ethylhexyl Stearate, Cetyl Ethylhexanoate, Sorbeth-30 Tetraoleate, Centella Asiatica Extract, Helianthus Annuus (Sunflower) Seed Oil, Citrus Aurantium Bergamia (Bergamot) Fruit Oil, Olea Europaea (Olive) Fruit Oil, Simmondsia Chinensis (Jojoba) Seed Oil, Ethylhexylglycerin, Pelargonium Graveolens Flower Oil, Rosa Damascena Flower Oil, Limonene, Linalool.<\/p>\n","protected":false},"excerpt":{"rendered":"<p data-start=\"4133\" data-end=\"4243\">SKIN1004 Madagascar Centella Travel Kit \u2013 kelioninis rinkinys su 5 mini priemon\u0117mis: aliejus, putos, tonikas, ampul\u0117 ir kremas kasdienei veido prie\u017ei\u016brai.<\/p>\n","protected":false},"featured_media":73790,"template":"","meta":[],"product_brand":[1583],"product_cat":[562,187,827,550,537,728],"product_tag":[1620],"class_list":{"0":"post-73787","1":"product","2":"type-product","3":"status-publish","4":"has-post-thumbnail","6":"product_brand-skin-1004","7":"product_cat-sandelio-valymas","8":"product_cat-veido-kremai","9":"product_cat-veido-prieziuros-priemoniu-rinkiniai","10":"product_cat-veido-serumai","11":"product_cat-veido-valymo-priemones","12":"product_cat-veidui","13":"product_tag-skin-1004","15":"first","16":"instock","17":"sale","18":"taxable","19":"shipping-taxable","20":"purchasable","21":"product-type-simple"},"yoast_head":"<!-- This site is optimized with the Yoast SEO plugin v27.3 - https:\/\/yoast.com\/product\/yoast-seo-wordpress\/ -->\n<title>SKIN1004 Madagascar Centella kelioninis rinkinys (Travel Kit) - MalinaShop.lt J\u016bs\u0173 sveikatai ir gro\u017eiui.<\/title>\n<meta name=\"description\" content=\"SKIN1004 Madagascar Centella Travel Kit \u2013 5 mini dyd\u017eio priemon\u0117s kasdienei veido rutinai: hidrofilinis aliejus, prausimosi putos, tonikas, 100% centel\u0117s\" \/>\n<meta name=\"robots\" content=\"index, follow, max-snippet:-1, max-image-preview:large, max-video-preview:-1\" \/>\n<link rel=\"canonical\" href=\"https:\/\/www.malinashop.lt\/lt_lt\/shop\/skin1004-madagascar-centella-kelioninis-rinkinys-travel-kit\/\" \/>\n<meta property=\"og:locale\" content=\"lt_LT\" \/>\n<meta property=\"og:type\" content=\"article\" \/>\n<meta property=\"og:title\" content=\"SKIN1004 Madagascar Centella kelioninis rinkinys (Travel Kit) - MalinaShop.lt J\u016bs\u0173 sveikatai ir gro\u017eiui.\" \/>\n<meta property=\"og:description\" content=\"SKIN1004 Madagascar Centella Travel Kit \u2013 5 mini dyd\u017eio priemon\u0117s kasdienei veido rutinai: hidrofilinis aliejus, prausimosi putos, tonikas, 100% centel\u0117s\" \/>\n<meta property=\"og:url\" content=\"https:\/\/www.malinashop.lt\/lt_lt\/shop\/skin1004-madagascar-centella-kelioninis-rinkinys-travel-kit\/\" \/>\n<meta property=\"og:site_name\" content=\"MalinaShop.lt J\u016bs\u0173 sveikatai ir gro\u017eiui.\" \/>\n<meta property=\"article:modified_time\" content=\"2026-04-07T21:42:14+00:00\" \/>\n<meta property=\"og:image\" content=\"https:\/\/www.malinashop.lt\/wp-content\/uploads\/2026\/01\/SKIN1004-Madagascar-Centella-kelioninis-rinkinys-Travel-Kit-1.webp\" \/>\n\t<meta property=\"og:image:width\" content=\"810\" \/>\n\t<meta property=\"og:image:height\" content=\"810\" \/>\n\t<meta property=\"og:image:type\" content=\"image\/webp\" \/>\n<meta name=\"twitter:card\" content=\"summary_large_image\" \/>\n<script type=\"application\/ld+json\" class=\"yoast-schema-graph\">{\"@context\":\"https:\\\/\\\/schema.org\",\"@graph\":[{\"@type\":\"WebPage\",\"@id\":\"https:\\\/\\\/www.malinashop.lt\\\/en\\\/shop\\\/skin1004-madagascar-centella-kelioninis-rinkinys-travel-kit\\\/\",\"url\":\"https:\\\/\\\/www.malinashop.lt\\\/en\\\/shop\\\/skin1004-madagascar-centella-kelioninis-rinkinys-travel-kit\\\/\",\"name\":\"SKIN1004 Madagascar Centella kelioninis rinkinys (Travel Kit) - MalinaShop.lt J\u016bs\u0173 sveikatai ir gro\u017eiui.\",\"isPartOf\":{\"@id\":\"https:\\\/\\\/www.malinashop.lt\\\/en\\\/#website\"},\"primaryImageOfPage\":{\"@id\":\"https:\\\/\\\/www.malinashop.lt\\\/en\\\/shop\\\/skin1004-madagascar-centella-kelioninis-rinkinys-travel-kit\\\/#primaryimage\"},\"image\":{\"@id\":\"https:\\\/\\\/www.malinashop.lt\\\/en\\\/shop\\\/skin1004-madagascar-centella-kelioninis-rinkinys-travel-kit\\\/#primaryimage\"},\"thumbnailUrl\":\"https:\\\/\\\/www.malinashop.lt\\\/wp-content\\\/uploads\\\/2026\\\/01\\\/SKIN1004-Madagascar-Centella-kelioninis-rinkinys-Travel-Kit-1.webp\",\"datePublished\":\"2026-01-31T13:46:13+00:00\",\"dateModified\":\"2026-04-07T21:42:14+00:00\",\"description\":\"SKIN1004 Madagascar Centella Travel Kit \u2013 5 mini dyd\u017eio priemon\u0117s kasdienei veido rutinai: hidrofilinis aliejus, prausimosi putos, tonikas, 100% centel\u0117s\",\"breadcrumb\":{\"@id\":\"https:\\\/\\\/www.malinashop.lt\\\/en\\\/shop\\\/skin1004-madagascar-centella-kelioninis-rinkinys-travel-kit\\\/#breadcrumb\"},\"inLanguage\":\"lt-LT\",\"potentialAction\":[{\"@type\":\"ReadAction\",\"target\":[\"https:\\\/\\\/www.malinashop.lt\\\/en\\\/shop\\\/skin1004-madagascar-centella-kelioninis-rinkinys-travel-kit\\\/\"]}]},{\"@type\":\"ImageObject\",\"inLanguage\":\"lt-LT\",\"@id\":\"https:\\\/\\\/www.malinashop.lt\\\/en\\\/shop\\\/skin1004-madagascar-centella-kelioninis-rinkinys-travel-kit\\\/#primaryimage\",\"url\":\"https:\\\/\\\/www.malinashop.lt\\\/wp-content\\\/uploads\\\/2026\\\/01\\\/SKIN1004-Madagascar-Centella-kelioninis-rinkinys-Travel-Kit-1.webp\",\"contentUrl\":\"https:\\\/\\\/www.malinashop.lt\\\/wp-content\\\/uploads\\\/2026\\\/01\\\/SKIN1004-Madagascar-Centella-kelioninis-rinkinys-Travel-Kit-1.webp\",\"width\":810,\"height\":810},{\"@type\":\"BreadcrumbList\",\"@id\":\"https:\\\/\\\/www.malinashop.lt\\\/en\\\/shop\\\/skin1004-madagascar-centella-kelioninis-rinkinys-travel-kit\\\/#breadcrumb\",\"itemListElement\":[{\"@type\":\"ListItem\",\"position\":1,\"name\":\"Home\",\"item\":\"https:\\\/\\\/www.malinashop.lt\\\/en\\\/\"},{\"@type\":\"ListItem\",\"position\":2,\"name\":\"Parduotuv\u0117\",\"item\":\"https:\\\/\\\/www.malinashop.lt\\\/en\\\/parduotuve\\\/\"},{\"@type\":\"ListItem\",\"position\":3,\"name\":\"SKIN1004 Madagascar Centella kelioninis rinkinys (Travel Kit)\"}]},{\"@type\":\"WebSite\",\"@id\":\"https:\\\/\\\/www.malinashop.lt\\\/en\\\/#website\",\"url\":\"https:\\\/\\\/www.malinashop.lt\\\/en\\\/\",\"name\":\"COM Group Ecommerce\",\"description\":\"MalinaShop.lt - Gro\u017eio ir sveikatos produktai i\u0161 patikim\u0173 preki\u0173 \u017eenkl\u0173. Atraskite auk\u0161tos kokyb\u0117s kosmetik\u0105 u\u017e puiki\u0105 kain\u0105.\",\"publisher\":{\"@id\":\"https:\\\/\\\/www.malinashop.lt\\\/en\\\/#organization\"},\"potentialAction\":[{\"@type\":\"SearchAction\",\"target\":{\"@type\":\"EntryPoint\",\"urlTemplate\":\"https:\\\/\\\/www.malinashop.lt\\\/en\\\/?s={search_term_string}\"},\"query-input\":{\"@type\":\"PropertyValueSpecification\",\"valueRequired\":true,\"valueName\":\"search_term_string\"}}],\"inLanguage\":\"lt-LT\"},{\"@type\":\"Organization\",\"@id\":\"https:\\\/\\\/www.malinashop.lt\\\/en\\\/#organization\",\"name\":\"COM Group Ecommerce\",\"url\":\"https:\\\/\\\/www.malinashop.lt\\\/en\\\/\",\"logo\":{\"@type\":\"ImageObject\",\"inLanguage\":\"lt-LT\",\"@id\":\"https:\\\/\\\/www.malinashop.lt\\\/en\\\/#\\\/schema\\\/logo\\\/image\\\/\",\"url\":\"https:\\\/\\\/www.malinashop.lt\\\/wp-content\\\/uploads\\\/2024\\\/08\\\/462559670_3787732518133670_9795632669273463_n-e1731525914575.png\",\"contentUrl\":\"https:\\\/\\\/www.malinashop.lt\\\/wp-content\\\/uploads\\\/2024\\\/08\\\/462559670_3787732518133670_9795632669273463_n-e1731525914575.png\",\"width\":180,\"height\":60,\"caption\":\"COM Group Ecommerce\"},\"image\":{\"@id\":\"https:\\\/\\\/www.malinashop.lt\\\/en\\\/#\\\/schema\\\/logo\\\/image\\\/\"}}]}<\/script>\n<!-- \/ Yoast SEO plugin. -->","yoast_head_json":{"title":"SKIN1004 Madagascar Centella kelioninis rinkinys (Travel Kit) - MalinaShop.lt J\u016bs\u0173 sveikatai ir gro\u017eiui.","description":"SKIN1004 Madagascar Centella Travel Kit \u2013 5 mini dyd\u017eio priemon\u0117s kasdienei veido rutinai: hidrofilinis aliejus, prausimosi putos, tonikas, 100% centel\u0117s","robots":{"index":"index","follow":"follow","max-snippet":"max-snippet:-1","max-image-preview":"max-image-preview:large","max-video-preview":"max-video-preview:-1"},"canonical":"https:\/\/www.malinashop.lt\/lt_lt\/shop\/skin1004-madagascar-centella-kelioninis-rinkinys-travel-kit\/","og_locale":"lt_LT","og_type":"article","og_title":"SKIN1004 Madagascar Centella kelioninis rinkinys (Travel Kit) - MalinaShop.lt J\u016bs\u0173 sveikatai ir gro\u017eiui.","og_description":"SKIN1004 Madagascar Centella Travel Kit \u2013 5 mini dyd\u017eio priemon\u0117s kasdienei veido rutinai: hidrofilinis aliejus, prausimosi putos, tonikas, 100% centel\u0117s","og_url":"https:\/\/www.malinashop.lt\/lt_lt\/shop\/skin1004-madagascar-centella-kelioninis-rinkinys-travel-kit\/","og_site_name":"MalinaShop.lt J\u016bs\u0173 sveikatai ir gro\u017eiui.","article_modified_time":"2026-04-07T21:42:14+00:00","og_image":[{"width":810,"height":810,"url":"https:\/\/www.malinashop.lt\/wp-content\/uploads\/2026\/01\/SKIN1004-Madagascar-Centella-kelioninis-rinkinys-Travel-Kit-1.webp","type":"image\/webp"}],"twitter_card":"summary_large_image","schema":{"@context":"https:\/\/schema.org","@graph":[{"@type":"WebPage","@id":"https:\/\/www.malinashop.lt\/en\/shop\/skin1004-madagascar-centella-kelioninis-rinkinys-travel-kit\/","url":"https:\/\/www.malinashop.lt\/en\/shop\/skin1004-madagascar-centella-kelioninis-rinkinys-travel-kit\/","name":"SKIN1004 Madagascar Centella kelioninis rinkinys (Travel Kit) - MalinaShop.lt J\u016bs\u0173 sveikatai ir gro\u017eiui.","isPartOf":{"@id":"https:\/\/www.malinashop.lt\/en\/#website"},"primaryImageOfPage":{"@id":"https:\/\/www.malinashop.lt\/en\/shop\/skin1004-madagascar-centella-kelioninis-rinkinys-travel-kit\/#primaryimage"},"image":{"@id":"https:\/\/www.malinashop.lt\/en\/shop\/skin1004-madagascar-centella-kelioninis-rinkinys-travel-kit\/#primaryimage"},"thumbnailUrl":"https:\/\/www.malinashop.lt\/wp-content\/uploads\/2026\/01\/SKIN1004-Madagascar-Centella-kelioninis-rinkinys-Travel-Kit-1.webp","datePublished":"2026-01-31T13:46:13+00:00","dateModified":"2026-04-07T21:42:14+00:00","description":"SKIN1004 Madagascar Centella Travel Kit \u2013 5 mini dyd\u017eio priemon\u0117s kasdienei veido rutinai: hidrofilinis aliejus, prausimosi putos, tonikas, 100% centel\u0117s","breadcrumb":{"@id":"https:\/\/www.malinashop.lt\/en\/shop\/skin1004-madagascar-centella-kelioninis-rinkinys-travel-kit\/#breadcrumb"},"inLanguage":"lt-LT","potentialAction":[{"@type":"ReadAction","target":["https:\/\/www.malinashop.lt\/en\/shop\/skin1004-madagascar-centella-kelioninis-rinkinys-travel-kit\/"]}]},{"@type":"ImageObject","inLanguage":"lt-LT","@id":"https:\/\/www.malinashop.lt\/en\/shop\/skin1004-madagascar-centella-kelioninis-rinkinys-travel-kit\/#primaryimage","url":"https:\/\/www.malinashop.lt\/wp-content\/uploads\/2026\/01\/SKIN1004-Madagascar-Centella-kelioninis-rinkinys-Travel-Kit-1.webp","contentUrl":"https:\/\/www.malinashop.lt\/wp-content\/uploads\/2026\/01\/SKIN1004-Madagascar-Centella-kelioninis-rinkinys-Travel-Kit-1.webp","width":810,"height":810},{"@type":"BreadcrumbList","@id":"https:\/\/www.malinashop.lt\/en\/shop\/skin1004-madagascar-centella-kelioninis-rinkinys-travel-kit\/#breadcrumb","itemListElement":[{"@type":"ListItem","position":1,"name":"Home","item":"https:\/\/www.malinashop.lt\/en\/"},{"@type":"ListItem","position":2,"name":"Parduotuv\u0117","item":"https:\/\/www.malinashop.lt\/en\/parduotuve\/"},{"@type":"ListItem","position":3,"name":"SKIN1004 Madagascar Centella kelioninis rinkinys (Travel Kit)"}]},{"@type":"WebSite","@id":"https:\/\/www.malinashop.lt\/en\/#website","url":"https:\/\/www.malinashop.lt\/en\/","name":"COM Group Ecommerce","description":"MalinaShop.lt - Gro\u017eio ir sveikatos produktai i\u0161 patikim\u0173 preki\u0173 \u017eenkl\u0173. Atraskite auk\u0161tos kokyb\u0117s kosmetik\u0105 u\u017e puiki\u0105 kain\u0105.","publisher":{"@id":"https:\/\/www.malinashop.lt\/en\/#organization"},"potentialAction":[{"@type":"SearchAction","target":{"@type":"EntryPoint","urlTemplate":"https:\/\/www.malinashop.lt\/en\/?s={search_term_string}"},"query-input":{"@type":"PropertyValueSpecification","valueRequired":true,"valueName":"search_term_string"}}],"inLanguage":"lt-LT"},{"@type":"Organization","@id":"https:\/\/www.malinashop.lt\/en\/#organization","name":"COM Group Ecommerce","url":"https:\/\/www.malinashop.lt\/en\/","logo":{"@type":"ImageObject","inLanguage":"lt-LT","@id":"https:\/\/www.malinashop.lt\/en\/#\/schema\/logo\/image\/","url":"https:\/\/www.malinashop.lt\/wp-content\/uploads\/2024\/08\/462559670_3787732518133670_9795632669273463_n-e1731525914575.png","contentUrl":"https:\/\/www.malinashop.lt\/wp-content\/uploads\/2024\/08\/462559670_3787732518133670_9795632669273463_n-e1731525914575.png","width":180,"height":60,"caption":"COM Group Ecommerce"},"image":{"@id":"https:\/\/www.malinashop.lt\/en\/#\/schema\/logo\/image\/"}}]}},"jetpack_sharing_enabled":true,"_links":{"self":[{"href":"https:\/\/www.malinashop.lt\/lt_lt\/wp-json\/wp\/v2\/product\/73787","targetHints":{"allow":["GET"]}}],"collection":[{"href":"https:\/\/www.malinashop.lt\/lt_lt\/wp-json\/wp\/v2\/product"}],"about":[{"href":"https:\/\/www.malinashop.lt\/lt_lt\/wp-json\/wp\/v2\/types\/product"}],"version-history":[{"count":1,"href":"https:\/\/www.malinashop.lt\/lt_lt\/wp-json\/wp\/v2\/product\/73787\/revisions"}],"predecessor-version":[{"id":73791,"href":"https:\/\/www.malinashop.lt\/lt_lt\/wp-json\/wp\/v2\/product\/73787\/revisions\/73791"}],"wp:featuredmedia":[{"embeddable":true,"href":"https:\/\/www.malinashop.lt\/lt_lt\/wp-json\/wp\/v2\/media\/73790"}],"wp:attachment":[{"href":"https:\/\/www.malinashop.lt\/lt_lt\/wp-json\/wp\/v2\/media?parent=73787"}],"wp:term":[{"taxonomy":"product_brand","embeddable":true,"href":"https:\/\/www.malinashop.lt\/lt_lt\/wp-json\/wp\/v2\/product_brand?post=73787"},{"taxonomy":"product_cat","embeddable":true,"href":"https:\/\/www.malinashop.lt\/lt_lt\/wp-json\/wp\/v2\/product_cat?post=73787"},{"taxonomy":"product_tag","embeddable":true,"href":"https:\/\/www.malinashop.lt\/lt_lt\/wp-json\/wp\/v2\/product_tag?post=73787"}],"curies":[{"name":"wp","href":"https:\/\/api.w.org\/{rel}","templated":true}]}}