{"id":73752,"date":"2026-01-31T15:46:57","date_gmt":"2026-01-31T12:46:57","guid":{"rendered":"https:\/\/malinashop.lt\/?post_type=product&#038;p=73752"},"modified":"2026-04-08T00:43:40","modified_gmt":"2026-04-07T21:43:40","slug":"skin1004-madagascar-centella-light-cleansing-oil-lengvas-veido-valomasis-aliejus-200-ml","status":"publish","type":"product","link":"https:\/\/www.malinashop.lt\/lt_lt\/shop\/skin1004-madagascar-centella-light-cleansing-oil-lengvas-veido-valomasis-aliejus-200-ml\/","title":{"rendered":"SKIN1004 Madagascar Centella Light Cleansing Oil lengvas veido valomasis aliejus, 200 ml"},"content":{"rendered":"<p data-start=\"206\" data-end=\"584\"><strong data-start=\"206\" data-end=\"258\">SKIN1004 Madagascar Centella Light Cleansing Oil<\/strong> \u2013 lengvas, daugiafunkcis veido valomasis aliejus, skirtas kruop\u0161\u010diai nuvalyti <strong data-start=\"337\" data-end=\"348\">makia\u017e\u0105<\/strong>, SPF liku\u010dius ir kasdienius ne\u0161varumus, kartu suteikiant odai komforto ir maitinimo poj\u016bt\u012f. Priemon\u0117 padeda \u0161velniai i\u0161tirpinti ant odos pavir\u0161iaus susikaupus\u012f sebum\u0105 ir ne\u0161varumus, tod\u0117l oda po valymo jau\u010diasi \u0161vari, gaivi ir mink\u0161ta.<\/p>\n<p data-start=\"586\" data-end=\"1092\">Formul\u0117je esantis <strong data-start=\"604\" data-end=\"657\">MCT kokos\u0173 aliejus (Caprylic\/Capric Triglyceride)<\/strong> kartu su <strong data-start=\"667\" data-end=\"705\">Centella Asiatica (CICA) ekstraktu<\/strong> padeda palaikyti odos komfort\u0105 ir raminant\u012f prie\u017ei\u016bros poj\u016bt\u012f. Papildomai praturtinta <strong data-start=\"792\" data-end=\"818\">6 augaliniais aliejais<\/strong> (saul\u0117gr\u0105\u017e\u0173, bergamot\u0117s, alyvuogi\u0173, simondsij\u0173, pelargonij\u0173 ir damaskini\u0173 ro\u017ei\u0173), kurie suteikia \u0161velnumo, padeda odai jaustis pamaitintai ir pri\u017ei\u016br\u0117tai. Naudojant vanden\u012f aliejus virsta lengva pienelio emulsija, tod\u0117l lengvai nusiplauna ir palieka malon\u0173, nelipn\u0173 poj\u016bt\u012f.<\/p>\n<hr data-start=\"1094\" data-end=\"1097\" \/>\n<h3 data-start=\"1099\" data-end=\"1126\">Pagrindiniai privalumai<\/h3>\n<ul data-start=\"1127\" data-end=\"1506\">\n<li data-start=\"1127\" data-end=\"1181\">\n<p data-start=\"1129\" data-end=\"1181\">Kruop\u0161\u010diai pa\u0161alina <strong data-start=\"1149\" data-end=\"1179\">makia\u017e\u0105, SPF ir ne\u0161varumus<\/strong><\/p>\n<\/li>\n<li data-start=\"1182\" data-end=\"1252\">\n<p data-start=\"1184\" data-end=\"1252\"><strong data-start=\"1184\" data-end=\"1203\">Lengva tekst\u016bra<\/strong> \u2013 patogus kasdienis valymas be sunkumo poj\u016b\u010dio<\/p>\n<\/li>\n<li data-start=\"1253\" data-end=\"1311\">\n<p data-start=\"1255\" data-end=\"1311\"><strong data-start=\"1255\" data-end=\"1285\">CICA (Centella) ekstraktas<\/strong> \u2013 raminan\u010diam komfortui<\/p>\n<\/li>\n<li data-start=\"1312\" data-end=\"1370\">\n<p data-start=\"1314\" data-end=\"1370\"><strong data-start=\"1314\" data-end=\"1336\">MCT kokos\u0173 aliejus<\/strong> \u2013 \u0161velniam ne\u0161varum\u0173 tirpinimui<\/p>\n<\/li>\n<li data-start=\"1371\" data-end=\"1443\">\n<p data-start=\"1373\" data-end=\"1443\">Augalini\u0173 aliej\u0173 kompleksas \u2013 \u0161velnumui ir pamaitintos odos poj\u016b\u010diui<\/p>\n<\/li>\n<li data-start=\"1444\" data-end=\"1506\">\n<p data-start=\"1446\" data-end=\"1506\">Su vandeniu virsta <strong data-start=\"1465\" data-end=\"1486\">pienelio emulsija<\/strong>, lengvai nusiplauna<\/p>\n<\/li>\n<\/ul>\n<hr data-start=\"1508\" data-end=\"1511\" \/>\n<h3 data-start=\"1513\" data-end=\"1527\">Naudojimas<\/h3>\n<p data-start=\"1528\" data-end=\"1774\">U\u017epilkite nedidel\u012f kiek\u012f priemon\u0117s ant saus\u0173 rank\u0173. Masa\u017euokite <strong data-start=\"1592\" data-end=\"1611\">saus\u0105 veido od\u0105<\/strong>, kad i\u0161tirpdytum\u0117te makia\u017e\u0105, sebum\u0105 ir ne\u0161varumus. Sudr\u0117kinkite rankas ir t\u0119skite masa\u017e\u0105 \u2013 aliejus virs lengva pienelio emulsija. Nuplaukite <strong data-start=\"1753\" data-end=\"1773\">drungnu vandeniu<\/strong>.<\/p>\n<hr data-start=\"1776\" data-end=\"1779\" \/>\n<h3 data-start=\"1781\" data-end=\"1794\">\u012esp\u0117jimai<\/h3>\n<p data-start=\"1795\" data-end=\"2060\">Tik i\u0161oriniam naudojimui. Naudokite pagal instrukcijas. Venkite patekimo \u012f akis. Laikyti vaikams nepasiekiamoje vietoje. Netepkite ant gleivini\u0173 ir pa\u017eeistos odos. Jei atsiranda sudirgimas \u2013 nutraukite naudojim\u0105. Laikyti ne auk\u0161tesn\u0117je kaip <strong data-start=\"2036\" data-end=\"2045\">25 \u00b0C<\/strong> temperat\u016broje.<\/p>\n<hr data-start=\"2062\" data-end=\"2065\" \/>\n<h3 data-start=\"2067\" data-end=\"2085\">Sud\u0117tis (INCI)<\/h3>\n<p data-start=\"2086\" data-end=\"2471\">Ethylhexyl Stearate, Cetyl Ethylhexanoate, Sorbeth-30 Tetraoleate, Caprylic\/Capric Triglyceride, Centella Asiatica Extract, Helianthus Annuus (Sunflower) Seed Oil, Citrus Aurantium Bergamia (Bergamot) Fruit Oil, Olea Europaea (Olive) Fruit Oil, Simmondsia Chinensis (Jojoba) Seed Oil, Pelargonium Graveolens Flower Oil, Rosa Damascena Flower Oil, Ethylhexylglycerin, Limonene, Linalool<\/p>\n","protected":false},"excerpt":{"rendered":"<p data-start=\"2395\" data-end=\"2524\">Lengvas valomasis aliejus su CICA ir augaliniais aliejais \u2013 i\u0161tirpina makia\u017e\u0105 ir ne\u0161varumus, su vandeniu virsta pienelio emulsija ir palieka \u0161velnios odos poj\u016bt\u012f, 200 ml.<\/p>\n","protected":false},"featured_media":73753,"template":"","meta":[],"product_brand":[1583],"product_cat":[562,537,728],"product_tag":[1620],"class_list":{"0":"post-73752","1":"product","2":"type-product","3":"status-publish","4":"has-post-thumbnail","6":"product_brand-skin-1004","7":"product_cat-sandelio-valymas","8":"product_cat-veido-valymo-priemones","9":"product_cat-veidui","10":"product_tag-skin-1004","12":"first","13":"instock","14":"sale","15":"taxable","16":"shipping-taxable","17":"purchasable","18":"product-type-simple"},"yoast_head":"<!-- This site is optimized with the Yoast SEO plugin v27.4 - https:\/\/yoast.com\/product\/yoast-seo-wordpress\/ -->\n<title>SKIN1004 Madagascar Centella Light Cleansing Oil lengvas veido valomasis aliejus, 200 ml - MalinaShop.lt J\u016bs\u0173 sveikatai ir gro\u017eiui.<\/title>\n<meta name=\"description\" content=\"SKIN1004 Madagascar Centella Light Cleansing Oil 200 ml \u2013 lengvas valomasis aliejus, kruop\u0161\u010diai \u0161alinantis makia\u017e\u0105, SPF ir ne\u0161varumus.\" \/>\n<meta name=\"robots\" content=\"index, follow, max-snippet:-1, max-image-preview:large, max-video-preview:-1\" \/>\n<link rel=\"canonical\" href=\"https:\/\/www.malinashop.lt\/lt_lt\/shop\/skin1004-madagascar-centella-light-cleansing-oil-lengvas-veido-valomasis-aliejus-200-ml\/\" \/>\n<meta property=\"og:locale\" content=\"lt_LT\" \/>\n<meta property=\"og:type\" content=\"article\" \/>\n<meta property=\"og:title\" content=\"SKIN1004 Madagascar Centella Light Cleansing Oil lengvas veido valomasis aliejus, 200 ml - MalinaShop.lt J\u016bs\u0173 sveikatai ir gro\u017eiui.\" \/>\n<meta property=\"og:description\" content=\"SKIN1004 Madagascar Centella Light Cleansing Oil 200 ml \u2013 lengvas valomasis aliejus, kruop\u0161\u010diai \u0161alinantis makia\u017e\u0105, SPF ir ne\u0161varumus.\" \/>\n<meta property=\"og:url\" content=\"https:\/\/www.malinashop.lt\/lt_lt\/shop\/skin1004-madagascar-centella-light-cleansing-oil-lengvas-veido-valomasis-aliejus-200-ml\/\" \/>\n<meta property=\"og:site_name\" content=\"MalinaShop.lt J\u016bs\u0173 sveikatai ir gro\u017eiui.\" \/>\n<meta property=\"article:modified_time\" content=\"2026-04-07T21:43:40+00:00\" \/>\n<meta property=\"og:image\" content=\"https:\/\/www.malinashop.lt\/wp-content\/uploads\/2026\/01\/SKIN1004-Madagascar-Centella-Light-Cleansing-Oil-lengvas-veido-valomasis-aliejus-200-ml.jpg\" \/>\n\t<meta property=\"og:image:width\" content=\"800\" \/>\n\t<meta property=\"og:image:height\" content=\"800\" \/>\n\t<meta property=\"og:image:type\" content=\"image\/jpeg\" \/>\n<meta name=\"twitter:card\" content=\"summary_large_image\" \/>\n<script type=\"application\/ld+json\" class=\"yoast-schema-graph\">{\"@context\":\"https:\\\/\\\/schema.org\",\"@graph\":[{\"@type\":\"WebPage\",\"@id\":\"https:\\\/\\\/www.malinashop.lt\\\/lt_lt\\\/shop\\\/skin1004-madagascar-centella-light-cleansing-oil-lengvas-veido-valomasis-aliejus-200-ml\\\/\",\"url\":\"https:\\\/\\\/www.malinashop.lt\\\/lt_lt\\\/shop\\\/skin1004-madagascar-centella-light-cleansing-oil-lengvas-veido-valomasis-aliejus-200-ml\\\/\",\"name\":\"SKIN1004 Madagascar Centella Light Cleansing Oil lengvas veido valomasis aliejus, 200 ml - MalinaShop.lt J\u016bs\u0173 sveikatai ir gro\u017eiui.\",\"isPartOf\":{\"@id\":\"https:\\\/\\\/www.malinashop.lt\\\/en\\\/#website\"},\"primaryImageOfPage\":{\"@id\":\"https:\\\/\\\/www.malinashop.lt\\\/lt_lt\\\/shop\\\/skin1004-madagascar-centella-light-cleansing-oil-lengvas-veido-valomasis-aliejus-200-ml\\\/#primaryimage\"},\"image\":{\"@id\":\"https:\\\/\\\/www.malinashop.lt\\\/lt_lt\\\/shop\\\/skin1004-madagascar-centella-light-cleansing-oil-lengvas-veido-valomasis-aliejus-200-ml\\\/#primaryimage\"},\"thumbnailUrl\":\"https:\\\/\\\/www.malinashop.lt\\\/wp-content\\\/uploads\\\/2026\\\/01\\\/SKIN1004-Madagascar-Centella-Light-Cleansing-Oil-lengvas-veido-valomasis-aliejus-200-ml.jpg\",\"datePublished\":\"2026-01-31T12:46:57+00:00\",\"dateModified\":\"2026-04-07T21:43:40+00:00\",\"description\":\"SKIN1004 Madagascar Centella Light Cleansing Oil 200 ml \u2013 lengvas valomasis aliejus, kruop\u0161\u010diai \u0161alinantis makia\u017e\u0105, SPF ir ne\u0161varumus.\",\"breadcrumb\":{\"@id\":\"https:\\\/\\\/www.malinashop.lt\\\/lt_lt\\\/shop\\\/skin1004-madagascar-centella-light-cleansing-oil-lengvas-veido-valomasis-aliejus-200-ml\\\/#breadcrumb\"},\"inLanguage\":\"lt-LT\",\"potentialAction\":[{\"@type\":\"ReadAction\",\"target\":[\"https:\\\/\\\/www.malinashop.lt\\\/lt_lt\\\/shop\\\/skin1004-madagascar-centella-light-cleansing-oil-lengvas-veido-valomasis-aliejus-200-ml\\\/\"]}]},{\"@type\":\"ImageObject\",\"inLanguage\":\"lt-LT\",\"@id\":\"https:\\\/\\\/www.malinashop.lt\\\/lt_lt\\\/shop\\\/skin1004-madagascar-centella-light-cleansing-oil-lengvas-veido-valomasis-aliejus-200-ml\\\/#primaryimage\",\"url\":\"https:\\\/\\\/www.malinashop.lt\\\/wp-content\\\/uploads\\\/2026\\\/01\\\/SKIN1004-Madagascar-Centella-Light-Cleansing-Oil-lengvas-veido-valomasis-aliejus-200-ml.jpg\",\"contentUrl\":\"https:\\\/\\\/www.malinashop.lt\\\/wp-content\\\/uploads\\\/2026\\\/01\\\/SKIN1004-Madagascar-Centella-Light-Cleansing-Oil-lengvas-veido-valomasis-aliejus-200-ml.jpg\",\"width\":800,\"height\":800},{\"@type\":\"BreadcrumbList\",\"@id\":\"https:\\\/\\\/www.malinashop.lt\\\/lt_lt\\\/shop\\\/skin1004-madagascar-centella-light-cleansing-oil-lengvas-veido-valomasis-aliejus-200-ml\\\/#breadcrumb\",\"itemListElement\":[{\"@type\":\"ListItem\",\"position\":1,\"name\":\"Home\",\"item\":\"https:\\\/\\\/www.malinashop.lt\\\/en\\\/\"},{\"@type\":\"ListItem\",\"position\":2,\"name\":\"Parduotuv\u0117\",\"item\":\"https:\\\/\\\/www.malinashop.lt\\\/en\\\/parduotuve\\\/\"},{\"@type\":\"ListItem\",\"position\":3,\"name\":\"SKIN1004 Madagascar Centella Light Cleansing Oil lengvas veido valomasis aliejus, 200 ml\"}]},{\"@type\":\"WebSite\",\"@id\":\"https:\\\/\\\/www.malinashop.lt\\\/en\\\/#website\",\"url\":\"https:\\\/\\\/www.malinashop.lt\\\/en\\\/\",\"name\":\"COM Group Ecommerce\",\"description\":\"MalinaShop.lt - Gro\u017eio ir sveikatos produktai i\u0161 patikim\u0173 preki\u0173 \u017eenkl\u0173. Atraskite auk\u0161tos kokyb\u0117s kosmetik\u0105 u\u017e puiki\u0105 kain\u0105.\",\"publisher\":{\"@id\":\"https:\\\/\\\/www.malinashop.lt\\\/en\\\/#organization\"},\"potentialAction\":[{\"@type\":\"SearchAction\",\"target\":{\"@type\":\"EntryPoint\",\"urlTemplate\":\"https:\\\/\\\/www.malinashop.lt\\\/en\\\/?s={search_term_string}\"},\"query-input\":{\"@type\":\"PropertyValueSpecification\",\"valueRequired\":true,\"valueName\":\"search_term_string\"}}],\"inLanguage\":\"lt-LT\"},{\"@type\":\"Organization\",\"@id\":\"https:\\\/\\\/www.malinashop.lt\\\/en\\\/#organization\",\"name\":\"COM Group Ecommerce\",\"url\":\"https:\\\/\\\/www.malinashop.lt\\\/en\\\/\",\"logo\":{\"@type\":\"ImageObject\",\"inLanguage\":\"lt-LT\",\"@id\":\"https:\\\/\\\/www.malinashop.lt\\\/en\\\/#\\\/schema\\\/logo\\\/image\\\/\",\"url\":\"https:\\\/\\\/www.malinashop.lt\\\/wp-content\\\/uploads\\\/2024\\\/08\\\/462559670_3787732518133670_9795632669273463_n-e1731525914575.png\",\"contentUrl\":\"https:\\\/\\\/www.malinashop.lt\\\/wp-content\\\/uploads\\\/2024\\\/08\\\/462559670_3787732518133670_9795632669273463_n-e1731525914575.png\",\"width\":180,\"height\":60,\"caption\":\"COM Group Ecommerce\"},\"image\":{\"@id\":\"https:\\\/\\\/www.malinashop.lt\\\/en\\\/#\\\/schema\\\/logo\\\/image\\\/\"}}]}<\/script>\n<!-- \/ Yoast SEO plugin. -->","yoast_head_json":{"title":"SKIN1004 Madagascar Centella Light Cleansing Oil lengvas veido valomasis aliejus, 200 ml - MalinaShop.lt J\u016bs\u0173 sveikatai ir gro\u017eiui.","description":"SKIN1004 Madagascar Centella Light Cleansing Oil 200 ml \u2013 lengvas valomasis aliejus, kruop\u0161\u010diai \u0161alinantis makia\u017e\u0105, SPF ir ne\u0161varumus.","robots":{"index":"index","follow":"follow","max-snippet":"max-snippet:-1","max-image-preview":"max-image-preview:large","max-video-preview":"max-video-preview:-1"},"canonical":"https:\/\/www.malinashop.lt\/lt_lt\/shop\/skin1004-madagascar-centella-light-cleansing-oil-lengvas-veido-valomasis-aliejus-200-ml\/","og_locale":"lt_LT","og_type":"article","og_title":"SKIN1004 Madagascar Centella Light Cleansing Oil lengvas veido valomasis aliejus, 200 ml - MalinaShop.lt J\u016bs\u0173 sveikatai ir gro\u017eiui.","og_description":"SKIN1004 Madagascar Centella Light Cleansing Oil 200 ml \u2013 lengvas valomasis aliejus, kruop\u0161\u010diai \u0161alinantis makia\u017e\u0105, SPF ir ne\u0161varumus.","og_url":"https:\/\/www.malinashop.lt\/lt_lt\/shop\/skin1004-madagascar-centella-light-cleansing-oil-lengvas-veido-valomasis-aliejus-200-ml\/","og_site_name":"MalinaShop.lt J\u016bs\u0173 sveikatai ir gro\u017eiui.","article_modified_time":"2026-04-07T21:43:40+00:00","og_image":[{"width":800,"height":800,"url":"https:\/\/www.malinashop.lt\/wp-content\/uploads\/2026\/01\/SKIN1004-Madagascar-Centella-Light-Cleansing-Oil-lengvas-veido-valomasis-aliejus-200-ml.jpg","type":"image\/jpeg"}],"twitter_card":"summary_large_image","schema":{"@context":"https:\/\/schema.org","@graph":[{"@type":"WebPage","@id":"https:\/\/www.malinashop.lt\/lt_lt\/shop\/skin1004-madagascar-centella-light-cleansing-oil-lengvas-veido-valomasis-aliejus-200-ml\/","url":"https:\/\/www.malinashop.lt\/lt_lt\/shop\/skin1004-madagascar-centella-light-cleansing-oil-lengvas-veido-valomasis-aliejus-200-ml\/","name":"SKIN1004 Madagascar Centella Light Cleansing Oil lengvas veido valomasis aliejus, 200 ml - MalinaShop.lt J\u016bs\u0173 sveikatai ir gro\u017eiui.","isPartOf":{"@id":"https:\/\/www.malinashop.lt\/en\/#website"},"primaryImageOfPage":{"@id":"https:\/\/www.malinashop.lt\/lt_lt\/shop\/skin1004-madagascar-centella-light-cleansing-oil-lengvas-veido-valomasis-aliejus-200-ml\/#primaryimage"},"image":{"@id":"https:\/\/www.malinashop.lt\/lt_lt\/shop\/skin1004-madagascar-centella-light-cleansing-oil-lengvas-veido-valomasis-aliejus-200-ml\/#primaryimage"},"thumbnailUrl":"https:\/\/www.malinashop.lt\/wp-content\/uploads\/2026\/01\/SKIN1004-Madagascar-Centella-Light-Cleansing-Oil-lengvas-veido-valomasis-aliejus-200-ml.jpg","datePublished":"2026-01-31T12:46:57+00:00","dateModified":"2026-04-07T21:43:40+00:00","description":"SKIN1004 Madagascar Centella Light Cleansing Oil 200 ml \u2013 lengvas valomasis aliejus, kruop\u0161\u010diai \u0161alinantis makia\u017e\u0105, SPF ir ne\u0161varumus.","breadcrumb":{"@id":"https:\/\/www.malinashop.lt\/lt_lt\/shop\/skin1004-madagascar-centella-light-cleansing-oil-lengvas-veido-valomasis-aliejus-200-ml\/#breadcrumb"},"inLanguage":"lt-LT","potentialAction":[{"@type":"ReadAction","target":["https:\/\/www.malinashop.lt\/lt_lt\/shop\/skin1004-madagascar-centella-light-cleansing-oil-lengvas-veido-valomasis-aliejus-200-ml\/"]}]},{"@type":"ImageObject","inLanguage":"lt-LT","@id":"https:\/\/www.malinashop.lt\/lt_lt\/shop\/skin1004-madagascar-centella-light-cleansing-oil-lengvas-veido-valomasis-aliejus-200-ml\/#primaryimage","url":"https:\/\/www.malinashop.lt\/wp-content\/uploads\/2026\/01\/SKIN1004-Madagascar-Centella-Light-Cleansing-Oil-lengvas-veido-valomasis-aliejus-200-ml.jpg","contentUrl":"https:\/\/www.malinashop.lt\/wp-content\/uploads\/2026\/01\/SKIN1004-Madagascar-Centella-Light-Cleansing-Oil-lengvas-veido-valomasis-aliejus-200-ml.jpg","width":800,"height":800},{"@type":"BreadcrumbList","@id":"https:\/\/www.malinashop.lt\/lt_lt\/shop\/skin1004-madagascar-centella-light-cleansing-oil-lengvas-veido-valomasis-aliejus-200-ml\/#breadcrumb","itemListElement":[{"@type":"ListItem","position":1,"name":"Home","item":"https:\/\/www.malinashop.lt\/en\/"},{"@type":"ListItem","position":2,"name":"Parduotuv\u0117","item":"https:\/\/www.malinashop.lt\/en\/parduotuve\/"},{"@type":"ListItem","position":3,"name":"SKIN1004 Madagascar Centella Light Cleansing Oil lengvas veido valomasis aliejus, 200 ml"}]},{"@type":"WebSite","@id":"https:\/\/www.malinashop.lt\/en\/#website","url":"https:\/\/www.malinashop.lt\/en\/","name":"COM Group Ecommerce","description":"MalinaShop.lt - Gro\u017eio ir sveikatos produktai i\u0161 patikim\u0173 preki\u0173 \u017eenkl\u0173. Atraskite auk\u0161tos kokyb\u0117s kosmetik\u0105 u\u017e puiki\u0105 kain\u0105.","publisher":{"@id":"https:\/\/www.malinashop.lt\/en\/#organization"},"potentialAction":[{"@type":"SearchAction","target":{"@type":"EntryPoint","urlTemplate":"https:\/\/www.malinashop.lt\/en\/?s={search_term_string}"},"query-input":{"@type":"PropertyValueSpecification","valueRequired":true,"valueName":"search_term_string"}}],"inLanguage":"lt-LT"},{"@type":"Organization","@id":"https:\/\/www.malinashop.lt\/en\/#organization","name":"COM Group Ecommerce","url":"https:\/\/www.malinashop.lt\/en\/","logo":{"@type":"ImageObject","inLanguage":"lt-LT","@id":"https:\/\/www.malinashop.lt\/en\/#\/schema\/logo\/image\/","url":"https:\/\/www.malinashop.lt\/wp-content\/uploads\/2024\/08\/462559670_3787732518133670_9795632669273463_n-e1731525914575.png","contentUrl":"https:\/\/www.malinashop.lt\/wp-content\/uploads\/2024\/08\/462559670_3787732518133670_9795632669273463_n-e1731525914575.png","width":180,"height":60,"caption":"COM Group Ecommerce"},"image":{"@id":"https:\/\/www.malinashop.lt\/en\/#\/schema\/logo\/image\/"}}]}},"jetpack_sharing_enabled":true,"_links":{"self":[{"href":"https:\/\/www.malinashop.lt\/lt_lt\/wp-json\/wp\/v2\/product\/73752","targetHints":{"allow":["GET"]}}],"collection":[{"href":"https:\/\/www.malinashop.lt\/lt_lt\/wp-json\/wp\/v2\/product"}],"about":[{"href":"https:\/\/www.malinashop.lt\/lt_lt\/wp-json\/wp\/v2\/types\/product"}],"version-history":[{"count":1,"href":"https:\/\/www.malinashop.lt\/lt_lt\/wp-json\/wp\/v2\/product\/73752\/revisions"}],"predecessor-version":[{"id":73754,"href":"https:\/\/www.malinashop.lt\/lt_lt\/wp-json\/wp\/v2\/product\/73752\/revisions\/73754"}],"wp:featuredmedia":[{"embeddable":true,"href":"https:\/\/www.malinashop.lt\/lt_lt\/wp-json\/wp\/v2\/media\/73753"}],"wp:attachment":[{"href":"https:\/\/www.malinashop.lt\/lt_lt\/wp-json\/wp\/v2\/media?parent=73752"}],"wp:term":[{"taxonomy":"product_brand","embeddable":true,"href":"https:\/\/www.malinashop.lt\/lt_lt\/wp-json\/wp\/v2\/product_brand?post=73752"},{"taxonomy":"product_cat","embeddable":true,"href":"https:\/\/www.malinashop.lt\/lt_lt\/wp-json\/wp\/v2\/product_cat?post=73752"},{"taxonomy":"product_tag","embeddable":true,"href":"https:\/\/www.malinashop.lt\/lt_lt\/wp-json\/wp\/v2\/product_tag?post=73752"}],"curies":[{"name":"wp","href":"https:\/\/api.w.org\/{rel}","templated":true}]}}