{"id":73749,"date":"2026-01-31T15:41:50","date_gmt":"2026-01-31T12:41:50","guid":{"rendered":"https:\/\/malinashop.lt\/?post_type=product&#038;p=73749"},"modified":"2026-04-08T00:44:39","modified_gmt":"2026-04-07T21:44:39","slug":"skin1004-madagascar-centella-ampoule-foam-raminamosios-veido-prausimosi-putos-20ml","status":"publish","type":"product","link":"https:\/\/www.malinashop.lt\/lt_lt\/shop\/skin1004-madagascar-centella-ampoule-foam-raminamosios-veido-prausimosi-putos-20ml\/","title":{"rendered":"SKIN1004 Madagascar Centella Ampoule Foam raminamosios veido prausimosi putos, 20ml"},"content":{"rendered":"<p data-start=\"202\" data-end=\"549\"><strong data-start=\"202\" data-end=\"247\">SKIN1004 Madagascar Centella Ampoule Foam<\/strong> \u2013 \u0161velnios veido prausimosi putos su <strong data-start=\"285\" data-end=\"331\">Centella Asiatica ekstraktu i\u0161 Madagaskaro<\/strong>, skirtos kasdieniam odos valymui ir komforto poj\u016b\u010diui. Prausiklis padeda pa\u0161alinti ne\u0161varumus bei riebal\u0173 pertekli\u0173, tuo pa\u010diu i\u0161laikant \u0161veln\u0173 poveik\u012f odai, tod\u0117l ypa\u010d tinka <strong data-start=\"507\" data-end=\"519\">jautriai<\/strong> ir sudirgimui linkusiai odai.<\/p>\n<p data-start=\"551\" data-end=\"861\">Formul\u0117 praturtinta <strong data-start=\"571\" data-end=\"592\">kakavos ekstraktu<\/strong>, kuris suteikia antioksidacin\u0117s prie\u017ei\u016bros poj\u016bt\u012f ir padeda odai jaustis ramesnei, o <strong data-start=\"678\" data-end=\"701\">natrio hialuronatas<\/strong> prisideda prie dr\u0117kinimo, mink\u0161tumo ir glotnumo poj\u016b\u010dio po prausimo. Prausiklio <strong data-start=\"782\" data-end=\"790\">pH 5<\/strong> padeda palaikyti odos komfort\u0105 ir barjero balans\u0105 kasdien\u0117je rutinoje.<\/p>\n<hr data-start=\"863\" data-end=\"866\" \/>\n<h3 data-start=\"868\" data-end=\"895\">Pagrindiniai privalumai<\/h3>\n<ul data-start=\"896\" data-end=\"1273\">\n<li data-start=\"896\" data-end=\"945\">\n<p data-start=\"898\" data-end=\"945\">\u0160velniai valo ir suteikia <strong data-start=\"924\" data-end=\"936\">komforto<\/strong> poj\u016bt\u012f<\/p>\n<\/li>\n<li data-start=\"946\" data-end=\"1021\">\n<p data-start=\"948\" data-end=\"1021\"><strong data-start=\"948\" data-end=\"969\">Centella Asiatica<\/strong> \u2013 raminan\u010diam ir atstatan\u010diam prie\u017ei\u016bros poj\u016b\u010diui<\/p>\n<\/li>\n<li data-start=\"1022\" data-end=\"1077\">\n<p data-start=\"1024\" data-end=\"1077\"><strong data-start=\"1024\" data-end=\"1032\">pH 5<\/strong> \u2013 odos balanso ir \u0161velnaus valymo poj\u016b\u010diui<\/p>\n<\/li>\n<li data-start=\"1078\" data-end=\"1157\">\n<p data-start=\"1080\" data-end=\"1157\"><strong data-start=\"1080\" data-end=\"1102\">Kakavos ekstraktas<\/strong> \u2013 antioksidacinei prie\u017ei\u016brai ir raminan\u010diam poj\u016b\u010diui<\/p>\n<\/li>\n<li data-start=\"1158\" data-end=\"1221\">\n<p data-start=\"1160\" data-end=\"1221\"><strong data-start=\"1160\" data-end=\"1182\">Sodium Hyaluronate<\/strong> \u2013 dr\u0117kinimui, \u0161velnumui ir glotnumui<\/p>\n<\/li>\n<li data-start=\"1222\" data-end=\"1273\">\n<p data-start=\"1224\" data-end=\"1273\">Tinka <strong data-start=\"1230\" data-end=\"1247\">jautriai odai<\/strong>, patogu kelion\u0117ms (20 ml)<\/p>\n<\/li>\n<\/ul>\n<hr data-start=\"1275\" data-end=\"1278\" \/>\n<h3 data-start=\"1280\" data-end=\"1294\">Naudojimas<\/h3>\n<p data-start=\"1295\" data-end=\"1460\">I\u0161spauskite nedidel\u012f kiek\u012f priemon\u0117s \u012f delnus, su vandeniu suputokite ir \u0161velniai masa\u017euokite veid\u0105. Kruop\u0161\u010diai nuplaukite drungnu vandeniu. Venkite patekimo \u012f akis.<\/p>\n<p data-start=\"1462\" data-end=\"1592\"><em data-start=\"1462\" data-end=\"1592\">(Pastaba: pateiktame apra\u0161yme buvo netikslus naudojimas apie plauk\u0173 linij\u0105 \u2013 \u0161iam produktui taikomas veido prausimo naudojimas.)<\/em><\/p>\n<hr data-start=\"1594\" data-end=\"1597\" \/>\n<h3 data-start=\"1599\" data-end=\"1612\">\u012esp\u0117jimai<\/h3>\n<p data-start=\"1613\" data-end=\"1878\">Tik i\u0161oriniam naudojimui. Naudokite pagal instrukcijas. Venkite patekimo \u012f akis. Laikyti vaikams nepasiekiamoje vietoje. Netepkite ant gleivini\u0173 ir pa\u017eeistos odos. Jei atsiranda sudirgimas \u2013 nutraukite naudojim\u0105. Laikyti ne auk\u0161tesn\u0117je kaip <strong data-start=\"1854\" data-end=\"1863\">25 \u00b0C<\/strong> temperat\u016broje.<\/p>\n<hr data-start=\"1880\" data-end=\"1883\" \/>\n<h3 data-start=\"1885\" data-end=\"1903\">Sud\u0117tis (INCI)<\/h3>\n<p data-start=\"1904\" data-end=\"2367\">Centella Asiatica Extract, Sodium Cocoyl Isethionate, Glycerin, Aqua, Sodium Methyl Cocoyl Taurate, Coco-Betaine, Potassium Cocoyl Glycinate, 1,2-Hexanediol, Sodium Chloride, Potassium Cocoate, Potassium Benzoate, Polyquaternium-67, Citric Acid, Dextrin, Sodium Bicarbonate, Theobroma Cacao (Cocoa) Extract, Disodium EDTA, Sodium Acetate, Butylene Glycol, Coptis Chinensis Root Extract, Sodium Hyaluronate, Eclipta Prostrata Extract, Coccinia Indica Fruit Extract<\/p>\n","protected":false},"excerpt":{"rendered":"<p data-start=\"2395\" data-end=\"2524\">\u0160velnios veido prausimosi putos su Centella i\u0161 Madagaskaro \u2013 valo, ramina ir padeda palaikyti dr\u0117gm\u0117s bei komforto poj\u016bt\u012f, 20 ml.<\/p>\n","protected":false},"featured_media":73750,"template":"","meta":[],"product_brand":[1583],"product_cat":[562,537,728],"product_tag":[1620],"class_list":{"0":"post-73749","1":"product","2":"type-product","3":"status-publish","4":"has-post-thumbnail","6":"product_brand-skin-1004","7":"product_cat-sandelio-valymas","8":"product_cat-veido-valymo-priemones","9":"product_cat-veidui","10":"product_tag-skin-1004","12":"first","13":"instock","14":"sale","15":"taxable","16":"shipping-taxable","17":"purchasable","18":"product-type-simple"},"yoast_head":"<!-- This site is optimized with the Yoast SEO plugin v27.4 - https:\/\/yoast.com\/product\/yoast-seo-wordpress\/ -->\n<title>SKIN1004 Madagascar Centella Ampoule Foam raminamosios veido prausimosi putos, 20ml - MalinaShop.lt J\u016bs\u0173 sveikatai ir gro\u017eiui.<\/title>\n<meta name=\"description\" content=\"SKIN1004 Madagascar Centella Ampoule Foam 20 ml \u2013 \u0161velnios veido prausimosi putos su Centella Asiatica i\u0161 Madagaskaro. pH 5 padeda palaikyti odos komfort\u0105\" \/>\n<meta name=\"robots\" content=\"index, follow, max-snippet:-1, max-image-preview:large, max-video-preview:-1\" \/>\n<link rel=\"canonical\" href=\"https:\/\/www.malinashop.lt\/lt_lt\/shop\/skin1004-madagascar-centella-ampoule-foam-raminamosios-veido-prausimosi-putos-20ml\/\" \/>\n<meta property=\"og:locale\" content=\"lt_LT\" \/>\n<meta property=\"og:type\" content=\"article\" \/>\n<meta property=\"og:title\" content=\"SKIN1004 Madagascar Centella Ampoule Foam raminamosios veido prausimosi putos, 20ml - MalinaShop.lt J\u016bs\u0173 sveikatai ir gro\u017eiui.\" \/>\n<meta property=\"og:description\" content=\"SKIN1004 Madagascar Centella Ampoule Foam 20 ml \u2013 \u0161velnios veido prausimosi putos su Centella Asiatica i\u0161 Madagaskaro. pH 5 padeda palaikyti odos komfort\u0105\" \/>\n<meta property=\"og:url\" content=\"https:\/\/www.malinashop.lt\/lt_lt\/shop\/skin1004-madagascar-centella-ampoule-foam-raminamosios-veido-prausimosi-putos-20ml\/\" \/>\n<meta property=\"og:site_name\" content=\"MalinaShop.lt J\u016bs\u0173 sveikatai ir gro\u017eiui.\" \/>\n<meta property=\"article:modified_time\" content=\"2026-04-07T21:44:39+00:00\" \/>\n<meta property=\"og:image\" content=\"https:\/\/www.malinashop.lt\/wp-content\/uploads\/2026\/01\/SKIN1004-Madagascar-Centella-Ampoule-Foam-raminamosios-veido-prausimosi-putos-20ml.jpg\" \/>\n\t<meta property=\"og:image:width\" content=\"800\" \/>\n\t<meta property=\"og:image:height\" content=\"800\" \/>\n\t<meta property=\"og:image:type\" content=\"image\/jpeg\" \/>\n<meta name=\"twitter:card\" content=\"summary_large_image\" \/>\n<script type=\"application\/ld+json\" class=\"yoast-schema-graph\">{\"@context\":\"https:\\\/\\\/schema.org\",\"@graph\":[{\"@type\":\"WebPage\",\"@id\":\"https:\\\/\\\/www.malinashop.lt\\\/lt_lt\\\/shop\\\/skin1004-madagascar-centella-ampoule-foam-raminamosios-veido-prausimosi-putos-20ml\\\/\",\"url\":\"https:\\\/\\\/www.malinashop.lt\\\/lt_lt\\\/shop\\\/skin1004-madagascar-centella-ampoule-foam-raminamosios-veido-prausimosi-putos-20ml\\\/\",\"name\":\"SKIN1004 Madagascar Centella Ampoule Foam raminamosios veido prausimosi putos, 20ml - MalinaShop.lt J\u016bs\u0173 sveikatai ir gro\u017eiui.\",\"isPartOf\":{\"@id\":\"https:\\\/\\\/www.malinashop.lt\\\/#website\"},\"primaryImageOfPage\":{\"@id\":\"https:\\\/\\\/www.malinashop.lt\\\/lt_lt\\\/shop\\\/skin1004-madagascar-centella-ampoule-foam-raminamosios-veido-prausimosi-putos-20ml\\\/#primaryimage\"},\"image\":{\"@id\":\"https:\\\/\\\/www.malinashop.lt\\\/lt_lt\\\/shop\\\/skin1004-madagascar-centella-ampoule-foam-raminamosios-veido-prausimosi-putos-20ml\\\/#primaryimage\"},\"thumbnailUrl\":\"https:\\\/\\\/www.malinashop.lt\\\/wp-content\\\/uploads\\\/2026\\\/01\\\/SKIN1004-Madagascar-Centella-Ampoule-Foam-raminamosios-veido-prausimosi-putos-20ml.jpg\",\"datePublished\":\"2026-01-31T12:41:50+00:00\",\"dateModified\":\"2026-04-07T21:44:39+00:00\",\"description\":\"SKIN1004 Madagascar Centella Ampoule Foam 20 ml \u2013 \u0161velnios veido prausimosi putos su Centella Asiatica i\u0161 Madagaskaro. pH 5 padeda palaikyti odos komfort\u0105\",\"breadcrumb\":{\"@id\":\"https:\\\/\\\/www.malinashop.lt\\\/lt_lt\\\/shop\\\/skin1004-madagascar-centella-ampoule-foam-raminamosios-veido-prausimosi-putos-20ml\\\/#breadcrumb\"},\"inLanguage\":\"lt-LT\",\"potentialAction\":[{\"@type\":\"ReadAction\",\"target\":[\"https:\\\/\\\/www.malinashop.lt\\\/lt_lt\\\/shop\\\/skin1004-madagascar-centella-ampoule-foam-raminamosios-veido-prausimosi-putos-20ml\\\/\"]}]},{\"@type\":\"ImageObject\",\"inLanguage\":\"lt-LT\",\"@id\":\"https:\\\/\\\/www.malinashop.lt\\\/lt_lt\\\/shop\\\/skin1004-madagascar-centella-ampoule-foam-raminamosios-veido-prausimosi-putos-20ml\\\/#primaryimage\",\"url\":\"https:\\\/\\\/www.malinashop.lt\\\/wp-content\\\/uploads\\\/2026\\\/01\\\/SKIN1004-Madagascar-Centella-Ampoule-Foam-raminamosios-veido-prausimosi-putos-20ml.jpg\",\"contentUrl\":\"https:\\\/\\\/www.malinashop.lt\\\/wp-content\\\/uploads\\\/2026\\\/01\\\/SKIN1004-Madagascar-Centella-Ampoule-Foam-raminamosios-veido-prausimosi-putos-20ml.jpg\",\"width\":800,\"height\":800},{\"@type\":\"BreadcrumbList\",\"@id\":\"https:\\\/\\\/www.malinashop.lt\\\/lt_lt\\\/shop\\\/skin1004-madagascar-centella-ampoule-foam-raminamosios-veido-prausimosi-putos-20ml\\\/#breadcrumb\",\"itemListElement\":[{\"@type\":\"ListItem\",\"position\":1,\"name\":\"Pagrindinis\",\"item\":\"https:\\\/\\\/www.malinashop.lt\\\/\"},{\"@type\":\"ListItem\",\"position\":2,\"name\":\"Parduotuv\u0117\",\"item\":\"https:\\\/\\\/www.malinashop.lt\\\/en\\\/parduotuve\\\/\"},{\"@type\":\"ListItem\",\"position\":3,\"name\":\"SKIN1004 Madagascar Centella Ampoule Foam raminamosios veido prausimosi putos, 20ml\"}]},{\"@type\":\"WebSite\",\"@id\":\"https:\\\/\\\/www.malinashop.lt\\\/#website\",\"url\":\"https:\\\/\\\/www.malinashop.lt\\\/\",\"name\":\"COM Group Ecommerce\",\"description\":\"MalinaShop.lt - Gro\u017eio ir sveikatos produktai i\u0161 patikim\u0173 preki\u0173 \u017eenkl\u0173. Atraskite auk\u0161tos kokyb\u0117s kosmetik\u0105 u\u017e puiki\u0105 kain\u0105.\",\"publisher\":{\"@id\":\"https:\\\/\\\/www.malinashop.lt\\\/#organization\"},\"potentialAction\":[{\"@type\":\"SearchAction\",\"target\":{\"@type\":\"EntryPoint\",\"urlTemplate\":\"https:\\\/\\\/www.malinashop.lt\\\/?s={search_term_string}\"},\"query-input\":{\"@type\":\"PropertyValueSpecification\",\"valueRequired\":true,\"valueName\":\"search_term_string\"}}],\"inLanguage\":\"lt-LT\"},{\"@type\":\"Organization\",\"@id\":\"https:\\\/\\\/www.malinashop.lt\\\/#organization\",\"name\":\"COM Group Ecommerce\",\"url\":\"https:\\\/\\\/www.malinashop.lt\\\/\",\"logo\":{\"@type\":\"ImageObject\",\"inLanguage\":\"lt-LT\",\"@id\":\"https:\\\/\\\/www.malinashop.lt\\\/#\\\/schema\\\/logo\\\/image\\\/\",\"url\":\"https:\\\/\\\/www.malinashop.lt\\\/wp-content\\\/uploads\\\/2024\\\/08\\\/462559670_3787732518133670_9795632669273463_n-e1731525914575.png\",\"contentUrl\":\"https:\\\/\\\/www.malinashop.lt\\\/wp-content\\\/uploads\\\/2024\\\/08\\\/462559670_3787732518133670_9795632669273463_n-e1731525914575.png\",\"width\":180,\"height\":60,\"caption\":\"COM Group Ecommerce\"},\"image\":{\"@id\":\"https:\\\/\\\/www.malinashop.lt\\\/#\\\/schema\\\/logo\\\/image\\\/\"}}]}<\/script>\n<!-- \/ Yoast SEO plugin. -->","yoast_head_json":{"title":"SKIN1004 Madagascar Centella Ampoule Foam raminamosios veido prausimosi putos, 20ml - MalinaShop.lt J\u016bs\u0173 sveikatai ir gro\u017eiui.","description":"SKIN1004 Madagascar Centella Ampoule Foam 20 ml \u2013 \u0161velnios veido prausimosi putos su Centella Asiatica i\u0161 Madagaskaro. pH 5 padeda palaikyti odos komfort\u0105","robots":{"index":"index","follow":"follow","max-snippet":"max-snippet:-1","max-image-preview":"max-image-preview:large","max-video-preview":"max-video-preview:-1"},"canonical":"https:\/\/www.malinashop.lt\/lt_lt\/shop\/skin1004-madagascar-centella-ampoule-foam-raminamosios-veido-prausimosi-putos-20ml\/","og_locale":"lt_LT","og_type":"article","og_title":"SKIN1004 Madagascar Centella Ampoule Foam raminamosios veido prausimosi putos, 20ml - MalinaShop.lt J\u016bs\u0173 sveikatai ir gro\u017eiui.","og_description":"SKIN1004 Madagascar Centella Ampoule Foam 20 ml \u2013 \u0161velnios veido prausimosi putos su Centella Asiatica i\u0161 Madagaskaro. pH 5 padeda palaikyti odos komfort\u0105","og_url":"https:\/\/www.malinashop.lt\/lt_lt\/shop\/skin1004-madagascar-centella-ampoule-foam-raminamosios-veido-prausimosi-putos-20ml\/","og_site_name":"MalinaShop.lt J\u016bs\u0173 sveikatai ir gro\u017eiui.","article_modified_time":"2026-04-07T21:44:39+00:00","og_image":[{"width":800,"height":800,"url":"https:\/\/www.malinashop.lt\/wp-content\/uploads\/2026\/01\/SKIN1004-Madagascar-Centella-Ampoule-Foam-raminamosios-veido-prausimosi-putos-20ml.jpg","type":"image\/jpeg"}],"twitter_card":"summary_large_image","schema":{"@context":"https:\/\/schema.org","@graph":[{"@type":"WebPage","@id":"https:\/\/www.malinashop.lt\/lt_lt\/shop\/skin1004-madagascar-centella-ampoule-foam-raminamosios-veido-prausimosi-putos-20ml\/","url":"https:\/\/www.malinashop.lt\/lt_lt\/shop\/skin1004-madagascar-centella-ampoule-foam-raminamosios-veido-prausimosi-putos-20ml\/","name":"SKIN1004 Madagascar Centella Ampoule Foam raminamosios veido prausimosi putos, 20ml - MalinaShop.lt J\u016bs\u0173 sveikatai ir gro\u017eiui.","isPartOf":{"@id":"https:\/\/www.malinashop.lt\/#website"},"primaryImageOfPage":{"@id":"https:\/\/www.malinashop.lt\/lt_lt\/shop\/skin1004-madagascar-centella-ampoule-foam-raminamosios-veido-prausimosi-putos-20ml\/#primaryimage"},"image":{"@id":"https:\/\/www.malinashop.lt\/lt_lt\/shop\/skin1004-madagascar-centella-ampoule-foam-raminamosios-veido-prausimosi-putos-20ml\/#primaryimage"},"thumbnailUrl":"https:\/\/www.malinashop.lt\/wp-content\/uploads\/2026\/01\/SKIN1004-Madagascar-Centella-Ampoule-Foam-raminamosios-veido-prausimosi-putos-20ml.jpg","datePublished":"2026-01-31T12:41:50+00:00","dateModified":"2026-04-07T21:44:39+00:00","description":"SKIN1004 Madagascar Centella Ampoule Foam 20 ml \u2013 \u0161velnios veido prausimosi putos su Centella Asiatica i\u0161 Madagaskaro. pH 5 padeda palaikyti odos komfort\u0105","breadcrumb":{"@id":"https:\/\/www.malinashop.lt\/lt_lt\/shop\/skin1004-madagascar-centella-ampoule-foam-raminamosios-veido-prausimosi-putos-20ml\/#breadcrumb"},"inLanguage":"lt-LT","potentialAction":[{"@type":"ReadAction","target":["https:\/\/www.malinashop.lt\/lt_lt\/shop\/skin1004-madagascar-centella-ampoule-foam-raminamosios-veido-prausimosi-putos-20ml\/"]}]},{"@type":"ImageObject","inLanguage":"lt-LT","@id":"https:\/\/www.malinashop.lt\/lt_lt\/shop\/skin1004-madagascar-centella-ampoule-foam-raminamosios-veido-prausimosi-putos-20ml\/#primaryimage","url":"https:\/\/www.malinashop.lt\/wp-content\/uploads\/2026\/01\/SKIN1004-Madagascar-Centella-Ampoule-Foam-raminamosios-veido-prausimosi-putos-20ml.jpg","contentUrl":"https:\/\/www.malinashop.lt\/wp-content\/uploads\/2026\/01\/SKIN1004-Madagascar-Centella-Ampoule-Foam-raminamosios-veido-prausimosi-putos-20ml.jpg","width":800,"height":800},{"@type":"BreadcrumbList","@id":"https:\/\/www.malinashop.lt\/lt_lt\/shop\/skin1004-madagascar-centella-ampoule-foam-raminamosios-veido-prausimosi-putos-20ml\/#breadcrumb","itemListElement":[{"@type":"ListItem","position":1,"name":"Pagrindinis","item":"https:\/\/www.malinashop.lt\/"},{"@type":"ListItem","position":2,"name":"Parduotuv\u0117","item":"https:\/\/www.malinashop.lt\/en\/parduotuve\/"},{"@type":"ListItem","position":3,"name":"SKIN1004 Madagascar Centella Ampoule Foam raminamosios veido prausimosi putos, 20ml"}]},{"@type":"WebSite","@id":"https:\/\/www.malinashop.lt\/#website","url":"https:\/\/www.malinashop.lt\/","name":"COM Group Ecommerce","description":"MalinaShop.lt - Gro\u017eio ir sveikatos produktai i\u0161 patikim\u0173 preki\u0173 \u017eenkl\u0173. Atraskite auk\u0161tos kokyb\u0117s kosmetik\u0105 u\u017e puiki\u0105 kain\u0105.","publisher":{"@id":"https:\/\/www.malinashop.lt\/#organization"},"potentialAction":[{"@type":"SearchAction","target":{"@type":"EntryPoint","urlTemplate":"https:\/\/www.malinashop.lt\/?s={search_term_string}"},"query-input":{"@type":"PropertyValueSpecification","valueRequired":true,"valueName":"search_term_string"}}],"inLanguage":"lt-LT"},{"@type":"Organization","@id":"https:\/\/www.malinashop.lt\/#organization","name":"COM Group Ecommerce","url":"https:\/\/www.malinashop.lt\/","logo":{"@type":"ImageObject","inLanguage":"lt-LT","@id":"https:\/\/www.malinashop.lt\/#\/schema\/logo\/image\/","url":"https:\/\/www.malinashop.lt\/wp-content\/uploads\/2024\/08\/462559670_3787732518133670_9795632669273463_n-e1731525914575.png","contentUrl":"https:\/\/www.malinashop.lt\/wp-content\/uploads\/2024\/08\/462559670_3787732518133670_9795632669273463_n-e1731525914575.png","width":180,"height":60,"caption":"COM Group Ecommerce"},"image":{"@id":"https:\/\/www.malinashop.lt\/#\/schema\/logo\/image\/"}}]}},"jetpack_sharing_enabled":true,"_links":{"self":[{"href":"https:\/\/www.malinashop.lt\/lt_lt\/wp-json\/wp\/v2\/product\/73749","targetHints":{"allow":["GET"]}}],"collection":[{"href":"https:\/\/www.malinashop.lt\/lt_lt\/wp-json\/wp\/v2\/product"}],"about":[{"href":"https:\/\/www.malinashop.lt\/lt_lt\/wp-json\/wp\/v2\/types\/product"}],"version-history":[{"count":1,"href":"https:\/\/www.malinashop.lt\/lt_lt\/wp-json\/wp\/v2\/product\/73749\/revisions"}],"predecessor-version":[{"id":73751,"href":"https:\/\/www.malinashop.lt\/lt_lt\/wp-json\/wp\/v2\/product\/73749\/revisions\/73751"}],"wp:featuredmedia":[{"embeddable":true,"href":"https:\/\/www.malinashop.lt\/lt_lt\/wp-json\/wp\/v2\/media\/73750"}],"wp:attachment":[{"href":"https:\/\/www.malinashop.lt\/lt_lt\/wp-json\/wp\/v2\/media?parent=73749"}],"wp:term":[{"taxonomy":"product_brand","embeddable":true,"href":"https:\/\/www.malinashop.lt\/lt_lt\/wp-json\/wp\/v2\/product_brand?post=73749"},{"taxonomy":"product_cat","embeddable":true,"href":"https:\/\/www.malinashop.lt\/lt_lt\/wp-json\/wp\/v2\/product_cat?post=73749"},{"taxonomy":"product_tag","embeddable":true,"href":"https:\/\/www.malinashop.lt\/lt_lt\/wp-json\/wp\/v2\/product_tag?post=73749"}],"curies":[{"name":"wp","href":"https:\/\/api.w.org\/{rel}","templated":true}]}}