{"id":73737,"date":"2026-01-31T14:21:10","date_gmt":"2026-01-31T11:21:10","guid":{"rendered":"https:\/\/malinashop.lt\/?post_type=product&#038;p=73737"},"modified":"2026-04-08T00:45:33","modified_gmt":"2026-04-07T21:45:33","slug":"skin1004-madagascar-soothing-centella-cream-raminamasis-veido-kremas-su-centella-75ml","status":"publish","type":"product","link":"https:\/\/www.malinashop.lt\/lt_lt\/shop\/skin1004-madagascar-soothing-centella-cream-raminamasis-veido-kremas-su-centella-75ml\/","title":{"rendered":"SKIN1004 Madagascar Soothing Centella Cream raminamasis veido kremas su Centella, 75ml"},"content":{"rendered":"<p data-start=\"205\" data-end=\"546\"><strong data-start=\"205\" data-end=\"252\">SKIN1004 Madagascar Soothing Centella Cream<\/strong> \u2013 raminamasis veido kremas su itin didele <strong data-start=\"295\" data-end=\"342\">Centella Asiatica (Gotu Kola) ekstrakto 72%<\/strong> koncentracija, skirtas kasdieniam odos komfortui, dr\u0117kinimui ir barjero prie\u017ei\u016brai. Kremas padeda nuraminti sudirgimo poj\u016bt\u012f, palaikyti odos dr\u0117gm\u0117s balans\u0105 ir suteikti \u0161velnios, pri\u017ei\u016br\u0117tos odos poj\u016bt\u012f.<\/p>\n<p data-start=\"548\" data-end=\"947\">Formul\u0117je esantis <strong data-start=\"566\" data-end=\"580\">glicerinas<\/strong>, <strong data-start=\"582\" data-end=\"595\">trehaloz\u0117<\/strong>, <strong data-start=\"597\" data-end=\"620\">natrio hialuronatas<\/strong> ir <strong data-start=\"624\" data-end=\"642\">beta-gliukanas<\/strong> padeda odai i\u0161laikyti dr\u0117gm\u0119 ir suteikia ilgiau i\u0161liekant\u012f komfort\u0105. <strong data-start=\"712\" data-end=\"753\">Ceramid\u0173 kompleksas (EOP, NS, NP, AP)<\/strong> kartu su <strong data-start=\"763\" data-end=\"821\">fitosfingozinu, cholesteroliu ir hidrogenintu lecitinu<\/strong> padeda stiprinti odos apsauginio barjero poj\u016bt\u012f, ma\u017einti sausumo ir tempimo jausm\u0105 bei prisid\u0117ti prie vandens\u2013lipid\u0173 balanso.<\/p>\n<p data-start=\"949\" data-end=\"1281\">Papildomi komponentai, tokie kaip <strong data-start=\"983\" data-end=\"1013\">pipirm\u0117t\u0117s lap\u0173 ekstraktas<\/strong> ir <strong data-start=\"1017\" data-end=\"1047\">imbiero \u0161aknies ekstraktas<\/strong>, suteikia gaivos poj\u016bt\u012f ir praturtina formul\u0119 augaliniais komponentais. <strong data-start=\"1120\" data-end=\"1142\">Traneksamo r\u016bg\u0161tis<\/strong> padeda pri\u017ei\u016br\u0117ti netolygaus tono ir pigmentacijos matomumo poj\u016bt\u012f, o \u0161velni, lengvai pasiskirstanti tekst\u016bra tinka kasdieniam naudojimui.<\/p>\n<hr data-start=\"1283\" data-end=\"1286\" \/>\n<h3 data-start=\"1288\" data-end=\"1315\">Pagrindiniai privalumai<\/h3>\n<ul data-start=\"1316\" data-end=\"1723\">\n<li data-start=\"1316\" data-end=\"1388\">\n<p data-start=\"1318\" data-end=\"1388\"><strong data-start=\"1318\" data-end=\"1354\">72% Centella Asiatica ekstraktas<\/strong> \u2013 raminan\u010diam komforto poj\u016b\u010diui<\/p>\n<\/li>\n<li data-start=\"1389\" data-end=\"1445\">\n<p data-start=\"1391\" data-end=\"1445\"><strong data-start=\"1391\" data-end=\"1402\">Dr\u0117kina<\/strong> ir padeda palaikyti odos dr\u0117gm\u0117s balans\u0105<\/p>\n<\/li>\n<li data-start=\"1446\" data-end=\"1537\">\n<p data-start=\"1448\" data-end=\"1537\"><strong data-start=\"1448\" data-end=\"1505\">Ceramid\u0173 kompleksas + fitosfingozinas + cholesterolis<\/strong> \u2013 barjero stiprinimo poj\u016b\u010diui<\/p>\n<\/li>\n<li data-start=\"1538\" data-end=\"1608\">\n<p data-start=\"1540\" data-end=\"1608\">Padeda ma\u017einti <strong data-start=\"1555\" data-end=\"1575\">sausumo, tempimo<\/strong> poj\u016bt\u012f ir gerina odos komfort\u0105<\/p>\n<\/li>\n<li data-start=\"1609\" data-end=\"1678\">\n<p data-start=\"1611\" data-end=\"1678\"><strong data-start=\"1611\" data-end=\"1633\">Traneksamo r\u016bg\u0161tis<\/strong> \u2013 tolygesnio odos tono prie\u017ei\u016bros poj\u016b\u010diui<\/p>\n<\/li>\n<li data-start=\"1679\" data-end=\"1723\">\n<p data-start=\"1681\" data-end=\"1723\">Tinka kasdieniam naudojimui ryte ir vakare<\/p>\n<\/li>\n<\/ul>\n<hr data-start=\"1725\" data-end=\"1728\" \/>\n<h3 data-start=\"1730\" data-end=\"1744\">Naudojimas<\/h3>\n<p data-start=\"1745\" data-end=\"1826\">Tepkite ant veido odos <strong data-start=\"1768\" data-end=\"1786\">ryte ir vakare<\/strong>, paskirstydami tolygiai per vis\u0105 veid\u0105.<\/p>\n<hr data-start=\"1828\" data-end=\"1831\" \/>\n<h3 data-start=\"1833\" data-end=\"1846\">\u012esp\u0117jimai<\/h3>\n<p data-start=\"1847\" data-end=\"2082\">Tik i\u0161oriniam naudojimui. Venkite patekimo \u012f akis. Laikyti vaikams nepasiekiamoje vietoje. Netepkite ant gleivini\u0173 ir pa\u017eeistos odos. Jei atsiranda sudirgimas \u2013 nutraukite naudojim\u0105. Laikyti ne auk\u0161tesn\u0117je kaip <strong data-start=\"2058\" data-end=\"2067\">25 \u00b0C<\/strong> temperat\u016broje.<\/p>\n<hr data-start=\"2084\" data-end=\"2087\" \/>\n<h3 data-start=\"2089\" data-end=\"2107\">Sud\u0117tis (INCI)<\/h3>\n<p data-start=\"2108\" data-end=\"2903\">Centella Asiatica (Gotu Kola) Extract (72%), Glycerin, Propanediol, Dipropylene Glycol, Cyclomethicone, Aqua, 1,2-Hexanediol, Trehalose, Caprylyl Methicone, C12-14 Pareth-12, Carbomer, Tromethamine, Ammonium Acryloyldimethyltaurate\/VP Copolymer, C30-45 Alkyl Cetearyl Dimethicone Crosspolymer, Xanthan Gum, Mentha Piperita (Peppermint) Leaf Extract, Zingiber Officinale (Ginger) Root Extract, Butylene Glycol, Ethylhexylglycerin, Dipotassium Glycyrrhizate, Tranexamic Acid, Coptis Chinensis Root Extract, Theobroma Cacao (Cocoa) Extract, Dextrin, Leuconostoc\/Radish Root Ferment Filtrate, Biosaccharide Gum-1, Disodium EDTA, Sodium Hyaluronate, Beta-Glucan, Ceramide EOP, Ceramide NS, Ceramide NP, Ceramide AP, Phytosphingosine, Hydrogenated Lecithin, Cetearyl Alcohol, Stearic Acid, Cholesterol<\/p>\n","protected":false},"excerpt":{"rendered":"<p>Raminamasis veido kremas su 72% Centella ir ceramidais \u2013 dr\u0117kina, padeda stiprinti odos barjero komforto poj\u016bt\u012f ir suteikia \u0161velnumo, 75 ml.<\/p>\n","protected":false},"featured_media":73738,"template":"","meta":[],"product_brand":[1583],"product_cat":[562,187,728],"product_tag":[1620],"class_list":{"0":"post-73737","1":"product","2":"type-product","3":"status-publish","4":"has-post-thumbnail","6":"product_brand-skin-1004","7":"product_cat-sandelio-valymas","8":"product_cat-veido-kremai","9":"product_cat-veidui","10":"product_tag-skin-1004","12":"first","13":"instock","14":"sale","15":"taxable","16":"shipping-taxable","17":"purchasable","18":"product-type-simple"},"yoast_head":"<!-- This site is optimized with the Yoast SEO plugin v27.4 - https:\/\/yoast.com\/product\/yoast-seo-wordpress\/ -->\n<title>SKIN1004 Madagascar Soothing Centella Cream raminamasis veido kremas su Centella, 75ml - MalinaShop.lt J\u016bs\u0173 sveikatai ir gro\u017eiui.<\/title>\n<meta name=\"description\" content=\"SKIN1004 Madagascar Soothing Centella Cream 75 ml \u2013 raminamasis kremas su 72% Centella Asiatica. Dr\u0117kina ir padeda palaikyti odos komfort\u0105\" \/>\n<meta name=\"robots\" content=\"index, follow, max-snippet:-1, max-image-preview:large, max-video-preview:-1\" \/>\n<link rel=\"canonical\" href=\"https:\/\/www.malinashop.lt\/lt_lt\/shop\/skin1004-madagascar-soothing-centella-cream-raminamasis-veido-kremas-su-centella-75ml\/\" \/>\n<meta property=\"og:locale\" content=\"lt_LT\" \/>\n<meta property=\"og:type\" content=\"article\" \/>\n<meta property=\"og:title\" content=\"SKIN1004 Madagascar Soothing Centella Cream raminamasis veido kremas su Centella, 75ml - MalinaShop.lt J\u016bs\u0173 sveikatai ir gro\u017eiui.\" \/>\n<meta property=\"og:description\" content=\"SKIN1004 Madagascar Soothing Centella Cream 75 ml \u2013 raminamasis kremas su 72% Centella Asiatica. Dr\u0117kina ir padeda palaikyti odos komfort\u0105\" \/>\n<meta property=\"og:url\" content=\"https:\/\/www.malinashop.lt\/lt_lt\/shop\/skin1004-madagascar-soothing-centella-cream-raminamasis-veido-kremas-su-centella-75ml\/\" \/>\n<meta property=\"og:site_name\" content=\"MalinaShop.lt J\u016bs\u0173 sveikatai ir gro\u017eiui.\" \/>\n<meta property=\"article:modified_time\" content=\"2026-04-07T21:45:33+00:00\" \/>\n<meta property=\"og:image\" content=\"https:\/\/www.malinashop.lt\/wp-content\/uploads\/2026\/01\/SKIN1004-Madagascar-Soothing-Centella-Cream-raminamasis-veido-kremas-su-Centella-75ml1.jpg\" \/>\n\t<meta property=\"og:image:width\" content=\"800\" \/>\n\t<meta property=\"og:image:height\" content=\"800\" \/>\n\t<meta property=\"og:image:type\" content=\"image\/jpeg\" \/>\n<meta name=\"twitter:card\" content=\"summary_large_image\" \/>\n<script type=\"application\/ld+json\" class=\"yoast-schema-graph\">{\"@context\":\"https:\\\/\\\/schema.org\",\"@graph\":[{\"@type\":\"WebPage\",\"@id\":\"https:\\\/\\\/www.malinashop.lt\\\/en\\\/shop\\\/skin1004-madagascar-soothing-centella-cream-raminamasis-veido-kremas-su-centella-75ml\\\/\",\"url\":\"https:\\\/\\\/www.malinashop.lt\\\/en\\\/shop\\\/skin1004-madagascar-soothing-centella-cream-raminamasis-veido-kremas-su-centella-75ml\\\/\",\"name\":\"SKIN1004 Madagascar Soothing Centella Cream raminamasis veido kremas su Centella, 75ml - MalinaShop.lt J\u016bs\u0173 sveikatai ir gro\u017eiui.\",\"isPartOf\":{\"@id\":\"https:\\\/\\\/www.malinashop.lt\\\/en\\\/#website\"},\"primaryImageOfPage\":{\"@id\":\"https:\\\/\\\/www.malinashop.lt\\\/en\\\/shop\\\/skin1004-madagascar-soothing-centella-cream-raminamasis-veido-kremas-su-centella-75ml\\\/#primaryimage\"},\"image\":{\"@id\":\"https:\\\/\\\/www.malinashop.lt\\\/en\\\/shop\\\/skin1004-madagascar-soothing-centella-cream-raminamasis-veido-kremas-su-centella-75ml\\\/#primaryimage\"},\"thumbnailUrl\":\"https:\\\/\\\/www.malinashop.lt\\\/wp-content\\\/uploads\\\/2026\\\/01\\\/SKIN1004-Madagascar-Soothing-Centella-Cream-raminamasis-veido-kremas-su-Centella-75ml1.jpg\",\"datePublished\":\"2026-01-31T11:21:10+00:00\",\"dateModified\":\"2026-04-07T21:45:33+00:00\",\"description\":\"SKIN1004 Madagascar Soothing Centella Cream 75 ml \u2013 raminamasis kremas su 72% Centella Asiatica. Dr\u0117kina ir padeda palaikyti odos komfort\u0105\",\"breadcrumb\":{\"@id\":\"https:\\\/\\\/www.malinashop.lt\\\/en\\\/shop\\\/skin1004-madagascar-soothing-centella-cream-raminamasis-veido-kremas-su-centella-75ml\\\/#breadcrumb\"},\"inLanguage\":\"lt-LT\",\"potentialAction\":[{\"@type\":\"ReadAction\",\"target\":[\"https:\\\/\\\/www.malinashop.lt\\\/en\\\/shop\\\/skin1004-madagascar-soothing-centella-cream-raminamasis-veido-kremas-su-centella-75ml\\\/\"]}]},{\"@type\":\"ImageObject\",\"inLanguage\":\"lt-LT\",\"@id\":\"https:\\\/\\\/www.malinashop.lt\\\/en\\\/shop\\\/skin1004-madagascar-soothing-centella-cream-raminamasis-veido-kremas-su-centella-75ml\\\/#primaryimage\",\"url\":\"https:\\\/\\\/www.malinashop.lt\\\/wp-content\\\/uploads\\\/2026\\\/01\\\/SKIN1004-Madagascar-Soothing-Centella-Cream-raminamasis-veido-kremas-su-Centella-75ml1.jpg\",\"contentUrl\":\"https:\\\/\\\/www.malinashop.lt\\\/wp-content\\\/uploads\\\/2026\\\/01\\\/SKIN1004-Madagascar-Soothing-Centella-Cream-raminamasis-veido-kremas-su-Centella-75ml1.jpg\",\"width\":800,\"height\":800},{\"@type\":\"BreadcrumbList\",\"@id\":\"https:\\\/\\\/www.malinashop.lt\\\/en\\\/shop\\\/skin1004-madagascar-soothing-centella-cream-raminamasis-veido-kremas-su-centella-75ml\\\/#breadcrumb\",\"itemListElement\":[{\"@type\":\"ListItem\",\"position\":1,\"name\":\"Home\",\"item\":\"https:\\\/\\\/www.malinashop.lt\\\/en\\\/\"},{\"@type\":\"ListItem\",\"position\":2,\"name\":\"Parduotuv\u0117\",\"item\":\"https:\\\/\\\/www.malinashop.lt\\\/en\\\/parduotuve\\\/\"},{\"@type\":\"ListItem\",\"position\":3,\"name\":\"SKIN1004 Madagascar Soothing Centella Cream raminamasis veido kremas su Centella, 75ml\"}]},{\"@type\":\"WebSite\",\"@id\":\"https:\\\/\\\/www.malinashop.lt\\\/en\\\/#website\",\"url\":\"https:\\\/\\\/www.malinashop.lt\\\/en\\\/\",\"name\":\"COM Group Ecommerce\",\"description\":\"MalinaShop.lt - Gro\u017eio ir sveikatos produktai i\u0161 patikim\u0173 preki\u0173 \u017eenkl\u0173. Atraskite auk\u0161tos kokyb\u0117s kosmetik\u0105 u\u017e puiki\u0105 kain\u0105.\",\"publisher\":{\"@id\":\"https:\\\/\\\/www.malinashop.lt\\\/en\\\/#organization\"},\"potentialAction\":[{\"@type\":\"SearchAction\",\"target\":{\"@type\":\"EntryPoint\",\"urlTemplate\":\"https:\\\/\\\/www.malinashop.lt\\\/en\\\/?s={search_term_string}\"},\"query-input\":{\"@type\":\"PropertyValueSpecification\",\"valueRequired\":true,\"valueName\":\"search_term_string\"}}],\"inLanguage\":\"lt-LT\"},{\"@type\":\"Organization\",\"@id\":\"https:\\\/\\\/www.malinashop.lt\\\/en\\\/#organization\",\"name\":\"COM Group Ecommerce\",\"url\":\"https:\\\/\\\/www.malinashop.lt\\\/en\\\/\",\"logo\":{\"@type\":\"ImageObject\",\"inLanguage\":\"lt-LT\",\"@id\":\"https:\\\/\\\/www.malinashop.lt\\\/en\\\/#\\\/schema\\\/logo\\\/image\\\/\",\"url\":\"https:\\\/\\\/www.malinashop.lt\\\/wp-content\\\/uploads\\\/2024\\\/08\\\/462559670_3787732518133670_9795632669273463_n-e1731525914575.png\",\"contentUrl\":\"https:\\\/\\\/www.malinashop.lt\\\/wp-content\\\/uploads\\\/2024\\\/08\\\/462559670_3787732518133670_9795632669273463_n-e1731525914575.png\",\"width\":180,\"height\":60,\"caption\":\"COM Group Ecommerce\"},\"image\":{\"@id\":\"https:\\\/\\\/www.malinashop.lt\\\/en\\\/#\\\/schema\\\/logo\\\/image\\\/\"}}]}<\/script>\n<!-- \/ Yoast SEO plugin. -->","yoast_head_json":{"title":"SKIN1004 Madagascar Soothing Centella Cream raminamasis veido kremas su Centella, 75ml - MalinaShop.lt J\u016bs\u0173 sveikatai ir gro\u017eiui.","description":"SKIN1004 Madagascar Soothing Centella Cream 75 ml \u2013 raminamasis kremas su 72% Centella Asiatica. Dr\u0117kina ir padeda palaikyti odos komfort\u0105","robots":{"index":"index","follow":"follow","max-snippet":"max-snippet:-1","max-image-preview":"max-image-preview:large","max-video-preview":"max-video-preview:-1"},"canonical":"https:\/\/www.malinashop.lt\/lt_lt\/shop\/skin1004-madagascar-soothing-centella-cream-raminamasis-veido-kremas-su-centella-75ml\/","og_locale":"lt_LT","og_type":"article","og_title":"SKIN1004 Madagascar Soothing Centella Cream raminamasis veido kremas su Centella, 75ml - MalinaShop.lt J\u016bs\u0173 sveikatai ir gro\u017eiui.","og_description":"SKIN1004 Madagascar Soothing Centella Cream 75 ml \u2013 raminamasis kremas su 72% Centella Asiatica. Dr\u0117kina ir padeda palaikyti odos komfort\u0105","og_url":"https:\/\/www.malinashop.lt\/lt_lt\/shop\/skin1004-madagascar-soothing-centella-cream-raminamasis-veido-kremas-su-centella-75ml\/","og_site_name":"MalinaShop.lt J\u016bs\u0173 sveikatai ir gro\u017eiui.","article_modified_time":"2026-04-07T21:45:33+00:00","og_image":[{"width":800,"height":800,"url":"https:\/\/www.malinashop.lt\/wp-content\/uploads\/2026\/01\/SKIN1004-Madagascar-Soothing-Centella-Cream-raminamasis-veido-kremas-su-Centella-75ml1.jpg","type":"image\/jpeg"}],"twitter_card":"summary_large_image","schema":{"@context":"https:\/\/schema.org","@graph":[{"@type":"WebPage","@id":"https:\/\/www.malinashop.lt\/en\/shop\/skin1004-madagascar-soothing-centella-cream-raminamasis-veido-kremas-su-centella-75ml\/","url":"https:\/\/www.malinashop.lt\/en\/shop\/skin1004-madagascar-soothing-centella-cream-raminamasis-veido-kremas-su-centella-75ml\/","name":"SKIN1004 Madagascar Soothing Centella Cream raminamasis veido kremas su Centella, 75ml - MalinaShop.lt J\u016bs\u0173 sveikatai ir gro\u017eiui.","isPartOf":{"@id":"https:\/\/www.malinashop.lt\/en\/#website"},"primaryImageOfPage":{"@id":"https:\/\/www.malinashop.lt\/en\/shop\/skin1004-madagascar-soothing-centella-cream-raminamasis-veido-kremas-su-centella-75ml\/#primaryimage"},"image":{"@id":"https:\/\/www.malinashop.lt\/en\/shop\/skin1004-madagascar-soothing-centella-cream-raminamasis-veido-kremas-su-centella-75ml\/#primaryimage"},"thumbnailUrl":"https:\/\/www.malinashop.lt\/wp-content\/uploads\/2026\/01\/SKIN1004-Madagascar-Soothing-Centella-Cream-raminamasis-veido-kremas-su-Centella-75ml1.jpg","datePublished":"2026-01-31T11:21:10+00:00","dateModified":"2026-04-07T21:45:33+00:00","description":"SKIN1004 Madagascar Soothing Centella Cream 75 ml \u2013 raminamasis kremas su 72% Centella Asiatica. Dr\u0117kina ir padeda palaikyti odos komfort\u0105","breadcrumb":{"@id":"https:\/\/www.malinashop.lt\/en\/shop\/skin1004-madagascar-soothing-centella-cream-raminamasis-veido-kremas-su-centella-75ml\/#breadcrumb"},"inLanguage":"lt-LT","potentialAction":[{"@type":"ReadAction","target":["https:\/\/www.malinashop.lt\/en\/shop\/skin1004-madagascar-soothing-centella-cream-raminamasis-veido-kremas-su-centella-75ml\/"]}]},{"@type":"ImageObject","inLanguage":"lt-LT","@id":"https:\/\/www.malinashop.lt\/en\/shop\/skin1004-madagascar-soothing-centella-cream-raminamasis-veido-kremas-su-centella-75ml\/#primaryimage","url":"https:\/\/www.malinashop.lt\/wp-content\/uploads\/2026\/01\/SKIN1004-Madagascar-Soothing-Centella-Cream-raminamasis-veido-kremas-su-Centella-75ml1.jpg","contentUrl":"https:\/\/www.malinashop.lt\/wp-content\/uploads\/2026\/01\/SKIN1004-Madagascar-Soothing-Centella-Cream-raminamasis-veido-kremas-su-Centella-75ml1.jpg","width":800,"height":800},{"@type":"BreadcrumbList","@id":"https:\/\/www.malinashop.lt\/en\/shop\/skin1004-madagascar-soothing-centella-cream-raminamasis-veido-kremas-su-centella-75ml\/#breadcrumb","itemListElement":[{"@type":"ListItem","position":1,"name":"Home","item":"https:\/\/www.malinashop.lt\/en\/"},{"@type":"ListItem","position":2,"name":"Parduotuv\u0117","item":"https:\/\/www.malinashop.lt\/en\/parduotuve\/"},{"@type":"ListItem","position":3,"name":"SKIN1004 Madagascar Soothing Centella Cream raminamasis veido kremas su Centella, 75ml"}]},{"@type":"WebSite","@id":"https:\/\/www.malinashop.lt\/en\/#website","url":"https:\/\/www.malinashop.lt\/en\/","name":"COM Group Ecommerce","description":"MalinaShop.lt - Gro\u017eio ir sveikatos produktai i\u0161 patikim\u0173 preki\u0173 \u017eenkl\u0173. Atraskite auk\u0161tos kokyb\u0117s kosmetik\u0105 u\u017e puiki\u0105 kain\u0105.","publisher":{"@id":"https:\/\/www.malinashop.lt\/en\/#organization"},"potentialAction":[{"@type":"SearchAction","target":{"@type":"EntryPoint","urlTemplate":"https:\/\/www.malinashop.lt\/en\/?s={search_term_string}"},"query-input":{"@type":"PropertyValueSpecification","valueRequired":true,"valueName":"search_term_string"}}],"inLanguage":"lt-LT"},{"@type":"Organization","@id":"https:\/\/www.malinashop.lt\/en\/#organization","name":"COM Group Ecommerce","url":"https:\/\/www.malinashop.lt\/en\/","logo":{"@type":"ImageObject","inLanguage":"lt-LT","@id":"https:\/\/www.malinashop.lt\/en\/#\/schema\/logo\/image\/","url":"https:\/\/www.malinashop.lt\/wp-content\/uploads\/2024\/08\/462559670_3787732518133670_9795632669273463_n-e1731525914575.png","contentUrl":"https:\/\/www.malinashop.lt\/wp-content\/uploads\/2024\/08\/462559670_3787732518133670_9795632669273463_n-e1731525914575.png","width":180,"height":60,"caption":"COM Group Ecommerce"},"image":{"@id":"https:\/\/www.malinashop.lt\/en\/#\/schema\/logo\/image\/"}}]}},"jetpack_sharing_enabled":true,"_links":{"self":[{"href":"https:\/\/www.malinashop.lt\/lt_lt\/wp-json\/wp\/v2\/product\/73737","targetHints":{"allow":["GET"]}}],"collection":[{"href":"https:\/\/www.malinashop.lt\/lt_lt\/wp-json\/wp\/v2\/product"}],"about":[{"href":"https:\/\/www.malinashop.lt\/lt_lt\/wp-json\/wp\/v2\/types\/product"}],"version-history":[{"count":2,"href":"https:\/\/www.malinashop.lt\/lt_lt\/wp-json\/wp\/v2\/product\/73737\/revisions"}],"predecessor-version":[{"id":73741,"href":"https:\/\/www.malinashop.lt\/lt_lt\/wp-json\/wp\/v2\/product\/73737\/revisions\/73741"}],"wp:featuredmedia":[{"embeddable":true,"href":"https:\/\/www.malinashop.lt\/lt_lt\/wp-json\/wp\/v2\/media\/73738"}],"wp:attachment":[{"href":"https:\/\/www.malinashop.lt\/lt_lt\/wp-json\/wp\/v2\/media?parent=73737"}],"wp:term":[{"taxonomy":"product_brand","embeddable":true,"href":"https:\/\/www.malinashop.lt\/lt_lt\/wp-json\/wp\/v2\/product_brand?post=73737"},{"taxonomy":"product_cat","embeddable":true,"href":"https:\/\/www.malinashop.lt\/lt_lt\/wp-json\/wp\/v2\/product_cat?post=73737"},{"taxonomy":"product_tag","embeddable":true,"href":"https:\/\/www.malinashop.lt\/lt_lt\/wp-json\/wp\/v2\/product_tag?post=73737"}],"curies":[{"name":"wp","href":"https:\/\/api.w.org\/{rel}","templated":true}]}}