{"id":73734,"date":"2026-01-31T14:12:13","date_gmt":"2026-01-31T11:12:13","guid":{"rendered":"https:\/\/malinashop.lt\/?post_type=product&#038;p=73734"},"modified":"2026-04-08T00:35:28","modified_gmt":"2026-04-07T21:35:28","slug":"medicube-deep-vita-c-pad-skaistinancios-tonizuojancios-pagalveles-su-vitaminu-c-70-vnt","status":"publish","type":"product","link":"https:\/\/www.malinashop.lt\/lt_lt\/shop\/medicube-deep-vita-c-pad-skaistinancios-tonizuojancios-pagalveles-su-vitaminu-c-70-vnt\/","title":{"rendered":"MEDICUBE Deep Vita C Pad skaistinan\u010dios tonizuojan\u010dios pagalv\u0117l\u0117s su vitaminu C, 70 vnt"},"content":{"rendered":"<p data-start=\"205\" data-end=\"535\"><strong data-start=\"205\" data-end=\"233\">MEDICUBE Deep Vita C Pad<\/strong> \u2013 daugiafunkc\u0117s tonizuojan\u010dios pagalv\u0117l\u0117s, skirtos kasdieniam, \u0161velniam odos atnaujinimui, tono prie\u017ei\u016brai ir skaistesn\u0117s odos poj\u016b\u010diui. Pagalv\u0117l\u0117s padeda \u0161velniai nuvalyti od\u0105, prisideda prie lygesn\u0117s tekst\u016bros ir tolygesnio tono poj\u016b\u010dio, o oda po naudojimo gali atrodyti gaivesn\u0117 ir labiau \u0161vytinti.<\/p>\n<p data-start=\"537\" data-end=\"1028\">Formul\u0117 praturtinta antioksidaciniais ir dr\u0117kinamaisiais komponentais. <strong data-start=\"608\" data-end=\"634\">\u0160altalanki\u0173 ekstraktas<\/strong> (nat\u016bralus vitamino C \u0161altinis) padeda ma\u017einti papilk\u0117jimo poj\u016bt\u012f ir prisideda prie sveikesn\u0117s odos i\u0161vaizdos. <strong data-start=\"746\" data-end=\"762\">Niacinamidas<\/strong> padeda palaikyti odos barjero funkcij\u0105, prisideda prie tolygesnio tono ir ma\u017eesnio pigmentini\u0173 d\u0117meli\u0173 bei po akn\u0117s \u017eymi\u0173 matomumo poj\u016b\u010dio. <strong data-start=\"903\" data-end=\"957\">Stabili vitamino C forma (3-O-Ethyl Ascorbic Acid)<\/strong> suteikia \u0161vyt\u0117jimo poj\u016bt\u012f ir padeda odai kovoti su oksidaciniu stresu.<\/p>\n<p data-start=\"1030\" data-end=\"1480\">\u0160velniam eksfoliavimo efektui formul\u0117je naudojama <strong data-start=\"1080\" data-end=\"1097\">pieno r\u016bg\u0161tis<\/strong>, kuri padeda pa\u0161alinti negyvas odos l\u0105steles ir prisideda prie lygesn\u0117s odos tekst\u016bros poj\u016b\u010dio. <strong data-start=\"1194\" data-end=\"1208\">Pantenolis<\/strong> padeda nuraminti ir palaikyti dr\u0117gm\u0119, o <strong data-start=\"1249\" data-end=\"1302\">alantoinas, beta-gliukanas ir natrio hialuronatas<\/strong> suteikia dr\u0117kinimo bei komforto poj\u016bt\u012f, padeda stiprinti odos apsauginio barjero poj\u016bt\u012f. Pagalv\u0117l\u0117s tinka kasdienei rutinai, kai norisi \u0161velnaus \u0161veitimo be agresyvaus poveikio.<\/p>\n<hr data-start=\"1482\" data-end=\"1485\" \/>\n<h3 data-start=\"1487\" data-end=\"1514\">Pagrindiniai privalumai<\/h3>\n<ul data-start=\"1515\" data-end=\"1944\">\n<li data-start=\"1515\" data-end=\"1579\">\n<p data-start=\"1517\" data-end=\"1579\">\u0160velni kasdien\u0117 <strong data-start=\"1533\" data-end=\"1549\">eksfoliacija<\/strong> ir odos atnaujinimo poj\u016btis<\/p>\n<\/li>\n<li data-start=\"1580\" data-end=\"1653\">\n<p data-start=\"1582\" data-end=\"1653\"><strong data-start=\"1582\" data-end=\"1611\">Vitaminas C + \u0161altalankis<\/strong> \u2013 skaistesn\u0117s, \u0161vytin\u010dios odos poj\u016b\u010diui<\/p>\n<\/li>\n<li data-start=\"1654\" data-end=\"1721\">\n<p data-start=\"1656\" data-end=\"1721\"><strong data-start=\"1656\" data-end=\"1672\">Niacinamidas<\/strong> \u2013 tolygesnio tono ir barjero komforto poj\u016b\u010diui<\/p>\n<\/li>\n<li data-start=\"1722\" data-end=\"1785\">\n<p data-start=\"1724\" data-end=\"1785\"><strong data-start=\"1724\" data-end=\"1741\">Pieno r\u016bg\u0161tis<\/strong> \u2013 lygesnei tekst\u016brai ir glotnumo poj\u016b\u010diui<\/p>\n<\/li>\n<li data-start=\"1786\" data-end=\"1882\">\n<p data-start=\"1788\" data-end=\"1882\"><strong data-start=\"1788\" data-end=\"1842\">Pantenolis, alantoinas, beta-gliukanas, hialuronas<\/strong> \u2013 dr\u0117kinimui ir raminan\u010diam komfortui<\/p>\n<\/li>\n<li data-start=\"1883\" data-end=\"1944\">\n<p data-start=\"1885\" data-end=\"1944\">Patogu naudoti kaip tonik\u0105 arba <strong data-start=\"1917\" data-end=\"1944\">5\u201310 min. lokali\u0105 kauk\u0119<\/strong><\/p>\n<\/li>\n<\/ul>\n<hr data-start=\"1946\" data-end=\"1949\" \/>\n<h3 data-start=\"1951\" data-end=\"1965\">Naudojimas<\/h3>\n<p data-start=\"1966\" data-end=\"2266\">Nuvalykite veid\u0105 prausikliu. I\u0161imkite vien\u0105 pagalv\u0117l\u0119 ir sandariai u\u017edarykite pakuot\u0119. \u0160velniai nuvalykite veid\u0105 judesiais nuo centro \u012f i\u0161or\u0119, vengdami aki\u0173 srities. Daugiau d\u0117mesio skirkite problemin\u0117ms zonoms arba u\u017ed\u0117kite pagalv\u0117l\u0119 ant j\u0173 <strong data-start=\"2208\" data-end=\"2224\">5\u201310 minu\u010di\u0173<\/strong>. U\u017ebaikite rutin\u0105 serumu, kremu arba SPF.<\/p>\n<hr data-start=\"2268\" data-end=\"2271\" \/>\n<h3 data-start=\"2273\" data-end=\"2286\">\u012esp\u0117jimai<\/h3>\n<p data-start=\"2287\" data-end=\"2522\">Tik i\u0161oriniam naudojimui. Venkite patekimo \u012f akis. Laikyti vaikams nepasiekiamoje vietoje. Netepkite ant gleivini\u0173 ir pa\u017eeistos odos. Jei atsiranda sudirgimas \u2013 nutraukite naudojim\u0105. Laikyti ne auk\u0161tesn\u0117je kaip <strong data-start=\"2498\" data-end=\"2507\">25 \u00b0C<\/strong> temperat\u016broje.<\/p>\n<hr data-start=\"2524\" data-end=\"2527\" \/>\n<h3 data-start=\"2529\" data-end=\"2547\">Sud\u0117tis (INCI)<\/h3>\n<p data-start=\"2548\" data-end=\"3428\">Aqua, Methyl Gluceth-20, Methylpropanediol, Niacinamide, Glycereth-26, Methyl Gluceth-10, Polyglycerin-3, 1,2-Hexanediol, Gluconolactone, 3-O-Ethyl Ascorbic Acid, Ethylhexylglycerin, Cymbopogon Martini Oil, Cymbopogon Nardus (Citronella) Oil, Adenosine, Butylene Glycol, Disodium EDTA, Mentha Viridis (Spearmint) Extract, Lactobacillus\/Lemon Peel Ferment Extract, Geraniol, Citronellol, Coptis Japonica Extract, Cucumis Melo (Melon) Seed Extract, Litsea Cubeba Fruit Oil, Pelargonium Graveolens Extract, Allantoin, Dipotassium Glycyrrhizate, Panthenol, Sodium Hyaluronate, Lactic Acid, Glucose, Beta-Glucan, Linalool, Hyaluronic Acid, Glycerin, Caprylic\/Capric Triglyceride, Tocopherol, Cetyl Palmitate, Ubiquinone, Polysorbate 80, Sorbitan Stearate, Sodium Benzoate, Citric Acid, Hydrogenated Lecithin, Palmitoyl Tripeptide-5, Ergothioneine, Hesperidin, Palmitoyl Tetrapeptide-10<\/p>\n","protected":false},"excerpt":{"rendered":"<p>Skaistinan\u010dios tonizuojan\u010dios pagalv\u0117l\u0117s su vitaminu C ir niacinamidu \u2013 \u0161velniai eksfoliuoja, dr\u0117kina ir suteikia \u0161vyt\u0117jimo bei tolygesnio tono poj\u016bt\u012f, 70 vnt.<\/p>\n","protected":false},"featured_media":73735,"template":"","meta":[],"product_brand":[1361],"product_cat":[562,1645,537,728],"product_tag":[1611],"class_list":{"0":"post-73734","1":"product","2":"type-product","3":"status-publish","4":"has-post-thumbnail","6":"product_brand-medicube","7":"product_cat-sandelio-valymas","8":"product_cat-veido-padeliai","9":"product_cat-veido-valymo-priemones","10":"product_cat-veidui","11":"product_tag-medicube","13":"first","14":"instock","15":"sale","16":"taxable","17":"shipping-taxable","18":"purchasable","19":"product-type-simple"},"yoast_head":"<!-- This site is optimized with the Yoast SEO plugin v27.4 - https:\/\/yoast.com\/product\/yoast-seo-wordpress\/ -->\n<title>MEDICUBE Deep Vita C Pad skaistinan\u010dios tonizuojan\u010dios pagalv\u0117l\u0117s su vitaminu C, 70 vnt - MalinaShop.lt J\u016bs\u0173 sveikatai ir gro\u017eiui.<\/title>\n<meta name=\"description\" content=\"MEDICUBE Deep Vita C Pad 70 vnt \u2013 tonizuojan\u010dios pagalv\u0117l\u0117s kasdieniam \u0161velniam \u0161veitimui ir skaistinimui. Stabili vitamino C forma\" \/>\n<meta name=\"robots\" content=\"index, follow, max-snippet:-1, max-image-preview:large, max-video-preview:-1\" \/>\n<link rel=\"canonical\" href=\"https:\/\/www.malinashop.lt\/lt_lt\/shop\/medicube-deep-vita-c-pad-skaistinancios-tonizuojancios-pagalveles-su-vitaminu-c-70-vnt\/\" \/>\n<meta property=\"og:locale\" content=\"lt_LT\" \/>\n<meta property=\"og:type\" content=\"article\" \/>\n<meta property=\"og:title\" content=\"MEDICUBE Deep Vita C Pad skaistinan\u010dios tonizuojan\u010dios pagalv\u0117l\u0117s su vitaminu C, 70 vnt - MalinaShop.lt J\u016bs\u0173 sveikatai ir gro\u017eiui.\" \/>\n<meta property=\"og:description\" content=\"MEDICUBE Deep Vita C Pad 70 vnt \u2013 tonizuojan\u010dios pagalv\u0117l\u0117s kasdieniam \u0161velniam \u0161veitimui ir skaistinimui. Stabili vitamino C forma\" \/>\n<meta property=\"og:url\" content=\"https:\/\/www.malinashop.lt\/lt_lt\/shop\/medicube-deep-vita-c-pad-skaistinancios-tonizuojancios-pagalveles-su-vitaminu-c-70-vnt\/\" \/>\n<meta property=\"og:site_name\" content=\"MalinaShop.lt J\u016bs\u0173 sveikatai ir gro\u017eiui.\" \/>\n<meta property=\"article:modified_time\" content=\"2026-04-07T21:35:28+00:00\" \/>\n<meta property=\"og:image\" content=\"https:\/\/www.malinashop.lt\/wp-content\/uploads\/2026\/01\/MEDICUBE-Deep-Vita-C-Pad-skaistinancios-tonizuojancios-pagalveles-su-vitaminu-C-70-vnt.jpg\" \/>\n\t<meta property=\"og:image:width\" content=\"800\" \/>\n\t<meta property=\"og:image:height\" content=\"800\" \/>\n\t<meta property=\"og:image:type\" content=\"image\/jpeg\" \/>\n<meta name=\"twitter:card\" content=\"summary_large_image\" \/>\n<script type=\"application\/ld+json\" class=\"yoast-schema-graph\">{\"@context\":\"https:\\\/\\\/schema.org\",\"@graph\":[{\"@type\":\"WebPage\",\"@id\":\"https:\\\/\\\/www.malinashop.lt\\\/lt_lt\\\/shop\\\/medicube-deep-vita-c-pad-skaistinancios-tonizuojancios-pagalveles-su-vitaminu-c-70-vnt\\\/\",\"url\":\"https:\\\/\\\/www.malinashop.lt\\\/lt_lt\\\/shop\\\/medicube-deep-vita-c-pad-skaistinancios-tonizuojancios-pagalveles-su-vitaminu-c-70-vnt\\\/\",\"name\":\"MEDICUBE Deep Vita C Pad skaistinan\u010dios tonizuojan\u010dios pagalv\u0117l\u0117s su vitaminu C, 70 vnt - MalinaShop.lt J\u016bs\u0173 sveikatai ir gro\u017eiui.\",\"isPartOf\":{\"@id\":\"https:\\\/\\\/www.malinashop.lt\\\/en\\\/#website\"},\"primaryImageOfPage\":{\"@id\":\"https:\\\/\\\/www.malinashop.lt\\\/lt_lt\\\/shop\\\/medicube-deep-vita-c-pad-skaistinancios-tonizuojancios-pagalveles-su-vitaminu-c-70-vnt\\\/#primaryimage\"},\"image\":{\"@id\":\"https:\\\/\\\/www.malinashop.lt\\\/lt_lt\\\/shop\\\/medicube-deep-vita-c-pad-skaistinancios-tonizuojancios-pagalveles-su-vitaminu-c-70-vnt\\\/#primaryimage\"},\"thumbnailUrl\":\"https:\\\/\\\/www.malinashop.lt\\\/wp-content\\\/uploads\\\/2026\\\/01\\\/MEDICUBE-Deep-Vita-C-Pad-skaistinancios-tonizuojancios-pagalveles-su-vitaminu-C-70-vnt.jpg\",\"datePublished\":\"2026-01-31T11:12:13+00:00\",\"dateModified\":\"2026-04-07T21:35:28+00:00\",\"description\":\"MEDICUBE Deep Vita C Pad 70 vnt \u2013 tonizuojan\u010dios pagalv\u0117l\u0117s kasdieniam \u0161velniam \u0161veitimui ir skaistinimui. Stabili vitamino C forma\",\"breadcrumb\":{\"@id\":\"https:\\\/\\\/www.malinashop.lt\\\/lt_lt\\\/shop\\\/medicube-deep-vita-c-pad-skaistinancios-tonizuojancios-pagalveles-su-vitaminu-c-70-vnt\\\/#breadcrumb\"},\"inLanguage\":\"lt-LT\",\"potentialAction\":[{\"@type\":\"ReadAction\",\"target\":[\"https:\\\/\\\/www.malinashop.lt\\\/lt_lt\\\/shop\\\/medicube-deep-vita-c-pad-skaistinancios-tonizuojancios-pagalveles-su-vitaminu-c-70-vnt\\\/\"]}]},{\"@type\":\"ImageObject\",\"inLanguage\":\"lt-LT\",\"@id\":\"https:\\\/\\\/www.malinashop.lt\\\/lt_lt\\\/shop\\\/medicube-deep-vita-c-pad-skaistinancios-tonizuojancios-pagalveles-su-vitaminu-c-70-vnt\\\/#primaryimage\",\"url\":\"https:\\\/\\\/www.malinashop.lt\\\/wp-content\\\/uploads\\\/2026\\\/01\\\/MEDICUBE-Deep-Vita-C-Pad-skaistinancios-tonizuojancios-pagalveles-su-vitaminu-C-70-vnt.jpg\",\"contentUrl\":\"https:\\\/\\\/www.malinashop.lt\\\/wp-content\\\/uploads\\\/2026\\\/01\\\/MEDICUBE-Deep-Vita-C-Pad-skaistinancios-tonizuojancios-pagalveles-su-vitaminu-C-70-vnt.jpg\",\"width\":800,\"height\":800},{\"@type\":\"BreadcrumbList\",\"@id\":\"https:\\\/\\\/www.malinashop.lt\\\/lt_lt\\\/shop\\\/medicube-deep-vita-c-pad-skaistinancios-tonizuojancios-pagalveles-su-vitaminu-c-70-vnt\\\/#breadcrumb\",\"itemListElement\":[{\"@type\":\"ListItem\",\"position\":1,\"name\":\"Home\",\"item\":\"https:\\\/\\\/www.malinashop.lt\\\/en\\\/\"},{\"@type\":\"ListItem\",\"position\":2,\"name\":\"Parduotuv\u0117\",\"item\":\"https:\\\/\\\/www.malinashop.lt\\\/en\\\/parduotuve\\\/\"},{\"@type\":\"ListItem\",\"position\":3,\"name\":\"MEDICUBE Deep Vita C Pad skaistinan\u010dios tonizuojan\u010dios pagalv\u0117l\u0117s su vitaminu C, 70 vnt\"}]},{\"@type\":\"WebSite\",\"@id\":\"https:\\\/\\\/www.malinashop.lt\\\/en\\\/#website\",\"url\":\"https:\\\/\\\/www.malinashop.lt\\\/en\\\/\",\"name\":\"COM Group Ecommerce\",\"description\":\"MalinaShop.lt - Gro\u017eio ir sveikatos produktai i\u0161 patikim\u0173 preki\u0173 \u017eenkl\u0173. Atraskite auk\u0161tos kokyb\u0117s kosmetik\u0105 u\u017e puiki\u0105 kain\u0105.\",\"publisher\":{\"@id\":\"https:\\\/\\\/www.malinashop.lt\\\/en\\\/#organization\"},\"potentialAction\":[{\"@type\":\"SearchAction\",\"target\":{\"@type\":\"EntryPoint\",\"urlTemplate\":\"https:\\\/\\\/www.malinashop.lt\\\/en\\\/?s={search_term_string}\"},\"query-input\":{\"@type\":\"PropertyValueSpecification\",\"valueRequired\":true,\"valueName\":\"search_term_string\"}}],\"inLanguage\":\"lt-LT\"},{\"@type\":\"Organization\",\"@id\":\"https:\\\/\\\/www.malinashop.lt\\\/en\\\/#organization\",\"name\":\"COM Group Ecommerce\",\"url\":\"https:\\\/\\\/www.malinashop.lt\\\/en\\\/\",\"logo\":{\"@type\":\"ImageObject\",\"inLanguage\":\"lt-LT\",\"@id\":\"https:\\\/\\\/www.malinashop.lt\\\/en\\\/#\\\/schema\\\/logo\\\/image\\\/\",\"url\":\"https:\\\/\\\/www.malinashop.lt\\\/wp-content\\\/uploads\\\/2024\\\/08\\\/462559670_3787732518133670_9795632669273463_n-e1731525914575.png\",\"contentUrl\":\"https:\\\/\\\/www.malinashop.lt\\\/wp-content\\\/uploads\\\/2024\\\/08\\\/462559670_3787732518133670_9795632669273463_n-e1731525914575.png\",\"width\":180,\"height\":60,\"caption\":\"COM Group Ecommerce\"},\"image\":{\"@id\":\"https:\\\/\\\/www.malinashop.lt\\\/en\\\/#\\\/schema\\\/logo\\\/image\\\/\"}}]}<\/script>\n<!-- \/ Yoast SEO plugin. -->","yoast_head_json":{"title":"MEDICUBE Deep Vita C Pad skaistinan\u010dios tonizuojan\u010dios pagalv\u0117l\u0117s su vitaminu C, 70 vnt - MalinaShop.lt J\u016bs\u0173 sveikatai ir gro\u017eiui.","description":"MEDICUBE Deep Vita C Pad 70 vnt \u2013 tonizuojan\u010dios pagalv\u0117l\u0117s kasdieniam \u0161velniam \u0161veitimui ir skaistinimui. Stabili vitamino C forma","robots":{"index":"index","follow":"follow","max-snippet":"max-snippet:-1","max-image-preview":"max-image-preview:large","max-video-preview":"max-video-preview:-1"},"canonical":"https:\/\/www.malinashop.lt\/lt_lt\/shop\/medicube-deep-vita-c-pad-skaistinancios-tonizuojancios-pagalveles-su-vitaminu-c-70-vnt\/","og_locale":"lt_LT","og_type":"article","og_title":"MEDICUBE Deep Vita C Pad skaistinan\u010dios tonizuojan\u010dios pagalv\u0117l\u0117s su vitaminu C, 70 vnt - MalinaShop.lt J\u016bs\u0173 sveikatai ir gro\u017eiui.","og_description":"MEDICUBE Deep Vita C Pad 70 vnt \u2013 tonizuojan\u010dios pagalv\u0117l\u0117s kasdieniam \u0161velniam \u0161veitimui ir skaistinimui. Stabili vitamino C forma","og_url":"https:\/\/www.malinashop.lt\/lt_lt\/shop\/medicube-deep-vita-c-pad-skaistinancios-tonizuojancios-pagalveles-su-vitaminu-c-70-vnt\/","og_site_name":"MalinaShop.lt J\u016bs\u0173 sveikatai ir gro\u017eiui.","article_modified_time":"2026-04-07T21:35:28+00:00","og_image":[{"width":800,"height":800,"url":"https:\/\/www.malinashop.lt\/wp-content\/uploads\/2026\/01\/MEDICUBE-Deep-Vita-C-Pad-skaistinancios-tonizuojancios-pagalveles-su-vitaminu-C-70-vnt.jpg","type":"image\/jpeg"}],"twitter_card":"summary_large_image","schema":{"@context":"https:\/\/schema.org","@graph":[{"@type":"WebPage","@id":"https:\/\/www.malinashop.lt\/lt_lt\/shop\/medicube-deep-vita-c-pad-skaistinancios-tonizuojancios-pagalveles-su-vitaminu-c-70-vnt\/","url":"https:\/\/www.malinashop.lt\/lt_lt\/shop\/medicube-deep-vita-c-pad-skaistinancios-tonizuojancios-pagalveles-su-vitaminu-c-70-vnt\/","name":"MEDICUBE Deep Vita C Pad skaistinan\u010dios tonizuojan\u010dios pagalv\u0117l\u0117s su vitaminu C, 70 vnt - MalinaShop.lt J\u016bs\u0173 sveikatai ir gro\u017eiui.","isPartOf":{"@id":"https:\/\/www.malinashop.lt\/en\/#website"},"primaryImageOfPage":{"@id":"https:\/\/www.malinashop.lt\/lt_lt\/shop\/medicube-deep-vita-c-pad-skaistinancios-tonizuojancios-pagalveles-su-vitaminu-c-70-vnt\/#primaryimage"},"image":{"@id":"https:\/\/www.malinashop.lt\/lt_lt\/shop\/medicube-deep-vita-c-pad-skaistinancios-tonizuojancios-pagalveles-su-vitaminu-c-70-vnt\/#primaryimage"},"thumbnailUrl":"https:\/\/www.malinashop.lt\/wp-content\/uploads\/2026\/01\/MEDICUBE-Deep-Vita-C-Pad-skaistinancios-tonizuojancios-pagalveles-su-vitaminu-C-70-vnt.jpg","datePublished":"2026-01-31T11:12:13+00:00","dateModified":"2026-04-07T21:35:28+00:00","description":"MEDICUBE Deep Vita C Pad 70 vnt \u2013 tonizuojan\u010dios pagalv\u0117l\u0117s kasdieniam \u0161velniam \u0161veitimui ir skaistinimui. Stabili vitamino C forma","breadcrumb":{"@id":"https:\/\/www.malinashop.lt\/lt_lt\/shop\/medicube-deep-vita-c-pad-skaistinancios-tonizuojancios-pagalveles-su-vitaminu-c-70-vnt\/#breadcrumb"},"inLanguage":"lt-LT","potentialAction":[{"@type":"ReadAction","target":["https:\/\/www.malinashop.lt\/lt_lt\/shop\/medicube-deep-vita-c-pad-skaistinancios-tonizuojancios-pagalveles-su-vitaminu-c-70-vnt\/"]}]},{"@type":"ImageObject","inLanguage":"lt-LT","@id":"https:\/\/www.malinashop.lt\/lt_lt\/shop\/medicube-deep-vita-c-pad-skaistinancios-tonizuojancios-pagalveles-su-vitaminu-c-70-vnt\/#primaryimage","url":"https:\/\/www.malinashop.lt\/wp-content\/uploads\/2026\/01\/MEDICUBE-Deep-Vita-C-Pad-skaistinancios-tonizuojancios-pagalveles-su-vitaminu-C-70-vnt.jpg","contentUrl":"https:\/\/www.malinashop.lt\/wp-content\/uploads\/2026\/01\/MEDICUBE-Deep-Vita-C-Pad-skaistinancios-tonizuojancios-pagalveles-su-vitaminu-C-70-vnt.jpg","width":800,"height":800},{"@type":"BreadcrumbList","@id":"https:\/\/www.malinashop.lt\/lt_lt\/shop\/medicube-deep-vita-c-pad-skaistinancios-tonizuojancios-pagalveles-su-vitaminu-c-70-vnt\/#breadcrumb","itemListElement":[{"@type":"ListItem","position":1,"name":"Home","item":"https:\/\/www.malinashop.lt\/en\/"},{"@type":"ListItem","position":2,"name":"Parduotuv\u0117","item":"https:\/\/www.malinashop.lt\/en\/parduotuve\/"},{"@type":"ListItem","position":3,"name":"MEDICUBE Deep Vita C Pad skaistinan\u010dios tonizuojan\u010dios pagalv\u0117l\u0117s su vitaminu C, 70 vnt"}]},{"@type":"WebSite","@id":"https:\/\/www.malinashop.lt\/en\/#website","url":"https:\/\/www.malinashop.lt\/en\/","name":"COM Group Ecommerce","description":"MalinaShop.lt - Gro\u017eio ir sveikatos produktai i\u0161 patikim\u0173 preki\u0173 \u017eenkl\u0173. Atraskite auk\u0161tos kokyb\u0117s kosmetik\u0105 u\u017e puiki\u0105 kain\u0105.","publisher":{"@id":"https:\/\/www.malinashop.lt\/en\/#organization"},"potentialAction":[{"@type":"SearchAction","target":{"@type":"EntryPoint","urlTemplate":"https:\/\/www.malinashop.lt\/en\/?s={search_term_string}"},"query-input":{"@type":"PropertyValueSpecification","valueRequired":true,"valueName":"search_term_string"}}],"inLanguage":"lt-LT"},{"@type":"Organization","@id":"https:\/\/www.malinashop.lt\/en\/#organization","name":"COM Group Ecommerce","url":"https:\/\/www.malinashop.lt\/en\/","logo":{"@type":"ImageObject","inLanguage":"lt-LT","@id":"https:\/\/www.malinashop.lt\/en\/#\/schema\/logo\/image\/","url":"https:\/\/www.malinashop.lt\/wp-content\/uploads\/2024\/08\/462559670_3787732518133670_9795632669273463_n-e1731525914575.png","contentUrl":"https:\/\/www.malinashop.lt\/wp-content\/uploads\/2024\/08\/462559670_3787732518133670_9795632669273463_n-e1731525914575.png","width":180,"height":60,"caption":"COM Group Ecommerce"},"image":{"@id":"https:\/\/www.malinashop.lt\/en\/#\/schema\/logo\/image\/"}}]}},"jetpack_sharing_enabled":true,"_links":{"self":[{"href":"https:\/\/www.malinashop.lt\/lt_lt\/wp-json\/wp\/v2\/product\/73734","targetHints":{"allow":["GET"]}}],"collection":[{"href":"https:\/\/www.malinashop.lt\/lt_lt\/wp-json\/wp\/v2\/product"}],"about":[{"href":"https:\/\/www.malinashop.lt\/lt_lt\/wp-json\/wp\/v2\/types\/product"}],"version-history":[{"count":1,"href":"https:\/\/www.malinashop.lt\/lt_lt\/wp-json\/wp\/v2\/product\/73734\/revisions"}],"predecessor-version":[{"id":73736,"href":"https:\/\/www.malinashop.lt\/lt_lt\/wp-json\/wp\/v2\/product\/73734\/revisions\/73736"}],"wp:featuredmedia":[{"embeddable":true,"href":"https:\/\/www.malinashop.lt\/lt_lt\/wp-json\/wp\/v2\/media\/73735"}],"wp:attachment":[{"href":"https:\/\/www.malinashop.lt\/lt_lt\/wp-json\/wp\/v2\/media?parent=73734"}],"wp:term":[{"taxonomy":"product_brand","embeddable":true,"href":"https:\/\/www.malinashop.lt\/lt_lt\/wp-json\/wp\/v2\/product_brand?post=73734"},{"taxonomy":"product_cat","embeddable":true,"href":"https:\/\/www.malinashop.lt\/lt_lt\/wp-json\/wp\/v2\/product_cat?post=73734"},{"taxonomy":"product_tag","embeddable":true,"href":"https:\/\/www.malinashop.lt\/lt_lt\/wp-json\/wp\/v2\/product_tag?post=73734"}],"curies":[{"name":"wp","href":"https:\/\/api.w.org\/{rel}","templated":true}]}}