{"id":73729,"date":"2026-01-31T14:06:08","date_gmt":"2026-01-31T11:06:08","guid":{"rendered":"https:\/\/malinashop.lt\/?post_type=product&#038;p=73729"},"modified":"2026-04-08T00:36:17","modified_gmt":"2026-04-07T21:36:17","slug":"medicube-collagen-glow-booster-serum-svytejima-suteikiantis-kolageno-serumas-15-ml","status":"publish","type":"product","link":"https:\/\/www.malinashop.lt\/lt_lt\/shop\/medicube-collagen-glow-booster-serum-svytejima-suteikiantis-kolageno-serumas-15-ml\/","title":{"rendered":"MEDICUBE Collagen Glow Booster Serum \u0161vyt\u0117jim\u0105 suteikiantis kolageno serumas, 15 ml"},"content":{"rendered":"<p data-start=\"201\" data-end=\"564\"><strong data-start=\"201\" data-end=\"241\">MEDICUBE Collagen Glow Booster Serum<\/strong> \u2013 tir\u0161tesn\u0117s, pieni\u0161kos tekst\u016bros serumas (ampul\u0117), skirtas odos tekst\u016brai ir tonui pri\u017ei\u016br\u0117ti, suteikti glotnumo bei \u0161vyt\u0117jimo poj\u016bt\u012f. Priemon\u0117 padeda vizualiai suma\u017einti smulki\u0173 rauk\u0161leli\u0173 ir rauk\u0161li\u0173 matomum\u0105, prisideda prie <strong data-start=\"470\" data-end=\"498\">stangrumo ir elastingumo<\/strong> poj\u016b\u010dio bei palieka od\u0105 sudr\u0117kint\u0105, lygesn\u0119 ir labiau spindin\u010di\u0105.<\/p>\n<p data-start=\"566\" data-end=\"883\">Serumas padeda palaikyti <strong data-start=\"591\" data-end=\"616\">hidrolipidin\u012f barjer\u0105<\/strong>, prisideda prie mikro-pa\u017eeidim\u0173 \u201eraminan\u010dio\u201c prie\u017ei\u016bros poj\u016b\u010dio ir padeda odai geriau i\u0161laikyti dr\u0117gm\u0119, taip ma\u017einant dehidratacijos ir \u0161erpetojimo poj\u016bt\u012f. Patogus plonas antgalis leid\u017eia higieni\u0161kai dozuoti, o sandari pakuot\u0117 padeda saugoti formul\u0119 nuo oksidacijos.<\/p>\n<p data-start=\"885\" data-end=\"1419\">Formul\u0117je esantis <strong data-start=\"903\" data-end=\"930\">hidrolizuotas kolagenas<\/strong> padeda dr\u0117kinti ir palaikyti odos putlumo poj\u016bt\u012f. <strong data-start=\"981\" data-end=\"1002\">PDRN (Sodium DNA)<\/strong> prisideda prie odos atsinaujinimo ir regeneracijos proces\u0173 poj\u016b\u010dio, o <strong data-start=\"1073\" data-end=\"1096\">pieno baltymai (1%)<\/strong> suteikia odai amino r\u016bg\u0161\u010di\u0173 ir padeda i\u0161laikyti komfort\u0105. <strong data-start=\"1155\" data-end=\"1172\">Hexapeptide-2<\/strong> \u2013 skaistinamasis peptidas, padedantis suteikti odai \u0161vyt\u0117jimo poj\u016bt\u012f. <strong data-start=\"1243\" data-end=\"1270\">Hidrolizuotas elastinas<\/strong> prisideda prie elastingumo poj\u016b\u010dio, o <strong data-start=\"1309\" data-end=\"1336\">ceramidai (Ceramide NP)<\/strong> padeda stiprinti apsauginio barjero poj\u016bt\u012f ir ma\u017einti sausumo bei jautrumo poj\u016bt\u012f.<\/p>\n<p data-start=\"1421\" data-end=\"1466\"><strong data-start=\"1421\" data-end=\"1431\">Tinka:<\/strong> normaliai, mi\u0161riai ir sausai odai.<\/p>\n<hr data-start=\"1468\" data-end=\"1471\" \/>\n<h3 data-start=\"1473\" data-end=\"1500\">Pagrindiniai privalumai<\/h3>\n<ul data-start=\"1501\" data-end=\"1898\">\n<li data-start=\"1501\" data-end=\"1555\">\n<p data-start=\"1503\" data-end=\"1555\">Padeda i\u0161lyginti <strong data-start=\"1520\" data-end=\"1546\">odos tekst\u016bros ir tono<\/strong> poj\u016bt\u012f<\/p>\n<\/li>\n<li data-start=\"1556\" data-end=\"1611\">\n<p data-start=\"1558\" data-end=\"1611\">Prisideda prie <strong data-start=\"1573\" data-end=\"1601\">stangrumo ir elastingumo<\/strong> poj\u016b\u010dio<\/p>\n<\/li>\n<li data-start=\"1612\" data-end=\"1669\">\n<p data-start=\"1614\" data-end=\"1669\">Padeda ma\u017einti <strong data-start=\"1629\" data-end=\"1651\">smulki\u0173 rauk\u0161leli\u0173<\/strong> matomumo poj\u016bt\u012f<\/p>\n<\/li>\n<li data-start=\"1670\" data-end=\"1762\">\n<p data-start=\"1672\" data-end=\"1762\"><strong data-start=\"1672\" data-end=\"1709\">Kolagenas + elastinas + ceramidai<\/strong> \u2013 glotnumui, barjero komfortui ir dr\u0117gm\u0117s balansui<\/p>\n<\/li>\n<li data-start=\"1763\" data-end=\"1843\">\n<p data-start=\"1765\" data-end=\"1843\"><strong data-start=\"1765\" data-end=\"1786\">PDRN (Sodium DNA)<\/strong> \u2013 regeneracijos poj\u016b\u010diui ir pri\u017ei\u016br\u0117tos odos i\u0161vaizdai<\/p>\n<\/li>\n<li data-start=\"1844\" data-end=\"1898\">\n<p data-start=\"1846\" data-end=\"1898\">Tir\u0161ta, pieni\u0161ka tekst\u016bra, patogi higieni\u0161ka pakuot\u0117<\/p>\n<\/li>\n<\/ul>\n<hr data-start=\"1900\" data-end=\"1903\" \/>\n<h3 data-start=\"1905\" data-end=\"1919\">Naudojimas<\/h3>\n<p data-start=\"1920\" data-end=\"2030\">Po veido valymo ir toniko u\u017etepkite serum\u0105\/ampul\u0119 ant veido ir tolygiai paskirstykite. U\u017ebaikite rutin\u0105 kremu.<\/p>\n<hr data-start=\"2032\" data-end=\"2035\" \/>\n<h3 data-start=\"2037\" data-end=\"2055\">Sud\u0117tis (INCI)<\/h3>\n<p data-start=\"2056\" data-end=\"2778\">Aqua, Glycerin, Dicaprylyl Ether, Isononyl Isononanoate, Butylene Glycol, Dipropylene Glycol, C9-12 Alkane, PEG-30 Dipolyhydroxystearate, Polyglyceryl-4 Oleate, Magnesium Sulfate, Niacinamide, 1,2-Hexanediol, Polyglyceryl-3 Polyricinoleate, Milk Protein Extract, Parfum, Caprylyl Glycol, Chlorella Vulgaris Extract, Glucose, Fructooligosaccharides, Fructose, Caprylic\/Capric Triglyceride, Adenosine, Hydrogenated Lecithin, Soluble Proteoglycan, Ethylhexylglycerin, Benzyl Salicylate, Limonene, Ceramide NP, Hydroxypropyltrimonium Hyaluronate, Linalool, Hexyl Cinnamal, Hydroxycitronellal, Tocopherol, Alpha-Isomethyl Ionone, Beta-Glucan, Geraniol, Hydrolyzed Elastin, Hydrolyzed Collagen, Hexapeptide-2, Biotin, Sodium Dna<\/p>\n","protected":false},"excerpt":{"rendered":"<p>Pieni\u0161kos tekst\u016bros serumas su kolagenu, PDRN ir ceramidais \u2013 dr\u0117kina, glotnina, suteikia \u0161vyt\u0117jimo ir stangrumo poj\u016bt\u012f, 15 ml.<\/p>\n","protected":false},"featured_media":73731,"template":"","meta":[],"product_brand":[1361],"product_cat":[562,550,728],"product_tag":[1611],"class_list":{"0":"post-73729","1":"product","2":"type-product","3":"status-publish","4":"has-post-thumbnail","6":"product_brand-medicube","7":"product_cat-sandelio-valymas","8":"product_cat-veido-serumai","9":"product_cat-veidui","10":"product_tag-medicube","12":"first","13":"instock","14":"sale","15":"taxable","16":"shipping-taxable","17":"purchasable","18":"product-type-simple"},"yoast_head":"<!-- This site is optimized with the Yoast SEO plugin v27.3 - https:\/\/yoast.com\/product\/yoast-seo-wordpress\/ -->\n<title>MEDICUBE Collagen Glow Booster Serum \u0161vyt\u0117jim\u0105 suteikiantis kolageno serumas, 15 ml - MalinaShop.lt J\u016bs\u0173 sveikatai ir gro\u017eiui.<\/title>\n<meta name=\"description\" content=\"MEDICUBE Collagen Glow Booster Serum 15 ml \u2013 pieni\u0161kos tekst\u016bros serumas, padedantis i\u0161lyginti odos tekst\u016br\u0105 ir ton\u0105, suteikti stangrumo\" \/>\n<meta name=\"robots\" content=\"index, follow, max-snippet:-1, max-image-preview:large, max-video-preview:-1\" \/>\n<link rel=\"canonical\" href=\"https:\/\/www.malinashop.lt\/lt_lt\/shop\/medicube-collagen-glow-booster-serum-svytejima-suteikiantis-kolageno-serumas-15-ml\/\" \/>\n<meta property=\"og:locale\" content=\"lt_LT\" \/>\n<meta property=\"og:type\" content=\"article\" \/>\n<meta property=\"og:title\" content=\"MEDICUBE Collagen Glow Booster Serum \u0161vyt\u0117jim\u0105 suteikiantis kolageno serumas, 15 ml - MalinaShop.lt J\u016bs\u0173 sveikatai ir gro\u017eiui.\" \/>\n<meta property=\"og:description\" content=\"MEDICUBE Collagen Glow Booster Serum 15 ml \u2013 pieni\u0161kos tekst\u016bros serumas, padedantis i\u0161lyginti odos tekst\u016br\u0105 ir ton\u0105, suteikti stangrumo\" \/>\n<meta property=\"og:url\" content=\"https:\/\/www.malinashop.lt\/lt_lt\/shop\/medicube-collagen-glow-booster-serum-svytejima-suteikiantis-kolageno-serumas-15-ml\/\" \/>\n<meta property=\"og:site_name\" content=\"MalinaShop.lt J\u016bs\u0173 sveikatai ir gro\u017eiui.\" \/>\n<meta property=\"article:modified_time\" content=\"2026-04-07T21:36:17+00:00\" \/>\n<meta property=\"og:image\" content=\"https:\/\/www.malinashop.lt\/wp-content\/uploads\/2026\/01\/MEDICUBE-Collagen-Glow-Booster-Serum-svytejima-suteikiantis-kolageno-serumas-15-ml.webp\" \/>\n\t<meta property=\"og:image:width\" content=\"768\" \/>\n\t<meta property=\"og:image:height\" content=\"768\" \/>\n\t<meta property=\"og:image:type\" content=\"image\/webp\" \/>\n<meta name=\"twitter:card\" content=\"summary_large_image\" \/>\n<script type=\"application\/ld+json\" class=\"yoast-schema-graph\">{\"@context\":\"https:\\\/\\\/schema.org\",\"@graph\":[{\"@type\":\"WebPage\",\"@id\":\"https:\\\/\\\/www.malinashop.lt\\\/lt_lt\\\/shop\\\/medicube-collagen-glow-booster-serum-svytejima-suteikiantis-kolageno-serumas-15-ml\\\/\",\"url\":\"https:\\\/\\\/www.malinashop.lt\\\/lt_lt\\\/shop\\\/medicube-collagen-glow-booster-serum-svytejima-suteikiantis-kolageno-serumas-15-ml\\\/\",\"name\":\"MEDICUBE Collagen Glow Booster Serum \u0161vyt\u0117jim\u0105 suteikiantis kolageno serumas, 15 ml - MalinaShop.lt J\u016bs\u0173 sveikatai ir gro\u017eiui.\",\"isPartOf\":{\"@id\":\"https:\\\/\\\/www.malinashop.lt\\\/en\\\/#website\"},\"primaryImageOfPage\":{\"@id\":\"https:\\\/\\\/www.malinashop.lt\\\/lt_lt\\\/shop\\\/medicube-collagen-glow-booster-serum-svytejima-suteikiantis-kolageno-serumas-15-ml\\\/#primaryimage\"},\"image\":{\"@id\":\"https:\\\/\\\/www.malinashop.lt\\\/lt_lt\\\/shop\\\/medicube-collagen-glow-booster-serum-svytejima-suteikiantis-kolageno-serumas-15-ml\\\/#primaryimage\"},\"thumbnailUrl\":\"https:\\\/\\\/www.malinashop.lt\\\/wp-content\\\/uploads\\\/2026\\\/01\\\/MEDICUBE-Collagen-Glow-Booster-Serum-svytejima-suteikiantis-kolageno-serumas-15-ml.webp\",\"datePublished\":\"2026-01-31T11:06:08+00:00\",\"dateModified\":\"2026-04-07T21:36:17+00:00\",\"description\":\"MEDICUBE Collagen Glow Booster Serum 15 ml \u2013 pieni\u0161kos tekst\u016bros serumas, padedantis i\u0161lyginti odos tekst\u016br\u0105 ir ton\u0105, suteikti stangrumo\",\"breadcrumb\":{\"@id\":\"https:\\\/\\\/www.malinashop.lt\\\/lt_lt\\\/shop\\\/medicube-collagen-glow-booster-serum-svytejima-suteikiantis-kolageno-serumas-15-ml\\\/#breadcrumb\"},\"inLanguage\":\"lt-LT\",\"potentialAction\":[{\"@type\":\"ReadAction\",\"target\":[\"https:\\\/\\\/www.malinashop.lt\\\/lt_lt\\\/shop\\\/medicube-collagen-glow-booster-serum-svytejima-suteikiantis-kolageno-serumas-15-ml\\\/\"]}]},{\"@type\":\"ImageObject\",\"inLanguage\":\"lt-LT\",\"@id\":\"https:\\\/\\\/www.malinashop.lt\\\/lt_lt\\\/shop\\\/medicube-collagen-glow-booster-serum-svytejima-suteikiantis-kolageno-serumas-15-ml\\\/#primaryimage\",\"url\":\"https:\\\/\\\/www.malinashop.lt\\\/wp-content\\\/uploads\\\/2026\\\/01\\\/MEDICUBE-Collagen-Glow-Booster-Serum-svytejima-suteikiantis-kolageno-serumas-15-ml.webp\",\"contentUrl\":\"https:\\\/\\\/www.malinashop.lt\\\/wp-content\\\/uploads\\\/2026\\\/01\\\/MEDICUBE-Collagen-Glow-Booster-Serum-svytejima-suteikiantis-kolageno-serumas-15-ml.webp\",\"width\":768,\"height\":768},{\"@type\":\"BreadcrumbList\",\"@id\":\"https:\\\/\\\/www.malinashop.lt\\\/lt_lt\\\/shop\\\/medicube-collagen-glow-booster-serum-svytejima-suteikiantis-kolageno-serumas-15-ml\\\/#breadcrumb\",\"itemListElement\":[{\"@type\":\"ListItem\",\"position\":1,\"name\":\"Home\",\"item\":\"https:\\\/\\\/www.malinashop.lt\\\/en\\\/\"},{\"@type\":\"ListItem\",\"position\":2,\"name\":\"Parduotuv\u0117\",\"item\":\"https:\\\/\\\/www.malinashop.lt\\\/en\\\/parduotuve\\\/\"},{\"@type\":\"ListItem\",\"position\":3,\"name\":\"MEDICUBE Collagen Glow Booster Serum \u0161vyt\u0117jim\u0105 suteikiantis kolageno serumas, 15 ml\"}]},{\"@type\":\"WebSite\",\"@id\":\"https:\\\/\\\/www.malinashop.lt\\\/en\\\/#website\",\"url\":\"https:\\\/\\\/www.malinashop.lt\\\/en\\\/\",\"name\":\"COM Group Ecommerce\",\"description\":\"MalinaShop.lt - Gro\u017eio ir sveikatos produktai i\u0161 patikim\u0173 preki\u0173 \u017eenkl\u0173. Atraskite auk\u0161tos kokyb\u0117s kosmetik\u0105 u\u017e puiki\u0105 kain\u0105.\",\"publisher\":{\"@id\":\"https:\\\/\\\/www.malinashop.lt\\\/en\\\/#organization\"},\"potentialAction\":[{\"@type\":\"SearchAction\",\"target\":{\"@type\":\"EntryPoint\",\"urlTemplate\":\"https:\\\/\\\/www.malinashop.lt\\\/en\\\/?s={search_term_string}\"},\"query-input\":{\"@type\":\"PropertyValueSpecification\",\"valueRequired\":true,\"valueName\":\"search_term_string\"}}],\"inLanguage\":\"lt-LT\"},{\"@type\":\"Organization\",\"@id\":\"https:\\\/\\\/www.malinashop.lt\\\/en\\\/#organization\",\"name\":\"COM Group Ecommerce\",\"url\":\"https:\\\/\\\/www.malinashop.lt\\\/en\\\/\",\"logo\":{\"@type\":\"ImageObject\",\"inLanguage\":\"lt-LT\",\"@id\":\"https:\\\/\\\/www.malinashop.lt\\\/en\\\/#\\\/schema\\\/logo\\\/image\\\/\",\"url\":\"https:\\\/\\\/www.malinashop.lt\\\/wp-content\\\/uploads\\\/2024\\\/08\\\/462559670_3787732518133670_9795632669273463_n-e1731525914575.png\",\"contentUrl\":\"https:\\\/\\\/www.malinashop.lt\\\/wp-content\\\/uploads\\\/2024\\\/08\\\/462559670_3787732518133670_9795632669273463_n-e1731525914575.png\",\"width\":180,\"height\":60,\"caption\":\"COM Group Ecommerce\"},\"image\":{\"@id\":\"https:\\\/\\\/www.malinashop.lt\\\/en\\\/#\\\/schema\\\/logo\\\/image\\\/\"}}]}<\/script>\n<!-- \/ Yoast SEO plugin. -->","yoast_head_json":{"title":"MEDICUBE Collagen Glow Booster Serum \u0161vyt\u0117jim\u0105 suteikiantis kolageno serumas, 15 ml - MalinaShop.lt J\u016bs\u0173 sveikatai ir gro\u017eiui.","description":"MEDICUBE Collagen Glow Booster Serum 15 ml \u2013 pieni\u0161kos tekst\u016bros serumas, padedantis i\u0161lyginti odos tekst\u016br\u0105 ir ton\u0105, suteikti stangrumo","robots":{"index":"index","follow":"follow","max-snippet":"max-snippet:-1","max-image-preview":"max-image-preview:large","max-video-preview":"max-video-preview:-1"},"canonical":"https:\/\/www.malinashop.lt\/lt_lt\/shop\/medicube-collagen-glow-booster-serum-svytejima-suteikiantis-kolageno-serumas-15-ml\/","og_locale":"lt_LT","og_type":"article","og_title":"MEDICUBE Collagen Glow Booster Serum \u0161vyt\u0117jim\u0105 suteikiantis kolageno serumas, 15 ml - MalinaShop.lt J\u016bs\u0173 sveikatai ir gro\u017eiui.","og_description":"MEDICUBE Collagen Glow Booster Serum 15 ml \u2013 pieni\u0161kos tekst\u016bros serumas, padedantis i\u0161lyginti odos tekst\u016br\u0105 ir ton\u0105, suteikti stangrumo","og_url":"https:\/\/www.malinashop.lt\/lt_lt\/shop\/medicube-collagen-glow-booster-serum-svytejima-suteikiantis-kolageno-serumas-15-ml\/","og_site_name":"MalinaShop.lt J\u016bs\u0173 sveikatai ir gro\u017eiui.","article_modified_time":"2026-04-07T21:36:17+00:00","og_image":[{"width":768,"height":768,"url":"https:\/\/www.malinashop.lt\/wp-content\/uploads\/2026\/01\/MEDICUBE-Collagen-Glow-Booster-Serum-svytejima-suteikiantis-kolageno-serumas-15-ml.webp","type":"image\/webp"}],"twitter_card":"summary_large_image","schema":{"@context":"https:\/\/schema.org","@graph":[{"@type":"WebPage","@id":"https:\/\/www.malinashop.lt\/lt_lt\/shop\/medicube-collagen-glow-booster-serum-svytejima-suteikiantis-kolageno-serumas-15-ml\/","url":"https:\/\/www.malinashop.lt\/lt_lt\/shop\/medicube-collagen-glow-booster-serum-svytejima-suteikiantis-kolageno-serumas-15-ml\/","name":"MEDICUBE Collagen Glow Booster Serum \u0161vyt\u0117jim\u0105 suteikiantis kolageno serumas, 15 ml - MalinaShop.lt J\u016bs\u0173 sveikatai ir gro\u017eiui.","isPartOf":{"@id":"https:\/\/www.malinashop.lt\/en\/#website"},"primaryImageOfPage":{"@id":"https:\/\/www.malinashop.lt\/lt_lt\/shop\/medicube-collagen-glow-booster-serum-svytejima-suteikiantis-kolageno-serumas-15-ml\/#primaryimage"},"image":{"@id":"https:\/\/www.malinashop.lt\/lt_lt\/shop\/medicube-collagen-glow-booster-serum-svytejima-suteikiantis-kolageno-serumas-15-ml\/#primaryimage"},"thumbnailUrl":"https:\/\/www.malinashop.lt\/wp-content\/uploads\/2026\/01\/MEDICUBE-Collagen-Glow-Booster-Serum-svytejima-suteikiantis-kolageno-serumas-15-ml.webp","datePublished":"2026-01-31T11:06:08+00:00","dateModified":"2026-04-07T21:36:17+00:00","description":"MEDICUBE Collagen Glow Booster Serum 15 ml \u2013 pieni\u0161kos tekst\u016bros serumas, padedantis i\u0161lyginti odos tekst\u016br\u0105 ir ton\u0105, suteikti stangrumo","breadcrumb":{"@id":"https:\/\/www.malinashop.lt\/lt_lt\/shop\/medicube-collagen-glow-booster-serum-svytejima-suteikiantis-kolageno-serumas-15-ml\/#breadcrumb"},"inLanguage":"lt-LT","potentialAction":[{"@type":"ReadAction","target":["https:\/\/www.malinashop.lt\/lt_lt\/shop\/medicube-collagen-glow-booster-serum-svytejima-suteikiantis-kolageno-serumas-15-ml\/"]}]},{"@type":"ImageObject","inLanguage":"lt-LT","@id":"https:\/\/www.malinashop.lt\/lt_lt\/shop\/medicube-collagen-glow-booster-serum-svytejima-suteikiantis-kolageno-serumas-15-ml\/#primaryimage","url":"https:\/\/www.malinashop.lt\/wp-content\/uploads\/2026\/01\/MEDICUBE-Collagen-Glow-Booster-Serum-svytejima-suteikiantis-kolageno-serumas-15-ml.webp","contentUrl":"https:\/\/www.malinashop.lt\/wp-content\/uploads\/2026\/01\/MEDICUBE-Collagen-Glow-Booster-Serum-svytejima-suteikiantis-kolageno-serumas-15-ml.webp","width":768,"height":768},{"@type":"BreadcrumbList","@id":"https:\/\/www.malinashop.lt\/lt_lt\/shop\/medicube-collagen-glow-booster-serum-svytejima-suteikiantis-kolageno-serumas-15-ml\/#breadcrumb","itemListElement":[{"@type":"ListItem","position":1,"name":"Home","item":"https:\/\/www.malinashop.lt\/en\/"},{"@type":"ListItem","position":2,"name":"Parduotuv\u0117","item":"https:\/\/www.malinashop.lt\/en\/parduotuve\/"},{"@type":"ListItem","position":3,"name":"MEDICUBE Collagen Glow Booster Serum \u0161vyt\u0117jim\u0105 suteikiantis kolageno serumas, 15 ml"}]},{"@type":"WebSite","@id":"https:\/\/www.malinashop.lt\/en\/#website","url":"https:\/\/www.malinashop.lt\/en\/","name":"COM Group Ecommerce","description":"MalinaShop.lt - Gro\u017eio ir sveikatos produktai i\u0161 patikim\u0173 preki\u0173 \u017eenkl\u0173. Atraskite auk\u0161tos kokyb\u0117s kosmetik\u0105 u\u017e puiki\u0105 kain\u0105.","publisher":{"@id":"https:\/\/www.malinashop.lt\/en\/#organization"},"potentialAction":[{"@type":"SearchAction","target":{"@type":"EntryPoint","urlTemplate":"https:\/\/www.malinashop.lt\/en\/?s={search_term_string}"},"query-input":{"@type":"PropertyValueSpecification","valueRequired":true,"valueName":"search_term_string"}}],"inLanguage":"lt-LT"},{"@type":"Organization","@id":"https:\/\/www.malinashop.lt\/en\/#organization","name":"COM Group Ecommerce","url":"https:\/\/www.malinashop.lt\/en\/","logo":{"@type":"ImageObject","inLanguage":"lt-LT","@id":"https:\/\/www.malinashop.lt\/en\/#\/schema\/logo\/image\/","url":"https:\/\/www.malinashop.lt\/wp-content\/uploads\/2024\/08\/462559670_3787732518133670_9795632669273463_n-e1731525914575.png","contentUrl":"https:\/\/www.malinashop.lt\/wp-content\/uploads\/2024\/08\/462559670_3787732518133670_9795632669273463_n-e1731525914575.png","width":180,"height":60,"caption":"COM Group Ecommerce"},"image":{"@id":"https:\/\/www.malinashop.lt\/en\/#\/schema\/logo\/image\/"}}]}},"jetpack_sharing_enabled":true,"_links":{"self":[{"href":"https:\/\/www.malinashop.lt\/lt_lt\/wp-json\/wp\/v2\/product\/73729","targetHints":{"allow":["GET"]}}],"collection":[{"href":"https:\/\/www.malinashop.lt\/lt_lt\/wp-json\/wp\/v2\/product"}],"about":[{"href":"https:\/\/www.malinashop.lt\/lt_lt\/wp-json\/wp\/v2\/types\/product"}],"version-history":[{"count":2,"href":"https:\/\/www.malinashop.lt\/lt_lt\/wp-json\/wp\/v2\/product\/73729\/revisions"}],"predecessor-version":[{"id":73733,"href":"https:\/\/www.malinashop.lt\/lt_lt\/wp-json\/wp\/v2\/product\/73729\/revisions\/73733"}],"wp:featuredmedia":[{"embeddable":true,"href":"https:\/\/www.malinashop.lt\/lt_lt\/wp-json\/wp\/v2\/media\/73731"}],"wp:attachment":[{"href":"https:\/\/www.malinashop.lt\/lt_lt\/wp-json\/wp\/v2\/media?parent=73729"}],"wp:term":[{"taxonomy":"product_brand","embeddable":true,"href":"https:\/\/www.malinashop.lt\/lt_lt\/wp-json\/wp\/v2\/product_brand?post=73729"},{"taxonomy":"product_cat","embeddable":true,"href":"https:\/\/www.malinashop.lt\/lt_lt\/wp-json\/wp\/v2\/product_cat?post=73729"},{"taxonomy":"product_tag","embeddable":true,"href":"https:\/\/www.malinashop.lt\/lt_lt\/wp-json\/wp\/v2\/product_tag?post=73729"}],"curies":[{"name":"wp","href":"https:\/\/api.w.org\/{rel}","templated":true}]}}