{"id":73725,"date":"2026-01-31T14:02:37","date_gmt":"2026-01-31T11:02:37","guid":{"rendered":"https:\/\/malinashop.lt\/?post_type=product&#038;p=73725"},"modified":"2026-04-08T00:37:19","modified_gmt":"2026-04-07T21:37:19","slug":"medicube-zero-pore-serum-2-0-poras-mazinantis-veido-serumas-37-ml","status":"publish","type":"product","link":"https:\/\/www.malinashop.lt\/lt_lt\/shop\/medicube-zero-pore-serum-2-0-poras-mazinantis-veido-serumas-37-ml\/","title":{"rendered":"MEDICUBE Zero Pore Serum 2.0 poras ma\u017einantis veido serumas, 37 ml"},"content":{"rendered":"<p data-start=\"184\" data-end=\"643\"><strong data-start=\"184\" data-end=\"216\">MEDICUBE Zero Pore Serum 2.0<\/strong> \u2013 lengvos tekst\u016bros veido serumas, skirtas odai, linkusiai \u012f <strong data-start=\"278\" data-end=\"301\">i\u0161sipl\u0117tusias poras<\/strong>, riebal\u0173 pertekli\u0173 ir netolygi\u0105 tekst\u016br\u0105. Priemon\u0117 padeda vizualiai suma\u017einti i\u0161ry\u0161k\u0117jusi\u0173 por\u0173 matomum\u0105, pa\u0161viesinti riebalinius si\u016blus (sebaceous filaments) ir prisideda prie ma\u017eesn\u0117s ink\u0161tir\u0173 bei spuogeli\u0173 atsiradimo rizikos poj\u016b\u010dio. Serumas padeda <strong data-start=\"554\" data-end=\"587\">reguliuoti sebumo i\u0161siskyrim\u0105<\/strong>, tod\u0117l oda gali atrodyti matin\u0117 ir labiau subalansuota.<\/p>\n<p data-start=\"645\" data-end=\"1382\">Formul\u0117 greitai \u012fsigeria, nepalieka lipnumo ar riebaus blizgesio, tod\u0117l patogiai tinka kasdienai. Sud\u0117tyje esantis <strong data-start=\"760\" data-end=\"776\">Anti-Sebum P<\/strong> augalinis kompleksas (pu\u0161ies, guobos, nakvi\u0161os ir puerarijos ekstraktai) padeda palaikyti riebalini\u0173 liauk\u0173 aktyvumo kontrol\u0119 ir ma\u017einti blizges\u012f. <strong data-start=\"924\" data-end=\"964\">Japonin\u0117s kamelijos \u017eied\u0173 ekstraktas<\/strong> tonizuoja ir padeda odai atrodyti gaiviau. <strong data-start=\"1008\" data-end=\"1027\">M\u0117t\u0173 ekstraktas<\/strong> suteikia v\u0117sinant\u012f komforto poj\u016bt\u012f, prisideda prie paraudimo ir sudirgimo poj\u016b\u010dio ma\u017einimo bei padeda reguliuoti sebumo i\u0161siskyrim\u0105. <strong data-start=\"1161\" data-end=\"1188\">Lotoso \u017eied\u0173 ekstraktas<\/strong> padeda palaikyti odos elastingumo poj\u016bt\u012f, suteikia nat\u016bralaus \u0161vyt\u0117jimo ir antioksidacin\u0117s prie\u017ei\u016bros poj\u016bt\u012f. <strong data-start=\"1299\" data-end=\"1332\">Varnal\u0117\u0161os \u0161aknies ekstraktas<\/strong> pasi\u017eymi od\u0105 pri\u017ei\u016brin\u010diu, tonizuojan\u010diu poj\u016b\u010diu.<\/p>\n<p data-start=\"1384\" data-end=\"1430\"><strong data-start=\"1384\" data-end=\"1394\">Tinka:<\/strong> normaliai, mi\u0161riai ir riebiai odai.<\/p>\n<hr data-start=\"1432\" data-end=\"1435\" \/>\n<h3 data-start=\"1437\" data-end=\"1464\">Pagrindiniai privalumai<\/h3>\n<ul data-start=\"1465\" data-end=\"1852\">\n<li data-start=\"1465\" data-end=\"1548\">\n<p data-start=\"1467\" data-end=\"1548\">Padeda ma\u017einti <strong data-start=\"1482\" data-end=\"1512\">i\u0161sipl\u0117tusi\u0173 por\u0173 matomum\u0105<\/strong> ir i\u0161ry\u0161k\u0117jusios tekst\u016bros poj\u016bt\u012f<\/p>\n<\/li>\n<li data-start=\"1549\" data-end=\"1612\">\n<p data-start=\"1551\" data-end=\"1612\">Padeda palaikyti <strong data-start=\"1568\" data-end=\"1587\">sebumo kontrol\u0119<\/strong> ir matin\u0117s odos poj\u016bt\u012f<\/p>\n<\/li>\n<li data-start=\"1613\" data-end=\"1679\">\n<p data-start=\"1615\" data-end=\"1679\">Prisideda prie ma\u017eesn\u0117s <strong data-start=\"1639\" data-end=\"1661\">spuogeli\u0173\/ink\u0161tir\u0173<\/strong> rizikos poj\u016b\u010dio<\/p>\n<\/li>\n<li data-start=\"1680\" data-end=\"1740\">\n<p data-start=\"1682\" data-end=\"1740\"><strong data-start=\"1682\" data-end=\"1698\">Anti-Sebum P<\/strong> \u2013 augalinis kompleksas riebal\u0173 balansui<\/p>\n<\/li>\n<li data-start=\"1741\" data-end=\"1805\">\n<p data-start=\"1743\" data-end=\"1805\">Greitai \u012fsigeria, <strong data-start=\"1761\" data-end=\"1782\">nepalieka lipnumo<\/strong> ir riebaus blizgesio<\/p>\n<\/li>\n<li data-start=\"1806\" data-end=\"1852\">\n<p data-start=\"1808\" data-end=\"1852\">Tinka <strong data-start=\"1814\" data-end=\"1847\">normaliai, mi\u0161riai ir riebiai<\/strong> odai<\/p>\n<\/li>\n<\/ul>\n<hr data-start=\"1854\" data-end=\"1857\" \/>\n<h3 data-start=\"1859\" data-end=\"1873\">Naudojimas<\/h3>\n<p data-start=\"1874\" data-end=\"1971\">Po veido valymo ir toniko paskirstykite serum\u0105 ant veido odos. Rutinos pabaigoje u\u017etepkite krem\u0105.<\/p>\n<hr data-start=\"1973\" data-end=\"1976\" \/>\n<h3 data-start=\"1978\" data-end=\"1996\">Sud\u0117tis (INCI)<\/h3>\n<p data-start=\"1997\" data-end=\"3017\">Aqua, Butylene Glycol, Dimethicone\/Vinyl Dimethicone Crosspolymer, Cyclopentasiloxane, Cetyl Ethylhexanoate, Cyclohexasiloxane, Polysorbate 60, Bis-PEG-18 Methyl Ether Dimethyl Silane, Dimethicone, Phenoxyethanol, Glyceryl Stearate, PEG-100 Stearate, Tromethamine, Chlorphenesin, Acrylates\/C10-30 Alkyl Acrylate Crosspolymer, Polyacrylate-13, Parfum, Polyisobutene, Caprylyl Glycol, Carbomer, Ethylhexylglycerin, Camellia Japonica Flower Extract, 1,2-Hexanediol, Disodium EDTA, Cymbopogon Schoenanthus Extract, Sanguisorba Officinalis Root Extract, Uncaria Gambir Extract, Polysorbate 20, Pelargonium Graveolens Extract, Cinnamomum Zeylanicum Bark Extract, Nelumbo Nucifera Flower Extract, Fomes Officinalis (Mushroom) Extract, Mentha Rotundifolia Leaf Extract, Sorbitan Isostearate, Isoceteth-10, Isoceteth-25, Pinus Palustris Leaf Extract, Oenothera Biennis (Evening Primrose) Flower Extract, Pueraria Lobata Root Extract, Ulmus Davidiana Root Extract, Sodium Polyacrylate, Citrus Aurantifolia (Lime) Peel Extract, BHT<\/p>\n","protected":false},"excerpt":{"rendered":"<p>Poras ma\u017einantis serumas riebiai ir mi\u0161riai odai \u2013 padeda kontroliuoti sebum\u0105, matinti ir i\u0161lyginti odos tekst\u016bros poj\u016bt\u012f, 37 ml.<\/p>\n","protected":false},"featured_media":73726,"template":"","meta":[],"product_brand":[1361],"product_cat":[562,550,728],"product_tag":[1611],"class_list":{"0":"post-73725","1":"product","2":"type-product","3":"status-publish","4":"has-post-thumbnail","6":"product_brand-medicube","7":"product_cat-sandelio-valymas","8":"product_cat-veido-serumai","9":"product_cat-veidui","10":"product_tag-medicube","12":"first","13":"instock","14":"sale","15":"taxable","16":"shipping-taxable","17":"purchasable","18":"product-type-simple"},"yoast_head":"<!-- This site is optimized with the Yoast SEO plugin v27.4 - https:\/\/yoast.com\/product\/yoast-seo-wordpress\/ -->\n<title>MEDICUBE Zero Pore Serum 2.0 poras ma\u017einantis veido serumas, 37 ml - MalinaShop.lt J\u016bs\u0173 sveikatai ir gro\u017eiui.<\/title>\n<meta name=\"description\" content=\"MEDICUBE Zero Pore Serum 2.0 37 ml \u2013 serumas i\u0161sipl\u0117tusioms poroms ir riebiai odai. Padeda ma\u017einti por\u0173 matomum\u0105, kontroliuoti sebum\u0105\" \/>\n<meta name=\"robots\" content=\"index, follow, max-snippet:-1, max-image-preview:large, max-video-preview:-1\" \/>\n<link rel=\"canonical\" href=\"https:\/\/www.malinashop.lt\/lt_lt\/shop\/medicube-zero-pore-serum-2-0-poras-mazinantis-veido-serumas-37-ml\/\" \/>\n<meta property=\"og:locale\" content=\"lt_LT\" \/>\n<meta property=\"og:type\" content=\"article\" \/>\n<meta property=\"og:title\" content=\"MEDICUBE Zero Pore Serum 2.0 poras ma\u017einantis veido serumas, 37 ml - MalinaShop.lt J\u016bs\u0173 sveikatai ir gro\u017eiui.\" \/>\n<meta property=\"og:description\" content=\"MEDICUBE Zero Pore Serum 2.0 37 ml \u2013 serumas i\u0161sipl\u0117tusioms poroms ir riebiai odai. Padeda ma\u017einti por\u0173 matomum\u0105, kontroliuoti sebum\u0105\" \/>\n<meta property=\"og:url\" content=\"https:\/\/www.malinashop.lt\/lt_lt\/shop\/medicube-zero-pore-serum-2-0-poras-mazinantis-veido-serumas-37-ml\/\" \/>\n<meta property=\"og:site_name\" content=\"MalinaShop.lt J\u016bs\u0173 sveikatai ir gro\u017eiui.\" \/>\n<meta property=\"article:modified_time\" content=\"2026-04-07T21:37:19+00:00\" \/>\n<meta property=\"og:image\" content=\"https:\/\/www.malinashop.lt\/wp-content\/uploads\/2026\/01\/MEDICUBE-Zero-Pore-Serum-2.0-poras-mazinantis-veido-serumas-37-ml.webp\" \/>\n\t<meta property=\"og:image:width\" content=\"768\" \/>\n\t<meta property=\"og:image:height\" content=\"768\" \/>\n\t<meta property=\"og:image:type\" content=\"image\/webp\" \/>\n<meta name=\"twitter:card\" content=\"summary_large_image\" \/>\n<script type=\"application\/ld+json\" class=\"yoast-schema-graph\">{\"@context\":\"https:\\\/\\\/schema.org\",\"@graph\":[{\"@type\":\"WebPage\",\"@id\":\"https:\\\/\\\/www.malinashop.lt\\\/lt_lt\\\/shop\\\/medicube-zero-pore-serum-2-0-poras-mazinantis-veido-serumas-37-ml\\\/\",\"url\":\"https:\\\/\\\/www.malinashop.lt\\\/lt_lt\\\/shop\\\/medicube-zero-pore-serum-2-0-poras-mazinantis-veido-serumas-37-ml\\\/\",\"name\":\"MEDICUBE Zero Pore Serum 2.0 poras ma\u017einantis veido serumas, 37 ml - MalinaShop.lt J\u016bs\u0173 sveikatai ir gro\u017eiui.\",\"isPartOf\":{\"@id\":\"https:\\\/\\\/www.malinashop.lt\\\/en\\\/#website\"},\"primaryImageOfPage\":{\"@id\":\"https:\\\/\\\/www.malinashop.lt\\\/lt_lt\\\/shop\\\/medicube-zero-pore-serum-2-0-poras-mazinantis-veido-serumas-37-ml\\\/#primaryimage\"},\"image\":{\"@id\":\"https:\\\/\\\/www.malinashop.lt\\\/lt_lt\\\/shop\\\/medicube-zero-pore-serum-2-0-poras-mazinantis-veido-serumas-37-ml\\\/#primaryimage\"},\"thumbnailUrl\":\"https:\\\/\\\/www.malinashop.lt\\\/wp-content\\\/uploads\\\/2026\\\/01\\\/MEDICUBE-Zero-Pore-Serum-2.0-poras-mazinantis-veido-serumas-37-ml.webp\",\"datePublished\":\"2026-01-31T11:02:37+00:00\",\"dateModified\":\"2026-04-07T21:37:19+00:00\",\"description\":\"MEDICUBE Zero Pore Serum 2.0 37 ml \u2013 serumas i\u0161sipl\u0117tusioms poroms ir riebiai odai. Padeda ma\u017einti por\u0173 matomum\u0105, kontroliuoti sebum\u0105\",\"breadcrumb\":{\"@id\":\"https:\\\/\\\/www.malinashop.lt\\\/lt_lt\\\/shop\\\/medicube-zero-pore-serum-2-0-poras-mazinantis-veido-serumas-37-ml\\\/#breadcrumb\"},\"inLanguage\":\"lt-LT\",\"potentialAction\":[{\"@type\":\"ReadAction\",\"target\":[\"https:\\\/\\\/www.malinashop.lt\\\/lt_lt\\\/shop\\\/medicube-zero-pore-serum-2-0-poras-mazinantis-veido-serumas-37-ml\\\/\"]}]},{\"@type\":\"ImageObject\",\"inLanguage\":\"lt-LT\",\"@id\":\"https:\\\/\\\/www.malinashop.lt\\\/lt_lt\\\/shop\\\/medicube-zero-pore-serum-2-0-poras-mazinantis-veido-serumas-37-ml\\\/#primaryimage\",\"url\":\"https:\\\/\\\/www.malinashop.lt\\\/wp-content\\\/uploads\\\/2026\\\/01\\\/MEDICUBE-Zero-Pore-Serum-2.0-poras-mazinantis-veido-serumas-37-ml.webp\",\"contentUrl\":\"https:\\\/\\\/www.malinashop.lt\\\/wp-content\\\/uploads\\\/2026\\\/01\\\/MEDICUBE-Zero-Pore-Serum-2.0-poras-mazinantis-veido-serumas-37-ml.webp\",\"width\":768,\"height\":768},{\"@type\":\"BreadcrumbList\",\"@id\":\"https:\\\/\\\/www.malinashop.lt\\\/lt_lt\\\/shop\\\/medicube-zero-pore-serum-2-0-poras-mazinantis-veido-serumas-37-ml\\\/#breadcrumb\",\"itemListElement\":[{\"@type\":\"ListItem\",\"position\":1,\"name\":\"Home\",\"item\":\"https:\\\/\\\/www.malinashop.lt\\\/en\\\/\"},{\"@type\":\"ListItem\",\"position\":2,\"name\":\"Parduotuv\u0117\",\"item\":\"https:\\\/\\\/www.malinashop.lt\\\/en\\\/parduotuve\\\/\"},{\"@type\":\"ListItem\",\"position\":3,\"name\":\"MEDICUBE Zero Pore Serum 2.0 poras ma\u017einantis veido serumas, 37 ml\"}]},{\"@type\":\"WebSite\",\"@id\":\"https:\\\/\\\/www.malinashop.lt\\\/en\\\/#website\",\"url\":\"https:\\\/\\\/www.malinashop.lt\\\/en\\\/\",\"name\":\"COM Group Ecommerce\",\"description\":\"MalinaShop.lt - Gro\u017eio ir sveikatos produktai i\u0161 patikim\u0173 preki\u0173 \u017eenkl\u0173. Atraskite auk\u0161tos kokyb\u0117s kosmetik\u0105 u\u017e puiki\u0105 kain\u0105.\",\"publisher\":{\"@id\":\"https:\\\/\\\/www.malinashop.lt\\\/en\\\/#organization\"},\"potentialAction\":[{\"@type\":\"SearchAction\",\"target\":{\"@type\":\"EntryPoint\",\"urlTemplate\":\"https:\\\/\\\/www.malinashop.lt\\\/en\\\/?s={search_term_string}\"},\"query-input\":{\"@type\":\"PropertyValueSpecification\",\"valueRequired\":true,\"valueName\":\"search_term_string\"}}],\"inLanguage\":\"lt-LT\"},{\"@type\":\"Organization\",\"@id\":\"https:\\\/\\\/www.malinashop.lt\\\/en\\\/#organization\",\"name\":\"COM Group Ecommerce\",\"url\":\"https:\\\/\\\/www.malinashop.lt\\\/en\\\/\",\"logo\":{\"@type\":\"ImageObject\",\"inLanguage\":\"lt-LT\",\"@id\":\"https:\\\/\\\/www.malinashop.lt\\\/en\\\/#\\\/schema\\\/logo\\\/image\\\/\",\"url\":\"https:\\\/\\\/www.malinashop.lt\\\/wp-content\\\/uploads\\\/2024\\\/08\\\/462559670_3787732518133670_9795632669273463_n-e1731525914575.png\",\"contentUrl\":\"https:\\\/\\\/www.malinashop.lt\\\/wp-content\\\/uploads\\\/2024\\\/08\\\/462559670_3787732518133670_9795632669273463_n-e1731525914575.png\",\"width\":180,\"height\":60,\"caption\":\"COM Group Ecommerce\"},\"image\":{\"@id\":\"https:\\\/\\\/www.malinashop.lt\\\/en\\\/#\\\/schema\\\/logo\\\/image\\\/\"}}]}<\/script>\n<!-- \/ Yoast SEO plugin. -->","yoast_head_json":{"title":"MEDICUBE Zero Pore Serum 2.0 poras ma\u017einantis veido serumas, 37 ml - MalinaShop.lt J\u016bs\u0173 sveikatai ir gro\u017eiui.","description":"MEDICUBE Zero Pore Serum 2.0 37 ml \u2013 serumas i\u0161sipl\u0117tusioms poroms ir riebiai odai. Padeda ma\u017einti por\u0173 matomum\u0105, kontroliuoti sebum\u0105","robots":{"index":"index","follow":"follow","max-snippet":"max-snippet:-1","max-image-preview":"max-image-preview:large","max-video-preview":"max-video-preview:-1"},"canonical":"https:\/\/www.malinashop.lt\/lt_lt\/shop\/medicube-zero-pore-serum-2-0-poras-mazinantis-veido-serumas-37-ml\/","og_locale":"lt_LT","og_type":"article","og_title":"MEDICUBE Zero Pore Serum 2.0 poras ma\u017einantis veido serumas, 37 ml - MalinaShop.lt J\u016bs\u0173 sveikatai ir gro\u017eiui.","og_description":"MEDICUBE Zero Pore Serum 2.0 37 ml \u2013 serumas i\u0161sipl\u0117tusioms poroms ir riebiai odai. Padeda ma\u017einti por\u0173 matomum\u0105, kontroliuoti sebum\u0105","og_url":"https:\/\/www.malinashop.lt\/lt_lt\/shop\/medicube-zero-pore-serum-2-0-poras-mazinantis-veido-serumas-37-ml\/","og_site_name":"MalinaShop.lt J\u016bs\u0173 sveikatai ir gro\u017eiui.","article_modified_time":"2026-04-07T21:37:19+00:00","og_image":[{"width":768,"height":768,"url":"https:\/\/www.malinashop.lt\/wp-content\/uploads\/2026\/01\/MEDICUBE-Zero-Pore-Serum-2.0-poras-mazinantis-veido-serumas-37-ml.webp","type":"image\/webp"}],"twitter_card":"summary_large_image","schema":{"@context":"https:\/\/schema.org","@graph":[{"@type":"WebPage","@id":"https:\/\/www.malinashop.lt\/lt_lt\/shop\/medicube-zero-pore-serum-2-0-poras-mazinantis-veido-serumas-37-ml\/","url":"https:\/\/www.malinashop.lt\/lt_lt\/shop\/medicube-zero-pore-serum-2-0-poras-mazinantis-veido-serumas-37-ml\/","name":"MEDICUBE Zero Pore Serum 2.0 poras ma\u017einantis veido serumas, 37 ml - MalinaShop.lt J\u016bs\u0173 sveikatai ir gro\u017eiui.","isPartOf":{"@id":"https:\/\/www.malinashop.lt\/en\/#website"},"primaryImageOfPage":{"@id":"https:\/\/www.malinashop.lt\/lt_lt\/shop\/medicube-zero-pore-serum-2-0-poras-mazinantis-veido-serumas-37-ml\/#primaryimage"},"image":{"@id":"https:\/\/www.malinashop.lt\/lt_lt\/shop\/medicube-zero-pore-serum-2-0-poras-mazinantis-veido-serumas-37-ml\/#primaryimage"},"thumbnailUrl":"https:\/\/www.malinashop.lt\/wp-content\/uploads\/2026\/01\/MEDICUBE-Zero-Pore-Serum-2.0-poras-mazinantis-veido-serumas-37-ml.webp","datePublished":"2026-01-31T11:02:37+00:00","dateModified":"2026-04-07T21:37:19+00:00","description":"MEDICUBE Zero Pore Serum 2.0 37 ml \u2013 serumas i\u0161sipl\u0117tusioms poroms ir riebiai odai. Padeda ma\u017einti por\u0173 matomum\u0105, kontroliuoti sebum\u0105","breadcrumb":{"@id":"https:\/\/www.malinashop.lt\/lt_lt\/shop\/medicube-zero-pore-serum-2-0-poras-mazinantis-veido-serumas-37-ml\/#breadcrumb"},"inLanguage":"lt-LT","potentialAction":[{"@type":"ReadAction","target":["https:\/\/www.malinashop.lt\/lt_lt\/shop\/medicube-zero-pore-serum-2-0-poras-mazinantis-veido-serumas-37-ml\/"]}]},{"@type":"ImageObject","inLanguage":"lt-LT","@id":"https:\/\/www.malinashop.lt\/lt_lt\/shop\/medicube-zero-pore-serum-2-0-poras-mazinantis-veido-serumas-37-ml\/#primaryimage","url":"https:\/\/www.malinashop.lt\/wp-content\/uploads\/2026\/01\/MEDICUBE-Zero-Pore-Serum-2.0-poras-mazinantis-veido-serumas-37-ml.webp","contentUrl":"https:\/\/www.malinashop.lt\/wp-content\/uploads\/2026\/01\/MEDICUBE-Zero-Pore-Serum-2.0-poras-mazinantis-veido-serumas-37-ml.webp","width":768,"height":768},{"@type":"BreadcrumbList","@id":"https:\/\/www.malinashop.lt\/lt_lt\/shop\/medicube-zero-pore-serum-2-0-poras-mazinantis-veido-serumas-37-ml\/#breadcrumb","itemListElement":[{"@type":"ListItem","position":1,"name":"Home","item":"https:\/\/www.malinashop.lt\/en\/"},{"@type":"ListItem","position":2,"name":"Parduotuv\u0117","item":"https:\/\/www.malinashop.lt\/en\/parduotuve\/"},{"@type":"ListItem","position":3,"name":"MEDICUBE Zero Pore Serum 2.0 poras ma\u017einantis veido serumas, 37 ml"}]},{"@type":"WebSite","@id":"https:\/\/www.malinashop.lt\/en\/#website","url":"https:\/\/www.malinashop.lt\/en\/","name":"COM Group Ecommerce","description":"MalinaShop.lt - Gro\u017eio ir sveikatos produktai i\u0161 patikim\u0173 preki\u0173 \u017eenkl\u0173. Atraskite auk\u0161tos kokyb\u0117s kosmetik\u0105 u\u017e puiki\u0105 kain\u0105.","publisher":{"@id":"https:\/\/www.malinashop.lt\/en\/#organization"},"potentialAction":[{"@type":"SearchAction","target":{"@type":"EntryPoint","urlTemplate":"https:\/\/www.malinashop.lt\/en\/?s={search_term_string}"},"query-input":{"@type":"PropertyValueSpecification","valueRequired":true,"valueName":"search_term_string"}}],"inLanguage":"lt-LT"},{"@type":"Organization","@id":"https:\/\/www.malinashop.lt\/en\/#organization","name":"COM Group Ecommerce","url":"https:\/\/www.malinashop.lt\/en\/","logo":{"@type":"ImageObject","inLanguage":"lt-LT","@id":"https:\/\/www.malinashop.lt\/en\/#\/schema\/logo\/image\/","url":"https:\/\/www.malinashop.lt\/wp-content\/uploads\/2024\/08\/462559670_3787732518133670_9795632669273463_n-e1731525914575.png","contentUrl":"https:\/\/www.malinashop.lt\/wp-content\/uploads\/2024\/08\/462559670_3787732518133670_9795632669273463_n-e1731525914575.png","width":180,"height":60,"caption":"COM Group Ecommerce"},"image":{"@id":"https:\/\/www.malinashop.lt\/en\/#\/schema\/logo\/image\/"}}]}},"jetpack_sharing_enabled":true,"_links":{"self":[{"href":"https:\/\/www.malinashop.lt\/lt_lt\/wp-json\/wp\/v2\/product\/73725","targetHints":{"allow":["GET"]}}],"collection":[{"href":"https:\/\/www.malinashop.lt\/lt_lt\/wp-json\/wp\/v2\/product"}],"about":[{"href":"https:\/\/www.malinashop.lt\/lt_lt\/wp-json\/wp\/v2\/types\/product"}],"version-history":[{"count":1,"href":"https:\/\/www.malinashop.lt\/lt_lt\/wp-json\/wp\/v2\/product\/73725\/revisions"}],"predecessor-version":[{"id":73728,"href":"https:\/\/www.malinashop.lt\/lt_lt\/wp-json\/wp\/v2\/product\/73725\/revisions\/73728"}],"wp:featuredmedia":[{"embeddable":true,"href":"https:\/\/www.malinashop.lt\/lt_lt\/wp-json\/wp\/v2\/media\/73726"}],"wp:attachment":[{"href":"https:\/\/www.malinashop.lt\/lt_lt\/wp-json\/wp\/v2\/media?parent=73725"}],"wp:term":[{"taxonomy":"product_brand","embeddable":true,"href":"https:\/\/www.malinashop.lt\/lt_lt\/wp-json\/wp\/v2\/product_brand?post=73725"},{"taxonomy":"product_cat","embeddable":true,"href":"https:\/\/www.malinashop.lt\/lt_lt\/wp-json\/wp\/v2\/product_cat?post=73725"},{"taxonomy":"product_tag","embeddable":true,"href":"https:\/\/www.malinashop.lt\/lt_lt\/wp-json\/wp\/v2\/product_tag?post=73725"}],"curies":[{"name":"wp","href":"https:\/\/api.w.org\/{rel}","templated":true}]}}