{"id":73721,"date":"2026-01-31T13:58:08","date_gmt":"2026-01-31T10:58:08","guid":{"rendered":"https:\/\/malinashop.lt\/?post_type=product&#038;p=73721"},"modified":"2026-04-08T00:37:54","modified_gmt":"2026-04-07T21:37:54","slug":"medicube-collagen-jelly-cream-drekinamasis-gelinis-kremas-su-kolagenu-50-ml","status":"publish","type":"product","link":"https:\/\/www.malinashop.lt\/lt_lt\/shop\/medicube-collagen-jelly-cream-drekinamasis-gelinis-kremas-su-kolagenu-50-ml\/","title":{"rendered":"MEDICUBE Collagen Jelly Cream dr\u0117kinamasis gelinis kremas su kolagenu, 50 ml"},"content":{"rendered":"<p data-start=\"194\" data-end=\"520\"><strong data-start=\"194\" data-end=\"227\">MEDICUBE Collagen Jelly Cream<\/strong> \u2013 lengvos gelin\u0117s tekst\u016bros dr\u0117kinamasis kremas, kuris padeda greitai papildyti od\u0105 dr\u0117gme ir suteikti jai gaivos poj\u016bt\u012f nuo pirmo prisilietimo. Kremas padeda palaikyti odos <strong data-start=\"402\" data-end=\"415\">\u0161vyt\u0117jim\u0105<\/strong>, glotnum\u0105 ir elastingumo poj\u016bt\u012f, o reguliariai naudojant oda gali atrodyti lygesn\u0117 ir labiau pri\u017ei\u016br\u0117ta.<\/p>\n<p data-start=\"522\" data-end=\"828\">Formul\u0117 sukurta taip, kad pad\u0117t\u0173 <strong data-start=\"555\" data-end=\"591\">apsaugoti od\u0105 nuo dehidratacijos<\/strong> \u2013 sudaro nematom\u0105 dr\u0117gm\u0117s i\u0161saugojimo \u201ebarjero\u201c poj\u016bt\u012f, kuris prisideda prie komforto ir ma\u017eesnio tempimo jausmo. Kremas taip pat padeda vizualiai glotninti smulkias rauk\u0161leles, suteikdamas odai stangresn\u0117s ir elastingesn\u0117s odos poj\u016bt\u012f.<\/p>\n<p data-start=\"830\" data-end=\"1139\">Sud\u0117tyje yra <strong data-start=\"843\" data-end=\"859\">niacinamidas<\/strong>, <strong data-start=\"861\" data-end=\"874\">trehaloz\u0117<\/strong>, keli\u0173 form\u0173 <strong data-start=\"888\" data-end=\"901\">kolagenas<\/strong> (kolagenas, hidrolizuotas kolagenas, tirpus kolagenas), <strong data-start=\"958\" data-end=\"972\">adenozinas<\/strong>, <strong data-start=\"974\" data-end=\"989\">vitaminas E<\/strong> ir kiti od\u0105 puosel\u0117jantys komponentai, \u012fskaitant augalinius ekstraktus bei <strong data-start=\"1065\" data-end=\"1077\">skvalan\u0105<\/strong>, kurie padeda palaikyti komforti\u0161k\u0105, sudr\u0117kintos odos poj\u016bt\u012f.<\/p>\n<hr data-start=\"1141\" data-end=\"1144\" \/>\n<h3 data-start=\"1146\" data-end=\"1173\">Pagrindiniai privalumai<\/h3>\n<ul data-start=\"1174\" data-end=\"1513\">\n<li data-start=\"1174\" data-end=\"1234\">\n<p data-start=\"1176\" data-end=\"1234\"><strong data-start=\"1176\" data-end=\"1202\">Lengva gelin\u0117 tekst\u016bra<\/strong> \u2013 gaivos ir dr\u0117kinimo poj\u016btis<\/p>\n<\/li>\n<li data-start=\"1235\" data-end=\"1299\">\n<p data-start=\"1237\" data-end=\"1299\">Padeda apsaugoti nuo <strong data-start=\"1258\" data-end=\"1279\">dr\u0117gm\u0117s praradimo<\/strong> ir dehidratacijos<\/p>\n<\/li>\n<li data-start=\"1300\" data-end=\"1365\">\n<p data-start=\"1302\" data-end=\"1365\">Prisideda prie <strong data-start=\"1317\" data-end=\"1355\">glotnumo, elastingumo ir stangrumo<\/strong> poj\u016b\u010dio<\/p>\n<\/li>\n<li data-start=\"1366\" data-end=\"1432\">\n<p data-start=\"1368\" data-end=\"1432\"><strong data-start=\"1368\" data-end=\"1391\">Kolageno kompleksas<\/strong> \u2013 pri\u017ei\u016br\u0117tos, putlesn\u0117s odos poj\u016b\u010diui<\/p>\n<\/li>\n<li data-start=\"1433\" data-end=\"1513\">\n<p data-start=\"1435\" data-end=\"1513\"><strong data-start=\"1435\" data-end=\"1465\">Niacinamidas ir adenozinas<\/strong> \u2013 tolygesn\u0117s, gaivesn\u0117s odos i\u0161vaizdos poj\u016b\u010diui<\/p>\n<\/li>\n<\/ul>\n<hr data-start=\"1515\" data-end=\"1518\" \/>\n<h3 data-start=\"1520\" data-end=\"1534\">Naudojimas<\/h3>\n<p data-start=\"1535\" data-end=\"1619\">Tepkite vidutin\u012f kiek\u012f priemon\u0117s kaip <strong data-start=\"1573\" data-end=\"1586\">paskutin\u012f<\/strong> odos prie\u017ei\u016bros rutinos \u017eingsn\u012f.<\/p>\n<hr data-start=\"1621\" data-end=\"1624\" \/>\n<h3 data-start=\"1626\" data-end=\"1639\">\u012esp\u0117jimai<\/h3>\n<p data-start=\"1640\" data-end=\"1974\">Nenaudokite kartu su priemon\u0117mis, kurios gali dirginti od\u0105 (pvz., didel\u0117s koncentracijos r\u016bg\u0161tys). Tik i\u0161oriniam naudojimui. Venkite patekimo \u012f akis. Laikyti vaikams nepasiekiamoje vietoje. Netepkite ant gleivini\u0173 ir pa\u017eeistos odos. Jei atsiranda sudirgimas \u2013 nutraukite naudojim\u0105. Laikyti ne auk\u0161tesn\u0117je kaip <strong data-start=\"1950\" data-end=\"1959\">25 \u00b0C<\/strong> temperat\u016broje.<\/p>\n<hr data-start=\"1976\" data-end=\"1979\" \/>\n<h3 data-start=\"1981\" data-end=\"1999\">Sud\u0117tis (INCI)<\/h3>\n<p data-start=\"2000\" data-end=\"3054\">Aqua, Propanediol, Dipropylene Glycol, Butylene Glycol, Methylpropanediol, Diethoxyethyl Succinate, Ethoxydiglycol, Ammonium Acryloyldimethyltaurate\/Beheneth-25 Methacrylate Crosspolymer, Niacinamide, Trehalose, 1,2-Hexanediol, Chlorella Vulgaris Extract, Collagen, Hydrolyzed Collagen, Cynanchum Atratum Extract, Althaea Rosea Flower Extract, Soluble Collagen, Allium Sativum (Garlic) Bulb Extract, Avena Sativa (Oat) Kernel Extract, Bertholletia Excelsa Seed Extract, Brassica Oleracea Italica (Broccoli) Extract, Camellia Sinensis Seed Extract, Salmon Egg Extract, Solanum Lycopersicum (Tomato) Fruit Extract, Spinacia Oleracea (Spinach) Leaf Extract, Vaccinium Angustifolium (Blueberry) Fruit Extract, Wine Extract, Polyglyceryl-10 Isostearate, Tromethamine, Glucose, Polyglyceryl-10 Oleate, Ethylhexylglycerin, Fructooligosaccharides, Fructose, Adenosine, Sodium Phytate, Cyanocobalamin, Tocopherol, Pullulan, Glycerin, Hydroxypropyltrimonium Hyaluronate, Squalane, Soluble Proteoglycan, Hydrolyzed Elastin, Sodium Dna, Carbomer, Xanthan Gum, Parfum<\/p>\n","protected":false},"excerpt":{"rendered":"<p>Gelinis kremas su kolageno kompleksu \u2013 intensyviai dr\u0117kina, suteikia \u0161vyt\u0117jimo ir elastingumo poj\u016bt\u012f, padeda saugoti nuo dehidratacijos, 50 ml.<\/p>\n","protected":false},"featured_media":73722,"template":"","meta":[],"product_brand":[1361],"product_cat":[562,187,728],"product_tag":[1611],"class_list":{"0":"post-73721","1":"product","2":"type-product","3":"status-publish","4":"has-post-thumbnail","6":"product_brand-medicube","7":"product_cat-sandelio-valymas","8":"product_cat-veido-kremai","9":"product_cat-veidui","10":"product_tag-medicube","12":"first","13":"instock","14":"sale","15":"taxable","16":"shipping-taxable","17":"purchasable","18":"product-type-simple"},"yoast_head":"<!-- This site is optimized with the Yoast SEO plugin v27.3 - https:\/\/yoast.com\/product\/yoast-seo-wordpress\/ -->\n<title>MEDICUBE Collagen Jelly Cream dr\u0117kinamasis gelinis kremas su kolagenu, 50 ml - MalinaShop.lt J\u016bs\u0173 sveikatai ir gro\u017eiui.<\/title>\n<meta name=\"description\" content=\"MEDICUBE Collagen Jelly Cream 50 ml \u2013 lengvas gelinis dr\u0117kinamasis kremas su kolageno kompleksu, niacinamidu ir trehaloze. Padeda papildyti od\u0105 dr\u0117gme\" \/>\n<meta name=\"robots\" content=\"index, follow, max-snippet:-1, max-image-preview:large, max-video-preview:-1\" \/>\n<link rel=\"canonical\" href=\"https:\/\/www.malinashop.lt\/lt_lt\/shop\/medicube-collagen-jelly-cream-drekinamasis-gelinis-kremas-su-kolagenu-50-ml\/\" \/>\n<meta property=\"og:locale\" content=\"lt_LT\" \/>\n<meta property=\"og:type\" content=\"article\" \/>\n<meta property=\"og:title\" content=\"MEDICUBE Collagen Jelly Cream dr\u0117kinamasis gelinis kremas su kolagenu, 50 ml - MalinaShop.lt J\u016bs\u0173 sveikatai ir gro\u017eiui.\" \/>\n<meta property=\"og:description\" content=\"MEDICUBE Collagen Jelly Cream 50 ml \u2013 lengvas gelinis dr\u0117kinamasis kremas su kolageno kompleksu, niacinamidu ir trehaloze. Padeda papildyti od\u0105 dr\u0117gme\" \/>\n<meta property=\"og:url\" content=\"https:\/\/www.malinashop.lt\/lt_lt\/shop\/medicube-collagen-jelly-cream-drekinamasis-gelinis-kremas-su-kolagenu-50-ml\/\" \/>\n<meta property=\"og:site_name\" content=\"MalinaShop.lt J\u016bs\u0173 sveikatai ir gro\u017eiui.\" \/>\n<meta property=\"article:modified_time\" content=\"2026-04-07T21:37:54+00:00\" \/>\n<meta property=\"og:image\" content=\"https:\/\/www.malinashop.lt\/wp-content\/uploads\/2026\/01\/MEDICUBE-Collagen-Jelly-Cream-drekinamasis-gelinis-kremas-su-kolagenu-50-ml1.webp\" \/>\n\t<meta property=\"og:image:width\" content=\"882\" \/>\n\t<meta property=\"og:image:height\" content=\"882\" \/>\n\t<meta property=\"og:image:type\" content=\"image\/webp\" \/>\n<meta name=\"twitter:card\" content=\"summary_large_image\" \/>\n<script type=\"application\/ld+json\" class=\"yoast-schema-graph\">{\"@context\":\"https:\\\/\\\/schema.org\",\"@graph\":[{\"@type\":\"WebPage\",\"@id\":\"https:\\\/\\\/www.malinashop.lt\\\/lt_lt\\\/shop\\\/medicube-collagen-jelly-cream-drekinamasis-gelinis-kremas-su-kolagenu-50-ml\\\/\",\"url\":\"https:\\\/\\\/www.malinashop.lt\\\/lt_lt\\\/shop\\\/medicube-collagen-jelly-cream-drekinamasis-gelinis-kremas-su-kolagenu-50-ml\\\/\",\"name\":\"MEDICUBE Collagen Jelly Cream dr\u0117kinamasis gelinis kremas su kolagenu, 50 ml - MalinaShop.lt J\u016bs\u0173 sveikatai ir gro\u017eiui.\",\"isPartOf\":{\"@id\":\"https:\\\/\\\/www.malinashop.lt\\\/en\\\/#website\"},\"primaryImageOfPage\":{\"@id\":\"https:\\\/\\\/www.malinashop.lt\\\/lt_lt\\\/shop\\\/medicube-collagen-jelly-cream-drekinamasis-gelinis-kremas-su-kolagenu-50-ml\\\/#primaryimage\"},\"image\":{\"@id\":\"https:\\\/\\\/www.malinashop.lt\\\/lt_lt\\\/shop\\\/medicube-collagen-jelly-cream-drekinamasis-gelinis-kremas-su-kolagenu-50-ml\\\/#primaryimage\"},\"thumbnailUrl\":\"https:\\\/\\\/www.malinashop.lt\\\/wp-content\\\/uploads\\\/2026\\\/01\\\/MEDICUBE-Collagen-Jelly-Cream-drekinamasis-gelinis-kremas-su-kolagenu-50-ml1.webp\",\"datePublished\":\"2026-01-31T10:58:08+00:00\",\"dateModified\":\"2026-04-07T21:37:54+00:00\",\"description\":\"MEDICUBE Collagen Jelly Cream 50 ml \u2013 lengvas gelinis dr\u0117kinamasis kremas su kolageno kompleksu, niacinamidu ir trehaloze. Padeda papildyti od\u0105 dr\u0117gme\",\"breadcrumb\":{\"@id\":\"https:\\\/\\\/www.malinashop.lt\\\/lt_lt\\\/shop\\\/medicube-collagen-jelly-cream-drekinamasis-gelinis-kremas-su-kolagenu-50-ml\\\/#breadcrumb\"},\"inLanguage\":\"lt-LT\",\"potentialAction\":[{\"@type\":\"ReadAction\",\"target\":[\"https:\\\/\\\/www.malinashop.lt\\\/lt_lt\\\/shop\\\/medicube-collagen-jelly-cream-drekinamasis-gelinis-kremas-su-kolagenu-50-ml\\\/\"]}]},{\"@type\":\"ImageObject\",\"inLanguage\":\"lt-LT\",\"@id\":\"https:\\\/\\\/www.malinashop.lt\\\/lt_lt\\\/shop\\\/medicube-collagen-jelly-cream-drekinamasis-gelinis-kremas-su-kolagenu-50-ml\\\/#primaryimage\",\"url\":\"https:\\\/\\\/www.malinashop.lt\\\/wp-content\\\/uploads\\\/2026\\\/01\\\/MEDICUBE-Collagen-Jelly-Cream-drekinamasis-gelinis-kremas-su-kolagenu-50-ml1.webp\",\"contentUrl\":\"https:\\\/\\\/www.malinashop.lt\\\/wp-content\\\/uploads\\\/2026\\\/01\\\/MEDICUBE-Collagen-Jelly-Cream-drekinamasis-gelinis-kremas-su-kolagenu-50-ml1.webp\",\"width\":882,\"height\":882},{\"@type\":\"BreadcrumbList\",\"@id\":\"https:\\\/\\\/www.malinashop.lt\\\/lt_lt\\\/shop\\\/medicube-collagen-jelly-cream-drekinamasis-gelinis-kremas-su-kolagenu-50-ml\\\/#breadcrumb\",\"itemListElement\":[{\"@type\":\"ListItem\",\"position\":1,\"name\":\"Home\",\"item\":\"https:\\\/\\\/www.malinashop.lt\\\/en\\\/\"},{\"@type\":\"ListItem\",\"position\":2,\"name\":\"Parduotuv\u0117\",\"item\":\"https:\\\/\\\/www.malinashop.lt\\\/en\\\/parduotuve\\\/\"},{\"@type\":\"ListItem\",\"position\":3,\"name\":\"MEDICUBE Collagen Jelly Cream dr\u0117kinamasis gelinis kremas su kolagenu, 50 ml\"}]},{\"@type\":\"WebSite\",\"@id\":\"https:\\\/\\\/www.malinashop.lt\\\/en\\\/#website\",\"url\":\"https:\\\/\\\/www.malinashop.lt\\\/en\\\/\",\"name\":\"COM Group Ecommerce\",\"description\":\"MalinaShop.lt - Gro\u017eio ir sveikatos produktai i\u0161 patikim\u0173 preki\u0173 \u017eenkl\u0173. Atraskite auk\u0161tos kokyb\u0117s kosmetik\u0105 u\u017e puiki\u0105 kain\u0105.\",\"publisher\":{\"@id\":\"https:\\\/\\\/www.malinashop.lt\\\/en\\\/#organization\"},\"potentialAction\":[{\"@type\":\"SearchAction\",\"target\":{\"@type\":\"EntryPoint\",\"urlTemplate\":\"https:\\\/\\\/www.malinashop.lt\\\/en\\\/?s={search_term_string}\"},\"query-input\":{\"@type\":\"PropertyValueSpecification\",\"valueRequired\":true,\"valueName\":\"search_term_string\"}}],\"inLanguage\":\"lt-LT\"},{\"@type\":\"Organization\",\"@id\":\"https:\\\/\\\/www.malinashop.lt\\\/en\\\/#organization\",\"name\":\"COM Group Ecommerce\",\"url\":\"https:\\\/\\\/www.malinashop.lt\\\/en\\\/\",\"logo\":{\"@type\":\"ImageObject\",\"inLanguage\":\"lt-LT\",\"@id\":\"https:\\\/\\\/www.malinashop.lt\\\/en\\\/#\\\/schema\\\/logo\\\/image\\\/\",\"url\":\"https:\\\/\\\/www.malinashop.lt\\\/wp-content\\\/uploads\\\/2024\\\/08\\\/462559670_3787732518133670_9795632669273463_n-e1731525914575.png\",\"contentUrl\":\"https:\\\/\\\/www.malinashop.lt\\\/wp-content\\\/uploads\\\/2024\\\/08\\\/462559670_3787732518133670_9795632669273463_n-e1731525914575.png\",\"width\":180,\"height\":60,\"caption\":\"COM Group Ecommerce\"},\"image\":{\"@id\":\"https:\\\/\\\/www.malinashop.lt\\\/en\\\/#\\\/schema\\\/logo\\\/image\\\/\"}}]}<\/script>\n<!-- \/ Yoast SEO plugin. -->","yoast_head_json":{"title":"MEDICUBE Collagen Jelly Cream dr\u0117kinamasis gelinis kremas su kolagenu, 50 ml - MalinaShop.lt J\u016bs\u0173 sveikatai ir gro\u017eiui.","description":"MEDICUBE Collagen Jelly Cream 50 ml \u2013 lengvas gelinis dr\u0117kinamasis kremas su kolageno kompleksu, niacinamidu ir trehaloze. Padeda papildyti od\u0105 dr\u0117gme","robots":{"index":"index","follow":"follow","max-snippet":"max-snippet:-1","max-image-preview":"max-image-preview:large","max-video-preview":"max-video-preview:-1"},"canonical":"https:\/\/www.malinashop.lt\/lt_lt\/shop\/medicube-collagen-jelly-cream-drekinamasis-gelinis-kremas-su-kolagenu-50-ml\/","og_locale":"lt_LT","og_type":"article","og_title":"MEDICUBE Collagen Jelly Cream dr\u0117kinamasis gelinis kremas su kolagenu, 50 ml - MalinaShop.lt J\u016bs\u0173 sveikatai ir gro\u017eiui.","og_description":"MEDICUBE Collagen Jelly Cream 50 ml \u2013 lengvas gelinis dr\u0117kinamasis kremas su kolageno kompleksu, niacinamidu ir trehaloze. Padeda papildyti od\u0105 dr\u0117gme","og_url":"https:\/\/www.malinashop.lt\/lt_lt\/shop\/medicube-collagen-jelly-cream-drekinamasis-gelinis-kremas-su-kolagenu-50-ml\/","og_site_name":"MalinaShop.lt J\u016bs\u0173 sveikatai ir gro\u017eiui.","article_modified_time":"2026-04-07T21:37:54+00:00","og_image":[{"width":882,"height":882,"url":"https:\/\/www.malinashop.lt\/wp-content\/uploads\/2026\/01\/MEDICUBE-Collagen-Jelly-Cream-drekinamasis-gelinis-kremas-su-kolagenu-50-ml1.webp","type":"image\/webp"}],"twitter_card":"summary_large_image","schema":{"@context":"https:\/\/schema.org","@graph":[{"@type":"WebPage","@id":"https:\/\/www.malinashop.lt\/lt_lt\/shop\/medicube-collagen-jelly-cream-drekinamasis-gelinis-kremas-su-kolagenu-50-ml\/","url":"https:\/\/www.malinashop.lt\/lt_lt\/shop\/medicube-collagen-jelly-cream-drekinamasis-gelinis-kremas-su-kolagenu-50-ml\/","name":"MEDICUBE Collagen Jelly Cream dr\u0117kinamasis gelinis kremas su kolagenu, 50 ml - MalinaShop.lt J\u016bs\u0173 sveikatai ir gro\u017eiui.","isPartOf":{"@id":"https:\/\/www.malinashop.lt\/en\/#website"},"primaryImageOfPage":{"@id":"https:\/\/www.malinashop.lt\/lt_lt\/shop\/medicube-collagen-jelly-cream-drekinamasis-gelinis-kremas-su-kolagenu-50-ml\/#primaryimage"},"image":{"@id":"https:\/\/www.malinashop.lt\/lt_lt\/shop\/medicube-collagen-jelly-cream-drekinamasis-gelinis-kremas-su-kolagenu-50-ml\/#primaryimage"},"thumbnailUrl":"https:\/\/www.malinashop.lt\/wp-content\/uploads\/2026\/01\/MEDICUBE-Collagen-Jelly-Cream-drekinamasis-gelinis-kremas-su-kolagenu-50-ml1.webp","datePublished":"2026-01-31T10:58:08+00:00","dateModified":"2026-04-07T21:37:54+00:00","description":"MEDICUBE Collagen Jelly Cream 50 ml \u2013 lengvas gelinis dr\u0117kinamasis kremas su kolageno kompleksu, niacinamidu ir trehaloze. Padeda papildyti od\u0105 dr\u0117gme","breadcrumb":{"@id":"https:\/\/www.malinashop.lt\/lt_lt\/shop\/medicube-collagen-jelly-cream-drekinamasis-gelinis-kremas-su-kolagenu-50-ml\/#breadcrumb"},"inLanguage":"lt-LT","potentialAction":[{"@type":"ReadAction","target":["https:\/\/www.malinashop.lt\/lt_lt\/shop\/medicube-collagen-jelly-cream-drekinamasis-gelinis-kremas-su-kolagenu-50-ml\/"]}]},{"@type":"ImageObject","inLanguage":"lt-LT","@id":"https:\/\/www.malinashop.lt\/lt_lt\/shop\/medicube-collagen-jelly-cream-drekinamasis-gelinis-kremas-su-kolagenu-50-ml\/#primaryimage","url":"https:\/\/www.malinashop.lt\/wp-content\/uploads\/2026\/01\/MEDICUBE-Collagen-Jelly-Cream-drekinamasis-gelinis-kremas-su-kolagenu-50-ml1.webp","contentUrl":"https:\/\/www.malinashop.lt\/wp-content\/uploads\/2026\/01\/MEDICUBE-Collagen-Jelly-Cream-drekinamasis-gelinis-kremas-su-kolagenu-50-ml1.webp","width":882,"height":882},{"@type":"BreadcrumbList","@id":"https:\/\/www.malinashop.lt\/lt_lt\/shop\/medicube-collagen-jelly-cream-drekinamasis-gelinis-kremas-su-kolagenu-50-ml\/#breadcrumb","itemListElement":[{"@type":"ListItem","position":1,"name":"Home","item":"https:\/\/www.malinashop.lt\/en\/"},{"@type":"ListItem","position":2,"name":"Parduotuv\u0117","item":"https:\/\/www.malinashop.lt\/en\/parduotuve\/"},{"@type":"ListItem","position":3,"name":"MEDICUBE Collagen Jelly Cream dr\u0117kinamasis gelinis kremas su kolagenu, 50 ml"}]},{"@type":"WebSite","@id":"https:\/\/www.malinashop.lt\/en\/#website","url":"https:\/\/www.malinashop.lt\/en\/","name":"COM Group Ecommerce","description":"MalinaShop.lt - Gro\u017eio ir sveikatos produktai i\u0161 patikim\u0173 preki\u0173 \u017eenkl\u0173. Atraskite auk\u0161tos kokyb\u0117s kosmetik\u0105 u\u017e puiki\u0105 kain\u0105.","publisher":{"@id":"https:\/\/www.malinashop.lt\/en\/#organization"},"potentialAction":[{"@type":"SearchAction","target":{"@type":"EntryPoint","urlTemplate":"https:\/\/www.malinashop.lt\/en\/?s={search_term_string}"},"query-input":{"@type":"PropertyValueSpecification","valueRequired":true,"valueName":"search_term_string"}}],"inLanguage":"lt-LT"},{"@type":"Organization","@id":"https:\/\/www.malinashop.lt\/en\/#organization","name":"COM Group Ecommerce","url":"https:\/\/www.malinashop.lt\/en\/","logo":{"@type":"ImageObject","inLanguage":"lt-LT","@id":"https:\/\/www.malinashop.lt\/en\/#\/schema\/logo\/image\/","url":"https:\/\/www.malinashop.lt\/wp-content\/uploads\/2024\/08\/462559670_3787732518133670_9795632669273463_n-e1731525914575.png","contentUrl":"https:\/\/www.malinashop.lt\/wp-content\/uploads\/2024\/08\/462559670_3787732518133670_9795632669273463_n-e1731525914575.png","width":180,"height":60,"caption":"COM Group Ecommerce"},"image":{"@id":"https:\/\/www.malinashop.lt\/en\/#\/schema\/logo\/image\/"}}]}},"jetpack_sharing_enabled":true,"_links":{"self":[{"href":"https:\/\/www.malinashop.lt\/lt_lt\/wp-json\/wp\/v2\/product\/73721","targetHints":{"allow":["GET"]}}],"collection":[{"href":"https:\/\/www.malinashop.lt\/lt_lt\/wp-json\/wp\/v2\/product"}],"about":[{"href":"https:\/\/www.malinashop.lt\/lt_lt\/wp-json\/wp\/v2\/types\/product"}],"version-history":[{"count":1,"href":"https:\/\/www.malinashop.lt\/lt_lt\/wp-json\/wp\/v2\/product\/73721\/revisions"}],"predecessor-version":[{"id":73724,"href":"https:\/\/www.malinashop.lt\/lt_lt\/wp-json\/wp\/v2\/product\/73721\/revisions\/73724"}],"wp:featuredmedia":[{"embeddable":true,"href":"https:\/\/www.malinashop.lt\/lt_lt\/wp-json\/wp\/v2\/media\/73722"}],"wp:attachment":[{"href":"https:\/\/www.malinashop.lt\/lt_lt\/wp-json\/wp\/v2\/media?parent=73721"}],"wp:term":[{"taxonomy":"product_brand","embeddable":true,"href":"https:\/\/www.malinashop.lt\/lt_lt\/wp-json\/wp\/v2\/product_brand?post=73721"},{"taxonomy":"product_cat","embeddable":true,"href":"https:\/\/www.malinashop.lt\/lt_lt\/wp-json\/wp\/v2\/product_cat?post=73721"},{"taxonomy":"product_tag","embeddable":true,"href":"https:\/\/www.malinashop.lt\/lt_lt\/wp-json\/wp\/v2\/product_tag?post=73721"}],"curies":[{"name":"wp","href":"https:\/\/api.w.org\/{rel}","templated":true}]}}