{"id":73715,"date":"2026-01-31T13:13:19","date_gmt":"2026-01-31T10:13:19","guid":{"rendered":"https:\/\/malinashop.lt\/?post_type=product&#038;p=73715"},"modified":"2026-04-08T00:21:28","modified_gmt":"2026-04-07T21:21:28","slug":"axis-y-serumas-tamsioms-demems-mazinti-dark-spot-correcting-glow-serum-50-ml","status":"publish","type":"product","link":"https:\/\/www.malinashop.lt\/lt_lt\/shop\/axis-y-serumas-tamsioms-demems-mazinti-dark-spot-correcting-glow-serum-50-ml\/","title":{"rendered":"AXIS-Y serumas tamsioms d\u0117m\u0117ms ma\u017einti Dark Spot Correcting Glow Serum, 50 ml"},"content":{"rendered":"<p data-start=\"218\" data-end=\"614\"><strong data-start=\"218\" data-end=\"260\">AXIS-Y Dark Spot Correcting Glow Serum<\/strong> \u2013 lengvos tekst\u016bros veido serumas su <strong data-start=\"298\" data-end=\"316\">5% niacinamidu<\/strong>, skirtas netolygaus odos tono ir tamsesni\u0173 d\u0117meli\u0173 prie\u017ei\u016brai. Serumas padeda vizualiai suvienodinti odos atspalv\u012f, prisideda prie pigmentacijos, strazdan\u0173, spuogeli\u0173 palikt\u0173 \u017eymi\u0173 ir foto-sen\u0117jimo po\u017eymi\u0173 matomumo ma\u017einimo. Oda gali atrodyti skaistesn\u0117, lygesn\u0117 ir tur\u0117ti sveiko \u0161vyt\u0117jimo poj\u016bt\u012f.<\/p>\n<p data-start=\"616\" data-end=\"1102\">Formul\u0117 ne tik skaistina, bet ir <strong data-start=\"649\" data-end=\"674\">dr\u0117kina bei mink\u0161tina<\/strong> od\u0105 \u2013 serumas greitai \u012fsigeria, neapsunkina ir yra \u0161velnus kasdieniam naudojimui. Sud\u0117tyje esantys <strong data-start=\"774\" data-end=\"789\">eritritolis<\/strong>, <strong data-start=\"791\" data-end=\"814\">augalinis skvalanas<\/strong>, <strong data-start=\"816\" data-end=\"837\">hialurono r\u016bg\u0161tis<\/strong>, <strong data-start=\"839\" data-end=\"853\">alantoinas<\/strong> ir <strong data-start=\"857\" data-end=\"870\">argininas<\/strong> padeda palaikyti odos komfort\u0105, o <strong data-start=\"905\" data-end=\"988\">\u0161altalanki\u0173, papajos, medetk\u0173, acerolos (Barbadoso vy\u0161nios) ir ry\u017ei\u0173 ekstraktai<\/strong> praturtina formul\u0119 antioksidantais. <strong data-start=\"1025\" data-end=\"1040\">Glutationas<\/strong> papildomai prisideda prie skaistesn\u0117s odos i\u0161vaizdos poj\u016b\u010dio.<\/p>\n<hr data-start=\"1104\" data-end=\"1107\" \/>\n<h3 data-start=\"1109\" data-end=\"1136\">Pagrindiniai privalumai<\/h3>\n<ul data-start=\"1137\" data-end=\"1472\">\n<li data-start=\"1137\" data-end=\"1205\">\n<p data-start=\"1139\" data-end=\"1205\"><strong data-start=\"1139\" data-end=\"1158\">5% niacinamidas<\/strong> \u2013 tolygesnio odos tono ir skaistumo poj\u016b\u010diui<\/p>\n<\/li>\n<li data-start=\"1206\" data-end=\"1286\">\n<p data-start=\"1208\" data-end=\"1286\">Padeda pri\u017ei\u016br\u0117ti <strong data-start=\"1226\" data-end=\"1247\">hiperpigmentacij\u0105<\/strong>, strazdanas, po akn\u0117s likusias \u017eymes<\/p>\n<\/li>\n<li data-start=\"1287\" data-end=\"1333\">\n<p data-start=\"1289\" data-end=\"1333\"><strong data-start=\"1289\" data-end=\"1313\">Dr\u0117kina ir mink\u0161tina<\/strong>, neapsunkina odos<\/p>\n<\/li>\n<li data-start=\"1334\" data-end=\"1415\">\n<p data-start=\"1336\" data-end=\"1415\"><strong data-start=\"1336\" data-end=\"1381\">Glutationas, skvalanas, hialurono r\u016bg\u0161tis<\/strong> \u2013 komfortui ir dr\u0117gm\u0117s balansui<\/p>\n<\/li>\n<li data-start=\"1416\" data-end=\"1472\">\n<p data-start=\"1418\" data-end=\"1472\">Lengva tekst\u016bra, <strong data-start=\"1435\" data-end=\"1455\">greitai \u012fsigeria<\/strong>, tinka kasdienai<\/p>\n<\/li>\n<\/ul>\n<hr data-start=\"1474\" data-end=\"1477\" \/>\n<h3 data-start=\"1479\" data-end=\"1493\">Naudojimas<\/h3>\n<p data-start=\"1494\" data-end=\"1637\">Po veido valymo ir toniko naudokite nedidel\u012f kiek\u012f priemon\u0117s ant problemini\u0173 zon\u0173 arba viso veido. \u0160velniai \u012fmasa\u017euokite, kol visi\u0161kai \u012fsigers.<\/p>\n<hr data-start=\"1639\" data-end=\"1642\" \/>\n<h3 data-start=\"1644\" data-end=\"1657\">\u012esp\u0117jimai<\/h3>\n<p data-start=\"1658\" data-end=\"1923\">Tik i\u0161oriniam naudojimui. Naudokite pagal instrukcijas. Venkite patekimo \u012f akis. Laikyti vaikams nepasiekiamoje vietoje. Netepkite ant gleivini\u0173 ir pa\u017eeistos odos. Jei atsiranda sudirgimas \u2013 nutraukite naudojim\u0105. Laikyti ne auk\u0161tesn\u0117je kaip <strong data-start=\"1899\" data-end=\"1908\">25 \u00b0C<\/strong> temperat\u016broje.<\/p>\n<hr data-start=\"1925\" data-end=\"1928\" \/>\n<h3 data-start=\"1930\" data-end=\"1948\">Sud\u0117tis (INCI)<\/h3>\n<p data-start=\"1949\" data-end=\"2466\">Aqua, Glycerin, Niacinamide, Sodium Hyaluronate, Propanediol, Erythritol, Butylene Glycol, Squalane, Oryza Sativa (Rice) Bran Extract, Calendula Officinalis Flower Extract, Carica Papaya (Papaya) Fruit Extract, Hippophae Rhamnoides Fruit Extract, Malpighia Glabra (Acerola) Fruit Extract, Polyglyceryl-10 Laurate, Chlorphenesin, Arginine, Ethylhexylglycerin, Carbomer, Glutathione, 1,2-Hexanediol, Hydroxypropyl Cyclodextrin, Disodium EDTA, Hydroxyethylcellulose, Allantoin, Rosmarinus Officinalis (Rosemary) Leaf Oil<\/p>\n","protected":false},"excerpt":{"rendered":"<p>Serumas su 5% niacinamidu tamsioms d\u0117m\u0117ms ir netolygiam tonui \u2013 dr\u0117kina, skaistina ir suteikia odai sveiko \u0161vyt\u0117jimo poj\u016bt\u012f, 50 ml.<\/p>\n","protected":false},"featured_media":73716,"template":"","meta":[],"product_brand":[1579],"product_cat":[562,550,728],"product_tag":[1591],"class_list":{"0":"post-73715","1":"product","2":"type-product","3":"status-publish","4":"has-post-thumbnail","6":"product_brand-axis-y","7":"product_cat-sandelio-valymas","8":"product_cat-veido-serumai","9":"product_cat-veidui","10":"product_tag-axis-y","12":"first","13":"instock","14":"sale","15":"taxable","16":"shipping-taxable","17":"purchasable","18":"product-type-simple"},"yoast_head":"<!-- This site is optimized with the Yoast SEO plugin v27.4 - https:\/\/yoast.com\/product\/yoast-seo-wordpress\/ -->\n<title>AXIS-Y serumas tamsioms d\u0117m\u0117ms ma\u017einti Dark Spot Correcting Glow Serum, 50 ml - MalinaShop.lt J\u016bs\u0173 sveikatai ir gro\u017eiui.<\/title>\n<meta name=\"description\" content=\"AXIS-Y Dark Spot Correcting Glow Serum 50 ml \u2013 serumas su 5% niacinamidu netolygiam tonui ir tamsioms d\u0117m\u0117ms. Dr\u0117kina, mink\u0161tina, greitai \u012fsigeria, padeda skaistinti od\u0105 ir suteikia \u0161vyt\u0117jimo poj\u016bt\u012f.\" \/>\n<meta name=\"robots\" content=\"index, follow, max-snippet:-1, max-image-preview:large, max-video-preview:-1\" \/>\n<link rel=\"canonical\" href=\"https:\/\/www.malinashop.lt\/lt_lt\/shop\/axis-y-serumas-tamsioms-demems-mazinti-dark-spot-correcting-glow-serum-50-ml\/\" \/>\n<meta property=\"og:locale\" content=\"lt_LT\" \/>\n<meta property=\"og:type\" content=\"article\" \/>\n<meta property=\"og:title\" content=\"AXIS-Y serumas tamsioms d\u0117m\u0117ms ma\u017einti Dark Spot Correcting Glow Serum, 50 ml - MalinaShop.lt J\u016bs\u0173 sveikatai ir gro\u017eiui.\" \/>\n<meta property=\"og:description\" content=\"AXIS-Y Dark Spot Correcting Glow Serum 50 ml \u2013 serumas su 5% niacinamidu netolygiam tonui ir tamsioms d\u0117m\u0117ms. Dr\u0117kina, mink\u0161tina, greitai \u012fsigeria, padeda skaistinti od\u0105 ir suteikia \u0161vyt\u0117jimo poj\u016bt\u012f.\" \/>\n<meta property=\"og:url\" content=\"https:\/\/www.malinashop.lt\/lt_lt\/shop\/axis-y-serumas-tamsioms-demems-mazinti-dark-spot-correcting-glow-serum-50-ml\/\" \/>\n<meta property=\"og:site_name\" content=\"MalinaShop.lt J\u016bs\u0173 sveikatai ir gro\u017eiui.\" \/>\n<meta property=\"article:modified_time\" content=\"2026-04-07T21:21:28+00:00\" \/>\n<meta property=\"og:image\" content=\"https:\/\/www.malinashop.lt\/wp-content\/uploads\/2026\/01\/AXIS-Y-serumas-tamsioms-demems-mazinti-Dark-Spot-Correcting-Glow-Serum-50-ml.jpg\" \/>\n\t<meta property=\"og:image:width\" content=\"800\" \/>\n\t<meta property=\"og:image:height\" content=\"800\" \/>\n\t<meta property=\"og:image:type\" content=\"image\/jpeg\" \/>\n<meta name=\"twitter:card\" content=\"summary_large_image\" \/>\n<script type=\"application\/ld+json\" class=\"yoast-schema-graph\">{\"@context\":\"https:\\\/\\\/schema.org\",\"@graph\":[{\"@type\":\"WebPage\",\"@id\":\"https:\\\/\\\/www.malinashop.lt\\\/lt_lt\\\/shop\\\/axis-y-serumas-tamsioms-demems-mazinti-dark-spot-correcting-glow-serum-50-ml\\\/\",\"url\":\"https:\\\/\\\/www.malinashop.lt\\\/lt_lt\\\/shop\\\/axis-y-serumas-tamsioms-demems-mazinti-dark-spot-correcting-glow-serum-50-ml\\\/\",\"name\":\"AXIS-Y serumas tamsioms d\u0117m\u0117ms ma\u017einti Dark Spot Correcting Glow Serum, 50 ml - MalinaShop.lt J\u016bs\u0173 sveikatai ir gro\u017eiui.\",\"isPartOf\":{\"@id\":\"https:\\\/\\\/www.malinashop.lt\\\/en\\\/#website\"},\"primaryImageOfPage\":{\"@id\":\"https:\\\/\\\/www.malinashop.lt\\\/lt_lt\\\/shop\\\/axis-y-serumas-tamsioms-demems-mazinti-dark-spot-correcting-glow-serum-50-ml\\\/#primaryimage\"},\"image\":{\"@id\":\"https:\\\/\\\/www.malinashop.lt\\\/lt_lt\\\/shop\\\/axis-y-serumas-tamsioms-demems-mazinti-dark-spot-correcting-glow-serum-50-ml\\\/#primaryimage\"},\"thumbnailUrl\":\"https:\\\/\\\/www.malinashop.lt\\\/wp-content\\\/uploads\\\/2026\\\/01\\\/AXIS-Y-serumas-tamsioms-demems-mazinti-Dark-Spot-Correcting-Glow-Serum-50-ml.jpg\",\"datePublished\":\"2026-01-31T10:13:19+00:00\",\"dateModified\":\"2026-04-07T21:21:28+00:00\",\"description\":\"AXIS-Y Dark Spot Correcting Glow Serum 50 ml \u2013 serumas su 5% niacinamidu netolygiam tonui ir tamsioms d\u0117m\u0117ms. Dr\u0117kina, mink\u0161tina, greitai \u012fsigeria, padeda skaistinti od\u0105 ir suteikia \u0161vyt\u0117jimo poj\u016bt\u012f.\",\"breadcrumb\":{\"@id\":\"https:\\\/\\\/www.malinashop.lt\\\/lt_lt\\\/shop\\\/axis-y-serumas-tamsioms-demems-mazinti-dark-spot-correcting-glow-serum-50-ml\\\/#breadcrumb\"},\"inLanguage\":\"lt-LT\",\"potentialAction\":[{\"@type\":\"ReadAction\",\"target\":[\"https:\\\/\\\/www.malinashop.lt\\\/lt_lt\\\/shop\\\/axis-y-serumas-tamsioms-demems-mazinti-dark-spot-correcting-glow-serum-50-ml\\\/\"]}]},{\"@type\":\"ImageObject\",\"inLanguage\":\"lt-LT\",\"@id\":\"https:\\\/\\\/www.malinashop.lt\\\/lt_lt\\\/shop\\\/axis-y-serumas-tamsioms-demems-mazinti-dark-spot-correcting-glow-serum-50-ml\\\/#primaryimage\",\"url\":\"https:\\\/\\\/www.malinashop.lt\\\/wp-content\\\/uploads\\\/2026\\\/01\\\/AXIS-Y-serumas-tamsioms-demems-mazinti-Dark-Spot-Correcting-Glow-Serum-50-ml.jpg\",\"contentUrl\":\"https:\\\/\\\/www.malinashop.lt\\\/wp-content\\\/uploads\\\/2026\\\/01\\\/AXIS-Y-serumas-tamsioms-demems-mazinti-Dark-Spot-Correcting-Glow-Serum-50-ml.jpg\",\"width\":800,\"height\":800},{\"@type\":\"BreadcrumbList\",\"@id\":\"https:\\\/\\\/www.malinashop.lt\\\/lt_lt\\\/shop\\\/axis-y-serumas-tamsioms-demems-mazinti-dark-spot-correcting-glow-serum-50-ml\\\/#breadcrumb\",\"itemListElement\":[{\"@type\":\"ListItem\",\"position\":1,\"name\":\"Home\",\"item\":\"https:\\\/\\\/www.malinashop.lt\\\/en\\\/\"},{\"@type\":\"ListItem\",\"position\":2,\"name\":\"Parduotuv\u0117\",\"item\":\"https:\\\/\\\/www.malinashop.lt\\\/en\\\/parduotuve\\\/\"},{\"@type\":\"ListItem\",\"position\":3,\"name\":\"AXIS-Y serumas tamsioms d\u0117m\u0117ms ma\u017einti Dark Spot Correcting Glow Serum, 50 ml\"}]},{\"@type\":\"WebSite\",\"@id\":\"https:\\\/\\\/www.malinashop.lt\\\/en\\\/#website\",\"url\":\"https:\\\/\\\/www.malinashop.lt\\\/en\\\/\",\"name\":\"COM Group Ecommerce\",\"description\":\"MalinaShop.lt - Gro\u017eio ir sveikatos produktai i\u0161 patikim\u0173 preki\u0173 \u017eenkl\u0173. Atraskite auk\u0161tos kokyb\u0117s kosmetik\u0105 u\u017e puiki\u0105 kain\u0105.\",\"publisher\":{\"@id\":\"https:\\\/\\\/www.malinashop.lt\\\/en\\\/#organization\"},\"potentialAction\":[{\"@type\":\"SearchAction\",\"target\":{\"@type\":\"EntryPoint\",\"urlTemplate\":\"https:\\\/\\\/www.malinashop.lt\\\/en\\\/?s={search_term_string}\"},\"query-input\":{\"@type\":\"PropertyValueSpecification\",\"valueRequired\":true,\"valueName\":\"search_term_string\"}}],\"inLanguage\":\"lt-LT\"},{\"@type\":\"Organization\",\"@id\":\"https:\\\/\\\/www.malinashop.lt\\\/en\\\/#organization\",\"name\":\"COM Group Ecommerce\",\"url\":\"https:\\\/\\\/www.malinashop.lt\\\/en\\\/\",\"logo\":{\"@type\":\"ImageObject\",\"inLanguage\":\"lt-LT\",\"@id\":\"https:\\\/\\\/www.malinashop.lt\\\/en\\\/#\\\/schema\\\/logo\\\/image\\\/\",\"url\":\"https:\\\/\\\/www.malinashop.lt\\\/wp-content\\\/uploads\\\/2024\\\/08\\\/462559670_3787732518133670_9795632669273463_n-e1731525914575.png\",\"contentUrl\":\"https:\\\/\\\/www.malinashop.lt\\\/wp-content\\\/uploads\\\/2024\\\/08\\\/462559670_3787732518133670_9795632669273463_n-e1731525914575.png\",\"width\":180,\"height\":60,\"caption\":\"COM Group Ecommerce\"},\"image\":{\"@id\":\"https:\\\/\\\/www.malinashop.lt\\\/en\\\/#\\\/schema\\\/logo\\\/image\\\/\"}}]}<\/script>\n<!-- \/ Yoast SEO plugin. -->","yoast_head_json":{"title":"AXIS-Y serumas tamsioms d\u0117m\u0117ms ma\u017einti Dark Spot Correcting Glow Serum, 50 ml - MalinaShop.lt J\u016bs\u0173 sveikatai ir gro\u017eiui.","description":"AXIS-Y Dark Spot Correcting Glow Serum 50 ml \u2013 serumas su 5% niacinamidu netolygiam tonui ir tamsioms d\u0117m\u0117ms. Dr\u0117kina, mink\u0161tina, greitai \u012fsigeria, padeda skaistinti od\u0105 ir suteikia \u0161vyt\u0117jimo poj\u016bt\u012f.","robots":{"index":"index","follow":"follow","max-snippet":"max-snippet:-1","max-image-preview":"max-image-preview:large","max-video-preview":"max-video-preview:-1"},"canonical":"https:\/\/www.malinashop.lt\/lt_lt\/shop\/axis-y-serumas-tamsioms-demems-mazinti-dark-spot-correcting-glow-serum-50-ml\/","og_locale":"lt_LT","og_type":"article","og_title":"AXIS-Y serumas tamsioms d\u0117m\u0117ms ma\u017einti Dark Spot Correcting Glow Serum, 50 ml - MalinaShop.lt J\u016bs\u0173 sveikatai ir gro\u017eiui.","og_description":"AXIS-Y Dark Spot Correcting Glow Serum 50 ml \u2013 serumas su 5% niacinamidu netolygiam tonui ir tamsioms d\u0117m\u0117ms. Dr\u0117kina, mink\u0161tina, greitai \u012fsigeria, padeda skaistinti od\u0105 ir suteikia \u0161vyt\u0117jimo poj\u016bt\u012f.","og_url":"https:\/\/www.malinashop.lt\/lt_lt\/shop\/axis-y-serumas-tamsioms-demems-mazinti-dark-spot-correcting-glow-serum-50-ml\/","og_site_name":"MalinaShop.lt J\u016bs\u0173 sveikatai ir gro\u017eiui.","article_modified_time":"2026-04-07T21:21:28+00:00","og_image":[{"width":800,"height":800,"url":"https:\/\/www.malinashop.lt\/wp-content\/uploads\/2026\/01\/AXIS-Y-serumas-tamsioms-demems-mazinti-Dark-Spot-Correcting-Glow-Serum-50-ml.jpg","type":"image\/jpeg"}],"twitter_card":"summary_large_image","schema":{"@context":"https:\/\/schema.org","@graph":[{"@type":"WebPage","@id":"https:\/\/www.malinashop.lt\/lt_lt\/shop\/axis-y-serumas-tamsioms-demems-mazinti-dark-spot-correcting-glow-serum-50-ml\/","url":"https:\/\/www.malinashop.lt\/lt_lt\/shop\/axis-y-serumas-tamsioms-demems-mazinti-dark-spot-correcting-glow-serum-50-ml\/","name":"AXIS-Y serumas tamsioms d\u0117m\u0117ms ma\u017einti Dark Spot Correcting Glow Serum, 50 ml - MalinaShop.lt J\u016bs\u0173 sveikatai ir gro\u017eiui.","isPartOf":{"@id":"https:\/\/www.malinashop.lt\/en\/#website"},"primaryImageOfPage":{"@id":"https:\/\/www.malinashop.lt\/lt_lt\/shop\/axis-y-serumas-tamsioms-demems-mazinti-dark-spot-correcting-glow-serum-50-ml\/#primaryimage"},"image":{"@id":"https:\/\/www.malinashop.lt\/lt_lt\/shop\/axis-y-serumas-tamsioms-demems-mazinti-dark-spot-correcting-glow-serum-50-ml\/#primaryimage"},"thumbnailUrl":"https:\/\/www.malinashop.lt\/wp-content\/uploads\/2026\/01\/AXIS-Y-serumas-tamsioms-demems-mazinti-Dark-Spot-Correcting-Glow-Serum-50-ml.jpg","datePublished":"2026-01-31T10:13:19+00:00","dateModified":"2026-04-07T21:21:28+00:00","description":"AXIS-Y Dark Spot Correcting Glow Serum 50 ml \u2013 serumas su 5% niacinamidu netolygiam tonui ir tamsioms d\u0117m\u0117ms. Dr\u0117kina, mink\u0161tina, greitai \u012fsigeria, padeda skaistinti od\u0105 ir suteikia \u0161vyt\u0117jimo poj\u016bt\u012f.","breadcrumb":{"@id":"https:\/\/www.malinashop.lt\/lt_lt\/shop\/axis-y-serumas-tamsioms-demems-mazinti-dark-spot-correcting-glow-serum-50-ml\/#breadcrumb"},"inLanguage":"lt-LT","potentialAction":[{"@type":"ReadAction","target":["https:\/\/www.malinashop.lt\/lt_lt\/shop\/axis-y-serumas-tamsioms-demems-mazinti-dark-spot-correcting-glow-serum-50-ml\/"]}]},{"@type":"ImageObject","inLanguage":"lt-LT","@id":"https:\/\/www.malinashop.lt\/lt_lt\/shop\/axis-y-serumas-tamsioms-demems-mazinti-dark-spot-correcting-glow-serum-50-ml\/#primaryimage","url":"https:\/\/www.malinashop.lt\/wp-content\/uploads\/2026\/01\/AXIS-Y-serumas-tamsioms-demems-mazinti-Dark-Spot-Correcting-Glow-Serum-50-ml.jpg","contentUrl":"https:\/\/www.malinashop.lt\/wp-content\/uploads\/2026\/01\/AXIS-Y-serumas-tamsioms-demems-mazinti-Dark-Spot-Correcting-Glow-Serum-50-ml.jpg","width":800,"height":800},{"@type":"BreadcrumbList","@id":"https:\/\/www.malinashop.lt\/lt_lt\/shop\/axis-y-serumas-tamsioms-demems-mazinti-dark-spot-correcting-glow-serum-50-ml\/#breadcrumb","itemListElement":[{"@type":"ListItem","position":1,"name":"Home","item":"https:\/\/www.malinashop.lt\/en\/"},{"@type":"ListItem","position":2,"name":"Parduotuv\u0117","item":"https:\/\/www.malinashop.lt\/en\/parduotuve\/"},{"@type":"ListItem","position":3,"name":"AXIS-Y serumas tamsioms d\u0117m\u0117ms ma\u017einti Dark Spot Correcting Glow Serum, 50 ml"}]},{"@type":"WebSite","@id":"https:\/\/www.malinashop.lt\/en\/#website","url":"https:\/\/www.malinashop.lt\/en\/","name":"COM Group Ecommerce","description":"MalinaShop.lt - Gro\u017eio ir sveikatos produktai i\u0161 patikim\u0173 preki\u0173 \u017eenkl\u0173. Atraskite auk\u0161tos kokyb\u0117s kosmetik\u0105 u\u017e puiki\u0105 kain\u0105.","publisher":{"@id":"https:\/\/www.malinashop.lt\/en\/#organization"},"potentialAction":[{"@type":"SearchAction","target":{"@type":"EntryPoint","urlTemplate":"https:\/\/www.malinashop.lt\/en\/?s={search_term_string}"},"query-input":{"@type":"PropertyValueSpecification","valueRequired":true,"valueName":"search_term_string"}}],"inLanguage":"lt-LT"},{"@type":"Organization","@id":"https:\/\/www.malinashop.lt\/en\/#organization","name":"COM Group Ecommerce","url":"https:\/\/www.malinashop.lt\/en\/","logo":{"@type":"ImageObject","inLanguage":"lt-LT","@id":"https:\/\/www.malinashop.lt\/en\/#\/schema\/logo\/image\/","url":"https:\/\/www.malinashop.lt\/wp-content\/uploads\/2024\/08\/462559670_3787732518133670_9795632669273463_n-e1731525914575.png","contentUrl":"https:\/\/www.malinashop.lt\/wp-content\/uploads\/2024\/08\/462559670_3787732518133670_9795632669273463_n-e1731525914575.png","width":180,"height":60,"caption":"COM Group Ecommerce"},"image":{"@id":"https:\/\/www.malinashop.lt\/en\/#\/schema\/logo\/image\/"}}]}},"jetpack_sharing_enabled":true,"_links":{"self":[{"href":"https:\/\/www.malinashop.lt\/lt_lt\/wp-json\/wp\/v2\/product\/73715","targetHints":{"allow":["GET"]}}],"collection":[{"href":"https:\/\/www.malinashop.lt\/lt_lt\/wp-json\/wp\/v2\/product"}],"about":[{"href":"https:\/\/www.malinashop.lt\/lt_lt\/wp-json\/wp\/v2\/types\/product"}],"version-history":[{"count":1,"href":"https:\/\/www.malinashop.lt\/lt_lt\/wp-json\/wp\/v2\/product\/73715\/revisions"}],"predecessor-version":[{"id":73717,"href":"https:\/\/www.malinashop.lt\/lt_lt\/wp-json\/wp\/v2\/product\/73715\/revisions\/73717"}],"wp:featuredmedia":[{"embeddable":true,"href":"https:\/\/www.malinashop.lt\/lt_lt\/wp-json\/wp\/v2\/media\/73716"}],"wp:attachment":[{"href":"https:\/\/www.malinashop.lt\/lt_lt\/wp-json\/wp\/v2\/media?parent=73715"}],"wp:term":[{"taxonomy":"product_brand","embeddable":true,"href":"https:\/\/www.malinashop.lt\/lt_lt\/wp-json\/wp\/v2\/product_brand?post=73715"},{"taxonomy":"product_cat","embeddable":true,"href":"https:\/\/www.malinashop.lt\/lt_lt\/wp-json\/wp\/v2\/product_cat?post=73715"},{"taxonomy":"product_tag","embeddable":true,"href":"https:\/\/www.malinashop.lt\/lt_lt\/wp-json\/wp\/v2\/product_tag?post=73715"}],"curies":[{"name":"wp","href":"https:\/\/api.w.org\/{rel}","templated":true}]}}