{"id":73695,"date":"2026-01-30T01:17:38","date_gmt":"2026-01-29T22:17:38","guid":{"rendered":"https:\/\/malinashop.lt\/?post_type=product&#038;p=73695"},"modified":"2026-04-07T22:18:17","modified_gmt":"2026-04-07T19:18:17","slug":"medb-paakiu-pagalveles-su-hialurono-rugstimi-intensyviam-drekinimo-pojuciui-60-vnt","status":"publish","type":"product","link":"https:\/\/www.malinashop.lt\/lt_lt\/shop\/medb-paakiu-pagalveles-su-hialurono-rugstimi-intensyviam-drekinimo-pojuciui-60-vnt\/","title":{"rendered":"MEDB paaki\u0173 pagalv\u0117l\u0117s su hialurono r\u016bg\u0161timi intensyviam dr\u0117kinimo poj\u016b\u010diui, 60 vnt"},"content":{"rendered":"<p data-start=\"201\" data-end=\"480\"><strong data-start=\"201\" data-end=\"263\">MEDB dr\u0117kinamosios paaki\u0173 pagalv\u0117l\u0117s su hialurono r\u016bg\u0161timi<\/strong> \u2013 paaki\u0173 zonos prie\u017ei\u016bros priemon\u0117, skirta <strong data-start=\"307\" data-end=\"321\">dr\u0117kinimui<\/strong> ir komforto poj\u016b\u010diui aplink akis. Pagalv\u0117l\u0117s padeda greitai atgaivinti paaki\u0173 srit\u012f, kai oda jau\u010diasi sausesn\u0117 ar norisi daugiau \u0161velnumo ir glotnumo poj\u016b\u010dio.<\/p>\n<p data-start=\"482\" data-end=\"893\">Sud\u0117tyje esantis <strong data-start=\"499\" data-end=\"513\">glicerinas<\/strong> padeda palaikyti odos dr\u0117gm\u0119 ir suteikia pri\u017ei\u016br\u0117tos odos poj\u016bt\u012f. <strong data-start=\"580\" data-end=\"601\">Hialurono r\u016bg\u0161tis<\/strong> kartu su <strong data-start=\"611\" data-end=\"626\">niacinamidu<\/strong> prisideda prie odos <strong data-start=\"647\" data-end=\"669\">\u0161velnumo ir lygumo<\/strong> poj\u016b\u010dio, o <strong data-start=\"681\" data-end=\"705\">rozmarino ekstraktas<\/strong> suteikia nat\u016brali\u0173 antioksidant\u0173, kurie padeda sustiprinti odos apsaugos nuo aplinkos poveikio poj\u016bt\u012f. Tinka kasdieniam naudojimui ir lengvai \u012ftraukiamos \u012f \u012fprast\u0105 odos prie\u017ei\u016bros rutin\u0105.<\/p>\n<hr data-start=\"895\" data-end=\"898\" \/>\n<h3 data-start=\"900\" data-end=\"927\">Pagrindiniai privalumai<\/h3>\n<ul data-start=\"928\" data-end=\"1211\">\n<li data-start=\"928\" data-end=\"980\">\n<p data-start=\"930\" data-end=\"980\">Skirtos <strong data-start=\"938\" data-end=\"965\">paaki\u0173 zonos dr\u0117kinimui<\/strong> ir komfortui<\/p>\n<\/li>\n<li data-start=\"981\" data-end=\"1025\">\n<p data-start=\"983\" data-end=\"1025\"><strong data-start=\"983\" data-end=\"997\">Glicerinas<\/strong> \u2013 padeda palaikyti dr\u0117gm\u0119<\/p>\n<\/li>\n<li data-start=\"1026\" data-end=\"1096\">\n<p data-start=\"1028\" data-end=\"1096\"><strong data-start=\"1028\" data-end=\"1064\">Hialurono r\u016bg\u0161tis + niacinamidas<\/strong> \u2013 \u0161velnumo ir lygumo poj\u016b\u010diui<\/p>\n<\/li>\n<li data-start=\"1097\" data-end=\"1169\">\n<p data-start=\"1099\" data-end=\"1169\"><strong data-start=\"1099\" data-end=\"1123\">Rozmarino ekstraktas<\/strong> \u2013 antioksidant\u0173 \u0161altinis, apsaugos poj\u016b\u010diui<\/p>\n<\/li>\n<li data-start=\"1170\" data-end=\"1211\">\n<p data-start=\"1172\" data-end=\"1211\">Patogu naudoti, <strong data-start=\"1188\" data-end=\"1211\">nereikia nuskalauti<\/strong><\/p>\n<\/li>\n<\/ul>\n<hr data-start=\"1213\" data-end=\"1216\" \/>\n<h3 data-start=\"1218\" data-end=\"1232\">Naudojimas<\/h3>\n<p data-start=\"1233\" data-end=\"1399\">U\u017ed\u0117kite paaki\u0173 pagalv\u0117les ant <strong data-start=\"1264\" data-end=\"1280\">\u0161varios odos<\/strong> ir palaikykite <strong data-start=\"1296\" data-end=\"1313\">20\u201330 minu\u010di\u0173<\/strong>. Priemon\u0117s pertekli\u0173 \u0161velniais judesiais \u012fmasa\u017euokite \u012f od\u0105. <strong data-start=\"1375\" data-end=\"1399\">Nereikia nuskalauti.<\/strong><\/p>\n","protected":false},"excerpt":{"rendered":"<p data-start=\"1422\" data-end=\"1545\">Dr\u0117kinamosios paaki\u0173 pagalv\u0117l\u0117s su hialurono r\u016bg\u0161timi ir niacinamidu \u2013 dr\u0117kina, glotnina ir suteikia komforto poj\u016bt\u012f paaki\u0173 zonai, 60 vnt.<\/p>\n","protected":false},"featured_media":73696,"template":"","meta":[],"product_brand":[1544],"product_cat":[549,728],"product_tag":[1609],"class_list":{"0":"post-73695","1":"product","2":"type-product","3":"status-publish","4":"has-post-thumbnail","6":"product_brand-medb","7":"product_cat-paakiu-prieziuros-priemones","8":"product_cat-veidui","9":"product_tag-medb","11":"first","12":"instock","13":"sale","14":"taxable","15":"shipping-taxable","16":"purchasable","17":"product-type-simple"},"yoast_head":"<!-- This site is optimized with the Yoast SEO plugin v27.4 - https:\/\/yoast.com\/product\/yoast-seo-wordpress\/ -->\n<title>MEDB paaki\u0173 pagalv\u0117l\u0117s su hialurono r\u016bg\u0161timi intensyviam dr\u0117kinimo poj\u016b\u010diui, 60 vnt - MalinaShop.lt J\u016bs\u0173 sveikatai ir gro\u017eiui.<\/title>\n<meta name=\"description\" content=\"MEDB dr\u0117kinamosios paaki\u0173 pagalv\u0117l\u0117s su hialurono r\u016bg\u0161timi 60 vnt \u2013 glicerinas padeda palaikyti dr\u0117gm\u0119. Naudokite 20\u201330 min., nuskalauti nereikia.\" \/>\n<meta name=\"robots\" content=\"index, follow, max-snippet:-1, max-image-preview:large, max-video-preview:-1\" \/>\n<link rel=\"canonical\" href=\"https:\/\/www.malinashop.lt\/lt_lt\/shop\/medb-paakiu-pagalveles-su-hialurono-rugstimi-intensyviam-drekinimo-pojuciui-60-vnt\/\" \/>\n<meta property=\"og:locale\" content=\"lt_LT\" \/>\n<meta property=\"og:type\" content=\"article\" \/>\n<meta property=\"og:title\" content=\"MEDB paaki\u0173 pagalv\u0117l\u0117s su hialurono r\u016bg\u0161timi intensyviam dr\u0117kinimo poj\u016b\u010diui, 60 vnt - MalinaShop.lt J\u016bs\u0173 sveikatai ir gro\u017eiui.\" \/>\n<meta property=\"og:description\" content=\"MEDB dr\u0117kinamosios paaki\u0173 pagalv\u0117l\u0117s su hialurono r\u016bg\u0161timi 60 vnt \u2013 glicerinas padeda palaikyti dr\u0117gm\u0119. Naudokite 20\u201330 min., nuskalauti nereikia.\" \/>\n<meta property=\"og:url\" content=\"https:\/\/www.malinashop.lt\/lt_lt\/shop\/medb-paakiu-pagalveles-su-hialurono-rugstimi-intensyviam-drekinimo-pojuciui-60-vnt\/\" \/>\n<meta property=\"og:site_name\" content=\"MalinaShop.lt J\u016bs\u0173 sveikatai ir gro\u017eiui.\" \/>\n<meta property=\"article:modified_time\" content=\"2026-04-07T19:18:17+00:00\" \/>\n<meta property=\"og:image\" content=\"https:\/\/www.malinashop.lt\/wp-content\/uploads\/2026\/01\/MEDB-paakiu-pagalveles-su-hialurono-rugstimi-intensyviam-drekinimo-pojuciui-60-vnt.webp\" \/>\n\t<meta property=\"og:image:width\" content=\"768\" \/>\n\t<meta property=\"og:image:height\" content=\"768\" \/>\n\t<meta property=\"og:image:type\" content=\"image\/webp\" \/>\n<meta name=\"twitter:card\" content=\"summary_large_image\" \/>\n<script type=\"application\/ld+json\" class=\"yoast-schema-graph\">{\"@context\":\"https:\\\/\\\/schema.org\",\"@graph\":[{\"@type\":\"WebPage\",\"@id\":\"https:\\\/\\\/www.malinashop.lt\\\/lt_lt\\\/shop\\\/medb-paakiu-pagalveles-su-hialurono-rugstimi-intensyviam-drekinimo-pojuciui-60-vnt\\\/\",\"url\":\"https:\\\/\\\/www.malinashop.lt\\\/lt_lt\\\/shop\\\/medb-paakiu-pagalveles-su-hialurono-rugstimi-intensyviam-drekinimo-pojuciui-60-vnt\\\/\",\"name\":\"MEDB paaki\u0173 pagalv\u0117l\u0117s su hialurono r\u016bg\u0161timi intensyviam dr\u0117kinimo poj\u016b\u010diui, 60 vnt - MalinaShop.lt J\u016bs\u0173 sveikatai ir gro\u017eiui.\",\"isPartOf\":{\"@id\":\"https:\\\/\\\/www.malinashop.lt\\\/en\\\/#website\"},\"primaryImageOfPage\":{\"@id\":\"https:\\\/\\\/www.malinashop.lt\\\/lt_lt\\\/shop\\\/medb-paakiu-pagalveles-su-hialurono-rugstimi-intensyviam-drekinimo-pojuciui-60-vnt\\\/#primaryimage\"},\"image\":{\"@id\":\"https:\\\/\\\/www.malinashop.lt\\\/lt_lt\\\/shop\\\/medb-paakiu-pagalveles-su-hialurono-rugstimi-intensyviam-drekinimo-pojuciui-60-vnt\\\/#primaryimage\"},\"thumbnailUrl\":\"https:\\\/\\\/www.malinashop.lt\\\/wp-content\\\/uploads\\\/2026\\\/01\\\/MEDB-paakiu-pagalveles-su-hialurono-rugstimi-intensyviam-drekinimo-pojuciui-60-vnt.webp\",\"datePublished\":\"2026-01-29T22:17:38+00:00\",\"dateModified\":\"2026-04-07T19:18:17+00:00\",\"description\":\"MEDB dr\u0117kinamosios paaki\u0173 pagalv\u0117l\u0117s su hialurono r\u016bg\u0161timi 60 vnt \u2013 glicerinas padeda palaikyti dr\u0117gm\u0119. Naudokite 20\u201330 min., nuskalauti nereikia.\",\"breadcrumb\":{\"@id\":\"https:\\\/\\\/www.malinashop.lt\\\/lt_lt\\\/shop\\\/medb-paakiu-pagalveles-su-hialurono-rugstimi-intensyviam-drekinimo-pojuciui-60-vnt\\\/#breadcrumb\"},\"inLanguage\":\"lt-LT\",\"potentialAction\":[{\"@type\":\"ReadAction\",\"target\":[\"https:\\\/\\\/www.malinashop.lt\\\/lt_lt\\\/shop\\\/medb-paakiu-pagalveles-su-hialurono-rugstimi-intensyviam-drekinimo-pojuciui-60-vnt\\\/\"]}]},{\"@type\":\"ImageObject\",\"inLanguage\":\"lt-LT\",\"@id\":\"https:\\\/\\\/www.malinashop.lt\\\/lt_lt\\\/shop\\\/medb-paakiu-pagalveles-su-hialurono-rugstimi-intensyviam-drekinimo-pojuciui-60-vnt\\\/#primaryimage\",\"url\":\"https:\\\/\\\/www.malinashop.lt\\\/wp-content\\\/uploads\\\/2026\\\/01\\\/MEDB-paakiu-pagalveles-su-hialurono-rugstimi-intensyviam-drekinimo-pojuciui-60-vnt.webp\",\"contentUrl\":\"https:\\\/\\\/www.malinashop.lt\\\/wp-content\\\/uploads\\\/2026\\\/01\\\/MEDB-paakiu-pagalveles-su-hialurono-rugstimi-intensyviam-drekinimo-pojuciui-60-vnt.webp\",\"width\":768,\"height\":768},{\"@type\":\"BreadcrumbList\",\"@id\":\"https:\\\/\\\/www.malinashop.lt\\\/lt_lt\\\/shop\\\/medb-paakiu-pagalveles-su-hialurono-rugstimi-intensyviam-drekinimo-pojuciui-60-vnt\\\/#breadcrumb\",\"itemListElement\":[{\"@type\":\"ListItem\",\"position\":1,\"name\":\"Home\",\"item\":\"https:\\\/\\\/www.malinashop.lt\\\/en\\\/\"},{\"@type\":\"ListItem\",\"position\":2,\"name\":\"Parduotuv\u0117\",\"item\":\"https:\\\/\\\/www.malinashop.lt\\\/en\\\/parduotuve\\\/\"},{\"@type\":\"ListItem\",\"position\":3,\"name\":\"MEDB paaki\u0173 pagalv\u0117l\u0117s su hialurono r\u016bg\u0161timi intensyviam dr\u0117kinimo poj\u016b\u010diui, 60 vnt\"}]},{\"@type\":\"WebSite\",\"@id\":\"https:\\\/\\\/www.malinashop.lt\\\/en\\\/#website\",\"url\":\"https:\\\/\\\/www.malinashop.lt\\\/en\\\/\",\"name\":\"COM Group Ecommerce\",\"description\":\"MalinaShop.lt - Gro\u017eio ir sveikatos produktai i\u0161 patikim\u0173 preki\u0173 \u017eenkl\u0173. Atraskite auk\u0161tos kokyb\u0117s kosmetik\u0105 u\u017e puiki\u0105 kain\u0105.\",\"publisher\":{\"@id\":\"https:\\\/\\\/www.malinashop.lt\\\/en\\\/#organization\"},\"potentialAction\":[{\"@type\":\"SearchAction\",\"target\":{\"@type\":\"EntryPoint\",\"urlTemplate\":\"https:\\\/\\\/www.malinashop.lt\\\/en\\\/?s={search_term_string}\"},\"query-input\":{\"@type\":\"PropertyValueSpecification\",\"valueRequired\":true,\"valueName\":\"search_term_string\"}}],\"inLanguage\":\"lt-LT\"},{\"@type\":\"Organization\",\"@id\":\"https:\\\/\\\/www.malinashop.lt\\\/en\\\/#organization\",\"name\":\"COM Group Ecommerce\",\"url\":\"https:\\\/\\\/www.malinashop.lt\\\/en\\\/\",\"logo\":{\"@type\":\"ImageObject\",\"inLanguage\":\"lt-LT\",\"@id\":\"https:\\\/\\\/www.malinashop.lt\\\/en\\\/#\\\/schema\\\/logo\\\/image\\\/\",\"url\":\"https:\\\/\\\/www.malinashop.lt\\\/wp-content\\\/uploads\\\/2024\\\/08\\\/462559670_3787732518133670_9795632669273463_n-e1731525914575.png\",\"contentUrl\":\"https:\\\/\\\/www.malinashop.lt\\\/wp-content\\\/uploads\\\/2024\\\/08\\\/462559670_3787732518133670_9795632669273463_n-e1731525914575.png\",\"width\":180,\"height\":60,\"caption\":\"COM Group Ecommerce\"},\"image\":{\"@id\":\"https:\\\/\\\/www.malinashop.lt\\\/en\\\/#\\\/schema\\\/logo\\\/image\\\/\"}}]}<\/script>\n<!-- \/ Yoast SEO plugin. -->","yoast_head_json":{"title":"MEDB paaki\u0173 pagalv\u0117l\u0117s su hialurono r\u016bg\u0161timi intensyviam dr\u0117kinimo poj\u016b\u010diui, 60 vnt - MalinaShop.lt J\u016bs\u0173 sveikatai ir gro\u017eiui.","description":"MEDB dr\u0117kinamosios paaki\u0173 pagalv\u0117l\u0117s su hialurono r\u016bg\u0161timi 60 vnt \u2013 glicerinas padeda palaikyti dr\u0117gm\u0119. Naudokite 20\u201330 min., nuskalauti nereikia.","robots":{"index":"index","follow":"follow","max-snippet":"max-snippet:-1","max-image-preview":"max-image-preview:large","max-video-preview":"max-video-preview:-1"},"canonical":"https:\/\/www.malinashop.lt\/lt_lt\/shop\/medb-paakiu-pagalveles-su-hialurono-rugstimi-intensyviam-drekinimo-pojuciui-60-vnt\/","og_locale":"lt_LT","og_type":"article","og_title":"MEDB paaki\u0173 pagalv\u0117l\u0117s su hialurono r\u016bg\u0161timi intensyviam dr\u0117kinimo poj\u016b\u010diui, 60 vnt - MalinaShop.lt J\u016bs\u0173 sveikatai ir gro\u017eiui.","og_description":"MEDB dr\u0117kinamosios paaki\u0173 pagalv\u0117l\u0117s su hialurono r\u016bg\u0161timi 60 vnt \u2013 glicerinas padeda palaikyti dr\u0117gm\u0119. Naudokite 20\u201330 min., nuskalauti nereikia.","og_url":"https:\/\/www.malinashop.lt\/lt_lt\/shop\/medb-paakiu-pagalveles-su-hialurono-rugstimi-intensyviam-drekinimo-pojuciui-60-vnt\/","og_site_name":"MalinaShop.lt J\u016bs\u0173 sveikatai ir gro\u017eiui.","article_modified_time":"2026-04-07T19:18:17+00:00","og_image":[{"width":768,"height":768,"url":"https:\/\/www.malinashop.lt\/wp-content\/uploads\/2026\/01\/MEDB-paakiu-pagalveles-su-hialurono-rugstimi-intensyviam-drekinimo-pojuciui-60-vnt.webp","type":"image\/webp"}],"twitter_card":"summary_large_image","schema":{"@context":"https:\/\/schema.org","@graph":[{"@type":"WebPage","@id":"https:\/\/www.malinashop.lt\/lt_lt\/shop\/medb-paakiu-pagalveles-su-hialurono-rugstimi-intensyviam-drekinimo-pojuciui-60-vnt\/","url":"https:\/\/www.malinashop.lt\/lt_lt\/shop\/medb-paakiu-pagalveles-su-hialurono-rugstimi-intensyviam-drekinimo-pojuciui-60-vnt\/","name":"MEDB paaki\u0173 pagalv\u0117l\u0117s su hialurono r\u016bg\u0161timi intensyviam dr\u0117kinimo poj\u016b\u010diui, 60 vnt - MalinaShop.lt J\u016bs\u0173 sveikatai ir gro\u017eiui.","isPartOf":{"@id":"https:\/\/www.malinashop.lt\/en\/#website"},"primaryImageOfPage":{"@id":"https:\/\/www.malinashop.lt\/lt_lt\/shop\/medb-paakiu-pagalveles-su-hialurono-rugstimi-intensyviam-drekinimo-pojuciui-60-vnt\/#primaryimage"},"image":{"@id":"https:\/\/www.malinashop.lt\/lt_lt\/shop\/medb-paakiu-pagalveles-su-hialurono-rugstimi-intensyviam-drekinimo-pojuciui-60-vnt\/#primaryimage"},"thumbnailUrl":"https:\/\/www.malinashop.lt\/wp-content\/uploads\/2026\/01\/MEDB-paakiu-pagalveles-su-hialurono-rugstimi-intensyviam-drekinimo-pojuciui-60-vnt.webp","datePublished":"2026-01-29T22:17:38+00:00","dateModified":"2026-04-07T19:18:17+00:00","description":"MEDB dr\u0117kinamosios paaki\u0173 pagalv\u0117l\u0117s su hialurono r\u016bg\u0161timi 60 vnt \u2013 glicerinas padeda palaikyti dr\u0117gm\u0119. Naudokite 20\u201330 min., nuskalauti nereikia.","breadcrumb":{"@id":"https:\/\/www.malinashop.lt\/lt_lt\/shop\/medb-paakiu-pagalveles-su-hialurono-rugstimi-intensyviam-drekinimo-pojuciui-60-vnt\/#breadcrumb"},"inLanguage":"lt-LT","potentialAction":[{"@type":"ReadAction","target":["https:\/\/www.malinashop.lt\/lt_lt\/shop\/medb-paakiu-pagalveles-su-hialurono-rugstimi-intensyviam-drekinimo-pojuciui-60-vnt\/"]}]},{"@type":"ImageObject","inLanguage":"lt-LT","@id":"https:\/\/www.malinashop.lt\/lt_lt\/shop\/medb-paakiu-pagalveles-su-hialurono-rugstimi-intensyviam-drekinimo-pojuciui-60-vnt\/#primaryimage","url":"https:\/\/www.malinashop.lt\/wp-content\/uploads\/2026\/01\/MEDB-paakiu-pagalveles-su-hialurono-rugstimi-intensyviam-drekinimo-pojuciui-60-vnt.webp","contentUrl":"https:\/\/www.malinashop.lt\/wp-content\/uploads\/2026\/01\/MEDB-paakiu-pagalveles-su-hialurono-rugstimi-intensyviam-drekinimo-pojuciui-60-vnt.webp","width":768,"height":768},{"@type":"BreadcrumbList","@id":"https:\/\/www.malinashop.lt\/lt_lt\/shop\/medb-paakiu-pagalveles-su-hialurono-rugstimi-intensyviam-drekinimo-pojuciui-60-vnt\/#breadcrumb","itemListElement":[{"@type":"ListItem","position":1,"name":"Home","item":"https:\/\/www.malinashop.lt\/en\/"},{"@type":"ListItem","position":2,"name":"Parduotuv\u0117","item":"https:\/\/www.malinashop.lt\/en\/parduotuve\/"},{"@type":"ListItem","position":3,"name":"MEDB paaki\u0173 pagalv\u0117l\u0117s su hialurono r\u016bg\u0161timi intensyviam dr\u0117kinimo poj\u016b\u010diui, 60 vnt"}]},{"@type":"WebSite","@id":"https:\/\/www.malinashop.lt\/en\/#website","url":"https:\/\/www.malinashop.lt\/en\/","name":"COM Group Ecommerce","description":"MalinaShop.lt - Gro\u017eio ir sveikatos produktai i\u0161 patikim\u0173 preki\u0173 \u017eenkl\u0173. Atraskite auk\u0161tos kokyb\u0117s kosmetik\u0105 u\u017e puiki\u0105 kain\u0105.","publisher":{"@id":"https:\/\/www.malinashop.lt\/en\/#organization"},"potentialAction":[{"@type":"SearchAction","target":{"@type":"EntryPoint","urlTemplate":"https:\/\/www.malinashop.lt\/en\/?s={search_term_string}"},"query-input":{"@type":"PropertyValueSpecification","valueRequired":true,"valueName":"search_term_string"}}],"inLanguage":"lt-LT"},{"@type":"Organization","@id":"https:\/\/www.malinashop.lt\/en\/#organization","name":"COM Group Ecommerce","url":"https:\/\/www.malinashop.lt\/en\/","logo":{"@type":"ImageObject","inLanguage":"lt-LT","@id":"https:\/\/www.malinashop.lt\/en\/#\/schema\/logo\/image\/","url":"https:\/\/www.malinashop.lt\/wp-content\/uploads\/2024\/08\/462559670_3787732518133670_9795632669273463_n-e1731525914575.png","contentUrl":"https:\/\/www.malinashop.lt\/wp-content\/uploads\/2024\/08\/462559670_3787732518133670_9795632669273463_n-e1731525914575.png","width":180,"height":60,"caption":"COM Group Ecommerce"},"image":{"@id":"https:\/\/www.malinashop.lt\/en\/#\/schema\/logo\/image\/"}}]}},"jetpack_sharing_enabled":true,"_links":{"self":[{"href":"https:\/\/www.malinashop.lt\/lt_lt\/wp-json\/wp\/v2\/product\/73695","targetHints":{"allow":["GET"]}}],"collection":[{"href":"https:\/\/www.malinashop.lt\/lt_lt\/wp-json\/wp\/v2\/product"}],"about":[{"href":"https:\/\/www.malinashop.lt\/lt_lt\/wp-json\/wp\/v2\/types\/product"}],"version-history":[{"count":1,"href":"https:\/\/www.malinashop.lt\/lt_lt\/wp-json\/wp\/v2\/product\/73695\/revisions"}],"predecessor-version":[{"id":73697,"href":"https:\/\/www.malinashop.lt\/lt_lt\/wp-json\/wp\/v2\/product\/73695\/revisions\/73697"}],"wp:featuredmedia":[{"embeddable":true,"href":"https:\/\/www.malinashop.lt\/lt_lt\/wp-json\/wp\/v2\/media\/73696"}],"wp:attachment":[{"href":"https:\/\/www.malinashop.lt\/lt_lt\/wp-json\/wp\/v2\/media?parent=73695"}],"wp:term":[{"taxonomy":"product_brand","embeddable":true,"href":"https:\/\/www.malinashop.lt\/lt_lt\/wp-json\/wp\/v2\/product_brand?post=73695"},{"taxonomy":"product_cat","embeddable":true,"href":"https:\/\/www.malinashop.lt\/lt_lt\/wp-json\/wp\/v2\/product_cat?post=73695"},{"taxonomy":"product_tag","embeddable":true,"href":"https:\/\/www.malinashop.lt\/lt_lt\/wp-json\/wp\/v2\/product_tag?post=73695"}],"curies":[{"name":"wp","href":"https:\/\/api.w.org\/{rel}","templated":true}]}}