{"id":73692,"date":"2026-01-30T01:16:20","date_gmt":"2026-01-29T22:16:20","guid":{"rendered":"https:\/\/malinashop.lt\/?post_type=product&#038;p=73692"},"modified":"2026-04-07T22:18:17","modified_gmt":"2026-04-07T19:18:17","slug":"medb-paakiu-pagalveles-su-bulgariskos-rozes-ekstraktu-atstatomajam-poveikio-pojuciui-60-vnt","status":"publish","type":"product","link":"https:\/\/www.malinashop.lt\/lt_lt\/shop\/medb-paakiu-pagalveles-su-bulgariskos-rozes-ekstraktu-atstatomajam-poveikio-pojuciui-60-vnt\/","title":{"rendered":"MEDB paaki\u0173 pagalv\u0117l\u0117s su bulgari\u0161kos ro\u017e\u0117s ekstraktu atstatomajam poveikio poj\u016b\u010diui, 60 vnt"},"content":{"rendered":"<p data-start=\"210\" data-end=\"502\"><strong data-start=\"210\" data-end=\"280\">MEDB atstatan\u010dios paaki\u0173 pagalv\u0117l\u0117s su bulgari\u0161kos ro\u017e\u0117s ekstraktu<\/strong> \u2013 kasdien\u0117 paaki\u0173 zonos prie\u017ei\u016bros priemon\u0117, skirta odai <strong data-start=\"338\" data-end=\"350\">dr\u0117kinti<\/strong> ir suteikti malon\u0173, komforti\u0161k\u0105 poj\u016bt\u012f aplink akis. Pagalv\u0117l\u0117s padeda atgaivinti paaki\u0173 srit\u012f, kai norisi daugiau \u0161velnumo ir pri\u017ei\u016br\u0117tos odos poj\u016b\u010dio.<\/p>\n<p data-start=\"504\" data-end=\"822\">Sud\u0117tyje esantis <strong data-start=\"521\" data-end=\"553\">bulgari\u0161kos ro\u017e\u0117s ekstraktas<\/strong> prisideda prie odos komforto ir suteikia \u0161velni\u0105 prie\u017ei\u016br\u0105. Reguliariai naudojant, oda gali jaustis <strong data-start=\"654\" data-end=\"667\">\u0161velnesn\u0117<\/strong>, atrodyti <strong data-start=\"678\" data-end=\"690\">gaivesn\u0117<\/strong>, o paaki\u0173 zona \u2013 labiau pri\u017ei\u016br\u0117ta. Produktas tinka kasdieniam naudojimui ir lengvai \u012ftraukiamas \u012f \u012fprast\u0105 veido prie\u017ei\u016bros rutin\u0105.<\/p>\n<hr data-start=\"824\" data-end=\"827\" \/>\n<h3 data-start=\"829\" data-end=\"856\">Pagrindiniai privalumai<\/h3>\n<ul data-start=\"857\" data-end=\"1116\">\n<li data-start=\"857\" data-end=\"912\">\n<p data-start=\"859\" data-end=\"912\">Skirtos <strong data-start=\"867\" data-end=\"894\">paaki\u0173 zonos dr\u0117kinimui<\/strong> ir atgaivinimui<\/p>\n<\/li>\n<li data-start=\"913\" data-end=\"981\">\n<p data-start=\"915\" data-end=\"981\"><strong data-start=\"915\" data-end=\"947\">Bulgari\u0161kos ro\u017e\u0117s ekstraktas<\/strong> \u2013 komforto ir \u0161velnumo poj\u016b\u010diui<\/p>\n<\/li>\n<li data-start=\"982\" data-end=\"1038\">\n<p data-start=\"984\" data-end=\"1038\">Reguliariai naudojant oda gali atrodyti <strong data-start=\"1024\" data-end=\"1036\">gaivesn\u0117<\/strong><\/p>\n<\/li>\n<li data-start=\"1039\" data-end=\"1090\">\n<p data-start=\"1041\" data-end=\"1090\">Tinka <strong data-start=\"1047\" data-end=\"1072\">kasdieniam naudojimui<\/strong>, patogu rutinai<\/p>\n<\/li>\n<li data-start=\"1091\" data-end=\"1116\">\n<p data-start=\"1093\" data-end=\"1116\"><strong data-start=\"1093\" data-end=\"1116\">Nereikia nuskalauti<\/strong><\/p>\n<\/li>\n<\/ul>\n<hr data-start=\"1118\" data-end=\"1121\" \/>\n<h3 data-start=\"1123\" data-end=\"1137\">Naudojimas<\/h3>\n<p data-start=\"1138\" data-end=\"1304\">U\u017ed\u0117kite paaki\u0173 pagalv\u0117les ant <strong data-start=\"1169\" data-end=\"1185\">\u0161varios odos<\/strong> ir palaikykite <strong data-start=\"1201\" data-end=\"1218\">20\u201330 minu\u010di\u0173<\/strong>. Priemon\u0117s pertekli\u0173 \u0161velniais judesiais \u012fmasa\u017euokite \u012f od\u0105. <strong data-start=\"1280\" data-end=\"1304\">Nereikia nuskalauti.<\/strong><\/p>\n","protected":false},"excerpt":{"rendered":"<p data-start=\"1422\" data-end=\"1545\">Atstatan\u010dios paaki\u0173 pagalv\u0117l\u0117s su bulgari\u0161kos ro\u017e\u0117s ekstraktu \u2013 dr\u0117kina, suteikia komforto ir padeda paaki\u0173 zonai atrodyti gaivesnei, 60 vnt.<\/p>\n","protected":false},"featured_media":73693,"template":"","meta":[],"product_brand":[1544],"product_cat":[549,728],"product_tag":[1609],"class_list":{"0":"post-73692","1":"product","2":"type-product","3":"status-publish","4":"has-post-thumbnail","6":"product_brand-medb","7":"product_cat-paakiu-prieziuros-priemones","8":"product_cat-veidui","9":"product_tag-medb","11":"first","12":"instock","13":"sale","14":"taxable","15":"shipping-taxable","16":"purchasable","17":"product-type-simple"},"yoast_head":"<!-- This site is optimized with the Yoast SEO plugin v27.4 - https:\/\/yoast.com\/product\/yoast-seo-wordpress\/ -->\n<title>MEDB paaki\u0173 pagalv\u0117l\u0117s su bulgari\u0161kos ro\u017e\u0117s ekstraktu atstatomajam poveikio poj\u016b\u010diui, 60 vnt - MalinaShop.lt J\u016bs\u0173 sveikatai ir gro\u017eiui.<\/title>\n<meta name=\"description\" content=\"MEDB atstatan\u010dios paaki\u0173 pagalv\u0117l\u0117s su bulgari\u0161kos ro\u017e\u0117s ekstraktu 60 vnt \u2013 skirtos dr\u0117kinti od\u0105 aplink akis ir suteikti malon\u0173 prie\u017ei\u016bros poj\u016bt\u012f.\" \/>\n<meta name=\"robots\" content=\"index, follow, max-snippet:-1, max-image-preview:large, max-video-preview:-1\" \/>\n<link rel=\"canonical\" href=\"https:\/\/www.malinashop.lt\/lt_lt\/shop\/medb-paakiu-pagalveles-su-bulgariskos-rozes-ekstraktu-atstatomajam-poveikio-pojuciui-60-vnt\/\" \/>\n<meta property=\"og:locale\" content=\"lt_LT\" \/>\n<meta property=\"og:type\" content=\"article\" \/>\n<meta property=\"og:title\" content=\"MEDB paaki\u0173 pagalv\u0117l\u0117s su bulgari\u0161kos ro\u017e\u0117s ekstraktu atstatomajam poveikio poj\u016b\u010diui, 60 vnt - MalinaShop.lt J\u016bs\u0173 sveikatai ir gro\u017eiui.\" \/>\n<meta property=\"og:description\" content=\"MEDB atstatan\u010dios paaki\u0173 pagalv\u0117l\u0117s su bulgari\u0161kos ro\u017e\u0117s ekstraktu 60 vnt \u2013 skirtos dr\u0117kinti od\u0105 aplink akis ir suteikti malon\u0173 prie\u017ei\u016bros poj\u016bt\u012f.\" \/>\n<meta property=\"og:url\" content=\"https:\/\/www.malinashop.lt\/lt_lt\/shop\/medb-paakiu-pagalveles-su-bulgariskos-rozes-ekstraktu-atstatomajam-poveikio-pojuciui-60-vnt\/\" \/>\n<meta property=\"og:site_name\" content=\"MalinaShop.lt J\u016bs\u0173 sveikatai ir gro\u017eiui.\" \/>\n<meta property=\"article:modified_time\" content=\"2026-04-07T19:18:17+00:00\" \/>\n<meta property=\"og:image\" content=\"https:\/\/www.malinashop.lt\/wp-content\/uploads\/2026\/01\/MEDB-paakiu-pagalveles-su-bulgariskos-rozes-ekstraktu-atstatomajam-poveikio-pojuciui-60-vnt.webp\" \/>\n\t<meta property=\"og:image:width\" content=\"768\" \/>\n\t<meta property=\"og:image:height\" content=\"768\" \/>\n\t<meta property=\"og:image:type\" content=\"image\/webp\" \/>\n<meta name=\"twitter:card\" content=\"summary_large_image\" \/>\n<script type=\"application\/ld+json\" class=\"yoast-schema-graph\">{\"@context\":\"https:\\\/\\\/schema.org\",\"@graph\":[{\"@type\":\"WebPage\",\"@id\":\"https:\\\/\\\/www.malinashop.lt\\\/lt_lt\\\/shop\\\/medb-paakiu-pagalveles-su-bulgariskos-rozes-ekstraktu-atstatomajam-poveikio-pojuciui-60-vnt\\\/\",\"url\":\"https:\\\/\\\/www.malinashop.lt\\\/lt_lt\\\/shop\\\/medb-paakiu-pagalveles-su-bulgariskos-rozes-ekstraktu-atstatomajam-poveikio-pojuciui-60-vnt\\\/\",\"name\":\"MEDB paaki\u0173 pagalv\u0117l\u0117s su bulgari\u0161kos ro\u017e\u0117s ekstraktu atstatomajam poveikio poj\u016b\u010diui, 60 vnt - MalinaShop.lt J\u016bs\u0173 sveikatai ir gro\u017eiui.\",\"isPartOf\":{\"@id\":\"https:\\\/\\\/www.malinashop.lt\\\/en\\\/#website\"},\"primaryImageOfPage\":{\"@id\":\"https:\\\/\\\/www.malinashop.lt\\\/lt_lt\\\/shop\\\/medb-paakiu-pagalveles-su-bulgariskos-rozes-ekstraktu-atstatomajam-poveikio-pojuciui-60-vnt\\\/#primaryimage\"},\"image\":{\"@id\":\"https:\\\/\\\/www.malinashop.lt\\\/lt_lt\\\/shop\\\/medb-paakiu-pagalveles-su-bulgariskos-rozes-ekstraktu-atstatomajam-poveikio-pojuciui-60-vnt\\\/#primaryimage\"},\"thumbnailUrl\":\"https:\\\/\\\/www.malinashop.lt\\\/wp-content\\\/uploads\\\/2026\\\/01\\\/MEDB-paakiu-pagalveles-su-bulgariskos-rozes-ekstraktu-atstatomajam-poveikio-pojuciui-60-vnt.webp\",\"datePublished\":\"2026-01-29T22:16:20+00:00\",\"dateModified\":\"2026-04-07T19:18:17+00:00\",\"description\":\"MEDB atstatan\u010dios paaki\u0173 pagalv\u0117l\u0117s su bulgari\u0161kos ro\u017e\u0117s ekstraktu 60 vnt \u2013 skirtos dr\u0117kinti od\u0105 aplink akis ir suteikti malon\u0173 prie\u017ei\u016bros poj\u016bt\u012f.\",\"breadcrumb\":{\"@id\":\"https:\\\/\\\/www.malinashop.lt\\\/lt_lt\\\/shop\\\/medb-paakiu-pagalveles-su-bulgariskos-rozes-ekstraktu-atstatomajam-poveikio-pojuciui-60-vnt\\\/#breadcrumb\"},\"inLanguage\":\"lt-LT\",\"potentialAction\":[{\"@type\":\"ReadAction\",\"target\":[\"https:\\\/\\\/www.malinashop.lt\\\/lt_lt\\\/shop\\\/medb-paakiu-pagalveles-su-bulgariskos-rozes-ekstraktu-atstatomajam-poveikio-pojuciui-60-vnt\\\/\"]}]},{\"@type\":\"ImageObject\",\"inLanguage\":\"lt-LT\",\"@id\":\"https:\\\/\\\/www.malinashop.lt\\\/lt_lt\\\/shop\\\/medb-paakiu-pagalveles-su-bulgariskos-rozes-ekstraktu-atstatomajam-poveikio-pojuciui-60-vnt\\\/#primaryimage\",\"url\":\"https:\\\/\\\/www.malinashop.lt\\\/wp-content\\\/uploads\\\/2026\\\/01\\\/MEDB-paakiu-pagalveles-su-bulgariskos-rozes-ekstraktu-atstatomajam-poveikio-pojuciui-60-vnt.webp\",\"contentUrl\":\"https:\\\/\\\/www.malinashop.lt\\\/wp-content\\\/uploads\\\/2026\\\/01\\\/MEDB-paakiu-pagalveles-su-bulgariskos-rozes-ekstraktu-atstatomajam-poveikio-pojuciui-60-vnt.webp\",\"width\":768,\"height\":768},{\"@type\":\"BreadcrumbList\",\"@id\":\"https:\\\/\\\/www.malinashop.lt\\\/lt_lt\\\/shop\\\/medb-paakiu-pagalveles-su-bulgariskos-rozes-ekstraktu-atstatomajam-poveikio-pojuciui-60-vnt\\\/#breadcrumb\",\"itemListElement\":[{\"@type\":\"ListItem\",\"position\":1,\"name\":\"Home\",\"item\":\"https:\\\/\\\/www.malinashop.lt\\\/en\\\/\"},{\"@type\":\"ListItem\",\"position\":2,\"name\":\"Parduotuv\u0117\",\"item\":\"https:\\\/\\\/www.malinashop.lt\\\/en\\\/parduotuve\\\/\"},{\"@type\":\"ListItem\",\"position\":3,\"name\":\"MEDB paaki\u0173 pagalv\u0117l\u0117s su bulgari\u0161kos ro\u017e\u0117s ekstraktu atstatomajam poveikio poj\u016b\u010diui, 60 vnt\"}]},{\"@type\":\"WebSite\",\"@id\":\"https:\\\/\\\/www.malinashop.lt\\\/en\\\/#website\",\"url\":\"https:\\\/\\\/www.malinashop.lt\\\/en\\\/\",\"name\":\"COM Group Ecommerce\",\"description\":\"MalinaShop.lt - Gro\u017eio ir sveikatos produktai i\u0161 patikim\u0173 preki\u0173 \u017eenkl\u0173. Atraskite auk\u0161tos kokyb\u0117s kosmetik\u0105 u\u017e puiki\u0105 kain\u0105.\",\"publisher\":{\"@id\":\"https:\\\/\\\/www.malinashop.lt\\\/en\\\/#organization\"},\"potentialAction\":[{\"@type\":\"SearchAction\",\"target\":{\"@type\":\"EntryPoint\",\"urlTemplate\":\"https:\\\/\\\/www.malinashop.lt\\\/en\\\/?s={search_term_string}\"},\"query-input\":{\"@type\":\"PropertyValueSpecification\",\"valueRequired\":true,\"valueName\":\"search_term_string\"}}],\"inLanguage\":\"lt-LT\"},{\"@type\":\"Organization\",\"@id\":\"https:\\\/\\\/www.malinashop.lt\\\/en\\\/#organization\",\"name\":\"COM Group Ecommerce\",\"url\":\"https:\\\/\\\/www.malinashop.lt\\\/en\\\/\",\"logo\":{\"@type\":\"ImageObject\",\"inLanguage\":\"lt-LT\",\"@id\":\"https:\\\/\\\/www.malinashop.lt\\\/en\\\/#\\\/schema\\\/logo\\\/image\\\/\",\"url\":\"https:\\\/\\\/www.malinashop.lt\\\/wp-content\\\/uploads\\\/2024\\\/08\\\/462559670_3787732518133670_9795632669273463_n-e1731525914575.png\",\"contentUrl\":\"https:\\\/\\\/www.malinashop.lt\\\/wp-content\\\/uploads\\\/2024\\\/08\\\/462559670_3787732518133670_9795632669273463_n-e1731525914575.png\",\"width\":180,\"height\":60,\"caption\":\"COM Group Ecommerce\"},\"image\":{\"@id\":\"https:\\\/\\\/www.malinashop.lt\\\/en\\\/#\\\/schema\\\/logo\\\/image\\\/\"}}]}<\/script>\n<!-- \/ Yoast SEO plugin. -->","yoast_head_json":{"title":"MEDB paaki\u0173 pagalv\u0117l\u0117s su bulgari\u0161kos ro\u017e\u0117s ekstraktu atstatomajam poveikio poj\u016b\u010diui, 60 vnt - MalinaShop.lt J\u016bs\u0173 sveikatai ir gro\u017eiui.","description":"MEDB atstatan\u010dios paaki\u0173 pagalv\u0117l\u0117s su bulgari\u0161kos ro\u017e\u0117s ekstraktu 60 vnt \u2013 skirtos dr\u0117kinti od\u0105 aplink akis ir suteikti malon\u0173 prie\u017ei\u016bros poj\u016bt\u012f.","robots":{"index":"index","follow":"follow","max-snippet":"max-snippet:-1","max-image-preview":"max-image-preview:large","max-video-preview":"max-video-preview:-1"},"canonical":"https:\/\/www.malinashop.lt\/lt_lt\/shop\/medb-paakiu-pagalveles-su-bulgariskos-rozes-ekstraktu-atstatomajam-poveikio-pojuciui-60-vnt\/","og_locale":"lt_LT","og_type":"article","og_title":"MEDB paaki\u0173 pagalv\u0117l\u0117s su bulgari\u0161kos ro\u017e\u0117s ekstraktu atstatomajam poveikio poj\u016b\u010diui, 60 vnt - MalinaShop.lt J\u016bs\u0173 sveikatai ir gro\u017eiui.","og_description":"MEDB atstatan\u010dios paaki\u0173 pagalv\u0117l\u0117s su bulgari\u0161kos ro\u017e\u0117s ekstraktu 60 vnt \u2013 skirtos dr\u0117kinti od\u0105 aplink akis ir suteikti malon\u0173 prie\u017ei\u016bros poj\u016bt\u012f.","og_url":"https:\/\/www.malinashop.lt\/lt_lt\/shop\/medb-paakiu-pagalveles-su-bulgariskos-rozes-ekstraktu-atstatomajam-poveikio-pojuciui-60-vnt\/","og_site_name":"MalinaShop.lt J\u016bs\u0173 sveikatai ir gro\u017eiui.","article_modified_time":"2026-04-07T19:18:17+00:00","og_image":[{"width":768,"height":768,"url":"https:\/\/www.malinashop.lt\/wp-content\/uploads\/2026\/01\/MEDB-paakiu-pagalveles-su-bulgariskos-rozes-ekstraktu-atstatomajam-poveikio-pojuciui-60-vnt.webp","type":"image\/webp"}],"twitter_card":"summary_large_image","schema":{"@context":"https:\/\/schema.org","@graph":[{"@type":"WebPage","@id":"https:\/\/www.malinashop.lt\/lt_lt\/shop\/medb-paakiu-pagalveles-su-bulgariskos-rozes-ekstraktu-atstatomajam-poveikio-pojuciui-60-vnt\/","url":"https:\/\/www.malinashop.lt\/lt_lt\/shop\/medb-paakiu-pagalveles-su-bulgariskos-rozes-ekstraktu-atstatomajam-poveikio-pojuciui-60-vnt\/","name":"MEDB paaki\u0173 pagalv\u0117l\u0117s su bulgari\u0161kos ro\u017e\u0117s ekstraktu atstatomajam poveikio poj\u016b\u010diui, 60 vnt - MalinaShop.lt J\u016bs\u0173 sveikatai ir gro\u017eiui.","isPartOf":{"@id":"https:\/\/www.malinashop.lt\/en\/#website"},"primaryImageOfPage":{"@id":"https:\/\/www.malinashop.lt\/lt_lt\/shop\/medb-paakiu-pagalveles-su-bulgariskos-rozes-ekstraktu-atstatomajam-poveikio-pojuciui-60-vnt\/#primaryimage"},"image":{"@id":"https:\/\/www.malinashop.lt\/lt_lt\/shop\/medb-paakiu-pagalveles-su-bulgariskos-rozes-ekstraktu-atstatomajam-poveikio-pojuciui-60-vnt\/#primaryimage"},"thumbnailUrl":"https:\/\/www.malinashop.lt\/wp-content\/uploads\/2026\/01\/MEDB-paakiu-pagalveles-su-bulgariskos-rozes-ekstraktu-atstatomajam-poveikio-pojuciui-60-vnt.webp","datePublished":"2026-01-29T22:16:20+00:00","dateModified":"2026-04-07T19:18:17+00:00","description":"MEDB atstatan\u010dios paaki\u0173 pagalv\u0117l\u0117s su bulgari\u0161kos ro\u017e\u0117s ekstraktu 60 vnt \u2013 skirtos dr\u0117kinti od\u0105 aplink akis ir suteikti malon\u0173 prie\u017ei\u016bros poj\u016bt\u012f.","breadcrumb":{"@id":"https:\/\/www.malinashop.lt\/lt_lt\/shop\/medb-paakiu-pagalveles-su-bulgariskos-rozes-ekstraktu-atstatomajam-poveikio-pojuciui-60-vnt\/#breadcrumb"},"inLanguage":"lt-LT","potentialAction":[{"@type":"ReadAction","target":["https:\/\/www.malinashop.lt\/lt_lt\/shop\/medb-paakiu-pagalveles-su-bulgariskos-rozes-ekstraktu-atstatomajam-poveikio-pojuciui-60-vnt\/"]}]},{"@type":"ImageObject","inLanguage":"lt-LT","@id":"https:\/\/www.malinashop.lt\/lt_lt\/shop\/medb-paakiu-pagalveles-su-bulgariskos-rozes-ekstraktu-atstatomajam-poveikio-pojuciui-60-vnt\/#primaryimage","url":"https:\/\/www.malinashop.lt\/wp-content\/uploads\/2026\/01\/MEDB-paakiu-pagalveles-su-bulgariskos-rozes-ekstraktu-atstatomajam-poveikio-pojuciui-60-vnt.webp","contentUrl":"https:\/\/www.malinashop.lt\/wp-content\/uploads\/2026\/01\/MEDB-paakiu-pagalveles-su-bulgariskos-rozes-ekstraktu-atstatomajam-poveikio-pojuciui-60-vnt.webp","width":768,"height":768},{"@type":"BreadcrumbList","@id":"https:\/\/www.malinashop.lt\/lt_lt\/shop\/medb-paakiu-pagalveles-su-bulgariskos-rozes-ekstraktu-atstatomajam-poveikio-pojuciui-60-vnt\/#breadcrumb","itemListElement":[{"@type":"ListItem","position":1,"name":"Home","item":"https:\/\/www.malinashop.lt\/en\/"},{"@type":"ListItem","position":2,"name":"Parduotuv\u0117","item":"https:\/\/www.malinashop.lt\/en\/parduotuve\/"},{"@type":"ListItem","position":3,"name":"MEDB paaki\u0173 pagalv\u0117l\u0117s su bulgari\u0161kos ro\u017e\u0117s ekstraktu atstatomajam poveikio poj\u016b\u010diui, 60 vnt"}]},{"@type":"WebSite","@id":"https:\/\/www.malinashop.lt\/en\/#website","url":"https:\/\/www.malinashop.lt\/en\/","name":"COM Group Ecommerce","description":"MalinaShop.lt - Gro\u017eio ir sveikatos produktai i\u0161 patikim\u0173 preki\u0173 \u017eenkl\u0173. Atraskite auk\u0161tos kokyb\u0117s kosmetik\u0105 u\u017e puiki\u0105 kain\u0105.","publisher":{"@id":"https:\/\/www.malinashop.lt\/en\/#organization"},"potentialAction":[{"@type":"SearchAction","target":{"@type":"EntryPoint","urlTemplate":"https:\/\/www.malinashop.lt\/en\/?s={search_term_string}"},"query-input":{"@type":"PropertyValueSpecification","valueRequired":true,"valueName":"search_term_string"}}],"inLanguage":"lt-LT"},{"@type":"Organization","@id":"https:\/\/www.malinashop.lt\/en\/#organization","name":"COM Group Ecommerce","url":"https:\/\/www.malinashop.lt\/en\/","logo":{"@type":"ImageObject","inLanguage":"lt-LT","@id":"https:\/\/www.malinashop.lt\/en\/#\/schema\/logo\/image\/","url":"https:\/\/www.malinashop.lt\/wp-content\/uploads\/2024\/08\/462559670_3787732518133670_9795632669273463_n-e1731525914575.png","contentUrl":"https:\/\/www.malinashop.lt\/wp-content\/uploads\/2024\/08\/462559670_3787732518133670_9795632669273463_n-e1731525914575.png","width":180,"height":60,"caption":"COM Group Ecommerce"},"image":{"@id":"https:\/\/www.malinashop.lt\/en\/#\/schema\/logo\/image\/"}}]}},"jetpack_sharing_enabled":true,"_links":{"self":[{"href":"https:\/\/www.malinashop.lt\/lt_lt\/wp-json\/wp\/v2\/product\/73692","targetHints":{"allow":["GET"]}}],"collection":[{"href":"https:\/\/www.malinashop.lt\/lt_lt\/wp-json\/wp\/v2\/product"}],"about":[{"href":"https:\/\/www.malinashop.lt\/lt_lt\/wp-json\/wp\/v2\/types\/product"}],"version-history":[{"count":1,"href":"https:\/\/www.malinashop.lt\/lt_lt\/wp-json\/wp\/v2\/product\/73692\/revisions"}],"predecessor-version":[{"id":73694,"href":"https:\/\/www.malinashop.lt\/lt_lt\/wp-json\/wp\/v2\/product\/73692\/revisions\/73694"}],"wp:featuredmedia":[{"embeddable":true,"href":"https:\/\/www.malinashop.lt\/lt_lt\/wp-json\/wp\/v2\/media\/73693"}],"wp:attachment":[{"href":"https:\/\/www.malinashop.lt\/lt_lt\/wp-json\/wp\/v2\/media?parent=73692"}],"wp:term":[{"taxonomy":"product_brand","embeddable":true,"href":"https:\/\/www.malinashop.lt\/lt_lt\/wp-json\/wp\/v2\/product_brand?post=73692"},{"taxonomy":"product_cat","embeddable":true,"href":"https:\/\/www.malinashop.lt\/lt_lt\/wp-json\/wp\/v2\/product_cat?post=73692"},{"taxonomy":"product_tag","embeddable":true,"href":"https:\/\/www.malinashop.lt\/lt_lt\/wp-json\/wp\/v2\/product_tag?post=73692"}],"curies":[{"name":"wp","href":"https:\/\/api.w.org\/{rel}","templated":true}]}}